{"id":41075,"date":"2021-05-06T15:38:43","date_gmt":"2021-05-06T12:38:43","guid":{"rendered":"https:\/\/uus.skamet.ee\/?post_type=product&#038;p=41075"},"modified":"2021-05-19T08:28:57","modified_gmt":"2021-05-19T05:28:57","slug":"kurinamas-blakus-telpa","status":"publish","type":"product","link":"https:\/\/www.skamet.ee\/lv\/tooted\/kurinamas-blakus-telpa\/","title":{"rendered":"Kurin\u0101mas blakus telp\u0101"},"content":{"rendered":"<p>Kr\u0101sns ir uzst\u0101d\u012bta pirts telp\u0101, bet t\u0101 tiek kurin\u0101ta cit\u0101 telp\u0101, aiz sienas. Vienlaidu da\u013cas garums ir 170 mm. \u0160o da\u013cu ir iesp\u0113jams pas\u016bt\u012bt \u012bs\u0101ku vai gar\u0101ku. Standarta mode\u013cus var savienot ar skursteni tikai aug\u0161pus\u0113, durti\u0146u pus\u0113. Iesp\u0113jams pas\u016bt\u012bt apgrieztu modeli, t.i., savienojums ar skursteni ir iesp\u0113jams ne tikai caur aizmugur\u0113jo sienu, bet ar\u012b aug\u0161pus\u0113, no aizmugures durti\u0146u puses.<\/p>\n<div class=\"dywp-alert grey\">Mini<\/div>\n<p>PS s\u0113rijas pirts kr\u0101snis paredz\u0113tas pielieto\u0161anai maz\u0101s p\u0113rtuv\u0113s un p\u0101rvietojamos pirts kompleksos sausa vai mitra tvaika ieg\u016b\u0161anai. \u0160\u012bm pirts kr\u0101sn\u012bm s\u0101nos un aizmugur\u0113 ir dubulta siena, tas \u013cauj samazin\u0101t minim\u0101lo dro\u0161\u012bbas att\u0101lumu iev\u0113ro\u0161anu pie uzst\u0101d\u012b\u0161anas, at\u0161\u0137ir\u012bb\u0101 no P s\u0113rijas pirts kr\u0101sn\u012bm (dro\u0161\u012bbas uzst\u0101d\u012b\u0161anas att\u0101lumus j\u016bs atrad\u012bsiet instrukcij\u0101 par ekspluat\u0101ciju).<\/p>\n<p>Pirts kr\u0101snis (<b>s\u0113rija<strong>\u00a0PS-210<\/strong><\/b>) paredz\u0113tas p\u0113rtuvei 5 \u2013 12m\u00b3. Pirts kr\u0101sns augstums 60 cm.\u00a0Akmen\u0173 kiekis 20 kg.<\/p>\n<p><strong>Visus pirts kr\u0101sns izm\u0113rus atrad\u012bsiet\u00a0<a href=\"https:\/\/skamet.ee\/wp-content\/uploads\/2014\/04\/SKA-PS-pass-LV-veeb.pdf\" target=\"_blank\" rel=\"noopener\">instrukcij\u0101 par ekspluat\u0101ciju<\/a>.\u00a0<\/strong><\/p>\n<div id=\"unitegallery_13_1\" class=\"unite-gallery ug-gallery-wrapper ug-under-480 ug-theme-carousel\">\n<div class=\"ug-carousel-wrapper\">\n<div class=\"ug-carousel-inner\">\n<div class=\"ug-thumb-wrapper ug-tile ug-tile-clickable cloned\"><\/div>\n<div class=\"ug-thumb-wrapper ug-tile ug-tile-clickable ug-thumb-ratio-set\">\n<div class=\"ug-thumb-overlay\">\n<div class=\"ug-tile-icon ug-button-play ug-icon-zoom\"><\/div>\n<\/div>\n<p><img decoding=\"async\" class=\"ug-thumb-image ug-trans-enabled\" src=\"https:\/\/skamet.ee\/wp-content\/uploads\/2016\/01\/JPG-683x1024.-200x300.jpeg\" alt=\"JPG-683x1024.\" \/><\/div>\n<div class=\"ug-thumb-wrapper ug-tile ug-tile-clickable ug-thumb-ratio-set\">\n<div class=\"ug-thumb-overlay\">\n<div class=\"ug-tile-icon ug-button-play ug-icon-zoom\"><\/div>\n<\/div>\n<p><img decoding=\"async\" class=\"ug-thumb-image ug-trans-enabled\" src=\"https:\/\/skamet.ee\/wp-content\/uploads\/2016\/01\/PS-210-2-200x300.jpg\" alt=\"PS-210 (2)\" \/><\/div>\n<div class=\"ug-thumb-wrapper ug-tile ug-tile-clickable\">\n<div class=\"ug-thumb-overlay\"><\/div>\n<\/div>\n<\/div>\n<\/div>\n<\/div>\n<p>&nbsp;<\/p>\n<table border=\"0\">\n<tbody>\n<tr>\n<td><strong><b>Standarta izstr\u0101d\u0101juma izm\u0113ri<\/b>:<\/strong><br \/>\n\u00bb \u00a0durvju stikls (200 x 220 mm);<br \/>\n\u00bb \u00a0d\u016bmvada aug\u0161\u0113j\u0101s izejas izm\u0113ri;<br \/>\n\u00bb \u00a0durvju e\u0146\u0123es kreisaj\u0101 pus\u0113;<br \/>\n\u00bb \u00a0kr\u0101sns kr\u0101sa \u2013 melna;<br \/>\n\u00bb \u00a0karstumiztur\u012bga kr\u0101sa;<br \/>\n\u00bb \u00a0durvju rokturis no met\u0101la.<\/td>\n<td><strong><b>Papildiesp\u0113jas<\/b>:<\/strong><br \/>\n\u00bb<strong>\u00a0\u00a0<\/strong>durvju rokturis no koka;<br \/>\n\u00bb \u00a0durvju e\u0146\u0123es labaj\u0101 pus\u0113;<br \/>\n\u00bb \u00a0kr\u0101sns kr\u0101sa \u2013 melna vai ner\u016bs\u0113jo\u0161s t\u0113rauds;<br \/>\n\u00bb \u00a0aug\u0161\u0113jais panelis no ner\u016bs\u0113jo\u0161a t\u0113rauda;<br \/>\n\u00bb \u00a0ar cit\u0101m iesp\u0113j\u0101m var iepaz\u012bties\u00a0<b><a href=\"https:\/\/skamet.ee\/pirts-krasnis\/pirts-krasnis-pec-pasutijuma?lang=lv\" target=\"_blank\" rel=\"noopener\">\u0161eit<\/a><\/b><\/td>\n<\/tr>\n<\/tbody>\n<\/table>\n<div class=\"dywp-alert grey\"><strong>Parast\u0101s kr\u0101snis\u00a0<\/strong><\/div>\n<p><strong>Tiek ra\u017eotas divu izm\u0113ru pirts kr\u0101snis:<\/strong><\/p>\n<p>Maz\u0101 kr\u0101sns (<strong>modelis P-216<\/strong>), apkurin\u0101m\u0101 plat\u012bba 8-18 m\u00b3. Kr\u0101sns augstums\u00a0 73 cm.\u00a0Akmen\u0173 kiekis 40 kg.<br \/>\nLiel\u0101 kr\u0101sns (<strong>modelis P-220<\/strong>), apkurin\u0101m\u0101 plat\u012bba 16 -25 m\u00b3. Kr\u0101sns augstums 81 cm.\u00a0Akmen\u0173 kiekis 50 kg.<br \/>\n<strong>Izm\u0113ri ir nor\u0101d\u012bti lieto\u0161anas\u00a0<a href=\"https:\/\/skamet.ee\/wp-content\/uploads\/2014\/04\/LV-RU-veeb-tabelid.pdf\" target=\"_blank\" rel=\"noopener\">instrukcij\u0101<\/a><\/strong><\/p>\n<p>&nbsp;<\/p>\n<div id=\"unitegallery_12_2\" class=\"unite-gallery ug-gallery-wrapper ug-under-480 ug-theme-carousel\">\n<div class=\"ug-carousel-wrapper\">\n<div class=\"ug-carousel-inner\">\n<div class=\"ug-thumb-wrapper ug-tile ug-tile-clickable cloned\">\n<div class=\"ug-thumb-overlay\">\n<div class=\"ug-tile-icon ug-button-play ug-icon-zoom\"><\/div>\n<\/div>\n<p><img decoding=\"async\" class=\"ug-thumb-image ug-trans-enabled\" src=\"https:\/\/skamet.ee\/wp-content\/uploads\/2013\/07\/P-216_P-220-5-291x300.jpg\" alt=\"P-216_P-220 (5)\" \/><\/div>\n<div class=\"ug-thumb-wrapper ug-tile ug-tile-clickable cloned\">\n<div class=\"ug-thumb-overlay\">\n<div class=\"ug-tile-icon ug-button-play ug-icon-zoom\"><\/div>\n<\/div>\n<\/div>\n<div class=\"ug-thumb-wrapper ug-tile ug-tile-clickable\">\n<div class=\"ug-thumb-overlay\"><\/div>\n<\/div>\n<div class=\"ug-thumb-wrapper ug-tile ug-tile-clickable ug-thumb-ratio-set\">\n<div class=\"ug-thumb-overlay\">\n<div class=\"ug-tile-icon ug-button-play ug-icon-zoom\"><\/div>\n<\/div>\n<p><img decoding=\"async\" class=\"ug-thumb-image ug-trans-enabled\" src=\"https:\/\/skamet.ee\/wp-content\/uploads\/2013\/07\/P-216_P-220-4-276x300.jpg\" alt=\"P-216_P-220 (4)\" \/><\/div>\n<div class=\"ug-thumb-wrapper ug-tile ug-tile-clickable ug-thumb-ratio-set\">\n<div class=\"ug-thumb-overlay\"><\/div>\n<\/div>\n<div class=\"ug-thumb-wrapper ug-tile ug-tile-clickable cloned\"><\/div>\n<div class=\"ug-thumb-wrapper ug-tile ug-tile-clickable cloned\">\n<div class=\"ug-thumb-overlay\"><\/div>\n<\/div>\n<\/div>\n<\/div>\n<\/div>\n<p>&nbsp;<\/p>\n<table border=\"0\">\n<tbody>\n<tr>\n<td><strong>Standarta izstr\u0101d\u0101jumu parametri:<\/strong><br \/>\n\u00bb stikla durvis (230 x 230 mm) vai bez durv\u012bm;<br \/>\n\u00bb savienojums ar cauruli aug\u0161\u0101 un aizmugur\u0113;<br \/>\n\u00bb kreis\u0101s puses durvju e\u0146\u0123es;<br \/>\n\u00bb apvalka kr\u0101sa: sarkana\/melna;<br \/>\n\u00bb kr\u0101sns saunai, kas kr\u0101sota ar siltumnotur\u012bgu kr\u0101su;<br \/>\n\u00bb iesp\u0113ja piesl\u0113gt boileri (no kreis\u0101s vai lab\u0101s puses, no aizmugures) vai bez boilera.<\/td>\n<td><strong>Papildus iesp\u0113jas:<\/strong><br \/>\n\u00bb ner\u016bs\u0113jo\u0161a t\u0113rauda rokturis (k\u0101 kr\u0101sns vai kam\u012bna durti\u0146\u0101m;<br \/>\n\u00bb apgrieztais kr\u0101sns modelis;<br \/>\n\u00bb lab\u0101s puses durvju e\u0146\u0123es;<br \/>\n\u00bb melna apvalka kr\u0101sa vai ner\u016bs\u0113jo\u0161\u0101 t\u0113rauda apvalks;<br \/>\n\u00bb apvalka aug\u0161puse no ner\u016bs\u0113jo\u0161\u0101 t\u0113rauda;<br \/>\n\u00bb par cit\u0101m iesp\u0113j\u0101m J\u016bs varat uzzin\u0101t\u00a0<a href=\"https:\/\/skamet.ee\/pirts-krasnis\/pirts-krasnis-pec-pasutijuma?lang=lv\" target=\"_blank\" rel=\"noopener\"><strong>\u0161eit<\/strong><\/a><\/td>\n<\/tr>\n<\/tbody>\n<\/table>\n<div class=\"dywp-alert grey\"><strong>Kr\u0101snis ar b\u0101k\u0101m<\/strong><\/div>\n<p><strong>Tiek ra\u017eotas divu izm\u0113ru pirts kr\u0101snis:<\/strong><\/p>\n<p>Maz\u0101 kr\u0101sns (<strong>modelis P-21640<\/strong>), apkurin\u0101m\u0101 plat\u012bba 8-18 m\u00b3. Kr\u0101sns augstums\u00a0 73 cm.\u00a0Akmen\u0173 kiekis 40 kg.<br \/>\nLiel\u0101 kr\u0101sns (<strong>modelis P-22040<\/strong>), apkurin\u0101m\u0101 plat\u012bba 16 -25 m\u00b3. Kr\u0101sns augstums 81 cm.\u00a0Akmen\u0173 kiekis 50 kg.<br \/>\n<strong>Izm\u0113ri ir nor\u0101d\u012bti lieto\u0161anas\u00a0<a href=\"https:\/\/skamet.ee\/wp-content\/uploads\/2014\/04\/LV-RU-veeb-tabelid.pdf\" target=\"_blank\" rel=\"noopener\">instrukcij\u0101<\/a><\/strong><\/p>\n<p>&nbsp;<\/p>\n<div id=\"unitegallery_14_3\" class=\"unite-gallery\"><\/div>\n<p>&nbsp;<\/p>\n<table border=\"0\">\n<tbody>\n<tr>\n<td><strong>Standarta izstr\u0101d\u0101jumu parametri:<\/strong><br \/>\n\u00bb stikla durvis (230 x 230 mm) vai bez durv\u012bm;<br \/>\n\u00bb savienojums ar cauruli aug\u0161\u0101 un aizmugur\u0113;<br \/>\n\u00bb kreis\u0101s puses durvju e\u0146\u0123es;<br \/>\n\u00bb melna apvalka kr\u0101sa, apvalka aug\u0161da\u013ca no ner\u016bs\u0113jo\u0161\u0101 t\u0113rauda;<br \/>\n\u00bb 40-litru b\u0101ka no parasta met\u0101la (no lab\u0101s vai kreis\u0101s puses, no aizmugures);<br \/>\n\u00bb b\u0101kas v\u0101ks no ner\u016bs\u0113jo\u0161a t\u0113rauda<\/td>\n<td><strong>Papildus iesp\u0113jas:<\/strong><br \/>\n\u00bb ner\u016bs\u0113jo\u0161a t\u0113rauda rokturis (k\u0101 kr\u0101sns vai kam\u012bna durti\u0146\u0101m;<br \/>\n\u00bb apgrieztais kr\u0101sns modelis;<br \/>\n\u00bb lab\u0101s puses durvju e\u0146\u0123es;<br \/>\n\u00bb 40-litru b\u0101ka no ner\u016bs\u0113jo\u0161a t\u0113rauda;<br \/>\n\u00bb\u00a0 piln\u012bb\u0101 sarkans\/melns apvalks vai ner\u016bs\u0113jo\u0161\u0101 t\u0113rauda apvalks<br \/>\n\u00bb par cit\u0101m iesp\u0113j\u0101m J\u016bs varat uzzin\u0101t\u00a0<a href=\"https:\/\/skamet.ee\/pirts-krasnis\/pirts-krasnis-pec-pasutijuma?lang=lv\" target=\"_blank\" rel=\"noopener\">\u0161eit<\/a><\/td>\n<\/tr>\n<\/tbody>\n<\/table>\n<div class=\"dywp-alert grey\">Ar kam\u012bna izm\u0113ra durti\u0146\u0101m<\/div>\n<p><strong>Tiek ra\u017eotas divu izm\u0113ru pirts kr\u0101snis:<\/strong><\/p>\n<p>Maz\u0101 kr\u0101sns (<strong>modelis PT-216<\/strong>), apkurin\u0101m\u0101 plat\u012bba 8-18 m\u00b3. Kr\u0101sns augstums\u00a0 73 cm.\u00a0Akmen\u0173 kiekis 40 kg.<br \/>\nLiel\u0101 kr\u0101sns (<strong>modelis PT-220<\/strong>), apkurin\u0101m\u0101 plat\u012bba 16 -25 m\u00b3. Kr\u0101sns augstums 81 cm.\u00a0Akmen\u0173 kiekis 50 kg.<br \/>\n<strong>Izm\u0113ri ir nor\u0101d\u012bti lieto\u0161anas<a href=\"https:\/\/skamet.ee\/wp-content\/uploads\/2014\/04\/LV-RU-veeb-tabelid.pdfhttps:\/\/skamet.ee\/wp-content\/uploads\/2014\/04\/LV-RU-veeb-tabelid.pdf\" target=\"_blank\" rel=\"noopener\">\u00a0instrukcij\u0101<\/a><\/strong><\/p>\n<p>&nbsp;<\/p>\n<div id=\"unitegallery_15_4\" class=\"unite-gallery\"><\/div>\n<p>&nbsp;<\/p>\n<table border=\"0\">\n<tbody>\n<tr>\n<td><strong>Standarta izstr\u0101d\u0101jumu parametri:<\/strong><br \/>\n\u00bb izvirz\u012bt\u0101s da\u013cas stikla durvis 330 x 330 mm;<br \/>\n\u00bb savienojums ar cauruli aug\u0161\u0101 un aizmugur\u0113;<br \/>\n\u00bb ner\u016bs\u0113jo\u0161a t\u0113rauda rokturis;<br \/>\n\u00bb kreis\u0101s puses durvju e\u0146\u0123es;<br \/>\n\u00bb melna apvalka kr\u0101sa, apvalka aug\u0161da\u013ca no ner\u016bs\u0113jo\u0161\u0101 t\u0113rauda;<br \/>\n\u00bb iesp\u0113ja piesl\u0113gt boileri (no kreis\u0101s vai lab\u0101s puses, no aizmugures) vai bez boilera.<\/td>\n<td><strong>Papildus iesp\u0113jas:<\/strong><br \/>\n\u00bb \u00a0bez stikla;<br \/>\n\u00bb \u00a0apgrieztais kr\u0101sns modelis;<br \/>\n\u00bb \u00a0koka rokturi;<br \/>\n\u00bb lab\u0101s puses durvju e\u0146\u0123es;<br \/>\n\u00bb apvalka kr\u0101sa: sarkana\/melna\/apvalka\u00a0;<br \/>\n\u00bb par cit\u0101m iesp\u0113j\u0101m J\u016bs varat uzzin\u0101t\u00a0<a href=\"https:\/\/skamet.ee\/pirts-krasnis\/pirts-krasnis-pec-pasutijuma?lang=lv\" target=\"_blank\" rel=\"noopener\">\u0161eit<\/a><\/td>\n<\/tr>\n<\/tbody>\n<\/table>\n","protected":false},"excerpt":{"rendered":"<p>Kr\u0101sns ir uzst\u0101d\u012bta pirts telp\u0101, bet t\u0101 tiek kurin\u0101ta cit\u0101 telp\u0101, aiz sienas. Vienlaidu da\u013cas garums ir 170 mm. \u0160o<\/p>\n","protected":false},"featured_media":40098,"template":"","meta":{"_lmt_disableupdate":"","_lmt_disable":""},"product_brand":[],"product_cat":[308,332,333,335],"product_tag":[],"class_list":{"0":"post-41075","1":"product","2":"type-product","3":"status-publish","4":"has-post-thumbnail","6":"product_cat-toisesta-tilasta-lammitettavat","7":"product_cat-pirts-krasnis","8":"product_cat-pirts-krasns-metala-korpusa","9":"product_cat-kurinamas-blakus-telpa","11":"first","12":"instock","13":"shipping-taxable","14":"product-type-simple"},"yoast_head":"<!-- This site is optimized with the Yoast SEO plugin v27.0 - https:\/\/yoast.com\/product\/yoast-seo-wordpress\/ -->\n<title>Kurin\u0101mas blakus telp\u0101 - Skamet<\/title>\n<meta name=\"robots\" content=\"index, follow, max-snippet:-1, max-image-preview:large, max-video-preview:-1\" \/>\n<link rel=\"canonical\" href=\"https:\/\/www.skamet.ee\/lv\/tooted\/kurinamas-blakus-telpa\/\" \/>\n<meta property=\"og:locale\" content=\"lv_LV\" \/>\n<meta property=\"og:type\" content=\"article\" \/>\n<meta property=\"og:title\" content=\"Kurin\u0101mas blakus telp\u0101 - Skamet\" \/>\n<meta property=\"og:description\" content=\"Kr\u0101sns ir uzst\u0101d\u012bta pirts telp\u0101, bet t\u0101 tiek kurin\u0101ta cit\u0101 telp\u0101, aiz sienas. Vienlaidu da\u013cas garums ir 170 mm. \u0160o\" \/>\n<meta property=\"og:url\" content=\"https:\/\/www.skamet.ee\/lv\/tooted\/kurinamas-blakus-telpa\/\" \/>\n<meta property=\"og:site_name\" content=\"Skamet\" \/>\n<meta property=\"article:modified_time\" content=\"2021-05-19T05:28:57+00:00\" \/>\n<meta property=\"og:image\" content=\"https:\/\/www.skamet.ee\/wp-content\/uploads\/2021\/03\/JPG-683x1024.-200x300-1.jpeg\" \/>\n\t<meta property=\"og:image:width\" content=\"200\" \/>\n\t<meta property=\"og:image:height\" content=\"300\" \/>\n\t<meta property=\"og:image:type\" content=\"image\/jpeg\" \/>\n<meta name=\"twitter:card\" content=\"summary_large_image\" \/>\n<meta name=\"twitter:label1\" content=\"Est. reading time\" \/>\n\t<meta name=\"twitter:data1\" content=\"4 min\u016btes\" \/>\n<script type=\"application\/ld+json\" class=\"yoast-schema-graph\">{\"@context\":\"https:\/\/schema.org\",\"@graph\":[{\"@type\":\"WebPage\",\"@id\":\"https:\/\/www.skamet.ee\/lv\/tooted\/kurinamas-blakus-telpa\/\",\"url\":\"https:\/\/www.skamet.ee\/lv\/tooted\/kurinamas-blakus-telpa\/\",\"name\":\"Kurin\u0101mas blakus telp\u0101 - Skamet\",\"isPartOf\":{\"@id\":\"https:\/\/www.skamet.ee\/#website\"},\"primaryImageOfPage\":{\"@id\":\"https:\/\/www.skamet.ee\/lv\/tooted\/kurinamas-blakus-telpa\/#primaryimage\"},\"image\":{\"@id\":\"https:\/\/www.skamet.ee\/lv\/tooted\/kurinamas-blakus-telpa\/#primaryimage\"},\"thumbnailUrl\":\"https:\/\/www.skamet.ee\/wp-content\/uploads\/2021\/03\/JPG-683x1024.-200x300-1.jpeg\",\"datePublished\":\"2021-05-06T12:38:43+00:00\",\"dateModified\":\"2021-05-19T05:28:57+00:00\",\"breadcrumb\":{\"@id\":\"https:\/\/www.skamet.ee\/lv\/tooted\/kurinamas-blakus-telpa\/#breadcrumb\"},\"inLanguage\":\"lv-LV\",\"potentialAction\":[{\"@type\":\"ReadAction\",\"target\":[\"https:\/\/www.skamet.ee\/lv\/tooted\/kurinamas-blakus-telpa\/\"]}]},{\"@type\":\"ImageObject\",\"inLanguage\":\"lv-LV\",\"@id\":\"https:\/\/www.skamet.ee\/lv\/tooted\/kurinamas-blakus-telpa\/#primaryimage\",\"url\":\"https:\/\/www.skamet.ee\/wp-content\/uploads\/2021\/03\/JPG-683x1024.-200x300-1.jpeg\",\"contentUrl\":\"https:\/\/www.skamet.ee\/wp-content\/uploads\/2021\/03\/JPG-683x1024.-200x300-1.jpeg\",\"width\":200,\"height\":300,\"caption\":\"JPG 683x1024. 200x300 1\"},{\"@type\":\"BreadcrumbList\",\"@id\":\"https:\/\/www.skamet.ee\/lv\/tooted\/kurinamas-blakus-telpa\/#breadcrumb\",\"itemListElement\":[{\"@type\":\"ListItem\",\"position\":1,\"name\":\"Home\",\"item\":\"https:\/\/www.skamet.ee\/lv\/\"},{\"@type\":\"ListItem\",\"position\":2,\"name\":\"Produkti\",\"item\":\"https:\/\/www.skamet.ee\/lv\/shop-2\/\"},{\"@type\":\"ListItem\",\"position\":3,\"name\":\"Kurin\u0101mas blakus telp\u0101\"}]},{\"@type\":\"WebSite\",\"@id\":\"https:\/\/www.skamet.ee\/#website\",\"url\":\"https:\/\/www.skamet.ee\/\",\"name\":\"Skamet O\u00dc\",\"description\":\"Efektiivsed puuk\u00fcttega saunaahjud Eesti tootjalt\",\"publisher\":{\"@id\":\"https:\/\/www.skamet.ee\/#organization\"},\"potentialAction\":[{\"@type\":\"SearchAction\",\"target\":{\"@type\":\"EntryPoint\",\"urlTemplate\":\"https:\/\/www.skamet.ee\/?s={search_term_string}\"},\"query-input\":{\"@type\":\"PropertyValueSpecification\",\"valueRequired\":true,\"valueName\":\"search_term_string\"}}],\"inLanguage\":\"lv-LV\"},{\"@type\":\"Organization\",\"@id\":\"https:\/\/www.skamet.ee\/#organization\",\"name\":\"Skamet\",\"url\":\"https:\/\/www.skamet.ee\/\",\"logo\":{\"@type\":\"ImageObject\",\"inLanguage\":\"lv-LV\",\"@id\":\"https:\/\/www.skamet.ee\/#\/schema\/logo\/image\/\",\"url\":\"https:\/\/www.skamet.ee\/wp-content\/uploads\/2015\/05\/logo-uus.png\",\"contentUrl\":\"https:\/\/www.skamet.ee\/wp-content\/uploads\/2015\/05\/logo-uus.png\",\"width\":300,\"height\":127,\"caption\":\"Skamet\"},\"image\":{\"@id\":\"https:\/\/www.skamet.ee\/#\/schema\/logo\/image\/\"}}]}<\/script>\n<!-- \/ Yoast SEO plugin. -->","yoast_head_json":{"title":"Kurin\u0101mas blakus telp\u0101 - Skamet","robots":{"index":"index","follow":"follow","max-snippet":"max-snippet:-1","max-image-preview":"max-image-preview:large","max-video-preview":"max-video-preview:-1"},"canonical":"https:\/\/www.skamet.ee\/lv\/tooted\/kurinamas-blakus-telpa\/","og_locale":"lv_LV","og_type":"article","og_title":"Kurin\u0101mas blakus telp\u0101 - Skamet","og_description":"Kr\u0101sns ir uzst\u0101d\u012bta pirts telp\u0101, bet t\u0101 tiek kurin\u0101ta cit\u0101 telp\u0101, aiz sienas. Vienlaidu da\u013cas garums ir 170 mm. \u0160o","og_url":"https:\/\/www.skamet.ee\/lv\/tooted\/kurinamas-blakus-telpa\/","og_site_name":"Skamet","article_modified_time":"2021-05-19T05:28:57+00:00","og_image":[{"width":200,"height":300,"url":"https:\/\/www.skamet.ee\/wp-content\/uploads\/2021\/03\/JPG-683x1024.-200x300-1.jpeg","type":"image\/jpeg"}],"twitter_card":"summary_large_image","twitter_misc":{"Est. reading time":"4 min\u016btes"},"schema":{"@context":"https:\/\/schema.org","@graph":[{"@type":"WebPage","@id":"https:\/\/www.skamet.ee\/lv\/tooted\/kurinamas-blakus-telpa\/","url":"https:\/\/www.skamet.ee\/lv\/tooted\/kurinamas-blakus-telpa\/","name":"Kurin\u0101mas blakus telp\u0101 - Skamet","isPartOf":{"@id":"https:\/\/www.skamet.ee\/#website"},"primaryImageOfPage":{"@id":"https:\/\/www.skamet.ee\/lv\/tooted\/kurinamas-blakus-telpa\/#primaryimage"},"image":{"@id":"https:\/\/www.skamet.ee\/lv\/tooted\/kurinamas-blakus-telpa\/#primaryimage"},"thumbnailUrl":"https:\/\/www.skamet.ee\/wp-content\/uploads\/2021\/03\/JPG-683x1024.-200x300-1.jpeg","datePublished":"2021-05-06T12:38:43+00:00","dateModified":"2021-05-19T05:28:57+00:00","breadcrumb":{"@id":"https:\/\/www.skamet.ee\/lv\/tooted\/kurinamas-blakus-telpa\/#breadcrumb"},"inLanguage":"lv-LV","potentialAction":[{"@type":"ReadAction","target":["https:\/\/www.skamet.ee\/lv\/tooted\/kurinamas-blakus-telpa\/"]}]},{"@type":"ImageObject","inLanguage":"lv-LV","@id":"https:\/\/www.skamet.ee\/lv\/tooted\/kurinamas-blakus-telpa\/#primaryimage","url":"https:\/\/www.skamet.ee\/wp-content\/uploads\/2021\/03\/JPG-683x1024.-200x300-1.jpeg","contentUrl":"https:\/\/www.skamet.ee\/wp-content\/uploads\/2021\/03\/JPG-683x1024.-200x300-1.jpeg","width":200,"height":300,"caption":"JPG 683x1024. 200x300 1"},{"@type":"BreadcrumbList","@id":"https:\/\/www.skamet.ee\/lv\/tooted\/kurinamas-blakus-telpa\/#breadcrumb","itemListElement":[{"@type":"ListItem","position":1,"name":"Home","item":"https:\/\/www.skamet.ee\/lv\/"},{"@type":"ListItem","position":2,"name":"Produkti","item":"https:\/\/www.skamet.ee\/lv\/shop-2\/"},{"@type":"ListItem","position":3,"name":"Kurin\u0101mas blakus telp\u0101"}]},{"@type":"WebSite","@id":"https:\/\/www.skamet.ee\/#website","url":"https:\/\/www.skamet.ee\/","name":"Skamet O\u00dc","description":"Efektiivsed puuk\u00fcttega saunaahjud Eesti tootjalt","publisher":{"@id":"https:\/\/www.skamet.ee\/#organization"},"potentialAction":[{"@type":"SearchAction","target":{"@type":"EntryPoint","urlTemplate":"https:\/\/www.skamet.ee\/?s={search_term_string}"},"query-input":{"@type":"PropertyValueSpecification","valueRequired":true,"valueName":"search_term_string"}}],"inLanguage":"lv-LV"},{"@type":"Organization","@id":"https:\/\/www.skamet.ee\/#organization","name":"Skamet","url":"https:\/\/www.skamet.ee\/","logo":{"@type":"ImageObject","inLanguage":"lv-LV","@id":"https:\/\/www.skamet.ee\/#\/schema\/logo\/image\/","url":"https:\/\/www.skamet.ee\/wp-content\/uploads\/2015\/05\/logo-uus.png","contentUrl":"https:\/\/www.skamet.ee\/wp-content\/uploads\/2015\/05\/logo-uus.png","width":300,"height":127,"caption":"Skamet"},"image":{"@id":"https:\/\/www.skamet.ee\/#\/schema\/logo\/image\/"}}]}},"_links":{"self":[{"href":"https:\/\/www.skamet.ee\/lv\/wp-json\/wp\/v2\/product\/41075","targetHints":{"allow":["GET"]}}],"collection":[{"href":"https:\/\/www.skamet.ee\/lv\/wp-json\/wp\/v2\/product"}],"about":[{"href":"https:\/\/www.skamet.ee\/lv\/wp-json\/wp\/v2\/types\/product"}],"version-history":[{"count":1,"href":"https:\/\/www.skamet.ee\/lv\/wp-json\/wp\/v2\/product\/41075\/revisions"}],"predecessor-version":[{"id":41076,"href":"https:\/\/www.skamet.ee\/lv\/wp-json\/wp\/v2\/product\/41075\/revisions\/41076"}],"wp:featuredmedia":[{"embeddable":true,"href":"https:\/\/www.skamet.ee\/lv\/wp-json\/wp\/v2\/media\/40098"}],"wp:attachment":[{"href":"https:\/\/www.skamet.ee\/lv\/wp-json\/wp\/v2\/media?parent=41075"}],"wp:term":[{"taxonomy":"product_brand","embeddable":true,"href":"https:\/\/www.skamet.ee\/lv\/wp-json\/wp\/v2\/product_brand?post=41075"},{"taxonomy":"product_cat","embeddable":true,"href":"https:\/\/www.skamet.ee\/lv\/wp-json\/wp\/v2\/product_cat?post=41075"},{"taxonomy":"product_tag","embeddable":true,"href":"https:\/\/www.skamet.ee\/lv\/wp-json\/wp\/v2\/product_tag?post=41075"}],"curies":[{"name":"wp","href":"https:\/\/api.w.org\/{rel}","templated":true}]}}