{"id":41077,"date":"2021-05-06T15:39:52","date_gmt":"2021-05-06T12:39:52","guid":{"rendered":"https:\/\/uus.skamet.ee\/?post_type=product&#038;p=41077"},"modified":"2021-05-19T08:27:37","modified_gmt":"2021-05-19T05:27:37","slug":"rezga-pirts-krasns-rezgota-korpusa","status":"publish","type":"product","link":"https:\/\/www.skamet.ee\/lv\/tooted\/rezga-pirts-krasns-rezgota-korpusa\/","title":{"rendered":"Re\u017e\u0123a pirts kr\u0101sns (re\u017e\u0123ot\u0101 korpus\u0101)"},"content":{"rendered":"<p>M\u0113s ra\u017eojam kr\u0101snis re\u017ega korpus\u0101 kop\u0161 2006. gada vidus.<br \/>\nJa kr\u0101sns saunai ir izv\u0113l\u0113ta atbilsto\u0161i izm\u0113ram un citiem parametriem (bez boilera), tad sakur\u0161anas laiks var b\u016bt no 60 l\u012bdz 90 min\u016bt\u0113m (ar boileri apr\u012bkotas kr\u0101sns sakur\u0161anai nepiecie\u0161ams vair\u0101k laika, atkar\u012bgs no boilera izm\u0113ra). \u0160aj\u0101 laik\u0101 pirts telpa uzkars\u012bs l\u012bdz 100 gr\u0101diem. Svar\u012bga loma ir ar\u012b svaig\u0101 gaisa pl\u016bsmai un atstr\u0101d\u0101t\u0101 gaisa izvad\u012b\u0161anai.<\/p>\n<p>&nbsp;<\/p>\n<ul>\n<li><a href=\"https:\/\/skamet.ee\/pirts-krasnis\/pirts-krasns-metala-korpusa-2?lang=lv\" target=\"_blank\" rel=\"noopener\">Pirts kr\u0101sns met\u0101la korpus\u0101<\/a><\/li>\n<li><a href=\"https:\/\/skamet.ee\/pirts-krasnis\/pirts-krasnis-pec-pasutijuma?lang=lv\" target=\"_blank\" rel=\"noopener\">Kr\u0101snis p\u0113c pas\u016bt\u012bjuma\u00a0<\/a><\/li>\n<li><a href=\"https:\/\/skamet.ee\/pirts-krasnis\/aprikojums-pirts-krasnim?lang=lv\" target=\"_blank\" rel=\"noopener\">Papildus apr\u012bkojums\u00a0<\/a><\/li>\n<\/ul>\n","protected":false},"excerpt":{"rendered":"<p>M\u0113s ra\u017eojam kr\u0101snis re\u017ega korpus\u0101 kop\u0161 2006. gada vidus. Ja kr\u0101sns saunai ir izv\u0113l\u0113ta atbilsto\u0161i izm\u0113ram un citiem parametriem (bez<\/p>\n","protected":false},"featured_media":40672,"template":"","meta":{"_lmt_disableupdate":"","_lmt_disable":""},"product_brand":[],"product_cat":[311,332,338],"product_tag":[],"class_list":{"0":"post-41077","1":"product","2":"type-product","3":"status-publish","4":"has-post-thumbnail","6":"product_cat-puukiuas-verkkorungolla","7":"product_cat-pirts-krasnis","8":"product_cat-rezga-pirts-krasns-rezgota-korpusa","10":"first","11":"instock","12":"shipping-taxable","13":"product-type-simple"},"yoast_head":"<!-- This site is optimized with the Yoast SEO plugin v27.0 - https:\/\/yoast.com\/product\/yoast-seo-wordpress\/ -->\n<title>Re\u017e\u0123a pirts kr\u0101sns (re\u017e\u0123ot\u0101 korpus\u0101) - Skamet<\/title>\n<meta name=\"robots\" content=\"index, follow, max-snippet:-1, max-image-preview:large, max-video-preview:-1\" \/>\n<link rel=\"canonical\" href=\"https:\/\/www.skamet.ee\/lv\/tooted\/rezga-pirts-krasns-rezgota-korpusa\/\" \/>\n<meta property=\"og:locale\" content=\"lv_LV\" \/>\n<meta property=\"og:type\" content=\"article\" \/>\n<meta property=\"og:title\" content=\"Re\u017e\u0123a pirts kr\u0101sns (re\u017e\u0123ot\u0101 korpus\u0101) - Skamet\" \/>\n<meta property=\"og:description\" content=\"M\u0113s ra\u017eojam kr\u0101snis re\u017ega korpus\u0101 kop\u0161 2006. gada vidus. Ja kr\u0101sns saunai ir izv\u0113l\u0113ta atbilsto\u0161i izm\u0113ram un citiem parametriem (bez\" \/>\n<meta property=\"og:url\" content=\"https:\/\/www.skamet.ee\/lv\/tooted\/rezga-pirts-krasns-rezgota-korpusa\/\" \/>\n<meta property=\"og:site_name\" content=\"Skamet\" \/>\n<meta property=\"article:modified_time\" content=\"2021-05-19T05:27:37+00:00\" \/>\n<meta property=\"og:image\" content=\"https:\/\/www.skamet.ee\/wp-content\/uploads\/2021\/04\/umar-vorkkorpus-teisest-ruumist.jpg\" \/>\n\t<meta property=\"og:image:width\" content=\"1000\" \/>\n\t<meta property=\"og:image:height\" content=\"1000\" \/>\n\t<meta property=\"og:image:type\" content=\"image\/jpeg\" \/>\n<meta name=\"twitter:card\" content=\"summary_large_image\" \/>\n<meta name=\"twitter:label1\" content=\"Est. reading time\" \/>\n\t<meta name=\"twitter:data1\" content=\"1 min\u016b\u0161u\" \/>\n<script type=\"application\/ld+json\" class=\"yoast-schema-graph\">{\"@context\":\"https:\/\/schema.org\",\"@graph\":[{\"@type\":\"WebPage\",\"@id\":\"https:\/\/www.skamet.ee\/lv\/tooted\/rezga-pirts-krasns-rezgota-korpusa\/\",\"url\":\"https:\/\/www.skamet.ee\/lv\/tooted\/rezga-pirts-krasns-rezgota-korpusa\/\",\"name\":\"Re\u017e\u0123a pirts kr\u0101sns (re\u017e\u0123ot\u0101 korpus\u0101) - Skamet\",\"isPartOf\":{\"@id\":\"https:\/\/www.skamet.ee\/#website\"},\"primaryImageOfPage\":{\"@id\":\"https:\/\/www.skamet.ee\/lv\/tooted\/rezga-pirts-krasns-rezgota-korpusa\/#primaryimage\"},\"image\":{\"@id\":\"https:\/\/www.skamet.ee\/lv\/tooted\/rezga-pirts-krasns-rezgota-korpusa\/#primaryimage\"},\"thumbnailUrl\":\"https:\/\/www.skamet.ee\/wp-content\/uploads\/2021\/04\/umar-vorkkorpus-teisest-ruumist.jpg\",\"datePublished\":\"2021-05-06T12:39:52+00:00\",\"dateModified\":\"2021-05-19T05:27:37+00:00\",\"breadcrumb\":{\"@id\":\"https:\/\/www.skamet.ee\/lv\/tooted\/rezga-pirts-krasns-rezgota-korpusa\/#breadcrumb\"},\"inLanguage\":\"lv-LV\",\"potentialAction\":[{\"@type\":\"ReadAction\",\"target\":[\"https:\/\/www.skamet.ee\/lv\/tooted\/rezga-pirts-krasns-rezgota-korpusa\/\"]}]},{\"@type\":\"ImageObject\",\"inLanguage\":\"lv-LV\",\"@id\":\"https:\/\/www.skamet.ee\/lv\/tooted\/rezga-pirts-krasns-rezgota-korpusa\/#primaryimage\",\"url\":\"https:\/\/www.skamet.ee\/wp-content\/uploads\/2021\/04\/umar-vorkkorpus-teisest-ruumist.jpg\",\"contentUrl\":\"https:\/\/www.skamet.ee\/wp-content\/uploads\/2021\/04\/umar-vorkkorpus-teisest-ruumist.jpg\",\"width\":1000,\"height\":1000,\"caption\":\"umar vorkkorpus teisest ruumist\"},{\"@type\":\"BreadcrumbList\",\"@id\":\"https:\/\/www.skamet.ee\/lv\/tooted\/rezga-pirts-krasns-rezgota-korpusa\/#breadcrumb\",\"itemListElement\":[{\"@type\":\"ListItem\",\"position\":1,\"name\":\"Home\",\"item\":\"https:\/\/www.skamet.ee\/lv\/\"},{\"@type\":\"ListItem\",\"position\":2,\"name\":\"Produkti\",\"item\":\"https:\/\/www.skamet.ee\/lv\/shop-2\/\"},{\"@type\":\"ListItem\",\"position\":3,\"name\":\"Re\u017e\u0123a pirts kr\u0101sns (re\u017e\u0123ot\u0101 korpus\u0101)\"}]},{\"@type\":\"WebSite\",\"@id\":\"https:\/\/www.skamet.ee\/#website\",\"url\":\"https:\/\/www.skamet.ee\/\",\"name\":\"Skamet O\u00dc\",\"description\":\"Efektiivsed puuk\u00fcttega saunaahjud Eesti tootjalt\",\"publisher\":{\"@id\":\"https:\/\/www.skamet.ee\/#organization\"},\"potentialAction\":[{\"@type\":\"SearchAction\",\"target\":{\"@type\":\"EntryPoint\",\"urlTemplate\":\"https:\/\/www.skamet.ee\/?s={search_term_string}\"},\"query-input\":{\"@type\":\"PropertyValueSpecification\",\"valueRequired\":true,\"valueName\":\"search_term_string\"}}],\"inLanguage\":\"lv-LV\"},{\"@type\":\"Organization\",\"@id\":\"https:\/\/www.skamet.ee\/#organization\",\"name\":\"Skamet\",\"url\":\"https:\/\/www.skamet.ee\/\",\"logo\":{\"@type\":\"ImageObject\",\"inLanguage\":\"lv-LV\",\"@id\":\"https:\/\/www.skamet.ee\/#\/schema\/logo\/image\/\",\"url\":\"https:\/\/www.skamet.ee\/wp-content\/uploads\/2015\/05\/logo-uus.png\",\"contentUrl\":\"https:\/\/www.skamet.ee\/wp-content\/uploads\/2015\/05\/logo-uus.png\",\"width\":300,\"height\":127,\"caption\":\"Skamet\"},\"image\":{\"@id\":\"https:\/\/www.skamet.ee\/#\/schema\/logo\/image\/\"}}]}<\/script>\n<!-- \/ Yoast SEO plugin. -->","yoast_head_json":{"title":"Re\u017e\u0123a pirts kr\u0101sns (re\u017e\u0123ot\u0101 korpus\u0101) - Skamet","robots":{"index":"index","follow":"follow","max-snippet":"max-snippet:-1","max-image-preview":"max-image-preview:large","max-video-preview":"max-video-preview:-1"},"canonical":"https:\/\/www.skamet.ee\/lv\/tooted\/rezga-pirts-krasns-rezgota-korpusa\/","og_locale":"lv_LV","og_type":"article","og_title":"Re\u017e\u0123a pirts kr\u0101sns (re\u017e\u0123ot\u0101 korpus\u0101) - Skamet","og_description":"M\u0113s ra\u017eojam kr\u0101snis re\u017ega korpus\u0101 kop\u0161 2006. gada vidus. Ja kr\u0101sns saunai ir izv\u0113l\u0113ta atbilsto\u0161i izm\u0113ram un citiem parametriem (bez","og_url":"https:\/\/www.skamet.ee\/lv\/tooted\/rezga-pirts-krasns-rezgota-korpusa\/","og_site_name":"Skamet","article_modified_time":"2021-05-19T05:27:37+00:00","og_image":[{"width":1000,"height":1000,"url":"https:\/\/www.skamet.ee\/wp-content\/uploads\/2021\/04\/umar-vorkkorpus-teisest-ruumist.jpg","type":"image\/jpeg"}],"twitter_card":"summary_large_image","twitter_misc":{"Est. reading time":"1 min\u016b\u0161u"},"schema":{"@context":"https:\/\/schema.org","@graph":[{"@type":"WebPage","@id":"https:\/\/www.skamet.ee\/lv\/tooted\/rezga-pirts-krasns-rezgota-korpusa\/","url":"https:\/\/www.skamet.ee\/lv\/tooted\/rezga-pirts-krasns-rezgota-korpusa\/","name":"Re\u017e\u0123a pirts kr\u0101sns (re\u017e\u0123ot\u0101 korpus\u0101) - Skamet","isPartOf":{"@id":"https:\/\/www.skamet.ee\/#website"},"primaryImageOfPage":{"@id":"https:\/\/www.skamet.ee\/lv\/tooted\/rezga-pirts-krasns-rezgota-korpusa\/#primaryimage"},"image":{"@id":"https:\/\/www.skamet.ee\/lv\/tooted\/rezga-pirts-krasns-rezgota-korpusa\/#primaryimage"},"thumbnailUrl":"https:\/\/www.skamet.ee\/wp-content\/uploads\/2021\/04\/umar-vorkkorpus-teisest-ruumist.jpg","datePublished":"2021-05-06T12:39:52+00:00","dateModified":"2021-05-19T05:27:37+00:00","breadcrumb":{"@id":"https:\/\/www.skamet.ee\/lv\/tooted\/rezga-pirts-krasns-rezgota-korpusa\/#breadcrumb"},"inLanguage":"lv-LV","potentialAction":[{"@type":"ReadAction","target":["https:\/\/www.skamet.ee\/lv\/tooted\/rezga-pirts-krasns-rezgota-korpusa\/"]}]},{"@type":"ImageObject","inLanguage":"lv-LV","@id":"https:\/\/www.skamet.ee\/lv\/tooted\/rezga-pirts-krasns-rezgota-korpusa\/#primaryimage","url":"https:\/\/www.skamet.ee\/wp-content\/uploads\/2021\/04\/umar-vorkkorpus-teisest-ruumist.jpg","contentUrl":"https:\/\/www.skamet.ee\/wp-content\/uploads\/2021\/04\/umar-vorkkorpus-teisest-ruumist.jpg","width":1000,"height":1000,"caption":"umar vorkkorpus teisest ruumist"},{"@type":"BreadcrumbList","@id":"https:\/\/www.skamet.ee\/lv\/tooted\/rezga-pirts-krasns-rezgota-korpusa\/#breadcrumb","itemListElement":[{"@type":"ListItem","position":1,"name":"Home","item":"https:\/\/www.skamet.ee\/lv\/"},{"@type":"ListItem","position":2,"name":"Produkti","item":"https:\/\/www.skamet.ee\/lv\/shop-2\/"},{"@type":"ListItem","position":3,"name":"Re\u017e\u0123a pirts kr\u0101sns (re\u017e\u0123ot\u0101 korpus\u0101)"}]},{"@type":"WebSite","@id":"https:\/\/www.skamet.ee\/#website","url":"https:\/\/www.skamet.ee\/","name":"Skamet O\u00dc","description":"Efektiivsed puuk\u00fcttega saunaahjud Eesti tootjalt","publisher":{"@id":"https:\/\/www.skamet.ee\/#organization"},"potentialAction":[{"@type":"SearchAction","target":{"@type":"EntryPoint","urlTemplate":"https:\/\/www.skamet.ee\/?s={search_term_string}"},"query-input":{"@type":"PropertyValueSpecification","valueRequired":true,"valueName":"search_term_string"}}],"inLanguage":"lv-LV"},{"@type":"Organization","@id":"https:\/\/www.skamet.ee\/#organization","name":"Skamet","url":"https:\/\/www.skamet.ee\/","logo":{"@type":"ImageObject","inLanguage":"lv-LV","@id":"https:\/\/www.skamet.ee\/#\/schema\/logo\/image\/","url":"https:\/\/www.skamet.ee\/wp-content\/uploads\/2015\/05\/logo-uus.png","contentUrl":"https:\/\/www.skamet.ee\/wp-content\/uploads\/2015\/05\/logo-uus.png","width":300,"height":127,"caption":"Skamet"},"image":{"@id":"https:\/\/www.skamet.ee\/#\/schema\/logo\/image\/"}}]}},"_links":{"self":[{"href":"https:\/\/www.skamet.ee\/lv\/wp-json\/wp\/v2\/product\/41077","targetHints":{"allow":["GET"]}}],"collection":[{"href":"https:\/\/www.skamet.ee\/lv\/wp-json\/wp\/v2\/product"}],"about":[{"href":"https:\/\/www.skamet.ee\/lv\/wp-json\/wp\/v2\/types\/product"}],"version-history":[{"count":1,"href":"https:\/\/www.skamet.ee\/lv\/wp-json\/wp\/v2\/product\/41077\/revisions"}],"predecessor-version":[{"id":41078,"href":"https:\/\/www.skamet.ee\/lv\/wp-json\/wp\/v2\/product\/41077\/revisions\/41078"}],"wp:featuredmedia":[{"embeddable":true,"href":"https:\/\/www.skamet.ee\/lv\/wp-json\/wp\/v2\/media\/40672"}],"wp:attachment":[{"href":"https:\/\/www.skamet.ee\/lv\/wp-json\/wp\/v2\/media?parent=41077"}],"wp:term":[{"taxonomy":"product_brand","embeddable":true,"href":"https:\/\/www.skamet.ee\/lv\/wp-json\/wp\/v2\/product_brand?post=41077"},{"taxonomy":"product_cat","embeddable":true,"href":"https:\/\/www.skamet.ee\/lv\/wp-json\/wp\/v2\/product_cat?post=41077"},{"taxonomy":"product_tag","embeddable":true,"href":"https:\/\/www.skamet.ee\/lv\/wp-json\/wp\/v2\/product_tag?post=41077"}],"curies":[{"name":"wp","href":"https:\/\/api.w.org\/{rel}","templated":true}]}}