{"id":41083,"date":"2021-05-06T15:46:30","date_gmt":"2021-05-06T12:46:30","guid":{"rendered":"https:\/\/uus.skamet.ee\/?post_type=product&#038;p=41083"},"modified":"2021-05-19T08:26:03","modified_gmt":"2021-05-19T05:26:03","slug":"udens-tvertnes","status":"publish","type":"product","link":"https:\/\/www.skamet.ee\/lv\/tooted\/udens-tvertnes\/","title":{"rendered":"\u016bdens tvertnes"},"content":{"rendered":"<p>Skamet O\u00dc ra\u017eo da\u017e\u0101da veida tvertnes:\u00a0<strong>\u016bdens boileri, \u016bdens rezervu\u0101ri<\/strong>. \u0160ie produkti tiek ra\u017eoti no meln\u0101 met\u0101la vai ner\u016bs\u0113jo\u0161a t\u0113rauda.<br \/>\nStandarta boilera diametrs ir 40 un 45 cm, tilpums no 80 l\u012bdz 150 litriem. Ra\u017eojam gan sl\u0113gta tipa \u016bdens boilerus, kurus var piesl\u0113gt pie \u016bdens apg\u0101des zem spiedien\u0101, gan atv\u0113rtus katlus, kuru izmanto\u0161anai nav nepiecie\u0161ams spiediens. Esam att\u012bst\u012bju\u0161i ar\u012b horizont\u0101lo un vertik\u0101lo boileru ra\u017eo\u0161anu. M\u0113s veicam ar\u012b boileru ra\u017eo\u0161anu p\u0113c pas\u016bt\u012bjuma (p\u0113c ras\u0113jumiem vai vec\u0101 klienta boilera).<br \/>\nUzkr\u0101\u0161anas rezervu\u0101ri \u2013 cilindra vai \u010detrst\u016bra formas \u2013 veidojam tikai p\u0113c klienta ras\u0113jumiem. Ir iesp\u0113jams izgatavot uzkr\u0101\u0161anas rezervu\u0101rus diametr\u0101 no 500 l\u012bdz 1200 mm.<\/p>\n","protected":false},"excerpt":{"rendered":"<p>Skamet O\u00dc ra\u017eo da\u017e\u0101da veida tvertnes:\u00a0\u016bdens boileri, \u016bdens rezervu\u0101ri. \u0160ie produkti tiek ra\u017eoti no meln\u0101 met\u0101la vai ner\u016bs\u0113jo\u0161a t\u0113rauda. Standarta<\/p>\n","protected":false},"featured_media":40575,"template":"","meta":{"_lmt_disableupdate":"","_lmt_disable":""},"product_brand":[],"product_cat":[305],"product_tag":[],"class_list":{"0":"post-41083","1":"product","2":"type-product","3":"status-publish","4":"has-post-thumbnail","6":"product_cat-puukiuas","8":"first","9":"instock","10":"shipping-taxable","11":"product-type-simple"},"yoast_head":"<!-- This site is optimized with the Yoast SEO plugin v27.0 - https:\/\/yoast.com\/product\/yoast-seo-wordpress\/ -->\n<title>\u016bdens tvertnes - Skamet<\/title>\n<meta name=\"robots\" content=\"index, follow, max-snippet:-1, max-image-preview:large, max-video-preview:-1\" \/>\n<link rel=\"canonical\" href=\"https:\/\/www.skamet.ee\/lv\/tooted\/udens-tvertnes\/\" \/>\n<meta property=\"og:locale\" content=\"lv_LV\" \/>\n<meta property=\"og:type\" content=\"article\" \/>\n<meta property=\"og:title\" content=\"\u016bdens tvertnes - Skamet\" \/>\n<meta property=\"og:description\" content=\"Skamet O\u00dc ra\u017eo da\u017e\u0101da veida tvertnes:\u00a0\u016bdens boileri, \u016bdens rezervu\u0101ri. \u0160ie produkti tiek ra\u017eoti no meln\u0101 met\u0101la vai ner\u016bs\u0113jo\u0161a t\u0113rauda. Standarta\" \/>\n<meta property=\"og:url\" content=\"https:\/\/www.skamet.ee\/lv\/tooted\/udens-tvertnes\/\" \/>\n<meta property=\"og:site_name\" content=\"Skamet\" \/>\n<meta property=\"article:modified_time\" content=\"2021-05-19T05:26:03+00:00\" \/>\n<meta property=\"og:image\" content=\"https:\/\/www.skamet.ee\/wp-content\/uploads\/2021\/03\/IMG_20140220_101619_clipped_rev_1-261x300-1.png\" \/>\n\t<meta property=\"og:image:width\" content=\"261\" \/>\n\t<meta property=\"og:image:height\" content=\"300\" \/>\n\t<meta property=\"og:image:type\" content=\"image\/png\" \/>\n<meta name=\"twitter:card\" content=\"summary_large_image\" \/>\n<meta name=\"twitter:label1\" content=\"Est. reading time\" \/>\n\t<meta name=\"twitter:data1\" content=\"1 min\u016b\u0161u\" \/>\n<script type=\"application\/ld+json\" class=\"yoast-schema-graph\">{\"@context\":\"https:\/\/schema.org\",\"@graph\":[{\"@type\":\"WebPage\",\"@id\":\"https:\/\/www.skamet.ee\/lv\/tooted\/udens-tvertnes\/\",\"url\":\"https:\/\/www.skamet.ee\/lv\/tooted\/udens-tvertnes\/\",\"name\":\"\u016bdens tvertnes - Skamet\",\"isPartOf\":{\"@id\":\"https:\/\/www.skamet.ee\/#website\"},\"primaryImageOfPage\":{\"@id\":\"https:\/\/www.skamet.ee\/lv\/tooted\/udens-tvertnes\/#primaryimage\"},\"image\":{\"@id\":\"https:\/\/www.skamet.ee\/lv\/tooted\/udens-tvertnes\/#primaryimage\"},\"thumbnailUrl\":\"https:\/\/www.skamet.ee\/wp-content\/uploads\/2021\/03\/IMG_20140220_101619_clipped_rev_1-261x300-1.png\",\"datePublished\":\"2021-05-06T12:46:30+00:00\",\"dateModified\":\"2021-05-19T05:26:03+00:00\",\"breadcrumb\":{\"@id\":\"https:\/\/www.skamet.ee\/lv\/tooted\/udens-tvertnes\/#breadcrumb\"},\"inLanguage\":\"lv-LV\",\"potentialAction\":[{\"@type\":\"ReadAction\",\"target\":[\"https:\/\/www.skamet.ee\/lv\/tooted\/udens-tvertnes\/\"]}]},{\"@type\":\"ImageObject\",\"inLanguage\":\"lv-LV\",\"@id\":\"https:\/\/www.skamet.ee\/lv\/tooted\/udens-tvertnes\/#primaryimage\",\"url\":\"https:\/\/www.skamet.ee\/wp-content\/uploads\/2021\/03\/IMG_20140220_101619_clipped_rev_1-261x300-1.png\",\"contentUrl\":\"https:\/\/www.skamet.ee\/wp-content\/uploads\/2021\/03\/IMG_20140220_101619_clipped_rev_1-261x300-1.png\",\"width\":261,\"height\":300,\"caption\":\"IMG 20140220 101619 clipped rev 1 261x300 1\"},{\"@type\":\"BreadcrumbList\",\"@id\":\"https:\/\/www.skamet.ee\/lv\/tooted\/udens-tvertnes\/#breadcrumb\",\"itemListElement\":[{\"@type\":\"ListItem\",\"position\":1,\"name\":\"Home\",\"item\":\"https:\/\/www.skamet.ee\/lv\/\"},{\"@type\":\"ListItem\",\"position\":2,\"name\":\"Produkti\",\"item\":\"https:\/\/www.skamet.ee\/lv\/shop-2\/\"},{\"@type\":\"ListItem\",\"position\":3,\"name\":\"\u016bdens tvertnes\"}]},{\"@type\":\"WebSite\",\"@id\":\"https:\/\/www.skamet.ee\/#website\",\"url\":\"https:\/\/www.skamet.ee\/\",\"name\":\"Skamet O\u00dc\",\"description\":\"Efektiivsed puuk\u00fcttega saunaahjud Eesti tootjalt\",\"publisher\":{\"@id\":\"https:\/\/www.skamet.ee\/#organization\"},\"potentialAction\":[{\"@type\":\"SearchAction\",\"target\":{\"@type\":\"EntryPoint\",\"urlTemplate\":\"https:\/\/www.skamet.ee\/?s={search_term_string}\"},\"query-input\":{\"@type\":\"PropertyValueSpecification\",\"valueRequired\":true,\"valueName\":\"search_term_string\"}}],\"inLanguage\":\"lv-LV\"},{\"@type\":\"Organization\",\"@id\":\"https:\/\/www.skamet.ee\/#organization\",\"name\":\"Skamet\",\"url\":\"https:\/\/www.skamet.ee\/\",\"logo\":{\"@type\":\"ImageObject\",\"inLanguage\":\"lv-LV\",\"@id\":\"https:\/\/www.skamet.ee\/#\/schema\/logo\/image\/\",\"url\":\"https:\/\/www.skamet.ee\/wp-content\/uploads\/2015\/05\/logo-uus.png\",\"contentUrl\":\"https:\/\/www.skamet.ee\/wp-content\/uploads\/2015\/05\/logo-uus.png\",\"width\":300,\"height\":127,\"caption\":\"Skamet\"},\"image\":{\"@id\":\"https:\/\/www.skamet.ee\/#\/schema\/logo\/image\/\"}}]}<\/script>\n<!-- \/ Yoast SEO plugin. -->","yoast_head_json":{"title":"\u016bdens tvertnes - Skamet","robots":{"index":"index","follow":"follow","max-snippet":"max-snippet:-1","max-image-preview":"max-image-preview:large","max-video-preview":"max-video-preview:-1"},"canonical":"https:\/\/www.skamet.ee\/lv\/tooted\/udens-tvertnes\/","og_locale":"lv_LV","og_type":"article","og_title":"\u016bdens tvertnes - Skamet","og_description":"Skamet O\u00dc ra\u017eo da\u017e\u0101da veida tvertnes:\u00a0\u016bdens boileri, \u016bdens rezervu\u0101ri. \u0160ie produkti tiek ra\u017eoti no meln\u0101 met\u0101la vai ner\u016bs\u0113jo\u0161a t\u0113rauda. Standarta","og_url":"https:\/\/www.skamet.ee\/lv\/tooted\/udens-tvertnes\/","og_site_name":"Skamet","article_modified_time":"2021-05-19T05:26:03+00:00","og_image":[{"width":261,"height":300,"url":"https:\/\/www.skamet.ee\/wp-content\/uploads\/2021\/03\/IMG_20140220_101619_clipped_rev_1-261x300-1.png","type":"image\/png"}],"twitter_card":"summary_large_image","twitter_misc":{"Est. reading time":"1 min\u016b\u0161u"},"schema":{"@context":"https:\/\/schema.org","@graph":[{"@type":"WebPage","@id":"https:\/\/www.skamet.ee\/lv\/tooted\/udens-tvertnes\/","url":"https:\/\/www.skamet.ee\/lv\/tooted\/udens-tvertnes\/","name":"\u016bdens tvertnes - Skamet","isPartOf":{"@id":"https:\/\/www.skamet.ee\/#website"},"primaryImageOfPage":{"@id":"https:\/\/www.skamet.ee\/lv\/tooted\/udens-tvertnes\/#primaryimage"},"image":{"@id":"https:\/\/www.skamet.ee\/lv\/tooted\/udens-tvertnes\/#primaryimage"},"thumbnailUrl":"https:\/\/www.skamet.ee\/wp-content\/uploads\/2021\/03\/IMG_20140220_101619_clipped_rev_1-261x300-1.png","datePublished":"2021-05-06T12:46:30+00:00","dateModified":"2021-05-19T05:26:03+00:00","breadcrumb":{"@id":"https:\/\/www.skamet.ee\/lv\/tooted\/udens-tvertnes\/#breadcrumb"},"inLanguage":"lv-LV","potentialAction":[{"@type":"ReadAction","target":["https:\/\/www.skamet.ee\/lv\/tooted\/udens-tvertnes\/"]}]},{"@type":"ImageObject","inLanguage":"lv-LV","@id":"https:\/\/www.skamet.ee\/lv\/tooted\/udens-tvertnes\/#primaryimage","url":"https:\/\/www.skamet.ee\/wp-content\/uploads\/2021\/03\/IMG_20140220_101619_clipped_rev_1-261x300-1.png","contentUrl":"https:\/\/www.skamet.ee\/wp-content\/uploads\/2021\/03\/IMG_20140220_101619_clipped_rev_1-261x300-1.png","width":261,"height":300,"caption":"IMG 20140220 101619 clipped rev 1 261x300 1"},{"@type":"BreadcrumbList","@id":"https:\/\/www.skamet.ee\/lv\/tooted\/udens-tvertnes\/#breadcrumb","itemListElement":[{"@type":"ListItem","position":1,"name":"Home","item":"https:\/\/www.skamet.ee\/lv\/"},{"@type":"ListItem","position":2,"name":"Produkti","item":"https:\/\/www.skamet.ee\/lv\/shop-2\/"},{"@type":"ListItem","position":3,"name":"\u016bdens tvertnes"}]},{"@type":"WebSite","@id":"https:\/\/www.skamet.ee\/#website","url":"https:\/\/www.skamet.ee\/","name":"Skamet O\u00dc","description":"Efektiivsed puuk\u00fcttega saunaahjud Eesti tootjalt","publisher":{"@id":"https:\/\/www.skamet.ee\/#organization"},"potentialAction":[{"@type":"SearchAction","target":{"@type":"EntryPoint","urlTemplate":"https:\/\/www.skamet.ee\/?s={search_term_string}"},"query-input":{"@type":"PropertyValueSpecification","valueRequired":true,"valueName":"search_term_string"}}],"inLanguage":"lv-LV"},{"@type":"Organization","@id":"https:\/\/www.skamet.ee\/#organization","name":"Skamet","url":"https:\/\/www.skamet.ee\/","logo":{"@type":"ImageObject","inLanguage":"lv-LV","@id":"https:\/\/www.skamet.ee\/#\/schema\/logo\/image\/","url":"https:\/\/www.skamet.ee\/wp-content\/uploads\/2015\/05\/logo-uus.png","contentUrl":"https:\/\/www.skamet.ee\/wp-content\/uploads\/2015\/05\/logo-uus.png","width":300,"height":127,"caption":"Skamet"},"image":{"@id":"https:\/\/www.skamet.ee\/#\/schema\/logo\/image\/"}}]}},"_links":{"self":[{"href":"https:\/\/www.skamet.ee\/lv\/wp-json\/wp\/v2\/product\/41083","targetHints":{"allow":["GET"]}}],"collection":[{"href":"https:\/\/www.skamet.ee\/lv\/wp-json\/wp\/v2\/product"}],"about":[{"href":"https:\/\/www.skamet.ee\/lv\/wp-json\/wp\/v2\/types\/product"}],"version-history":[{"count":1,"href":"https:\/\/www.skamet.ee\/lv\/wp-json\/wp\/v2\/product\/41083\/revisions"}],"predecessor-version":[{"id":41084,"href":"https:\/\/www.skamet.ee\/lv\/wp-json\/wp\/v2\/product\/41083\/revisions\/41084"}],"wp:featuredmedia":[{"embeddable":true,"href":"https:\/\/www.skamet.ee\/lv\/wp-json\/wp\/v2\/media\/40575"}],"wp:attachment":[{"href":"https:\/\/www.skamet.ee\/lv\/wp-json\/wp\/v2\/media?parent=41083"}],"wp:term":[{"taxonomy":"product_brand","embeddable":true,"href":"https:\/\/www.skamet.ee\/lv\/wp-json\/wp\/v2\/product_brand?post=41083"},{"taxonomy":"product_cat","embeddable":true,"href":"https:\/\/www.skamet.ee\/lv\/wp-json\/wp\/v2\/product_cat?post=41083"},{"taxonomy":"product_tag","embeddable":true,"href":"https:\/\/www.skamet.ee\/lv\/wp-json\/wp\/v2\/product_tag?post=41083"}],"curies":[{"name":"wp","href":"https:\/\/api.w.org\/{rel}","templated":true}]}}