{"id":41087,"date":"2021-05-06T15:49:03","date_gmt":"2021-05-06T12:49:03","guid":{"rendered":"https:\/\/uus.skamet.ee\/?post_type=product&#038;p=41087"},"modified":"2021-05-19T08:25:11","modified_gmt":"2021-05-19T05:25:11","slug":"udens-boileri","status":"publish","type":"product","link":"https:\/\/www.skamet.ee\/lv\/tooted\/udens-boileri\/","title":{"rendered":"\u016adens boileri"},"content":{"rendered":"<p>M\u0113s izgatavojam standarta boilerus \u016bdens sild\u012b\u0161anai jau kop\u01611990 gadu vidus. Standarta izstr\u0101d\u0101jums ar dobu vidu. Boilers tiek piesl\u0113gts pie kr\u0101sns vai pl\u012bts, kas tiek kurin\u0101ta ar malku. \u016adens sild\u012b\u0161anu nodro\u0161ina dabisk\u0101 cirkul\u0101cija. Ner\u016bs\u0113jo\u0161\u0101 t\u0113rauda boileri ir apr\u012bkoti ar anodiem (kas ir j\u0101maina reizi gad\u0101 vai bie\u017e\u0101k, ja nepiecie\u0161ams). Visiem boileriem ir j\u0101b\u016bt apr\u012bkotiem ar aizsargv\u0101rstu.<br \/>\nIzgatavojam boilerus saska\u0146\u0101 ar klienta v\u0113lm\u0113m:\u00a0<strong>ar re\u0123istru<\/strong>\u00a0vai\u00a0<strong>dubulto sienu<\/strong><\/p>\n<div class=\"dywp-alert grey\">Sl\u0113gt\u0101 tipa boileri karstajam \u016bdenim<\/div>\n<table style=\"width: 100%;\" border=\"0\">\n<tbody>\n<tr>\n<td style=\"width: 0.4004%;\"><\/td>\n<td style=\"width: 98.999%;\">Standarta boileru diametrs ir 40 un 45 cm. Boileri ir apr\u012bkoti ar 4 nipe\u013ciem: divi 1\/2 collas nipe\u013ci un divi 3\/4 collas nipe\u013ci.\u00a0Izm\u0113ri ir nor\u0101d\u012bti lieto\u0161anas\u00a0<strong><a href=\"https:\/\/skamet.ee\/wp-content\/uploads\/2014\/03\/LAT_Boiler_1lk.pdf\" target=\"_blank\" rel=\"noopener\">instrukcij\u0101<\/a>.<\/strong><\/td>\n<\/tr>\n<\/tbody>\n<\/table>\n<table border=\"1\">\n<tbody>\n<tr>\n<td><strong>Standarta izstr\u0101d\u0101jumu parametri:<\/strong><\/td>\n<td><strong>Papildus iesp\u0113jas:<\/strong><\/td>\n<\/tr>\n<tr>\n<td>\u00bb boilera tilpums 80 \u2013 150 litri;<br \/>\n\u00bb diametrs 40 un 45 cm;<br \/>\n\u00bb horizont\u0101ls;<br \/>\n\u00bb vertik\u0101ls;<br \/>\n\u00bb melnais met\u0101ls (biezums 3 mm) vai ner\u016bs\u0113jo\u0161s t\u0113rauds (biezums 2 mm).<\/td>\n<td>\u00bb Liel\u0101ks vai maz\u0101ks tilpums;<br \/>\n\u00bb cits diametrs \u2013 50 cm;<br \/>\n\u00bb horizont\u0101lais boilers komplekt\u0101 ar stiprin\u0101jumiem, kas tiek piestiprin\u0101ti pie sienas, gr\u012bdas vai griestiem;<br \/>\n\u00bb vertik\u0101lais boilers tiek stiprin\u0101ts pie sienas: pieejams gan lab\u0101s, gan kreis\u0101s puses modelis;<br \/>\n\u00bb ir iesp\u0113jams izgatavot no biez\u0101ka met\u0101la.<\/td>\n<\/tr>\n<\/tbody>\n<\/table>\n<h3><\/h3>\n<div class=\"dywp-alert grey\">Atv\u0113rtie boileri karstajam \u016bdenim<\/div>\n<table border=\"0\">\n<tbody>\n<tr>\n<td><\/td>\n<td>Standarta boileru diametrs ir 45 cm. Tr\u012bs nipe\u013ci: viens 1\/2 collas nipelis un divi 3\/4 collas nipe\u013ci.<br \/>\nIzm\u0113ri ir nor\u0101d\u012bti lieto\u0161anas\u00a0<strong><a href=\"https:\/\/skamet.ee\/wp-content\/uploads\/2014\/03\/LAT_Boiler_1lk.pdf\" target=\"_blank\" rel=\"noopener\">instrukcij\u0101<\/a><\/strong><\/td>\n<\/tr>\n<\/tbody>\n<\/table>\n<table border=\"1\">\n<tbody>\n<tr>\n<td><strong>Standarta izstr\u0101d\u0101jumu parametri:<\/strong><\/td>\n<td><strong>Papildus iesp\u0113jas<\/strong>:<\/td>\n<\/tr>\n<tr>\n<td>\u00bb Boilera apjoms 80 \u2013 150 litri;<br \/>\n\u00bb diametrs 45 cm;<br \/>\n\u00bb boilera apak\u0161\u0101 izvietotais \u00bd\u201d nipelis tiek izmantots \u016bdens nolai\u0161anai;<br \/>\n\u00bb uz k\u0101ji\u0146\u0101m: augstums 25 cm;<br \/>\n\u00bb melnais met\u0101ls (biezums 3 mm) vai ner\u016bs\u0113jo\u0161ais met\u0101ls (biezums 2 mm).<\/td>\n<td>\u00bb Liel\u0101ks vai maz\u0101ks tilpums;<br \/>\n<strong>\u00bb<\/strong>\u00a0ir iesp\u0113jama \u010detrst\u016bra forma;<br \/>\n<strong>\u00bb<\/strong>\u00a0var izgatavot bez k\u0101ji\u0146\u0101m, ar sienas stiprin\u0101jumiem;<br \/>\n<strong>\u00bb<\/strong>\u00a0ir iesp\u0113jams izgatavot no biez\u0101ka met\u0101la.<\/td>\n<\/tr>\n<\/tbody>\n<\/table>\n<h3><\/h3>\n<div class=\"dywp-alert grey\">Tvertne ap d\u016bmvadu<\/div>\n<table border=\"0\">\n<tbody>\n<tr>\n<td><\/td>\n<td><strong>Tiek ra\u017eota viena izm\u0113ra karst\u0101 \u016bdens tvertne:<\/strong><br \/>\nAtv\u0113rt\u0101 \u016bdens sild\u012b\u0161anas tvertne tiek uzst\u0101d\u012bta ap d\u016bmvadu, piepildot \u0161o tvertni, J\u016bs ieg\u016bstat \u016bdeni tvaikam. \u016adens uzsilst kr\u0101sns kurin\u0101\u0161anas laik\u0101. \u016adeni silda sakarsus\u012b d\u016bmvada caurule. Ir iesp\u0113jams pas\u016bt\u012bt katlu ar at\u0161\u0137ir\u012bgiem parametriem.<br \/>\nIzm\u0113ri ir nor\u0101d\u012bti lieto\u0161anas\u00a0<a href=\"https:\/\/skamet.ee\/wp-content\/uploads\/2014\/03\/LAT_Boiler_1lk.pdf\" target=\"_blank\" rel=\"noopener\"><strong>instrukcij\u0101<\/strong><\/a><\/td>\n<\/tr>\n<\/tbody>\n<\/table>\n<p>&nbsp;<\/p>\n<table border=\"1\">\n<tbody>\n<tr>\n<td><strong>Standarta izstr\u0101d\u0101jumu parametri<\/strong>:<\/td>\n<td><strong>Papildus iesp\u0113jas<\/strong>:<\/td>\n<\/tr>\n<tr>\n<td>\u00bb diametrs 30 cm, tilpums 25 litri;<br \/>\n\u00bb kop\u0113jais augstums kop\u0101 ar d\u016bmvadu 65 cm, b\u0101ka 41,5 cm;<br \/>\n\u00bb v\u0101ks;<br \/>\n\u00bb d\u016bmvada caurules iek\u0161\u0113jais diametrs 115 mm;<br \/>\n\u00bb viens \u00bd nipelis ar \u0101r\u0113jo v\u012btni.<\/td>\n<td><strong>\u00bb<\/strong>\u00a0Liel\u0101ks vai maz\u0101ks tilpums;<br \/>\n<strong>\u00bb<\/strong>\u00a0var izgatavot augst\u0101ku;<br \/>\n<strong>\u00bb<\/strong>\u00a0var izgatavot \u010detrst\u016brainu;<br \/>\n<strong>\u00bb<\/strong>\u00a0var veidot no ner\u016bs\u0113jo\u0161\u0101 t\u0113rauda.<\/td>\n<\/tr>\n<\/tbody>\n<\/table>\n","protected":false},"excerpt":{"rendered":"<p>M\u0113s izgatavojam standarta boilerus \u016bdens sild\u012b\u0161anai jau kop\u01611990 gadu vidus. Standarta izstr\u0101d\u0101jums ar dobu vidu. Boilers tiek piesl\u0113gts pie kr\u0101sns<\/p>\n","protected":false},"featured_media":40567,"template":"","meta":{"_lmt_disableupdate":"","_lmt_disable":""},"product_brand":[],"product_cat":[305],"product_tag":[],"class_list":{"0":"post-41087","1":"product","2":"type-product","3":"status-publish","4":"has-post-thumbnail","6":"product_cat-puukiuas","8":"first","9":"instock","10":"shipping-taxable","11":"product-type-simple"},"yoast_head":"<!-- This site is optimized with the Yoast SEO plugin v27.0 - https:\/\/yoast.com\/product\/yoast-seo-wordpress\/ -->\n<title>\u016adens boileri - Skamet<\/title>\n<meta name=\"robots\" content=\"index, follow, max-snippet:-1, max-image-preview:large, max-video-preview:-1\" \/>\n<link rel=\"canonical\" href=\"https:\/\/www.skamet.ee\/lv\/tooted\/udens-boileri\/\" \/>\n<meta property=\"og:locale\" content=\"lv_LV\" \/>\n<meta property=\"og:type\" content=\"article\" \/>\n<meta property=\"og:title\" content=\"\u016adens boileri - Skamet\" \/>\n<meta property=\"og:description\" content=\"M\u0113s izgatavojam standarta boilerus \u016bdens sild\u012b\u0161anai jau kop\u01611990 gadu vidus. Standarta izstr\u0101d\u0101jums ar dobu vidu. Boilers tiek piesl\u0113gts pie kr\u0101sns\" \/>\n<meta property=\"og:url\" content=\"https:\/\/www.skamet.ee\/lv\/tooted\/udens-boileri\/\" \/>\n<meta property=\"og:site_name\" content=\"Skamet\" \/>\n<meta property=\"article:modified_time\" content=\"2021-05-19T05:25:11+00:00\" \/>\n<meta property=\"og:image\" content=\"https:\/\/www.skamet.ee\/wp-content\/uploads\/2021\/03\/BOT-22-RV-231x300-1.png\" \/>\n\t<meta property=\"og:image:width\" content=\"231\" \/>\n\t<meta property=\"og:image:height\" content=\"300\" \/>\n\t<meta property=\"og:image:type\" content=\"image\/png\" \/>\n<meta name=\"twitter:card\" content=\"summary_large_image\" \/>\n<meta name=\"twitter:label1\" content=\"Est. reading time\" \/>\n\t<meta name=\"twitter:data1\" content=\"2 min\u016btes\" \/>\n<script type=\"application\/ld+json\" class=\"yoast-schema-graph\">{\"@context\":\"https:\/\/schema.org\",\"@graph\":[{\"@type\":\"WebPage\",\"@id\":\"https:\/\/www.skamet.ee\/lv\/tooted\/udens-boileri\/\",\"url\":\"https:\/\/www.skamet.ee\/lv\/tooted\/udens-boileri\/\",\"name\":\"\u016adens boileri - Skamet\",\"isPartOf\":{\"@id\":\"https:\/\/www.skamet.ee\/#website\"},\"primaryImageOfPage\":{\"@id\":\"https:\/\/www.skamet.ee\/lv\/tooted\/udens-boileri\/#primaryimage\"},\"image\":{\"@id\":\"https:\/\/www.skamet.ee\/lv\/tooted\/udens-boileri\/#primaryimage\"},\"thumbnailUrl\":\"https:\/\/www.skamet.ee\/wp-content\/uploads\/2021\/03\/BOT-22-RV-231x300-1.png\",\"datePublished\":\"2021-05-06T12:49:03+00:00\",\"dateModified\":\"2021-05-19T05:25:11+00:00\",\"breadcrumb\":{\"@id\":\"https:\/\/www.skamet.ee\/lv\/tooted\/udens-boileri\/#breadcrumb\"},\"inLanguage\":\"lv-LV\",\"potentialAction\":[{\"@type\":\"ReadAction\",\"target\":[\"https:\/\/www.skamet.ee\/lv\/tooted\/udens-boileri\/\"]}]},{\"@type\":\"ImageObject\",\"inLanguage\":\"lv-LV\",\"@id\":\"https:\/\/www.skamet.ee\/lv\/tooted\/udens-boileri\/#primaryimage\",\"url\":\"https:\/\/www.skamet.ee\/wp-content\/uploads\/2021\/03\/BOT-22-RV-231x300-1.png\",\"contentUrl\":\"https:\/\/www.skamet.ee\/wp-content\/uploads\/2021\/03\/BOT-22-RV-231x300-1.png\",\"width\":231,\"height\":300,\"caption\":\"BOT 22 RV 231x300 1\"},{\"@type\":\"BreadcrumbList\",\"@id\":\"https:\/\/www.skamet.ee\/lv\/tooted\/udens-boileri\/#breadcrumb\",\"itemListElement\":[{\"@type\":\"ListItem\",\"position\":1,\"name\":\"Home\",\"item\":\"https:\/\/www.skamet.ee\/lv\/\"},{\"@type\":\"ListItem\",\"position\":2,\"name\":\"Produkti\",\"item\":\"https:\/\/www.skamet.ee\/lv\/shop-2\/\"},{\"@type\":\"ListItem\",\"position\":3,\"name\":\"\u016adens boileri\"}]},{\"@type\":\"WebSite\",\"@id\":\"https:\/\/www.skamet.ee\/#website\",\"url\":\"https:\/\/www.skamet.ee\/\",\"name\":\"Skamet O\u00dc\",\"description\":\"Efektiivsed puuk\u00fcttega saunaahjud Eesti tootjalt\",\"publisher\":{\"@id\":\"https:\/\/www.skamet.ee\/#organization\"},\"potentialAction\":[{\"@type\":\"SearchAction\",\"target\":{\"@type\":\"EntryPoint\",\"urlTemplate\":\"https:\/\/www.skamet.ee\/?s={search_term_string}\"},\"query-input\":{\"@type\":\"PropertyValueSpecification\",\"valueRequired\":true,\"valueName\":\"search_term_string\"}}],\"inLanguage\":\"lv-LV\"},{\"@type\":\"Organization\",\"@id\":\"https:\/\/www.skamet.ee\/#organization\",\"name\":\"Skamet\",\"url\":\"https:\/\/www.skamet.ee\/\",\"logo\":{\"@type\":\"ImageObject\",\"inLanguage\":\"lv-LV\",\"@id\":\"https:\/\/www.skamet.ee\/#\/schema\/logo\/image\/\",\"url\":\"https:\/\/www.skamet.ee\/wp-content\/uploads\/2015\/05\/logo-uus.png\",\"contentUrl\":\"https:\/\/www.skamet.ee\/wp-content\/uploads\/2015\/05\/logo-uus.png\",\"width\":300,\"height\":127,\"caption\":\"Skamet\"},\"image\":{\"@id\":\"https:\/\/www.skamet.ee\/#\/schema\/logo\/image\/\"}}]}<\/script>\n<!-- \/ Yoast SEO plugin. -->","yoast_head_json":{"title":"\u016adens boileri - Skamet","robots":{"index":"index","follow":"follow","max-snippet":"max-snippet:-1","max-image-preview":"max-image-preview:large","max-video-preview":"max-video-preview:-1"},"canonical":"https:\/\/www.skamet.ee\/lv\/tooted\/udens-boileri\/","og_locale":"lv_LV","og_type":"article","og_title":"\u016adens boileri - Skamet","og_description":"M\u0113s izgatavojam standarta boilerus \u016bdens sild\u012b\u0161anai jau kop\u01611990 gadu vidus. Standarta izstr\u0101d\u0101jums ar dobu vidu. Boilers tiek piesl\u0113gts pie kr\u0101sns","og_url":"https:\/\/www.skamet.ee\/lv\/tooted\/udens-boileri\/","og_site_name":"Skamet","article_modified_time":"2021-05-19T05:25:11+00:00","og_image":[{"width":231,"height":300,"url":"https:\/\/www.skamet.ee\/wp-content\/uploads\/2021\/03\/BOT-22-RV-231x300-1.png","type":"image\/png"}],"twitter_card":"summary_large_image","twitter_misc":{"Est. reading time":"2 min\u016btes"},"schema":{"@context":"https:\/\/schema.org","@graph":[{"@type":"WebPage","@id":"https:\/\/www.skamet.ee\/lv\/tooted\/udens-boileri\/","url":"https:\/\/www.skamet.ee\/lv\/tooted\/udens-boileri\/","name":"\u016adens boileri - Skamet","isPartOf":{"@id":"https:\/\/www.skamet.ee\/#website"},"primaryImageOfPage":{"@id":"https:\/\/www.skamet.ee\/lv\/tooted\/udens-boileri\/#primaryimage"},"image":{"@id":"https:\/\/www.skamet.ee\/lv\/tooted\/udens-boileri\/#primaryimage"},"thumbnailUrl":"https:\/\/www.skamet.ee\/wp-content\/uploads\/2021\/03\/BOT-22-RV-231x300-1.png","datePublished":"2021-05-06T12:49:03+00:00","dateModified":"2021-05-19T05:25:11+00:00","breadcrumb":{"@id":"https:\/\/www.skamet.ee\/lv\/tooted\/udens-boileri\/#breadcrumb"},"inLanguage":"lv-LV","potentialAction":[{"@type":"ReadAction","target":["https:\/\/www.skamet.ee\/lv\/tooted\/udens-boileri\/"]}]},{"@type":"ImageObject","inLanguage":"lv-LV","@id":"https:\/\/www.skamet.ee\/lv\/tooted\/udens-boileri\/#primaryimage","url":"https:\/\/www.skamet.ee\/wp-content\/uploads\/2021\/03\/BOT-22-RV-231x300-1.png","contentUrl":"https:\/\/www.skamet.ee\/wp-content\/uploads\/2021\/03\/BOT-22-RV-231x300-1.png","width":231,"height":300,"caption":"BOT 22 RV 231x300 1"},{"@type":"BreadcrumbList","@id":"https:\/\/www.skamet.ee\/lv\/tooted\/udens-boileri\/#breadcrumb","itemListElement":[{"@type":"ListItem","position":1,"name":"Home","item":"https:\/\/www.skamet.ee\/lv\/"},{"@type":"ListItem","position":2,"name":"Produkti","item":"https:\/\/www.skamet.ee\/lv\/shop-2\/"},{"@type":"ListItem","position":3,"name":"\u016adens boileri"}]},{"@type":"WebSite","@id":"https:\/\/www.skamet.ee\/#website","url":"https:\/\/www.skamet.ee\/","name":"Skamet O\u00dc","description":"Efektiivsed puuk\u00fcttega saunaahjud Eesti tootjalt","publisher":{"@id":"https:\/\/www.skamet.ee\/#organization"},"potentialAction":[{"@type":"SearchAction","target":{"@type":"EntryPoint","urlTemplate":"https:\/\/www.skamet.ee\/?s={search_term_string}"},"query-input":{"@type":"PropertyValueSpecification","valueRequired":true,"valueName":"search_term_string"}}],"inLanguage":"lv-LV"},{"@type":"Organization","@id":"https:\/\/www.skamet.ee\/#organization","name":"Skamet","url":"https:\/\/www.skamet.ee\/","logo":{"@type":"ImageObject","inLanguage":"lv-LV","@id":"https:\/\/www.skamet.ee\/#\/schema\/logo\/image\/","url":"https:\/\/www.skamet.ee\/wp-content\/uploads\/2015\/05\/logo-uus.png","contentUrl":"https:\/\/www.skamet.ee\/wp-content\/uploads\/2015\/05\/logo-uus.png","width":300,"height":127,"caption":"Skamet"},"image":{"@id":"https:\/\/www.skamet.ee\/#\/schema\/logo\/image\/"}}]}},"_links":{"self":[{"href":"https:\/\/www.skamet.ee\/lv\/wp-json\/wp\/v2\/product\/41087","targetHints":{"allow":["GET"]}}],"collection":[{"href":"https:\/\/www.skamet.ee\/lv\/wp-json\/wp\/v2\/product"}],"about":[{"href":"https:\/\/www.skamet.ee\/lv\/wp-json\/wp\/v2\/types\/product"}],"version-history":[{"count":1,"href":"https:\/\/www.skamet.ee\/lv\/wp-json\/wp\/v2\/product\/41087\/revisions"}],"predecessor-version":[{"id":41088,"href":"https:\/\/www.skamet.ee\/lv\/wp-json\/wp\/v2\/product\/41087\/revisions\/41088"}],"wp:featuredmedia":[{"embeddable":true,"href":"https:\/\/www.skamet.ee\/lv\/wp-json\/wp\/v2\/media\/40567"}],"wp:attachment":[{"href":"https:\/\/www.skamet.ee\/lv\/wp-json\/wp\/v2\/media?parent=41087"}],"wp:term":[{"taxonomy":"product_brand","embeddable":true,"href":"https:\/\/www.skamet.ee\/lv\/wp-json\/wp\/v2\/product_brand?post=41087"},{"taxonomy":"product_cat","embeddable":true,"href":"https:\/\/www.skamet.ee\/lv\/wp-json\/wp\/v2\/product_cat?post=41087"},{"taxonomy":"product_tag","embeddable":true,"href":"https:\/\/www.skamet.ee\/lv\/wp-json\/wp\/v2\/product_tag?post=41087"}],"curies":[{"name":"wp","href":"https:\/\/api.w.org\/{rel}","templated":true}]}}