{"id":41936,"date":"2021-03-26T14:30:23","date_gmt":"2021-03-26T12:30:23","guid":{"rendered":"https:\/\/uus.skamet.ee\/tooted\/Bez kategorijas\/dumvadu-pareja\/"},"modified":"2021-03-26T14:30:23","modified_gmt":"2021-03-26T12:30:23","slug":"dumvadu-pareja","status":"publish","type":"product","link":"https:\/\/www.skamet.ee\/lv\/tooted\/dumvadu-pareja\/","title":{"rendered":"D\u016bmvadu p\u0101reja"},"content":{"rendered":"<p>D\u016bmvada adapteri ir paredz\u0113ti, lai savienotu divas da\u017e\u0101das diametra d\u016bmvadu vai ats\u0101kt. P\u0101rejot no pirm\u0101s un otr\u0101s dimensijas ir \u0101r\u0113j\u0101 dimensija iek\u0161\u0113jo dimensiju. Piem\u0113ram, 115 (\u0100rvalstu) \u2192 150 (iek\u0161\u0113jais).<\/p>\n<p>Standarta izstr\u0101d\u0101jumu parametri:\tPapildus iesp\u0113jas:<br \/>\n\u00bb Diametrs no 103 mm l\u012bdz 200 mm;<br \/>\n\u00bb materi\u0101ls \u2013 auksti velm\u0113ts melnais met\u0101ls;<br \/>\n\u00bb biezums 1,2 mm.<br \/>\n\u00bb garums 200mm;\t\u00bb varam izgatavot cita, ne standarta diametra caurules;<br \/>\n\u00bb varam izgatavot no ner\u016bs\u0113jo\u0161a t\u0113rauda;<br \/>\n\u00bb var izgatavot no biez\u0101ka met\u0101la.<\/p>\n","protected":false},"excerpt":{"rendered":"<p>D\u016bmvada adapteri ir paredz\u0113ti, lai savienotu divas da\u017e\u0101das diametra d\u016bmvadu vai ats\u0101kt. P\u0101rejot no pirm\u0101s un otr\u0101s dimensijas ir \u0101r\u0113j\u0101<\/p>\n","protected":false},"featured_media":47041,"template":"","meta":{"_lmt_disableupdate":"","_lmt_disable":""},"product_brand":[],"product_cat":[341],"product_tag":[],"class_list":{"0":"post-41936","1":"product","2":"type-product","3":"status-publish","4":"has-post-thumbnail","6":"product_cat-dumvadu-caurules","8":"first","9":"instock","10":"shipping-taxable","11":"product-type-simple"},"yoast_head":"<!-- This site is optimized with the Yoast SEO plugin v27.0 - https:\/\/yoast.com\/product\/yoast-seo-wordpress\/ -->\n<title>D\u016bmvadu p\u0101reja - Skamet<\/title>\n<meta name=\"robots\" content=\"index, follow, max-snippet:-1, max-image-preview:large, max-video-preview:-1\" \/>\n<link rel=\"canonical\" href=\"https:\/\/www.skamet.ee\/tooted\/suitsutoru-uleminek\/\" \/>\n<meta property=\"og:locale\" content=\"lv_LV\" \/>\n<meta property=\"og:type\" content=\"article\" \/>\n<meta property=\"og:title\" content=\"D\u016bmvadu p\u0101reja - Skamet\" \/>\n<meta property=\"og:description\" content=\"D\u016bmvada adapteri ir paredz\u0113ti, lai savienotu divas da\u017e\u0101das diametra d\u016bmvadu vai ats\u0101kt. P\u0101rejot no pirm\u0101s un otr\u0101s dimensijas ir \u0101r\u0113j\u0101\" \/>\n<meta property=\"og:url\" content=\"https:\/\/www.skamet.ee\/tooted\/suitsutoru-uleminek\/\" \/>\n<meta property=\"og:site_name\" content=\"Skamet\" \/>\n<meta property=\"og:image\" content=\"https:\/\/www.skamet.ee\/wp-content\/uploads\/2021\/03\/uleminek-scaled.jpg\" \/>\n\t<meta property=\"og:image:width\" content=\"1708\" \/>\n\t<meta property=\"og:image:height\" content=\"2560\" \/>\n\t<meta property=\"og:image:type\" content=\"image\/jpeg\" \/>\n<meta name=\"twitter:card\" content=\"summary_large_image\" \/>\n<script type=\"application\/ld+json\" class=\"yoast-schema-graph\">{\"@context\":\"https:\/\/schema.org\",\"@graph\":[{\"@type\":\"WebPage\",\"@id\":\"https:\/\/www.skamet.ee\/tooted\/suitsutoru-uleminek\/\",\"url\":\"https:\/\/www.skamet.ee\/tooted\/suitsutoru-uleminek\/\",\"name\":\"D\u016bmvadu p\u0101reja - Skamet\",\"isPartOf\":{\"@id\":\"https:\/\/www.skamet.ee\/#website\"},\"primaryImageOfPage\":{\"@id\":\"https:\/\/www.skamet.ee\/tooted\/suitsutoru-uleminek\/#primaryimage\"},\"image\":{\"@id\":\"https:\/\/www.skamet.ee\/tooted\/suitsutoru-uleminek\/#primaryimage\"},\"thumbnailUrl\":\"https:\/\/www.skamet.ee\/wp-content\/uploads\/2021\/03\/uleminek-scaled.jpg\",\"datePublished\":\"2021-03-26T12:30:23+00:00\",\"breadcrumb\":{\"@id\":\"https:\/\/www.skamet.ee\/tooted\/suitsutoru-uleminek\/#breadcrumb\"},\"inLanguage\":\"lv-LV\",\"potentialAction\":[{\"@type\":\"ReadAction\",\"target\":[\"https:\/\/www.skamet.ee\/tooted\/suitsutoru-uleminek\/\"]}]},{\"@type\":\"ImageObject\",\"inLanguage\":\"lv-LV\",\"@id\":\"https:\/\/www.skamet.ee\/tooted\/suitsutoru-uleminek\/#primaryimage\",\"url\":\"https:\/\/www.skamet.ee\/wp-content\/uploads\/2021\/03\/uleminek-scaled.jpg\",\"contentUrl\":\"https:\/\/www.skamet.ee\/wp-content\/uploads\/2021\/03\/uleminek-scaled.jpg\",\"width\":1708,\"height\":2560,\"caption\":\"uleminek scaled\"},{\"@type\":\"BreadcrumbList\",\"@id\":\"https:\/\/www.skamet.ee\/tooted\/suitsutoru-uleminek\/#breadcrumb\",\"itemListElement\":[{\"@type\":\"ListItem\",\"position\":1,\"name\":\"Home\",\"item\":\"https:\/\/www.skamet.ee\/lv\/\"},{\"@type\":\"ListItem\",\"position\":2,\"name\":\"Produkti\",\"item\":\"https:\/\/www.skamet.ee\/lv\/shop-2\/\"},{\"@type\":\"ListItem\",\"position\":3,\"name\":\"D\u016bmvadu p\u0101reja\"}]},{\"@type\":\"WebSite\",\"@id\":\"https:\/\/www.skamet.ee\/#website\",\"url\":\"https:\/\/www.skamet.ee\/\",\"name\":\"Skamet O\u00dc\",\"description\":\"Efektiivsed puuk\u00fcttega saunaahjud Eesti tootjalt\",\"publisher\":{\"@id\":\"https:\/\/www.skamet.ee\/#organization\"},\"potentialAction\":[{\"@type\":\"SearchAction\",\"target\":{\"@type\":\"EntryPoint\",\"urlTemplate\":\"https:\/\/www.skamet.ee\/?s={search_term_string}\"},\"query-input\":{\"@type\":\"PropertyValueSpecification\",\"valueRequired\":true,\"valueName\":\"search_term_string\"}}],\"inLanguage\":\"lv-LV\"},{\"@type\":\"Organization\",\"@id\":\"https:\/\/www.skamet.ee\/#organization\",\"name\":\"Skamet\",\"url\":\"https:\/\/www.skamet.ee\/\",\"logo\":{\"@type\":\"ImageObject\",\"inLanguage\":\"lv-LV\",\"@id\":\"https:\/\/www.skamet.ee\/#\/schema\/logo\/image\/\",\"url\":\"https:\/\/www.skamet.ee\/wp-content\/uploads\/2015\/05\/logo-uus.png\",\"contentUrl\":\"https:\/\/www.skamet.ee\/wp-content\/uploads\/2015\/05\/logo-uus.png\",\"width\":300,\"height\":127,\"caption\":\"Skamet\"},\"image\":{\"@id\":\"https:\/\/www.skamet.ee\/#\/schema\/logo\/image\/\"}}]}<\/script>\n<!-- \/ Yoast SEO plugin. -->","yoast_head_json":{"title":"D\u016bmvadu p\u0101reja - Skamet","robots":{"index":"index","follow":"follow","max-snippet":"max-snippet:-1","max-image-preview":"max-image-preview:large","max-video-preview":"max-video-preview:-1"},"canonical":"https:\/\/www.skamet.ee\/tooted\/suitsutoru-uleminek\/","og_locale":"lv_LV","og_type":"article","og_title":"D\u016bmvadu p\u0101reja - Skamet","og_description":"D\u016bmvada adapteri ir paredz\u0113ti, lai savienotu divas da\u017e\u0101das diametra d\u016bmvadu vai ats\u0101kt. P\u0101rejot no pirm\u0101s un otr\u0101s dimensijas ir \u0101r\u0113j\u0101","og_url":"https:\/\/www.skamet.ee\/tooted\/suitsutoru-uleminek\/","og_site_name":"Skamet","og_image":[{"width":1708,"height":2560,"url":"https:\/\/www.skamet.ee\/wp-content\/uploads\/2021\/03\/uleminek-scaled.jpg","type":"image\/jpeg"}],"twitter_card":"summary_large_image","schema":{"@context":"https:\/\/schema.org","@graph":[{"@type":"WebPage","@id":"https:\/\/www.skamet.ee\/tooted\/suitsutoru-uleminek\/","url":"https:\/\/www.skamet.ee\/tooted\/suitsutoru-uleminek\/","name":"D\u016bmvadu p\u0101reja - Skamet","isPartOf":{"@id":"https:\/\/www.skamet.ee\/#website"},"primaryImageOfPage":{"@id":"https:\/\/www.skamet.ee\/tooted\/suitsutoru-uleminek\/#primaryimage"},"image":{"@id":"https:\/\/www.skamet.ee\/tooted\/suitsutoru-uleminek\/#primaryimage"},"thumbnailUrl":"https:\/\/www.skamet.ee\/wp-content\/uploads\/2021\/03\/uleminek-scaled.jpg","datePublished":"2021-03-26T12:30:23+00:00","breadcrumb":{"@id":"https:\/\/www.skamet.ee\/tooted\/suitsutoru-uleminek\/#breadcrumb"},"inLanguage":"lv-LV","potentialAction":[{"@type":"ReadAction","target":["https:\/\/www.skamet.ee\/tooted\/suitsutoru-uleminek\/"]}]},{"@type":"ImageObject","inLanguage":"lv-LV","@id":"https:\/\/www.skamet.ee\/tooted\/suitsutoru-uleminek\/#primaryimage","url":"https:\/\/www.skamet.ee\/wp-content\/uploads\/2021\/03\/uleminek-scaled.jpg","contentUrl":"https:\/\/www.skamet.ee\/wp-content\/uploads\/2021\/03\/uleminek-scaled.jpg","width":1708,"height":2560,"caption":"uleminek scaled"},{"@type":"BreadcrumbList","@id":"https:\/\/www.skamet.ee\/tooted\/suitsutoru-uleminek\/#breadcrumb","itemListElement":[{"@type":"ListItem","position":1,"name":"Home","item":"https:\/\/www.skamet.ee\/lv\/"},{"@type":"ListItem","position":2,"name":"Produkti","item":"https:\/\/www.skamet.ee\/lv\/shop-2\/"},{"@type":"ListItem","position":3,"name":"D\u016bmvadu p\u0101reja"}]},{"@type":"WebSite","@id":"https:\/\/www.skamet.ee\/#website","url":"https:\/\/www.skamet.ee\/","name":"Skamet O\u00dc","description":"Efektiivsed puuk\u00fcttega saunaahjud Eesti tootjalt","publisher":{"@id":"https:\/\/www.skamet.ee\/#organization"},"potentialAction":[{"@type":"SearchAction","target":{"@type":"EntryPoint","urlTemplate":"https:\/\/www.skamet.ee\/?s={search_term_string}"},"query-input":{"@type":"PropertyValueSpecification","valueRequired":true,"valueName":"search_term_string"}}],"inLanguage":"lv-LV"},{"@type":"Organization","@id":"https:\/\/www.skamet.ee\/#organization","name":"Skamet","url":"https:\/\/www.skamet.ee\/","logo":{"@type":"ImageObject","inLanguage":"lv-LV","@id":"https:\/\/www.skamet.ee\/#\/schema\/logo\/image\/","url":"https:\/\/www.skamet.ee\/wp-content\/uploads\/2015\/05\/logo-uus.png","contentUrl":"https:\/\/www.skamet.ee\/wp-content\/uploads\/2015\/05\/logo-uus.png","width":300,"height":127,"caption":"Skamet"},"image":{"@id":"https:\/\/www.skamet.ee\/#\/schema\/logo\/image\/"}}]}},"_links":{"self":[{"href":"https:\/\/www.skamet.ee\/lv\/wp-json\/wp\/v2\/product\/41936","targetHints":{"allow":["GET"]}}],"collection":[{"href":"https:\/\/www.skamet.ee\/lv\/wp-json\/wp\/v2\/product"}],"about":[{"href":"https:\/\/www.skamet.ee\/lv\/wp-json\/wp\/v2\/types\/product"}],"version-history":[{"count":0,"href":"https:\/\/www.skamet.ee\/lv\/wp-json\/wp\/v2\/product\/41936\/revisions"}],"wp:featuredmedia":[{"embeddable":true,"href":"https:\/\/www.skamet.ee\/lv\/wp-json\/wp\/v2\/media\/47041"}],"wp:attachment":[{"href":"https:\/\/www.skamet.ee\/lv\/wp-json\/wp\/v2\/media?parent=41936"}],"wp:term":[{"taxonomy":"product_brand","embeddable":true,"href":"https:\/\/www.skamet.ee\/lv\/wp-json\/wp\/v2\/product_brand?post=41936"},{"taxonomy":"product_cat","embeddable":true,"href":"https:\/\/www.skamet.ee\/lv\/wp-json\/wp\/v2\/product_cat?post=41936"},{"taxonomy":"product_tag","embeddable":true,"href":"https:\/\/www.skamet.ee\/lv\/wp-json\/wp\/v2\/product_tag?post=41936"}],"curies":[{"name":"wp","href":"https:\/\/api.w.org\/{rel}","templated":true}]}}