{"id":41937,"date":"2021-03-26T14:28:51","date_gmt":"2021-03-26T12:28:51","guid":{"rendered":"https:\/\/uus.skamet.ee\/tooted\/Bez%20kategorijas\/caurulu-mices\/"},"modified":"2021-05-19T13:52:45","modified_gmt":"2021-05-19T10:52:45","slug":"caurulu-mices","status":"publish","type":"product","link":"https:\/\/www.skamet.ee\/lv\/tooted\/caurulu-mices\/","title":{"rendered":"Cauru\u013cu mices"},"content":{"rendered":"<p>Cauru\u013cu mic\u0113m ir nor\u0101d\u012bts \u0101r\u0113jais diametrs.<br \/>\nMices kav\u0113 nogul\u0161\u0146u non\u0101k\u0161anu caurul\u0113s un kr\u0101sn\u012b.<br \/>\nMi\u010du izm\u0113ri no 103 l\u012bdz 200 mm.<br \/>\nStandarta izstr\u0101d\u0101jumu parametri:\tPapildus iesp\u0113jas:<br \/>\n\u00bb Diametrs no 103 mm l\u012bdz 200 mm;<br \/>\n\u00bb materi\u0101ls \u2013 auksti velm\u0113ts melnais met\u0101ls;<br \/>\n\u00bb biezums 1,2 mm.\t\u00bb varam izgatavot cita, ne standarta diametra caurules;<br \/>\n\u00bb varam izgatavot no ner\u016bs\u0113jo\u0161a t\u0113rauda;<br \/>\n\u00bb var izgatavot no biez\u0101ka met\u0101la.<\/p>\n","protected":false},"excerpt":{"rendered":"<p>Cauru\u013cu mic\u0113m ir nor\u0101d\u012bts \u0101r\u0113jais diametrs. Mices kav\u0113 nogul\u0161\u0146u non\u0101k\u0161anu caurul\u0113s un kr\u0101sn\u012b. Mi\u010du izm\u0113ri no 103 l\u012bdz 200 mm.<\/p>\n","protected":false},"featured_media":39970,"template":"","meta":{"_lmt_disableupdate":"","_lmt_disable":""},"product_brand":[],"product_cat":[332],"product_tag":[],"class_list":{"0":"post-41937","1":"product","2":"type-product","3":"status-publish","4":"has-post-thumbnail","6":"product_cat-pirts-krasnis","8":"first","9":"instock","10":"shipping-taxable","11":"product-type-simple"},"yoast_head":"<!-- This site is optimized with the Yoast SEO plugin v27.0 - https:\/\/yoast.com\/product\/yoast-seo-wordpress\/ -->\n<title>Cauru\u013cu mices - Skamet<\/title>\n<meta name=\"robots\" content=\"index, follow, max-snippet:-1, max-image-preview:large, max-video-preview:-1\" \/>\n<link rel=\"canonical\" href=\"https:\/\/www.skamet.ee\/lv\/tooted\/caurulu-mices\/\" \/>\n<meta property=\"og:locale\" content=\"lv_LV\" \/>\n<meta property=\"og:type\" content=\"article\" \/>\n<meta property=\"og:title\" content=\"Cauru\u013cu mices - Skamet\" \/>\n<meta property=\"og:description\" content=\"Cauru\u013cu mic\u0113m ir nor\u0101d\u012bts \u0101r\u0113jais diametrs. Mices kav\u0113 nogul\u0161\u0146u non\u0101k\u0161anu caurul\u0113s un kr\u0101sn\u012b. Mi\u010du izm\u0113ri no 103 l\u012bdz 200 mm.\" \/>\n<meta property=\"og:url\" content=\"https:\/\/www.skamet.ee\/lv\/tooted\/caurulu-mices\/\" \/>\n<meta property=\"og:site_name\" content=\"Skamet\" \/>\n<meta property=\"article:modified_time\" content=\"2021-05-19T10:52:45+00:00\" \/>\n<meta property=\"og:image\" content=\"https:\/\/www.skamet.ee\/wp-content\/uploads\/2021\/03\/muts_clipped_rev_1-287x300-1.png\" \/>\n\t<meta property=\"og:image:width\" content=\"287\" \/>\n\t<meta property=\"og:image:height\" content=\"300\" \/>\n\t<meta property=\"og:image:type\" content=\"image\/png\" \/>\n<meta name=\"twitter:card\" content=\"summary_large_image\" \/>\n<script type=\"application\/ld+json\" class=\"yoast-schema-graph\">{\"@context\":\"https:\/\/schema.org\",\"@graph\":[{\"@type\":\"WebPage\",\"@id\":\"https:\/\/www.skamet.ee\/lv\/tooted\/caurulu-mices\/\",\"url\":\"https:\/\/www.skamet.ee\/lv\/tooted\/caurulu-mices\/\",\"name\":\"Cauru\u013cu mices - Skamet\",\"isPartOf\":{\"@id\":\"https:\/\/www.skamet.ee\/#website\"},\"primaryImageOfPage\":{\"@id\":\"https:\/\/www.skamet.ee\/lv\/tooted\/caurulu-mices\/#primaryimage\"},\"image\":{\"@id\":\"https:\/\/www.skamet.ee\/lv\/tooted\/caurulu-mices\/#primaryimage\"},\"thumbnailUrl\":\"https:\/\/www.skamet.ee\/wp-content\/uploads\/2021\/03\/muts_clipped_rev_1-287x300-1.png\",\"datePublished\":\"2021-03-26T12:28:51+00:00\",\"dateModified\":\"2021-05-19T10:52:45+00:00\",\"breadcrumb\":{\"@id\":\"https:\/\/www.skamet.ee\/lv\/tooted\/caurulu-mices\/#breadcrumb\"},\"inLanguage\":\"lv-LV\",\"potentialAction\":[{\"@type\":\"ReadAction\",\"target\":[\"https:\/\/www.skamet.ee\/lv\/tooted\/caurulu-mices\/\"]}]},{\"@type\":\"ImageObject\",\"inLanguage\":\"lv-LV\",\"@id\":\"https:\/\/www.skamet.ee\/lv\/tooted\/caurulu-mices\/#primaryimage\",\"url\":\"https:\/\/www.skamet.ee\/wp-content\/uploads\/2021\/03\/muts_clipped_rev_1-287x300-1.png\",\"contentUrl\":\"https:\/\/www.skamet.ee\/wp-content\/uploads\/2021\/03\/muts_clipped_rev_1-287x300-1.png\",\"width\":287,\"height\":300,\"caption\":\"muts clipped rev 1 287x300 1\"},{\"@type\":\"BreadcrumbList\",\"@id\":\"https:\/\/www.skamet.ee\/lv\/tooted\/caurulu-mices\/#breadcrumb\",\"itemListElement\":[{\"@type\":\"ListItem\",\"position\":1,\"name\":\"Home\",\"item\":\"https:\/\/www.skamet.ee\/lv\/\"},{\"@type\":\"ListItem\",\"position\":2,\"name\":\"Produkti\",\"item\":\"https:\/\/www.skamet.ee\/lv\/shop-2\/\"},{\"@type\":\"ListItem\",\"position\":3,\"name\":\"Cauru\u013cu mices\"}]},{\"@type\":\"WebSite\",\"@id\":\"https:\/\/www.skamet.ee\/#website\",\"url\":\"https:\/\/www.skamet.ee\/\",\"name\":\"Skamet O\u00dc\",\"description\":\"Efektiivsed puuk\u00fcttega saunaahjud Eesti tootjalt\",\"publisher\":{\"@id\":\"https:\/\/www.skamet.ee\/#organization\"},\"potentialAction\":[{\"@type\":\"SearchAction\",\"target\":{\"@type\":\"EntryPoint\",\"urlTemplate\":\"https:\/\/www.skamet.ee\/?s={search_term_string}\"},\"query-input\":{\"@type\":\"PropertyValueSpecification\",\"valueRequired\":true,\"valueName\":\"search_term_string\"}}],\"inLanguage\":\"lv-LV\"},{\"@type\":\"Organization\",\"@id\":\"https:\/\/www.skamet.ee\/#organization\",\"name\":\"Skamet\",\"url\":\"https:\/\/www.skamet.ee\/\",\"logo\":{\"@type\":\"ImageObject\",\"inLanguage\":\"lv-LV\",\"@id\":\"https:\/\/www.skamet.ee\/#\/schema\/logo\/image\/\",\"url\":\"https:\/\/www.skamet.ee\/wp-content\/uploads\/2015\/05\/logo-uus.png\",\"contentUrl\":\"https:\/\/www.skamet.ee\/wp-content\/uploads\/2015\/05\/logo-uus.png\",\"width\":300,\"height\":127,\"caption\":\"Skamet\"},\"image\":{\"@id\":\"https:\/\/www.skamet.ee\/#\/schema\/logo\/image\/\"}}]}<\/script>\n<!-- \/ Yoast SEO plugin. -->","yoast_head_json":{"title":"Cauru\u013cu mices - Skamet","robots":{"index":"index","follow":"follow","max-snippet":"max-snippet:-1","max-image-preview":"max-image-preview:large","max-video-preview":"max-video-preview:-1"},"canonical":"https:\/\/www.skamet.ee\/lv\/tooted\/caurulu-mices\/","og_locale":"lv_LV","og_type":"article","og_title":"Cauru\u013cu mices - Skamet","og_description":"Cauru\u013cu mic\u0113m ir nor\u0101d\u012bts \u0101r\u0113jais diametrs. Mices kav\u0113 nogul\u0161\u0146u non\u0101k\u0161anu caurul\u0113s un kr\u0101sn\u012b. Mi\u010du izm\u0113ri no 103 l\u012bdz 200 mm.","og_url":"https:\/\/www.skamet.ee\/lv\/tooted\/caurulu-mices\/","og_site_name":"Skamet","article_modified_time":"2021-05-19T10:52:45+00:00","og_image":[{"width":287,"height":300,"url":"https:\/\/www.skamet.ee\/wp-content\/uploads\/2021\/03\/muts_clipped_rev_1-287x300-1.png","type":"image\/png"}],"twitter_card":"summary_large_image","schema":{"@context":"https:\/\/schema.org","@graph":[{"@type":"WebPage","@id":"https:\/\/www.skamet.ee\/lv\/tooted\/caurulu-mices\/","url":"https:\/\/www.skamet.ee\/lv\/tooted\/caurulu-mices\/","name":"Cauru\u013cu mices - Skamet","isPartOf":{"@id":"https:\/\/www.skamet.ee\/#website"},"primaryImageOfPage":{"@id":"https:\/\/www.skamet.ee\/lv\/tooted\/caurulu-mices\/#primaryimage"},"image":{"@id":"https:\/\/www.skamet.ee\/lv\/tooted\/caurulu-mices\/#primaryimage"},"thumbnailUrl":"https:\/\/www.skamet.ee\/wp-content\/uploads\/2021\/03\/muts_clipped_rev_1-287x300-1.png","datePublished":"2021-03-26T12:28:51+00:00","dateModified":"2021-05-19T10:52:45+00:00","breadcrumb":{"@id":"https:\/\/www.skamet.ee\/lv\/tooted\/caurulu-mices\/#breadcrumb"},"inLanguage":"lv-LV","potentialAction":[{"@type":"ReadAction","target":["https:\/\/www.skamet.ee\/lv\/tooted\/caurulu-mices\/"]}]},{"@type":"ImageObject","inLanguage":"lv-LV","@id":"https:\/\/www.skamet.ee\/lv\/tooted\/caurulu-mices\/#primaryimage","url":"https:\/\/www.skamet.ee\/wp-content\/uploads\/2021\/03\/muts_clipped_rev_1-287x300-1.png","contentUrl":"https:\/\/www.skamet.ee\/wp-content\/uploads\/2021\/03\/muts_clipped_rev_1-287x300-1.png","width":287,"height":300,"caption":"muts clipped rev 1 287x300 1"},{"@type":"BreadcrumbList","@id":"https:\/\/www.skamet.ee\/lv\/tooted\/caurulu-mices\/#breadcrumb","itemListElement":[{"@type":"ListItem","position":1,"name":"Home","item":"https:\/\/www.skamet.ee\/lv\/"},{"@type":"ListItem","position":2,"name":"Produkti","item":"https:\/\/www.skamet.ee\/lv\/shop-2\/"},{"@type":"ListItem","position":3,"name":"Cauru\u013cu mices"}]},{"@type":"WebSite","@id":"https:\/\/www.skamet.ee\/#website","url":"https:\/\/www.skamet.ee\/","name":"Skamet O\u00dc","description":"Efektiivsed puuk\u00fcttega saunaahjud Eesti tootjalt","publisher":{"@id":"https:\/\/www.skamet.ee\/#organization"},"potentialAction":[{"@type":"SearchAction","target":{"@type":"EntryPoint","urlTemplate":"https:\/\/www.skamet.ee\/?s={search_term_string}"},"query-input":{"@type":"PropertyValueSpecification","valueRequired":true,"valueName":"search_term_string"}}],"inLanguage":"lv-LV"},{"@type":"Organization","@id":"https:\/\/www.skamet.ee\/#organization","name":"Skamet","url":"https:\/\/www.skamet.ee\/","logo":{"@type":"ImageObject","inLanguage":"lv-LV","@id":"https:\/\/www.skamet.ee\/#\/schema\/logo\/image\/","url":"https:\/\/www.skamet.ee\/wp-content\/uploads\/2015\/05\/logo-uus.png","contentUrl":"https:\/\/www.skamet.ee\/wp-content\/uploads\/2015\/05\/logo-uus.png","width":300,"height":127,"caption":"Skamet"},"image":{"@id":"https:\/\/www.skamet.ee\/#\/schema\/logo\/image\/"}}]}},"_links":{"self":[{"href":"https:\/\/www.skamet.ee\/lv\/wp-json\/wp\/v2\/product\/41937","targetHints":{"allow":["GET"]}}],"collection":[{"href":"https:\/\/www.skamet.ee\/lv\/wp-json\/wp\/v2\/product"}],"about":[{"href":"https:\/\/www.skamet.ee\/lv\/wp-json\/wp\/v2\/types\/product"}],"version-history":[{"count":2,"href":"https:\/\/www.skamet.ee\/lv\/wp-json\/wp\/v2\/product\/41937\/revisions"}],"predecessor-version":[{"id":41954,"href":"https:\/\/www.skamet.ee\/lv\/wp-json\/wp\/v2\/product\/41937\/revisions\/41954"}],"wp:featuredmedia":[{"embeddable":true,"href":"https:\/\/www.skamet.ee\/lv\/wp-json\/wp\/v2\/media\/39970"}],"wp:attachment":[{"href":"https:\/\/www.skamet.ee\/lv\/wp-json\/wp\/v2\/media?parent=41937"}],"wp:term":[{"taxonomy":"product_brand","embeddable":true,"href":"https:\/\/www.skamet.ee\/lv\/wp-json\/wp\/v2\/product_brand?post=41937"},{"taxonomy":"product_cat","embeddable":true,"href":"https:\/\/www.skamet.ee\/lv\/wp-json\/wp\/v2\/product_cat?post=41937"},{"taxonomy":"product_tag","embeddable":true,"href":"https:\/\/www.skamet.ee\/lv\/wp-json\/wp\/v2\/product_tag?post=41937"}],"curies":[{"name":"wp","href":"https:\/\/api.w.org\/{rel}","templated":true}]}}