{"id":41939,"date":"2021-03-26T14:25:13","date_gmt":"2021-03-26T12:25:13","guid":{"rendered":"https:\/\/uus.skamet.ee\/tooted\/Bez kategorijas\/siberi\/"},"modified":"2021-03-26T14:25:13","modified_gmt":"2021-03-26T12:25:13","slug":"siberi","status":"publish","type":"product","link":"https:\/\/www.skamet.ee\/lv\/tooted\/siberi\/","title":{"rendered":"\u0160\u012bberi"},"content":{"rendered":"<p>Nor\u0101d\u012btais d\u016bmvadu caurules izm\u0113rs apz\u012bm\u0113 iek\u0161\u0113jo diametru. Vien\u0101 p\u0101rliekam\u0101 \u0161\u012bbera gal\u0101 ir mufta (\u0101r\u0113jais muftas diametrs ir vien\u0101ds ar caurules iek\u0161\u0113jo diametru otr\u0101 gal\u0101). Izb\u012bd\u0101m\u0101 \u0161\u012bbera iek\u0161\u0113jais diametrs vien\u0101 pus\u0113 sakr\u012bt ar \u0101r\u0113jo diametru otr\u0101 pus\u0113. Abu veidu \u0161\u012bberus var savienot ar cit\u0101m caurul\u0113m.<br \/>\nIzm\u0113ri ir nor\u0101d\u012bti lieto\u0161anas instrukcij\u0101.<\/p>\n<p>Standarta izstr\u0101d\u0101jumu parametri:\tPapildus iesp\u0113jas:<br \/>\n\u00bb Diametrs no 103 mm l\u012bdz 200 mm;<br \/>\n\u00bb materi\u0101ls \u2013 auksti velm\u0113ts melnais met\u0101ls;<br \/>\n\u00bb izb\u012bd\u0101mo \u0161\u012bberu garums ir 80 mm, p\u0101rliekamo \u0161\u012bberu garums ir 300 mm;<br \/>\n\u00bb biezums 1,2 mm.\t\u00bb varam izgatavot cita, ne standarta diametra caurules;<br \/>\n\u00bb varam izgatavot no ner\u016bs\u0113jo\u0161a t\u0113rauda;<br \/>\n\u00bb varam izgatavot pagarin\u0101tas vai no\u012bsin\u0101tas caurules;<br \/>\n\u00bb var izgatavot no biez\u0101ka met\u0101la.<\/p>\n","protected":false},"excerpt":{"rendered":"<p>Nor\u0101d\u012btais d\u016bmvadu caurules izm\u0113rs apz\u012bm\u0113 iek\u0161\u0113jo diametru. Vien\u0101 p\u0101rliekam\u0101 \u0161\u012bbera gal\u0101 ir mufta (\u0101r\u0113jais muftas diametrs ir vien\u0101ds ar caurules<\/p>\n","protected":false},"featured_media":47024,"template":"","meta":{"_lmt_disableupdate":"","_lmt_disable":""},"product_brand":[],"product_cat":[341],"product_tag":[],"class_list":{"0":"post-41939","1":"product","2":"type-product","3":"status-publish","4":"has-post-thumbnail","6":"product_cat-dumvadu-caurules","8":"first","9":"instock","10":"shipping-taxable","11":"product-type-simple"},"yoast_head":"<!-- This site is optimized with the Yoast SEO plugin v27.0 - https:\/\/yoast.com\/product\/yoast-seo-wordpress\/ -->\n<title>\u0160\u012bberi - Skamet<\/title>\n<meta name=\"robots\" content=\"index, follow, max-snippet:-1, max-image-preview:large, max-video-preview:-1\" \/>\n<link rel=\"canonical\" href=\"https:\/\/www.skamet.ee\/lv\/tooted\/siberi\/\" \/>\n<meta property=\"og:locale\" content=\"lv_LV\" \/>\n<meta property=\"og:type\" content=\"article\" \/>\n<meta property=\"og:title\" content=\"\u0160\u012bberi - Skamet\" \/>\n<meta property=\"og:description\" content=\"Nor\u0101d\u012btais d\u016bmvadu caurules izm\u0113rs apz\u012bm\u0113 iek\u0161\u0113jo diametru. Vien\u0101 p\u0101rliekam\u0101 \u0161\u012bbera gal\u0101 ir mufta (\u0101r\u0113jais muftas diametrs ir vien\u0101ds ar caurules\" \/>\n<meta property=\"og:url\" content=\"https:\/\/www.skamet.ee\/lv\/tooted\/siberi\/\" \/>\n<meta property=\"og:site_name\" content=\"Skamet\" \/>\n<meta property=\"og:image\" content=\"https:\/\/www.skamet.ee\/wp-content\/uploads\/2021\/03\/sbr-115-scaled.jpg\" \/>\n\t<meta property=\"og:image:width\" content=\"2560\" \/>\n\t<meta property=\"og:image:height\" content=\"1708\" \/>\n\t<meta property=\"og:image:type\" content=\"image\/jpeg\" \/>\n<meta name=\"twitter:card\" content=\"summary_large_image\" \/>\n<meta name=\"twitter:label1\" content=\"Est. reading time\" \/>\n\t<meta name=\"twitter:data1\" content=\"1 min\u016b\u0161u\" \/>\n<script type=\"application\/ld+json\" class=\"yoast-schema-graph\">{\"@context\":\"https:\/\/schema.org\",\"@graph\":[{\"@type\":\"WebPage\",\"@id\":\"https:\/\/www.skamet.ee\/lv\/tooted\/siberi\/\",\"url\":\"https:\/\/www.skamet.ee\/lv\/tooted\/siberi\/\",\"name\":\"\u0160\u012bberi - Skamet\",\"isPartOf\":{\"@id\":\"https:\/\/www.skamet.ee\/#website\"},\"primaryImageOfPage\":{\"@id\":\"https:\/\/www.skamet.ee\/lv\/tooted\/siberi\/#primaryimage\"},\"image\":{\"@id\":\"https:\/\/www.skamet.ee\/lv\/tooted\/siberi\/#primaryimage\"},\"thumbnailUrl\":\"https:\/\/www.skamet.ee\/wp-content\/uploads\/2021\/03\/sbr-115-scaled.jpg\",\"datePublished\":\"2021-03-26T12:25:13+00:00\",\"breadcrumb\":{\"@id\":\"https:\/\/www.skamet.ee\/lv\/tooted\/siberi\/#breadcrumb\"},\"inLanguage\":\"lv-LV\",\"potentialAction\":[{\"@type\":\"ReadAction\",\"target\":[\"https:\/\/www.skamet.ee\/lv\/tooted\/siberi\/\"]}]},{\"@type\":\"ImageObject\",\"inLanguage\":\"lv-LV\",\"@id\":\"https:\/\/www.skamet.ee\/lv\/tooted\/siberi\/#primaryimage\",\"url\":\"https:\/\/www.skamet.ee\/wp-content\/uploads\/2021\/03\/sbr-115-scaled.jpg\",\"contentUrl\":\"https:\/\/www.skamet.ee\/wp-content\/uploads\/2021\/03\/sbr-115-scaled.jpg\",\"width\":2560,\"height\":1708,\"caption\":\"sbr 115 scaled\"},{\"@type\":\"BreadcrumbList\",\"@id\":\"https:\/\/www.skamet.ee\/lv\/tooted\/siberi\/#breadcrumb\",\"itemListElement\":[{\"@type\":\"ListItem\",\"position\":1,\"name\":\"Home\",\"item\":\"https:\/\/www.skamet.ee\/lv\/\"},{\"@type\":\"ListItem\",\"position\":2,\"name\":\"Produkti\",\"item\":\"https:\/\/www.skamet.ee\/lv\/shop-2\/\"},{\"@type\":\"ListItem\",\"position\":3,\"name\":\"\u0160\u012bberi\"}]},{\"@type\":\"WebSite\",\"@id\":\"https:\/\/www.skamet.ee\/#website\",\"url\":\"https:\/\/www.skamet.ee\/\",\"name\":\"Skamet O\u00dc\",\"description\":\"Efektiivsed puuk\u00fcttega saunaahjud Eesti tootjalt\",\"publisher\":{\"@id\":\"https:\/\/www.skamet.ee\/#organization\"},\"potentialAction\":[{\"@type\":\"SearchAction\",\"target\":{\"@type\":\"EntryPoint\",\"urlTemplate\":\"https:\/\/www.skamet.ee\/?s={search_term_string}\"},\"query-input\":{\"@type\":\"PropertyValueSpecification\",\"valueRequired\":true,\"valueName\":\"search_term_string\"}}],\"inLanguage\":\"lv-LV\"},{\"@type\":\"Organization\",\"@id\":\"https:\/\/www.skamet.ee\/#organization\",\"name\":\"Skamet\",\"url\":\"https:\/\/www.skamet.ee\/\",\"logo\":{\"@type\":\"ImageObject\",\"inLanguage\":\"lv-LV\",\"@id\":\"https:\/\/www.skamet.ee\/#\/schema\/logo\/image\/\",\"url\":\"https:\/\/www.skamet.ee\/wp-content\/uploads\/2015\/05\/logo-uus.png\",\"contentUrl\":\"https:\/\/www.skamet.ee\/wp-content\/uploads\/2015\/05\/logo-uus.png\",\"width\":300,\"height\":127,\"caption\":\"Skamet\"},\"image\":{\"@id\":\"https:\/\/www.skamet.ee\/#\/schema\/logo\/image\/\"}}]}<\/script>\n<!-- \/ Yoast SEO plugin. -->","yoast_head_json":{"title":"\u0160\u012bberi - Skamet","robots":{"index":"index","follow":"follow","max-snippet":"max-snippet:-1","max-image-preview":"max-image-preview:large","max-video-preview":"max-video-preview:-1"},"canonical":"https:\/\/www.skamet.ee\/lv\/tooted\/siberi\/","og_locale":"lv_LV","og_type":"article","og_title":"\u0160\u012bberi - Skamet","og_description":"Nor\u0101d\u012btais d\u016bmvadu caurules izm\u0113rs apz\u012bm\u0113 iek\u0161\u0113jo diametru. Vien\u0101 p\u0101rliekam\u0101 \u0161\u012bbera gal\u0101 ir mufta (\u0101r\u0113jais muftas diametrs ir vien\u0101ds ar caurules","og_url":"https:\/\/www.skamet.ee\/lv\/tooted\/siberi\/","og_site_name":"Skamet","og_image":[{"width":2560,"height":1708,"url":"https:\/\/www.skamet.ee\/wp-content\/uploads\/2021\/03\/sbr-115-scaled.jpg","type":"image\/jpeg"}],"twitter_card":"summary_large_image","twitter_misc":{"Est. reading time":"1 min\u016b\u0161u"},"schema":{"@context":"https:\/\/schema.org","@graph":[{"@type":"WebPage","@id":"https:\/\/www.skamet.ee\/lv\/tooted\/siberi\/","url":"https:\/\/www.skamet.ee\/lv\/tooted\/siberi\/","name":"\u0160\u012bberi - Skamet","isPartOf":{"@id":"https:\/\/www.skamet.ee\/#website"},"primaryImageOfPage":{"@id":"https:\/\/www.skamet.ee\/lv\/tooted\/siberi\/#primaryimage"},"image":{"@id":"https:\/\/www.skamet.ee\/lv\/tooted\/siberi\/#primaryimage"},"thumbnailUrl":"https:\/\/www.skamet.ee\/wp-content\/uploads\/2021\/03\/sbr-115-scaled.jpg","datePublished":"2021-03-26T12:25:13+00:00","breadcrumb":{"@id":"https:\/\/www.skamet.ee\/lv\/tooted\/siberi\/#breadcrumb"},"inLanguage":"lv-LV","potentialAction":[{"@type":"ReadAction","target":["https:\/\/www.skamet.ee\/lv\/tooted\/siberi\/"]}]},{"@type":"ImageObject","inLanguage":"lv-LV","@id":"https:\/\/www.skamet.ee\/lv\/tooted\/siberi\/#primaryimage","url":"https:\/\/www.skamet.ee\/wp-content\/uploads\/2021\/03\/sbr-115-scaled.jpg","contentUrl":"https:\/\/www.skamet.ee\/wp-content\/uploads\/2021\/03\/sbr-115-scaled.jpg","width":2560,"height":1708,"caption":"sbr 115 scaled"},{"@type":"BreadcrumbList","@id":"https:\/\/www.skamet.ee\/lv\/tooted\/siberi\/#breadcrumb","itemListElement":[{"@type":"ListItem","position":1,"name":"Home","item":"https:\/\/www.skamet.ee\/lv\/"},{"@type":"ListItem","position":2,"name":"Produkti","item":"https:\/\/www.skamet.ee\/lv\/shop-2\/"},{"@type":"ListItem","position":3,"name":"\u0160\u012bberi"}]},{"@type":"WebSite","@id":"https:\/\/www.skamet.ee\/#website","url":"https:\/\/www.skamet.ee\/","name":"Skamet O\u00dc","description":"Efektiivsed puuk\u00fcttega saunaahjud Eesti tootjalt","publisher":{"@id":"https:\/\/www.skamet.ee\/#organization"},"potentialAction":[{"@type":"SearchAction","target":{"@type":"EntryPoint","urlTemplate":"https:\/\/www.skamet.ee\/?s={search_term_string}"},"query-input":{"@type":"PropertyValueSpecification","valueRequired":true,"valueName":"search_term_string"}}],"inLanguage":"lv-LV"},{"@type":"Organization","@id":"https:\/\/www.skamet.ee\/#organization","name":"Skamet","url":"https:\/\/www.skamet.ee\/","logo":{"@type":"ImageObject","inLanguage":"lv-LV","@id":"https:\/\/www.skamet.ee\/#\/schema\/logo\/image\/","url":"https:\/\/www.skamet.ee\/wp-content\/uploads\/2015\/05\/logo-uus.png","contentUrl":"https:\/\/www.skamet.ee\/wp-content\/uploads\/2015\/05\/logo-uus.png","width":300,"height":127,"caption":"Skamet"},"image":{"@id":"https:\/\/www.skamet.ee\/#\/schema\/logo\/image\/"}}]}},"_links":{"self":[{"href":"https:\/\/www.skamet.ee\/lv\/wp-json\/wp\/v2\/product\/41939","targetHints":{"allow":["GET"]}}],"collection":[{"href":"https:\/\/www.skamet.ee\/lv\/wp-json\/wp\/v2\/product"}],"about":[{"href":"https:\/\/www.skamet.ee\/lv\/wp-json\/wp\/v2\/types\/product"}],"version-history":[{"count":0,"href":"https:\/\/www.skamet.ee\/lv\/wp-json\/wp\/v2\/product\/41939\/revisions"}],"wp:featuredmedia":[{"embeddable":true,"href":"https:\/\/www.skamet.ee\/lv\/wp-json\/wp\/v2\/media\/47024"}],"wp:attachment":[{"href":"https:\/\/www.skamet.ee\/lv\/wp-json\/wp\/v2\/media?parent=41939"}],"wp:term":[{"taxonomy":"product_brand","embeddable":true,"href":"https:\/\/www.skamet.ee\/lv\/wp-json\/wp\/v2\/product_brand?post=41939"},{"taxonomy":"product_cat","embeddable":true,"href":"https:\/\/www.skamet.ee\/lv\/wp-json\/wp\/v2\/product_cat?post=41939"},{"taxonomy":"product_tag","embeddable":true,"href":"https:\/\/www.skamet.ee\/lv\/wp-json\/wp\/v2\/product_tag?post=41939"}],"curies":[{"name":"wp","href":"https:\/\/api.w.org\/{rel}","templated":true}]}}