{"id":41940,"date":"2021-03-26T14:23:37","date_gmt":"2021-03-26T12:23:37","guid":{"rendered":"https:\/\/uus.skamet.ee\/tooted\/Bez kategorijas\/locijumi\/"},"modified":"2021-03-26T14:23:37","modified_gmt":"2021-03-26T12:23:37","slug":"locijumi","status":"publish","type":"product","link":"https:\/\/www.skamet.ee\/lv\/tooted\/locijumi\/","title":{"rendered":"Loc\u012bjumi"},"content":{"rendered":"<p>Uz loc\u012bjuma nor\u0101d\u012btais d\u016bmvada caurules diametrs ir iek\u0161\u0113jais diametrs. Visi loc\u012bjumi ir bez muft\u0101m, kas noz\u012bm\u0113 to, ka iek\u0161\u0113jais diametrs ir vien\u0101ds abos galos. Loc\u012bjumu ir iesp\u0113jams apr\u012bkot ar p\u0101rliekamu vai izvelkamu \u0161\u012bberi. Ir iesp\u0113jams loc\u012bjumu apr\u012bkot ar l\u016bku kv\u0113pu t\u012br\u012b\u0161anai, kas tiek piestiprin\u0101ta ar skr\u016bvju pal\u012bdz\u012bbu. D\u016bmvadu caurules loc\u012bjumus ir iesp\u0113jams savienot ar muftu pal\u012bdz\u012bbu, skat\u012bt zem\u0101k.<br \/>\nIzm\u0113ri ir nor\u0101d\u012bti lieto\u0161anas instrukcij\u0101.<br \/>\nStandarta izstr\u0101d\u0101jumu parametri:\tPapildus iesp\u0113jas:<br \/>\n\u00bb diametrs no 103 mm l\u012bdz 200 mm;<br \/>\n\u00bb materi\u0101ls \u2013 auksti velm\u0113ts melnais met\u0101ls;<br \/>\n\u00bb garums tiek m\u0113r\u012bts no loc\u012bjuma beig\u0101m (no 300 l\u012bdz 1000 mm);<br \/>\n\u00bb loc\u012bjuma le\u0146\u0137i 90 un 135 gr\u0101dos;<br \/>\n\u00bb biezums 1,2 mm.\t\u00bb varam izgatavot cita, ne standarta diametra caurules;<br \/>\n\u00bb varam izgatavot no ner\u016bs\u0113jo\u0161a t\u0113rauda;<br \/>\n\u00bb varam izgatavot pagarin\u0101tas vai no\u012bsin\u0101tas caurules;<br \/>\n\u00bb varam izgatavot ar citu le\u0146\u0137i;<br \/>\n\u00bb var izgatavot no biez\u0101ka met\u0101la.<\/p>\n","protected":false},"excerpt":{"rendered":"<p>Uz loc\u012bjuma nor\u0101d\u012btais d\u016bmvada caurules diametrs ir iek\u0161\u0113jais diametrs. Visi loc\u012bjumi ir bez muft\u0101m, kas noz\u012bm\u0113 to, ka iek\u0161\u0113jais diametrs<\/p>\n","protected":false},"featured_media":47051,"template":"","meta":{"_lmt_disableupdate":"","_lmt_disable":""},"product_brand":[],"product_cat":[341],"product_tag":[],"class_list":{"0":"post-41940","1":"product","2":"type-product","3":"status-publish","4":"has-post-thumbnail","6":"product_cat-dumvadu-caurules","8":"first","9":"instock","10":"shipping-taxable","11":"product-type-simple"},"yoast_head":"<!-- This site is optimized with the Yoast SEO plugin v27.0 - https:\/\/yoast.com\/product\/yoast-seo-wordpress\/ -->\n<title>Loc\u012bjumi - Skamet<\/title>\n<meta name=\"robots\" content=\"index, follow, max-snippet:-1, max-image-preview:large, max-video-preview:-1\" \/>\n<link rel=\"canonical\" href=\"https:\/\/www.skamet.ee\/lv\/tooted\/locijumi\/\" \/>\n<meta property=\"og:locale\" content=\"lv_LV\" \/>\n<meta property=\"og:type\" content=\"article\" \/>\n<meta property=\"og:title\" content=\"Loc\u012bjumi - Skamet\" \/>\n<meta property=\"og:description\" content=\"Uz loc\u012bjuma nor\u0101d\u012btais d\u016bmvada caurules diametrs ir iek\u0161\u0113jais diametrs. Visi loc\u012bjumi ir bez muft\u0101m, kas noz\u012bm\u0113 to, ka iek\u0161\u0113jais diametrs\" \/>\n<meta property=\"og:url\" content=\"https:\/\/www.skamet.ee\/lv\/tooted\/locijumi\/\" \/>\n<meta property=\"og:site_name\" content=\"Skamet\" \/>\n<meta property=\"og:image\" content=\"https:\/\/www.skamet.ee\/wp-content\/uploads\/2021\/03\/polv-PL-scaled.jpg\" \/>\n\t<meta property=\"og:image:width\" content=\"1708\" \/>\n\t<meta property=\"og:image:height\" content=\"2560\" \/>\n\t<meta property=\"og:image:type\" content=\"image\/jpeg\" \/>\n<meta name=\"twitter:card\" content=\"summary_large_image\" \/>\n<meta name=\"twitter:label1\" content=\"Est. reading time\" \/>\n\t<meta name=\"twitter:data1\" content=\"1 min\u016b\u0161u\" \/>\n<script type=\"application\/ld+json\" class=\"yoast-schema-graph\">{\"@context\":\"https:\/\/schema.org\",\"@graph\":[{\"@type\":\"WebPage\",\"@id\":\"https:\/\/www.skamet.ee\/lv\/tooted\/locijumi\/\",\"url\":\"https:\/\/www.skamet.ee\/lv\/tooted\/locijumi\/\",\"name\":\"Loc\u012bjumi - Skamet\",\"isPartOf\":{\"@id\":\"https:\/\/www.skamet.ee\/#website\"},\"primaryImageOfPage\":{\"@id\":\"https:\/\/www.skamet.ee\/lv\/tooted\/locijumi\/#primaryimage\"},\"image\":{\"@id\":\"https:\/\/www.skamet.ee\/lv\/tooted\/locijumi\/#primaryimage\"},\"thumbnailUrl\":\"https:\/\/www.skamet.ee\/wp-content\/uploads\/2021\/03\/polv-PL-scaled.jpg\",\"datePublished\":\"2021-03-26T12:23:37+00:00\",\"breadcrumb\":{\"@id\":\"https:\/\/www.skamet.ee\/lv\/tooted\/locijumi\/#breadcrumb\"},\"inLanguage\":\"lv-LV\",\"potentialAction\":[{\"@type\":\"ReadAction\",\"target\":[\"https:\/\/www.skamet.ee\/lv\/tooted\/locijumi\/\"]}]},{\"@type\":\"ImageObject\",\"inLanguage\":\"lv-LV\",\"@id\":\"https:\/\/www.skamet.ee\/lv\/tooted\/locijumi\/#primaryimage\",\"url\":\"https:\/\/www.skamet.ee\/wp-content\/uploads\/2021\/03\/polv-PL-scaled.jpg\",\"contentUrl\":\"https:\/\/www.skamet.ee\/wp-content\/uploads\/2021\/03\/polv-PL-scaled.jpg\",\"width\":1708,\"height\":2560,\"caption\":\"polv PL scaled\"},{\"@type\":\"BreadcrumbList\",\"@id\":\"https:\/\/www.skamet.ee\/lv\/tooted\/locijumi\/#breadcrumb\",\"itemListElement\":[{\"@type\":\"ListItem\",\"position\":1,\"name\":\"Home\",\"item\":\"https:\/\/www.skamet.ee\/lv\/\"},{\"@type\":\"ListItem\",\"position\":2,\"name\":\"Produkti\",\"item\":\"https:\/\/www.skamet.ee\/lv\/shop-2\/\"},{\"@type\":\"ListItem\",\"position\":3,\"name\":\"Loc\u012bjumi\"}]},{\"@type\":\"WebSite\",\"@id\":\"https:\/\/www.skamet.ee\/#website\",\"url\":\"https:\/\/www.skamet.ee\/\",\"name\":\"Skamet O\u00dc\",\"description\":\"Efektiivsed puuk\u00fcttega saunaahjud Eesti tootjalt\",\"publisher\":{\"@id\":\"https:\/\/www.skamet.ee\/#organization\"},\"potentialAction\":[{\"@type\":\"SearchAction\",\"target\":{\"@type\":\"EntryPoint\",\"urlTemplate\":\"https:\/\/www.skamet.ee\/?s={search_term_string}\"},\"query-input\":{\"@type\":\"PropertyValueSpecification\",\"valueRequired\":true,\"valueName\":\"search_term_string\"}}],\"inLanguage\":\"lv-LV\"},{\"@type\":\"Organization\",\"@id\":\"https:\/\/www.skamet.ee\/#organization\",\"name\":\"Skamet\",\"url\":\"https:\/\/www.skamet.ee\/\",\"logo\":{\"@type\":\"ImageObject\",\"inLanguage\":\"lv-LV\",\"@id\":\"https:\/\/www.skamet.ee\/#\/schema\/logo\/image\/\",\"url\":\"https:\/\/www.skamet.ee\/wp-content\/uploads\/2015\/05\/logo-uus.png\",\"contentUrl\":\"https:\/\/www.skamet.ee\/wp-content\/uploads\/2015\/05\/logo-uus.png\",\"width\":300,\"height\":127,\"caption\":\"Skamet\"},\"image\":{\"@id\":\"https:\/\/www.skamet.ee\/#\/schema\/logo\/image\/\"}}]}<\/script>\n<!-- \/ Yoast SEO plugin. -->","yoast_head_json":{"title":"Loc\u012bjumi - Skamet","robots":{"index":"index","follow":"follow","max-snippet":"max-snippet:-1","max-image-preview":"max-image-preview:large","max-video-preview":"max-video-preview:-1"},"canonical":"https:\/\/www.skamet.ee\/lv\/tooted\/locijumi\/","og_locale":"lv_LV","og_type":"article","og_title":"Loc\u012bjumi - Skamet","og_description":"Uz loc\u012bjuma nor\u0101d\u012btais d\u016bmvada caurules diametrs ir iek\u0161\u0113jais diametrs. Visi loc\u012bjumi ir bez muft\u0101m, kas noz\u012bm\u0113 to, ka iek\u0161\u0113jais diametrs","og_url":"https:\/\/www.skamet.ee\/lv\/tooted\/locijumi\/","og_site_name":"Skamet","og_image":[{"width":1708,"height":2560,"url":"https:\/\/www.skamet.ee\/wp-content\/uploads\/2021\/03\/polv-PL-scaled.jpg","type":"image\/jpeg"}],"twitter_card":"summary_large_image","twitter_misc":{"Est. reading time":"1 min\u016b\u0161u"},"schema":{"@context":"https:\/\/schema.org","@graph":[{"@type":"WebPage","@id":"https:\/\/www.skamet.ee\/lv\/tooted\/locijumi\/","url":"https:\/\/www.skamet.ee\/lv\/tooted\/locijumi\/","name":"Loc\u012bjumi - Skamet","isPartOf":{"@id":"https:\/\/www.skamet.ee\/#website"},"primaryImageOfPage":{"@id":"https:\/\/www.skamet.ee\/lv\/tooted\/locijumi\/#primaryimage"},"image":{"@id":"https:\/\/www.skamet.ee\/lv\/tooted\/locijumi\/#primaryimage"},"thumbnailUrl":"https:\/\/www.skamet.ee\/wp-content\/uploads\/2021\/03\/polv-PL-scaled.jpg","datePublished":"2021-03-26T12:23:37+00:00","breadcrumb":{"@id":"https:\/\/www.skamet.ee\/lv\/tooted\/locijumi\/#breadcrumb"},"inLanguage":"lv-LV","potentialAction":[{"@type":"ReadAction","target":["https:\/\/www.skamet.ee\/lv\/tooted\/locijumi\/"]}]},{"@type":"ImageObject","inLanguage":"lv-LV","@id":"https:\/\/www.skamet.ee\/lv\/tooted\/locijumi\/#primaryimage","url":"https:\/\/www.skamet.ee\/wp-content\/uploads\/2021\/03\/polv-PL-scaled.jpg","contentUrl":"https:\/\/www.skamet.ee\/wp-content\/uploads\/2021\/03\/polv-PL-scaled.jpg","width":1708,"height":2560,"caption":"polv PL scaled"},{"@type":"BreadcrumbList","@id":"https:\/\/www.skamet.ee\/lv\/tooted\/locijumi\/#breadcrumb","itemListElement":[{"@type":"ListItem","position":1,"name":"Home","item":"https:\/\/www.skamet.ee\/lv\/"},{"@type":"ListItem","position":2,"name":"Produkti","item":"https:\/\/www.skamet.ee\/lv\/shop-2\/"},{"@type":"ListItem","position":3,"name":"Loc\u012bjumi"}]},{"@type":"WebSite","@id":"https:\/\/www.skamet.ee\/#website","url":"https:\/\/www.skamet.ee\/","name":"Skamet O\u00dc","description":"Efektiivsed puuk\u00fcttega saunaahjud Eesti tootjalt","publisher":{"@id":"https:\/\/www.skamet.ee\/#organization"},"potentialAction":[{"@type":"SearchAction","target":{"@type":"EntryPoint","urlTemplate":"https:\/\/www.skamet.ee\/?s={search_term_string}"},"query-input":{"@type":"PropertyValueSpecification","valueRequired":true,"valueName":"search_term_string"}}],"inLanguage":"lv-LV"},{"@type":"Organization","@id":"https:\/\/www.skamet.ee\/#organization","name":"Skamet","url":"https:\/\/www.skamet.ee\/","logo":{"@type":"ImageObject","inLanguage":"lv-LV","@id":"https:\/\/www.skamet.ee\/#\/schema\/logo\/image\/","url":"https:\/\/www.skamet.ee\/wp-content\/uploads\/2015\/05\/logo-uus.png","contentUrl":"https:\/\/www.skamet.ee\/wp-content\/uploads\/2015\/05\/logo-uus.png","width":300,"height":127,"caption":"Skamet"},"image":{"@id":"https:\/\/www.skamet.ee\/#\/schema\/logo\/image\/"}}]}},"_links":{"self":[{"href":"https:\/\/www.skamet.ee\/lv\/wp-json\/wp\/v2\/product\/41940","targetHints":{"allow":["GET"]}}],"collection":[{"href":"https:\/\/www.skamet.ee\/lv\/wp-json\/wp\/v2\/product"}],"about":[{"href":"https:\/\/www.skamet.ee\/lv\/wp-json\/wp\/v2\/types\/product"}],"version-history":[{"count":0,"href":"https:\/\/www.skamet.ee\/lv\/wp-json\/wp\/v2\/product\/41940\/revisions"}],"wp:featuredmedia":[{"embeddable":true,"href":"https:\/\/www.skamet.ee\/lv\/wp-json\/wp\/v2\/media\/47051"}],"wp:attachment":[{"href":"https:\/\/www.skamet.ee\/lv\/wp-json\/wp\/v2\/media?parent=41940"}],"wp:term":[{"taxonomy":"product_brand","embeddable":true,"href":"https:\/\/www.skamet.ee\/lv\/wp-json\/wp\/v2\/product_brand?post=41940"},{"taxonomy":"product_cat","embeddable":true,"href":"https:\/\/www.skamet.ee\/lv\/wp-json\/wp\/v2\/product_cat?post=41940"},{"taxonomy":"product_tag","embeddable":true,"href":"https:\/\/www.skamet.ee\/lv\/wp-json\/wp\/v2\/product_tag?post=41940"}],"curies":[{"name":"wp","href":"https:\/\/api.w.org\/{rel}","templated":true}]}}