{"id":41941,"date":"2021-03-26T14:21:28","date_gmt":"2021-03-26T12:21:28","guid":{"rendered":"https:\/\/uus.skamet.ee\/tooted\/Bez%20kategorijas\/taisnas-caurules\/"},"modified":"2021-05-19T13:55:16","modified_gmt":"2021-05-19T10:55:16","slug":"taisnas-caurules","status":"publish","type":"product","link":"https:\/\/www.skamet.ee\/lv\/tooted\/taisnas-caurules\/","title":{"rendered":"Taisn\u0101s caurules"},"content":{"rendered":"<p>Taisno cauru\u013cu diametrs ir nor\u0101d\u012bts k\u0101 iek\u0161\u0113jais izm\u0113rs. Visas taisn\u0101s caurules ir apr\u012bkotas ar muftu (muftas \u0101r\u0113jais diametrs ir vien\u0101ds ar iek\u0161\u0113jo diametru otr\u0101 gal\u0101), kas \u013cauj savienot caurules.<br \/>\nIzm\u0113ri ir nor\u0101d\u012bti lieto\u0161anas instrukcij\u0101.<\/p>\n<p>Standarta izstr\u0101d\u0101jumu parametri:\tPapildus iesp\u0113jas:<br \/>\n\u00bb diametrs no 103 mm l\u012bdz 200 mm;<br \/>\n\u00bb materi\u0101ls \u2013 auksti velm\u0113ts melnais met\u0101ls;<br \/>\n\u00bb garums no 200 mm l\u012bdz 1000 mm;<br \/>\n\u00bb biezums 1,2 mm.\t\u00bb varam izgatavot cita, ne standarta diametra caurules;<br \/>\n\u00bb varam izgatavot no ner\u016bs\u0113jo\u0161a t\u0113rauda;<br \/>\n\u00bb izgatavojam un pagarin\u0101m caurules ar metin\u0101\u0161anu;<br \/>\n\u00bb var izgatavot no biez\u0101ka met\u0101la.<\/p>\n","protected":false},"excerpt":{"rendered":"<p>Taisno cauru\u013cu diametrs ir nor\u0101d\u012bts k\u0101 iek\u0161\u0113jais izm\u0113rs. Visas taisn\u0101s caurules ir apr\u012bkotas ar muftu (muftas \u0101r\u0113jais diametrs ir vien\u0101ds<\/p>\n","protected":false},"featured_media":39658,"template":"","meta":{"_lmt_disableupdate":"","_lmt_disable":""},"product_brand":[],"product_cat":[341],"product_tag":[],"class_list":{"0":"post-41941","1":"product","2":"type-product","3":"status-publish","4":"has-post-thumbnail","6":"product_cat-dumvadu-caurules","8":"first","9":"instock","10":"shipping-taxable","11":"product-type-simple"},"yoast_head":"<!-- This site is optimized with the Yoast SEO plugin v27.0 - https:\/\/yoast.com\/product\/yoast-seo-wordpress\/ -->\n<title>Taisn\u0101s caurules - Skamet<\/title>\n<meta name=\"robots\" content=\"index, follow, max-snippet:-1, max-image-preview:large, max-video-preview:-1\" \/>\n<link rel=\"canonical\" href=\"https:\/\/www.skamet.ee\/lv\/tooted\/taisnas-caurules\/\" \/>\n<meta property=\"og:locale\" content=\"lv_LV\" \/>\n<meta property=\"og:type\" content=\"article\" \/>\n<meta property=\"og:title\" content=\"Taisn\u0101s caurules - Skamet\" \/>\n<meta property=\"og:description\" content=\"Taisno cauru\u013cu diametrs ir nor\u0101d\u012bts k\u0101 iek\u0161\u0113jais izm\u0113rs. Visas taisn\u0101s caurules ir apr\u012bkotas ar muftu (muftas \u0101r\u0113jais diametrs ir vien\u0101ds\" \/>\n<meta property=\"og:url\" content=\"https:\/\/www.skamet.ee\/lv\/tooted\/taisnas-caurules\/\" \/>\n<meta property=\"og:site_name\" content=\"Skamet\" \/>\n<meta property=\"article:modified_time\" content=\"2021-05-19T10:55:16+00:00\" \/>\n<meta property=\"og:image\" content=\"https:\/\/www.skamet.ee\/wp-content\/uploads\/2021\/03\/suitsutoru.jpg\" \/>\n\t<meta property=\"og:image:width\" content=\"1024\" \/>\n\t<meta property=\"og:image:height\" content=\"1535\" \/>\n\t<meta property=\"og:image:type\" content=\"image\/jpeg\" \/>\n<meta name=\"twitter:card\" content=\"summary_large_image\" \/>\n<meta name=\"twitter:label1\" content=\"Est. reading time\" \/>\n\t<meta name=\"twitter:data1\" content=\"1 min\u016b\u0161u\" \/>\n<script type=\"application\/ld+json\" class=\"yoast-schema-graph\">{\"@context\":\"https:\/\/schema.org\",\"@graph\":[{\"@type\":\"WebPage\",\"@id\":\"https:\/\/www.skamet.ee\/lv\/tooted\/taisnas-caurules\/\",\"url\":\"https:\/\/www.skamet.ee\/lv\/tooted\/taisnas-caurules\/\",\"name\":\"Taisn\u0101s caurules - Skamet\",\"isPartOf\":{\"@id\":\"https:\/\/www.skamet.ee\/#website\"},\"primaryImageOfPage\":{\"@id\":\"https:\/\/www.skamet.ee\/lv\/tooted\/taisnas-caurules\/#primaryimage\"},\"image\":{\"@id\":\"https:\/\/www.skamet.ee\/lv\/tooted\/taisnas-caurules\/#primaryimage\"},\"thumbnailUrl\":\"https:\/\/www.skamet.ee\/wp-content\/uploads\/2021\/03\/suitsutoru.jpg\",\"datePublished\":\"2021-03-26T12:21:28+00:00\",\"dateModified\":\"2021-05-19T10:55:16+00:00\",\"breadcrumb\":{\"@id\":\"https:\/\/www.skamet.ee\/lv\/tooted\/taisnas-caurules\/#breadcrumb\"},\"inLanguage\":\"lv-LV\",\"potentialAction\":[{\"@type\":\"ReadAction\",\"target\":[\"https:\/\/www.skamet.ee\/lv\/tooted\/taisnas-caurules\/\"]}]},{\"@type\":\"ImageObject\",\"inLanguage\":\"lv-LV\",\"@id\":\"https:\/\/www.skamet.ee\/lv\/tooted\/taisnas-caurules\/#primaryimage\",\"url\":\"https:\/\/www.skamet.ee\/wp-content\/uploads\/2021\/03\/suitsutoru.jpg\",\"contentUrl\":\"https:\/\/www.skamet.ee\/wp-content\/uploads\/2021\/03\/suitsutoru.jpg\",\"width\":1024,\"height\":1535,\"caption\":\"suitsutoru\"},{\"@type\":\"BreadcrumbList\",\"@id\":\"https:\/\/www.skamet.ee\/lv\/tooted\/taisnas-caurules\/#breadcrumb\",\"itemListElement\":[{\"@type\":\"ListItem\",\"position\":1,\"name\":\"Home\",\"item\":\"https:\/\/www.skamet.ee\/lv\/\"},{\"@type\":\"ListItem\",\"position\":2,\"name\":\"Produkti\",\"item\":\"https:\/\/www.skamet.ee\/lv\/shop-2\/\"},{\"@type\":\"ListItem\",\"position\":3,\"name\":\"Taisn\u0101s caurules\"}]},{\"@type\":\"WebSite\",\"@id\":\"https:\/\/www.skamet.ee\/#website\",\"url\":\"https:\/\/www.skamet.ee\/\",\"name\":\"Skamet O\u00dc\",\"description\":\"Efektiivsed puuk\u00fcttega saunaahjud Eesti tootjalt\",\"publisher\":{\"@id\":\"https:\/\/www.skamet.ee\/#organization\"},\"potentialAction\":[{\"@type\":\"SearchAction\",\"target\":{\"@type\":\"EntryPoint\",\"urlTemplate\":\"https:\/\/www.skamet.ee\/?s={search_term_string}\"},\"query-input\":{\"@type\":\"PropertyValueSpecification\",\"valueRequired\":true,\"valueName\":\"search_term_string\"}}],\"inLanguage\":\"lv-LV\"},{\"@type\":\"Organization\",\"@id\":\"https:\/\/www.skamet.ee\/#organization\",\"name\":\"Skamet\",\"url\":\"https:\/\/www.skamet.ee\/\",\"logo\":{\"@type\":\"ImageObject\",\"inLanguage\":\"lv-LV\",\"@id\":\"https:\/\/www.skamet.ee\/#\/schema\/logo\/image\/\",\"url\":\"https:\/\/www.skamet.ee\/wp-content\/uploads\/2015\/05\/logo-uus.png\",\"contentUrl\":\"https:\/\/www.skamet.ee\/wp-content\/uploads\/2015\/05\/logo-uus.png\",\"width\":300,\"height\":127,\"caption\":\"Skamet\"},\"image\":{\"@id\":\"https:\/\/www.skamet.ee\/#\/schema\/logo\/image\/\"}}]}<\/script>\n<!-- \/ Yoast SEO plugin. -->","yoast_head_json":{"title":"Taisn\u0101s caurules - Skamet","robots":{"index":"index","follow":"follow","max-snippet":"max-snippet:-1","max-image-preview":"max-image-preview:large","max-video-preview":"max-video-preview:-1"},"canonical":"https:\/\/www.skamet.ee\/lv\/tooted\/taisnas-caurules\/","og_locale":"lv_LV","og_type":"article","og_title":"Taisn\u0101s caurules - Skamet","og_description":"Taisno cauru\u013cu diametrs ir nor\u0101d\u012bts k\u0101 iek\u0161\u0113jais izm\u0113rs. Visas taisn\u0101s caurules ir apr\u012bkotas ar muftu (muftas \u0101r\u0113jais diametrs ir vien\u0101ds","og_url":"https:\/\/www.skamet.ee\/lv\/tooted\/taisnas-caurules\/","og_site_name":"Skamet","article_modified_time":"2021-05-19T10:55:16+00:00","og_image":[{"width":1024,"height":1535,"url":"https:\/\/www.skamet.ee\/wp-content\/uploads\/2021\/03\/suitsutoru.jpg","type":"image\/jpeg"}],"twitter_card":"summary_large_image","twitter_misc":{"Est. reading time":"1 min\u016b\u0161u"},"schema":{"@context":"https:\/\/schema.org","@graph":[{"@type":"WebPage","@id":"https:\/\/www.skamet.ee\/lv\/tooted\/taisnas-caurules\/","url":"https:\/\/www.skamet.ee\/lv\/tooted\/taisnas-caurules\/","name":"Taisn\u0101s caurules - Skamet","isPartOf":{"@id":"https:\/\/www.skamet.ee\/#website"},"primaryImageOfPage":{"@id":"https:\/\/www.skamet.ee\/lv\/tooted\/taisnas-caurules\/#primaryimage"},"image":{"@id":"https:\/\/www.skamet.ee\/lv\/tooted\/taisnas-caurules\/#primaryimage"},"thumbnailUrl":"https:\/\/www.skamet.ee\/wp-content\/uploads\/2021\/03\/suitsutoru.jpg","datePublished":"2021-03-26T12:21:28+00:00","dateModified":"2021-05-19T10:55:16+00:00","breadcrumb":{"@id":"https:\/\/www.skamet.ee\/lv\/tooted\/taisnas-caurules\/#breadcrumb"},"inLanguage":"lv-LV","potentialAction":[{"@type":"ReadAction","target":["https:\/\/www.skamet.ee\/lv\/tooted\/taisnas-caurules\/"]}]},{"@type":"ImageObject","inLanguage":"lv-LV","@id":"https:\/\/www.skamet.ee\/lv\/tooted\/taisnas-caurules\/#primaryimage","url":"https:\/\/www.skamet.ee\/wp-content\/uploads\/2021\/03\/suitsutoru.jpg","contentUrl":"https:\/\/www.skamet.ee\/wp-content\/uploads\/2021\/03\/suitsutoru.jpg","width":1024,"height":1535,"caption":"suitsutoru"},{"@type":"BreadcrumbList","@id":"https:\/\/www.skamet.ee\/lv\/tooted\/taisnas-caurules\/#breadcrumb","itemListElement":[{"@type":"ListItem","position":1,"name":"Home","item":"https:\/\/www.skamet.ee\/lv\/"},{"@type":"ListItem","position":2,"name":"Produkti","item":"https:\/\/www.skamet.ee\/lv\/shop-2\/"},{"@type":"ListItem","position":3,"name":"Taisn\u0101s caurules"}]},{"@type":"WebSite","@id":"https:\/\/www.skamet.ee\/#website","url":"https:\/\/www.skamet.ee\/","name":"Skamet O\u00dc","description":"Efektiivsed puuk\u00fcttega saunaahjud Eesti tootjalt","publisher":{"@id":"https:\/\/www.skamet.ee\/#organization"},"potentialAction":[{"@type":"SearchAction","target":{"@type":"EntryPoint","urlTemplate":"https:\/\/www.skamet.ee\/?s={search_term_string}"},"query-input":{"@type":"PropertyValueSpecification","valueRequired":true,"valueName":"search_term_string"}}],"inLanguage":"lv-LV"},{"@type":"Organization","@id":"https:\/\/www.skamet.ee\/#organization","name":"Skamet","url":"https:\/\/www.skamet.ee\/","logo":{"@type":"ImageObject","inLanguage":"lv-LV","@id":"https:\/\/www.skamet.ee\/#\/schema\/logo\/image\/","url":"https:\/\/www.skamet.ee\/wp-content\/uploads\/2015\/05\/logo-uus.png","contentUrl":"https:\/\/www.skamet.ee\/wp-content\/uploads\/2015\/05\/logo-uus.png","width":300,"height":127,"caption":"Skamet"},"image":{"@id":"https:\/\/www.skamet.ee\/#\/schema\/logo\/image\/"}}]}},"_links":{"self":[{"href":"https:\/\/www.skamet.ee\/lv\/wp-json\/wp\/v2\/product\/41941","targetHints":{"allow":["GET"]}}],"collection":[{"href":"https:\/\/www.skamet.ee\/lv\/wp-json\/wp\/v2\/product"}],"about":[{"href":"https:\/\/www.skamet.ee\/lv\/wp-json\/wp\/v2\/types\/product"}],"version-history":[{"count":1,"href":"https:\/\/www.skamet.ee\/lv\/wp-json\/wp\/v2\/product\/41941\/revisions"}],"predecessor-version":[{"id":41956,"href":"https:\/\/www.skamet.ee\/lv\/wp-json\/wp\/v2\/product\/41941\/revisions\/41956"}],"wp:featuredmedia":[{"embeddable":true,"href":"https:\/\/www.skamet.ee\/lv\/wp-json\/wp\/v2\/media\/39658"}],"wp:attachment":[{"href":"https:\/\/www.skamet.ee\/lv\/wp-json\/wp\/v2\/media?parent=41941"}],"wp:term":[{"taxonomy":"product_brand","embeddable":true,"href":"https:\/\/www.skamet.ee\/lv\/wp-json\/wp\/v2\/product_brand?post=41941"},{"taxonomy":"product_cat","embeddable":true,"href":"https:\/\/www.skamet.ee\/lv\/wp-json\/wp\/v2\/product_cat?post=41941"},{"taxonomy":"product_tag","embeddable":true,"href":"https:\/\/www.skamet.ee\/lv\/wp-json\/wp\/v2\/product_tag?post=41941"}],"curies":[{"name":"wp","href":"https:\/\/api.w.org\/{rel}","templated":true}]}}