{"id":41942,"date":"2021-03-26T14:17:31","date_gmt":"2021-03-26T12:17:31","guid":{"rendered":"https:\/\/uus.skamet.ee\/tooted\/Bez%20kategorijas\/vanna-galai-vai-sasliku-mangalis\/"},"modified":"2022-08-09T13:58:09","modified_gmt":"2022-08-09T10:58:09","slug":"vanna-galai-vai-sasliku-mangalis","status":"publish","type":"product","link":"https:\/\/www.skamet.ee\/lv\/tooted\/vanna-galai-vai-sasliku-mangalis\/","title":{"rendered":"Vanna ga\u013cai vai \u0161a\u0161liku mang\u0101lis"},"content":{"rendered":"<p>M\u0113s pied\u0101v\u0101jam da\u017e\u0101da veida vannas ga\u013cai un \u0161a\u0161liku mang\u0101\u013cus. Standarta vannas materi\u0101la biezums ir 3 mm. Ir iesp\u0113jams pas\u016bt\u012bt izstr\u0101d\u0101jumus no biez\u0101ka materi\u0101la. Izgatavojam mang\u0101\u013cus p\u0113c pas\u016bt\u012bjuma. Ir iesp\u0113jams pas\u016bt\u012bt modeli ar v\u0101ku vai modeli no ner\u016bs\u0113jo\u0161a materi\u0101la. Mang\u0101\u013ca k\u0101ji\u0146as ir no\u0146emamas. Da\u017ei izm\u0113ri (garums x platums x dzi\u013cums): M\u0113s izgatavojam tr\u012bs veida mang\u0101\u013cus: 100x40x17c\u043c \/ 70x30x17c\u043c \/ 50x30x17c\u043c. Augstums 90 cm. Katra mang\u0101\u013ca aug\u0161pus\u0113 ir re\u017e\u0123is, kas nosedz da\u013cu no mang\u0101\u013ca un ir no\u0146emams.<\/p>\n","protected":false},"excerpt":{"rendered":"<p>M\u0113s pied\u0101v\u0101jam da\u017e\u0101da veida vannas ga\u013cai un \u0161a\u0161liku mang\u0101\u013cus. Standarta vannas materi\u0101la biezums ir 3 mm. Ir iesp\u0113jams pas\u016bt\u012bt izstr\u0101d\u0101jumus<\/p>\n","protected":false},"featured_media":40733,"template":"","meta":{"_lmt_disableupdate":"","_lmt_disable":""},"product_brand":[],"product_cat":[260],"product_tag":[],"class_list":{"0":"post-41942","1":"product","2":"type-product","3":"status-publish","4":"has-post-thumbnail","6":"product_cat-citi-izstradajumi","8":"first","9":"instock","10":"shipping-taxable","11":"product-type-simple"},"yoast_head":"<!-- This site is optimized with the Yoast SEO plugin v27.0 - https:\/\/yoast.com\/product\/yoast-seo-wordpress\/ -->\n<title>Vanna ga\u013cai vai \u0161a\u0161liku mang\u0101lis - Skamet<\/title>\n<meta name=\"robots\" content=\"index, follow, max-snippet:-1, max-image-preview:large, max-video-preview:-1\" \/>\n<link rel=\"canonical\" href=\"https:\/\/www.skamet.ee\/lv\/tooted\/vanna-galai-vai-sasliku-mangalis\/\" \/>\n<meta property=\"og:locale\" content=\"lv_LV\" \/>\n<meta property=\"og:type\" content=\"article\" \/>\n<meta property=\"og:title\" content=\"Vanna ga\u013cai vai \u0161a\u0161liku mang\u0101lis - Skamet\" \/>\n<meta property=\"og:description\" content=\"M\u0113s pied\u0101v\u0101jam da\u017e\u0101da veida vannas ga\u013cai un \u0161a\u0161liku mang\u0101\u013cus. Standarta vannas materi\u0101la biezums ir 3 mm. Ir iesp\u0113jams pas\u016bt\u012bt izstr\u0101d\u0101jumus\" \/>\n<meta property=\"og:url\" content=\"https:\/\/www.skamet.ee\/lv\/tooted\/vanna-galai-vai-sasliku-mangalis\/\" \/>\n<meta property=\"og:site_name\" content=\"Skamet\" \/>\n<meta property=\"article:modified_time\" content=\"2022-08-09T10:58:09+00:00\" \/>\n<meta property=\"og:image\" content=\"https:\/\/www.skamet.ee\/wp-content\/uploads\/2021\/03\/LV-70.jpg\" \/>\n\t<meta property=\"og:image:width\" content=\"577\" \/>\n\t<meta property=\"og:image:height\" content=\"472\" \/>\n\t<meta property=\"og:image:type\" content=\"image\/jpeg\" \/>\n<meta name=\"twitter:card\" content=\"summary_large_image\" \/>\n<meta name=\"twitter:label1\" content=\"Est. reading time\" \/>\n\t<meta name=\"twitter:data1\" content=\"1 min\u016b\u0161u\" \/>\n<script type=\"application\/ld+json\" class=\"yoast-schema-graph\">{\"@context\":\"https:\/\/schema.org\",\"@graph\":[{\"@type\":\"WebPage\",\"@id\":\"https:\/\/www.skamet.ee\/lv\/tooted\/vanna-galai-vai-sasliku-mangalis\/\",\"url\":\"https:\/\/www.skamet.ee\/lv\/tooted\/vanna-galai-vai-sasliku-mangalis\/\",\"name\":\"Vanna ga\u013cai vai \u0161a\u0161liku mang\u0101lis - Skamet\",\"isPartOf\":{\"@id\":\"https:\/\/www.skamet.ee\/#website\"},\"primaryImageOfPage\":{\"@id\":\"https:\/\/www.skamet.ee\/lv\/tooted\/vanna-galai-vai-sasliku-mangalis\/#primaryimage\"},\"image\":{\"@id\":\"https:\/\/www.skamet.ee\/lv\/tooted\/vanna-galai-vai-sasliku-mangalis\/#primaryimage\"},\"thumbnailUrl\":\"https:\/\/www.skamet.ee\/wp-content\/uploads\/2021\/03\/LV-70.jpg\",\"datePublished\":\"2021-03-26T12:17:31+00:00\",\"dateModified\":\"2022-08-09T10:58:09+00:00\",\"breadcrumb\":{\"@id\":\"https:\/\/www.skamet.ee\/lv\/tooted\/vanna-galai-vai-sasliku-mangalis\/#breadcrumb\"},\"inLanguage\":\"lv-LV\",\"potentialAction\":[{\"@type\":\"ReadAction\",\"target\":[\"https:\/\/www.skamet.ee\/lv\/tooted\/vanna-galai-vai-sasliku-mangalis\/\"]}]},{\"@type\":\"ImageObject\",\"inLanguage\":\"lv-LV\",\"@id\":\"https:\/\/www.skamet.ee\/lv\/tooted\/vanna-galai-vai-sasliku-mangalis\/#primaryimage\",\"url\":\"https:\/\/www.skamet.ee\/wp-content\/uploads\/2021\/03\/LV-70.jpg\",\"contentUrl\":\"https:\/\/www.skamet.ee\/wp-content\/uploads\/2021\/03\/LV-70.jpg\",\"width\":577,\"height\":472,\"caption\":\"LV 70\"},{\"@type\":\"BreadcrumbList\",\"@id\":\"https:\/\/www.skamet.ee\/lv\/tooted\/vanna-galai-vai-sasliku-mangalis\/#breadcrumb\",\"itemListElement\":[{\"@type\":\"ListItem\",\"position\":1,\"name\":\"Home\",\"item\":\"https:\/\/www.skamet.ee\/lv\/\"},{\"@type\":\"ListItem\",\"position\":2,\"name\":\"Produkti\",\"item\":\"https:\/\/www.skamet.ee\/lv\/shop-2\/\"},{\"@type\":\"ListItem\",\"position\":3,\"name\":\"Vanna ga\u013cai vai \u0161a\u0161liku mang\u0101lis\"}]},{\"@type\":\"WebSite\",\"@id\":\"https:\/\/www.skamet.ee\/#website\",\"url\":\"https:\/\/www.skamet.ee\/\",\"name\":\"Skamet O\u00dc\",\"description\":\"Efektiivsed puuk\u00fcttega saunaahjud Eesti tootjalt\",\"publisher\":{\"@id\":\"https:\/\/www.skamet.ee\/#organization\"},\"potentialAction\":[{\"@type\":\"SearchAction\",\"target\":{\"@type\":\"EntryPoint\",\"urlTemplate\":\"https:\/\/www.skamet.ee\/?s={search_term_string}\"},\"query-input\":{\"@type\":\"PropertyValueSpecification\",\"valueRequired\":true,\"valueName\":\"search_term_string\"}}],\"inLanguage\":\"lv-LV\"},{\"@type\":\"Organization\",\"@id\":\"https:\/\/www.skamet.ee\/#organization\",\"name\":\"Skamet\",\"url\":\"https:\/\/www.skamet.ee\/\",\"logo\":{\"@type\":\"ImageObject\",\"inLanguage\":\"lv-LV\",\"@id\":\"https:\/\/www.skamet.ee\/#\/schema\/logo\/image\/\",\"url\":\"https:\/\/www.skamet.ee\/wp-content\/uploads\/2015\/05\/logo-uus.png\",\"contentUrl\":\"https:\/\/www.skamet.ee\/wp-content\/uploads\/2015\/05\/logo-uus.png\",\"width\":300,\"height\":127,\"caption\":\"Skamet\"},\"image\":{\"@id\":\"https:\/\/www.skamet.ee\/#\/schema\/logo\/image\/\"}}]}<\/script>\n<!-- \/ Yoast SEO plugin. -->","yoast_head_json":{"title":"Vanna ga\u013cai vai \u0161a\u0161liku mang\u0101lis - Skamet","robots":{"index":"index","follow":"follow","max-snippet":"max-snippet:-1","max-image-preview":"max-image-preview:large","max-video-preview":"max-video-preview:-1"},"canonical":"https:\/\/www.skamet.ee\/lv\/tooted\/vanna-galai-vai-sasliku-mangalis\/","og_locale":"lv_LV","og_type":"article","og_title":"Vanna ga\u013cai vai \u0161a\u0161liku mang\u0101lis - Skamet","og_description":"M\u0113s pied\u0101v\u0101jam da\u017e\u0101da veida vannas ga\u013cai un \u0161a\u0161liku mang\u0101\u013cus. Standarta vannas materi\u0101la biezums ir 3 mm. Ir iesp\u0113jams pas\u016bt\u012bt izstr\u0101d\u0101jumus","og_url":"https:\/\/www.skamet.ee\/lv\/tooted\/vanna-galai-vai-sasliku-mangalis\/","og_site_name":"Skamet","article_modified_time":"2022-08-09T10:58:09+00:00","og_image":[{"width":577,"height":472,"url":"https:\/\/www.skamet.ee\/wp-content\/uploads\/2021\/03\/LV-70.jpg","type":"image\/jpeg"}],"twitter_card":"summary_large_image","twitter_misc":{"Est. reading time":"1 min\u016b\u0161u"},"schema":{"@context":"https:\/\/schema.org","@graph":[{"@type":"WebPage","@id":"https:\/\/www.skamet.ee\/lv\/tooted\/vanna-galai-vai-sasliku-mangalis\/","url":"https:\/\/www.skamet.ee\/lv\/tooted\/vanna-galai-vai-sasliku-mangalis\/","name":"Vanna ga\u013cai vai \u0161a\u0161liku mang\u0101lis - Skamet","isPartOf":{"@id":"https:\/\/www.skamet.ee\/#website"},"primaryImageOfPage":{"@id":"https:\/\/www.skamet.ee\/lv\/tooted\/vanna-galai-vai-sasliku-mangalis\/#primaryimage"},"image":{"@id":"https:\/\/www.skamet.ee\/lv\/tooted\/vanna-galai-vai-sasliku-mangalis\/#primaryimage"},"thumbnailUrl":"https:\/\/www.skamet.ee\/wp-content\/uploads\/2021\/03\/LV-70.jpg","datePublished":"2021-03-26T12:17:31+00:00","dateModified":"2022-08-09T10:58:09+00:00","breadcrumb":{"@id":"https:\/\/www.skamet.ee\/lv\/tooted\/vanna-galai-vai-sasliku-mangalis\/#breadcrumb"},"inLanguage":"lv-LV","potentialAction":[{"@type":"ReadAction","target":["https:\/\/www.skamet.ee\/lv\/tooted\/vanna-galai-vai-sasliku-mangalis\/"]}]},{"@type":"ImageObject","inLanguage":"lv-LV","@id":"https:\/\/www.skamet.ee\/lv\/tooted\/vanna-galai-vai-sasliku-mangalis\/#primaryimage","url":"https:\/\/www.skamet.ee\/wp-content\/uploads\/2021\/03\/LV-70.jpg","contentUrl":"https:\/\/www.skamet.ee\/wp-content\/uploads\/2021\/03\/LV-70.jpg","width":577,"height":472,"caption":"LV 70"},{"@type":"BreadcrumbList","@id":"https:\/\/www.skamet.ee\/lv\/tooted\/vanna-galai-vai-sasliku-mangalis\/#breadcrumb","itemListElement":[{"@type":"ListItem","position":1,"name":"Home","item":"https:\/\/www.skamet.ee\/lv\/"},{"@type":"ListItem","position":2,"name":"Produkti","item":"https:\/\/www.skamet.ee\/lv\/shop-2\/"},{"@type":"ListItem","position":3,"name":"Vanna ga\u013cai vai \u0161a\u0161liku mang\u0101lis"}]},{"@type":"WebSite","@id":"https:\/\/www.skamet.ee\/#website","url":"https:\/\/www.skamet.ee\/","name":"Skamet O\u00dc","description":"Efektiivsed puuk\u00fcttega saunaahjud Eesti tootjalt","publisher":{"@id":"https:\/\/www.skamet.ee\/#organization"},"potentialAction":[{"@type":"SearchAction","target":{"@type":"EntryPoint","urlTemplate":"https:\/\/www.skamet.ee\/?s={search_term_string}"},"query-input":{"@type":"PropertyValueSpecification","valueRequired":true,"valueName":"search_term_string"}}],"inLanguage":"lv-LV"},{"@type":"Organization","@id":"https:\/\/www.skamet.ee\/#organization","name":"Skamet","url":"https:\/\/www.skamet.ee\/","logo":{"@type":"ImageObject","inLanguage":"lv-LV","@id":"https:\/\/www.skamet.ee\/#\/schema\/logo\/image\/","url":"https:\/\/www.skamet.ee\/wp-content\/uploads\/2015\/05\/logo-uus.png","contentUrl":"https:\/\/www.skamet.ee\/wp-content\/uploads\/2015\/05\/logo-uus.png","width":300,"height":127,"caption":"Skamet"},"image":{"@id":"https:\/\/www.skamet.ee\/#\/schema\/logo\/image\/"}}]}},"_links":{"self":[{"href":"https:\/\/www.skamet.ee\/lv\/wp-json\/wp\/v2\/product\/41942","targetHints":{"allow":["GET"]}}],"collection":[{"href":"https:\/\/www.skamet.ee\/lv\/wp-json\/wp\/v2\/product"}],"about":[{"href":"https:\/\/www.skamet.ee\/lv\/wp-json\/wp\/v2\/types\/product"}],"version-history":[{"count":2,"href":"https:\/\/www.skamet.ee\/lv\/wp-json\/wp\/v2\/product\/41942\/revisions"}],"predecessor-version":[{"id":43098,"href":"https:\/\/www.skamet.ee\/lv\/wp-json\/wp\/v2\/product\/41942\/revisions\/43098"}],"wp:featuredmedia":[{"embeddable":true,"href":"https:\/\/www.skamet.ee\/lv\/wp-json\/wp\/v2\/media\/40733"}],"wp:attachment":[{"href":"https:\/\/www.skamet.ee\/lv\/wp-json\/wp\/v2\/media?parent=41942"}],"wp:term":[{"taxonomy":"product_brand","embeddable":true,"href":"https:\/\/www.skamet.ee\/lv\/wp-json\/wp\/v2\/product_brand?post=41942"},{"taxonomy":"product_cat","embeddable":true,"href":"https:\/\/www.skamet.ee\/lv\/wp-json\/wp\/v2\/product_cat?post=41942"},{"taxonomy":"product_tag","embeddable":true,"href":"https:\/\/www.skamet.ee\/lv\/wp-json\/wp\/v2\/product_tag?post=41942"}],"curies":[{"name":"wp","href":"https:\/\/api.w.org\/{rel}","templated":true}]}}