{"id":41943,"date":"2021-03-26T14:16:16","date_gmt":"2021-03-26T12:16:16","guid":{"rendered":"https:\/\/uus.skamet.ee\/tooted\/Bez%20kategorijas\/paliktni-ugunskuram\/"},"modified":"2021-05-19T13:58:30","modified_gmt":"2021-05-19T10:58:30","slug":"paliktni-ugunskuram","status":"publish","type":"product","link":"https:\/\/www.skamet.ee\/lv\/tooted\/paliktni-ugunskuram\/","title":{"rendered":"Palikt\u0146i ugunskuram"},"content":{"rendered":"<p>Palikt\u0146i ir paredz\u0113ti vai nu uguns iekur\u0161anai, vai ga\u013cas gril\u0113\u0161anai. Palikt\u0146a diametrs 45 cm, augstums 30 cm. Standarta palikt\u0146a materi\u0101la biezums ir 2 mm. Ir iesp\u0113jams pas\u016bt\u012bt izstr\u0101d\u0101jumus no biez\u0101ka materi\u0101la. Izgatavojam palikt\u0146us p\u0113c pas\u016bt\u012bjuma: piem\u0113ram, uz k\u0101ji\u0146\u0101m vai no ner\u016bs\u0113jo\u0161a materi\u0101la.<\/p>\n","protected":false},"excerpt":{"rendered":"<p>Palikt\u0146i ir paredz\u0113ti vai nu uguns iekur\u0161anai, vai ga\u013cas gril\u0113\u0161anai. Palikt\u0146a diametrs 45 cm, augstums 30 cm. Standarta palikt\u0146a materi\u0101la<\/p>\n","protected":false},"featured_media":39738,"template":"","meta":{"_lmt_disableupdate":"","_lmt_disable":""},"product_brand":[],"product_cat":[260],"product_tag":[],"class_list":{"0":"post-41943","1":"product","2":"type-product","3":"status-publish","4":"has-post-thumbnail","6":"product_cat-citi-izstradajumi","8":"first","9":"instock","10":"shipping-taxable","11":"product-type-simple"},"yoast_head":"<!-- This site is optimized with the Yoast SEO plugin v27.0 - https:\/\/yoast.com\/product\/yoast-seo-wordpress\/ -->\n<title>Palikt\u0146i ugunskuram - Skamet<\/title>\n<meta name=\"robots\" content=\"index, follow, max-snippet:-1, max-image-preview:large, max-video-preview:-1\" \/>\n<link rel=\"canonical\" href=\"https:\/\/www.skamet.ee\/lv\/tooted\/paliktni-ugunskuram\/\" \/>\n<meta property=\"og:locale\" content=\"lv_LV\" \/>\n<meta property=\"og:type\" content=\"article\" \/>\n<meta property=\"og:title\" content=\"Palikt\u0146i ugunskuram - Skamet\" \/>\n<meta property=\"og:description\" content=\"Palikt\u0146i ir paredz\u0113ti vai nu uguns iekur\u0161anai, vai ga\u013cas gril\u0113\u0161anai. Palikt\u0146a diametrs 45 cm, augstums 30 cm. Standarta palikt\u0146a materi\u0101la\" \/>\n<meta property=\"og:url\" content=\"https:\/\/www.skamet.ee\/lv\/tooted\/paliktni-ugunskuram\/\" \/>\n<meta property=\"og:site_name\" content=\"Skamet\" \/>\n<meta property=\"article:modified_time\" content=\"2021-05-19T10:58:30+00:00\" \/>\n<meta property=\"og:image\" content=\"https:\/\/www.skamet.ee\/wp-content\/uploads\/2021\/03\/2014-04-29-13.42.20.jpg\" \/>\n\t<meta property=\"og:image:width\" content=\"342\" \/>\n\t<meta property=\"og:image:height\" content=\"387\" \/>\n\t<meta property=\"og:image:type\" content=\"image\/jpeg\" \/>\n<meta name=\"twitter:card\" content=\"summary_large_image\" \/>\n<script type=\"application\/ld+json\" class=\"yoast-schema-graph\">{\"@context\":\"https:\/\/schema.org\",\"@graph\":[{\"@type\":\"WebPage\",\"@id\":\"https:\/\/www.skamet.ee\/lv\/tooted\/paliktni-ugunskuram\/\",\"url\":\"https:\/\/www.skamet.ee\/lv\/tooted\/paliktni-ugunskuram\/\",\"name\":\"Palikt\u0146i ugunskuram - Skamet\",\"isPartOf\":{\"@id\":\"https:\/\/www.skamet.ee\/#website\"},\"primaryImageOfPage\":{\"@id\":\"https:\/\/www.skamet.ee\/lv\/tooted\/paliktni-ugunskuram\/#primaryimage\"},\"image\":{\"@id\":\"https:\/\/www.skamet.ee\/lv\/tooted\/paliktni-ugunskuram\/#primaryimage\"},\"thumbnailUrl\":\"https:\/\/www.skamet.ee\/wp-content\/uploads\/2021\/03\/2014-04-29-13.42.20.jpg\",\"datePublished\":\"2021-03-26T12:16:16+00:00\",\"dateModified\":\"2021-05-19T10:58:30+00:00\",\"breadcrumb\":{\"@id\":\"https:\/\/www.skamet.ee\/lv\/tooted\/paliktni-ugunskuram\/#breadcrumb\"},\"inLanguage\":\"lv-LV\",\"potentialAction\":[{\"@type\":\"ReadAction\",\"target\":[\"https:\/\/www.skamet.ee\/lv\/tooted\/paliktni-ugunskuram\/\"]}]},{\"@type\":\"ImageObject\",\"inLanguage\":\"lv-LV\",\"@id\":\"https:\/\/www.skamet.ee\/lv\/tooted\/paliktni-ugunskuram\/#primaryimage\",\"url\":\"https:\/\/www.skamet.ee\/wp-content\/uploads\/2021\/03\/2014-04-29-13.42.20.jpg\",\"contentUrl\":\"https:\/\/www.skamet.ee\/wp-content\/uploads\/2021\/03\/2014-04-29-13.42.20.jpg\",\"width\":342,\"height\":387,\"caption\":\"2014 04 29 13.42.20\"},{\"@type\":\"BreadcrumbList\",\"@id\":\"https:\/\/www.skamet.ee\/lv\/tooted\/paliktni-ugunskuram\/#breadcrumb\",\"itemListElement\":[{\"@type\":\"ListItem\",\"position\":1,\"name\":\"Home\",\"item\":\"https:\/\/www.skamet.ee\/lv\/\"},{\"@type\":\"ListItem\",\"position\":2,\"name\":\"Produkti\",\"item\":\"https:\/\/www.skamet.ee\/lv\/shop-2\/\"},{\"@type\":\"ListItem\",\"position\":3,\"name\":\"Palikt\u0146i ugunskuram\"}]},{\"@type\":\"WebSite\",\"@id\":\"https:\/\/www.skamet.ee\/#website\",\"url\":\"https:\/\/www.skamet.ee\/\",\"name\":\"Skamet O\u00dc\",\"description\":\"Efektiivsed puuk\u00fcttega saunaahjud Eesti tootjalt\",\"publisher\":{\"@id\":\"https:\/\/www.skamet.ee\/#organization\"},\"potentialAction\":[{\"@type\":\"SearchAction\",\"target\":{\"@type\":\"EntryPoint\",\"urlTemplate\":\"https:\/\/www.skamet.ee\/?s={search_term_string}\"},\"query-input\":{\"@type\":\"PropertyValueSpecification\",\"valueRequired\":true,\"valueName\":\"search_term_string\"}}],\"inLanguage\":\"lv-LV\"},{\"@type\":\"Organization\",\"@id\":\"https:\/\/www.skamet.ee\/#organization\",\"name\":\"Skamet\",\"url\":\"https:\/\/www.skamet.ee\/\",\"logo\":{\"@type\":\"ImageObject\",\"inLanguage\":\"lv-LV\",\"@id\":\"https:\/\/www.skamet.ee\/#\/schema\/logo\/image\/\",\"url\":\"https:\/\/www.skamet.ee\/wp-content\/uploads\/2015\/05\/logo-uus.png\",\"contentUrl\":\"https:\/\/www.skamet.ee\/wp-content\/uploads\/2015\/05\/logo-uus.png\",\"width\":300,\"height\":127,\"caption\":\"Skamet\"},\"image\":{\"@id\":\"https:\/\/www.skamet.ee\/#\/schema\/logo\/image\/\"}}]}<\/script>\n<!-- \/ Yoast SEO plugin. -->","yoast_head_json":{"title":"Palikt\u0146i ugunskuram - Skamet","robots":{"index":"index","follow":"follow","max-snippet":"max-snippet:-1","max-image-preview":"max-image-preview:large","max-video-preview":"max-video-preview:-1"},"canonical":"https:\/\/www.skamet.ee\/lv\/tooted\/paliktni-ugunskuram\/","og_locale":"lv_LV","og_type":"article","og_title":"Palikt\u0146i ugunskuram - Skamet","og_description":"Palikt\u0146i ir paredz\u0113ti vai nu uguns iekur\u0161anai, vai ga\u013cas gril\u0113\u0161anai. Palikt\u0146a diametrs 45 cm, augstums 30 cm. Standarta palikt\u0146a materi\u0101la","og_url":"https:\/\/www.skamet.ee\/lv\/tooted\/paliktni-ugunskuram\/","og_site_name":"Skamet","article_modified_time":"2021-05-19T10:58:30+00:00","og_image":[{"width":342,"height":387,"url":"https:\/\/www.skamet.ee\/wp-content\/uploads\/2021\/03\/2014-04-29-13.42.20.jpg","type":"image\/jpeg"}],"twitter_card":"summary_large_image","schema":{"@context":"https:\/\/schema.org","@graph":[{"@type":"WebPage","@id":"https:\/\/www.skamet.ee\/lv\/tooted\/paliktni-ugunskuram\/","url":"https:\/\/www.skamet.ee\/lv\/tooted\/paliktni-ugunskuram\/","name":"Palikt\u0146i ugunskuram - Skamet","isPartOf":{"@id":"https:\/\/www.skamet.ee\/#website"},"primaryImageOfPage":{"@id":"https:\/\/www.skamet.ee\/lv\/tooted\/paliktni-ugunskuram\/#primaryimage"},"image":{"@id":"https:\/\/www.skamet.ee\/lv\/tooted\/paliktni-ugunskuram\/#primaryimage"},"thumbnailUrl":"https:\/\/www.skamet.ee\/wp-content\/uploads\/2021\/03\/2014-04-29-13.42.20.jpg","datePublished":"2021-03-26T12:16:16+00:00","dateModified":"2021-05-19T10:58:30+00:00","breadcrumb":{"@id":"https:\/\/www.skamet.ee\/lv\/tooted\/paliktni-ugunskuram\/#breadcrumb"},"inLanguage":"lv-LV","potentialAction":[{"@type":"ReadAction","target":["https:\/\/www.skamet.ee\/lv\/tooted\/paliktni-ugunskuram\/"]}]},{"@type":"ImageObject","inLanguage":"lv-LV","@id":"https:\/\/www.skamet.ee\/lv\/tooted\/paliktni-ugunskuram\/#primaryimage","url":"https:\/\/www.skamet.ee\/wp-content\/uploads\/2021\/03\/2014-04-29-13.42.20.jpg","contentUrl":"https:\/\/www.skamet.ee\/wp-content\/uploads\/2021\/03\/2014-04-29-13.42.20.jpg","width":342,"height":387,"caption":"2014 04 29 13.42.20"},{"@type":"BreadcrumbList","@id":"https:\/\/www.skamet.ee\/lv\/tooted\/paliktni-ugunskuram\/#breadcrumb","itemListElement":[{"@type":"ListItem","position":1,"name":"Home","item":"https:\/\/www.skamet.ee\/lv\/"},{"@type":"ListItem","position":2,"name":"Produkti","item":"https:\/\/www.skamet.ee\/lv\/shop-2\/"},{"@type":"ListItem","position":3,"name":"Palikt\u0146i ugunskuram"}]},{"@type":"WebSite","@id":"https:\/\/www.skamet.ee\/#website","url":"https:\/\/www.skamet.ee\/","name":"Skamet O\u00dc","description":"Efektiivsed puuk\u00fcttega saunaahjud Eesti tootjalt","publisher":{"@id":"https:\/\/www.skamet.ee\/#organization"},"potentialAction":[{"@type":"SearchAction","target":{"@type":"EntryPoint","urlTemplate":"https:\/\/www.skamet.ee\/?s={search_term_string}"},"query-input":{"@type":"PropertyValueSpecification","valueRequired":true,"valueName":"search_term_string"}}],"inLanguage":"lv-LV"},{"@type":"Organization","@id":"https:\/\/www.skamet.ee\/#organization","name":"Skamet","url":"https:\/\/www.skamet.ee\/","logo":{"@type":"ImageObject","inLanguage":"lv-LV","@id":"https:\/\/www.skamet.ee\/#\/schema\/logo\/image\/","url":"https:\/\/www.skamet.ee\/wp-content\/uploads\/2015\/05\/logo-uus.png","contentUrl":"https:\/\/www.skamet.ee\/wp-content\/uploads\/2015\/05\/logo-uus.png","width":300,"height":127,"caption":"Skamet"},"image":{"@id":"https:\/\/www.skamet.ee\/#\/schema\/logo\/image\/"}}]}},"_links":{"self":[{"href":"https:\/\/www.skamet.ee\/lv\/wp-json\/wp\/v2\/product\/41943","targetHints":{"allow":["GET"]}}],"collection":[{"href":"https:\/\/www.skamet.ee\/lv\/wp-json\/wp\/v2\/product"}],"about":[{"href":"https:\/\/www.skamet.ee\/lv\/wp-json\/wp\/v2\/types\/product"}],"version-history":[{"count":1,"href":"https:\/\/www.skamet.ee\/lv\/wp-json\/wp\/v2\/product\/41943\/revisions"}],"predecessor-version":[{"id":41958,"href":"https:\/\/www.skamet.ee\/lv\/wp-json\/wp\/v2\/product\/41943\/revisions\/41958"}],"wp:featuredmedia":[{"embeddable":true,"href":"https:\/\/www.skamet.ee\/lv\/wp-json\/wp\/v2\/media\/39738"}],"wp:attachment":[{"href":"https:\/\/www.skamet.ee\/lv\/wp-json\/wp\/v2\/media?parent=41943"}],"wp:term":[{"taxonomy":"product_brand","embeddable":true,"href":"https:\/\/www.skamet.ee\/lv\/wp-json\/wp\/v2\/product_brand?post=41943"},{"taxonomy":"product_cat","embeddable":true,"href":"https:\/\/www.skamet.ee\/lv\/wp-json\/wp\/v2\/product_cat?post=41943"},{"taxonomy":"product_tag","embeddable":true,"href":"https:\/\/www.skamet.ee\/lv\/wp-json\/wp\/v2\/product_tag?post=41943"}],"curies":[{"name":"wp","href":"https:\/\/api.w.org\/{rel}","templated":true}]}}