{"id":41945,"date":"2021-03-26T14:08:13","date_gmt":"2021-03-26T12:08:13","guid":{"rendered":"https:\/\/uus.skamet.ee\/tooted\/Bez kategorijas\/liela-krasns-karstajai-kupinasanai\/"},"modified":"2021-03-26T14:08:13","modified_gmt":"2021-03-26T12:08:13","slug":"liela-krasns-karstajai-kupinasanai","status":"publish","type":"product","link":"https:\/\/www.skamet.ee\/lv\/tooted\/liela-krasns-karstajai-kupinasanai\/","title":{"rendered":"Liel\u0101 kr\u0101sns karstajai k\u016bpin\u0101\u0161anai"},"content":{"rendered":"<p>Liel\u0101 kr\u0101sns karstajai kurin\u0101\u0161anai ir izgatavota \u010detrst\u016bra form\u0101, no trim pus\u0113m t\u0101 ir apr\u012bkota ar dubulto sienu, kas garant\u0113 kvalitat\u012bvu k\u016bpin\u0101tavas darbu pat visaukst\u0101kaj\u0101 laik\u0101. \u0100r\u0113jie izm\u0113ri 170x50x50 cm. No\u0146emams skurstenis.<br \/>\nIzm\u0113ri ir nor\u0101d\u012bti lieto\u0161anas instrukcij\u0101.<\/p>\n","protected":false},"excerpt":{"rendered":"<p>Liel\u0101 kr\u0101sns karstajai kurin\u0101\u0161anai ir izgatavota \u010detrst\u016bra form\u0101, no trim pus\u0113m t\u0101 ir apr\u012bkota ar dubulto sienu, kas garant\u0113 kvalitat\u012bvu<\/p>\n","protected":false},"featured_media":39790,"template":"","meta":{"_lmt_disableupdate":"","_lmt_disable":""},"product_brand":[],"product_cat":[260],"product_tag":[],"class_list":{"0":"post-41945","1":"product","2":"type-product","3":"status-publish","4":"has-post-thumbnail","6":"product_cat-citi-izstradajumi","8":"first","9":"instock","10":"shipping-taxable","11":"product-type-simple"},"yoast_head":"<!-- This site is optimized with the Yoast SEO plugin v27.0 - https:\/\/yoast.com\/product\/yoast-seo-wordpress\/ -->\n<title>Liel\u0101 kr\u0101sns karstajai k\u016bpin\u0101\u0161anai - Skamet<\/title>\n<meta name=\"robots\" content=\"index, follow, max-snippet:-1, max-image-preview:large, max-video-preview:-1\" \/>\n<link rel=\"canonical\" href=\"https:\/\/www.skamet.ee\/lv\/tooted\/liela-krasns-karstajai-kupinasanai\/\" \/>\n<meta property=\"og:locale\" content=\"lv_LV\" \/>\n<meta property=\"og:type\" content=\"article\" \/>\n<meta property=\"og:title\" content=\"Liel\u0101 kr\u0101sns karstajai k\u016bpin\u0101\u0161anai - Skamet\" \/>\n<meta property=\"og:description\" content=\"Liel\u0101 kr\u0101sns karstajai kurin\u0101\u0161anai ir izgatavota \u010detrst\u016bra form\u0101, no trim pus\u0113m t\u0101 ir apr\u012bkota ar dubulto sienu, kas garant\u0113 kvalitat\u012bvu\" \/>\n<meta property=\"og:url\" content=\"https:\/\/www.skamet.ee\/lv\/tooted\/liela-krasns-karstajai-kupinasanai\/\" \/>\n<meta property=\"og:site_name\" content=\"Skamet\" \/>\n<meta property=\"og:image\" content=\"https:\/\/www.skamet.ee\/wp-content\/uploads\/2021\/03\/GSS-200-scaled.jpg\" \/>\n\t<meta property=\"og:image:width\" content=\"2560\" \/>\n\t<meta property=\"og:image:height\" content=\"2560\" \/>\n\t<meta property=\"og:image:type\" content=\"image\/jpeg\" \/>\n<meta name=\"twitter:card\" content=\"summary_large_image\" \/>\n<script type=\"application\/ld+json\" class=\"yoast-schema-graph\">{\"@context\":\"https:\/\/schema.org\",\"@graph\":[{\"@type\":\"WebPage\",\"@id\":\"https:\/\/www.skamet.ee\/lv\/tooted\/liela-krasns-karstajai-kupinasanai\/\",\"url\":\"https:\/\/www.skamet.ee\/lv\/tooted\/liela-krasns-karstajai-kupinasanai\/\",\"name\":\"Liel\u0101 kr\u0101sns karstajai k\u016bpin\u0101\u0161anai - Skamet\",\"isPartOf\":{\"@id\":\"https:\/\/www.skamet.ee\/#website\"},\"primaryImageOfPage\":{\"@id\":\"https:\/\/www.skamet.ee\/lv\/tooted\/liela-krasns-karstajai-kupinasanai\/#primaryimage\"},\"image\":{\"@id\":\"https:\/\/www.skamet.ee\/lv\/tooted\/liela-krasns-karstajai-kupinasanai\/#primaryimage\"},\"thumbnailUrl\":\"https:\/\/www.skamet.ee\/wp-content\/uploads\/2021\/03\/GSS-200-scaled.jpg\",\"datePublished\":\"2021-03-26T12:08:13+00:00\",\"breadcrumb\":{\"@id\":\"https:\/\/www.skamet.ee\/lv\/tooted\/liela-krasns-karstajai-kupinasanai\/#breadcrumb\"},\"inLanguage\":\"lv-LV\",\"potentialAction\":[{\"@type\":\"ReadAction\",\"target\":[\"https:\/\/www.skamet.ee\/lv\/tooted\/liela-krasns-karstajai-kupinasanai\/\"]}]},{\"@type\":\"ImageObject\",\"inLanguage\":\"lv-LV\",\"@id\":\"https:\/\/www.skamet.ee\/lv\/tooted\/liela-krasns-karstajai-kupinasanai\/#primaryimage\",\"url\":\"https:\/\/www.skamet.ee\/wp-content\/uploads\/2021\/03\/GSS-200-scaled.jpg\",\"contentUrl\":\"https:\/\/www.skamet.ee\/wp-content\/uploads\/2021\/03\/GSS-200-scaled.jpg\",\"width\":2560,\"height\":2560,\"caption\":\"GSS 200 scaled\"},{\"@type\":\"BreadcrumbList\",\"@id\":\"https:\/\/www.skamet.ee\/lv\/tooted\/liela-krasns-karstajai-kupinasanai\/#breadcrumb\",\"itemListElement\":[{\"@type\":\"ListItem\",\"position\":1,\"name\":\"Home\",\"item\":\"https:\/\/www.skamet.ee\/lv\/\"},{\"@type\":\"ListItem\",\"position\":2,\"name\":\"Produkti\",\"item\":\"https:\/\/www.skamet.ee\/lv\/shop-2\/\"},{\"@type\":\"ListItem\",\"position\":3,\"name\":\"Liel\u0101 kr\u0101sns karstajai k\u016bpin\u0101\u0161anai\"}]},{\"@type\":\"WebSite\",\"@id\":\"https:\/\/www.skamet.ee\/#website\",\"url\":\"https:\/\/www.skamet.ee\/\",\"name\":\"Skamet O\u00dc\",\"description\":\"Efektiivsed puuk\u00fcttega saunaahjud Eesti tootjalt\",\"publisher\":{\"@id\":\"https:\/\/www.skamet.ee\/#organization\"},\"potentialAction\":[{\"@type\":\"SearchAction\",\"target\":{\"@type\":\"EntryPoint\",\"urlTemplate\":\"https:\/\/www.skamet.ee\/?s={search_term_string}\"},\"query-input\":{\"@type\":\"PropertyValueSpecification\",\"valueRequired\":true,\"valueName\":\"search_term_string\"}}],\"inLanguage\":\"lv-LV\"},{\"@type\":\"Organization\",\"@id\":\"https:\/\/www.skamet.ee\/#organization\",\"name\":\"Skamet\",\"url\":\"https:\/\/www.skamet.ee\/\",\"logo\":{\"@type\":\"ImageObject\",\"inLanguage\":\"lv-LV\",\"@id\":\"https:\/\/www.skamet.ee\/#\/schema\/logo\/image\/\",\"url\":\"https:\/\/www.skamet.ee\/wp-content\/uploads\/2015\/05\/logo-uus.png\",\"contentUrl\":\"https:\/\/www.skamet.ee\/wp-content\/uploads\/2015\/05\/logo-uus.png\",\"width\":300,\"height\":127,\"caption\":\"Skamet\"},\"image\":{\"@id\":\"https:\/\/www.skamet.ee\/#\/schema\/logo\/image\/\"}}]}<\/script>\n<!-- \/ Yoast SEO plugin. -->","yoast_head_json":{"title":"Liel\u0101 kr\u0101sns karstajai k\u016bpin\u0101\u0161anai - Skamet","robots":{"index":"index","follow":"follow","max-snippet":"max-snippet:-1","max-image-preview":"max-image-preview:large","max-video-preview":"max-video-preview:-1"},"canonical":"https:\/\/www.skamet.ee\/lv\/tooted\/liela-krasns-karstajai-kupinasanai\/","og_locale":"lv_LV","og_type":"article","og_title":"Liel\u0101 kr\u0101sns karstajai k\u016bpin\u0101\u0161anai - Skamet","og_description":"Liel\u0101 kr\u0101sns karstajai kurin\u0101\u0161anai ir izgatavota \u010detrst\u016bra form\u0101, no trim pus\u0113m t\u0101 ir apr\u012bkota ar dubulto sienu, kas garant\u0113 kvalitat\u012bvu","og_url":"https:\/\/www.skamet.ee\/lv\/tooted\/liela-krasns-karstajai-kupinasanai\/","og_site_name":"Skamet","og_image":[{"width":2560,"height":2560,"url":"https:\/\/www.skamet.ee\/wp-content\/uploads\/2021\/03\/GSS-200-scaled.jpg","type":"image\/jpeg"}],"twitter_card":"summary_large_image","schema":{"@context":"https:\/\/schema.org","@graph":[{"@type":"WebPage","@id":"https:\/\/www.skamet.ee\/lv\/tooted\/liela-krasns-karstajai-kupinasanai\/","url":"https:\/\/www.skamet.ee\/lv\/tooted\/liela-krasns-karstajai-kupinasanai\/","name":"Liel\u0101 kr\u0101sns karstajai k\u016bpin\u0101\u0161anai - Skamet","isPartOf":{"@id":"https:\/\/www.skamet.ee\/#website"},"primaryImageOfPage":{"@id":"https:\/\/www.skamet.ee\/lv\/tooted\/liela-krasns-karstajai-kupinasanai\/#primaryimage"},"image":{"@id":"https:\/\/www.skamet.ee\/lv\/tooted\/liela-krasns-karstajai-kupinasanai\/#primaryimage"},"thumbnailUrl":"https:\/\/www.skamet.ee\/wp-content\/uploads\/2021\/03\/GSS-200-scaled.jpg","datePublished":"2021-03-26T12:08:13+00:00","breadcrumb":{"@id":"https:\/\/www.skamet.ee\/lv\/tooted\/liela-krasns-karstajai-kupinasanai\/#breadcrumb"},"inLanguage":"lv-LV","potentialAction":[{"@type":"ReadAction","target":["https:\/\/www.skamet.ee\/lv\/tooted\/liela-krasns-karstajai-kupinasanai\/"]}]},{"@type":"ImageObject","inLanguage":"lv-LV","@id":"https:\/\/www.skamet.ee\/lv\/tooted\/liela-krasns-karstajai-kupinasanai\/#primaryimage","url":"https:\/\/www.skamet.ee\/wp-content\/uploads\/2021\/03\/GSS-200-scaled.jpg","contentUrl":"https:\/\/www.skamet.ee\/wp-content\/uploads\/2021\/03\/GSS-200-scaled.jpg","width":2560,"height":2560,"caption":"GSS 200 scaled"},{"@type":"BreadcrumbList","@id":"https:\/\/www.skamet.ee\/lv\/tooted\/liela-krasns-karstajai-kupinasanai\/#breadcrumb","itemListElement":[{"@type":"ListItem","position":1,"name":"Home","item":"https:\/\/www.skamet.ee\/lv\/"},{"@type":"ListItem","position":2,"name":"Produkti","item":"https:\/\/www.skamet.ee\/lv\/shop-2\/"},{"@type":"ListItem","position":3,"name":"Liel\u0101 kr\u0101sns karstajai k\u016bpin\u0101\u0161anai"}]},{"@type":"WebSite","@id":"https:\/\/www.skamet.ee\/#website","url":"https:\/\/www.skamet.ee\/","name":"Skamet O\u00dc","description":"Efektiivsed puuk\u00fcttega saunaahjud Eesti tootjalt","publisher":{"@id":"https:\/\/www.skamet.ee\/#organization"},"potentialAction":[{"@type":"SearchAction","target":{"@type":"EntryPoint","urlTemplate":"https:\/\/www.skamet.ee\/?s={search_term_string}"},"query-input":{"@type":"PropertyValueSpecification","valueRequired":true,"valueName":"search_term_string"}}],"inLanguage":"lv-LV"},{"@type":"Organization","@id":"https:\/\/www.skamet.ee\/#organization","name":"Skamet","url":"https:\/\/www.skamet.ee\/","logo":{"@type":"ImageObject","inLanguage":"lv-LV","@id":"https:\/\/www.skamet.ee\/#\/schema\/logo\/image\/","url":"https:\/\/www.skamet.ee\/wp-content\/uploads\/2015\/05\/logo-uus.png","contentUrl":"https:\/\/www.skamet.ee\/wp-content\/uploads\/2015\/05\/logo-uus.png","width":300,"height":127,"caption":"Skamet"},"image":{"@id":"https:\/\/www.skamet.ee\/#\/schema\/logo\/image\/"}}]}},"_links":{"self":[{"href":"https:\/\/www.skamet.ee\/lv\/wp-json\/wp\/v2\/product\/41945","targetHints":{"allow":["GET"]}}],"collection":[{"href":"https:\/\/www.skamet.ee\/lv\/wp-json\/wp\/v2\/product"}],"about":[{"href":"https:\/\/www.skamet.ee\/lv\/wp-json\/wp\/v2\/types\/product"}],"version-history":[{"count":0,"href":"https:\/\/www.skamet.ee\/lv\/wp-json\/wp\/v2\/product\/41945\/revisions"}],"wp:featuredmedia":[{"embeddable":true,"href":"https:\/\/www.skamet.ee\/lv\/wp-json\/wp\/v2\/media\/39790"}],"wp:attachment":[{"href":"https:\/\/www.skamet.ee\/lv\/wp-json\/wp\/v2\/media?parent=41945"}],"wp:term":[{"taxonomy":"product_brand","embeddable":true,"href":"https:\/\/www.skamet.ee\/lv\/wp-json\/wp\/v2\/product_brand?post=41945"},{"taxonomy":"product_cat","embeddable":true,"href":"https:\/\/www.skamet.ee\/lv\/wp-json\/wp\/v2\/product_cat?post=41945"},{"taxonomy":"product_tag","embeddable":true,"href":"https:\/\/www.skamet.ee\/lv\/wp-json\/wp\/v2\/product_tag?post=41945"}],"curies":[{"name":"wp","href":"https:\/\/api.w.org\/{rel}","templated":true}]}}