{"id":41947,"date":"2021-03-26T14:57:29","date_gmt":"2021-03-26T12:57:29","guid":{"rendered":"https:\/\/uus.skamet.ee\/tooted\/Bez%20kategorijas\/plits-krasns\/"},"modified":"2021-05-19T13:49:37","modified_gmt":"2021-05-19T10:49:37","slug":"plits-krasns","status":"publish","type":"product","link":"https:\/\/www.skamet.ee\/lv\/tooted\/plits-krasns\/","title":{"rendered":"Pl\u012bts kr\u0101sns"},"content":{"rendered":"<p>Pl\u012bts kr\u0101sns uzkar\u0161anas princips ir l\u012bdz\u012bgs m\u016bsu pirts kr\u0101\u0161\u0146u uzkar\u0161anas principam \u2013 att\u0101lums starp kr\u0101sns iek\u0161pusi un korpusu ir 5 cm, caur \u0161o atstarpi tiek izvad\u012bts aukstais gaiss. \u0160is pa\u0146\u0113miens pal\u012bdz \u0101tri un efekt\u012bvi sasild\u012bt gaisu, kas \u013cauj \u0101tr\u0101k sasild\u012bt telpu. \u0100r\u0113jie izm\u0113ri 86x48x53 cm. Savienojums ar skursteni ir iestr\u0101d\u0101ts aizmugur\u0113j\u0101 sien\u0101. Pl\u012btij var piesl\u0113gt karst\u0101 \u016bdens boileri (labaj\u0101 vai kreisaj\u0101 pus\u0113). Virs pl\u012bts tiek uzst\u0101d\u012bta \u010duguna pl\u012bts, uz kuras var pagatavot \u0113dienu. Pl\u012bts apak\u0161da\u013c\u0101 ir paredz\u0113ta vieta malkas glab\u0101\u0161anai (35x39x47,5 cm).<br \/>\nIzm\u0113ri ir nor\u0101d\u012bti lieto\u0161anas instrukcij\u0101<\/p>\n","protected":false},"excerpt":{"rendered":"<p>Pl\u012bts kr\u0101sns uzkar\u0161anas princips ir l\u012bdz\u012bgs m\u016bsu pirts kr\u0101\u0161\u0146u uzkar\u0161anas principam \u2013 att\u0101lums starp kr\u0101sns iek\u0161pusi un korpusu ir 5<\/p>\n","protected":false},"featured_media":39896,"template":"","meta":{"_lmt_disableupdate":"","_lmt_disable":""},"product_brand":[],"product_cat":[336],"product_tag":[],"class_list":{"0":"post-41947","1":"product","2":"type-product","3":"status-publish","4":"has-post-thumbnail","6":"product_cat-pirts-krasnis-pec-pasutijuma","8":"first","9":"instock","10":"shipping-taxable","11":"product-type-simple"},"yoast_head":"<!-- This site is optimized with the Yoast SEO plugin v27.0 - https:\/\/yoast.com\/product\/yoast-seo-wordpress\/ -->\n<title>Pl\u012bts kr\u0101sns - Skamet<\/title>\n<meta name=\"robots\" content=\"index, follow, max-snippet:-1, max-image-preview:large, max-video-preview:-1\" \/>\n<link rel=\"canonical\" href=\"https:\/\/www.skamet.ee\/lv\/tooted\/plits-krasns\/\" \/>\n<meta property=\"og:locale\" content=\"lv_LV\" \/>\n<meta property=\"og:type\" content=\"article\" \/>\n<meta property=\"og:title\" content=\"Pl\u012bts kr\u0101sns - Skamet\" \/>\n<meta property=\"og:description\" content=\"Pl\u012bts kr\u0101sns uzkar\u0161anas princips ir l\u012bdz\u012bgs m\u016bsu pirts kr\u0101\u0161\u0146u uzkar\u0161anas principam \u2013 att\u0101lums starp kr\u0101sns iek\u0161pusi un korpusu ir 5\" \/>\n<meta property=\"og:url\" content=\"https:\/\/www.skamet.ee\/lv\/tooted\/plits-krasns\/\" \/>\n<meta property=\"og:site_name\" content=\"Skamet\" \/>\n<meta property=\"article:modified_time\" content=\"2021-05-19T10:49:37+00:00\" \/>\n<meta property=\"og:image\" content=\"https:\/\/www.skamet.ee\/wp-content\/uploads\/2021\/03\/pliitahi-removebg-preview.png\" \/>\n\t<meta property=\"og:image:width\" content=\"433\" \/>\n\t<meta property=\"og:image:height\" content=\"577\" \/>\n\t<meta property=\"og:image:type\" content=\"image\/png\" \/>\n<meta name=\"twitter:card\" content=\"summary_large_image\" \/>\n<meta name=\"twitter:label1\" content=\"Est. reading time\" \/>\n\t<meta name=\"twitter:data1\" content=\"1 min\u016b\u0161u\" \/>\n<script type=\"application\/ld+json\" class=\"yoast-schema-graph\">{\"@context\":\"https:\/\/schema.org\",\"@graph\":[{\"@type\":\"WebPage\",\"@id\":\"https:\/\/www.skamet.ee\/lv\/tooted\/plits-krasns\/\",\"url\":\"https:\/\/www.skamet.ee\/lv\/tooted\/plits-krasns\/\",\"name\":\"Pl\u012bts kr\u0101sns - Skamet\",\"isPartOf\":{\"@id\":\"https:\/\/www.skamet.ee\/#website\"},\"primaryImageOfPage\":{\"@id\":\"https:\/\/www.skamet.ee\/lv\/tooted\/plits-krasns\/#primaryimage\"},\"image\":{\"@id\":\"https:\/\/www.skamet.ee\/lv\/tooted\/plits-krasns\/#primaryimage\"},\"thumbnailUrl\":\"https:\/\/www.skamet.ee\/wp-content\/uploads\/2021\/03\/pliitahi-removebg-preview.png\",\"datePublished\":\"2021-03-26T12:57:29+00:00\",\"dateModified\":\"2021-05-19T10:49:37+00:00\",\"breadcrumb\":{\"@id\":\"https:\/\/www.skamet.ee\/lv\/tooted\/plits-krasns\/#breadcrumb\"},\"inLanguage\":\"lv-LV\",\"potentialAction\":[{\"@type\":\"ReadAction\",\"target\":[\"https:\/\/www.skamet.ee\/lv\/tooted\/plits-krasns\/\"]}]},{\"@type\":\"ImageObject\",\"inLanguage\":\"lv-LV\",\"@id\":\"https:\/\/www.skamet.ee\/lv\/tooted\/plits-krasns\/#primaryimage\",\"url\":\"https:\/\/www.skamet.ee\/wp-content\/uploads\/2021\/03\/pliitahi-removebg-preview.png\",\"contentUrl\":\"https:\/\/www.skamet.ee\/wp-content\/uploads\/2021\/03\/pliitahi-removebg-preview.png\",\"width\":433,\"height\":577,\"caption\":\"pliitahi removebg preview\"},{\"@type\":\"BreadcrumbList\",\"@id\":\"https:\/\/www.skamet.ee\/lv\/tooted\/plits-krasns\/#breadcrumb\",\"itemListElement\":[{\"@type\":\"ListItem\",\"position\":1,\"name\":\"Home\",\"item\":\"https:\/\/www.skamet.ee\/lv\/\"},{\"@type\":\"ListItem\",\"position\":2,\"name\":\"Produkti\",\"item\":\"https:\/\/www.skamet.ee\/lv\/shop-2\/\"},{\"@type\":\"ListItem\",\"position\":3,\"name\":\"Pl\u012bts kr\u0101sns\"}]},{\"@type\":\"WebSite\",\"@id\":\"https:\/\/www.skamet.ee\/#website\",\"url\":\"https:\/\/www.skamet.ee\/\",\"name\":\"Skamet O\u00dc\",\"description\":\"Efektiivsed puuk\u00fcttega saunaahjud Eesti tootjalt\",\"publisher\":{\"@id\":\"https:\/\/www.skamet.ee\/#organization\"},\"potentialAction\":[{\"@type\":\"SearchAction\",\"target\":{\"@type\":\"EntryPoint\",\"urlTemplate\":\"https:\/\/www.skamet.ee\/?s={search_term_string}\"},\"query-input\":{\"@type\":\"PropertyValueSpecification\",\"valueRequired\":true,\"valueName\":\"search_term_string\"}}],\"inLanguage\":\"lv-LV\"},{\"@type\":\"Organization\",\"@id\":\"https:\/\/www.skamet.ee\/#organization\",\"name\":\"Skamet\",\"url\":\"https:\/\/www.skamet.ee\/\",\"logo\":{\"@type\":\"ImageObject\",\"inLanguage\":\"lv-LV\",\"@id\":\"https:\/\/www.skamet.ee\/#\/schema\/logo\/image\/\",\"url\":\"https:\/\/www.skamet.ee\/wp-content\/uploads\/2015\/05\/logo-uus.png\",\"contentUrl\":\"https:\/\/www.skamet.ee\/wp-content\/uploads\/2015\/05\/logo-uus.png\",\"width\":300,\"height\":127,\"caption\":\"Skamet\"},\"image\":{\"@id\":\"https:\/\/www.skamet.ee\/#\/schema\/logo\/image\/\"}}]}<\/script>\n<!-- \/ Yoast SEO plugin. -->","yoast_head_json":{"title":"Pl\u012bts kr\u0101sns - Skamet","robots":{"index":"index","follow":"follow","max-snippet":"max-snippet:-1","max-image-preview":"max-image-preview:large","max-video-preview":"max-video-preview:-1"},"canonical":"https:\/\/www.skamet.ee\/lv\/tooted\/plits-krasns\/","og_locale":"lv_LV","og_type":"article","og_title":"Pl\u012bts kr\u0101sns - Skamet","og_description":"Pl\u012bts kr\u0101sns uzkar\u0161anas princips ir l\u012bdz\u012bgs m\u016bsu pirts kr\u0101\u0161\u0146u uzkar\u0161anas principam \u2013 att\u0101lums starp kr\u0101sns iek\u0161pusi un korpusu ir 5","og_url":"https:\/\/www.skamet.ee\/lv\/tooted\/plits-krasns\/","og_site_name":"Skamet","article_modified_time":"2021-05-19T10:49:37+00:00","og_image":[{"width":433,"height":577,"url":"https:\/\/www.skamet.ee\/wp-content\/uploads\/2021\/03\/pliitahi-removebg-preview.png","type":"image\/png"}],"twitter_card":"summary_large_image","twitter_misc":{"Est. reading time":"1 min\u016b\u0161u"},"schema":{"@context":"https:\/\/schema.org","@graph":[{"@type":"WebPage","@id":"https:\/\/www.skamet.ee\/lv\/tooted\/plits-krasns\/","url":"https:\/\/www.skamet.ee\/lv\/tooted\/plits-krasns\/","name":"Pl\u012bts kr\u0101sns - Skamet","isPartOf":{"@id":"https:\/\/www.skamet.ee\/#website"},"primaryImageOfPage":{"@id":"https:\/\/www.skamet.ee\/lv\/tooted\/plits-krasns\/#primaryimage"},"image":{"@id":"https:\/\/www.skamet.ee\/lv\/tooted\/plits-krasns\/#primaryimage"},"thumbnailUrl":"https:\/\/www.skamet.ee\/wp-content\/uploads\/2021\/03\/pliitahi-removebg-preview.png","datePublished":"2021-03-26T12:57:29+00:00","dateModified":"2021-05-19T10:49:37+00:00","breadcrumb":{"@id":"https:\/\/www.skamet.ee\/lv\/tooted\/plits-krasns\/#breadcrumb"},"inLanguage":"lv-LV","potentialAction":[{"@type":"ReadAction","target":["https:\/\/www.skamet.ee\/lv\/tooted\/plits-krasns\/"]}]},{"@type":"ImageObject","inLanguage":"lv-LV","@id":"https:\/\/www.skamet.ee\/lv\/tooted\/plits-krasns\/#primaryimage","url":"https:\/\/www.skamet.ee\/wp-content\/uploads\/2021\/03\/pliitahi-removebg-preview.png","contentUrl":"https:\/\/www.skamet.ee\/wp-content\/uploads\/2021\/03\/pliitahi-removebg-preview.png","width":433,"height":577,"caption":"pliitahi removebg preview"},{"@type":"BreadcrumbList","@id":"https:\/\/www.skamet.ee\/lv\/tooted\/plits-krasns\/#breadcrumb","itemListElement":[{"@type":"ListItem","position":1,"name":"Home","item":"https:\/\/www.skamet.ee\/lv\/"},{"@type":"ListItem","position":2,"name":"Produkti","item":"https:\/\/www.skamet.ee\/lv\/shop-2\/"},{"@type":"ListItem","position":3,"name":"Pl\u012bts kr\u0101sns"}]},{"@type":"WebSite","@id":"https:\/\/www.skamet.ee\/#website","url":"https:\/\/www.skamet.ee\/","name":"Skamet O\u00dc","description":"Efektiivsed puuk\u00fcttega saunaahjud Eesti tootjalt","publisher":{"@id":"https:\/\/www.skamet.ee\/#organization"},"potentialAction":[{"@type":"SearchAction","target":{"@type":"EntryPoint","urlTemplate":"https:\/\/www.skamet.ee\/?s={search_term_string}"},"query-input":{"@type":"PropertyValueSpecification","valueRequired":true,"valueName":"search_term_string"}}],"inLanguage":"lv-LV"},{"@type":"Organization","@id":"https:\/\/www.skamet.ee\/#organization","name":"Skamet","url":"https:\/\/www.skamet.ee\/","logo":{"@type":"ImageObject","inLanguage":"lv-LV","@id":"https:\/\/www.skamet.ee\/#\/schema\/logo\/image\/","url":"https:\/\/www.skamet.ee\/wp-content\/uploads\/2015\/05\/logo-uus.png","contentUrl":"https:\/\/www.skamet.ee\/wp-content\/uploads\/2015\/05\/logo-uus.png","width":300,"height":127,"caption":"Skamet"},"image":{"@id":"https:\/\/www.skamet.ee\/#\/schema\/logo\/image\/"}}]}},"_links":{"self":[{"href":"https:\/\/www.skamet.ee\/lv\/wp-json\/wp\/v2\/product\/41947","targetHints":{"allow":["GET"]}}],"collection":[{"href":"https:\/\/www.skamet.ee\/lv\/wp-json\/wp\/v2\/product"}],"about":[{"href":"https:\/\/www.skamet.ee\/lv\/wp-json\/wp\/v2\/types\/product"}],"version-history":[{"count":1,"href":"https:\/\/www.skamet.ee\/lv\/wp-json\/wp\/v2\/product\/41947\/revisions"}],"predecessor-version":[{"id":41948,"href":"https:\/\/www.skamet.ee\/lv\/wp-json\/wp\/v2\/product\/41947\/revisions\/41948"}],"wp:featuredmedia":[{"embeddable":true,"href":"https:\/\/www.skamet.ee\/lv\/wp-json\/wp\/v2\/media\/39896"}],"wp:attachment":[{"href":"https:\/\/www.skamet.ee\/lv\/wp-json\/wp\/v2\/media?parent=41947"}],"wp:term":[{"taxonomy":"product_brand","embeddable":true,"href":"https:\/\/www.skamet.ee\/lv\/wp-json\/wp\/v2\/product_brand?post=41947"},{"taxonomy":"product_cat","embeddable":true,"href":"https:\/\/www.skamet.ee\/lv\/wp-json\/wp\/v2\/product_cat?post=41947"},{"taxonomy":"product_tag","embeddable":true,"href":"https:\/\/www.skamet.ee\/lv\/wp-json\/wp\/v2\/product_tag?post=41947"}],"curies":[{"name":"wp","href":"https:\/\/api.w.org\/{rel}","templated":true}]}}