{"id":41950,"date":"2021-03-26T14:58:29","date_gmt":"2021-03-26T12:58:29","guid":{"rendered":"https:\/\/uus.skamet.ee\/tooted\/Bez%20kategorijas\/pirts-krasns-ar-slegtu-udens-tvertni\/"},"modified":"2021-05-19T13:47:26","modified_gmt":"2021-05-19T10:47:26","slug":"pirts-krasns-ar-slegtu-udens-tvertni","status":"publish","type":"product","link":"https:\/\/www.skamet.ee\/lv\/tooted\/pirts-krasns-ar-slegtu-udens-tvertni\/","title":{"rendered":"Pirts kr\u0101sns ar sl\u0113gtu \u016bdens tvertni"},"content":{"rendered":"<p>Pirts kr\u0101sns ar re\u017e\u0123a korpusu un sl\u0113gtu \u016bdens tvertni ir paredz\u0113ta nelielai saunai ( 6-10m\u00b3). Savienojums ar skursteni kr\u0101sns aug\u0161da\u013c\u0101. Aug\u0161da\u013c\u0101 ir uzst\u0101d\u0101ms karst\u0101 \u016bdens boilers, cauri kuram iziet d\u016bmvada caurule. Kr\u0101sni ir iesp\u0113jams pas\u016bt\u012bt gan ar stikla durti\u0146\u0101m, gan bez t\u0101m. Boilera apjoms standarta kr\u0101snij ir 110 litri (var pas\u016bt\u012bt liel\u0101ka vai maz\u0101ka tilpuma boileri). Da\u017ei izm\u0113ri: Kurtuve (kop\u0101 ar \u0101rdstieni) \u2013 62\u00d754 cm. Augstums 45 cm. Boilera diametrs 45 cm. 110 litru boilera augstums 80 cm. Kop\u0113jais augstums 125 cm. Boilers ir apr\u012bkots ar \u010detriem 1\/2 collas nipe\u013ciem \u2013 viens nipelis ien\u0101ko\u0161ajam \u016bdeni, otrs nipelis izejo\u0161ajam \u016bdenim, tre\u0161ais nipelis paredz\u0113ts aizsargv\u0101rstam un viens nipelis (ar iek\u0161\u0113jo v\u012btni) paredz\u0113ts termometram.<\/p>\n","protected":false},"excerpt":{"rendered":"<p>Pirts kr\u0101sns ar re\u017e\u0123a korpusu un sl\u0113gtu \u016bdens tvertni ir paredz\u0113ta nelielai saunai ( 6-10m\u00b3). Savienojums ar skursteni kr\u0101sns aug\u0161da\u013c\u0101.<\/p>\n","protected":false},"featured_media":40886,"template":"","meta":{"_lmt_disableupdate":"","_lmt_disable":""},"product_brand":[],"product_cat":[336],"product_tag":[],"class_list":{"0":"post-41950","1":"product","2":"type-product","3":"status-publish","4":"has-post-thumbnail","6":"product_cat-pirts-krasnis-pec-pasutijuma","8":"first","9":"instock","10":"shipping-taxable","11":"product-type-simple"},"yoast_head":"<!-- This site is optimized with the Yoast SEO plugin v27.0 - https:\/\/yoast.com\/product\/yoast-seo-wordpress\/ -->\n<title>Pirts kr\u0101sns ar sl\u0113gtu \u016bdens tvertni - Skamet<\/title>\n<meta name=\"robots\" content=\"index, follow, max-snippet:-1, max-image-preview:large, max-video-preview:-1\" \/>\n<link rel=\"canonical\" href=\"https:\/\/www.skamet.ee\/lv\/tooted\/pirts-krasns-ar-slegtu-udens-tvertni\/\" \/>\n<meta property=\"og:locale\" content=\"lv_LV\" \/>\n<meta property=\"og:type\" content=\"article\" \/>\n<meta property=\"og:title\" content=\"Pirts kr\u0101sns ar sl\u0113gtu \u016bdens tvertni - Skamet\" \/>\n<meta property=\"og:description\" content=\"Pirts kr\u0101sns ar re\u017e\u0123a korpusu un sl\u0113gtu \u016bdens tvertni ir paredz\u0113ta nelielai saunai ( 6-10m\u00b3). Savienojums ar skursteni kr\u0101sns aug\u0161da\u013c\u0101.\" \/>\n<meta property=\"og:url\" content=\"https:\/\/www.skamet.ee\/lv\/tooted\/pirts-krasns-ar-slegtu-udens-tvertni\/\" \/>\n<meta property=\"og:site_name\" content=\"Skamet\" \/>\n<meta property=\"article:modified_time\" content=\"2021-05-19T10:47:26+00:00\" \/>\n<meta property=\"og:image\" content=\"https:\/\/www.skamet.ee\/wp-content\/uploads\/2021\/03\/IMGP3540.png\" \/>\n\t<meta property=\"og:image:width\" content=\"433\" \/>\n\t<meta property=\"og:image:height\" content=\"577\" \/>\n\t<meta property=\"og:image:type\" content=\"image\/png\" \/>\n<meta name=\"twitter:card\" content=\"summary_large_image\" \/>\n<meta name=\"twitter:label1\" content=\"Est. reading time\" \/>\n\t<meta name=\"twitter:data1\" content=\"1 min\u016b\u0161u\" \/>\n<script type=\"application\/ld+json\" class=\"yoast-schema-graph\">{\"@context\":\"https:\/\/schema.org\",\"@graph\":[{\"@type\":\"WebPage\",\"@id\":\"https:\/\/www.skamet.ee\/lv\/tooted\/pirts-krasns-ar-slegtu-udens-tvertni\/\",\"url\":\"https:\/\/www.skamet.ee\/lv\/tooted\/pirts-krasns-ar-slegtu-udens-tvertni\/\",\"name\":\"Pirts kr\u0101sns ar sl\u0113gtu \u016bdens tvertni - Skamet\",\"isPartOf\":{\"@id\":\"https:\/\/www.skamet.ee\/#website\"},\"primaryImageOfPage\":{\"@id\":\"https:\/\/www.skamet.ee\/lv\/tooted\/pirts-krasns-ar-slegtu-udens-tvertni\/#primaryimage\"},\"image\":{\"@id\":\"https:\/\/www.skamet.ee\/lv\/tooted\/pirts-krasns-ar-slegtu-udens-tvertni\/#primaryimage\"},\"thumbnailUrl\":\"https:\/\/www.skamet.ee\/wp-content\/uploads\/2021\/03\/IMGP3540.png\",\"datePublished\":\"2021-03-26T12:58:29+00:00\",\"dateModified\":\"2021-05-19T10:47:26+00:00\",\"breadcrumb\":{\"@id\":\"https:\/\/www.skamet.ee\/lv\/tooted\/pirts-krasns-ar-slegtu-udens-tvertni\/#breadcrumb\"},\"inLanguage\":\"lv-LV\",\"potentialAction\":[{\"@type\":\"ReadAction\",\"target\":[\"https:\/\/www.skamet.ee\/lv\/tooted\/pirts-krasns-ar-slegtu-udens-tvertni\/\"]}]},{\"@type\":\"ImageObject\",\"inLanguage\":\"lv-LV\",\"@id\":\"https:\/\/www.skamet.ee\/lv\/tooted\/pirts-krasns-ar-slegtu-udens-tvertni\/#primaryimage\",\"url\":\"https:\/\/www.skamet.ee\/wp-content\/uploads\/2021\/03\/IMGP3540.png\",\"contentUrl\":\"https:\/\/www.skamet.ee\/wp-content\/uploads\/2021\/03\/IMGP3540.png\",\"width\":433,\"height\":577,\"caption\":\"IMGP3540\"},{\"@type\":\"BreadcrumbList\",\"@id\":\"https:\/\/www.skamet.ee\/lv\/tooted\/pirts-krasns-ar-slegtu-udens-tvertni\/#breadcrumb\",\"itemListElement\":[{\"@type\":\"ListItem\",\"position\":1,\"name\":\"Home\",\"item\":\"https:\/\/www.skamet.ee\/lv\/\"},{\"@type\":\"ListItem\",\"position\":2,\"name\":\"Produkti\",\"item\":\"https:\/\/www.skamet.ee\/lv\/shop-2\/\"},{\"@type\":\"ListItem\",\"position\":3,\"name\":\"Pirts kr\u0101sns ar sl\u0113gtu \u016bdens tvertni\"}]},{\"@type\":\"WebSite\",\"@id\":\"https:\/\/www.skamet.ee\/#website\",\"url\":\"https:\/\/www.skamet.ee\/\",\"name\":\"Skamet O\u00dc\",\"description\":\"Efektiivsed puuk\u00fcttega saunaahjud Eesti tootjalt\",\"publisher\":{\"@id\":\"https:\/\/www.skamet.ee\/#organization\"},\"potentialAction\":[{\"@type\":\"SearchAction\",\"target\":{\"@type\":\"EntryPoint\",\"urlTemplate\":\"https:\/\/www.skamet.ee\/?s={search_term_string}\"},\"query-input\":{\"@type\":\"PropertyValueSpecification\",\"valueRequired\":true,\"valueName\":\"search_term_string\"}}],\"inLanguage\":\"lv-LV\"},{\"@type\":\"Organization\",\"@id\":\"https:\/\/www.skamet.ee\/#organization\",\"name\":\"Skamet\",\"url\":\"https:\/\/www.skamet.ee\/\",\"logo\":{\"@type\":\"ImageObject\",\"inLanguage\":\"lv-LV\",\"@id\":\"https:\/\/www.skamet.ee\/#\/schema\/logo\/image\/\",\"url\":\"https:\/\/www.skamet.ee\/wp-content\/uploads\/2015\/05\/logo-uus.png\",\"contentUrl\":\"https:\/\/www.skamet.ee\/wp-content\/uploads\/2015\/05\/logo-uus.png\",\"width\":300,\"height\":127,\"caption\":\"Skamet\"},\"image\":{\"@id\":\"https:\/\/www.skamet.ee\/#\/schema\/logo\/image\/\"}}]}<\/script>\n<!-- \/ Yoast SEO plugin. -->","yoast_head_json":{"title":"Pirts kr\u0101sns ar sl\u0113gtu \u016bdens tvertni - Skamet","robots":{"index":"index","follow":"follow","max-snippet":"max-snippet:-1","max-image-preview":"max-image-preview:large","max-video-preview":"max-video-preview:-1"},"canonical":"https:\/\/www.skamet.ee\/lv\/tooted\/pirts-krasns-ar-slegtu-udens-tvertni\/","og_locale":"lv_LV","og_type":"article","og_title":"Pirts kr\u0101sns ar sl\u0113gtu \u016bdens tvertni - Skamet","og_description":"Pirts kr\u0101sns ar re\u017e\u0123a korpusu un sl\u0113gtu \u016bdens tvertni ir paredz\u0113ta nelielai saunai ( 6-10m\u00b3). Savienojums ar skursteni kr\u0101sns aug\u0161da\u013c\u0101.","og_url":"https:\/\/www.skamet.ee\/lv\/tooted\/pirts-krasns-ar-slegtu-udens-tvertni\/","og_site_name":"Skamet","article_modified_time":"2021-05-19T10:47:26+00:00","og_image":[{"width":433,"height":577,"url":"https:\/\/www.skamet.ee\/wp-content\/uploads\/2021\/03\/IMGP3540.png","type":"image\/png"}],"twitter_card":"summary_large_image","twitter_misc":{"Est. reading time":"1 min\u016b\u0161u"},"schema":{"@context":"https:\/\/schema.org","@graph":[{"@type":"WebPage","@id":"https:\/\/www.skamet.ee\/lv\/tooted\/pirts-krasns-ar-slegtu-udens-tvertni\/","url":"https:\/\/www.skamet.ee\/lv\/tooted\/pirts-krasns-ar-slegtu-udens-tvertni\/","name":"Pirts kr\u0101sns ar sl\u0113gtu \u016bdens tvertni - Skamet","isPartOf":{"@id":"https:\/\/www.skamet.ee\/#website"},"primaryImageOfPage":{"@id":"https:\/\/www.skamet.ee\/lv\/tooted\/pirts-krasns-ar-slegtu-udens-tvertni\/#primaryimage"},"image":{"@id":"https:\/\/www.skamet.ee\/lv\/tooted\/pirts-krasns-ar-slegtu-udens-tvertni\/#primaryimage"},"thumbnailUrl":"https:\/\/www.skamet.ee\/wp-content\/uploads\/2021\/03\/IMGP3540.png","datePublished":"2021-03-26T12:58:29+00:00","dateModified":"2021-05-19T10:47:26+00:00","breadcrumb":{"@id":"https:\/\/www.skamet.ee\/lv\/tooted\/pirts-krasns-ar-slegtu-udens-tvertni\/#breadcrumb"},"inLanguage":"lv-LV","potentialAction":[{"@type":"ReadAction","target":["https:\/\/www.skamet.ee\/lv\/tooted\/pirts-krasns-ar-slegtu-udens-tvertni\/"]}]},{"@type":"ImageObject","inLanguage":"lv-LV","@id":"https:\/\/www.skamet.ee\/lv\/tooted\/pirts-krasns-ar-slegtu-udens-tvertni\/#primaryimage","url":"https:\/\/www.skamet.ee\/wp-content\/uploads\/2021\/03\/IMGP3540.png","contentUrl":"https:\/\/www.skamet.ee\/wp-content\/uploads\/2021\/03\/IMGP3540.png","width":433,"height":577,"caption":"IMGP3540"},{"@type":"BreadcrumbList","@id":"https:\/\/www.skamet.ee\/lv\/tooted\/pirts-krasns-ar-slegtu-udens-tvertni\/#breadcrumb","itemListElement":[{"@type":"ListItem","position":1,"name":"Home","item":"https:\/\/www.skamet.ee\/lv\/"},{"@type":"ListItem","position":2,"name":"Produkti","item":"https:\/\/www.skamet.ee\/lv\/shop-2\/"},{"@type":"ListItem","position":3,"name":"Pirts kr\u0101sns ar sl\u0113gtu \u016bdens tvertni"}]},{"@type":"WebSite","@id":"https:\/\/www.skamet.ee\/#website","url":"https:\/\/www.skamet.ee\/","name":"Skamet O\u00dc","description":"Efektiivsed puuk\u00fcttega saunaahjud Eesti tootjalt","publisher":{"@id":"https:\/\/www.skamet.ee\/#organization"},"potentialAction":[{"@type":"SearchAction","target":{"@type":"EntryPoint","urlTemplate":"https:\/\/www.skamet.ee\/?s={search_term_string}"},"query-input":{"@type":"PropertyValueSpecification","valueRequired":true,"valueName":"search_term_string"}}],"inLanguage":"lv-LV"},{"@type":"Organization","@id":"https:\/\/www.skamet.ee\/#organization","name":"Skamet","url":"https:\/\/www.skamet.ee\/","logo":{"@type":"ImageObject","inLanguage":"lv-LV","@id":"https:\/\/www.skamet.ee\/#\/schema\/logo\/image\/","url":"https:\/\/www.skamet.ee\/wp-content\/uploads\/2015\/05\/logo-uus.png","contentUrl":"https:\/\/www.skamet.ee\/wp-content\/uploads\/2015\/05\/logo-uus.png","width":300,"height":127,"caption":"Skamet"},"image":{"@id":"https:\/\/www.skamet.ee\/#\/schema\/logo\/image\/"}}]}},"_links":{"self":[{"href":"https:\/\/www.skamet.ee\/lv\/wp-json\/wp\/v2\/product\/41950","targetHints":{"allow":["GET"]}}],"collection":[{"href":"https:\/\/www.skamet.ee\/lv\/wp-json\/wp\/v2\/product"}],"about":[{"href":"https:\/\/www.skamet.ee\/lv\/wp-json\/wp\/v2\/types\/product"}],"version-history":[{"count":1,"href":"https:\/\/www.skamet.ee\/lv\/wp-json\/wp\/v2\/product\/41950\/revisions"}],"predecessor-version":[{"id":41952,"href":"https:\/\/www.skamet.ee\/lv\/wp-json\/wp\/v2\/product\/41950\/revisions\/41952"}],"wp:featuredmedia":[{"embeddable":true,"href":"https:\/\/www.skamet.ee\/lv\/wp-json\/wp\/v2\/media\/40886"}],"wp:attachment":[{"href":"https:\/\/www.skamet.ee\/lv\/wp-json\/wp\/v2\/media?parent=41950"}],"wp:term":[{"taxonomy":"product_brand","embeddable":true,"href":"https:\/\/www.skamet.ee\/lv\/wp-json\/wp\/v2\/product_brand?post=41950"},{"taxonomy":"product_cat","embeddable":true,"href":"https:\/\/www.skamet.ee\/lv\/wp-json\/wp\/v2\/product_cat?post=41950"},{"taxonomy":"product_tag","embeddable":true,"href":"https:\/\/www.skamet.ee\/lv\/wp-json\/wp\/v2\/product_tag?post=41950"}],"curies":[{"name":"wp","href":"https:\/\/api.w.org\/{rel}","templated":true}]}}