{"id":42023,"date":"2021-03-24T11:39:23","date_gmt":"2021-03-24T09:39:23","guid":{"rendered":"https:\/\/uus.skamet.ee\/tooted\/Bez%20kategorijas\/baka-2\/"},"modified":"2021-05-27T11:22:23","modified_gmt":"2021-05-27T08:22:23","slug":"baka-2","status":"publish","type":"product","link":"https:\/\/www.skamet.ee\/lv\/tooted\/baka-2\/","title":{"rendered":"B\u0101ka"},"content":{"rendered":"<p>M\u0113z izgatavojam da\u017e\u0101da veida b\u0101kas. Izgatavojam b\u0101kas p\u0113c klienta ras\u0113jumiem vai z\u012bm\u0113jumiem.<\/p>\n<p>Papildus iesp\u0113jas:<\/p>\n<p>\u00bb diametrs no 50 cm l\u012bdz 120 cm;<br \/>\n\u00bb cilindra vai \u010detrst\u016bra forma;<br \/>\n\u00bb no meln\u0101 met\u0101la vai ner\u016bs\u0113jo\u0161a t\u0113rauda;<br \/>\n\u00bb uz k\u0101ji\u0146\u0101m vai bez;<br \/>\n\u00bb ar da\u017e\u0101da veida flan\u010diem vai bez.<\/p>\n","protected":false},"excerpt":{"rendered":"<p>M\u0113z izgatavojam da\u017e\u0101da veida b\u0101kas. Izgatavojam b\u0101kas p\u0113c klienta ras\u0113jumiem vai z\u012bm\u0113jumiem. Papildus iesp\u0113jas: \u00bb diametrs no 50 cm l\u012bdz<\/p>\n","protected":false},"featured_media":39642,"template":"","meta":{"_lmt_disableupdate":"","_lmt_disable":""},"product_brand":[],"product_cat":[972],"product_tag":[],"class_list":{"0":"post-42023","1":"product","2":"type-product","3":"status-publish","4":"has-post-thumbnail","6":"product_cat-udens-tvertnes","8":"first","9":"instock","10":"shipping-taxable","11":"product-type-simple"},"yoast_head":"<!-- This site is optimized with the Yoast SEO plugin v27.0 - https:\/\/yoast.com\/product\/yoast-seo-wordpress\/ -->\n<title>B\u0101ka - Skamet<\/title>\n<meta name=\"robots\" content=\"index, follow, max-snippet:-1, max-image-preview:large, max-video-preview:-1\" \/>\n<link rel=\"canonical\" href=\"https:\/\/www.skamet.ee\/tooted\/akumulatsiooni-paak\/\" \/>\n<meta property=\"og:locale\" content=\"lv_LV\" \/>\n<meta property=\"og:type\" content=\"article\" \/>\n<meta property=\"og:title\" content=\"B\u0101ka - Skamet\" \/>\n<meta property=\"og:description\" content=\"M\u0113z izgatavojam da\u017e\u0101da veida b\u0101kas. Izgatavojam b\u0101kas p\u0113c klienta ras\u0113jumiem vai z\u012bm\u0113jumiem. Papildus iesp\u0113jas: \u00bb diametrs no 50 cm l\u012bdz\" \/>\n<meta property=\"og:url\" content=\"https:\/\/www.skamet.ee\/tooted\/akumulatsiooni-paak\/\" \/>\n<meta property=\"og:site_name\" content=\"Skamet\" \/>\n<meta property=\"article:modified_time\" content=\"2021-05-27T08:22:23+00:00\" \/>\n<meta property=\"og:image\" content=\"https:\/\/www.skamet.ee\/wp-content\/uploads\/2021\/03\/akupaak_800mm.png\" \/>\n\t<meta property=\"og:image:width\" content=\"1024\" \/>\n\t<meta property=\"og:image:height\" content=\"1049\" \/>\n\t<meta property=\"og:image:type\" content=\"image\/png\" \/>\n<meta name=\"twitter:card\" content=\"summary_large_image\" \/>\n<script type=\"application\/ld+json\" class=\"yoast-schema-graph\">{\"@context\":\"https:\/\/schema.org\",\"@graph\":[{\"@type\":\"WebPage\",\"@id\":\"https:\/\/www.skamet.ee\/tooted\/akumulatsiooni-paak\/\",\"url\":\"https:\/\/www.skamet.ee\/tooted\/akumulatsiooni-paak\/\",\"name\":\"B\u0101ka - Skamet\",\"isPartOf\":{\"@id\":\"https:\/\/www.skamet.ee\/#website\"},\"primaryImageOfPage\":{\"@id\":\"https:\/\/www.skamet.ee\/tooted\/akumulatsiooni-paak\/#primaryimage\"},\"image\":{\"@id\":\"https:\/\/www.skamet.ee\/tooted\/akumulatsiooni-paak\/#primaryimage\"},\"thumbnailUrl\":\"https:\/\/www.skamet.ee\/wp-content\/uploads\/2021\/03\/akupaak_800mm.png\",\"datePublished\":\"2021-03-24T09:39:23+00:00\",\"dateModified\":\"2021-05-27T08:22:23+00:00\",\"breadcrumb\":{\"@id\":\"https:\/\/www.skamet.ee\/tooted\/akumulatsiooni-paak\/#breadcrumb\"},\"inLanguage\":\"lv-LV\",\"potentialAction\":[{\"@type\":\"ReadAction\",\"target\":[\"https:\/\/www.skamet.ee\/tooted\/akumulatsiooni-paak\/\"]}]},{\"@type\":\"ImageObject\",\"inLanguage\":\"lv-LV\",\"@id\":\"https:\/\/www.skamet.ee\/tooted\/akumulatsiooni-paak\/#primaryimage\",\"url\":\"https:\/\/www.skamet.ee\/wp-content\/uploads\/2021\/03\/akupaak_800mm.png\",\"contentUrl\":\"https:\/\/www.skamet.ee\/wp-content\/uploads\/2021\/03\/akupaak_800mm.png\",\"width\":1024,\"height\":1049,\"caption\":\"akupaak 800mm\"},{\"@type\":\"BreadcrumbList\",\"@id\":\"https:\/\/www.skamet.ee\/tooted\/akumulatsiooni-paak\/#breadcrumb\",\"itemListElement\":[{\"@type\":\"ListItem\",\"position\":1,\"name\":\"Home\",\"item\":\"https:\/\/www.skamet.ee\/lv\/\"},{\"@type\":\"ListItem\",\"position\":2,\"name\":\"Produkti\",\"item\":\"https:\/\/www.skamet.ee\/lv\/shop-2\/\"},{\"@type\":\"ListItem\",\"position\":3,\"name\":\"B\u0101ka\"}]},{\"@type\":\"WebSite\",\"@id\":\"https:\/\/www.skamet.ee\/#website\",\"url\":\"https:\/\/www.skamet.ee\/\",\"name\":\"Skamet O\u00dc\",\"description\":\"Efektiivsed puuk\u00fcttega saunaahjud Eesti tootjalt\",\"publisher\":{\"@id\":\"https:\/\/www.skamet.ee\/#organization\"},\"potentialAction\":[{\"@type\":\"SearchAction\",\"target\":{\"@type\":\"EntryPoint\",\"urlTemplate\":\"https:\/\/www.skamet.ee\/?s={search_term_string}\"},\"query-input\":{\"@type\":\"PropertyValueSpecification\",\"valueRequired\":true,\"valueName\":\"search_term_string\"}}],\"inLanguage\":\"lv-LV\"},{\"@type\":\"Organization\",\"@id\":\"https:\/\/www.skamet.ee\/#organization\",\"name\":\"Skamet\",\"url\":\"https:\/\/www.skamet.ee\/\",\"logo\":{\"@type\":\"ImageObject\",\"inLanguage\":\"lv-LV\",\"@id\":\"https:\/\/www.skamet.ee\/#\/schema\/logo\/image\/\",\"url\":\"https:\/\/www.skamet.ee\/wp-content\/uploads\/2015\/05\/logo-uus.png\",\"contentUrl\":\"https:\/\/www.skamet.ee\/wp-content\/uploads\/2015\/05\/logo-uus.png\",\"width\":300,\"height\":127,\"caption\":\"Skamet\"},\"image\":{\"@id\":\"https:\/\/www.skamet.ee\/#\/schema\/logo\/image\/\"}}]}<\/script>\n<!-- \/ Yoast SEO plugin. -->","yoast_head_json":{"title":"B\u0101ka - Skamet","robots":{"index":"index","follow":"follow","max-snippet":"max-snippet:-1","max-image-preview":"max-image-preview:large","max-video-preview":"max-video-preview:-1"},"canonical":"https:\/\/www.skamet.ee\/tooted\/akumulatsiooni-paak\/","og_locale":"lv_LV","og_type":"article","og_title":"B\u0101ka - Skamet","og_description":"M\u0113z izgatavojam da\u017e\u0101da veida b\u0101kas. Izgatavojam b\u0101kas p\u0113c klienta ras\u0113jumiem vai z\u012bm\u0113jumiem. Papildus iesp\u0113jas: \u00bb diametrs no 50 cm l\u012bdz","og_url":"https:\/\/www.skamet.ee\/tooted\/akumulatsiooni-paak\/","og_site_name":"Skamet","article_modified_time":"2021-05-27T08:22:23+00:00","og_image":[{"width":1024,"height":1049,"url":"https:\/\/www.skamet.ee\/wp-content\/uploads\/2021\/03\/akupaak_800mm.png","type":"image\/png"}],"twitter_card":"summary_large_image","schema":{"@context":"https:\/\/schema.org","@graph":[{"@type":"WebPage","@id":"https:\/\/www.skamet.ee\/tooted\/akumulatsiooni-paak\/","url":"https:\/\/www.skamet.ee\/tooted\/akumulatsiooni-paak\/","name":"B\u0101ka - Skamet","isPartOf":{"@id":"https:\/\/www.skamet.ee\/#website"},"primaryImageOfPage":{"@id":"https:\/\/www.skamet.ee\/tooted\/akumulatsiooni-paak\/#primaryimage"},"image":{"@id":"https:\/\/www.skamet.ee\/tooted\/akumulatsiooni-paak\/#primaryimage"},"thumbnailUrl":"https:\/\/www.skamet.ee\/wp-content\/uploads\/2021\/03\/akupaak_800mm.png","datePublished":"2021-03-24T09:39:23+00:00","dateModified":"2021-05-27T08:22:23+00:00","breadcrumb":{"@id":"https:\/\/www.skamet.ee\/tooted\/akumulatsiooni-paak\/#breadcrumb"},"inLanguage":"lv-LV","potentialAction":[{"@type":"ReadAction","target":["https:\/\/www.skamet.ee\/tooted\/akumulatsiooni-paak\/"]}]},{"@type":"ImageObject","inLanguage":"lv-LV","@id":"https:\/\/www.skamet.ee\/tooted\/akumulatsiooni-paak\/#primaryimage","url":"https:\/\/www.skamet.ee\/wp-content\/uploads\/2021\/03\/akupaak_800mm.png","contentUrl":"https:\/\/www.skamet.ee\/wp-content\/uploads\/2021\/03\/akupaak_800mm.png","width":1024,"height":1049,"caption":"akupaak 800mm"},{"@type":"BreadcrumbList","@id":"https:\/\/www.skamet.ee\/tooted\/akumulatsiooni-paak\/#breadcrumb","itemListElement":[{"@type":"ListItem","position":1,"name":"Home","item":"https:\/\/www.skamet.ee\/lv\/"},{"@type":"ListItem","position":2,"name":"Produkti","item":"https:\/\/www.skamet.ee\/lv\/shop-2\/"},{"@type":"ListItem","position":3,"name":"B\u0101ka"}]},{"@type":"WebSite","@id":"https:\/\/www.skamet.ee\/#website","url":"https:\/\/www.skamet.ee\/","name":"Skamet O\u00dc","description":"Efektiivsed puuk\u00fcttega saunaahjud Eesti tootjalt","publisher":{"@id":"https:\/\/www.skamet.ee\/#organization"},"potentialAction":[{"@type":"SearchAction","target":{"@type":"EntryPoint","urlTemplate":"https:\/\/www.skamet.ee\/?s={search_term_string}"},"query-input":{"@type":"PropertyValueSpecification","valueRequired":true,"valueName":"search_term_string"}}],"inLanguage":"lv-LV"},{"@type":"Organization","@id":"https:\/\/www.skamet.ee\/#organization","name":"Skamet","url":"https:\/\/www.skamet.ee\/","logo":{"@type":"ImageObject","inLanguage":"lv-LV","@id":"https:\/\/www.skamet.ee\/#\/schema\/logo\/image\/","url":"https:\/\/www.skamet.ee\/wp-content\/uploads\/2015\/05\/logo-uus.png","contentUrl":"https:\/\/www.skamet.ee\/wp-content\/uploads\/2015\/05\/logo-uus.png","width":300,"height":127,"caption":"Skamet"},"image":{"@id":"https:\/\/www.skamet.ee\/#\/schema\/logo\/image\/"}}]}},"_links":{"self":[{"href":"https:\/\/www.skamet.ee\/lv\/wp-json\/wp\/v2\/product\/42023","targetHints":{"allow":["GET"]}}],"collection":[{"href":"https:\/\/www.skamet.ee\/lv\/wp-json\/wp\/v2\/product"}],"about":[{"href":"https:\/\/www.skamet.ee\/lv\/wp-json\/wp\/v2\/types\/product"}],"version-history":[{"count":1,"href":"https:\/\/www.skamet.ee\/lv\/wp-json\/wp\/v2\/product\/42023\/revisions"}],"predecessor-version":[{"id":42351,"href":"https:\/\/www.skamet.ee\/lv\/wp-json\/wp\/v2\/product\/42023\/revisions\/42351"}],"wp:featuredmedia":[{"embeddable":true,"href":"https:\/\/www.skamet.ee\/lv\/wp-json\/wp\/v2\/media\/39642"}],"wp:attachment":[{"href":"https:\/\/www.skamet.ee\/lv\/wp-json\/wp\/v2\/media?parent=42023"}],"wp:term":[{"taxonomy":"product_brand","embeddable":true,"href":"https:\/\/www.skamet.ee\/lv\/wp-json\/wp\/v2\/product_brand?post=42023"},{"taxonomy":"product_cat","embeddable":true,"href":"https:\/\/www.skamet.ee\/lv\/wp-json\/wp\/v2\/product_cat?post=42023"},{"taxonomy":"product_tag","embeddable":true,"href":"https:\/\/www.skamet.ee\/lv\/wp-json\/wp\/v2\/product_tag?post=42023"}],"curies":[{"name":"wp","href":"https:\/\/api.w.org\/{rel}","templated":true}]}}