{"id":42082,"date":"2021-04-05T14:37:22","date_gmt":"2021-04-05T11:37:22","guid":{"rendered":"https:\/\/uus.skamet.ee\/tooted\/Bez kategorijas\/dekorativas-plaksnes\/"},"modified":"2021-04-05T14:37:22","modified_gmt":"2021-04-05T11:37:22","slug":"dekorativas-plaksnes","status":"publish","type":"product","link":"https:\/\/www.skamet.ee\/lv\/tooted\/dekorativas-plaksnes\/","title":{"rendered":"Dekorat\u012bv\u0101s pl\u0101ksnes"},"content":{"rendered":"<p>Ir iesp\u0113jams ieg\u0101d\u0101ties dekorat\u012bv\u0101s pl\u0101ksnes. Dekorat\u012bv\u0101s pl\u0101ksnes iet caur sien\u0101m no vienas telpas uz otru. Ir iesp\u0113jams pas\u016bt\u012bt no\u0146emamus re\u017e\u0123us. K\u0101 ar\u012b, veidojam re\u017e\u0123us p\u0113c pas\u016bt\u012bjuma: apa\u013ci, kvadr\u0101tveida ai klienta izv\u0113l\u0113tas formas re\u017e\u0123i.<\/p>\n<p>Standarta izstr\u0101d\u0101jumu parametri:<br \/>\n\u00bb No parast\u0101 vai ner\u016bs\u0113jo\u0161\u0101 t\u0113rauda;<br \/>\n\u00bb malas platums 50 mm;<br \/>\n\u00bb mazas durti\u0146as  (23\u00d723 cm): ILU-230 vai ILU-230 RV;<br \/>\n\u00bb lielas durti\u0146as (33\u00d733 cm): ILU-230 vai ILU-230 RV.<\/p>\n","protected":false},"excerpt":{"rendered":"<p>Ir iesp\u0113jams ieg\u0101d\u0101ties dekorat\u012bv\u0101s pl\u0101ksnes. Dekorat\u012bv\u0101s pl\u0101ksnes iet caur sien\u0101m no vienas telpas uz otru. Ir iesp\u0113jams pas\u016bt\u012bt no\u0146emamus re\u017e\u0123us.<\/p>\n","protected":false},"featured_media":50573,"template":"","meta":{"_lmt_disableupdate":"","_lmt_disable":""},"product_brand":[],"product_cat":[313,153,179],"product_tag":[],"class_list":{"0":"post-42082","1":"product","2":"type-product","3":"status-publish","4":"has-post-thumbnail","6":"product_cat-toisesta-tilasta-lammitettavat-fi","7":"product_cat-teisest-ruumist-koetavad","8":"product_cat-teisest-ruumist-koetavad-vorkkorpusega-saunaahjud","10":"first","11":"instock","12":"shipping-taxable","13":"product-type-simple"},"yoast_head":"<!-- This site is optimized with the Yoast SEO plugin v27.0 - https:\/\/yoast.com\/product\/yoast-seo-wordpress\/ -->\n<title>Dekorat\u012bv\u0101s pl\u0101ksnes - Skamet<\/title>\n<meta name=\"robots\" content=\"index, follow, max-snippet:-1, max-image-preview:large, max-video-preview:-1\" \/>\n<link rel=\"canonical\" href=\"https:\/\/www.skamet.ee\/lv\/tooted\/dekorativas-plaksnes\/\" \/>\n<meta property=\"og:locale\" content=\"lv_LV\" \/>\n<meta property=\"og:type\" content=\"article\" \/>\n<meta property=\"og:title\" content=\"Dekorat\u012bv\u0101s pl\u0101ksnes - Skamet\" \/>\n<meta property=\"og:description\" content=\"Ir iesp\u0113jams ieg\u0101d\u0101ties dekorat\u012bv\u0101s pl\u0101ksnes. Dekorat\u012bv\u0101s pl\u0101ksnes iet caur sien\u0101m no vienas telpas uz otru. Ir iesp\u0113jams pas\u016bt\u012bt no\u0146emamus re\u017e\u0123us.\" \/>\n<meta property=\"og:url\" content=\"https:\/\/www.skamet.ee\/lv\/tooted\/dekorativas-plaksnes\/\" \/>\n<meta property=\"og:site_name\" content=\"Skamet\" \/>\n<meta property=\"og:image\" content=\"https:\/\/www.skamet.ee\/wp-content\/uploads\/2021\/04\/ILU_230-scaled.jpg\" \/>\n\t<meta property=\"og:image:width\" content=\"1707\" \/>\n\t<meta property=\"og:image:height\" content=\"2560\" \/>\n\t<meta property=\"og:image:type\" content=\"image\/jpeg\" \/>\n<meta name=\"twitter:card\" content=\"summary_large_image\" \/>\n<script type=\"application\/ld+json\" class=\"yoast-schema-graph\">{\"@context\":\"https:\/\/schema.org\",\"@graph\":[{\"@type\":\"WebPage\",\"@id\":\"https:\/\/www.skamet.ee\/lv\/tooted\/dekorativas-plaksnes\/\",\"url\":\"https:\/\/www.skamet.ee\/lv\/tooted\/dekorativas-plaksnes\/\",\"name\":\"Dekorat\u012bv\u0101s pl\u0101ksnes - Skamet\",\"isPartOf\":{\"@id\":\"https:\/\/www.skamet.ee\/#website\"},\"primaryImageOfPage\":{\"@id\":\"https:\/\/www.skamet.ee\/lv\/tooted\/dekorativas-plaksnes\/#primaryimage\"},\"image\":{\"@id\":\"https:\/\/www.skamet.ee\/lv\/tooted\/dekorativas-plaksnes\/#primaryimage\"},\"thumbnailUrl\":\"https:\/\/www.skamet.ee\/wp-content\/uploads\/2021\/04\/ILU_230-scaled.jpg\",\"datePublished\":\"2021-04-05T11:37:22+00:00\",\"breadcrumb\":{\"@id\":\"https:\/\/www.skamet.ee\/lv\/tooted\/dekorativas-plaksnes\/#breadcrumb\"},\"inLanguage\":\"lv-LV\",\"potentialAction\":[{\"@type\":\"ReadAction\",\"target\":[\"https:\/\/www.skamet.ee\/lv\/tooted\/dekorativas-plaksnes\/\"]}]},{\"@type\":\"ImageObject\",\"inLanguage\":\"lv-LV\",\"@id\":\"https:\/\/www.skamet.ee\/lv\/tooted\/dekorativas-plaksnes\/#primaryimage\",\"url\":\"https:\/\/www.skamet.ee\/wp-content\/uploads\/2021\/04\/ILU_230-scaled.jpg\",\"contentUrl\":\"https:\/\/www.skamet.ee\/wp-content\/uploads\/2021\/04\/ILU_230-scaled.jpg\",\"width\":1707,\"height\":2560,\"caption\":\"ILU 230 scaled\"},{\"@type\":\"BreadcrumbList\",\"@id\":\"https:\/\/www.skamet.ee\/lv\/tooted\/dekorativas-plaksnes\/#breadcrumb\",\"itemListElement\":[{\"@type\":\"ListItem\",\"position\":1,\"name\":\"Home\",\"item\":\"https:\/\/www.skamet.ee\/lv\/\"},{\"@type\":\"ListItem\",\"position\":2,\"name\":\"Produkti\",\"item\":\"https:\/\/www.skamet.ee\/lv\/shop-2\/\"},{\"@type\":\"ListItem\",\"position\":3,\"name\":\"Dekorat\u012bv\u0101s pl\u0101ksnes\"}]},{\"@type\":\"WebSite\",\"@id\":\"https:\/\/www.skamet.ee\/#website\",\"url\":\"https:\/\/www.skamet.ee\/\",\"name\":\"Skamet O\u00dc\",\"description\":\"Efektiivsed puuk\u00fcttega saunaahjud Eesti tootjalt\",\"publisher\":{\"@id\":\"https:\/\/www.skamet.ee\/#organization\"},\"potentialAction\":[{\"@type\":\"SearchAction\",\"target\":{\"@type\":\"EntryPoint\",\"urlTemplate\":\"https:\/\/www.skamet.ee\/?s={search_term_string}\"},\"query-input\":{\"@type\":\"PropertyValueSpecification\",\"valueRequired\":true,\"valueName\":\"search_term_string\"}}],\"inLanguage\":\"lv-LV\"},{\"@type\":\"Organization\",\"@id\":\"https:\/\/www.skamet.ee\/#organization\",\"name\":\"Skamet\",\"url\":\"https:\/\/www.skamet.ee\/\",\"logo\":{\"@type\":\"ImageObject\",\"inLanguage\":\"lv-LV\",\"@id\":\"https:\/\/www.skamet.ee\/#\/schema\/logo\/image\/\",\"url\":\"https:\/\/www.skamet.ee\/wp-content\/uploads\/2015\/05\/logo-uus.png\",\"contentUrl\":\"https:\/\/www.skamet.ee\/wp-content\/uploads\/2015\/05\/logo-uus.png\",\"width\":300,\"height\":127,\"caption\":\"Skamet\"},\"image\":{\"@id\":\"https:\/\/www.skamet.ee\/#\/schema\/logo\/image\/\"}}]}<\/script>\n<!-- \/ Yoast SEO plugin. -->","yoast_head_json":{"title":"Dekorat\u012bv\u0101s pl\u0101ksnes - Skamet","robots":{"index":"index","follow":"follow","max-snippet":"max-snippet:-1","max-image-preview":"max-image-preview:large","max-video-preview":"max-video-preview:-1"},"canonical":"https:\/\/www.skamet.ee\/lv\/tooted\/dekorativas-plaksnes\/","og_locale":"lv_LV","og_type":"article","og_title":"Dekorat\u012bv\u0101s pl\u0101ksnes - Skamet","og_description":"Ir iesp\u0113jams ieg\u0101d\u0101ties dekorat\u012bv\u0101s pl\u0101ksnes. Dekorat\u012bv\u0101s pl\u0101ksnes iet caur sien\u0101m no vienas telpas uz otru. Ir iesp\u0113jams pas\u016bt\u012bt no\u0146emamus re\u017e\u0123us.","og_url":"https:\/\/www.skamet.ee\/lv\/tooted\/dekorativas-plaksnes\/","og_site_name":"Skamet","og_image":[{"width":1707,"height":2560,"url":"https:\/\/www.skamet.ee\/wp-content\/uploads\/2021\/04\/ILU_230-scaled.jpg","type":"image\/jpeg"}],"twitter_card":"summary_large_image","schema":{"@context":"https:\/\/schema.org","@graph":[{"@type":"WebPage","@id":"https:\/\/www.skamet.ee\/lv\/tooted\/dekorativas-plaksnes\/","url":"https:\/\/www.skamet.ee\/lv\/tooted\/dekorativas-plaksnes\/","name":"Dekorat\u012bv\u0101s pl\u0101ksnes - Skamet","isPartOf":{"@id":"https:\/\/www.skamet.ee\/#website"},"primaryImageOfPage":{"@id":"https:\/\/www.skamet.ee\/lv\/tooted\/dekorativas-plaksnes\/#primaryimage"},"image":{"@id":"https:\/\/www.skamet.ee\/lv\/tooted\/dekorativas-plaksnes\/#primaryimage"},"thumbnailUrl":"https:\/\/www.skamet.ee\/wp-content\/uploads\/2021\/04\/ILU_230-scaled.jpg","datePublished":"2021-04-05T11:37:22+00:00","breadcrumb":{"@id":"https:\/\/www.skamet.ee\/lv\/tooted\/dekorativas-plaksnes\/#breadcrumb"},"inLanguage":"lv-LV","potentialAction":[{"@type":"ReadAction","target":["https:\/\/www.skamet.ee\/lv\/tooted\/dekorativas-plaksnes\/"]}]},{"@type":"ImageObject","inLanguage":"lv-LV","@id":"https:\/\/www.skamet.ee\/lv\/tooted\/dekorativas-plaksnes\/#primaryimage","url":"https:\/\/www.skamet.ee\/wp-content\/uploads\/2021\/04\/ILU_230-scaled.jpg","contentUrl":"https:\/\/www.skamet.ee\/wp-content\/uploads\/2021\/04\/ILU_230-scaled.jpg","width":1707,"height":2560,"caption":"ILU 230 scaled"},{"@type":"BreadcrumbList","@id":"https:\/\/www.skamet.ee\/lv\/tooted\/dekorativas-plaksnes\/#breadcrumb","itemListElement":[{"@type":"ListItem","position":1,"name":"Home","item":"https:\/\/www.skamet.ee\/lv\/"},{"@type":"ListItem","position":2,"name":"Produkti","item":"https:\/\/www.skamet.ee\/lv\/shop-2\/"},{"@type":"ListItem","position":3,"name":"Dekorat\u012bv\u0101s pl\u0101ksnes"}]},{"@type":"WebSite","@id":"https:\/\/www.skamet.ee\/#website","url":"https:\/\/www.skamet.ee\/","name":"Skamet O\u00dc","description":"Efektiivsed puuk\u00fcttega saunaahjud Eesti tootjalt","publisher":{"@id":"https:\/\/www.skamet.ee\/#organization"},"potentialAction":[{"@type":"SearchAction","target":{"@type":"EntryPoint","urlTemplate":"https:\/\/www.skamet.ee\/?s={search_term_string}"},"query-input":{"@type":"PropertyValueSpecification","valueRequired":true,"valueName":"search_term_string"}}],"inLanguage":"lv-LV"},{"@type":"Organization","@id":"https:\/\/www.skamet.ee\/#organization","name":"Skamet","url":"https:\/\/www.skamet.ee\/","logo":{"@type":"ImageObject","inLanguage":"lv-LV","@id":"https:\/\/www.skamet.ee\/#\/schema\/logo\/image\/","url":"https:\/\/www.skamet.ee\/wp-content\/uploads\/2015\/05\/logo-uus.png","contentUrl":"https:\/\/www.skamet.ee\/wp-content\/uploads\/2015\/05\/logo-uus.png","width":300,"height":127,"caption":"Skamet"},"image":{"@id":"https:\/\/www.skamet.ee\/#\/schema\/logo\/image\/"}}]}},"_links":{"self":[{"href":"https:\/\/www.skamet.ee\/lv\/wp-json\/wp\/v2\/product\/42082","targetHints":{"allow":["GET"]}}],"collection":[{"href":"https:\/\/www.skamet.ee\/lv\/wp-json\/wp\/v2\/product"}],"about":[{"href":"https:\/\/www.skamet.ee\/lv\/wp-json\/wp\/v2\/types\/product"}],"version-history":[{"count":0,"href":"https:\/\/www.skamet.ee\/lv\/wp-json\/wp\/v2\/product\/42082\/revisions"}],"wp:featuredmedia":[{"embeddable":true,"href":"https:\/\/www.skamet.ee\/lv\/wp-json\/wp\/v2\/media\/50573"}],"wp:attachment":[{"href":"https:\/\/www.skamet.ee\/lv\/wp-json\/wp\/v2\/media?parent=42082"}],"wp:term":[{"taxonomy":"product_brand","embeddable":true,"href":"https:\/\/www.skamet.ee\/lv\/wp-json\/wp\/v2\/product_brand?post=42082"},{"taxonomy":"product_cat","embeddable":true,"href":"https:\/\/www.skamet.ee\/lv\/wp-json\/wp\/v2\/product_cat?post=42082"},{"taxonomy":"product_tag","embeddable":true,"href":"https:\/\/www.skamet.ee\/lv\/wp-json\/wp\/v2\/product_tag?post=42082"}],"curies":[{"name":"wp","href":"https:\/\/api.w.org\/{rel}","templated":true}]}}