{"id":42084,"date":"2021-04-05T14:39:19","date_gmt":"2021-04-05T11:39:19","guid":{"rendered":"https:\/\/uus.skamet.ee\/tooted\/Bez kategorijas\/dekorativa-plaksne-dumvada-caurulei\/"},"modified":"2021-04-05T14:39:19","modified_gmt":"2021-04-05T11:39:19","slug":"dekorativa-plaksne-dumvada-caurulei","status":"publish","type":"product","link":"https:\/\/www.skamet.ee\/lv\/tooted\/dekorativa-plaksne-dumvada-caurulei\/","title":{"rendered":"Dekorat\u012bva pl\u0101ksne d\u016bmvada caurulei"},"content":{"rendered":"<p>Iesp\u0113jas:<br \/>\n\u00bb No auksti velm\u0113ta met\u0101la<br \/>\n\u00bb D\u016bmvada caurulei 115 mm un 120 mm dekorat\u012bv\u0101s, pres\u0113t\u0101s (ar apmali) pl\u0101ksnes, citiem izm\u0113riem griezt\u0101s pl\u0101ksnes (plakan\u0101s)<br \/>\n\u00bb Apmales platums 50 mm (vajadz\u012bbas gad\u012bjum\u0101 var veidot plat\u0101ku)<br \/>\n\u00bb Ir iesp\u0113jams veidot \u010detrst\u016brainas<br \/>\n\u00bb P\u0113c pas\u016bt\u012bjuma (IL-115; IL-120; IL-160; IL-180; IL-200)<\/p>\n","protected":false},"excerpt":{"rendered":"<p>Iesp\u0113jas: \u00bb No auksti velm\u0113ta met\u0101la \u00bb D\u016bmvada caurulei 115 mm un 120 mm dekorat\u012bv\u0101s, pres\u0113t\u0101s (ar apmali) pl\u0101ksnes, citiem<\/p>\n","protected":false},"featured_media":39866,"template":"","meta":{"_lmt_disableupdate":"","_lmt_disable":""},"product_brand":[],"product_cat":[341],"product_tag":[],"class_list":{"0":"post-42084","1":"product","2":"type-product","3":"status-publish","4":"has-post-thumbnail","6":"product_cat-dumvadu-caurules","8":"first","9":"instock","10":"shipping-taxable","11":"product-type-simple"},"yoast_head":"<!-- This site is optimized with the Yoast SEO plugin v27.0 - https:\/\/yoast.com\/product\/yoast-seo-wordpress\/ -->\n<title>Dekorat\u012bva pl\u0101ksne d\u016bmvada caurulei - Skamet<\/title>\n<meta name=\"robots\" content=\"index, follow, max-snippet:-1, max-image-preview:large, max-video-preview:-1\" \/>\n<link rel=\"canonical\" href=\"https:\/\/www.skamet.ee\/tooted\/iluliist-suitsutorule-2\/\" \/>\n<meta property=\"og:locale\" content=\"lv_LV\" \/>\n<meta property=\"og:type\" content=\"article\" \/>\n<meta property=\"og:title\" content=\"Dekorat\u012bva pl\u0101ksne d\u016bmvada caurulei - Skamet\" \/>\n<meta property=\"og:description\" content=\"Iesp\u0113jas: \u00bb No auksti velm\u0113ta met\u0101la \u00bb D\u016bmvada caurulei 115 mm un 120 mm dekorat\u012bv\u0101s, pres\u0113t\u0101s (ar apmali) pl\u0101ksnes, citiem\" \/>\n<meta property=\"og:url\" content=\"https:\/\/www.skamet.ee\/tooted\/iluliist-suitsutorule-2\/\" \/>\n<meta property=\"og:site_name\" content=\"Skamet\" \/>\n<meta property=\"og:image\" content=\"https:\/\/www.skamet.ee\/wp-content\/uploads\/2021\/03\/IL-115.png\" \/>\n\t<meta property=\"og:image:width\" content=\"1024\" \/>\n\t<meta property=\"og:image:height\" content=\"1088\" \/>\n\t<meta property=\"og:image:type\" content=\"image\/png\" \/>\n<meta name=\"twitter:card\" content=\"summary_large_image\" \/>\n<script type=\"application\/ld+json\" class=\"yoast-schema-graph\">{\"@context\":\"https:\/\/schema.org\",\"@graph\":[{\"@type\":\"WebPage\",\"@id\":\"https:\/\/www.skamet.ee\/tooted\/iluliist-suitsutorule-2\/\",\"url\":\"https:\/\/www.skamet.ee\/tooted\/iluliist-suitsutorule-2\/\",\"name\":\"Dekorat\u012bva pl\u0101ksne d\u016bmvada caurulei - Skamet\",\"isPartOf\":{\"@id\":\"https:\/\/www.skamet.ee\/#website\"},\"primaryImageOfPage\":{\"@id\":\"https:\/\/www.skamet.ee\/tooted\/iluliist-suitsutorule-2\/#primaryimage\"},\"image\":{\"@id\":\"https:\/\/www.skamet.ee\/tooted\/iluliist-suitsutorule-2\/#primaryimage\"},\"thumbnailUrl\":\"https:\/\/www.skamet.ee\/wp-content\/uploads\/2021\/03\/IL-115.png\",\"datePublished\":\"2021-04-05T11:39:19+00:00\",\"breadcrumb\":{\"@id\":\"https:\/\/www.skamet.ee\/tooted\/iluliist-suitsutorule-2\/#breadcrumb\"},\"inLanguage\":\"lv-LV\",\"potentialAction\":[{\"@type\":\"ReadAction\",\"target\":[\"https:\/\/www.skamet.ee\/tooted\/iluliist-suitsutorule-2\/\"]}]},{\"@type\":\"ImageObject\",\"inLanguage\":\"lv-LV\",\"@id\":\"https:\/\/www.skamet.ee\/tooted\/iluliist-suitsutorule-2\/#primaryimage\",\"url\":\"https:\/\/www.skamet.ee\/wp-content\/uploads\/2021\/03\/IL-115.png\",\"contentUrl\":\"https:\/\/www.skamet.ee\/wp-content\/uploads\/2021\/03\/IL-115.png\",\"width\":1024,\"height\":1088,\"caption\":\"IL 115\"},{\"@type\":\"BreadcrumbList\",\"@id\":\"https:\/\/www.skamet.ee\/tooted\/iluliist-suitsutorule-2\/#breadcrumb\",\"itemListElement\":[{\"@type\":\"ListItem\",\"position\":1,\"name\":\"Home\",\"item\":\"https:\/\/www.skamet.ee\/lv\/\"},{\"@type\":\"ListItem\",\"position\":2,\"name\":\"Produkti\",\"item\":\"https:\/\/www.skamet.ee\/lv\/shop-2\/\"},{\"@type\":\"ListItem\",\"position\":3,\"name\":\"Dekorat\u012bva pl\u0101ksne d\u016bmvada caurulei\"}]},{\"@type\":\"WebSite\",\"@id\":\"https:\/\/www.skamet.ee\/#website\",\"url\":\"https:\/\/www.skamet.ee\/\",\"name\":\"Skamet O\u00dc\",\"description\":\"Efektiivsed puuk\u00fcttega saunaahjud Eesti tootjalt\",\"publisher\":{\"@id\":\"https:\/\/www.skamet.ee\/#organization\"},\"potentialAction\":[{\"@type\":\"SearchAction\",\"target\":{\"@type\":\"EntryPoint\",\"urlTemplate\":\"https:\/\/www.skamet.ee\/?s={search_term_string}\"},\"query-input\":{\"@type\":\"PropertyValueSpecification\",\"valueRequired\":true,\"valueName\":\"search_term_string\"}}],\"inLanguage\":\"lv-LV\"},{\"@type\":\"Organization\",\"@id\":\"https:\/\/www.skamet.ee\/#organization\",\"name\":\"Skamet\",\"url\":\"https:\/\/www.skamet.ee\/\",\"logo\":{\"@type\":\"ImageObject\",\"inLanguage\":\"lv-LV\",\"@id\":\"https:\/\/www.skamet.ee\/#\/schema\/logo\/image\/\",\"url\":\"https:\/\/www.skamet.ee\/wp-content\/uploads\/2015\/05\/logo-uus.png\",\"contentUrl\":\"https:\/\/www.skamet.ee\/wp-content\/uploads\/2015\/05\/logo-uus.png\",\"width\":300,\"height\":127,\"caption\":\"Skamet\"},\"image\":{\"@id\":\"https:\/\/www.skamet.ee\/#\/schema\/logo\/image\/\"}}]}<\/script>\n<!-- \/ Yoast SEO plugin. -->","yoast_head_json":{"title":"Dekorat\u012bva pl\u0101ksne d\u016bmvada caurulei - Skamet","robots":{"index":"index","follow":"follow","max-snippet":"max-snippet:-1","max-image-preview":"max-image-preview:large","max-video-preview":"max-video-preview:-1"},"canonical":"https:\/\/www.skamet.ee\/tooted\/iluliist-suitsutorule-2\/","og_locale":"lv_LV","og_type":"article","og_title":"Dekorat\u012bva pl\u0101ksne d\u016bmvada caurulei - Skamet","og_description":"Iesp\u0113jas: \u00bb No auksti velm\u0113ta met\u0101la \u00bb D\u016bmvada caurulei 115 mm un 120 mm dekorat\u012bv\u0101s, pres\u0113t\u0101s (ar apmali) pl\u0101ksnes, citiem","og_url":"https:\/\/www.skamet.ee\/tooted\/iluliist-suitsutorule-2\/","og_site_name":"Skamet","og_image":[{"width":1024,"height":1088,"url":"https:\/\/www.skamet.ee\/wp-content\/uploads\/2021\/03\/IL-115.png","type":"image\/png"}],"twitter_card":"summary_large_image","schema":{"@context":"https:\/\/schema.org","@graph":[{"@type":"WebPage","@id":"https:\/\/www.skamet.ee\/tooted\/iluliist-suitsutorule-2\/","url":"https:\/\/www.skamet.ee\/tooted\/iluliist-suitsutorule-2\/","name":"Dekorat\u012bva pl\u0101ksne d\u016bmvada caurulei - Skamet","isPartOf":{"@id":"https:\/\/www.skamet.ee\/#website"},"primaryImageOfPage":{"@id":"https:\/\/www.skamet.ee\/tooted\/iluliist-suitsutorule-2\/#primaryimage"},"image":{"@id":"https:\/\/www.skamet.ee\/tooted\/iluliist-suitsutorule-2\/#primaryimage"},"thumbnailUrl":"https:\/\/www.skamet.ee\/wp-content\/uploads\/2021\/03\/IL-115.png","datePublished":"2021-04-05T11:39:19+00:00","breadcrumb":{"@id":"https:\/\/www.skamet.ee\/tooted\/iluliist-suitsutorule-2\/#breadcrumb"},"inLanguage":"lv-LV","potentialAction":[{"@type":"ReadAction","target":["https:\/\/www.skamet.ee\/tooted\/iluliist-suitsutorule-2\/"]}]},{"@type":"ImageObject","inLanguage":"lv-LV","@id":"https:\/\/www.skamet.ee\/tooted\/iluliist-suitsutorule-2\/#primaryimage","url":"https:\/\/www.skamet.ee\/wp-content\/uploads\/2021\/03\/IL-115.png","contentUrl":"https:\/\/www.skamet.ee\/wp-content\/uploads\/2021\/03\/IL-115.png","width":1024,"height":1088,"caption":"IL 115"},{"@type":"BreadcrumbList","@id":"https:\/\/www.skamet.ee\/tooted\/iluliist-suitsutorule-2\/#breadcrumb","itemListElement":[{"@type":"ListItem","position":1,"name":"Home","item":"https:\/\/www.skamet.ee\/lv\/"},{"@type":"ListItem","position":2,"name":"Produkti","item":"https:\/\/www.skamet.ee\/lv\/shop-2\/"},{"@type":"ListItem","position":3,"name":"Dekorat\u012bva pl\u0101ksne d\u016bmvada caurulei"}]},{"@type":"WebSite","@id":"https:\/\/www.skamet.ee\/#website","url":"https:\/\/www.skamet.ee\/","name":"Skamet O\u00dc","description":"Efektiivsed puuk\u00fcttega saunaahjud Eesti tootjalt","publisher":{"@id":"https:\/\/www.skamet.ee\/#organization"},"potentialAction":[{"@type":"SearchAction","target":{"@type":"EntryPoint","urlTemplate":"https:\/\/www.skamet.ee\/?s={search_term_string}"},"query-input":{"@type":"PropertyValueSpecification","valueRequired":true,"valueName":"search_term_string"}}],"inLanguage":"lv-LV"},{"@type":"Organization","@id":"https:\/\/www.skamet.ee\/#organization","name":"Skamet","url":"https:\/\/www.skamet.ee\/","logo":{"@type":"ImageObject","inLanguage":"lv-LV","@id":"https:\/\/www.skamet.ee\/#\/schema\/logo\/image\/","url":"https:\/\/www.skamet.ee\/wp-content\/uploads\/2015\/05\/logo-uus.png","contentUrl":"https:\/\/www.skamet.ee\/wp-content\/uploads\/2015\/05\/logo-uus.png","width":300,"height":127,"caption":"Skamet"},"image":{"@id":"https:\/\/www.skamet.ee\/#\/schema\/logo\/image\/"}}]}},"_links":{"self":[{"href":"https:\/\/www.skamet.ee\/lv\/wp-json\/wp\/v2\/product\/42084","targetHints":{"allow":["GET"]}}],"collection":[{"href":"https:\/\/www.skamet.ee\/lv\/wp-json\/wp\/v2\/product"}],"about":[{"href":"https:\/\/www.skamet.ee\/lv\/wp-json\/wp\/v2\/types\/product"}],"version-history":[{"count":0,"href":"https:\/\/www.skamet.ee\/lv\/wp-json\/wp\/v2\/product\/42084\/revisions"}],"wp:featuredmedia":[{"embeddable":true,"href":"https:\/\/www.skamet.ee\/lv\/wp-json\/wp\/v2\/media\/39866"}],"wp:attachment":[{"href":"https:\/\/www.skamet.ee\/lv\/wp-json\/wp\/v2\/media?parent=42084"}],"wp:term":[{"taxonomy":"product_brand","embeddable":true,"href":"https:\/\/www.skamet.ee\/lv\/wp-json\/wp\/v2\/product_brand?post=42084"},{"taxonomy":"product_cat","embeddable":true,"href":"https:\/\/www.skamet.ee\/lv\/wp-json\/wp\/v2\/product_cat?post=42084"},{"taxonomy":"product_tag","embeddable":true,"href":"https:\/\/www.skamet.ee\/lv\/wp-json\/wp\/v2\/product_tag?post=42084"}],"curies":[{"name":"wp","href":"https:\/\/api.w.org\/{rel}","templated":true}]}}