{"id":42094,"date":"2021-04-05T14:40:58","date_gmt":"2021-04-05T11:40:58","guid":{"rendered":"https:\/\/uus.skamet.ee\/tooted\/Bez kategorijas\/atverta-tvertne-udenim-ap-dumvada-cauruli\/"},"modified":"2021-04-05T14:40:58","modified_gmt":"2021-04-05T11:40:58","slug":"atverta-tvertne-udenim-ap-dumvada-cauruli","status":"publish","type":"product","link":"https:\/\/www.skamet.ee\/lv\/tooted\/atverta-tvertne-udenim-ap-dumvada-cauruli\/","title":{"rendered":"Atv\u0113rt\u0101 tvertne \u016bdenim ap d\u016bmvada cauruli"},"content":{"rendered":"<p>Tiek ra\u017eota viena izm\u0113ra karst\u0101 \u016bdens tvertne:<\/p>\n<p>Atv\u0113rt\u0101 tvertne \u016bdens sild\u012b\u0161anai \u2013 tas ir rezervu\u0101rs, kas ir izvietots ap d\u016bmvadu, kur\u0101 tiek sild\u012bts \u016bdens pirts telpai. Uzkarsu\u0161ais kr\u0101sns d\u016bmvads uzsilda \u016bdeni kr\u0101sns kurin\u0101\u0161anas laik\u0101. Ir iesp\u0113jams ieg\u0101d\u0101ties tvertnes p\u0113c pas\u016bt\u012bjuma. Papildus inform\u0101cija ir nor\u0101d\u012bta lieto\u0161anas instrukcij\u0101.<\/p>\n<p>Standarta izstr\u0101d\u0101juma parametri:\tPapildus iesp\u0113jas:<br \/>\n\u00bb diametrs 30 cm, tilpums 25 litri;<br \/>\n\u00bb kop\u0113jais augstums kop\u0101 ar d\u016bmvadu 65 cm, b\u0101ka 41,5 cm;<br \/>\n\u00bb v\u0101ks;<br \/>\n\u00bb d\u016bmvada caurules iek\u0161\u0113jais diametrs 115 mm;<br \/>\n\u00bb viens \u00bd nipelis ar \u0101r\u0113jo v\u012btni.\t\u00bb liel\u0101ks vai maz\u0101ks tilpums;<br \/>\n\u00bb var veidot gar\u0101ku;<br \/>\n\u00bb var veidot \u010detrst\u016bra pl\u0101ksni;<br \/>\n\u00bb var veidot no ner\u016bs\u0113jo\u0161\u0101 t\u0113rauda.<\/p>\n","protected":false},"excerpt":{"rendered":"<p>Tiek ra\u017eota viena izm\u0113ra karst\u0101 \u016bdens tvertne: Atv\u0113rt\u0101 tvertne \u016bdens sild\u012b\u0161anai \u2013 tas ir rezervu\u0101rs, kas ir izvietots ap d\u016bmvadu,<\/p>\n","protected":false},"featured_media":47700,"template":"","meta":{"_lmt_disableupdate":"","_lmt_disable":""},"product_brand":[],"product_cat":[332],"product_tag":[],"class_list":{"0":"post-42094","1":"product","2":"type-product","3":"status-publish","4":"has-post-thumbnail","6":"product_cat-pirts-krasnis","8":"first","9":"instock","10":"shipping-taxable","11":"product-type-simple"},"yoast_head":"<!-- This site is optimized with the Yoast SEO plugin v27.0 - https:\/\/yoast.com\/product\/yoast-seo-wordpress\/ -->\n<title>Atv\u0113rt\u0101 tvertne \u016bdenim ap d\u016bmvada cauruli - Skamet<\/title>\n<meta name=\"robots\" content=\"index, follow, max-snippet:-1, max-image-preview:large, max-video-preview:-1\" \/>\n<link rel=\"canonical\" href=\"https:\/\/www.skamet.ee\/lv\/tooted\/atverta-tvertne-udenim-ap-dumvada-cauruli\/\" \/>\n<meta property=\"og:locale\" content=\"lv_LV\" \/>\n<meta property=\"og:type\" content=\"article\" \/>\n<meta property=\"og:title\" content=\"Atv\u0113rt\u0101 tvertne \u016bdenim ap d\u016bmvada cauruli - Skamet\" \/>\n<meta property=\"og:description\" content=\"Tiek ra\u017eota viena izm\u0113ra karst\u0101 \u016bdens tvertne: Atv\u0113rt\u0101 tvertne \u016bdens sild\u012b\u0161anai \u2013 tas ir rezervu\u0101rs, kas ir izvietots ap d\u016bmvadu,\" \/>\n<meta property=\"og:url\" content=\"https:\/\/www.skamet.ee\/lv\/tooted\/atverta-tvertne-udenim-ap-dumvada-cauruli\/\" \/>\n<meta property=\"og:site_name\" content=\"Skamet\" \/>\n<meta property=\"og:image\" content=\"https:\/\/www.skamet.ee\/wp-content\/uploads\/2021\/04\/BOT-25_Valge-scaled.jpg\" \/>\n\t<meta property=\"og:image:width\" content=\"1708\" \/>\n\t<meta property=\"og:image:height\" content=\"2560\" \/>\n\t<meta property=\"og:image:type\" content=\"image\/jpeg\" \/>\n<meta name=\"twitter:card\" content=\"summary_large_image\" \/>\n<meta name=\"twitter:label1\" content=\"Est. reading time\" \/>\n\t<meta name=\"twitter:data1\" content=\"1 min\u016b\u0161u\" \/>\n<script type=\"application\/ld+json\" class=\"yoast-schema-graph\">{\"@context\":\"https:\/\/schema.org\",\"@graph\":[{\"@type\":\"WebPage\",\"@id\":\"https:\/\/www.skamet.ee\/lv\/tooted\/atverta-tvertne-udenim-ap-dumvada-cauruli\/\",\"url\":\"https:\/\/www.skamet.ee\/lv\/tooted\/atverta-tvertne-udenim-ap-dumvada-cauruli\/\",\"name\":\"Atv\u0113rt\u0101 tvertne \u016bdenim ap d\u016bmvada cauruli - Skamet\",\"isPartOf\":{\"@id\":\"https:\/\/www.skamet.ee\/#website\"},\"primaryImageOfPage\":{\"@id\":\"https:\/\/www.skamet.ee\/lv\/tooted\/atverta-tvertne-udenim-ap-dumvada-cauruli\/#primaryimage\"},\"image\":{\"@id\":\"https:\/\/www.skamet.ee\/lv\/tooted\/atverta-tvertne-udenim-ap-dumvada-cauruli\/#primaryimage\"},\"thumbnailUrl\":\"https:\/\/www.skamet.ee\/wp-content\/uploads\/2021\/04\/BOT-25_Valge-scaled.jpg\",\"datePublished\":\"2021-04-05T11:40:58+00:00\",\"breadcrumb\":{\"@id\":\"https:\/\/www.skamet.ee\/lv\/tooted\/atverta-tvertne-udenim-ap-dumvada-cauruli\/#breadcrumb\"},\"inLanguage\":\"lv-LV\",\"potentialAction\":[{\"@type\":\"ReadAction\",\"target\":[\"https:\/\/www.skamet.ee\/lv\/tooted\/atverta-tvertne-udenim-ap-dumvada-cauruli\/\"]}]},{\"@type\":\"ImageObject\",\"inLanguage\":\"lv-LV\",\"@id\":\"https:\/\/www.skamet.ee\/lv\/tooted\/atverta-tvertne-udenim-ap-dumvada-cauruli\/#primaryimage\",\"url\":\"https:\/\/www.skamet.ee\/wp-content\/uploads\/2021\/04\/BOT-25_Valge-scaled.jpg\",\"contentUrl\":\"https:\/\/www.skamet.ee\/wp-content\/uploads\/2021\/04\/BOT-25_Valge-scaled.jpg\",\"width\":1708,\"height\":2560,\"caption\":\"BOT 25 Valge scaled\"},{\"@type\":\"BreadcrumbList\",\"@id\":\"https:\/\/www.skamet.ee\/lv\/tooted\/atverta-tvertne-udenim-ap-dumvada-cauruli\/#breadcrumb\",\"itemListElement\":[{\"@type\":\"ListItem\",\"position\":1,\"name\":\"Home\",\"item\":\"https:\/\/www.skamet.ee\/lv\/\"},{\"@type\":\"ListItem\",\"position\":2,\"name\":\"Produkti\",\"item\":\"https:\/\/www.skamet.ee\/lv\/shop-2\/\"},{\"@type\":\"ListItem\",\"position\":3,\"name\":\"Atv\u0113rt\u0101 tvertne \u016bdenim ap d\u016bmvada cauruli\"}]},{\"@type\":\"WebSite\",\"@id\":\"https:\/\/www.skamet.ee\/#website\",\"url\":\"https:\/\/www.skamet.ee\/\",\"name\":\"Skamet O\u00dc\",\"description\":\"Efektiivsed puuk\u00fcttega saunaahjud Eesti tootjalt\",\"publisher\":{\"@id\":\"https:\/\/www.skamet.ee\/#organization\"},\"potentialAction\":[{\"@type\":\"SearchAction\",\"target\":{\"@type\":\"EntryPoint\",\"urlTemplate\":\"https:\/\/www.skamet.ee\/?s={search_term_string}\"},\"query-input\":{\"@type\":\"PropertyValueSpecification\",\"valueRequired\":true,\"valueName\":\"search_term_string\"}}],\"inLanguage\":\"lv-LV\"},{\"@type\":\"Organization\",\"@id\":\"https:\/\/www.skamet.ee\/#organization\",\"name\":\"Skamet\",\"url\":\"https:\/\/www.skamet.ee\/\",\"logo\":{\"@type\":\"ImageObject\",\"inLanguage\":\"lv-LV\",\"@id\":\"https:\/\/www.skamet.ee\/#\/schema\/logo\/image\/\",\"url\":\"https:\/\/www.skamet.ee\/wp-content\/uploads\/2015\/05\/logo-uus.png\",\"contentUrl\":\"https:\/\/www.skamet.ee\/wp-content\/uploads\/2015\/05\/logo-uus.png\",\"width\":300,\"height\":127,\"caption\":\"Skamet\"},\"image\":{\"@id\":\"https:\/\/www.skamet.ee\/#\/schema\/logo\/image\/\"}}]}<\/script>\n<!-- \/ Yoast SEO plugin. -->","yoast_head_json":{"title":"Atv\u0113rt\u0101 tvertne \u016bdenim ap d\u016bmvada cauruli - Skamet","robots":{"index":"index","follow":"follow","max-snippet":"max-snippet:-1","max-image-preview":"max-image-preview:large","max-video-preview":"max-video-preview:-1"},"canonical":"https:\/\/www.skamet.ee\/lv\/tooted\/atverta-tvertne-udenim-ap-dumvada-cauruli\/","og_locale":"lv_LV","og_type":"article","og_title":"Atv\u0113rt\u0101 tvertne \u016bdenim ap d\u016bmvada cauruli - Skamet","og_description":"Tiek ra\u017eota viena izm\u0113ra karst\u0101 \u016bdens tvertne: Atv\u0113rt\u0101 tvertne \u016bdens sild\u012b\u0161anai \u2013 tas ir rezervu\u0101rs, kas ir izvietots ap d\u016bmvadu,","og_url":"https:\/\/www.skamet.ee\/lv\/tooted\/atverta-tvertne-udenim-ap-dumvada-cauruli\/","og_site_name":"Skamet","og_image":[{"width":1708,"height":2560,"url":"https:\/\/www.skamet.ee\/wp-content\/uploads\/2021\/04\/BOT-25_Valge-scaled.jpg","type":"image\/jpeg"}],"twitter_card":"summary_large_image","twitter_misc":{"Est. reading time":"1 min\u016b\u0161u"},"schema":{"@context":"https:\/\/schema.org","@graph":[{"@type":"WebPage","@id":"https:\/\/www.skamet.ee\/lv\/tooted\/atverta-tvertne-udenim-ap-dumvada-cauruli\/","url":"https:\/\/www.skamet.ee\/lv\/tooted\/atverta-tvertne-udenim-ap-dumvada-cauruli\/","name":"Atv\u0113rt\u0101 tvertne \u016bdenim ap d\u016bmvada cauruli - Skamet","isPartOf":{"@id":"https:\/\/www.skamet.ee\/#website"},"primaryImageOfPage":{"@id":"https:\/\/www.skamet.ee\/lv\/tooted\/atverta-tvertne-udenim-ap-dumvada-cauruli\/#primaryimage"},"image":{"@id":"https:\/\/www.skamet.ee\/lv\/tooted\/atverta-tvertne-udenim-ap-dumvada-cauruli\/#primaryimage"},"thumbnailUrl":"https:\/\/www.skamet.ee\/wp-content\/uploads\/2021\/04\/BOT-25_Valge-scaled.jpg","datePublished":"2021-04-05T11:40:58+00:00","breadcrumb":{"@id":"https:\/\/www.skamet.ee\/lv\/tooted\/atverta-tvertne-udenim-ap-dumvada-cauruli\/#breadcrumb"},"inLanguage":"lv-LV","potentialAction":[{"@type":"ReadAction","target":["https:\/\/www.skamet.ee\/lv\/tooted\/atverta-tvertne-udenim-ap-dumvada-cauruli\/"]}]},{"@type":"ImageObject","inLanguage":"lv-LV","@id":"https:\/\/www.skamet.ee\/lv\/tooted\/atverta-tvertne-udenim-ap-dumvada-cauruli\/#primaryimage","url":"https:\/\/www.skamet.ee\/wp-content\/uploads\/2021\/04\/BOT-25_Valge-scaled.jpg","contentUrl":"https:\/\/www.skamet.ee\/wp-content\/uploads\/2021\/04\/BOT-25_Valge-scaled.jpg","width":1708,"height":2560,"caption":"BOT 25 Valge scaled"},{"@type":"BreadcrumbList","@id":"https:\/\/www.skamet.ee\/lv\/tooted\/atverta-tvertne-udenim-ap-dumvada-cauruli\/#breadcrumb","itemListElement":[{"@type":"ListItem","position":1,"name":"Home","item":"https:\/\/www.skamet.ee\/lv\/"},{"@type":"ListItem","position":2,"name":"Produkti","item":"https:\/\/www.skamet.ee\/lv\/shop-2\/"},{"@type":"ListItem","position":3,"name":"Atv\u0113rt\u0101 tvertne \u016bdenim ap d\u016bmvada cauruli"}]},{"@type":"WebSite","@id":"https:\/\/www.skamet.ee\/#website","url":"https:\/\/www.skamet.ee\/","name":"Skamet O\u00dc","description":"Efektiivsed puuk\u00fcttega saunaahjud Eesti tootjalt","publisher":{"@id":"https:\/\/www.skamet.ee\/#organization"},"potentialAction":[{"@type":"SearchAction","target":{"@type":"EntryPoint","urlTemplate":"https:\/\/www.skamet.ee\/?s={search_term_string}"},"query-input":{"@type":"PropertyValueSpecification","valueRequired":true,"valueName":"search_term_string"}}],"inLanguage":"lv-LV"},{"@type":"Organization","@id":"https:\/\/www.skamet.ee\/#organization","name":"Skamet","url":"https:\/\/www.skamet.ee\/","logo":{"@type":"ImageObject","inLanguage":"lv-LV","@id":"https:\/\/www.skamet.ee\/#\/schema\/logo\/image\/","url":"https:\/\/www.skamet.ee\/wp-content\/uploads\/2015\/05\/logo-uus.png","contentUrl":"https:\/\/www.skamet.ee\/wp-content\/uploads\/2015\/05\/logo-uus.png","width":300,"height":127,"caption":"Skamet"},"image":{"@id":"https:\/\/www.skamet.ee\/#\/schema\/logo\/image\/"}}]}},"_links":{"self":[{"href":"https:\/\/www.skamet.ee\/lv\/wp-json\/wp\/v2\/product\/42094","targetHints":{"allow":["GET"]}}],"collection":[{"href":"https:\/\/www.skamet.ee\/lv\/wp-json\/wp\/v2\/product"}],"about":[{"href":"https:\/\/www.skamet.ee\/lv\/wp-json\/wp\/v2\/types\/product"}],"version-history":[{"count":0,"href":"https:\/\/www.skamet.ee\/lv\/wp-json\/wp\/v2\/product\/42094\/revisions"}],"wp:featuredmedia":[{"embeddable":true,"href":"https:\/\/www.skamet.ee\/lv\/wp-json\/wp\/v2\/media\/47700"}],"wp:attachment":[{"href":"https:\/\/www.skamet.ee\/lv\/wp-json\/wp\/v2\/media?parent=42094"}],"wp:term":[{"taxonomy":"product_brand","embeddable":true,"href":"https:\/\/www.skamet.ee\/lv\/wp-json\/wp\/v2\/product_brand?post=42094"},{"taxonomy":"product_cat","embeddable":true,"href":"https:\/\/www.skamet.ee\/lv\/wp-json\/wp\/v2\/product_cat?post=42094"},{"taxonomy":"product_tag","embeddable":true,"href":"https:\/\/www.skamet.ee\/lv\/wp-json\/wp\/v2\/product_tag?post=42094"}],"curies":[{"name":"wp","href":"https:\/\/api.w.org\/{rel}","templated":true}]}}