{"id":42360,"date":"2021-03-24T11:07:16","date_gmt":"2021-03-24T09:07:16","guid":{"rendered":"https:\/\/uus.skamet.ee\/tooted\/Bez kategorijas\/dumvadu-caurules-2\/"},"modified":"2021-03-24T11:07:16","modified_gmt":"2021-03-24T09:07:16","slug":"dumvadu-caurules-2","status":"publish","type":"product","link":"https:\/\/www.skamet.ee\/lv\/tooted\/dumvadu-caurules-2\/","title":{"rendered":"D\u016bmvadu caurules"},"content":{"rendered":"<p>Skamet O\u00dc izgatavo da\u017e\u0101du izm\u0113ra un diametru d\u016bmvadu caurules. Ra\u017eojam ne tikai taisnas caurules, bet ar\u012b liekt\u0101s caurules un \u0161\u012bberus kr\u0101sn\u012bm un kam\u012bniem. Standarta izstr\u0101d\u0101jumu sienu biezums ir 1,2 mm no auksti velm\u0113ta met\u0101la. Ir iesp\u0113jams pas\u016bt\u012bt izstr\u0101d\u0101jumus no biez\u0101ka materi\u0101la. Visas d\u016bmvadu caurules ir izgatavotas no meln\u0101 met\u0101la. Pied\u0101v\u0101jam da\u017e\u0101das dekorat\u012bvas pl\u0101ksnes un re\u017e\u0123us d\u016bmvadu caurul\u0113m, kas tiek uzst\u0101d\u012btas ap caurul\u0113m.<\/p>\n","protected":false},"excerpt":{"rendered":"<p>Skamet O\u00dc izgatavo da\u017e\u0101du izm\u0113ra un diametru d\u016bmvadu caurules. Ra\u017eojam ne tikai taisnas caurules, bet ar\u012b liekt\u0101s caurules un \u0161\u012bberus<\/p>\n","protected":false},"featured_media":39658,"template":"","meta":{"_lmt_disableupdate":"","_lmt_disable":""},"product_brand":[],"product_cat":[332],"product_tag":[],"class_list":{"0":"post-42360","1":"product","2":"type-product","3":"status-publish","4":"has-post-thumbnail","6":"product_cat-pirts-krasnis","8":"first","9":"instock","10":"shipping-taxable","11":"product-type-simple"},"yoast_head":"<!-- This site is optimized with the Yoast SEO plugin v27.0 - https:\/\/yoast.com\/product\/yoast-seo-wordpress\/ -->\n<title>D\u016bmvadu caurules - Skamet<\/title>\n<meta name=\"robots\" content=\"index, follow, max-snippet:-1, max-image-preview:large, max-video-preview:-1\" \/>\n<link rel=\"canonical\" href=\"https:\/\/www.skamet.ee\/tooted\/suitsutorud\/\" \/>\n<meta property=\"og:locale\" content=\"lv_LV\" \/>\n<meta property=\"og:type\" content=\"article\" \/>\n<meta property=\"og:title\" content=\"D\u016bmvadu caurules - Skamet\" \/>\n<meta property=\"og:description\" content=\"Skamet O\u00dc izgatavo da\u017e\u0101du izm\u0113ra un diametru d\u016bmvadu caurules. Ra\u017eojam ne tikai taisnas caurules, bet ar\u012b liekt\u0101s caurules un \u0161\u012bberus\" \/>\n<meta property=\"og:url\" content=\"https:\/\/www.skamet.ee\/tooted\/suitsutorud\/\" \/>\n<meta property=\"og:site_name\" content=\"Skamet\" \/>\n<meta property=\"og:image\" content=\"https:\/\/www.skamet.ee\/wp-content\/uploads\/2021\/03\/suitsutoru.jpg\" \/>\n\t<meta property=\"og:image:width\" content=\"1024\" \/>\n\t<meta property=\"og:image:height\" content=\"1535\" \/>\n\t<meta property=\"og:image:type\" content=\"image\/jpeg\" \/>\n<meta name=\"twitter:card\" content=\"summary_large_image\" \/>\n<script type=\"application\/ld+json\" class=\"yoast-schema-graph\">{\"@context\":\"https:\/\/schema.org\",\"@graph\":[{\"@type\":\"WebPage\",\"@id\":\"https:\/\/www.skamet.ee\/tooted\/suitsutorud\/\",\"url\":\"https:\/\/www.skamet.ee\/tooted\/suitsutorud\/\",\"name\":\"D\u016bmvadu caurules - Skamet\",\"isPartOf\":{\"@id\":\"https:\/\/www.skamet.ee\/#website\"},\"primaryImageOfPage\":{\"@id\":\"https:\/\/www.skamet.ee\/tooted\/suitsutorud\/#primaryimage\"},\"image\":{\"@id\":\"https:\/\/www.skamet.ee\/tooted\/suitsutorud\/#primaryimage\"},\"thumbnailUrl\":\"https:\/\/www.skamet.ee\/wp-content\/uploads\/2021\/03\/suitsutoru.jpg\",\"datePublished\":\"2021-03-24T09:07:16+00:00\",\"breadcrumb\":{\"@id\":\"https:\/\/www.skamet.ee\/tooted\/suitsutorud\/#breadcrumb\"},\"inLanguage\":\"lv-LV\",\"potentialAction\":[{\"@type\":\"ReadAction\",\"target\":[\"https:\/\/www.skamet.ee\/tooted\/suitsutorud\/\"]}]},{\"@type\":\"ImageObject\",\"inLanguage\":\"lv-LV\",\"@id\":\"https:\/\/www.skamet.ee\/tooted\/suitsutorud\/#primaryimage\",\"url\":\"https:\/\/www.skamet.ee\/wp-content\/uploads\/2021\/03\/suitsutoru.jpg\",\"contentUrl\":\"https:\/\/www.skamet.ee\/wp-content\/uploads\/2021\/03\/suitsutoru.jpg\",\"width\":1024,\"height\":1535,\"caption\":\"suitsutoru\"},{\"@type\":\"BreadcrumbList\",\"@id\":\"https:\/\/www.skamet.ee\/tooted\/suitsutorud\/#breadcrumb\",\"itemListElement\":[{\"@type\":\"ListItem\",\"position\":1,\"name\":\"Home\",\"item\":\"https:\/\/www.skamet.ee\/lv\/\"},{\"@type\":\"ListItem\",\"position\":2,\"name\":\"Produkti\",\"item\":\"https:\/\/www.skamet.ee\/lv\/shop-2\/\"},{\"@type\":\"ListItem\",\"position\":3,\"name\":\"D\u016bmvadu caurules\"}]},{\"@type\":\"WebSite\",\"@id\":\"https:\/\/www.skamet.ee\/#website\",\"url\":\"https:\/\/www.skamet.ee\/\",\"name\":\"Skamet O\u00dc\",\"description\":\"Efektiivsed puuk\u00fcttega saunaahjud Eesti tootjalt\",\"publisher\":{\"@id\":\"https:\/\/www.skamet.ee\/#organization\"},\"potentialAction\":[{\"@type\":\"SearchAction\",\"target\":{\"@type\":\"EntryPoint\",\"urlTemplate\":\"https:\/\/www.skamet.ee\/?s={search_term_string}\"},\"query-input\":{\"@type\":\"PropertyValueSpecification\",\"valueRequired\":true,\"valueName\":\"search_term_string\"}}],\"inLanguage\":\"lv-LV\"},{\"@type\":\"Organization\",\"@id\":\"https:\/\/www.skamet.ee\/#organization\",\"name\":\"Skamet\",\"url\":\"https:\/\/www.skamet.ee\/\",\"logo\":{\"@type\":\"ImageObject\",\"inLanguage\":\"lv-LV\",\"@id\":\"https:\/\/www.skamet.ee\/#\/schema\/logo\/image\/\",\"url\":\"https:\/\/www.skamet.ee\/wp-content\/uploads\/2015\/05\/logo-uus.png\",\"contentUrl\":\"https:\/\/www.skamet.ee\/wp-content\/uploads\/2015\/05\/logo-uus.png\",\"width\":300,\"height\":127,\"caption\":\"Skamet\"},\"image\":{\"@id\":\"https:\/\/www.skamet.ee\/#\/schema\/logo\/image\/\"}}]}<\/script>\n<!-- \/ Yoast SEO plugin. -->","yoast_head_json":{"title":"D\u016bmvadu caurules - Skamet","robots":{"index":"index","follow":"follow","max-snippet":"max-snippet:-1","max-image-preview":"max-image-preview:large","max-video-preview":"max-video-preview:-1"},"canonical":"https:\/\/www.skamet.ee\/tooted\/suitsutorud\/","og_locale":"lv_LV","og_type":"article","og_title":"D\u016bmvadu caurules - Skamet","og_description":"Skamet O\u00dc izgatavo da\u017e\u0101du izm\u0113ra un diametru d\u016bmvadu caurules. Ra\u017eojam ne tikai taisnas caurules, bet ar\u012b liekt\u0101s caurules un \u0161\u012bberus","og_url":"https:\/\/www.skamet.ee\/tooted\/suitsutorud\/","og_site_name":"Skamet","og_image":[{"width":1024,"height":1535,"url":"https:\/\/www.skamet.ee\/wp-content\/uploads\/2021\/03\/suitsutoru.jpg","type":"image\/jpeg"}],"twitter_card":"summary_large_image","schema":{"@context":"https:\/\/schema.org","@graph":[{"@type":"WebPage","@id":"https:\/\/www.skamet.ee\/tooted\/suitsutorud\/","url":"https:\/\/www.skamet.ee\/tooted\/suitsutorud\/","name":"D\u016bmvadu caurules - Skamet","isPartOf":{"@id":"https:\/\/www.skamet.ee\/#website"},"primaryImageOfPage":{"@id":"https:\/\/www.skamet.ee\/tooted\/suitsutorud\/#primaryimage"},"image":{"@id":"https:\/\/www.skamet.ee\/tooted\/suitsutorud\/#primaryimage"},"thumbnailUrl":"https:\/\/www.skamet.ee\/wp-content\/uploads\/2021\/03\/suitsutoru.jpg","datePublished":"2021-03-24T09:07:16+00:00","breadcrumb":{"@id":"https:\/\/www.skamet.ee\/tooted\/suitsutorud\/#breadcrumb"},"inLanguage":"lv-LV","potentialAction":[{"@type":"ReadAction","target":["https:\/\/www.skamet.ee\/tooted\/suitsutorud\/"]}]},{"@type":"ImageObject","inLanguage":"lv-LV","@id":"https:\/\/www.skamet.ee\/tooted\/suitsutorud\/#primaryimage","url":"https:\/\/www.skamet.ee\/wp-content\/uploads\/2021\/03\/suitsutoru.jpg","contentUrl":"https:\/\/www.skamet.ee\/wp-content\/uploads\/2021\/03\/suitsutoru.jpg","width":1024,"height":1535,"caption":"suitsutoru"},{"@type":"BreadcrumbList","@id":"https:\/\/www.skamet.ee\/tooted\/suitsutorud\/#breadcrumb","itemListElement":[{"@type":"ListItem","position":1,"name":"Home","item":"https:\/\/www.skamet.ee\/lv\/"},{"@type":"ListItem","position":2,"name":"Produkti","item":"https:\/\/www.skamet.ee\/lv\/shop-2\/"},{"@type":"ListItem","position":3,"name":"D\u016bmvadu caurules"}]},{"@type":"WebSite","@id":"https:\/\/www.skamet.ee\/#website","url":"https:\/\/www.skamet.ee\/","name":"Skamet O\u00dc","description":"Efektiivsed puuk\u00fcttega saunaahjud Eesti tootjalt","publisher":{"@id":"https:\/\/www.skamet.ee\/#organization"},"potentialAction":[{"@type":"SearchAction","target":{"@type":"EntryPoint","urlTemplate":"https:\/\/www.skamet.ee\/?s={search_term_string}"},"query-input":{"@type":"PropertyValueSpecification","valueRequired":true,"valueName":"search_term_string"}}],"inLanguage":"lv-LV"},{"@type":"Organization","@id":"https:\/\/www.skamet.ee\/#organization","name":"Skamet","url":"https:\/\/www.skamet.ee\/","logo":{"@type":"ImageObject","inLanguage":"lv-LV","@id":"https:\/\/www.skamet.ee\/#\/schema\/logo\/image\/","url":"https:\/\/www.skamet.ee\/wp-content\/uploads\/2015\/05\/logo-uus.png","contentUrl":"https:\/\/www.skamet.ee\/wp-content\/uploads\/2015\/05\/logo-uus.png","width":300,"height":127,"caption":"Skamet"},"image":{"@id":"https:\/\/www.skamet.ee\/#\/schema\/logo\/image\/"}}]}},"_links":{"self":[{"href":"https:\/\/www.skamet.ee\/lv\/wp-json\/wp\/v2\/product\/42360","targetHints":{"allow":["GET"]}}],"collection":[{"href":"https:\/\/www.skamet.ee\/lv\/wp-json\/wp\/v2\/product"}],"about":[{"href":"https:\/\/www.skamet.ee\/lv\/wp-json\/wp\/v2\/types\/product"}],"version-history":[{"count":0,"href":"https:\/\/www.skamet.ee\/lv\/wp-json\/wp\/v2\/product\/42360\/revisions"}],"wp:featuredmedia":[{"embeddable":true,"href":"https:\/\/www.skamet.ee\/lv\/wp-json\/wp\/v2\/media\/39658"}],"wp:attachment":[{"href":"https:\/\/www.skamet.ee\/lv\/wp-json\/wp\/v2\/media?parent=42360"}],"wp:term":[{"taxonomy":"product_brand","embeddable":true,"href":"https:\/\/www.skamet.ee\/lv\/wp-json\/wp\/v2\/product_brand?post=42360"},{"taxonomy":"product_cat","embeddable":true,"href":"https:\/\/www.skamet.ee\/lv\/wp-json\/wp\/v2\/product_cat?post=42360"},{"taxonomy":"product_tag","embeddable":true,"href":"https:\/\/www.skamet.ee\/lv\/wp-json\/wp\/v2\/product_tag?post=42360"}],"curies":[{"name":"wp","href":"https:\/\/api.w.org\/{rel}","templated":true}]}}