{"id":42373,"date":"2021-03-11T11:28:01","date_gmt":"2021-03-11T09:28:01","guid":{"rendered":"https:\/\/uus.skamet.ee\/tooted\/Bez kategorijas\/pirts-krasns-metala-korpusa-2\/"},"modified":"2021-03-11T11:28:01","modified_gmt":"2021-03-11T09:28:01","slug":"pirts-krasns-metala-korpusa-2","status":"publish","type":"product","link":"https:\/\/www.skamet.ee\/lv\/tooted\/pirts-krasns-metala-korpusa-2\/","title":{"rendered":"Pirts kr\u0101sns met\u0101la korpus\u0101"},"content":{"rendered":"<p>Pirts kr\u0101snis met\u0101la korpus\u0101 tiek ra\u017eotas Pjarnu kop\u0161 1990. gadu vidus. Kop\u0161 2006. gada t\u0101s ra\u017eo SKAMET. Ja ir pareizi veikta saunas kr\u0101sns izv\u0113le atbilsto\u0161i telpas plat\u012bbai un citiem parametriem (bez boilera), tad iekur\u0161anas laiks var b\u016bt aptuveni 30-45 min\u016btes (ja tiek izmantots boilers, ir nepiecie\u0161ams vair\u0101k laika, atkar\u012bb\u0101 no t\u0101 izm\u0113riem). \u0160aj\u0101 laik\u0101 pirts telpa uzkars\u012bs l\u012bdz 100 gr\u0101diem. Svar\u012bga loma ir ar\u012b svaig\u0101 gaisa pl\u016bsmai un atstr\u0101d\u0101t\u0101 gaisa izvad\u012b\u0161anai.<\/p>\n","protected":false},"excerpt":{"rendered":"<p>Pirts kr\u0101snis met\u0101la korpus\u0101 tiek ra\u017eotas Pjarnu kop\u0161 1990. gadu vidus. Kop\u0161 2006. gada t\u0101s ra\u017eo SKAMET. Ja ir pareizi<\/p>\n","protected":false},"featured_media":39509,"template":"","meta":{"_lmt_disableupdate":"","_lmt_disable":""},"product_brand":[],"product_cat":[308,332],"product_tag":[],"class_list":{"0":"post-42373","1":"product","2":"type-product","3":"status-publish","4":"has-post-thumbnail","6":"product_cat-toisesta-tilasta-lammitettavat","7":"product_cat-pirts-krasnis","8":"pa_ahju-korgus-73-cm-lv","9":"pa_ahju-korgus-81-cm-lv","10":"pa_ahju-laius-43-cm-lv","11":"pa_ahju-sugavus-51-cm-lv","12":"pa_kivide-hulk-40-kg-lv","13":"pa_kivide-hulk-50-kg-lv","14":"pa_koetav-ruumala-16-m-25-m-lv","15":"pa_koetav-ruumala-8-m-18-m-lv","16":"pa_mudel-p-116-lv","17":"pa_mudel-p-120-lv","19":"first","20":"instock","21":"shipping-taxable","22":"product-type-simple"},"yoast_head":"<!-- This site is optimized with the Yoast SEO plugin v27.0 - https:\/\/yoast.com\/product\/yoast-seo-wordpress\/ -->\n<title>Pirts kr\u0101sns met\u0101la korpus\u0101 - Skamet<\/title>\n<meta name=\"robots\" content=\"index, follow, max-snippet:-1, max-image-preview:large, max-video-preview:-1\" \/>\n<link rel=\"canonical\" href=\"https:\/\/www.skamet.ee\/lv\/tooted\/pirts-krasns-metala-korpusa-2\/\" \/>\n<meta property=\"og:locale\" content=\"lv_LV\" \/>\n<meta property=\"og:type\" content=\"article\" \/>\n<meta property=\"og:title\" content=\"Pirts kr\u0101sns met\u0101la korpus\u0101 - Skamet\" \/>\n<meta property=\"og:description\" content=\"Pirts kr\u0101snis met\u0101la korpus\u0101 tiek ra\u017eotas Pjarnu kop\u0161 1990. gadu vidus. Kop\u0161 2006. gada t\u0101s ra\u017eo SKAMET. Ja ir pareizi\" \/>\n<meta property=\"og:url\" content=\"https:\/\/www.skamet.ee\/lv\/tooted\/pirts-krasns-metala-korpusa-2\/\" \/>\n<meta property=\"og:site_name\" content=\"Skamet\" \/>\n<meta property=\"og:image\" content=\"https:\/\/www.skamet.ee\/wp-content\/uploads\/2021\/03\/P-116P-120-e1615455292633.jpg\" \/>\n\t<meta property=\"og:image:width\" content=\"1024\" \/>\n\t<meta property=\"og:image:height\" content=\"993\" \/>\n\t<meta property=\"og:image:type\" content=\"image\/jpeg\" \/>\n<meta name=\"twitter:card\" content=\"summary_large_image\" \/>\n<script type=\"application\/ld+json\" class=\"yoast-schema-graph\">{\"@context\":\"https:\/\/schema.org\",\"@graph\":[{\"@type\":\"WebPage\",\"@id\":\"https:\/\/www.skamet.ee\/lv\/tooted\/pirts-krasns-metala-korpusa-2\/\",\"url\":\"https:\/\/www.skamet.ee\/lv\/tooted\/pirts-krasns-metala-korpusa-2\/\",\"name\":\"Pirts kr\u0101sns met\u0101la korpus\u0101 - Skamet\",\"isPartOf\":{\"@id\":\"https:\/\/www.skamet.ee\/#website\"},\"primaryImageOfPage\":{\"@id\":\"https:\/\/www.skamet.ee\/lv\/tooted\/pirts-krasns-metala-korpusa-2\/#primaryimage\"},\"image\":{\"@id\":\"https:\/\/www.skamet.ee\/lv\/tooted\/pirts-krasns-metala-korpusa-2\/#primaryimage\"},\"thumbnailUrl\":\"https:\/\/www.skamet.ee\/wp-content\/uploads\/2021\/03\/P-116P-120-e1615455292633.jpg\",\"datePublished\":\"2021-03-11T09:28:01+00:00\",\"breadcrumb\":{\"@id\":\"https:\/\/www.skamet.ee\/lv\/tooted\/pirts-krasns-metala-korpusa-2\/#breadcrumb\"},\"inLanguage\":\"lv-LV\",\"potentialAction\":[{\"@type\":\"ReadAction\",\"target\":[\"https:\/\/www.skamet.ee\/lv\/tooted\/pirts-krasns-metala-korpusa-2\/\"]}]},{\"@type\":\"ImageObject\",\"inLanguage\":\"lv-LV\",\"@id\":\"https:\/\/www.skamet.ee\/lv\/tooted\/pirts-krasns-metala-korpusa-2\/#primaryimage\",\"url\":\"https:\/\/www.skamet.ee\/wp-content\/uploads\/2021\/03\/P-116P-120-e1615455292633.jpg\",\"contentUrl\":\"https:\/\/www.skamet.ee\/wp-content\/uploads\/2021\/03\/P-116P-120-e1615455292633.jpg\",\"width\":1024,\"height\":993,\"caption\":\"P 116P 120 e1615455292633\"},{\"@type\":\"BreadcrumbList\",\"@id\":\"https:\/\/www.skamet.ee\/lv\/tooted\/pirts-krasns-metala-korpusa-2\/#breadcrumb\",\"itemListElement\":[{\"@type\":\"ListItem\",\"position\":1,\"name\":\"Home\",\"item\":\"https:\/\/www.skamet.ee\/lv\/\"},{\"@type\":\"ListItem\",\"position\":2,\"name\":\"Produkti\",\"item\":\"https:\/\/www.skamet.ee\/lv\/shop-2\/\"},{\"@type\":\"ListItem\",\"position\":3,\"name\":\"Pirts kr\u0101sns met\u0101la korpus\u0101\"}]},{\"@type\":\"WebSite\",\"@id\":\"https:\/\/www.skamet.ee\/#website\",\"url\":\"https:\/\/www.skamet.ee\/\",\"name\":\"Skamet O\u00dc\",\"description\":\"Efektiivsed puuk\u00fcttega saunaahjud Eesti tootjalt\",\"publisher\":{\"@id\":\"https:\/\/www.skamet.ee\/#organization\"},\"potentialAction\":[{\"@type\":\"SearchAction\",\"target\":{\"@type\":\"EntryPoint\",\"urlTemplate\":\"https:\/\/www.skamet.ee\/?s={search_term_string}\"},\"query-input\":{\"@type\":\"PropertyValueSpecification\",\"valueRequired\":true,\"valueName\":\"search_term_string\"}}],\"inLanguage\":\"lv-LV\"},{\"@type\":\"Organization\",\"@id\":\"https:\/\/www.skamet.ee\/#organization\",\"name\":\"Skamet\",\"url\":\"https:\/\/www.skamet.ee\/\",\"logo\":{\"@type\":\"ImageObject\",\"inLanguage\":\"lv-LV\",\"@id\":\"https:\/\/www.skamet.ee\/#\/schema\/logo\/image\/\",\"url\":\"https:\/\/www.skamet.ee\/wp-content\/uploads\/2015\/05\/logo-uus.png\",\"contentUrl\":\"https:\/\/www.skamet.ee\/wp-content\/uploads\/2015\/05\/logo-uus.png\",\"width\":300,\"height\":127,\"caption\":\"Skamet\"},\"image\":{\"@id\":\"https:\/\/www.skamet.ee\/#\/schema\/logo\/image\/\"}}]}<\/script>\n<!-- \/ Yoast SEO plugin. -->","yoast_head_json":{"title":"Pirts kr\u0101sns met\u0101la korpus\u0101 - Skamet","robots":{"index":"index","follow":"follow","max-snippet":"max-snippet:-1","max-image-preview":"max-image-preview:large","max-video-preview":"max-video-preview:-1"},"canonical":"https:\/\/www.skamet.ee\/lv\/tooted\/pirts-krasns-metala-korpusa-2\/","og_locale":"lv_LV","og_type":"article","og_title":"Pirts kr\u0101sns met\u0101la korpus\u0101 - Skamet","og_description":"Pirts kr\u0101snis met\u0101la korpus\u0101 tiek ra\u017eotas Pjarnu kop\u0161 1990. gadu vidus. Kop\u0161 2006. gada t\u0101s ra\u017eo SKAMET. Ja ir pareizi","og_url":"https:\/\/www.skamet.ee\/lv\/tooted\/pirts-krasns-metala-korpusa-2\/","og_site_name":"Skamet","og_image":[{"width":1024,"height":993,"url":"https:\/\/www.skamet.ee\/wp-content\/uploads\/2021\/03\/P-116P-120-e1615455292633.jpg","type":"image\/jpeg"}],"twitter_card":"summary_large_image","schema":{"@context":"https:\/\/schema.org","@graph":[{"@type":"WebPage","@id":"https:\/\/www.skamet.ee\/lv\/tooted\/pirts-krasns-metala-korpusa-2\/","url":"https:\/\/www.skamet.ee\/lv\/tooted\/pirts-krasns-metala-korpusa-2\/","name":"Pirts kr\u0101sns met\u0101la korpus\u0101 - Skamet","isPartOf":{"@id":"https:\/\/www.skamet.ee\/#website"},"primaryImageOfPage":{"@id":"https:\/\/www.skamet.ee\/lv\/tooted\/pirts-krasns-metala-korpusa-2\/#primaryimage"},"image":{"@id":"https:\/\/www.skamet.ee\/lv\/tooted\/pirts-krasns-metala-korpusa-2\/#primaryimage"},"thumbnailUrl":"https:\/\/www.skamet.ee\/wp-content\/uploads\/2021\/03\/P-116P-120-e1615455292633.jpg","datePublished":"2021-03-11T09:28:01+00:00","breadcrumb":{"@id":"https:\/\/www.skamet.ee\/lv\/tooted\/pirts-krasns-metala-korpusa-2\/#breadcrumb"},"inLanguage":"lv-LV","potentialAction":[{"@type":"ReadAction","target":["https:\/\/www.skamet.ee\/lv\/tooted\/pirts-krasns-metala-korpusa-2\/"]}]},{"@type":"ImageObject","inLanguage":"lv-LV","@id":"https:\/\/www.skamet.ee\/lv\/tooted\/pirts-krasns-metala-korpusa-2\/#primaryimage","url":"https:\/\/www.skamet.ee\/wp-content\/uploads\/2021\/03\/P-116P-120-e1615455292633.jpg","contentUrl":"https:\/\/www.skamet.ee\/wp-content\/uploads\/2021\/03\/P-116P-120-e1615455292633.jpg","width":1024,"height":993,"caption":"P 116P 120 e1615455292633"},{"@type":"BreadcrumbList","@id":"https:\/\/www.skamet.ee\/lv\/tooted\/pirts-krasns-metala-korpusa-2\/#breadcrumb","itemListElement":[{"@type":"ListItem","position":1,"name":"Home","item":"https:\/\/www.skamet.ee\/lv\/"},{"@type":"ListItem","position":2,"name":"Produkti","item":"https:\/\/www.skamet.ee\/lv\/shop-2\/"},{"@type":"ListItem","position":3,"name":"Pirts kr\u0101sns met\u0101la korpus\u0101"}]},{"@type":"WebSite","@id":"https:\/\/www.skamet.ee\/#website","url":"https:\/\/www.skamet.ee\/","name":"Skamet O\u00dc","description":"Efektiivsed puuk\u00fcttega saunaahjud Eesti tootjalt","publisher":{"@id":"https:\/\/www.skamet.ee\/#organization"},"potentialAction":[{"@type":"SearchAction","target":{"@type":"EntryPoint","urlTemplate":"https:\/\/www.skamet.ee\/?s={search_term_string}"},"query-input":{"@type":"PropertyValueSpecification","valueRequired":true,"valueName":"search_term_string"}}],"inLanguage":"lv-LV"},{"@type":"Organization","@id":"https:\/\/www.skamet.ee\/#organization","name":"Skamet","url":"https:\/\/www.skamet.ee\/","logo":{"@type":"ImageObject","inLanguage":"lv-LV","@id":"https:\/\/www.skamet.ee\/#\/schema\/logo\/image\/","url":"https:\/\/www.skamet.ee\/wp-content\/uploads\/2015\/05\/logo-uus.png","contentUrl":"https:\/\/www.skamet.ee\/wp-content\/uploads\/2015\/05\/logo-uus.png","width":300,"height":127,"caption":"Skamet"},"image":{"@id":"https:\/\/www.skamet.ee\/#\/schema\/logo\/image\/"}}]}},"_links":{"self":[{"href":"https:\/\/www.skamet.ee\/lv\/wp-json\/wp\/v2\/product\/42373","targetHints":{"allow":["GET"]}}],"collection":[{"href":"https:\/\/www.skamet.ee\/lv\/wp-json\/wp\/v2\/product"}],"about":[{"href":"https:\/\/www.skamet.ee\/lv\/wp-json\/wp\/v2\/types\/product"}],"version-history":[{"count":0,"href":"https:\/\/www.skamet.ee\/lv\/wp-json\/wp\/v2\/product\/42373\/revisions"}],"wp:featuredmedia":[{"embeddable":true,"href":"https:\/\/www.skamet.ee\/lv\/wp-json\/wp\/v2\/media\/39509"}],"wp:attachment":[{"href":"https:\/\/www.skamet.ee\/lv\/wp-json\/wp\/v2\/media?parent=42373"}],"wp:term":[{"taxonomy":"product_brand","embeddable":true,"href":"https:\/\/www.skamet.ee\/lv\/wp-json\/wp\/v2\/product_brand?post=42373"},{"taxonomy":"product_cat","embeddable":true,"href":"https:\/\/www.skamet.ee\/lv\/wp-json\/wp\/v2\/product_cat?post=42373"},{"taxonomy":"product_tag","embeddable":true,"href":"https:\/\/www.skamet.ee\/lv\/wp-json\/wp\/v2\/product_tag?post=42373"}],"curies":[{"name":"wp","href":"https:\/\/api.w.org\/{rel}","templated":true}]}}