{"id":42379,"date":"2017-06-22T09:11:07","date_gmt":"2017-06-22T06:11:07","guid":{"rendered":"https:\/\/uus.skamet.ee\/tooted\/Bez%20kategorijas\/mini\/"},"modified":"2022-03-23T14:20:26","modified_gmt":"2022-03-23T12:20:26","slug":"mini","status":"publish","type":"product","link":"https:\/\/www.skamet.ee\/lv\/tooted\/mini\/","title":{"rendered":"Mini"},"content":{"rendered":"<p>PS s\u0113rijas pirts kr\u0101snis paredz\u0113tas pielieto\u0161anai maz\u0101s p\u0113rtuv\u0113s un p\u0101rvietojamos pirts kompleksos sausa vai mitra tvaika ieg\u016b\u0161anai. \u0160\u012bm pirts kr\u0101sn\u012bm s\u0101nos un aizmugur\u0113 ir dubulta siena, tas \u013cauj samazin\u0101t minim\u0101lo dro\u0161\u012bbas att\u0101lumu iev\u0113ro\u0161anu pie uzst\u0101d\u012b\u0161anas, at\u0161\u0137ir\u012bb\u0101 no P s\u0113rijas pirts kr\u0101sn\u012bm (dro\u0161\u012bbas uzst\u0101d\u012b\u0161anas att\u0101lumus j\u016bs atrad\u012bsiet instrukcij\u0101 par ekspluat\u0101ciju).<\/p>\n<p>Pirts kr\u0101snis (<b>s\u0113rija<strong>\u00a0PS-110<\/strong><\/b>) paredz\u0113tas p\u0113rtuvei 5 \u2013 12m\u00b3. Pirts kr\u0101sns augstums 60cm.\u00a0Akmen\u0173 kiekis 20 kg.<br \/>\n<strong>Visus pirts kr\u0101sns izm\u0113rus atrad\u012bsiet\u00a0<a href=\"https:\/\/skamet.ee\/wp-content\/uploads\/2014\/04\/SKA-PS-pass-LV-veeb.pdf\" target=\"_blank\" rel=\"noopener\">instrukcij\u0101 par ekspluat\u0101ciju<\/a>.<\/strong><\/p>\n<table border=\"0\">\n<tbody>\n<tr>\n<td><strong><b>Standarta izstr\u0101d\u0101juma izm\u0113ri<\/b>:<\/strong><br \/>\n\u00bb \u00a0durvju stikls (200 x 220 mm);<br \/>\n\u00bb \u00a0d\u016bmvada aug\u0161\u0113j\u0101s izejas izm\u0113ri;<br \/>\n\u00bb \u00a0durvju e\u0146\u0123es kreisaj\u0101 pus\u0113;<br \/>\n\u00bb \u00a0kr\u0101sns kr\u0101sa \u2013 melna;<br \/>\n\u00bb \u00a0karstumiztur\u012bga kr\u0101sa;<br \/>\n\u00bb \u00a0durvju rokturis no met\u0101la.<\/td>\n<td><strong><b>Papildiesp\u0113jas<\/b>:<\/strong><br \/>\n\u00bb<strong>\u00a0\u00a0<\/strong>durvju rokturis no koka;<br \/>\n\u00bb \u00a0durvju e\u0146\u0123es labaj\u0101 pus\u0113;<br \/>\n\u00bb \u00a0kr\u0101sns kr\u0101sa \u2013 melna vai ner\u016bs\u0113jo\u0161s t\u0113rauds;<br \/>\n\u00bb \u00a0aug\u0161\u0113jais panelis no ner\u016bs\u0113jo\u0161a t\u0113rauda;<br \/>\n\u00bb \u00a0ar cit\u0101m iesp\u0113j\u0101m var iepaz\u012bties\u00a0<a href=\"https:\/\/skamet.ee\/pirts-krasnis\/pirts-krasnis-pec-pasutijuma?lang=lv\" target=\"_blank\" rel=\"noopener\"><b>\u0161eit<\/b><\/a><\/td>\n<\/tr>\n<\/tbody>\n<\/table>\n","protected":false},"excerpt":{"rendered":"<p>PS s\u0113rijas pirts kr\u0101snis paredz\u0113tas pielieto\u0161anai maz\u0101s p\u0113rtuv\u0113s un p\u0101rvietojamos pirts kompleksos sausa vai mitra tvaika ieg\u016b\u0161anai. \u0160\u012bm pirts kr\u0101sn\u012bm<\/p>\n","protected":false},"featured_media":40358,"template":"","meta":{"_lmt_disableupdate":"","_lmt_disable":""},"product_brand":[],"product_cat":[334],"product_tag":[],"class_list":{"0":"post-42379","1":"product","2":"type-product","3":"status-publish","4":"has-post-thumbnail","6":"product_cat-apkurinamas-krasnis-pirts-telpa","7":"pa_ahju-korgus-60-cm-lv","8":"pa_ahju-laius-39-cm-lv","9":"pa_ahju-sugavus-45-cm-lv","10":"pa_kivide-hulk-20-kg-lv","11":"pa_koetav-ruumala-5-m-12-m-lv","12":"pa_mudel-ps-110-lv","14":"first","15":"instock","16":"shipping-taxable","17":"product-type-simple"},"yoast_head":"<!-- This site is optimized with the Yoast SEO plugin v27.0 - https:\/\/yoast.com\/product\/yoast-seo-wordpress\/ -->\n<title>Mini - Skamet<\/title>\n<meta name=\"robots\" content=\"index, follow, max-snippet:-1, max-image-preview:large, max-video-preview:-1\" \/>\n<link rel=\"canonical\" href=\"https:\/\/www.skamet.ee\/lv\/tooted\/mini\/\" \/>\n<meta property=\"og:locale\" content=\"lv_LV\" \/>\n<meta property=\"og:type\" content=\"article\" \/>\n<meta property=\"og:title\" content=\"Mini - Skamet\" \/>\n<meta property=\"og:description\" content=\"PS s\u0113rijas pirts kr\u0101snis paredz\u0113tas pielieto\u0161anai maz\u0101s p\u0113rtuv\u0113s un p\u0101rvietojamos pirts kompleksos sausa vai mitra tvaika ieg\u016b\u0161anai. \u0160\u012bm pirts kr\u0101sn\u012bm\" \/>\n<meta property=\"og:url\" content=\"https:\/\/www.skamet.ee\/lv\/tooted\/mini\/\" \/>\n<meta property=\"og:site_name\" content=\"Skamet\" \/>\n<meta property=\"article:modified_time\" content=\"2022-03-23T12:20:26+00:00\" \/>\n<meta property=\"og:image\" content=\"https:\/\/www.skamet.ee\/wp-content\/uploads\/2021\/03\/PS-110-300x300-taust.png\" \/>\n\t<meta property=\"og:image:width\" content=\"300\" \/>\n\t<meta property=\"og:image:height\" content=\"300\" \/>\n\t<meta property=\"og:image:type\" content=\"image\/png\" \/>\n<meta name=\"twitter:card\" content=\"summary_large_image\" \/>\n<meta name=\"twitter:label1\" content=\"Est. reading time\" \/>\n\t<meta name=\"twitter:data1\" content=\"1 min\u016b\u0161u\" \/>\n<script type=\"application\/ld+json\" class=\"yoast-schema-graph\">{\"@context\":\"https:\/\/schema.org\",\"@graph\":[{\"@type\":\"WebPage\",\"@id\":\"https:\/\/www.skamet.ee\/lv\/tooted\/mini\/\",\"url\":\"https:\/\/www.skamet.ee\/lv\/tooted\/mini\/\",\"name\":\"Mini - Skamet\",\"isPartOf\":{\"@id\":\"https:\/\/www.skamet.ee\/#website\"},\"primaryImageOfPage\":{\"@id\":\"https:\/\/www.skamet.ee\/lv\/tooted\/mini\/#primaryimage\"},\"image\":{\"@id\":\"https:\/\/www.skamet.ee\/lv\/tooted\/mini\/#primaryimage\"},\"thumbnailUrl\":\"https:\/\/www.skamet.ee\/wp-content\/uploads\/2021\/03\/PS-110-300x300-taust.png\",\"datePublished\":\"2017-06-22T06:11:07+00:00\",\"dateModified\":\"2022-03-23T12:20:26+00:00\",\"breadcrumb\":{\"@id\":\"https:\/\/www.skamet.ee\/lv\/tooted\/mini\/#breadcrumb\"},\"inLanguage\":\"lv-LV\",\"potentialAction\":[{\"@type\":\"ReadAction\",\"target\":[\"https:\/\/www.skamet.ee\/lv\/tooted\/mini\/\"]}]},{\"@type\":\"ImageObject\",\"inLanguage\":\"lv-LV\",\"@id\":\"https:\/\/www.skamet.ee\/lv\/tooted\/mini\/#primaryimage\",\"url\":\"https:\/\/www.skamet.ee\/wp-content\/uploads\/2021\/03\/PS-110-300x300-taust.png\",\"contentUrl\":\"https:\/\/www.skamet.ee\/wp-content\/uploads\/2021\/03\/PS-110-300x300-taust.png\",\"width\":300,\"height\":300,\"caption\":\"PS 110 300x300 taust\"},{\"@type\":\"BreadcrumbList\",\"@id\":\"https:\/\/www.skamet.ee\/lv\/tooted\/mini\/#breadcrumb\",\"itemListElement\":[{\"@type\":\"ListItem\",\"position\":1,\"name\":\"Home\",\"item\":\"https:\/\/www.skamet.ee\/lv\/\"},{\"@type\":\"ListItem\",\"position\":2,\"name\":\"Produkti\",\"item\":\"https:\/\/www.skamet.ee\/lv\/shop-2\/\"},{\"@type\":\"ListItem\",\"position\":3,\"name\":\"Mini\"}]},{\"@type\":\"WebSite\",\"@id\":\"https:\/\/www.skamet.ee\/#website\",\"url\":\"https:\/\/www.skamet.ee\/\",\"name\":\"Skamet O\u00dc\",\"description\":\"Efektiivsed puuk\u00fcttega saunaahjud Eesti tootjalt\",\"publisher\":{\"@id\":\"https:\/\/www.skamet.ee\/#organization\"},\"potentialAction\":[{\"@type\":\"SearchAction\",\"target\":{\"@type\":\"EntryPoint\",\"urlTemplate\":\"https:\/\/www.skamet.ee\/?s={search_term_string}\"},\"query-input\":{\"@type\":\"PropertyValueSpecification\",\"valueRequired\":true,\"valueName\":\"search_term_string\"}}],\"inLanguage\":\"lv-LV\"},{\"@type\":\"Organization\",\"@id\":\"https:\/\/www.skamet.ee\/#organization\",\"name\":\"Skamet\",\"url\":\"https:\/\/www.skamet.ee\/\",\"logo\":{\"@type\":\"ImageObject\",\"inLanguage\":\"lv-LV\",\"@id\":\"https:\/\/www.skamet.ee\/#\/schema\/logo\/image\/\",\"url\":\"https:\/\/www.skamet.ee\/wp-content\/uploads\/2015\/05\/logo-uus.png\",\"contentUrl\":\"https:\/\/www.skamet.ee\/wp-content\/uploads\/2015\/05\/logo-uus.png\",\"width\":300,\"height\":127,\"caption\":\"Skamet\"},\"image\":{\"@id\":\"https:\/\/www.skamet.ee\/#\/schema\/logo\/image\/\"}}]}<\/script>\n<!-- \/ Yoast SEO plugin. -->","yoast_head_json":{"title":"Mini - Skamet","robots":{"index":"index","follow":"follow","max-snippet":"max-snippet:-1","max-image-preview":"max-image-preview:large","max-video-preview":"max-video-preview:-1"},"canonical":"https:\/\/www.skamet.ee\/lv\/tooted\/mini\/","og_locale":"lv_LV","og_type":"article","og_title":"Mini - Skamet","og_description":"PS s\u0113rijas pirts kr\u0101snis paredz\u0113tas pielieto\u0161anai maz\u0101s p\u0113rtuv\u0113s un p\u0101rvietojamos pirts kompleksos sausa vai mitra tvaika ieg\u016b\u0161anai. \u0160\u012bm pirts kr\u0101sn\u012bm","og_url":"https:\/\/www.skamet.ee\/lv\/tooted\/mini\/","og_site_name":"Skamet","article_modified_time":"2022-03-23T12:20:26+00:00","og_image":[{"width":300,"height":300,"url":"https:\/\/www.skamet.ee\/wp-content\/uploads\/2021\/03\/PS-110-300x300-taust.png","type":"image\/png"}],"twitter_card":"summary_large_image","twitter_misc":{"Est. reading time":"1 min\u016b\u0161u"},"schema":{"@context":"https:\/\/schema.org","@graph":[{"@type":"WebPage","@id":"https:\/\/www.skamet.ee\/lv\/tooted\/mini\/","url":"https:\/\/www.skamet.ee\/lv\/tooted\/mini\/","name":"Mini - Skamet","isPartOf":{"@id":"https:\/\/www.skamet.ee\/#website"},"primaryImageOfPage":{"@id":"https:\/\/www.skamet.ee\/lv\/tooted\/mini\/#primaryimage"},"image":{"@id":"https:\/\/www.skamet.ee\/lv\/tooted\/mini\/#primaryimage"},"thumbnailUrl":"https:\/\/www.skamet.ee\/wp-content\/uploads\/2021\/03\/PS-110-300x300-taust.png","datePublished":"2017-06-22T06:11:07+00:00","dateModified":"2022-03-23T12:20:26+00:00","breadcrumb":{"@id":"https:\/\/www.skamet.ee\/lv\/tooted\/mini\/#breadcrumb"},"inLanguage":"lv-LV","potentialAction":[{"@type":"ReadAction","target":["https:\/\/www.skamet.ee\/lv\/tooted\/mini\/"]}]},{"@type":"ImageObject","inLanguage":"lv-LV","@id":"https:\/\/www.skamet.ee\/lv\/tooted\/mini\/#primaryimage","url":"https:\/\/www.skamet.ee\/wp-content\/uploads\/2021\/03\/PS-110-300x300-taust.png","contentUrl":"https:\/\/www.skamet.ee\/wp-content\/uploads\/2021\/03\/PS-110-300x300-taust.png","width":300,"height":300,"caption":"PS 110 300x300 taust"},{"@type":"BreadcrumbList","@id":"https:\/\/www.skamet.ee\/lv\/tooted\/mini\/#breadcrumb","itemListElement":[{"@type":"ListItem","position":1,"name":"Home","item":"https:\/\/www.skamet.ee\/lv\/"},{"@type":"ListItem","position":2,"name":"Produkti","item":"https:\/\/www.skamet.ee\/lv\/shop-2\/"},{"@type":"ListItem","position":3,"name":"Mini"}]},{"@type":"WebSite","@id":"https:\/\/www.skamet.ee\/#website","url":"https:\/\/www.skamet.ee\/","name":"Skamet O\u00dc","description":"Efektiivsed puuk\u00fcttega saunaahjud Eesti tootjalt","publisher":{"@id":"https:\/\/www.skamet.ee\/#organization"},"potentialAction":[{"@type":"SearchAction","target":{"@type":"EntryPoint","urlTemplate":"https:\/\/www.skamet.ee\/?s={search_term_string}"},"query-input":{"@type":"PropertyValueSpecification","valueRequired":true,"valueName":"search_term_string"}}],"inLanguage":"lv-LV"},{"@type":"Organization","@id":"https:\/\/www.skamet.ee\/#organization","name":"Skamet","url":"https:\/\/www.skamet.ee\/","logo":{"@type":"ImageObject","inLanguage":"lv-LV","@id":"https:\/\/www.skamet.ee\/#\/schema\/logo\/image\/","url":"https:\/\/www.skamet.ee\/wp-content\/uploads\/2015\/05\/logo-uus.png","contentUrl":"https:\/\/www.skamet.ee\/wp-content\/uploads\/2015\/05\/logo-uus.png","width":300,"height":127,"caption":"Skamet"},"image":{"@id":"https:\/\/www.skamet.ee\/#\/schema\/logo\/image\/"}}]}},"_links":{"self":[{"href":"https:\/\/www.skamet.ee\/lv\/wp-json\/wp\/v2\/product\/42379","targetHints":{"allow":["GET"]}}],"collection":[{"href":"https:\/\/www.skamet.ee\/lv\/wp-json\/wp\/v2\/product"}],"about":[{"href":"https:\/\/www.skamet.ee\/lv\/wp-json\/wp\/v2\/types\/product"}],"version-history":[{"count":1,"href":"https:\/\/www.skamet.ee\/lv\/wp-json\/wp\/v2\/product\/42379\/revisions"}],"predecessor-version":[{"id":43022,"href":"https:\/\/www.skamet.ee\/lv\/wp-json\/wp\/v2\/product\/42379\/revisions\/43022"}],"wp:featuredmedia":[{"embeddable":true,"href":"https:\/\/www.skamet.ee\/lv\/wp-json\/wp\/v2\/media\/40358"}],"wp:attachment":[{"href":"https:\/\/www.skamet.ee\/lv\/wp-json\/wp\/v2\/media?parent=42379"}],"wp:term":[{"taxonomy":"product_brand","embeddable":true,"href":"https:\/\/www.skamet.ee\/lv\/wp-json\/wp\/v2\/product_brand?post=42379"},{"taxonomy":"product_cat","embeddable":true,"href":"https:\/\/www.skamet.ee\/lv\/wp-json\/wp\/v2\/product_cat?post=42379"},{"taxonomy":"product_tag","embeddable":true,"href":"https:\/\/www.skamet.ee\/lv\/wp-json\/wp\/v2\/product_tag?post=42379"}],"curies":[{"name":"wp","href":"https:\/\/api.w.org\/{rel}","templated":true}]}}