{"id":42386,"date":"2021-05-25T08:18:10","date_gmt":"2021-05-25T05:18:10","guid":{"rendered":"https:\/\/uus.skamet.ee\/tooted\/Bez kategorijas\/tvertne-ap-dumvadu-bot-25\/"},"modified":"2021-05-25T08:18:10","modified_gmt":"2021-05-25T05:18:10","slug":"tvertne-ap-dumvadu-bot-25","status":"publish","type":"product","link":"https:\/\/www.skamet.ee\/lv\/tooted\/tvertne-ap-dumvadu-bot-25\/","title":{"rendered":"Tvertne ap d\u016bmvadu  BOT-25"},"content":{"rendered":"<table style=\"width: 584px;\" border=\"0\">\n<tbody>\n<tr>\n<td style=\"width: 4px;\"><\/td>\n<td style=\"width: 364px;\"><strong>Standarta izstr\u0101d\u0101jumu parametri<\/strong>:<\/td>\n<td style=\"width: 216px;\"><strong>Papildus iesp\u0113jas<\/strong>:<\/td>\n<\/tr>\n<tr>\n<td style=\"width: 4px;\"><\/td>\n<td style=\"width: 364px;\">\u00bb diametrs 30 cm, tilpums 25 litri;<br \/>\n\u00bb kop\u0113jais augstums kop\u0101 ar d\u016bmvadu 65 cm, b\u0101ka 41,5 cm;<br \/>\n\u00bb v\u0101ks;<br \/>\n\u00bb d\u016bmvada caurules iek\u0161\u0113jais diametrs 115 mm;<br \/>\n\u00bb viens \u00bd nipelis ar \u0101r\u0113jo v\u012btni.<\/td>\n<td style=\"width: 216px;\"><strong>\u00bb<\/strong>\u00a0Liel\u0101ks vai maz\u0101ks tilpums;<br \/>\n<strong>\u00bb<\/strong>\u00a0var izgatavot augst\u0101ku;<br \/>\n<strong>\u00bb<\/strong>\u00a0var izgatavot \u010detrst\u016brainu;<br \/>\n<strong>\u00bb<\/strong>\u00a0var veidot no ner\u016bs\u0113jo\u0161\u0101 t\u0113rauda.<\/td>\n<\/tr>\n<\/tbody>\n<\/table>\n","protected":false},"excerpt":{"rendered":"<p>Standarta izstr\u0101d\u0101jumu parametri: Papildus iesp\u0113jas: \u00bb diametrs 30 cm, tilpums 25 litri; \u00bb kop\u0113jais augstums kop\u0101 ar d\u016bmvadu 65 cm,<\/p>\n","protected":false},"featured_media":47700,"template":"","meta":{"_lmt_disableupdate":"","_lmt_disable":""},"product_brand":[],"product_cat":[972],"product_tag":[],"class_list":{"0":"post-42386","1":"product","2":"type-product","3":"status-publish","4":"has-post-thumbnail","6":"product_cat-udens-tvertnes","8":"first","9":"instock","10":"shipping-taxable","11":"product-type-simple"},"yoast_head":"<!-- This site is optimized with the Yoast SEO plugin v27.0 - https:\/\/yoast.com\/product\/yoast-seo-wordpress\/ -->\n<title>Tvertne ap d\u016bmvadu BOT-25 - Skamet<\/title>\n<meta name=\"robots\" content=\"index, follow, max-snippet:-1, max-image-preview:large, max-video-preview:-1\" \/>\n<link rel=\"canonical\" href=\"https:\/\/www.skamet.ee\/lv\/tooted\/tvertne-ap-dumvadu-bot-25\/\" \/>\n<meta property=\"og:locale\" content=\"lv_LV\" \/>\n<meta property=\"og:type\" content=\"article\" \/>\n<meta property=\"og:title\" content=\"Tvertne ap d\u016bmvadu BOT-25 - Skamet\" \/>\n<meta property=\"og:description\" content=\"Standarta izstr\u0101d\u0101jumu parametri: Papildus iesp\u0113jas: \u00bb diametrs 30 cm, tilpums 25 litri; \u00bb kop\u0113jais augstums kop\u0101 ar d\u016bmvadu 65 cm,\" \/>\n<meta property=\"og:url\" content=\"https:\/\/www.skamet.ee\/lv\/tooted\/tvertne-ap-dumvadu-bot-25\/\" \/>\n<meta property=\"og:site_name\" content=\"Skamet\" \/>\n<meta property=\"og:image\" content=\"https:\/\/www.skamet.ee\/wp-content\/uploads\/2021\/04\/BOT-25_Valge-scaled.jpg\" \/>\n\t<meta property=\"og:image:width\" content=\"1708\" \/>\n\t<meta property=\"og:image:height\" content=\"2560\" \/>\n\t<meta property=\"og:image:type\" content=\"image\/jpeg\" \/>\n<meta name=\"twitter:card\" content=\"summary_large_image\" \/>\n<script type=\"application\/ld+json\" class=\"yoast-schema-graph\">{\"@context\":\"https:\/\/schema.org\",\"@graph\":[{\"@type\":\"WebPage\",\"@id\":\"https:\/\/www.skamet.ee\/lv\/tooted\/tvertne-ap-dumvadu-bot-25\/\",\"url\":\"https:\/\/www.skamet.ee\/lv\/tooted\/tvertne-ap-dumvadu-bot-25\/\",\"name\":\"Tvertne ap d\u016bmvadu BOT-25 - Skamet\",\"isPartOf\":{\"@id\":\"https:\/\/www.skamet.ee\/#website\"},\"primaryImageOfPage\":{\"@id\":\"https:\/\/www.skamet.ee\/lv\/tooted\/tvertne-ap-dumvadu-bot-25\/#primaryimage\"},\"image\":{\"@id\":\"https:\/\/www.skamet.ee\/lv\/tooted\/tvertne-ap-dumvadu-bot-25\/#primaryimage\"},\"thumbnailUrl\":\"https:\/\/www.skamet.ee\/wp-content\/uploads\/2021\/04\/BOT-25_Valge-scaled.jpg\",\"datePublished\":\"2021-05-25T05:18:10+00:00\",\"breadcrumb\":{\"@id\":\"https:\/\/www.skamet.ee\/lv\/tooted\/tvertne-ap-dumvadu-bot-25\/#breadcrumb\"},\"inLanguage\":\"lv-LV\",\"potentialAction\":[{\"@type\":\"ReadAction\",\"target\":[\"https:\/\/www.skamet.ee\/lv\/tooted\/tvertne-ap-dumvadu-bot-25\/\"]}]},{\"@type\":\"ImageObject\",\"inLanguage\":\"lv-LV\",\"@id\":\"https:\/\/www.skamet.ee\/lv\/tooted\/tvertne-ap-dumvadu-bot-25\/#primaryimage\",\"url\":\"https:\/\/www.skamet.ee\/wp-content\/uploads\/2021\/04\/BOT-25_Valge-scaled.jpg\",\"contentUrl\":\"https:\/\/www.skamet.ee\/wp-content\/uploads\/2021\/04\/BOT-25_Valge-scaled.jpg\",\"width\":1708,\"height\":2560,\"caption\":\"BOT 25 Valge scaled\"},{\"@type\":\"BreadcrumbList\",\"@id\":\"https:\/\/www.skamet.ee\/lv\/tooted\/tvertne-ap-dumvadu-bot-25\/#breadcrumb\",\"itemListElement\":[{\"@type\":\"ListItem\",\"position\":1,\"name\":\"Home\",\"item\":\"https:\/\/www.skamet.ee\/lv\/\"},{\"@type\":\"ListItem\",\"position\":2,\"name\":\"Produkti\",\"item\":\"https:\/\/www.skamet.ee\/lv\/shop-2\/\"},{\"@type\":\"ListItem\",\"position\":3,\"name\":\"Tvertne ap d\u016bmvadu BOT-25\"}]},{\"@type\":\"WebSite\",\"@id\":\"https:\/\/www.skamet.ee\/#website\",\"url\":\"https:\/\/www.skamet.ee\/\",\"name\":\"Skamet O\u00dc\",\"description\":\"Efektiivsed puuk\u00fcttega saunaahjud Eesti tootjalt\",\"publisher\":{\"@id\":\"https:\/\/www.skamet.ee\/#organization\"},\"potentialAction\":[{\"@type\":\"SearchAction\",\"target\":{\"@type\":\"EntryPoint\",\"urlTemplate\":\"https:\/\/www.skamet.ee\/?s={search_term_string}\"},\"query-input\":{\"@type\":\"PropertyValueSpecification\",\"valueRequired\":true,\"valueName\":\"search_term_string\"}}],\"inLanguage\":\"lv-LV\"},{\"@type\":\"Organization\",\"@id\":\"https:\/\/www.skamet.ee\/#organization\",\"name\":\"Skamet\",\"url\":\"https:\/\/www.skamet.ee\/\",\"logo\":{\"@type\":\"ImageObject\",\"inLanguage\":\"lv-LV\",\"@id\":\"https:\/\/www.skamet.ee\/#\/schema\/logo\/image\/\",\"url\":\"https:\/\/www.skamet.ee\/wp-content\/uploads\/2015\/05\/logo-uus.png\",\"contentUrl\":\"https:\/\/www.skamet.ee\/wp-content\/uploads\/2015\/05\/logo-uus.png\",\"width\":300,\"height\":127,\"caption\":\"Skamet\"},\"image\":{\"@id\":\"https:\/\/www.skamet.ee\/#\/schema\/logo\/image\/\"}}]}<\/script>\n<!-- \/ Yoast SEO plugin. -->","yoast_head_json":{"title":"Tvertne ap d\u016bmvadu BOT-25 - Skamet","robots":{"index":"index","follow":"follow","max-snippet":"max-snippet:-1","max-image-preview":"max-image-preview:large","max-video-preview":"max-video-preview:-1"},"canonical":"https:\/\/www.skamet.ee\/lv\/tooted\/tvertne-ap-dumvadu-bot-25\/","og_locale":"lv_LV","og_type":"article","og_title":"Tvertne ap d\u016bmvadu BOT-25 - Skamet","og_description":"Standarta izstr\u0101d\u0101jumu parametri: Papildus iesp\u0113jas: \u00bb diametrs 30 cm, tilpums 25 litri; \u00bb kop\u0113jais augstums kop\u0101 ar d\u016bmvadu 65 cm,","og_url":"https:\/\/www.skamet.ee\/lv\/tooted\/tvertne-ap-dumvadu-bot-25\/","og_site_name":"Skamet","og_image":[{"width":1708,"height":2560,"url":"https:\/\/www.skamet.ee\/wp-content\/uploads\/2021\/04\/BOT-25_Valge-scaled.jpg","type":"image\/jpeg"}],"twitter_card":"summary_large_image","schema":{"@context":"https:\/\/schema.org","@graph":[{"@type":"WebPage","@id":"https:\/\/www.skamet.ee\/lv\/tooted\/tvertne-ap-dumvadu-bot-25\/","url":"https:\/\/www.skamet.ee\/lv\/tooted\/tvertne-ap-dumvadu-bot-25\/","name":"Tvertne ap d\u016bmvadu BOT-25 - Skamet","isPartOf":{"@id":"https:\/\/www.skamet.ee\/#website"},"primaryImageOfPage":{"@id":"https:\/\/www.skamet.ee\/lv\/tooted\/tvertne-ap-dumvadu-bot-25\/#primaryimage"},"image":{"@id":"https:\/\/www.skamet.ee\/lv\/tooted\/tvertne-ap-dumvadu-bot-25\/#primaryimage"},"thumbnailUrl":"https:\/\/www.skamet.ee\/wp-content\/uploads\/2021\/04\/BOT-25_Valge-scaled.jpg","datePublished":"2021-05-25T05:18:10+00:00","breadcrumb":{"@id":"https:\/\/www.skamet.ee\/lv\/tooted\/tvertne-ap-dumvadu-bot-25\/#breadcrumb"},"inLanguage":"lv-LV","potentialAction":[{"@type":"ReadAction","target":["https:\/\/www.skamet.ee\/lv\/tooted\/tvertne-ap-dumvadu-bot-25\/"]}]},{"@type":"ImageObject","inLanguage":"lv-LV","@id":"https:\/\/www.skamet.ee\/lv\/tooted\/tvertne-ap-dumvadu-bot-25\/#primaryimage","url":"https:\/\/www.skamet.ee\/wp-content\/uploads\/2021\/04\/BOT-25_Valge-scaled.jpg","contentUrl":"https:\/\/www.skamet.ee\/wp-content\/uploads\/2021\/04\/BOT-25_Valge-scaled.jpg","width":1708,"height":2560,"caption":"BOT 25 Valge scaled"},{"@type":"BreadcrumbList","@id":"https:\/\/www.skamet.ee\/lv\/tooted\/tvertne-ap-dumvadu-bot-25\/#breadcrumb","itemListElement":[{"@type":"ListItem","position":1,"name":"Home","item":"https:\/\/www.skamet.ee\/lv\/"},{"@type":"ListItem","position":2,"name":"Produkti","item":"https:\/\/www.skamet.ee\/lv\/shop-2\/"},{"@type":"ListItem","position":3,"name":"Tvertne ap d\u016bmvadu BOT-25"}]},{"@type":"WebSite","@id":"https:\/\/www.skamet.ee\/#website","url":"https:\/\/www.skamet.ee\/","name":"Skamet O\u00dc","description":"Efektiivsed puuk\u00fcttega saunaahjud Eesti tootjalt","publisher":{"@id":"https:\/\/www.skamet.ee\/#organization"},"potentialAction":[{"@type":"SearchAction","target":{"@type":"EntryPoint","urlTemplate":"https:\/\/www.skamet.ee\/?s={search_term_string}"},"query-input":{"@type":"PropertyValueSpecification","valueRequired":true,"valueName":"search_term_string"}}],"inLanguage":"lv-LV"},{"@type":"Organization","@id":"https:\/\/www.skamet.ee\/#organization","name":"Skamet","url":"https:\/\/www.skamet.ee\/","logo":{"@type":"ImageObject","inLanguage":"lv-LV","@id":"https:\/\/www.skamet.ee\/#\/schema\/logo\/image\/","url":"https:\/\/www.skamet.ee\/wp-content\/uploads\/2015\/05\/logo-uus.png","contentUrl":"https:\/\/www.skamet.ee\/wp-content\/uploads\/2015\/05\/logo-uus.png","width":300,"height":127,"caption":"Skamet"},"image":{"@id":"https:\/\/www.skamet.ee\/#\/schema\/logo\/image\/"}}]}},"_links":{"self":[{"href":"https:\/\/www.skamet.ee\/lv\/wp-json\/wp\/v2\/product\/42386","targetHints":{"allow":["GET"]}}],"collection":[{"href":"https:\/\/www.skamet.ee\/lv\/wp-json\/wp\/v2\/product"}],"about":[{"href":"https:\/\/www.skamet.ee\/lv\/wp-json\/wp\/v2\/types\/product"}],"version-history":[{"count":0,"href":"https:\/\/www.skamet.ee\/lv\/wp-json\/wp\/v2\/product\/42386\/revisions"}],"wp:featuredmedia":[{"embeddable":true,"href":"https:\/\/www.skamet.ee\/lv\/wp-json\/wp\/v2\/media\/47700"}],"wp:attachment":[{"href":"https:\/\/www.skamet.ee\/lv\/wp-json\/wp\/v2\/media?parent=42386"}],"wp:term":[{"taxonomy":"product_brand","embeddable":true,"href":"https:\/\/www.skamet.ee\/lv\/wp-json\/wp\/v2\/product_brand?post=42386"},{"taxonomy":"product_cat","embeddable":true,"href":"https:\/\/www.skamet.ee\/lv\/wp-json\/wp\/v2\/product_cat?post=42386"},{"taxonomy":"product_tag","embeddable":true,"href":"https:\/\/www.skamet.ee\/lv\/wp-json\/wp\/v2\/product_tag?post=42386"}],"curies":[{"name":"wp","href":"https:\/\/api.w.org\/{rel}","templated":true}]}}