{"id":42423,"date":"2021-04-05T15:03:59","date_gmt":"2021-04-05T12:03:59","guid":{"rendered":"https:\/\/uus.skamet.ee\/tooted\/Bez kategorijas\/ar-kvadratveida-rezga-korpusu\/"},"modified":"2021-04-05T15:03:59","modified_gmt":"2021-04-05T12:03:59","slug":"ar-kvadratveida-rezga-korpusu","status":"publish","type":"product","link":"https:\/\/www.skamet.ee\/lv\/tooted\/ar-kvadratveida-rezga-korpusu\/","title":{"rendered":"Ar kvadr\u0101tveida re\u017e\u0123a korpusu"},"content":{"rendered":"<p><strong>Tiek ra\u017eotas divu izm\u0113ru pirts kr\u0101snis:<\/strong><\/p>\n<p>Maz\u0101 kr\u0101sns (<strong>modelis S-216<\/strong>), apkurin\u0101m\u0101 plat\u012bba 8-18 m\u00b3. Kr\u0101sns augstums \u00a081 cm.\u00a0Akmen\u0173 kiekis 190 kg.<br \/>\nLiel\u0101 kr\u0101sns (<strong>modelis S-220<\/strong>), apkurin\u0101m\u0101 plat\u012bba 16 -25 m\u00b3. Kr\u0101sns augstums 86 cm.\u00a0Akmen\u0173 kiekis 160 kg.<br \/>\n<strong>Izm\u0113ri ir nor\u0101d\u012bti lieto\u0161anas<a href=\"https:\/\/skamet.ee\/wp-content\/uploads\/2014\/03\/LV_veebvaike.pdf\" target=\"_blank\" rel=\"noopener\">\u00a0instrukcij\u0101<\/a><\/strong><\/p>\n<p>&nbsp;<\/p>\n<table border=\"0\">\n<tbody>\n<tr>\n<td><strong>Standarta izstr\u0101d\u0101jumu parametri<\/strong>:<br \/>\n\u00bb stikla durvis (230 x 230 mm) vai bez durv\u012bm;<br \/>\n\u00bb savienojums ar cauruli aug\u0161\u0101;<br \/>\n\u00bb kr\u0101sns saunai, kas kr\u0101sota ar siltumnotur\u012bgu kr\u0101su;<br \/>\n\u00bb kreis\u0101s puses durvju e\u0146\u0123es;<br \/>\n\u00bb iesp\u0113ja piesl\u0113gt boileri (no kreis\u0101s vai lab\u0101s puses, no aizmugures) vai bez boilera.<\/td>\n<td><strong>Papildus iesp\u0113jas:<br \/>\n<\/strong>\u00bb ner\u016bs\u0113jo\u0161a t\u0113rauda rokturis (k\u0101 kr\u0101sns vai kam\u012bna durti\u0146\u0101m;<br \/>\n\u00bb savienojums ar aizmugur\u0113;<br \/>\n\u00bb apgrieztais kr\u0101sns modelis;<br \/>\n\u00bb lab\u0101s puses durvju e\u0146\u0123es;<br \/>\n\u00bb par cit\u0101m iesp\u0113j\u0101m J\u016bs varat uzzin\u0101t\u00a0<strong><a href=\"https:\/\/skamet.ee\/pirts-krasnis\/pirts-krasnis-pec-pasutijuma?lang=lv\" target=\"_blank\" rel=\"noopener\">\u0161eit<\/a><\/strong><\/td>\n<\/tr>\n<\/tbody>\n<\/table>\n","protected":false},"excerpt":{"rendered":"<p>Tiek ra\u017eotas divu izm\u0113ru pirts kr\u0101snis: Maz\u0101 kr\u0101sns (modelis S-216), apkurin\u0101m\u0101 plat\u012bba 8-18 m\u00b3. Kr\u0101sns augstums \u00a081 cm.\u00a0Akmen\u0173 kiekis 190<\/p>\n","protected":false},"featured_media":51080,"template":"","meta":{"_lmt_disableupdate":"","_lmt_disable":""},"product_brand":[],"product_cat":[150],"product_tag":[],"class_list":{"0":"post-42423","1":"product","2":"type-product","3":"status-publish","4":"has-post-thumbnail","6":"product_cat-saunaahjud","8":"first","9":"instock","10":"shipping-taxable","11":"product-type-simple"},"yoast_head":"<!-- This site is optimized with the Yoast SEO plugin v27.0 - https:\/\/yoast.com\/product\/yoast-seo-wordpress\/ -->\n<title>Ar kvadr\u0101tveida re\u017e\u0123a korpusu - Skamet<\/title>\n<meta name=\"robots\" content=\"index, follow, max-snippet:-1, max-image-preview:large, max-video-preview:-1\" \/>\n<link rel=\"canonical\" href=\"https:\/\/www.skamet.ee\/lv\/tooted\/ar-kvadratveida-rezga-korpusu\/\" \/>\n<meta property=\"og:locale\" content=\"lv_LV\" \/>\n<meta property=\"og:type\" content=\"article\" \/>\n<meta property=\"og:title\" content=\"Ar kvadr\u0101tveida re\u017e\u0123a korpusu - Skamet\" \/>\n<meta property=\"og:description\" content=\"Tiek ra\u017eotas divu izm\u0113ru pirts kr\u0101snis: Maz\u0101 kr\u0101sns (modelis S-216), apkurin\u0101m\u0101 plat\u012bba 8-18 m\u00b3. Kr\u0101sns augstums \u00a081 cm.\u00a0Akmen\u0173 kiekis 190\" \/>\n<meta property=\"og:url\" content=\"https:\/\/www.skamet.ee\/lv\/tooted\/ar-kvadratveida-rezga-korpusu\/\" \/>\n<meta property=\"og:site_name\" content=\"Skamet\" \/>\n<meta property=\"og:image\" content=\"https:\/\/www.skamet.ee\/wp-content\/uploads\/2021\/04\/S-216-GL-1-scaled.jpg\" \/>\n\t<meta property=\"og:image:width\" content=\"1708\" \/>\n\t<meta property=\"og:image:height\" content=\"2560\" \/>\n\t<meta property=\"og:image:type\" content=\"image\/jpeg\" \/>\n<meta name=\"twitter:card\" content=\"summary_large_image\" \/>\n<meta name=\"twitter:label1\" content=\"Est. reading time\" \/>\n\t<meta name=\"twitter:data1\" content=\"1 min\u016b\u0161u\" \/>\n<script type=\"application\/ld+json\" class=\"yoast-schema-graph\">{\"@context\":\"https:\/\/schema.org\",\"@graph\":[{\"@type\":\"WebPage\",\"@id\":\"https:\/\/www.skamet.ee\/lv\/tooted\/ar-kvadratveida-rezga-korpusu\/\",\"url\":\"https:\/\/www.skamet.ee\/lv\/tooted\/ar-kvadratveida-rezga-korpusu\/\",\"name\":\"Ar kvadr\u0101tveida re\u017e\u0123a korpusu - Skamet\",\"isPartOf\":{\"@id\":\"https:\/\/www.skamet.ee\/#website\"},\"primaryImageOfPage\":{\"@id\":\"https:\/\/www.skamet.ee\/lv\/tooted\/ar-kvadratveida-rezga-korpusu\/#primaryimage\"},\"image\":{\"@id\":\"https:\/\/www.skamet.ee\/lv\/tooted\/ar-kvadratveida-rezga-korpusu\/#primaryimage\"},\"thumbnailUrl\":\"https:\/\/www.skamet.ee\/wp-content\/uploads\/2021\/04\/S-216-GL-1-scaled.jpg\",\"datePublished\":\"2021-04-05T12:03:59+00:00\",\"breadcrumb\":{\"@id\":\"https:\/\/www.skamet.ee\/lv\/tooted\/ar-kvadratveida-rezga-korpusu\/#breadcrumb\"},\"inLanguage\":\"lv-LV\",\"potentialAction\":[{\"@type\":\"ReadAction\",\"target\":[\"https:\/\/www.skamet.ee\/lv\/tooted\/ar-kvadratveida-rezga-korpusu\/\"]}]},{\"@type\":\"ImageObject\",\"inLanguage\":\"lv-LV\",\"@id\":\"https:\/\/www.skamet.ee\/lv\/tooted\/ar-kvadratveida-rezga-korpusu\/#primaryimage\",\"url\":\"https:\/\/www.skamet.ee\/wp-content\/uploads\/2021\/04\/S-216-GL-1-scaled.jpg\",\"contentUrl\":\"https:\/\/www.skamet.ee\/wp-content\/uploads\/2021\/04\/S-216-GL-1-scaled.jpg\",\"width\":1708,\"height\":2560,\"caption\":\"S 216 GL 1 scaled\"},{\"@type\":\"BreadcrumbList\",\"@id\":\"https:\/\/www.skamet.ee\/lv\/tooted\/ar-kvadratveida-rezga-korpusu\/#breadcrumb\",\"itemListElement\":[{\"@type\":\"ListItem\",\"position\":1,\"name\":\"Home\",\"item\":\"https:\/\/www.skamet.ee\/lv\/\"},{\"@type\":\"ListItem\",\"position\":2,\"name\":\"Produkti\",\"item\":\"https:\/\/www.skamet.ee\/lv\/shop-2\/\"},{\"@type\":\"ListItem\",\"position\":3,\"name\":\"Ar kvadr\u0101tveida re\u017e\u0123a korpusu\"}]},{\"@type\":\"WebSite\",\"@id\":\"https:\/\/www.skamet.ee\/#website\",\"url\":\"https:\/\/www.skamet.ee\/\",\"name\":\"Skamet O\u00dc\",\"description\":\"Efektiivsed puuk\u00fcttega saunaahjud Eesti tootjalt\",\"publisher\":{\"@id\":\"https:\/\/www.skamet.ee\/#organization\"},\"potentialAction\":[{\"@type\":\"SearchAction\",\"target\":{\"@type\":\"EntryPoint\",\"urlTemplate\":\"https:\/\/www.skamet.ee\/?s={search_term_string}\"},\"query-input\":{\"@type\":\"PropertyValueSpecification\",\"valueRequired\":true,\"valueName\":\"search_term_string\"}}],\"inLanguage\":\"lv-LV\"},{\"@type\":\"Organization\",\"@id\":\"https:\/\/www.skamet.ee\/#organization\",\"name\":\"Skamet\",\"url\":\"https:\/\/www.skamet.ee\/\",\"logo\":{\"@type\":\"ImageObject\",\"inLanguage\":\"lv-LV\",\"@id\":\"https:\/\/www.skamet.ee\/#\/schema\/logo\/image\/\",\"url\":\"https:\/\/www.skamet.ee\/wp-content\/uploads\/2015\/05\/logo-uus.png\",\"contentUrl\":\"https:\/\/www.skamet.ee\/wp-content\/uploads\/2015\/05\/logo-uus.png\",\"width\":300,\"height\":127,\"caption\":\"Skamet\"},\"image\":{\"@id\":\"https:\/\/www.skamet.ee\/#\/schema\/logo\/image\/\"}}]}<\/script>\n<!-- \/ Yoast SEO plugin. -->","yoast_head_json":{"title":"Ar kvadr\u0101tveida re\u017e\u0123a korpusu - Skamet","robots":{"index":"index","follow":"follow","max-snippet":"max-snippet:-1","max-image-preview":"max-image-preview:large","max-video-preview":"max-video-preview:-1"},"canonical":"https:\/\/www.skamet.ee\/lv\/tooted\/ar-kvadratveida-rezga-korpusu\/","og_locale":"lv_LV","og_type":"article","og_title":"Ar kvadr\u0101tveida re\u017e\u0123a korpusu - Skamet","og_description":"Tiek ra\u017eotas divu izm\u0113ru pirts kr\u0101snis: Maz\u0101 kr\u0101sns (modelis S-216), apkurin\u0101m\u0101 plat\u012bba 8-18 m\u00b3. Kr\u0101sns augstums \u00a081 cm.\u00a0Akmen\u0173 kiekis 190","og_url":"https:\/\/www.skamet.ee\/lv\/tooted\/ar-kvadratveida-rezga-korpusu\/","og_site_name":"Skamet","og_image":[{"width":1708,"height":2560,"url":"https:\/\/www.skamet.ee\/wp-content\/uploads\/2021\/04\/S-216-GL-1-scaled.jpg","type":"image\/jpeg"}],"twitter_card":"summary_large_image","twitter_misc":{"Est. reading time":"1 min\u016b\u0161u"},"schema":{"@context":"https:\/\/schema.org","@graph":[{"@type":"WebPage","@id":"https:\/\/www.skamet.ee\/lv\/tooted\/ar-kvadratveida-rezga-korpusu\/","url":"https:\/\/www.skamet.ee\/lv\/tooted\/ar-kvadratveida-rezga-korpusu\/","name":"Ar kvadr\u0101tveida re\u017e\u0123a korpusu - Skamet","isPartOf":{"@id":"https:\/\/www.skamet.ee\/#website"},"primaryImageOfPage":{"@id":"https:\/\/www.skamet.ee\/lv\/tooted\/ar-kvadratveida-rezga-korpusu\/#primaryimage"},"image":{"@id":"https:\/\/www.skamet.ee\/lv\/tooted\/ar-kvadratveida-rezga-korpusu\/#primaryimage"},"thumbnailUrl":"https:\/\/www.skamet.ee\/wp-content\/uploads\/2021\/04\/S-216-GL-1-scaled.jpg","datePublished":"2021-04-05T12:03:59+00:00","breadcrumb":{"@id":"https:\/\/www.skamet.ee\/lv\/tooted\/ar-kvadratveida-rezga-korpusu\/#breadcrumb"},"inLanguage":"lv-LV","potentialAction":[{"@type":"ReadAction","target":["https:\/\/www.skamet.ee\/lv\/tooted\/ar-kvadratveida-rezga-korpusu\/"]}]},{"@type":"ImageObject","inLanguage":"lv-LV","@id":"https:\/\/www.skamet.ee\/lv\/tooted\/ar-kvadratveida-rezga-korpusu\/#primaryimage","url":"https:\/\/www.skamet.ee\/wp-content\/uploads\/2021\/04\/S-216-GL-1-scaled.jpg","contentUrl":"https:\/\/www.skamet.ee\/wp-content\/uploads\/2021\/04\/S-216-GL-1-scaled.jpg","width":1708,"height":2560,"caption":"S 216 GL 1 scaled"},{"@type":"BreadcrumbList","@id":"https:\/\/www.skamet.ee\/lv\/tooted\/ar-kvadratveida-rezga-korpusu\/#breadcrumb","itemListElement":[{"@type":"ListItem","position":1,"name":"Home","item":"https:\/\/www.skamet.ee\/lv\/"},{"@type":"ListItem","position":2,"name":"Produkti","item":"https:\/\/www.skamet.ee\/lv\/shop-2\/"},{"@type":"ListItem","position":3,"name":"Ar kvadr\u0101tveida re\u017e\u0123a korpusu"}]},{"@type":"WebSite","@id":"https:\/\/www.skamet.ee\/#website","url":"https:\/\/www.skamet.ee\/","name":"Skamet O\u00dc","description":"Efektiivsed puuk\u00fcttega saunaahjud Eesti tootjalt","publisher":{"@id":"https:\/\/www.skamet.ee\/#organization"},"potentialAction":[{"@type":"SearchAction","target":{"@type":"EntryPoint","urlTemplate":"https:\/\/www.skamet.ee\/?s={search_term_string}"},"query-input":{"@type":"PropertyValueSpecification","valueRequired":true,"valueName":"search_term_string"}}],"inLanguage":"lv-LV"},{"@type":"Organization","@id":"https:\/\/www.skamet.ee\/#organization","name":"Skamet","url":"https:\/\/www.skamet.ee\/","logo":{"@type":"ImageObject","inLanguage":"lv-LV","@id":"https:\/\/www.skamet.ee\/#\/schema\/logo\/image\/","url":"https:\/\/www.skamet.ee\/wp-content\/uploads\/2015\/05\/logo-uus.png","contentUrl":"https:\/\/www.skamet.ee\/wp-content\/uploads\/2015\/05\/logo-uus.png","width":300,"height":127,"caption":"Skamet"},"image":{"@id":"https:\/\/www.skamet.ee\/#\/schema\/logo\/image\/"}}]}},"_links":{"self":[{"href":"https:\/\/www.skamet.ee\/lv\/wp-json\/wp\/v2\/product\/42423","targetHints":{"allow":["GET"]}}],"collection":[{"href":"https:\/\/www.skamet.ee\/lv\/wp-json\/wp\/v2\/product"}],"about":[{"href":"https:\/\/www.skamet.ee\/lv\/wp-json\/wp\/v2\/types\/product"}],"version-history":[{"count":0,"href":"https:\/\/www.skamet.ee\/lv\/wp-json\/wp\/v2\/product\/42423\/revisions"}],"wp:featuredmedia":[{"embeddable":true,"href":"https:\/\/www.skamet.ee\/lv\/wp-json\/wp\/v2\/media\/51080"}],"wp:attachment":[{"href":"https:\/\/www.skamet.ee\/lv\/wp-json\/wp\/v2\/media?parent=42423"}],"wp:term":[{"taxonomy":"product_brand","embeddable":true,"href":"https:\/\/www.skamet.ee\/lv\/wp-json\/wp\/v2\/product_brand?post=42423"},{"taxonomy":"product_cat","embeddable":true,"href":"https:\/\/www.skamet.ee\/lv\/wp-json\/wp\/v2\/product_cat?post=42423"},{"taxonomy":"product_tag","embeddable":true,"href":"https:\/\/www.skamet.ee\/lv\/wp-json\/wp\/v2\/product_tag?post=42423"}],"curies":[{"name":"wp","href":"https:\/\/api.w.org\/{rel}","templated":true}]}}