{"id":42478,"date":"2021-03-26T13:17:40","date_gmt":"2021-03-26T11:17:40","guid":{"rendered":"https:\/\/uus.skamet.ee\/tooted\/Bez%20kategorijas\/krasnis-ar-bakam-40l\/"},"modified":"2022-03-23T14:18:38","modified_gmt":"2022-03-23T12:18:38","slug":"krasnis-ar-bakam-40l","status":"publish","type":"product","link":"https:\/\/www.skamet.ee\/lv\/tooted\/krasnis-ar-bakam-40l\/","title":{"rendered":"Kr\u0101snis ar b\u0101k\u0101m 40l"},"content":{"rendered":"<p><strong>Tiek ra\u017eotas divu izm\u0113ru pirts kr\u0101snis:<\/strong><\/p>\n<p>Maz\u0101 kr\u0101sns (<strong>modelis P-11640<\/strong>), apkurin\u0101m\u0101 plat\u012bba 8-18 m\u00b3. Kr\u0101sns augstums\u00a0 73 cm.\u00a0Akmen\u0173 kiekis 40 kg.<br \/>\nLiel\u0101 kr\u0101sns (<strong>modelis P-12040<\/strong>), apkurin\u0101m\u0101 plat\u012bba 16 -25 m\u00b3. Kr\u0101sns augstums 81 cm.\u00a0Akmen\u0173 kiekis 50 kg.<br \/>\n<strong>Izm\u0113ri ir nor\u0101d\u012bti lieto\u0161anas\u00a0<a href=\"https:\/\/skamet.ee\/wp-content\/uploads\/2014\/04\/LV-RU-veeb-tabelid.pdf\" target=\"_blank\" rel=\"noopener\">instrukcij\u0101<\/a><\/strong><\/p>\n<p>&nbsp;<\/p>\n<div id=\"unitegallery_10_3\" class=\"unite-gallery\"><\/div>\n<p>&nbsp;<\/p>\n<table border=\"0\">\n<tbody>\n<tr>\n<td><strong>Standarta izstr\u0101d\u0101jumu parametri:<\/strong><br \/>\n\u00bb stikla durvis (230 x 230 mm) vai bez durv\u012bm;<br \/>\n\u00bb savienojums ar cauruli aug\u0161\u0101 un aizmugur\u0113;<br \/>\n\u00bb kreis\u0101s puses durvju e\u0146\u0123es;<br \/>\n\u00bb melna apvalka kr\u0101sa, apvalka aug\u0161da\u013ca no ner\u016bs\u0113jo\u0161\u0101 t\u0113rauda;<br \/>\n\u00bb 40-litru b\u0101ka no parasta met\u0101la (no lab\u0101s vai kreis\u0101s puses, no aizmugures);<br \/>\n\u00bb b\u0101kas v\u0101ks no ner\u016bs\u0113jo\u0161a t\u0113rauda<\/td>\n<td><strong>Papildus iesp\u0113jas:<\/strong><br \/>\n\u00bb ner\u016bs\u0113jo\u0161a t\u0113rauda rokturis (k\u0101 kr\u0101sns vai kam\u012bna durti\u0146\u0101m;<br \/>\n\u00bb apgrieztais kr\u0101sns modelis;<br \/>\n\u00bb lab\u0101s puses durvju e\u0146\u0123es;<br \/>\n\u00bb 40-litru b\u0101ka no ner\u016bs\u0113jo\u0161a t\u0113rauda;<br \/>\n\u00bb\u00a0 piln\u012bb\u0101 sarkans\/melns apvalks vai ner\u016bs\u0113jo\u0161\u0101 t\u0113rauda apvalks<br \/>\n\u00bb par cit\u0101m iesp\u0113j\u0101m J\u016bs varat uzzin\u0101t\u00a0<strong><a href=\"https:\/\/skamet.ee\/pirts-krasnis\/pirts-krasnis-pec-pasutijuma?lang=lv\" target=\"_blank\" rel=\"noopener\">\u0161eit<\/a><\/strong><\/td>\n<\/tr>\n<\/tbody>\n<\/table>\n","protected":false},"excerpt":{"rendered":"<p>Tiek ra\u017eotas divu izm\u0113ru pirts kr\u0101snis: Maz\u0101 kr\u0101sns (modelis P-11640), apkurin\u0101m\u0101 plat\u012bba 8-18 m\u00b3. Kr\u0101sns augstums\u00a0 73 cm.\u00a0Akmen\u0173 kiekis 40<\/p>\n","protected":false},"featured_media":43012,"template":"","meta":{"_lmt_disableupdate":"","_lmt_disable":""},"product_brand":[],"product_cat":[334],"product_tag":[],"class_list":{"0":"post-42478","1":"product","2":"type-product","3":"status-publish","4":"has-post-thumbnail","6":"product_cat-apkurinamas-krasnis-pirts-telpa","7":"pa_ahju-korgus-73-cm-lv","8":"pa_ahju-korgus-81-cm-lv","9":"pa_ahju-laius-61-cm-lv","10":"pa_ahju-sugavus-51-cm-lv","11":"pa_kivide-hulk-40-kg-lv","12":"pa_kivide-hulk-50-kg-lv","13":"pa_koetav-ruumala-16-m-25-m-lv","14":"pa_koetav-ruumala-8-m-18-m-lv","15":"pa_maht-40l-lv","16":"pa_mudel-p-11640-lv","17":"pa_mudel-p-12040-lv","19":"first","20":"instock","21":"shipping-taxable","22":"product-type-simple"},"yoast_head":"<!-- This site is optimized with the Yoast SEO plugin v27.0 - https:\/\/yoast.com\/product\/yoast-seo-wordpress\/ -->\n<title>Kr\u0101snis ar b\u0101k\u0101m 40l - Skamet<\/title>\n<meta name=\"robots\" content=\"index, follow, max-snippet:-1, max-image-preview:large, max-video-preview:-1\" \/>\n<link rel=\"canonical\" href=\"https:\/\/www.skamet.ee\/lv\/tooted\/krasnis-ar-bakam-40l\/\" \/>\n<meta property=\"og:locale\" content=\"lv_LV\" \/>\n<meta property=\"og:type\" content=\"article\" \/>\n<meta property=\"og:title\" content=\"Kr\u0101snis ar b\u0101k\u0101m 40l - Skamet\" \/>\n<meta property=\"og:description\" content=\"Tiek ra\u017eotas divu izm\u0113ru pirts kr\u0101snis: Maz\u0101 kr\u0101sns (modelis P-11640), apkurin\u0101m\u0101 plat\u012bba 8-18 m\u00b3. Kr\u0101sns augstums\u00a0 73 cm.\u00a0Akmen\u0173 kiekis 40\" \/>\n<meta property=\"og:url\" content=\"https:\/\/www.skamet.ee\/lv\/tooted\/krasnis-ar-bakam-40l\/\" \/>\n<meta property=\"og:site_name\" content=\"Skamet\" \/>\n<meta property=\"article:modified_time\" content=\"2022-03-23T12:18:38+00:00\" \/>\n<meta property=\"og:image\" content=\"https:\/\/www.skamet.ee\/wp-content\/uploads\/2021\/03\/P-11640-GL.jpg\" \/>\n\t<meta property=\"og:image:width\" content=\"717\" \/>\n\t<meta property=\"og:image:height\" content=\"1075\" \/>\n\t<meta property=\"og:image:type\" content=\"image\/jpeg\" \/>\n<meta name=\"twitter:card\" content=\"summary_large_image\" \/>\n<meta name=\"twitter:label1\" content=\"Est. reading time\" \/>\n\t<meta name=\"twitter:data1\" content=\"1 min\u016b\u0161u\" \/>\n<script type=\"application\/ld+json\" class=\"yoast-schema-graph\">{\"@context\":\"https:\/\/schema.org\",\"@graph\":[{\"@type\":\"WebPage\",\"@id\":\"https:\/\/www.skamet.ee\/lv\/tooted\/krasnis-ar-bakam-40l\/\",\"url\":\"https:\/\/www.skamet.ee\/lv\/tooted\/krasnis-ar-bakam-40l\/\",\"name\":\"Kr\u0101snis ar b\u0101k\u0101m 40l - Skamet\",\"isPartOf\":{\"@id\":\"https:\/\/www.skamet.ee\/#website\"},\"primaryImageOfPage\":{\"@id\":\"https:\/\/www.skamet.ee\/lv\/tooted\/krasnis-ar-bakam-40l\/#primaryimage\"},\"image\":{\"@id\":\"https:\/\/www.skamet.ee\/lv\/tooted\/krasnis-ar-bakam-40l\/#primaryimage\"},\"thumbnailUrl\":\"https:\/\/www.skamet.ee\/wp-content\/uploads\/2021\/03\/P-11640-GL.jpg\",\"datePublished\":\"2021-03-26T11:17:40+00:00\",\"dateModified\":\"2022-03-23T12:18:38+00:00\",\"breadcrumb\":{\"@id\":\"https:\/\/www.skamet.ee\/lv\/tooted\/krasnis-ar-bakam-40l\/#breadcrumb\"},\"inLanguage\":\"lv-LV\",\"potentialAction\":[{\"@type\":\"ReadAction\",\"target\":[\"https:\/\/www.skamet.ee\/lv\/tooted\/krasnis-ar-bakam-40l\/\"]}]},{\"@type\":\"ImageObject\",\"inLanguage\":\"lv-LV\",\"@id\":\"https:\/\/www.skamet.ee\/lv\/tooted\/krasnis-ar-bakam-40l\/#primaryimage\",\"url\":\"https:\/\/www.skamet.ee\/wp-content\/uploads\/2021\/03\/P-11640-GL.jpg\",\"contentUrl\":\"https:\/\/www.skamet.ee\/wp-content\/uploads\/2021\/03\/P-11640-GL.jpg\",\"width\":717,\"height\":1075,\"caption\":\"P 11640 GL\"},{\"@type\":\"BreadcrumbList\",\"@id\":\"https:\/\/www.skamet.ee\/lv\/tooted\/krasnis-ar-bakam-40l\/#breadcrumb\",\"itemListElement\":[{\"@type\":\"ListItem\",\"position\":1,\"name\":\"Home\",\"item\":\"https:\/\/www.skamet.ee\/lv\/\"},{\"@type\":\"ListItem\",\"position\":2,\"name\":\"Produkti\",\"item\":\"https:\/\/www.skamet.ee\/lv\/shop-2\/\"},{\"@type\":\"ListItem\",\"position\":3,\"name\":\"Kr\u0101snis ar b\u0101k\u0101m 40l\"}]},{\"@type\":\"WebSite\",\"@id\":\"https:\/\/www.skamet.ee\/#website\",\"url\":\"https:\/\/www.skamet.ee\/\",\"name\":\"Skamet O\u00dc\",\"description\":\"Efektiivsed puuk\u00fcttega saunaahjud Eesti tootjalt\",\"publisher\":{\"@id\":\"https:\/\/www.skamet.ee\/#organization\"},\"potentialAction\":[{\"@type\":\"SearchAction\",\"target\":{\"@type\":\"EntryPoint\",\"urlTemplate\":\"https:\/\/www.skamet.ee\/?s={search_term_string}\"},\"query-input\":{\"@type\":\"PropertyValueSpecification\",\"valueRequired\":true,\"valueName\":\"search_term_string\"}}],\"inLanguage\":\"lv-LV\"},{\"@type\":\"Organization\",\"@id\":\"https:\/\/www.skamet.ee\/#organization\",\"name\":\"Skamet\",\"url\":\"https:\/\/www.skamet.ee\/\",\"logo\":{\"@type\":\"ImageObject\",\"inLanguage\":\"lv-LV\",\"@id\":\"https:\/\/www.skamet.ee\/#\/schema\/logo\/image\/\",\"url\":\"https:\/\/www.skamet.ee\/wp-content\/uploads\/2015\/05\/logo-uus.png\",\"contentUrl\":\"https:\/\/www.skamet.ee\/wp-content\/uploads\/2015\/05\/logo-uus.png\",\"width\":300,\"height\":127,\"caption\":\"Skamet\"},\"image\":{\"@id\":\"https:\/\/www.skamet.ee\/#\/schema\/logo\/image\/\"}}]}<\/script>\n<!-- \/ Yoast SEO plugin. -->","yoast_head_json":{"title":"Kr\u0101snis ar b\u0101k\u0101m 40l - Skamet","robots":{"index":"index","follow":"follow","max-snippet":"max-snippet:-1","max-image-preview":"max-image-preview:large","max-video-preview":"max-video-preview:-1"},"canonical":"https:\/\/www.skamet.ee\/lv\/tooted\/krasnis-ar-bakam-40l\/","og_locale":"lv_LV","og_type":"article","og_title":"Kr\u0101snis ar b\u0101k\u0101m 40l - Skamet","og_description":"Tiek ra\u017eotas divu izm\u0113ru pirts kr\u0101snis: Maz\u0101 kr\u0101sns (modelis P-11640), apkurin\u0101m\u0101 plat\u012bba 8-18 m\u00b3. Kr\u0101sns augstums\u00a0 73 cm.\u00a0Akmen\u0173 kiekis 40","og_url":"https:\/\/www.skamet.ee\/lv\/tooted\/krasnis-ar-bakam-40l\/","og_site_name":"Skamet","article_modified_time":"2022-03-23T12:18:38+00:00","og_image":[{"width":717,"height":1075,"url":"https:\/\/www.skamet.ee\/wp-content\/uploads\/2021\/03\/P-11640-GL.jpg","type":"image\/jpeg"}],"twitter_card":"summary_large_image","twitter_misc":{"Est. reading time":"1 min\u016b\u0161u"},"schema":{"@context":"https:\/\/schema.org","@graph":[{"@type":"WebPage","@id":"https:\/\/www.skamet.ee\/lv\/tooted\/krasnis-ar-bakam-40l\/","url":"https:\/\/www.skamet.ee\/lv\/tooted\/krasnis-ar-bakam-40l\/","name":"Kr\u0101snis ar b\u0101k\u0101m 40l - Skamet","isPartOf":{"@id":"https:\/\/www.skamet.ee\/#website"},"primaryImageOfPage":{"@id":"https:\/\/www.skamet.ee\/lv\/tooted\/krasnis-ar-bakam-40l\/#primaryimage"},"image":{"@id":"https:\/\/www.skamet.ee\/lv\/tooted\/krasnis-ar-bakam-40l\/#primaryimage"},"thumbnailUrl":"https:\/\/www.skamet.ee\/wp-content\/uploads\/2021\/03\/P-11640-GL.jpg","datePublished":"2021-03-26T11:17:40+00:00","dateModified":"2022-03-23T12:18:38+00:00","breadcrumb":{"@id":"https:\/\/www.skamet.ee\/lv\/tooted\/krasnis-ar-bakam-40l\/#breadcrumb"},"inLanguage":"lv-LV","potentialAction":[{"@type":"ReadAction","target":["https:\/\/www.skamet.ee\/lv\/tooted\/krasnis-ar-bakam-40l\/"]}]},{"@type":"ImageObject","inLanguage":"lv-LV","@id":"https:\/\/www.skamet.ee\/lv\/tooted\/krasnis-ar-bakam-40l\/#primaryimage","url":"https:\/\/www.skamet.ee\/wp-content\/uploads\/2021\/03\/P-11640-GL.jpg","contentUrl":"https:\/\/www.skamet.ee\/wp-content\/uploads\/2021\/03\/P-11640-GL.jpg","width":717,"height":1075,"caption":"P 11640 GL"},{"@type":"BreadcrumbList","@id":"https:\/\/www.skamet.ee\/lv\/tooted\/krasnis-ar-bakam-40l\/#breadcrumb","itemListElement":[{"@type":"ListItem","position":1,"name":"Home","item":"https:\/\/www.skamet.ee\/lv\/"},{"@type":"ListItem","position":2,"name":"Produkti","item":"https:\/\/www.skamet.ee\/lv\/shop-2\/"},{"@type":"ListItem","position":3,"name":"Kr\u0101snis ar b\u0101k\u0101m 40l"}]},{"@type":"WebSite","@id":"https:\/\/www.skamet.ee\/#website","url":"https:\/\/www.skamet.ee\/","name":"Skamet O\u00dc","description":"Efektiivsed puuk\u00fcttega saunaahjud Eesti tootjalt","publisher":{"@id":"https:\/\/www.skamet.ee\/#organization"},"potentialAction":[{"@type":"SearchAction","target":{"@type":"EntryPoint","urlTemplate":"https:\/\/www.skamet.ee\/?s={search_term_string}"},"query-input":{"@type":"PropertyValueSpecification","valueRequired":true,"valueName":"search_term_string"}}],"inLanguage":"lv-LV"},{"@type":"Organization","@id":"https:\/\/www.skamet.ee\/#organization","name":"Skamet","url":"https:\/\/www.skamet.ee\/","logo":{"@type":"ImageObject","inLanguage":"lv-LV","@id":"https:\/\/www.skamet.ee\/#\/schema\/logo\/image\/","url":"https:\/\/www.skamet.ee\/wp-content\/uploads\/2015\/05\/logo-uus.png","contentUrl":"https:\/\/www.skamet.ee\/wp-content\/uploads\/2015\/05\/logo-uus.png","width":300,"height":127,"caption":"Skamet"},"image":{"@id":"https:\/\/www.skamet.ee\/#\/schema\/logo\/image\/"}}]}},"_links":{"self":[{"href":"https:\/\/www.skamet.ee\/lv\/wp-json\/wp\/v2\/product\/42478","targetHints":{"allow":["GET"]}}],"collection":[{"href":"https:\/\/www.skamet.ee\/lv\/wp-json\/wp\/v2\/product"}],"about":[{"href":"https:\/\/www.skamet.ee\/lv\/wp-json\/wp\/v2\/types\/product"}],"version-history":[{"count":1,"href":"https:\/\/www.skamet.ee\/lv\/wp-json\/wp\/v2\/product\/42478\/revisions"}],"predecessor-version":[{"id":43020,"href":"https:\/\/www.skamet.ee\/lv\/wp-json\/wp\/v2\/product\/42478\/revisions\/43020"}],"wp:featuredmedia":[{"embeddable":true,"href":"https:\/\/www.skamet.ee\/lv\/wp-json\/wp\/v2\/media\/43012"}],"wp:attachment":[{"href":"https:\/\/www.skamet.ee\/lv\/wp-json\/wp\/v2\/media?parent=42478"}],"wp:term":[{"taxonomy":"product_brand","embeddable":true,"href":"https:\/\/www.skamet.ee\/lv\/wp-json\/wp\/v2\/product_brand?post=42478"},{"taxonomy":"product_cat","embeddable":true,"href":"https:\/\/www.skamet.ee\/lv\/wp-json\/wp\/v2\/product_cat?post=42478"},{"taxonomy":"product_tag","embeddable":true,"href":"https:\/\/www.skamet.ee\/lv\/wp-json\/wp\/v2\/product_tag?post=42478"}],"curies":[{"name":"wp","href":"https:\/\/api.w.org\/{rel}","templated":true}]}}