{"id":42484,"date":"2021-03-24T15:01:35","date_gmt":"2021-03-24T13:01:35","guid":{"rendered":"https:\/\/uus.skamet.ee\/tooted\/Bez kategorijas\/pirts-krasns-metala-korpusa-kurinamas-blakus-telpa\/"},"modified":"2021-03-24T15:01:35","modified_gmt":"2021-03-24T13:01:35","slug":"pirts-krasns-metala-korpusa-kurinamas-blakus-telpa","status":"publish","type":"product","link":"https:\/\/www.skamet.ee\/lv\/tooted\/pirts-krasns-metala-korpusa-kurinamas-blakus-telpa\/","title":{"rendered":"Pirts kr\u0101sns met\u0101la korpus\u0101 Kurin\u0101mas blakus telp\u0101"},"content":{"rendered":"<p>Kr\u0101sns ir uzst\u0101d\u012bta pirts telp\u0101, bet t\u0101 tiek kurin\u0101ta cit\u0101 telp\u0101, aiz sienas. Vienlaidu da\u013cas garums ir 170 mm. \u0160o da\u013cu ir iesp\u0113jams pas\u016bt\u012bt \u012bs\u0101ku vai gar\u0101ku. Standarta mode\u013cus var savienot ar skursteni tikai aug\u0161pus\u0113, durti\u0146u pus\u0113. Iesp\u0113jams pas\u016bt\u012bt apgrieztu modeli, t.i., savienojums ar skursteni ir iesp\u0113jams ne tikai caur aizmugur\u0113jo sienu, bet ar\u012b aug\u0161pus\u0113, no aizmugures durti\u0146u puses.<\/p>\n","protected":false},"excerpt":{"rendered":"<p>Kr\u0101sns ir uzst\u0101d\u012bta pirts telp\u0101, bet t\u0101 tiek kurin\u0101ta cit\u0101 telp\u0101, aiz sienas. Vienlaidu da\u013cas garums ir 170 mm. \u0160o<\/p>\n","protected":false},"featured_media":44013,"template":"","meta":{"_lmt_disableupdate":"","_lmt_disable":""},"product_brand":[],"product_cat":[308,332],"product_tag":[],"class_list":{"0":"post-42484","1":"product","2":"type-product","3":"status-publish","4":"has-post-thumbnail","6":"product_cat-toisesta-tilasta-lammitettavat","7":"product_cat-pirts-krasnis","8":"pa_ahju-korgus-60-cm-lv","9":"pa_ahju-korgus-73-cm-lv","10":"pa_ahju-korgus-81-cm-lv","11":"pa_ahju-laius-39-cm-lv","12":"pa_ahju-laius-43-cm-lv","13":"pa_ahju-laius-61-cm-lv","14":"pa_ahju-sugavus-45-cm-lv","15":"pa_ahju-sugavus-51-cm-lv","16":"pa_kivide-hulk-20-kg-lv","17":"pa_kivide-hulk-40-kg-lv","18":"pa_kivide-hulk-50-kg-lv","19":"pa_koetav-ruumala-16-m-25-m-lv","20":"pa_koetav-ruumala-5-m-12-m-lv","21":"pa_koetav-ruumala-8-m-18-m-lv","22":"pa_mudel-p-216-lv","23":"pa_mudel-p-21640-lv","24":"pa_mudel-p-220-lv","25":"pa_mudel-p-22040-lv","26":"pa_mudel-ps-210-lv","27":"pa_mudel-pt-216-lv","28":"pa_mudel-pt-220-lv","30":"first","31":"instock","32":"shipping-taxable","33":"product-type-simple"},"yoast_head":"<!-- This site is optimized with the Yoast SEO plugin v27.0 - https:\/\/yoast.com\/product\/yoast-seo-wordpress\/ -->\n<title>Pirts kr\u0101sns met\u0101la korpus\u0101 Kurin\u0101mas blakus telp\u0101 - Skamet<\/title>\n<meta name=\"robots\" content=\"index, follow, max-snippet:-1, max-image-preview:large, max-video-preview:-1\" \/>\n<link rel=\"canonical\" href=\"https:\/\/www.skamet.ee\/lv\/tooted\/pirts-krasns-metala-korpusa-kurinamas-blakus-telpa\/\" \/>\n<meta property=\"og:locale\" content=\"lv_LV\" \/>\n<meta property=\"og:type\" content=\"article\" \/>\n<meta property=\"og:title\" content=\"Pirts kr\u0101sns met\u0101la korpus\u0101 Kurin\u0101mas blakus telp\u0101 - Skamet\" \/>\n<meta property=\"og:description\" content=\"Kr\u0101sns ir uzst\u0101d\u012bta pirts telp\u0101, bet t\u0101 tiek kurin\u0101ta cit\u0101 telp\u0101, aiz sienas. Vienlaidu da\u013cas garums ir 170 mm. \u0160o\" \/>\n<meta property=\"og:url\" content=\"https:\/\/www.skamet.ee\/lv\/tooted\/pirts-krasns-metala-korpusa-kurinamas-blakus-telpa\/\" \/>\n<meta property=\"og:site_name\" content=\"Skamet\" \/>\n<meta property=\"og:image\" content=\"https:\/\/www.skamet.ee\/wp-content\/uploads\/2021\/03\/P-216-GL-1.jpg\" \/>\n\t<meta property=\"og:image:width\" content=\"717\" \/>\n\t<meta property=\"og:image:height\" content=\"1075\" \/>\n\t<meta property=\"og:image:type\" content=\"image\/jpeg\" \/>\n<meta name=\"twitter:card\" content=\"summary_large_image\" \/>\n<script type=\"application\/ld+json\" class=\"yoast-schema-graph\">{\"@context\":\"https:\/\/schema.org\",\"@graph\":[{\"@type\":\"WebPage\",\"@id\":\"https:\/\/www.skamet.ee\/lv\/tooted\/pirts-krasns-metala-korpusa-kurinamas-blakus-telpa\/\",\"url\":\"https:\/\/www.skamet.ee\/lv\/tooted\/pirts-krasns-metala-korpusa-kurinamas-blakus-telpa\/\",\"name\":\"Pirts kr\u0101sns met\u0101la korpus\u0101 Kurin\u0101mas blakus telp\u0101 - Skamet\",\"isPartOf\":{\"@id\":\"https:\/\/www.skamet.ee\/#website\"},\"primaryImageOfPage\":{\"@id\":\"https:\/\/www.skamet.ee\/lv\/tooted\/pirts-krasns-metala-korpusa-kurinamas-blakus-telpa\/#primaryimage\"},\"image\":{\"@id\":\"https:\/\/www.skamet.ee\/lv\/tooted\/pirts-krasns-metala-korpusa-kurinamas-blakus-telpa\/#primaryimage\"},\"thumbnailUrl\":\"https:\/\/www.skamet.ee\/wp-content\/uploads\/2021\/03\/P-216-GL-1.jpg\",\"datePublished\":\"2021-03-24T13:01:35+00:00\",\"breadcrumb\":{\"@id\":\"https:\/\/www.skamet.ee\/lv\/tooted\/pirts-krasns-metala-korpusa-kurinamas-blakus-telpa\/#breadcrumb\"},\"inLanguage\":\"lv-LV\",\"potentialAction\":[{\"@type\":\"ReadAction\",\"target\":[\"https:\/\/www.skamet.ee\/lv\/tooted\/pirts-krasns-metala-korpusa-kurinamas-blakus-telpa\/\"]}]},{\"@type\":\"ImageObject\",\"inLanguage\":\"lv-LV\",\"@id\":\"https:\/\/www.skamet.ee\/lv\/tooted\/pirts-krasns-metala-korpusa-kurinamas-blakus-telpa\/#primaryimage\",\"url\":\"https:\/\/www.skamet.ee\/wp-content\/uploads\/2021\/03\/P-216-GL-1.jpg\",\"contentUrl\":\"https:\/\/www.skamet.ee\/wp-content\/uploads\/2021\/03\/P-216-GL-1.jpg\",\"width\":717,\"height\":1075,\"caption\":\"P 216 GL 1\"},{\"@type\":\"BreadcrumbList\",\"@id\":\"https:\/\/www.skamet.ee\/lv\/tooted\/pirts-krasns-metala-korpusa-kurinamas-blakus-telpa\/#breadcrumb\",\"itemListElement\":[{\"@type\":\"ListItem\",\"position\":1,\"name\":\"Home\",\"item\":\"https:\/\/www.skamet.ee\/lv\/\"},{\"@type\":\"ListItem\",\"position\":2,\"name\":\"Produkti\",\"item\":\"https:\/\/www.skamet.ee\/lv\/shop-2\/\"},{\"@type\":\"ListItem\",\"position\":3,\"name\":\"Pirts kr\u0101sns met\u0101la korpus\u0101 Kurin\u0101mas blakus telp\u0101\"}]},{\"@type\":\"WebSite\",\"@id\":\"https:\/\/www.skamet.ee\/#website\",\"url\":\"https:\/\/www.skamet.ee\/\",\"name\":\"Skamet O\u00dc\",\"description\":\"Efektiivsed puuk\u00fcttega saunaahjud Eesti tootjalt\",\"publisher\":{\"@id\":\"https:\/\/www.skamet.ee\/#organization\"},\"potentialAction\":[{\"@type\":\"SearchAction\",\"target\":{\"@type\":\"EntryPoint\",\"urlTemplate\":\"https:\/\/www.skamet.ee\/?s={search_term_string}\"},\"query-input\":{\"@type\":\"PropertyValueSpecification\",\"valueRequired\":true,\"valueName\":\"search_term_string\"}}],\"inLanguage\":\"lv-LV\"},{\"@type\":\"Organization\",\"@id\":\"https:\/\/www.skamet.ee\/#organization\",\"name\":\"Skamet\",\"url\":\"https:\/\/www.skamet.ee\/\",\"logo\":{\"@type\":\"ImageObject\",\"inLanguage\":\"lv-LV\",\"@id\":\"https:\/\/www.skamet.ee\/#\/schema\/logo\/image\/\",\"url\":\"https:\/\/www.skamet.ee\/wp-content\/uploads\/2015\/05\/logo-uus.png\",\"contentUrl\":\"https:\/\/www.skamet.ee\/wp-content\/uploads\/2015\/05\/logo-uus.png\",\"width\":300,\"height\":127,\"caption\":\"Skamet\"},\"image\":{\"@id\":\"https:\/\/www.skamet.ee\/#\/schema\/logo\/image\/\"}}]}<\/script>\n<!-- \/ Yoast SEO plugin. -->","yoast_head_json":{"title":"Pirts kr\u0101sns met\u0101la korpus\u0101 Kurin\u0101mas blakus telp\u0101 - Skamet","robots":{"index":"index","follow":"follow","max-snippet":"max-snippet:-1","max-image-preview":"max-image-preview:large","max-video-preview":"max-video-preview:-1"},"canonical":"https:\/\/www.skamet.ee\/lv\/tooted\/pirts-krasns-metala-korpusa-kurinamas-blakus-telpa\/","og_locale":"lv_LV","og_type":"article","og_title":"Pirts kr\u0101sns met\u0101la korpus\u0101 Kurin\u0101mas blakus telp\u0101 - Skamet","og_description":"Kr\u0101sns ir uzst\u0101d\u012bta pirts telp\u0101, bet t\u0101 tiek kurin\u0101ta cit\u0101 telp\u0101, aiz sienas. Vienlaidu da\u013cas garums ir 170 mm. \u0160o","og_url":"https:\/\/www.skamet.ee\/lv\/tooted\/pirts-krasns-metala-korpusa-kurinamas-blakus-telpa\/","og_site_name":"Skamet","og_image":[{"width":717,"height":1075,"url":"https:\/\/www.skamet.ee\/wp-content\/uploads\/2021\/03\/P-216-GL-1.jpg","type":"image\/jpeg"}],"twitter_card":"summary_large_image","schema":{"@context":"https:\/\/schema.org","@graph":[{"@type":"WebPage","@id":"https:\/\/www.skamet.ee\/lv\/tooted\/pirts-krasns-metala-korpusa-kurinamas-blakus-telpa\/","url":"https:\/\/www.skamet.ee\/lv\/tooted\/pirts-krasns-metala-korpusa-kurinamas-blakus-telpa\/","name":"Pirts kr\u0101sns met\u0101la korpus\u0101 Kurin\u0101mas blakus telp\u0101 - Skamet","isPartOf":{"@id":"https:\/\/www.skamet.ee\/#website"},"primaryImageOfPage":{"@id":"https:\/\/www.skamet.ee\/lv\/tooted\/pirts-krasns-metala-korpusa-kurinamas-blakus-telpa\/#primaryimage"},"image":{"@id":"https:\/\/www.skamet.ee\/lv\/tooted\/pirts-krasns-metala-korpusa-kurinamas-blakus-telpa\/#primaryimage"},"thumbnailUrl":"https:\/\/www.skamet.ee\/wp-content\/uploads\/2021\/03\/P-216-GL-1.jpg","datePublished":"2021-03-24T13:01:35+00:00","breadcrumb":{"@id":"https:\/\/www.skamet.ee\/lv\/tooted\/pirts-krasns-metala-korpusa-kurinamas-blakus-telpa\/#breadcrumb"},"inLanguage":"lv-LV","potentialAction":[{"@type":"ReadAction","target":["https:\/\/www.skamet.ee\/lv\/tooted\/pirts-krasns-metala-korpusa-kurinamas-blakus-telpa\/"]}]},{"@type":"ImageObject","inLanguage":"lv-LV","@id":"https:\/\/www.skamet.ee\/lv\/tooted\/pirts-krasns-metala-korpusa-kurinamas-blakus-telpa\/#primaryimage","url":"https:\/\/www.skamet.ee\/wp-content\/uploads\/2021\/03\/P-216-GL-1.jpg","contentUrl":"https:\/\/www.skamet.ee\/wp-content\/uploads\/2021\/03\/P-216-GL-1.jpg","width":717,"height":1075,"caption":"P 216 GL 1"},{"@type":"BreadcrumbList","@id":"https:\/\/www.skamet.ee\/lv\/tooted\/pirts-krasns-metala-korpusa-kurinamas-blakus-telpa\/#breadcrumb","itemListElement":[{"@type":"ListItem","position":1,"name":"Home","item":"https:\/\/www.skamet.ee\/lv\/"},{"@type":"ListItem","position":2,"name":"Produkti","item":"https:\/\/www.skamet.ee\/lv\/shop-2\/"},{"@type":"ListItem","position":3,"name":"Pirts kr\u0101sns met\u0101la korpus\u0101 Kurin\u0101mas blakus telp\u0101"}]},{"@type":"WebSite","@id":"https:\/\/www.skamet.ee\/#website","url":"https:\/\/www.skamet.ee\/","name":"Skamet O\u00dc","description":"Efektiivsed puuk\u00fcttega saunaahjud Eesti tootjalt","publisher":{"@id":"https:\/\/www.skamet.ee\/#organization"},"potentialAction":[{"@type":"SearchAction","target":{"@type":"EntryPoint","urlTemplate":"https:\/\/www.skamet.ee\/?s={search_term_string}"},"query-input":{"@type":"PropertyValueSpecification","valueRequired":true,"valueName":"search_term_string"}}],"inLanguage":"lv-LV"},{"@type":"Organization","@id":"https:\/\/www.skamet.ee\/#organization","name":"Skamet","url":"https:\/\/www.skamet.ee\/","logo":{"@type":"ImageObject","inLanguage":"lv-LV","@id":"https:\/\/www.skamet.ee\/#\/schema\/logo\/image\/","url":"https:\/\/www.skamet.ee\/wp-content\/uploads\/2015\/05\/logo-uus.png","contentUrl":"https:\/\/www.skamet.ee\/wp-content\/uploads\/2015\/05\/logo-uus.png","width":300,"height":127,"caption":"Skamet"},"image":{"@id":"https:\/\/www.skamet.ee\/#\/schema\/logo\/image\/"}}]}},"_links":{"self":[{"href":"https:\/\/www.skamet.ee\/lv\/wp-json\/wp\/v2\/product\/42484","targetHints":{"allow":["GET"]}}],"collection":[{"href":"https:\/\/www.skamet.ee\/lv\/wp-json\/wp\/v2\/product"}],"about":[{"href":"https:\/\/www.skamet.ee\/lv\/wp-json\/wp\/v2\/types\/product"}],"version-history":[{"count":0,"href":"https:\/\/www.skamet.ee\/lv\/wp-json\/wp\/v2\/product\/42484\/revisions"}],"wp:featuredmedia":[{"embeddable":true,"href":"https:\/\/www.skamet.ee\/lv\/wp-json\/wp\/v2\/media\/44013"}],"wp:attachment":[{"href":"https:\/\/www.skamet.ee\/lv\/wp-json\/wp\/v2\/media?parent=42484"}],"wp:term":[{"taxonomy":"product_brand","embeddable":true,"href":"https:\/\/www.skamet.ee\/lv\/wp-json\/wp\/v2\/product_brand?post=42484"},{"taxonomy":"product_cat","embeddable":true,"href":"https:\/\/www.skamet.ee\/lv\/wp-json\/wp\/v2\/product_cat?post=42484"},{"taxonomy":"product_tag","embeddable":true,"href":"https:\/\/www.skamet.ee\/lv\/wp-json\/wp\/v2\/product_tag?post=42484"}],"curies":[{"name":"wp","href":"https:\/\/api.w.org\/{rel}","templated":true}]}}