{"id":42490,"date":"2021-03-24T15:00:19","date_gmt":"2021-03-24T13:00:19","guid":{"rendered":"https:\/\/uus.skamet.ee\/tooted\/Bez kategorijas\/pirts-krasns-metala-korpusa-apkurinamas-krasnis-pirts-telpa\/"},"modified":"2021-03-24T15:00:19","modified_gmt":"2021-03-24T13:00:19","slug":"pirts-krasns-metala-korpusa-apkurinamas-krasnis-pirts-telpa","status":"publish","type":"product","link":"https:\/\/www.skamet.ee\/lv\/tooted\/pirts-krasns-metala-korpusa-apkurinamas-krasnis-pirts-telpa\/","title":{"rendered":"Pirts kr\u0101sns met\u0101la korpus\u0101 Apkurin\u0101m\u0101s kr\u0101snis pirts telp\u0101"},"content":{"rendered":"<p>Kurin\u0101\u0161ana notiek pirts telp\u0101. Standarta kr\u0101snis tiek b\u016bv\u0113tas paredzot iesp\u0113ju savienot t\u0101s ar kr\u0101sns skursteni, kas n\u0101k no aug\u0161as vai iziet no aizmugur\u0113j\u0101s sienas. Ir iesp\u0113ja pas\u016bt\u012bt apgriezta veida modeli, t.i. ar caurules piesl\u0113gvietu tikai aug\u0161pus\u0113, no durti\u0146u puses.<\/p>\n","protected":false},"excerpt":{"rendered":"<p>Kurin\u0101\u0161ana notiek pirts telp\u0101. Standarta kr\u0101snis tiek b\u016bv\u0113tas paredzot iesp\u0113ju savienot t\u0101s ar kr\u0101sns skursteni, kas n\u0101k no aug\u0161as vai<\/p>\n","protected":false},"featured_media":44005,"template":"","meta":{"_lmt_disableupdate":"","_lmt_disable":""},"product_brand":[],"product_cat":[307,332,333,334],"product_tag":[],"class_list":{"0":"post-42490","1":"product","2":"type-product","3":"status-publish","4":"has-post-thumbnail","6":"product_cat-samasta-tilasta-lammitettavat","7":"product_cat-pirts-krasnis","8":"product_cat-pirts-krasns-metala-korpusa","9":"product_cat-apkurinamas-krasnis-pirts-telpa","10":"pa_ahju-korgus-60-cm-lv","11":"pa_ahju-korgus-73-cm-lv","12":"pa_ahju-korgus-81-cm-lv","13":"pa_ahju-laius-39-cm-lv","14":"pa_ahju-laius-43-cm-lv","15":"pa_ahju-laius-61-cm-lv","16":"pa_ahju-sugavus-45-cm-lv","17":"pa_ahju-sugavus-51-cm-lv","18":"pa_ahju-sugavus-71-cm-lv","19":"pa_kivide-hulk-20-kg-lv","20":"pa_kivide-hulk-40-kg-lv","21":"pa_kivide-hulk-50-kg-lv","22":"pa_koetav-ruumala-16-m-25-m-lv","23":"pa_koetav-ruumala-5-m-12-m-lv","24":"pa_koetav-ruumala-8-m-18-m-lv","25":"pa_mudel-p-116-lv","26":"pa_mudel-p-11620-rv-lv","27":"pa_mudel-p-11640-lv","28":"pa_mudel-p-120-lv","29":"pa_mudel-p-12025-rv-lv","30":"pa_mudel-p-12040-lv","31":"pa_mudel-ps-110-lv","33":"first","34":"instock","35":"shipping-taxable","36":"product-type-simple"},"yoast_head":"<!-- This site is optimized with the Yoast SEO plugin v27.0 - https:\/\/yoast.com\/product\/yoast-seo-wordpress\/ -->\n<title>Pirts kr\u0101sns met\u0101la korpus\u0101 Apkurin\u0101m\u0101s kr\u0101snis pirts telp\u0101 - Skamet<\/title>\n<meta name=\"robots\" content=\"index, follow, max-snippet:-1, max-image-preview:large, max-video-preview:-1\" \/>\n<link rel=\"canonical\" href=\"https:\/\/www.skamet.ee\/lv\/tooted\/pirts-krasns-metala-korpusa-apkurinamas-krasnis-pirts-telpa\/\" \/>\n<meta property=\"og:locale\" content=\"lv_LV\" \/>\n<meta property=\"og:type\" content=\"article\" \/>\n<meta property=\"og:title\" content=\"Pirts kr\u0101sns met\u0101la korpus\u0101 Apkurin\u0101m\u0101s kr\u0101snis pirts telp\u0101 - Skamet\" \/>\n<meta property=\"og:description\" content=\"Kurin\u0101\u0161ana notiek pirts telp\u0101. Standarta kr\u0101snis tiek b\u016bv\u0113tas paredzot iesp\u0113ju savienot t\u0101s ar kr\u0101sns skursteni, kas n\u0101k no aug\u0161as vai\" \/>\n<meta property=\"og:url\" content=\"https:\/\/www.skamet.ee\/lv\/tooted\/pirts-krasns-metala-korpusa-apkurinamas-krasnis-pirts-telpa\/\" \/>\n<meta property=\"og:site_name\" content=\"Skamet\" \/>\n<meta property=\"og:image\" content=\"https:\/\/www.skamet.ee\/wp-content\/uploads\/2021\/03\/P-116-GL_ilu-scaled.jpg\" \/>\n\t<meta property=\"og:image:width\" content=\"1708\" \/>\n\t<meta property=\"og:image:height\" content=\"2560\" \/>\n\t<meta property=\"og:image:type\" content=\"image\/jpeg\" \/>\n<meta name=\"twitter:card\" content=\"summary_large_image\" \/>\n<script type=\"application\/ld+json\" class=\"yoast-schema-graph\">{\"@context\":\"https:\/\/schema.org\",\"@graph\":[{\"@type\":\"WebPage\",\"@id\":\"https:\/\/www.skamet.ee\/lv\/tooted\/pirts-krasns-metala-korpusa-apkurinamas-krasnis-pirts-telpa\/\",\"url\":\"https:\/\/www.skamet.ee\/lv\/tooted\/pirts-krasns-metala-korpusa-apkurinamas-krasnis-pirts-telpa\/\",\"name\":\"Pirts kr\u0101sns met\u0101la korpus\u0101 Apkurin\u0101m\u0101s kr\u0101snis pirts telp\u0101 - Skamet\",\"isPartOf\":{\"@id\":\"https:\/\/www.skamet.ee\/#website\"},\"primaryImageOfPage\":{\"@id\":\"https:\/\/www.skamet.ee\/lv\/tooted\/pirts-krasns-metala-korpusa-apkurinamas-krasnis-pirts-telpa\/#primaryimage\"},\"image\":{\"@id\":\"https:\/\/www.skamet.ee\/lv\/tooted\/pirts-krasns-metala-korpusa-apkurinamas-krasnis-pirts-telpa\/#primaryimage\"},\"thumbnailUrl\":\"https:\/\/www.skamet.ee\/wp-content\/uploads\/2021\/03\/P-116-GL_ilu-scaled.jpg\",\"datePublished\":\"2021-03-24T13:00:19+00:00\",\"breadcrumb\":{\"@id\":\"https:\/\/www.skamet.ee\/lv\/tooted\/pirts-krasns-metala-korpusa-apkurinamas-krasnis-pirts-telpa\/#breadcrumb\"},\"inLanguage\":\"lv-LV\",\"potentialAction\":[{\"@type\":\"ReadAction\",\"target\":[\"https:\/\/www.skamet.ee\/lv\/tooted\/pirts-krasns-metala-korpusa-apkurinamas-krasnis-pirts-telpa\/\"]}]},{\"@type\":\"ImageObject\",\"inLanguage\":\"lv-LV\",\"@id\":\"https:\/\/www.skamet.ee\/lv\/tooted\/pirts-krasns-metala-korpusa-apkurinamas-krasnis-pirts-telpa\/#primaryimage\",\"url\":\"https:\/\/www.skamet.ee\/wp-content\/uploads\/2021\/03\/P-116-GL_ilu-scaled.jpg\",\"contentUrl\":\"https:\/\/www.skamet.ee\/wp-content\/uploads\/2021\/03\/P-116-GL_ilu-scaled.jpg\",\"width\":1708,\"height\":2560,\"caption\":\"P 116 GL ilu scaled\"},{\"@type\":\"BreadcrumbList\",\"@id\":\"https:\/\/www.skamet.ee\/lv\/tooted\/pirts-krasns-metala-korpusa-apkurinamas-krasnis-pirts-telpa\/#breadcrumb\",\"itemListElement\":[{\"@type\":\"ListItem\",\"position\":1,\"name\":\"Home\",\"item\":\"https:\/\/www.skamet.ee\/lv\/\"},{\"@type\":\"ListItem\",\"position\":2,\"name\":\"Produkti\",\"item\":\"https:\/\/www.skamet.ee\/lv\/shop-2\/\"},{\"@type\":\"ListItem\",\"position\":3,\"name\":\"Pirts kr\u0101sns met\u0101la korpus\u0101 Apkurin\u0101m\u0101s kr\u0101snis pirts telp\u0101\"}]},{\"@type\":\"WebSite\",\"@id\":\"https:\/\/www.skamet.ee\/#website\",\"url\":\"https:\/\/www.skamet.ee\/\",\"name\":\"Skamet O\u00dc\",\"description\":\"Efektiivsed puuk\u00fcttega saunaahjud Eesti tootjalt\",\"publisher\":{\"@id\":\"https:\/\/www.skamet.ee\/#organization\"},\"potentialAction\":[{\"@type\":\"SearchAction\",\"target\":{\"@type\":\"EntryPoint\",\"urlTemplate\":\"https:\/\/www.skamet.ee\/?s={search_term_string}\"},\"query-input\":{\"@type\":\"PropertyValueSpecification\",\"valueRequired\":true,\"valueName\":\"search_term_string\"}}],\"inLanguage\":\"lv-LV\"},{\"@type\":\"Organization\",\"@id\":\"https:\/\/www.skamet.ee\/#organization\",\"name\":\"Skamet\",\"url\":\"https:\/\/www.skamet.ee\/\",\"logo\":{\"@type\":\"ImageObject\",\"inLanguage\":\"lv-LV\",\"@id\":\"https:\/\/www.skamet.ee\/#\/schema\/logo\/image\/\",\"url\":\"https:\/\/www.skamet.ee\/wp-content\/uploads\/2015\/05\/logo-uus.png\",\"contentUrl\":\"https:\/\/www.skamet.ee\/wp-content\/uploads\/2015\/05\/logo-uus.png\",\"width\":300,\"height\":127,\"caption\":\"Skamet\"},\"image\":{\"@id\":\"https:\/\/www.skamet.ee\/#\/schema\/logo\/image\/\"}}]}<\/script>\n<!-- \/ Yoast SEO plugin. -->","yoast_head_json":{"title":"Pirts kr\u0101sns met\u0101la korpus\u0101 Apkurin\u0101m\u0101s kr\u0101snis pirts telp\u0101 - Skamet","robots":{"index":"index","follow":"follow","max-snippet":"max-snippet:-1","max-image-preview":"max-image-preview:large","max-video-preview":"max-video-preview:-1"},"canonical":"https:\/\/www.skamet.ee\/lv\/tooted\/pirts-krasns-metala-korpusa-apkurinamas-krasnis-pirts-telpa\/","og_locale":"lv_LV","og_type":"article","og_title":"Pirts kr\u0101sns met\u0101la korpus\u0101 Apkurin\u0101m\u0101s kr\u0101snis pirts telp\u0101 - Skamet","og_description":"Kurin\u0101\u0161ana notiek pirts telp\u0101. Standarta kr\u0101snis tiek b\u016bv\u0113tas paredzot iesp\u0113ju savienot t\u0101s ar kr\u0101sns skursteni, kas n\u0101k no aug\u0161as vai","og_url":"https:\/\/www.skamet.ee\/lv\/tooted\/pirts-krasns-metala-korpusa-apkurinamas-krasnis-pirts-telpa\/","og_site_name":"Skamet","og_image":[{"width":1708,"height":2560,"url":"https:\/\/www.skamet.ee\/wp-content\/uploads\/2021\/03\/P-116-GL_ilu-scaled.jpg","type":"image\/jpeg"}],"twitter_card":"summary_large_image","schema":{"@context":"https:\/\/schema.org","@graph":[{"@type":"WebPage","@id":"https:\/\/www.skamet.ee\/lv\/tooted\/pirts-krasns-metala-korpusa-apkurinamas-krasnis-pirts-telpa\/","url":"https:\/\/www.skamet.ee\/lv\/tooted\/pirts-krasns-metala-korpusa-apkurinamas-krasnis-pirts-telpa\/","name":"Pirts kr\u0101sns met\u0101la korpus\u0101 Apkurin\u0101m\u0101s kr\u0101snis pirts telp\u0101 - Skamet","isPartOf":{"@id":"https:\/\/www.skamet.ee\/#website"},"primaryImageOfPage":{"@id":"https:\/\/www.skamet.ee\/lv\/tooted\/pirts-krasns-metala-korpusa-apkurinamas-krasnis-pirts-telpa\/#primaryimage"},"image":{"@id":"https:\/\/www.skamet.ee\/lv\/tooted\/pirts-krasns-metala-korpusa-apkurinamas-krasnis-pirts-telpa\/#primaryimage"},"thumbnailUrl":"https:\/\/www.skamet.ee\/wp-content\/uploads\/2021\/03\/P-116-GL_ilu-scaled.jpg","datePublished":"2021-03-24T13:00:19+00:00","breadcrumb":{"@id":"https:\/\/www.skamet.ee\/lv\/tooted\/pirts-krasns-metala-korpusa-apkurinamas-krasnis-pirts-telpa\/#breadcrumb"},"inLanguage":"lv-LV","potentialAction":[{"@type":"ReadAction","target":["https:\/\/www.skamet.ee\/lv\/tooted\/pirts-krasns-metala-korpusa-apkurinamas-krasnis-pirts-telpa\/"]}]},{"@type":"ImageObject","inLanguage":"lv-LV","@id":"https:\/\/www.skamet.ee\/lv\/tooted\/pirts-krasns-metala-korpusa-apkurinamas-krasnis-pirts-telpa\/#primaryimage","url":"https:\/\/www.skamet.ee\/wp-content\/uploads\/2021\/03\/P-116-GL_ilu-scaled.jpg","contentUrl":"https:\/\/www.skamet.ee\/wp-content\/uploads\/2021\/03\/P-116-GL_ilu-scaled.jpg","width":1708,"height":2560,"caption":"P 116 GL ilu scaled"},{"@type":"BreadcrumbList","@id":"https:\/\/www.skamet.ee\/lv\/tooted\/pirts-krasns-metala-korpusa-apkurinamas-krasnis-pirts-telpa\/#breadcrumb","itemListElement":[{"@type":"ListItem","position":1,"name":"Home","item":"https:\/\/www.skamet.ee\/lv\/"},{"@type":"ListItem","position":2,"name":"Produkti","item":"https:\/\/www.skamet.ee\/lv\/shop-2\/"},{"@type":"ListItem","position":3,"name":"Pirts kr\u0101sns met\u0101la korpus\u0101 Apkurin\u0101m\u0101s kr\u0101snis pirts telp\u0101"}]},{"@type":"WebSite","@id":"https:\/\/www.skamet.ee\/#website","url":"https:\/\/www.skamet.ee\/","name":"Skamet O\u00dc","description":"Efektiivsed puuk\u00fcttega saunaahjud Eesti tootjalt","publisher":{"@id":"https:\/\/www.skamet.ee\/#organization"},"potentialAction":[{"@type":"SearchAction","target":{"@type":"EntryPoint","urlTemplate":"https:\/\/www.skamet.ee\/?s={search_term_string}"},"query-input":{"@type":"PropertyValueSpecification","valueRequired":true,"valueName":"search_term_string"}}],"inLanguage":"lv-LV"},{"@type":"Organization","@id":"https:\/\/www.skamet.ee\/#organization","name":"Skamet","url":"https:\/\/www.skamet.ee\/","logo":{"@type":"ImageObject","inLanguage":"lv-LV","@id":"https:\/\/www.skamet.ee\/#\/schema\/logo\/image\/","url":"https:\/\/www.skamet.ee\/wp-content\/uploads\/2015\/05\/logo-uus.png","contentUrl":"https:\/\/www.skamet.ee\/wp-content\/uploads\/2015\/05\/logo-uus.png","width":300,"height":127,"caption":"Skamet"},"image":{"@id":"https:\/\/www.skamet.ee\/#\/schema\/logo\/image\/"}}]}},"_links":{"self":[{"href":"https:\/\/www.skamet.ee\/lv\/wp-json\/wp\/v2\/product\/42490","targetHints":{"allow":["GET"]}}],"collection":[{"href":"https:\/\/www.skamet.ee\/lv\/wp-json\/wp\/v2\/product"}],"about":[{"href":"https:\/\/www.skamet.ee\/lv\/wp-json\/wp\/v2\/types\/product"}],"version-history":[{"count":0,"href":"https:\/\/www.skamet.ee\/lv\/wp-json\/wp\/v2\/product\/42490\/revisions"}],"wp:featuredmedia":[{"embeddable":true,"href":"https:\/\/www.skamet.ee\/lv\/wp-json\/wp\/v2\/media\/44005"}],"wp:attachment":[{"href":"https:\/\/www.skamet.ee\/lv\/wp-json\/wp\/v2\/media?parent=42490"}],"wp:term":[{"taxonomy":"product_brand","embeddable":true,"href":"https:\/\/www.skamet.ee\/lv\/wp-json\/wp\/v2\/product_brand?post=42490"},{"taxonomy":"product_cat","embeddable":true,"href":"https:\/\/www.skamet.ee\/lv\/wp-json\/wp\/v2\/product_cat?post=42490"},{"taxonomy":"product_tag","embeddable":true,"href":"https:\/\/www.skamet.ee\/lv\/wp-json\/wp\/v2\/product_tag?post=42490"}],"curies":[{"name":"wp","href":"https:\/\/api.w.org\/{rel}","templated":true}]}}