{"id":42504,"date":"2021-03-24T14:57:25","date_gmt":"2021-03-24T12:57:25","guid":{"rendered":"https:\/\/uus.skamet.ee\/tooted\/Bez kategorijas\/rezga-pirts-krasns-rezgota-korpusa-kurinamas-taja-pasa-telpa\/"},"modified":"2021-03-24T14:57:25","modified_gmt":"2021-03-24T12:57:25","slug":"rezga-pirts-krasns-rezgota-korpusa-kurinamas-taja-pasa-telpa","status":"publish","type":"product","link":"https:\/\/www.skamet.ee\/lv\/tooted\/rezga-pirts-krasns-rezgota-korpusa-kurinamas-taja-pasa-telpa\/","title":{"rendered":"Re\u017e\u0123a pirts kr\u0101sns (re\u017e\u0123ot\u0101 korpus\u0101) Kurin\u0101mas taj\u0101 pa\u0161\u0101 telp\u0101"},"content":{"rendered":"<p>Kr\u0101sns tiek kurin\u0101ta pirts telp\u0101. Standarta mode\u013cus var savienot ar skursteni tikai aug\u0161pus\u0113, durti\u0146u pus\u0113. Iesp\u0113jams pas\u016bt\u012bt modeli ar skursteni, kas ir savienots ne tikai caur aizmugur\u0113jo sienu, bet ar\u012b no aug\u0161as, aizmugures durti\u0146u pus\u0113, t.i., apgriezt\u0101 veid\u0101.<\/p>\n","protected":false},"excerpt":{"rendered":"<p>Kr\u0101sns tiek kurin\u0101ta pirts telp\u0101. Standarta mode\u013cus var savienot ar skursteni tikai aug\u0161pus\u0113, durti\u0146u pus\u0113. Iesp\u0113jams pas\u016bt\u012bt modeli ar skursteni,<\/p>\n","protected":false},"featured_media":45017,"template":"","meta":{"_lmt_disableupdate":"","_lmt_disable":""},"product_brand":[],"product_cat":[150],"product_tag":[],"class_list":{"0":"post-42504","1":"product","2":"type-product","3":"status-publish","4":"has-post-thumbnail","6":"product_cat-saunaahjud","8":"first","9":"instock","10":"shipping-taxable","11":"product-type-simple"},"yoast_head":"<!-- This site is optimized with the Yoast SEO plugin v27.0 - https:\/\/yoast.com\/product\/yoast-seo-wordpress\/ -->\n<title>Re\u017e\u0123a pirts kr\u0101sns (re\u017e\u0123ot\u0101 korpus\u0101) Kurin\u0101mas taj\u0101 pa\u0161\u0101 telp\u0101 - Skamet<\/title>\n<meta name=\"robots\" content=\"index, follow, max-snippet:-1, max-image-preview:large, max-video-preview:-1\" \/>\n<link rel=\"canonical\" href=\"https:\/\/www.skamet.ee\/lv\/tooted\/rezga-pirts-krasns-rezgota-korpusa-kurinamas-taja-pasa-telpa\/\" \/>\n<meta property=\"og:locale\" content=\"lv_LV\" \/>\n<meta property=\"og:type\" content=\"article\" \/>\n<meta property=\"og:title\" content=\"Re\u017e\u0123a pirts kr\u0101sns (re\u017e\u0123ot\u0101 korpus\u0101) Kurin\u0101mas taj\u0101 pa\u0161\u0101 telp\u0101 - Skamet\" \/>\n<meta property=\"og:description\" content=\"Kr\u0101sns tiek kurin\u0101ta pirts telp\u0101. Standarta mode\u013cus var savienot ar skursteni tikai aug\u0161pus\u0113, durti\u0146u pus\u0113. Iesp\u0113jams pas\u016bt\u012bt modeli ar skursteni,\" \/>\n<meta property=\"og:url\" content=\"https:\/\/www.skamet.ee\/lv\/tooted\/rezga-pirts-krasns-rezgota-korpusa-kurinamas-taja-pasa-telpa\/\" \/>\n<meta property=\"og:site_name\" content=\"Skamet\" \/>\n<meta property=\"og:image\" content=\"https:\/\/www.skamet.ee\/wp-content\/uploads\/2021\/03\/S-120-GL_Ilu-scaled.jpg\" \/>\n\t<meta property=\"og:image:width\" content=\"1708\" \/>\n\t<meta property=\"og:image:height\" content=\"2560\" \/>\n\t<meta property=\"og:image:type\" content=\"image\/jpeg\" \/>\n<meta name=\"twitter:card\" content=\"summary_large_image\" \/>\n<script type=\"application\/ld+json\" class=\"yoast-schema-graph\">{\"@context\":\"https:\/\/schema.org\",\"@graph\":[{\"@type\":\"WebPage\",\"@id\":\"https:\/\/www.skamet.ee\/lv\/tooted\/rezga-pirts-krasns-rezgota-korpusa-kurinamas-taja-pasa-telpa\/\",\"url\":\"https:\/\/www.skamet.ee\/lv\/tooted\/rezga-pirts-krasns-rezgota-korpusa-kurinamas-taja-pasa-telpa\/\",\"name\":\"Re\u017e\u0123a pirts kr\u0101sns (re\u017e\u0123ot\u0101 korpus\u0101) Kurin\u0101mas taj\u0101 pa\u0161\u0101 telp\u0101 - Skamet\",\"isPartOf\":{\"@id\":\"https:\/\/www.skamet.ee\/#website\"},\"primaryImageOfPage\":{\"@id\":\"https:\/\/www.skamet.ee\/lv\/tooted\/rezga-pirts-krasns-rezgota-korpusa-kurinamas-taja-pasa-telpa\/#primaryimage\"},\"image\":{\"@id\":\"https:\/\/www.skamet.ee\/lv\/tooted\/rezga-pirts-krasns-rezgota-korpusa-kurinamas-taja-pasa-telpa\/#primaryimage\"},\"thumbnailUrl\":\"https:\/\/www.skamet.ee\/wp-content\/uploads\/2021\/03\/S-120-GL_Ilu-scaled.jpg\",\"datePublished\":\"2021-03-24T12:57:25+00:00\",\"breadcrumb\":{\"@id\":\"https:\/\/www.skamet.ee\/lv\/tooted\/rezga-pirts-krasns-rezgota-korpusa-kurinamas-taja-pasa-telpa\/#breadcrumb\"},\"inLanguage\":\"lv-LV\",\"potentialAction\":[{\"@type\":\"ReadAction\",\"target\":[\"https:\/\/www.skamet.ee\/lv\/tooted\/rezga-pirts-krasns-rezgota-korpusa-kurinamas-taja-pasa-telpa\/\"]}]},{\"@type\":\"ImageObject\",\"inLanguage\":\"lv-LV\",\"@id\":\"https:\/\/www.skamet.ee\/lv\/tooted\/rezga-pirts-krasns-rezgota-korpusa-kurinamas-taja-pasa-telpa\/#primaryimage\",\"url\":\"https:\/\/www.skamet.ee\/wp-content\/uploads\/2021\/03\/S-120-GL_Ilu-scaled.jpg\",\"contentUrl\":\"https:\/\/www.skamet.ee\/wp-content\/uploads\/2021\/03\/S-120-GL_Ilu-scaled.jpg\",\"width\":1708,\"height\":2560,\"caption\":\"S 120 GL Ilu scaled\"},{\"@type\":\"BreadcrumbList\",\"@id\":\"https:\/\/www.skamet.ee\/lv\/tooted\/rezga-pirts-krasns-rezgota-korpusa-kurinamas-taja-pasa-telpa\/#breadcrumb\",\"itemListElement\":[{\"@type\":\"ListItem\",\"position\":1,\"name\":\"Home\",\"item\":\"https:\/\/www.skamet.ee\/lv\/\"},{\"@type\":\"ListItem\",\"position\":2,\"name\":\"Produkti\",\"item\":\"https:\/\/www.skamet.ee\/lv\/shop-2\/\"},{\"@type\":\"ListItem\",\"position\":3,\"name\":\"Re\u017e\u0123a pirts kr\u0101sns (re\u017e\u0123ot\u0101 korpus\u0101) Kurin\u0101mas taj\u0101 pa\u0161\u0101 telp\u0101\"}]},{\"@type\":\"WebSite\",\"@id\":\"https:\/\/www.skamet.ee\/#website\",\"url\":\"https:\/\/www.skamet.ee\/\",\"name\":\"Skamet O\u00dc\",\"description\":\"Efektiivsed puuk\u00fcttega saunaahjud Eesti tootjalt\",\"publisher\":{\"@id\":\"https:\/\/www.skamet.ee\/#organization\"},\"potentialAction\":[{\"@type\":\"SearchAction\",\"target\":{\"@type\":\"EntryPoint\",\"urlTemplate\":\"https:\/\/www.skamet.ee\/?s={search_term_string}\"},\"query-input\":{\"@type\":\"PropertyValueSpecification\",\"valueRequired\":true,\"valueName\":\"search_term_string\"}}],\"inLanguage\":\"lv-LV\"},{\"@type\":\"Organization\",\"@id\":\"https:\/\/www.skamet.ee\/#organization\",\"name\":\"Skamet\",\"url\":\"https:\/\/www.skamet.ee\/\",\"logo\":{\"@type\":\"ImageObject\",\"inLanguage\":\"lv-LV\",\"@id\":\"https:\/\/www.skamet.ee\/#\/schema\/logo\/image\/\",\"url\":\"https:\/\/www.skamet.ee\/wp-content\/uploads\/2015\/05\/logo-uus.png\",\"contentUrl\":\"https:\/\/www.skamet.ee\/wp-content\/uploads\/2015\/05\/logo-uus.png\",\"width\":300,\"height\":127,\"caption\":\"Skamet\"},\"image\":{\"@id\":\"https:\/\/www.skamet.ee\/#\/schema\/logo\/image\/\"}}]}<\/script>\n<!-- \/ Yoast SEO plugin. -->","yoast_head_json":{"title":"Re\u017e\u0123a pirts kr\u0101sns (re\u017e\u0123ot\u0101 korpus\u0101) Kurin\u0101mas taj\u0101 pa\u0161\u0101 telp\u0101 - Skamet","robots":{"index":"index","follow":"follow","max-snippet":"max-snippet:-1","max-image-preview":"max-image-preview:large","max-video-preview":"max-video-preview:-1"},"canonical":"https:\/\/www.skamet.ee\/lv\/tooted\/rezga-pirts-krasns-rezgota-korpusa-kurinamas-taja-pasa-telpa\/","og_locale":"lv_LV","og_type":"article","og_title":"Re\u017e\u0123a pirts kr\u0101sns (re\u017e\u0123ot\u0101 korpus\u0101) Kurin\u0101mas taj\u0101 pa\u0161\u0101 telp\u0101 - Skamet","og_description":"Kr\u0101sns tiek kurin\u0101ta pirts telp\u0101. Standarta mode\u013cus var savienot ar skursteni tikai aug\u0161pus\u0113, durti\u0146u pus\u0113. Iesp\u0113jams pas\u016bt\u012bt modeli ar skursteni,","og_url":"https:\/\/www.skamet.ee\/lv\/tooted\/rezga-pirts-krasns-rezgota-korpusa-kurinamas-taja-pasa-telpa\/","og_site_name":"Skamet","og_image":[{"width":1708,"height":2560,"url":"https:\/\/www.skamet.ee\/wp-content\/uploads\/2021\/03\/S-120-GL_Ilu-scaled.jpg","type":"image\/jpeg"}],"twitter_card":"summary_large_image","schema":{"@context":"https:\/\/schema.org","@graph":[{"@type":"WebPage","@id":"https:\/\/www.skamet.ee\/lv\/tooted\/rezga-pirts-krasns-rezgota-korpusa-kurinamas-taja-pasa-telpa\/","url":"https:\/\/www.skamet.ee\/lv\/tooted\/rezga-pirts-krasns-rezgota-korpusa-kurinamas-taja-pasa-telpa\/","name":"Re\u017e\u0123a pirts kr\u0101sns (re\u017e\u0123ot\u0101 korpus\u0101) Kurin\u0101mas taj\u0101 pa\u0161\u0101 telp\u0101 - Skamet","isPartOf":{"@id":"https:\/\/www.skamet.ee\/#website"},"primaryImageOfPage":{"@id":"https:\/\/www.skamet.ee\/lv\/tooted\/rezga-pirts-krasns-rezgota-korpusa-kurinamas-taja-pasa-telpa\/#primaryimage"},"image":{"@id":"https:\/\/www.skamet.ee\/lv\/tooted\/rezga-pirts-krasns-rezgota-korpusa-kurinamas-taja-pasa-telpa\/#primaryimage"},"thumbnailUrl":"https:\/\/www.skamet.ee\/wp-content\/uploads\/2021\/03\/S-120-GL_Ilu-scaled.jpg","datePublished":"2021-03-24T12:57:25+00:00","breadcrumb":{"@id":"https:\/\/www.skamet.ee\/lv\/tooted\/rezga-pirts-krasns-rezgota-korpusa-kurinamas-taja-pasa-telpa\/#breadcrumb"},"inLanguage":"lv-LV","potentialAction":[{"@type":"ReadAction","target":["https:\/\/www.skamet.ee\/lv\/tooted\/rezga-pirts-krasns-rezgota-korpusa-kurinamas-taja-pasa-telpa\/"]}]},{"@type":"ImageObject","inLanguage":"lv-LV","@id":"https:\/\/www.skamet.ee\/lv\/tooted\/rezga-pirts-krasns-rezgota-korpusa-kurinamas-taja-pasa-telpa\/#primaryimage","url":"https:\/\/www.skamet.ee\/wp-content\/uploads\/2021\/03\/S-120-GL_Ilu-scaled.jpg","contentUrl":"https:\/\/www.skamet.ee\/wp-content\/uploads\/2021\/03\/S-120-GL_Ilu-scaled.jpg","width":1708,"height":2560,"caption":"S 120 GL Ilu scaled"},{"@type":"BreadcrumbList","@id":"https:\/\/www.skamet.ee\/lv\/tooted\/rezga-pirts-krasns-rezgota-korpusa-kurinamas-taja-pasa-telpa\/#breadcrumb","itemListElement":[{"@type":"ListItem","position":1,"name":"Home","item":"https:\/\/www.skamet.ee\/lv\/"},{"@type":"ListItem","position":2,"name":"Produkti","item":"https:\/\/www.skamet.ee\/lv\/shop-2\/"},{"@type":"ListItem","position":3,"name":"Re\u017e\u0123a pirts kr\u0101sns (re\u017e\u0123ot\u0101 korpus\u0101) Kurin\u0101mas taj\u0101 pa\u0161\u0101 telp\u0101"}]},{"@type":"WebSite","@id":"https:\/\/www.skamet.ee\/#website","url":"https:\/\/www.skamet.ee\/","name":"Skamet O\u00dc","description":"Efektiivsed puuk\u00fcttega saunaahjud Eesti tootjalt","publisher":{"@id":"https:\/\/www.skamet.ee\/#organization"},"potentialAction":[{"@type":"SearchAction","target":{"@type":"EntryPoint","urlTemplate":"https:\/\/www.skamet.ee\/?s={search_term_string}"},"query-input":{"@type":"PropertyValueSpecification","valueRequired":true,"valueName":"search_term_string"}}],"inLanguage":"lv-LV"},{"@type":"Organization","@id":"https:\/\/www.skamet.ee\/#organization","name":"Skamet","url":"https:\/\/www.skamet.ee\/","logo":{"@type":"ImageObject","inLanguage":"lv-LV","@id":"https:\/\/www.skamet.ee\/#\/schema\/logo\/image\/","url":"https:\/\/www.skamet.ee\/wp-content\/uploads\/2015\/05\/logo-uus.png","contentUrl":"https:\/\/www.skamet.ee\/wp-content\/uploads\/2015\/05\/logo-uus.png","width":300,"height":127,"caption":"Skamet"},"image":{"@id":"https:\/\/www.skamet.ee\/#\/schema\/logo\/image\/"}}]}},"_links":{"self":[{"href":"https:\/\/www.skamet.ee\/lv\/wp-json\/wp\/v2\/product\/42504","targetHints":{"allow":["GET"]}}],"collection":[{"href":"https:\/\/www.skamet.ee\/lv\/wp-json\/wp\/v2\/product"}],"about":[{"href":"https:\/\/www.skamet.ee\/lv\/wp-json\/wp\/v2\/types\/product"}],"version-history":[{"count":0,"href":"https:\/\/www.skamet.ee\/lv\/wp-json\/wp\/v2\/product\/42504\/revisions"}],"wp:featuredmedia":[{"embeddable":true,"href":"https:\/\/www.skamet.ee\/lv\/wp-json\/wp\/v2\/media\/45017"}],"wp:attachment":[{"href":"https:\/\/www.skamet.ee\/lv\/wp-json\/wp\/v2\/media?parent=42504"}],"wp:term":[{"taxonomy":"product_brand","embeddable":true,"href":"https:\/\/www.skamet.ee\/lv\/wp-json\/wp\/v2\/product_brand?post=42504"},{"taxonomy":"product_cat","embeddable":true,"href":"https:\/\/www.skamet.ee\/lv\/wp-json\/wp\/v2\/product_cat?post=42504"},{"taxonomy":"product_tag","embeddable":true,"href":"https:\/\/www.skamet.ee\/lv\/wp-json\/wp\/v2\/product_tag?post=42504"}],"curies":[{"name":"wp","href":"https:\/\/api.w.org\/{rel}","templated":true}]}}