{"id":3568,"date":"2013-10-16T08:04:33","date_gmt":"2013-10-16T08:04:33","guid":{"rendered":"http:\/\/skamet.ee\/about-us-2\/"},"modified":"2024-02-14T13:35:44","modified_gmt":"2024-02-14T11:35:44","slug":"nas","status":"publish","type":"page","link":"https:\/\/www.skamet.ee\/pl\/nas\/","title":{"rendered":"O nas"},"content":{"rendered":"<h3><strong>MEIST<\/strong><\/h3>\n<p style=\"text-align: justify;\"><span style=\"font-size: small;\">Skameti br\u00e4nd on Eesti turul \u00fcks tuntumaid puuk\u00fcttega saunaahjude valmistaja. Meie p\u00f5hitoodangu hulka kuuluvad: saunaahjud (terasest ja v\u00f5rkkorpusega), veeboilerid, kuumsuitsuahjud, suitsutorud, lihavannid, l\u00f5kkealused jne. <\/span><span style=\"font-size: small;\">Lisaks enda toodangu tootmisele pakume erinevaid metallt\u00f6\u00f6dega seotud teenuseid. Ettev\u00f5te omab masinaparki, mis v\u00f5imaldab kliendile pakkuda teenuseid erinevateks metallit\u00f6\u00f6deks. Peamiselt tegeleme metall detailide valmistamisega: painutamine, valtsimine ja keevitust\u00f6\u00f6d. O\u00dc Skamet asutati 2006. aastal, mil osteti \u00e4ra juba aastaid turul tegutsenud H\u00e4rma Metall O\u00dc. Ettev\u00f5te p\u00f5hineb 100% Eesti kapitalil.<\/span><\/p>\n<p style=\"text-align: justify;\"><span style=\"font-size: small;\">Tootmishooned paiknevad aadressil Savi 9, P\u00e4rnus.\u00a0 Tegutsemise aastate jooksul on turule toodud uusi tooteid: v\u00f5redega saunaahjud, suitsuahjud, t\u00e4iustatud roostevaba boilereid (lisatud anood), akupaagid, veesoojendajad ja k\u00fcttepliidid. Suurem osa ettev\u00f5tte toodangust eksporditakse. Senine eksport tegevus on keskendunud p\u00f5hiliselt Soome, L\u00e4tti, Leetu ja Saksamaale. <\/span><span style=\"font-size: small;\">Aastate jooksul on tooteid eksporditud ka Belgiasse, Soome, Kanadasse, Poola, Austraaliasse ja Rootsi.\u00a0<\/span><\/p>\n<h3><strong>KVALITEEDIM\u00c4RGISED<\/strong><\/h3>\n<p style=\"text-align: justify;\"><span style=\"font-size: small;\">Ettev\u00f5te l\u00e4htub juhtimisel ISO 9001:2015 standardist. Alates 2007-st aastat on Skamet O\u00dc Eesti Kaubandus-T\u00f6\u00f6stuskoja liige. 2008ndal aastal arendati ettev\u00f5ttes v\u00e4lja tootmisohje s\u00fcsteem, mille alusel on \u00f5igus oma toodetel kasutada CE m\u00e4rki.<\/span><\/p>\n<p style=\"text-align: justify;\"><span style=\"font-size: small;\"> Skamet O\u00dc on saanud toetust EAS`ilt innovatsiooniosaku meetme raames projektile &#8222;Suitsutorude vastupidavuse testimine edaspidise arendamise eesm\u00e4rgil&#8221;. Projekti kestvus oli 01. juuli &#8211; 30. november 2011.a. ning teadmiste ja oskuste arendamise meetme raames projektile &#8222;Puutk\u00fcttega saunaahjude viimine vastavusse Euroopa Liidu standarditega&#8221;. Projekti kestvus 01. november 2011.a. &#8211; 31. jaanuar 2012.a.\u00a0<\/span><span style=\"font-size: 10pt;\">2015.-ndal aastal tunnustati ettev\u00f5tet &#8222;Gasellettev\u00f5te&#8221; tiitliga.<\/span><\/p>\n<h3><strong>MUUD TEENUSED<\/strong><\/h3>\n<p style=\"text-align: justify;\"><span style=\"font-size: small;\">Lisaks enda toodangu tootmisele pakume erinevaid metallt\u00f6\u00f6dega seotud teenuseid. Valmistame tooteid eritellimuse alusel vastavalt kliendi vajadustele ja\/v\u00f5i joonistele: r\u00f5dupiirded; aiad; v\u00e4ravad; metalli detailid; reklaampostid\/raamid jne. Samuti valmistame klientidele lihtsamaid protot\u00fc\u00fcpe.<\/span><\/p>\n","protected":false},"excerpt":{"rendered":"<p>MEIST Skameti br\u00e4nd on Eesti turul \u00fcks tuntumaid puuk\u00fcttega saunaahjude valmistaja. Meie p\u00f5hitoodangu hulka kuuluvad: saunaahjud (terasest ja v\u00f5rkkorpusega), veeboilerid,<\/p>\n","protected":false},"author":2,"featured_media":0,"parent":0,"menu_order":0,"comment_status":"closed","ping_status":"closed","template":"","meta":{"_lmt_disableupdate":"","_lmt_disable":"","footnotes":""},"class_list":["post-3568","page","type-page","status-publish","hentry"],"yoast_head":"<!-- This site is optimized with the Yoast SEO plugin v27.0 - https:\/\/yoast.com\/product\/yoast-seo-wordpress\/ -->\n<title>O nas - Skamet<\/title>\n<meta name=\"robots\" content=\"index, follow, max-snippet:-1, max-image-preview:large, max-video-preview:-1\" \/>\n<link rel=\"canonical\" href=\"https:\/\/www.skamet.ee\/pl\/nas\/\" \/>\n<meta property=\"og:locale\" content=\"pl_PL\" \/>\n<meta property=\"og:type\" content=\"article\" \/>\n<meta property=\"og:title\" content=\"O nas - Skamet\" \/>\n<meta property=\"og:description\" content=\"MEIST Skameti br\u00e4nd on Eesti turul \u00fcks tuntumaid puuk\u00fcttega saunaahjude valmistaja. Meie p\u00f5hitoodangu hulka kuuluvad: saunaahjud (terasest ja v\u00f5rkkorpusega), veeboilerid,\" \/>\n<meta property=\"og:url\" content=\"https:\/\/www.skamet.ee\/pl\/nas\/\" \/>\n<meta property=\"og:site_name\" content=\"Skamet\" \/>\n<meta property=\"article:modified_time\" content=\"2024-02-14T11:35:44+00:00\" \/>\n<meta name=\"twitter:card\" content=\"summary_large_image\" \/>\n<meta name=\"twitter:label1\" content=\"Szacowany czas czytania\" \/>\n\t<meta name=\"twitter:data1\" content=\"2 minuty\" \/>\n<script type=\"application\/ld+json\" class=\"yoast-schema-graph\">{\"@context\":\"https:\/\/schema.org\",\"@graph\":[{\"@type\":\"WebPage\",\"@id\":\"https:\/\/www.skamet.ee\/pl\/nas\/\",\"url\":\"https:\/\/www.skamet.ee\/pl\/nas\/\",\"name\":\"O nas - Skamet\",\"isPartOf\":{\"@id\":\"https:\/\/www.skamet.ee\/#website\"},\"datePublished\":\"2013-10-16T08:04:33+00:00\",\"dateModified\":\"2024-02-14T11:35:44+00:00\",\"breadcrumb\":{\"@id\":\"https:\/\/www.skamet.ee\/pl\/nas\/#breadcrumb\"},\"inLanguage\":\"pl-PL\",\"potentialAction\":[{\"@type\":\"ReadAction\",\"target\":[\"https:\/\/www.skamet.ee\/pl\/nas\/\"]}]},{\"@type\":\"BreadcrumbList\",\"@id\":\"https:\/\/www.skamet.ee\/pl\/nas\/#breadcrumb\",\"itemListElement\":[{\"@type\":\"ListItem\",\"position\":1,\"name\":\"Home\",\"item\":\"https:\/\/www.skamet.ee\/\"},{\"@type\":\"ListItem\",\"position\":2,\"name\":\"O nas\"}]},{\"@type\":\"WebSite\",\"@id\":\"https:\/\/www.skamet.ee\/#website\",\"url\":\"https:\/\/www.skamet.ee\/\",\"name\":\"Skamet O\u00dc\",\"description\":\"Efektiivsed puuk\u00fcttega saunaahjud Eesti tootjalt\",\"publisher\":{\"@id\":\"https:\/\/www.skamet.ee\/#organization\"},\"potentialAction\":[{\"@type\":\"SearchAction\",\"target\":{\"@type\":\"EntryPoint\",\"urlTemplate\":\"https:\/\/www.skamet.ee\/?s={search_term_string}\"},\"query-input\":{\"@type\":\"PropertyValueSpecification\",\"valueRequired\":true,\"valueName\":\"search_term_string\"}}],\"inLanguage\":\"pl-PL\"},{\"@type\":\"Organization\",\"@id\":\"https:\/\/www.skamet.ee\/#organization\",\"name\":\"Skamet\",\"url\":\"https:\/\/www.skamet.ee\/\",\"logo\":{\"@type\":\"ImageObject\",\"inLanguage\":\"pl-PL\",\"@id\":\"https:\/\/www.skamet.ee\/#\/schema\/logo\/image\/\",\"url\":\"https:\/\/www.skamet.ee\/wp-content\/uploads\/2024\/02\/logo-pl.jpg\",\"contentUrl\":\"https:\/\/www.skamet.ee\/wp-content\/uploads\/2024\/02\/logo-pl.jpg\",\"width\":300,\"height\":127,\"caption\":\"Skamet\"},\"image\":{\"@id\":\"https:\/\/www.skamet.ee\/#\/schema\/logo\/image\/\"}}]}<\/script>\n<!-- \/ Yoast SEO plugin. -->","yoast_head_json":{"title":"O nas - Skamet","robots":{"index":"index","follow":"follow","max-snippet":"max-snippet:-1","max-image-preview":"max-image-preview:large","max-video-preview":"max-video-preview:-1"},"canonical":"https:\/\/www.skamet.ee\/pl\/nas\/","og_locale":"pl_PL","og_type":"article","og_title":"O nas - Skamet","og_description":"MEIST Skameti br\u00e4nd on Eesti turul \u00fcks tuntumaid puuk\u00fcttega saunaahjude valmistaja. Meie p\u00f5hitoodangu hulka kuuluvad: saunaahjud (terasest ja v\u00f5rkkorpusega), veeboilerid,","og_url":"https:\/\/www.skamet.ee\/pl\/nas\/","og_site_name":"Skamet","article_modified_time":"2024-02-14T11:35:44+00:00","twitter_card":"summary_large_image","twitter_misc":{"Szacowany czas czytania":"2 minuty"},"schema":{"@context":"https:\/\/schema.org","@graph":[{"@type":"WebPage","@id":"https:\/\/www.skamet.ee\/pl\/nas\/","url":"https:\/\/www.skamet.ee\/pl\/nas\/","name":"O nas - Skamet","isPartOf":{"@id":"https:\/\/www.skamet.ee\/#website"},"datePublished":"2013-10-16T08:04:33+00:00","dateModified":"2024-02-14T11:35:44+00:00","breadcrumb":{"@id":"https:\/\/www.skamet.ee\/pl\/nas\/#breadcrumb"},"inLanguage":"pl-PL","potentialAction":[{"@type":"ReadAction","target":["https:\/\/www.skamet.ee\/pl\/nas\/"]}]},{"@type":"BreadcrumbList","@id":"https:\/\/www.skamet.ee\/pl\/nas\/#breadcrumb","itemListElement":[{"@type":"ListItem","position":1,"name":"Home","item":"https:\/\/www.skamet.ee\/"},{"@type":"ListItem","position":2,"name":"O nas"}]},{"@type":"WebSite","@id":"https:\/\/www.skamet.ee\/#website","url":"https:\/\/www.skamet.ee\/","name":"Skamet O\u00dc","description":"Efektiivsed puuk\u00fcttega saunaahjud Eesti tootjalt","publisher":{"@id":"https:\/\/www.skamet.ee\/#organization"},"potentialAction":[{"@type":"SearchAction","target":{"@type":"EntryPoint","urlTemplate":"https:\/\/www.skamet.ee\/?s={search_term_string}"},"query-input":{"@type":"PropertyValueSpecification","valueRequired":true,"valueName":"search_term_string"}}],"inLanguage":"pl-PL"},{"@type":"Organization","@id":"https:\/\/www.skamet.ee\/#organization","name":"Skamet","url":"https:\/\/www.skamet.ee\/","logo":{"@type":"ImageObject","inLanguage":"pl-PL","@id":"https:\/\/www.skamet.ee\/#\/schema\/logo\/image\/","url":"https:\/\/www.skamet.ee\/wp-content\/uploads\/2024\/02\/logo-pl.jpg","contentUrl":"https:\/\/www.skamet.ee\/wp-content\/uploads\/2024\/02\/logo-pl.jpg","width":300,"height":127,"caption":"Skamet"},"image":{"@id":"https:\/\/www.skamet.ee\/#\/schema\/logo\/image\/"}}]}},"_links":{"self":[{"href":"https:\/\/www.skamet.ee\/pl\/wp-json\/wp\/v2\/pages\/3568","targetHints":{"allow":["GET"]}}],"collection":[{"href":"https:\/\/www.skamet.ee\/pl\/wp-json\/wp\/v2\/pages"}],"about":[{"href":"https:\/\/www.skamet.ee\/pl\/wp-json\/wp\/v2\/types\/page"}],"author":[{"embeddable":true,"href":"https:\/\/www.skamet.ee\/pl\/wp-json\/wp\/v2\/users\/2"}],"replies":[{"embeddable":true,"href":"https:\/\/www.skamet.ee\/pl\/wp-json\/wp\/v2\/comments?post=3568"}],"version-history":[{"count":5,"href":"https:\/\/www.skamet.ee\/pl\/wp-json\/wp\/v2\/pages\/3568\/revisions"}],"predecessor-version":[{"id":43218,"href":"https:\/\/www.skamet.ee\/pl\/wp-json\/wp\/v2\/pages\/3568\/revisions\/43218"}],"wp:attachment":[{"href":"https:\/\/www.skamet.ee\/pl\/wp-json\/wp\/v2\/media?parent=3568"}],"curies":[{"name":"wp","href":"https:\/\/api.w.org\/{rel}","templated":true}]}}