{"id":3584,"date":"2013-11-26T06:44:25","date_gmt":"2013-11-26T06:44:25","guid":{"rendered":"http:\/\/skamet.ee\/sauna-stoves-4\/"},"modified":"2015-06-18T13:08:06","modified_gmt":"2015-06-18T13:08:06","slug":"piece-sauny","status":"publish","type":"page","link":"https:\/\/www.skamet.ee\/pl\/piece-sauny\/","title":{"rendered":"Piece do sauny"},"content":{"rendered":"<p><span style=\"font-size: 10pt;\">Wszystkie piece do sauny Skamet O\u00dc s\u0105 produkowane w Estonii i s\u0105 zgodne z norm\u0105 europejsk\u0105 EN 15821:2010.<br \/>\nWydajno\u015b\u0107 grzejnik\u00f3w firmy Skamet wynosi ponad 70%, przewy\u017cszaj\u0105c standardowe wymagania w Unii Europejskiej (50%). Ten wynik osi\u0105gany jest dzi\u0119ki wbudowanemu kana\u0142owi spalinowemu, kt\u00f3ry zapobiega zbyt szybkiemu wydostawaniu si\u0119 ciep\u0142a z komina. Dlatego te\u017c wszystkie nasze produkty wyposa\u017cone s\u0105 w kana\u0142y spalinowe, kt\u00f3re powstrzymuj\u0105 p\u0142omienie, nie pozwalaj\u0105c im na przedostanie si\u0119 do przewodu kominowego. Je\u017celi sauna posiada prawid\u0142ow\u0105 izolacj\u0119 i dobrany zosta\u0142 odpowiedni do niej grzejnik, mo\u017cna mie\u0107 pewno\u015b\u0107, \u017ce na wysoko\u015bci \u0142awy sauny temperatur\u0119 100 \u02da\u0421 osi\u0105gnie si\u0119 w czasie od 30 minut do 1,5 godziny. W przypadku, gdy sauna u\u017cywana jest odpowiednio z jej przeznaczeniem, przeci\u0119tny cykl \u017cycia urz\u0105dzenia firmy Skamet wynosi 8-12 lat.<\/span><\/p>\n<p><span style=\"font-size: 10pt;\">Mamy do zaoferowania rozmaite piece do sauny:<\/span><br \/>\n<span style=\"font-size: 10pt;\"> &gt;\u00a0 piec do mniejszej (&gt; 8 m\u00b3) lub wi\u0119kszej (do 25 m\u00b3) sauny;<br \/>\n&gt; \u00a0z funkcj\u0105 ogrzewania z tego samego pomieszczenia lub poprzez \u015bcian\u0119;<br \/>\n&gt;\u00a0 piec w metalowej obudowie lub w os\u0142onie siatkowej;<br \/>\n&gt;\u00a0 z p\u0142aszczem wodnym (mo\u017cliwo\u015b\u0107 pod\u0142\u0105czenia do zbiornika wodnego) lub bez;<br \/>\n&gt;\u00a0 z mo\u017cliwo\u015bci\u0105 wstawienia drzwi szklanych lub bez.<\/span><\/p>\n","protected":false},"excerpt":{"rendered":"<p>Wszystkie piece do sauny Skamet O\u00dc s\u0105 produkowane w Estonii i s\u0105 zgodne z norm\u0105 europejsk\u0105 EN 15821:2010. Wydajno\u015b\u0107 grzejnik\u00f3w<\/p>\n","protected":false},"author":2,"featured_media":0,"parent":0,"menu_order":0,"comment_status":"closed","ping_status":"closed","template":"","meta":{"_lmt_disableupdate":"","_lmt_disable":"","footnotes":""},"class_list":["post-3584","page","type-page","status-publish","hentry"],"yoast_head":"<!-- This site is optimized with the Yoast SEO plugin v27.0 - https:\/\/yoast.com\/product\/yoast-seo-wordpress\/ -->\n<title>Piece do sauny - Skamet<\/title>\n<meta name=\"robots\" content=\"index, follow, max-snippet:-1, max-image-preview:large, max-video-preview:-1\" \/>\n<link rel=\"canonical\" href=\"https:\/\/www.skamet.ee\/saunaahjud\/\" \/>\n<meta property=\"og:locale\" content=\"pl_PL\" \/>\n<meta property=\"og:type\" content=\"article\" \/>\n<meta property=\"og:title\" content=\"Piece do sauny - Skamet\" \/>\n<meta property=\"og:description\" content=\"Wszystkie piece do sauny Skamet O\u00dc s\u0105 produkowane w Estonii i s\u0105 zgodne z norm\u0105 europejsk\u0105 EN 15821:2010. Wydajno\u015b\u0107 grzejnik\u00f3w\" \/>\n<meta property=\"og:url\" content=\"https:\/\/www.skamet.ee\/saunaahjud\/\" \/>\n<meta property=\"og:site_name\" content=\"Skamet\" \/>\n<meta property=\"article:modified_time\" content=\"2015-06-18T13:08:06+00:00\" \/>\n<meta name=\"twitter:card\" content=\"summary_large_image\" \/>\n<meta name=\"twitter:label1\" content=\"Szacowany czas czytania\" \/>\n\t<meta name=\"twitter:data1\" content=\"1 minuta\" \/>\n<script type=\"application\/ld+json\" class=\"yoast-schema-graph\">{\"@context\":\"https:\/\/schema.org\",\"@graph\":[{\"@type\":\"WebPage\",\"@id\":\"https:\/\/www.skamet.ee\/saunaahjud\/\",\"url\":\"https:\/\/www.skamet.ee\/saunaahjud\/\",\"name\":\"Piece do sauny - Skamet\",\"isPartOf\":{\"@id\":\"https:\/\/www.skamet.ee\/#website\"},\"datePublished\":\"2013-11-26T06:44:25+00:00\",\"dateModified\":\"2015-06-18T13:08:06+00:00\",\"breadcrumb\":{\"@id\":\"https:\/\/www.skamet.ee\/saunaahjud\/#breadcrumb\"},\"inLanguage\":\"pl-PL\",\"potentialAction\":[{\"@type\":\"ReadAction\",\"target\":[\"https:\/\/www.skamet.ee\/saunaahjud\/\"]}]},{\"@type\":\"BreadcrumbList\",\"@id\":\"https:\/\/www.skamet.ee\/saunaahjud\/#breadcrumb\",\"itemListElement\":[{\"@type\":\"ListItem\",\"position\":1,\"name\":\"Home\",\"item\":\"https:\/\/www.skamet.ee\/\"},{\"@type\":\"ListItem\",\"position\":2,\"name\":\"Piece do sauny\"}]},{\"@type\":\"WebSite\",\"@id\":\"https:\/\/www.skamet.ee\/#website\",\"url\":\"https:\/\/www.skamet.ee\/\",\"name\":\"Skamet O\u00dc\",\"description\":\"Efektiivsed puuk\u00fcttega saunaahjud Eesti tootjalt\",\"publisher\":{\"@id\":\"https:\/\/www.skamet.ee\/#organization\"},\"potentialAction\":[{\"@type\":\"SearchAction\",\"target\":{\"@type\":\"EntryPoint\",\"urlTemplate\":\"https:\/\/www.skamet.ee\/?s={search_term_string}\"},\"query-input\":{\"@type\":\"PropertyValueSpecification\",\"valueRequired\":true,\"valueName\":\"search_term_string\"}}],\"inLanguage\":\"pl-PL\"},{\"@type\":\"Organization\",\"@id\":\"https:\/\/www.skamet.ee\/#organization\",\"name\":\"Skamet\",\"url\":\"https:\/\/www.skamet.ee\/\",\"logo\":{\"@type\":\"ImageObject\",\"inLanguage\":\"pl-PL\",\"@id\":\"https:\/\/www.skamet.ee\/#\/schema\/logo\/image\/\",\"url\":\"https:\/\/www.skamet.ee\/wp-content\/uploads\/2024\/02\/logo-pl.jpg\",\"contentUrl\":\"https:\/\/www.skamet.ee\/wp-content\/uploads\/2024\/02\/logo-pl.jpg\",\"width\":300,\"height\":127,\"caption\":\"Skamet\"},\"image\":{\"@id\":\"https:\/\/www.skamet.ee\/#\/schema\/logo\/image\/\"}}]}<\/script>\n<!-- \/ Yoast SEO plugin. -->","yoast_head_json":{"title":"Piece do sauny - Skamet","robots":{"index":"index","follow":"follow","max-snippet":"max-snippet:-1","max-image-preview":"max-image-preview:large","max-video-preview":"max-video-preview:-1"},"canonical":"https:\/\/www.skamet.ee\/saunaahjud\/","og_locale":"pl_PL","og_type":"article","og_title":"Piece do sauny - Skamet","og_description":"Wszystkie piece do sauny Skamet O\u00dc s\u0105 produkowane w Estonii i s\u0105 zgodne z norm\u0105 europejsk\u0105 EN 15821:2010. Wydajno\u015b\u0107 grzejnik\u00f3w","og_url":"https:\/\/www.skamet.ee\/saunaahjud\/","og_site_name":"Skamet","article_modified_time":"2015-06-18T13:08:06+00:00","twitter_card":"summary_large_image","twitter_misc":{"Szacowany czas czytania":"1 minuta"},"schema":{"@context":"https:\/\/schema.org","@graph":[{"@type":"WebPage","@id":"https:\/\/www.skamet.ee\/saunaahjud\/","url":"https:\/\/www.skamet.ee\/saunaahjud\/","name":"Piece do sauny - Skamet","isPartOf":{"@id":"https:\/\/www.skamet.ee\/#website"},"datePublished":"2013-11-26T06:44:25+00:00","dateModified":"2015-06-18T13:08:06+00:00","breadcrumb":{"@id":"https:\/\/www.skamet.ee\/saunaahjud\/#breadcrumb"},"inLanguage":"pl-PL","potentialAction":[{"@type":"ReadAction","target":["https:\/\/www.skamet.ee\/saunaahjud\/"]}]},{"@type":"BreadcrumbList","@id":"https:\/\/www.skamet.ee\/saunaahjud\/#breadcrumb","itemListElement":[{"@type":"ListItem","position":1,"name":"Home","item":"https:\/\/www.skamet.ee\/"},{"@type":"ListItem","position":2,"name":"Piece do sauny"}]},{"@type":"WebSite","@id":"https:\/\/www.skamet.ee\/#website","url":"https:\/\/www.skamet.ee\/","name":"Skamet O\u00dc","description":"Efektiivsed puuk\u00fcttega saunaahjud Eesti tootjalt","publisher":{"@id":"https:\/\/www.skamet.ee\/#organization"},"potentialAction":[{"@type":"SearchAction","target":{"@type":"EntryPoint","urlTemplate":"https:\/\/www.skamet.ee\/?s={search_term_string}"},"query-input":{"@type":"PropertyValueSpecification","valueRequired":true,"valueName":"search_term_string"}}],"inLanguage":"pl-PL"},{"@type":"Organization","@id":"https:\/\/www.skamet.ee\/#organization","name":"Skamet","url":"https:\/\/www.skamet.ee\/","logo":{"@type":"ImageObject","inLanguage":"pl-PL","@id":"https:\/\/www.skamet.ee\/#\/schema\/logo\/image\/","url":"https:\/\/www.skamet.ee\/wp-content\/uploads\/2024\/02\/logo-pl.jpg","contentUrl":"https:\/\/www.skamet.ee\/wp-content\/uploads\/2024\/02\/logo-pl.jpg","width":300,"height":127,"caption":"Skamet"},"image":{"@id":"https:\/\/www.skamet.ee\/#\/schema\/logo\/image\/"}}]}},"_links":{"self":[{"href":"https:\/\/www.skamet.ee\/pl\/wp-json\/wp\/v2\/pages\/3584","targetHints":{"allow":["GET"]}}],"collection":[{"href":"https:\/\/www.skamet.ee\/pl\/wp-json\/wp\/v2\/pages"}],"about":[{"href":"https:\/\/www.skamet.ee\/pl\/wp-json\/wp\/v2\/types\/page"}],"author":[{"embeddable":true,"href":"https:\/\/www.skamet.ee\/pl\/wp-json\/wp\/v2\/users\/2"}],"replies":[{"embeddable":true,"href":"https:\/\/www.skamet.ee\/pl\/wp-json\/wp\/v2\/comments?post=3584"}],"version-history":[{"count":1,"href":"https:\/\/www.skamet.ee\/pl\/wp-json\/wp\/v2\/pages\/3584\/revisions"}],"predecessor-version":[{"id":4017,"href":"https:\/\/www.skamet.ee\/pl\/wp-json\/wp\/v2\/pages\/3584\/revisions\/4017"}],"wp:attachment":[{"href":"https:\/\/www.skamet.ee\/pl\/wp-json\/wp\/v2\/media?parent=3584"}],"curies":[{"name":"wp","href":"https:\/\/api.w.org\/{rel}","templated":true}]}}