{"id":3630,"date":"2013-11-26T13:30:27","date_gmt":"2013-11-26T13:30:27","guid":{"rendered":"http:\/\/skamet.ee\/piece-sauny\/stove-net-casing\/"},"modified":"2016-02-18T12:12:27","modified_gmt":"2016-02-18T12:12:27","slug":"piec-w-oslonie-siatkowej","status":"publish","type":"page","link":"https:\/\/www.skamet.ee\/pl\/piece-sauny\/piec-w-oslonie-siatkowej\/","title":{"rendered":"Piec w os\u0142onie siatkowej"},"content":{"rendered":"<p><span style=\"font-size: 10pt;\">Piece w os\u0142onie siatkowej produkujemy od 2006 roku.\u00a0<\/span><span style=\"font-size: 10pt;\">Odpowiednio dobrany do sauny piec (zgodnie z rozmiarem \u0142awy w saunie oraz innymi parametrami, bez zbiornika na wod\u0119) mo\u017ce zosta\u0107 nagrzany w ci\u0105gu oko\u0142o 60-90 min. (w przypadku nagrzewania zbiornika z wod\u0105 potrzeba wi\u0119cej czasu, w zale\u017cno\u015bci od jego rozmiaru). Czas ten wystarcza do nagrzania \u0142awy w saunie do 100 stopni. Istotne s\u0105 r\u00f3wnie\u017c nawiew \u015bwie\u017cego powietrza i\u00a0odprowadzenie powietrza zu\u017cytego.<\/span><\/p>\n<table border=\"0\">\n<tbody>\n<tr>\n<td>\n<h4><strong><a href=\"https:\/\/www.skamet.ee\/pl\/piece-sauny\/piec-w-oslonie-siatkowej\/piece-sauny-ogrzewane-tego-samego-pomieszczenia\/\">\u00bb\u00a0Piece do sauny ogrzewane z tego samego pomieszczenia<\/a><br \/>\n<\/strong><\/h4>\n<\/td>\n<td>\n<h4><strong><a href=\"https:\/\/www.skamet.ee\/pl\/piece-sauny\/piec-w-oslonie-siatkowej\/piece-opalane-z-zewnatrz-sauny\/\">\u00a0\u00bb\u00a0Piece opalane z zewn\u0105trz sauny<\/a><a href=\"https:\/\/www.skamet.ee\/en\/sauna-stoves\/stove-net-casing\/other-room\/\"> <b>\u00a0<\/b><\/a><br \/>\n<\/strong><\/h4>\n<\/td>\n<\/tr>\n<tr>\n<td><a href=\"https:\/\/www.skamet.ee\/saunaahjud\/vorkkorpusega\/samast-ruumist-koetavad\/\"><img loading=\"lazy\" decoding=\"async\" class=\"alignnone size-full wp-image-31741\" src=\"https:\/\/www.skamet.ee\/wp-content\/uploads\/2016\/01\/v\u00f5rkkestaga-samast-ruumist-1.jpg\" alt=\"v\u00f5rkkestaga samast ruumist\" width=\"150\" height=\"150\" srcset=\"https:\/\/www.skamet.ee\/wp-content\/uploads\/2016\/01\/v\u00f5rkkestaga-samast-ruumist-1.jpg 150w, https:\/\/www.skamet.ee\/wp-content\/uploads\/2016\/01\/v\u00f5rkkestaga-samast-ruumist-1-100x100.jpg 100w, https:\/\/www.skamet.ee\/wp-content\/uploads\/2016\/01\/v\u00f5rkkestaga-samast-ruumist-1-40x40.jpg 40w, https:\/\/www.skamet.ee\/wp-content\/uploads\/2016\/01\/v\u00f5rkkestaga-samast-ruumist-1-85x85.jpg 85w, https:\/\/www.skamet.ee\/wp-content\/uploads\/2016\/01\/v\u00f5rkkestaga-samast-ruumist-1-60x60.jpg 60w\" sizes=\"auto, (max-width: 150px) 100vw, 150px\" \/><\/a><\/td>\n<td><a href=\"https:\/\/www.skamet.ee\/saunaahjud\/vorkkorpusega\/teisest-ruumist-koetavad\/\"><img loading=\"lazy\" decoding=\"async\" class=\"alignnone size-full wp-image-31712\" src=\"https:\/\/www.skamet.ee\/wp-content\/uploads\/2013\/03\/v\u00f5rkkorpusega-teisest-ruumist.jpg\" alt=\"v\u00f5rkkorpusega teisest ruumist\" width=\"150\" height=\"150\" srcset=\"https:\/\/www.skamet.ee\/wp-content\/uploads\/2013\/03\/v\u00f5rkkorpusega-teisest-ruumist.jpg 150w, https:\/\/www.skamet.ee\/wp-content\/uploads\/2013\/03\/v\u00f5rkkorpusega-teisest-ruumist-100x100.jpg 100w, https:\/\/www.skamet.ee\/wp-content\/uploads\/2013\/03\/v\u00f5rkkorpusega-teisest-ruumist-40x40.jpg 40w, https:\/\/www.skamet.ee\/wp-content\/uploads\/2013\/03\/v\u00f5rkkorpusega-teisest-ruumist-85x85.jpg 85w, https:\/\/www.skamet.ee\/wp-content\/uploads\/2013\/03\/v\u00f5rkkorpusega-teisest-ruumist-60x60.jpg 60w\" sizes=\"auto, (max-width: 150px) 100vw, 150px\" \/><\/a><\/td>\n<\/tr>\n<tr>\n<td><\/td>\n<td><\/td>\n<\/tr>\n<tr>\n<td><span style=\"font-size: 10pt;\">Zobacz wi\u0119cej<\/span><\/p>\n<ul>\n<li><span style=\"font-size: 10pt;\"><a href=\"https:\/\/www.skamet.ee\/pl\/piece-sauny\/piec-do-sauny-z-metalowa-obudowa\/?lang=pl\" target=\"_blank\"><strong>Piec do sauny z metalow\u0105 obudow\u0105<\/strong><\/a><\/span><\/li>\n<li><span style=\"font-size: 10pt;\"><a href=\"https:\/\/www.skamet.ee\/en\/sauna-stoves\/customized-sauna-stoves\/\" target=\"_blank\"><strong>Niestandardowe piece wykonywane na zam\u00f3wienie<\/strong><\/a><\/span><\/li>\n<li><span style=\"font-size: 10pt;\"><strong><a href=\"https:\/\/www.skamet.ee\/en\/sauna-stoves\/accessories\/\" target=\"_blank\">Akcesoria dla piec\u00f3w do sauny<\/a><\/strong><\/span><\/li>\n<\/ul>\n<\/td>\n<td><\/td>\n<\/tr>\n<\/tbody>\n<\/table>\n","protected":false},"excerpt":{"rendered":"<p>Piece w os\u0142onie siatkowej produkujemy od 2006 roku.\u00a0Odpowiednio dobrany do sauny piec (zgodnie z rozmiarem \u0142awy w saunie oraz innymi<\/p>\n","protected":false},"author":2,"featured_media":31712,"parent":3584,"menu_order":1,"comment_status":"closed","ping_status":"open","template":"","meta":{"_lmt_disableupdate":"","_lmt_disable":"","footnotes":""},"class_list":["post-3630","page","type-page","status-publish","has-post-thumbnail","hentry"],"yoast_head":"<!-- This site is optimized with the Yoast SEO plugin v27.0 - https:\/\/yoast.com\/product\/yoast-seo-wordpress\/ -->\n<title>Piec w os\u0142onie siatkowej - Skamet<\/title>\n<meta name=\"robots\" content=\"index, follow, max-snippet:-1, max-image-preview:large, max-video-preview:-1\" \/>\n<link rel=\"canonical\" href=\"https:\/\/www.skamet.ee\/pl\/piece-sauny\/piec-w-oslonie-siatkowej\/\" \/>\n<meta property=\"og:locale\" content=\"pl_PL\" \/>\n<meta property=\"og:type\" content=\"article\" \/>\n<meta property=\"og:title\" content=\"Piec w os\u0142onie siatkowej - Skamet\" \/>\n<meta property=\"og:description\" content=\"Piece w os\u0142onie siatkowej produkujemy od 2006 roku.\u00a0Odpowiednio dobrany do sauny piec (zgodnie z rozmiarem \u0142awy w saunie oraz innymi\" \/>\n<meta property=\"og:url\" content=\"https:\/\/www.skamet.ee\/pl\/piece-sauny\/piec-w-oslonie-siatkowej\/\" \/>\n<meta property=\"og:site_name\" content=\"Skamet\" \/>\n<meta property=\"article:modified_time\" content=\"2016-02-18T12:12:27+00:00\" \/>\n<meta property=\"og:image\" content=\"https:\/\/www.skamet.ee\/wp-content\/uploads\/2013\/03\/v\u00f5rkkorpusega-teisest-ruumist.jpg\" \/>\n\t<meta property=\"og:image:width\" content=\"150\" \/>\n\t<meta property=\"og:image:height\" content=\"150\" \/>\n\t<meta property=\"og:image:type\" content=\"image\/jpeg\" \/>\n<meta name=\"twitter:card\" content=\"summary_large_image\" \/>\n<meta name=\"twitter:label1\" content=\"Szacowany czas czytania\" \/>\n\t<meta name=\"twitter:data1\" content=\"1 minuta\" \/>\n<script type=\"application\/ld+json\" class=\"yoast-schema-graph\">{\"@context\":\"https:\/\/schema.org\",\"@graph\":[{\"@type\":\"WebPage\",\"@id\":\"https:\/\/www.skamet.ee\/pl\/piece-sauny\/piec-w-oslonie-siatkowej\/\",\"url\":\"https:\/\/www.skamet.ee\/pl\/piece-sauny\/piec-w-oslonie-siatkowej\/\",\"name\":\"Piec w os\u0142onie siatkowej - Skamet\",\"isPartOf\":{\"@id\":\"https:\/\/www.skamet.ee\/#website\"},\"primaryImageOfPage\":{\"@id\":\"https:\/\/www.skamet.ee\/pl\/piece-sauny\/piec-w-oslonie-siatkowej\/#primaryimage\"},\"image\":{\"@id\":\"https:\/\/www.skamet.ee\/pl\/piece-sauny\/piec-w-oslonie-siatkowej\/#primaryimage\"},\"thumbnailUrl\":\"https:\/\/www.skamet.ee\/wp-content\/uploads\/2013\/03\/v\u00f5rkkorpusega-teisest-ruumist.jpg\",\"datePublished\":\"2013-11-26T13:30:27+00:00\",\"dateModified\":\"2016-02-18T12:12:27+00:00\",\"breadcrumb\":{\"@id\":\"https:\/\/www.skamet.ee\/pl\/piece-sauny\/piec-w-oslonie-siatkowej\/#breadcrumb\"},\"inLanguage\":\"pl-PL\",\"potentialAction\":[{\"@type\":\"ReadAction\",\"target\":[\"https:\/\/www.skamet.ee\/pl\/piece-sauny\/piec-w-oslonie-siatkowej\/\"]}]},{\"@type\":\"ImageObject\",\"inLanguage\":\"pl-PL\",\"@id\":\"https:\/\/www.skamet.ee\/pl\/piece-sauny\/piec-w-oslonie-siatkowej\/#primaryimage\",\"url\":\"https:\/\/www.skamet.ee\/wp-content\/uploads\/2013\/03\/v\u00f5rkkorpusega-teisest-ruumist.jpg\",\"contentUrl\":\"https:\/\/www.skamet.ee\/wp-content\/uploads\/2013\/03\/v\u00f5rkkorpusega-teisest-ruumist.jpg\",\"width\":150,\"height\":150,\"caption\":\"v\u00f5rkkorpusega teisest ruumist\"},{\"@type\":\"BreadcrumbList\",\"@id\":\"https:\/\/www.skamet.ee\/pl\/piece-sauny\/piec-w-oslonie-siatkowej\/#breadcrumb\",\"itemListElement\":[{\"@type\":\"ListItem\",\"position\":1,\"name\":\"Home\",\"item\":\"https:\/\/www.skamet.ee\/\"},{\"@type\":\"ListItem\",\"position\":2,\"name\":\"Piece do sauny\",\"item\":\"https:\/\/www.skamet.ee\/saunaahjud\/\"},{\"@type\":\"ListItem\",\"position\":3,\"name\":\"Piec w os\u0142onie siatkowej\"}]},{\"@type\":\"WebSite\",\"@id\":\"https:\/\/www.skamet.ee\/#website\",\"url\":\"https:\/\/www.skamet.ee\/\",\"name\":\"Skamet O\u00dc\",\"description\":\"Efektiivsed puuk\u00fcttega saunaahjud Eesti tootjalt\",\"publisher\":{\"@id\":\"https:\/\/www.skamet.ee\/#organization\"},\"potentialAction\":[{\"@type\":\"SearchAction\",\"target\":{\"@type\":\"EntryPoint\",\"urlTemplate\":\"https:\/\/www.skamet.ee\/?s={search_term_string}\"},\"query-input\":{\"@type\":\"PropertyValueSpecification\",\"valueRequired\":true,\"valueName\":\"search_term_string\"}}],\"inLanguage\":\"pl-PL\"},{\"@type\":\"Organization\",\"@id\":\"https:\/\/www.skamet.ee\/#organization\",\"name\":\"Skamet\",\"url\":\"https:\/\/www.skamet.ee\/\",\"logo\":{\"@type\":\"ImageObject\",\"inLanguage\":\"pl-PL\",\"@id\":\"https:\/\/www.skamet.ee\/#\/schema\/logo\/image\/\",\"url\":\"https:\/\/www.skamet.ee\/wp-content\/uploads\/2024\/02\/logo-pl.jpg\",\"contentUrl\":\"https:\/\/www.skamet.ee\/wp-content\/uploads\/2024\/02\/logo-pl.jpg\",\"width\":300,\"height\":127,\"caption\":\"Skamet\"},\"image\":{\"@id\":\"https:\/\/www.skamet.ee\/#\/schema\/logo\/image\/\"}}]}<\/script>\n<!-- \/ Yoast SEO plugin. -->","yoast_head_json":{"title":"Piec w os\u0142onie siatkowej - Skamet","robots":{"index":"index","follow":"follow","max-snippet":"max-snippet:-1","max-image-preview":"max-image-preview:large","max-video-preview":"max-video-preview:-1"},"canonical":"https:\/\/www.skamet.ee\/pl\/piece-sauny\/piec-w-oslonie-siatkowej\/","og_locale":"pl_PL","og_type":"article","og_title":"Piec w os\u0142onie siatkowej - Skamet","og_description":"Piece w os\u0142onie siatkowej produkujemy od 2006 roku.\u00a0Odpowiednio dobrany do sauny piec (zgodnie z rozmiarem \u0142awy w saunie oraz innymi","og_url":"https:\/\/www.skamet.ee\/pl\/piece-sauny\/piec-w-oslonie-siatkowej\/","og_site_name":"Skamet","article_modified_time":"2016-02-18T12:12:27+00:00","og_image":[{"width":150,"height":150,"url":"https:\/\/www.skamet.ee\/wp-content\/uploads\/2013\/03\/v\u00f5rkkorpusega-teisest-ruumist.jpg","type":"image\/jpeg"}],"twitter_card":"summary_large_image","twitter_misc":{"Szacowany czas czytania":"1 minuta"},"schema":{"@context":"https:\/\/schema.org","@graph":[{"@type":"WebPage","@id":"https:\/\/www.skamet.ee\/pl\/piece-sauny\/piec-w-oslonie-siatkowej\/","url":"https:\/\/www.skamet.ee\/pl\/piece-sauny\/piec-w-oslonie-siatkowej\/","name":"Piec w os\u0142onie siatkowej - Skamet","isPartOf":{"@id":"https:\/\/www.skamet.ee\/#website"},"primaryImageOfPage":{"@id":"https:\/\/www.skamet.ee\/pl\/piece-sauny\/piec-w-oslonie-siatkowej\/#primaryimage"},"image":{"@id":"https:\/\/www.skamet.ee\/pl\/piece-sauny\/piec-w-oslonie-siatkowej\/#primaryimage"},"thumbnailUrl":"https:\/\/www.skamet.ee\/wp-content\/uploads\/2013\/03\/v\u00f5rkkorpusega-teisest-ruumist.jpg","datePublished":"2013-11-26T13:30:27+00:00","dateModified":"2016-02-18T12:12:27+00:00","breadcrumb":{"@id":"https:\/\/www.skamet.ee\/pl\/piece-sauny\/piec-w-oslonie-siatkowej\/#breadcrumb"},"inLanguage":"pl-PL","potentialAction":[{"@type":"ReadAction","target":["https:\/\/www.skamet.ee\/pl\/piece-sauny\/piec-w-oslonie-siatkowej\/"]}]},{"@type":"ImageObject","inLanguage":"pl-PL","@id":"https:\/\/www.skamet.ee\/pl\/piece-sauny\/piec-w-oslonie-siatkowej\/#primaryimage","url":"https:\/\/www.skamet.ee\/wp-content\/uploads\/2013\/03\/v\u00f5rkkorpusega-teisest-ruumist.jpg","contentUrl":"https:\/\/www.skamet.ee\/wp-content\/uploads\/2013\/03\/v\u00f5rkkorpusega-teisest-ruumist.jpg","width":150,"height":150,"caption":"v\u00f5rkkorpusega teisest ruumist"},{"@type":"BreadcrumbList","@id":"https:\/\/www.skamet.ee\/pl\/piece-sauny\/piec-w-oslonie-siatkowej\/#breadcrumb","itemListElement":[{"@type":"ListItem","position":1,"name":"Home","item":"https:\/\/www.skamet.ee\/"},{"@type":"ListItem","position":2,"name":"Piece do sauny","item":"https:\/\/www.skamet.ee\/saunaahjud\/"},{"@type":"ListItem","position":3,"name":"Piec w os\u0142onie siatkowej"}]},{"@type":"WebSite","@id":"https:\/\/www.skamet.ee\/#website","url":"https:\/\/www.skamet.ee\/","name":"Skamet O\u00dc","description":"Efektiivsed puuk\u00fcttega saunaahjud Eesti tootjalt","publisher":{"@id":"https:\/\/www.skamet.ee\/#organization"},"potentialAction":[{"@type":"SearchAction","target":{"@type":"EntryPoint","urlTemplate":"https:\/\/www.skamet.ee\/?s={search_term_string}"},"query-input":{"@type":"PropertyValueSpecification","valueRequired":true,"valueName":"search_term_string"}}],"inLanguage":"pl-PL"},{"@type":"Organization","@id":"https:\/\/www.skamet.ee\/#organization","name":"Skamet","url":"https:\/\/www.skamet.ee\/","logo":{"@type":"ImageObject","inLanguage":"pl-PL","@id":"https:\/\/www.skamet.ee\/#\/schema\/logo\/image\/","url":"https:\/\/www.skamet.ee\/wp-content\/uploads\/2024\/02\/logo-pl.jpg","contentUrl":"https:\/\/www.skamet.ee\/wp-content\/uploads\/2024\/02\/logo-pl.jpg","width":300,"height":127,"caption":"Skamet"},"image":{"@id":"https:\/\/www.skamet.ee\/#\/schema\/logo\/image\/"}}]}},"_links":{"self":[{"href":"https:\/\/www.skamet.ee\/pl\/wp-json\/wp\/v2\/pages\/3630","targetHints":{"allow":["GET"]}}],"collection":[{"href":"https:\/\/www.skamet.ee\/pl\/wp-json\/wp\/v2\/pages"}],"about":[{"href":"https:\/\/www.skamet.ee\/pl\/wp-json\/wp\/v2\/types\/page"}],"author":[{"embeddable":true,"href":"https:\/\/www.skamet.ee\/pl\/wp-json\/wp\/v2\/users\/2"}],"replies":[{"embeddable":true,"href":"https:\/\/www.skamet.ee\/pl\/wp-json\/wp\/v2\/comments?post=3630"}],"version-history":[{"count":5,"href":"https:\/\/www.skamet.ee\/pl\/wp-json\/wp\/v2\/pages\/3630\/revisions"}],"predecessor-version":[{"id":32747,"href":"https:\/\/www.skamet.ee\/pl\/wp-json\/wp\/v2\/pages\/3630\/revisions\/32747"}],"up":[{"embeddable":true,"href":"https:\/\/www.skamet.ee\/pl\/wp-json\/wp\/v2\/pages\/3584"}],"wp:featuredmedia":[{"embeddable":true,"href":"https:\/\/www.skamet.ee\/pl\/wp-json\/wp\/v2\/media\/31712"}],"wp:attachment":[{"href":"https:\/\/www.skamet.ee\/pl\/wp-json\/wp\/v2\/media?parent=3630"}],"curies":[{"name":"wp","href":"https:\/\/api.w.org\/{rel}","templated":true}]}}