{"id":3670,"date":"2013-11-29T10:06:48","date_gmt":"2013-11-29T10:06:48","guid":{"rendered":"http:\/\/skamet.ee\/zbiorniki-wodne-innego-przeznaczenia\/water-boilers\/"},"modified":"2016-02-25T07:39:30","modified_gmt":"2016-02-25T07:39:30","slug":"bojlery","status":"publish","type":"page","link":"https:\/\/www.skamet.ee\/pl\/zbiorniki-wodne-innego-przeznaczenia\/bojlery\/","title":{"rendered":"Bojlery"},"content":{"rendered":"<p><span style=\"font-size: 10pt;\">Standardowe bojlery podgrzewaj\u0105ce wod\u0119 produkujemy od po\u0142owy lat 90. Standardowe modele s\u0105 puste. Bojler mo\u017ce zosta\u0107 pod\u0142\u0105czony do pieca opalanego drewnem. Woda ogrzewana jest dzi\u0119ki naturalnej cyrkulacji. Bojlery ze stali nierdzewnej s\u0105 wyposa\u017cone w anody (podlegaj\u0105ce wymianie raz w roku lub cz\u0119\u015bciej, w miar\u0119 potrzeb). Wszystkie bojlery musz\u0105 by\u0107 wyposa\u017cone w zaw\u00f3r ochronny.<\/span><\/p>\n<p><span style=\"font-size: 10pt;\">Poza standardowymi modelami produkujemy r\u00f3wnie\u017c bojlery na zam\u00f3wienie klienta:<strong> z zaworem motylkowym<\/strong> lub o <strong>podw\u00f3jnych \u015bcianach<\/strong>.<\/span><\/p>\n<h3><strong>[dywp_alert style=&#8221;grey&#8221; icon=&#8221;no-icon&#8221; ] Zamkni\u0119te zbiorniki na ciep\u0142\u0105 wod\u0119 [\/dywp_alert]<\/strong><\/h3>\n<table border=\"0\">\n<tbody>\n<tr>\n<td><span style=\"font-size: 10pt;\">\u00a0<\/span><\/td>\n<td><span style=\"font-size: 10pt;\">\u015arednica standardowego bojlera to 40 oraz 45 cm. Bojlery posiadaj\u0105 4 z\u0142\u0105czki: dwie \u00bd-calowe i dwie \u00be cala.<b><br \/>\n<\/b><\/span><br \/>\n<span style=\"font-size: 10pt;\"> <strong>Wszystkie wymiary znajduj\u0105 si\u0119 w <a href=\"http:\/\/skamet.ee\/wp-content\/uploads\/2013\/12\/ENG_Boiler_2lk.pdf\" target=\"_blank\">podr\u0119cznikach u\u017cytkownika<\/a><\/strong><\/span><\/td>\n<\/tr>\n<\/tbody>\n<\/table>\n<p>\r\n\t\t\t\t\t\n\r\n\t\t\t\t\t<!-- START UNITE GALLERY 1.7.62 -->\r\n\t\t\t\t\t\r\n\t\t\t\t\n\t\t\t<div id='unitegallery_22_1' class='unite-gallery' style='margin:0px auto;'>\n\t\t\t\t\n\n\t\t\t\t\t\t<img alt=\"B-80 H1\"\n\t\t\t\t\t\t     src=\"\" data-image=\"https:\/\/www.skamet.ee\/wp-content\/plugins\/unite-gallery-lite\/images\/noimage.png\"\n\t\t\t\t\t\t     data-thumb=\"https:\/\/www.skamet.ee\/wp-content\/plugins\/unite-gallery-lite\/images\/noimage.png\"\n\t\t\t\t\t\t     title=\"\"\n\t\t\t\t\t\t     style=\"display:none\">\n\n\t\t\t\t\t\t<img alt=\"B-80 V\"\n\t\t\t\t\t\t     src=\"\" data-image=\"https:\/\/www.skamet.ee\/wp-content\/plugins\/unite-gallery-lite\/images\/noimage.png\"\n\t\t\t\t\t\t     data-thumb=\"https:\/\/www.skamet.ee\/wp-content\/plugins\/unite-gallery-lite\/images\/noimage.png\"\n\t\t\t\t\t\t     title=\"\"\n\t\t\t\t\t\t     style=\"display:none\">\n\n\t\t\t\t\t\t<img alt=\"16\"\n\t\t\t\t\t\t     src=\"\" data-image=\"https:\/\/www.skamet.ee\/wp-content\/plugins\/unite-gallery-lite\/images\/noimage.png\"\n\t\t\t\t\t\t     data-thumb=\"https:\/\/www.skamet.ee\/wp-content\/plugins\/unite-gallery-lite\/images\/noimage.png\"\n\t\t\t\t\t\t     title=\"\"\n\t\t\t\t\t\t     style=\"display:none\">\n\n\t\t\t\t\t\t<img alt=\"B-80 V (400 l\u00e4bim\u00f5\u00f5duga)\"\n\t\t\t\t\t\t     src=\"\" data-image=\"https:\/\/www.skamet.ee\/wp-content\/plugins\/unite-gallery-lite\/images\/noimage.png\"\n\t\t\t\t\t\t     data-thumb=\"https:\/\/www.skamet.ee\/wp-content\/plugins\/unite-gallery-lite\/images\/noimage.png\"\n\t\t\t\t\t\t     title=\"\"\n\t\t\t\t\t\t     style=\"display:none\">\n\t\t\t<\/div>\n\n\t\t\t<script type='text\/javascript'>\n\t\t\t\twindow.onload = function(e) {\n\t\t\t\t\tif(typeof ugCheckForErrors == \"undefined\"){\n\t\t\t\t\t\tdocument.getElementById(\"unitegallery_22_1\").innerHTML = \"<span style='color:red'>Unite Gallery Error - gallery js and css files not included in the footer. Please make sure that wp_footer() function is added to your theme.<\/span>\";}\n\t\t\t\t\telse{ ugCheckForErrors(\"unitegallery_22_1\", \"jquery\");}\n\t\t\t\t};\n\t\t\t<\/script>\n\n\t\t\t<!-- END UNITEGALLERY --><\/p>\n<table border=\"1\">\n<tbody>\n<tr>\n<td><span style=\"font-size: 10pt;\"><b><strong>Standardowe parametry produktu:<\/strong> :<\/b><\/span><\/td>\n<td><span style=\"font-size: 10pt;\"><b><strong>Opcje dodatkowe<\/strong>:<\/b><\/span><\/td>\n<\/tr>\n<tr>\n<td><span style=\"font-size: 10pt;\"><strong>\u00bb<\/strong>\u00a0boiler capacity 80 \u2013 150 litres;<\/span><br \/>\n<span style=\"font-size: 10pt;\"> <strong>\u00bb<\/strong>\u00a0\u015brednica 40 oraz 45 cm;<\/span><br \/>\n<span style=\"font-size: 10pt;\"> <strong>\u00bb<\/strong>\u00a0poziomy;<\/span><br \/>\n<span style=\"font-size: 10pt;\"> <strong>\u00bb<\/strong>\u00a0pionowy;<\/span><br \/>\n<span style=\"font-size: 10pt;\"> <strong>\u00bb<\/strong>\u00a0\u017celazo (3 mm grubo\u015bci) lub metal odporny na korozj\u0119 (2 mm grubo\u015bci).<\/span><\/td>\n<td><span style=\"font-size: 10pt;\"><strong>\u00bb<\/strong>\u00a0wi\u0119ksza lub mniejsza pojemno\u015b\u0107;<\/span><br \/>\n<span style=\"font-size: 10pt;\"> <strong>\u00bb<\/strong>\u00a0inna \u015brednica \u2013 50 cm;<\/span><br \/>\n<span style=\"font-size: 10pt;\"> <strong>\u00bb<\/strong>\u00a0bojler poziomy w zestawie z wannami w kszta\u0142cie beczki, kt\u00f3re mog\u0105 by\u0107 zamontowane w \u015bcianie, na pod\u0142odze lub pod sufitem;<\/span><br \/>\n<span style=\"font-size: 10pt;\"> <strong>\u00bb<\/strong>\u00a0pionowy bojler mocowany do \u015bciany: po lewej lub po prawej stronie;<\/span><br \/>\n<span style=\"font-size: 10pt;\"> <strong>\u00bb<\/strong>\u00a0mo\u017cliwo\u015b\u0107 wykonania z grubszego metalu.<\/span><\/td>\n<\/tr>\n<\/tbody>\n<\/table>\n<h3>\u00a0<strong>[dywp_alert style=&#8221;grey&#8221; icon=&#8221;no-icon&#8221; ] Otwarte zbiorniki na ciep\u0142\u0105 wod\u0119 [\/dywp_alert]<\/strong><\/h3>\n<table border=\"0\">\n<tbody>\n<tr>\n<td><span style=\"font-size: 10pt;\">\u00a0<\/span><\/td>\n<td><span style=\"font-size: 10pt;\">Standardowe zbiorniki na wod\u0119 maj\u0105 \u015brednic\u0119 45 cm. \u0422rzy z\u0142\u0105czki: jedna \u00bd-calowa i dwie \u00be cala.<\/span><br \/>\n<span style=\"font-size: 10pt;\"> <strong>Wszystkie wymiary znajduj\u0105 si\u0119 w <a href=\"http:\/\/skamet.ee\/wp-content\/uploads\/2013\/12\/ENG_Boiler_2lk.pdf\" target=\"_blank\">podr\u0119cznikach u\u017cytkownika<\/a><\/strong><\/span><\/td>\n<\/tr>\n<\/tbody>\n<\/table>\n<p>\r\n\t\t\t\t\t\n\r\n\t\t\t\t\t<!-- START UNITE GALLERY 1.7.62 -->\r\n\t\t\t\t\t\r\n\t\t\t\t\n\t\t\t<div id='unitegallery_23_2' class='unite-gallery' style='margin:0px auto;'>\n\t\t\t\t\n\n\t\t\t\t\t\t<img alt=\"BO-110\"\n\t\t\t\t\t\t     src=\"\" data-image=\"https:\/\/www.skamet.ee\/wp-content\/uploads\/2013\/04\/BO-110.jpg\"\n\t\t\t\t\t\t     data-thumb=\"https:\/\/www.skamet.ee\/wp-content\/uploads\/2013\/04\/BO-110-300x264.jpg\"\n\t\t\t\t\t\t     title=\"\"\n\t\t\t\t\t\t     style=\"display:none\">\n\n\t\t\t\t\t\t<img alt=\"P1090678\"\n\t\t\t\t\t\t     src=\"\" data-image=\"https:\/\/www.skamet.ee\/wp-content\/plugins\/unite-gallery-lite\/images\/noimage.png\"\n\t\t\t\t\t\t     data-thumb=\"https:\/\/www.skamet.ee\/wp-content\/plugins\/unite-gallery-lite\/images\/noimage.png\"\n\t\t\t\t\t\t     title=\"\"\n\t\t\t\t\t\t     style=\"display:none\">\n\n\t\t\t\t\t\t<img alt=\"P1090677\"\n\t\t\t\t\t\t     src=\"\" data-image=\"https:\/\/www.skamet.ee\/wp-content\/plugins\/unite-gallery-lite\/images\/noimage.png\"\n\t\t\t\t\t\t     data-thumb=\"https:\/\/www.skamet.ee\/wp-content\/plugins\/unite-gallery-lite\/images\/noimage.png\"\n\t\t\t\t\t\t     title=\"\"\n\t\t\t\t\t\t     style=\"display:none\">\n\n\t\t\t\t\t\t<img alt=\"IMG_20140701_164838_clipped_rev_1\"\n\t\t\t\t\t\t     src=\"\" data-image=\"https:\/\/www.skamet.ee\/wp-content\/plugins\/unite-gallery-lite\/images\/noimage.png\"\n\t\t\t\t\t\t     data-thumb=\"https:\/\/www.skamet.ee\/wp-content\/plugins\/unite-gallery-lite\/images\/noimage.png\"\n\t\t\t\t\t\t     title=\"\"\n\t\t\t\t\t\t     style=\"display:none\">\n\t\t\t<\/div>\n\n\n\t\t\t<!-- END UNITEGALLERY --><\/p>\n<table border=\"1\">\n<tbody>\n<tr>\n<td><span style=\"font-size: 10pt;\"><b><strong>Standardowe parametry produktu<\/strong>:<\/b><\/span><\/td>\n<td><span style=\"font-size: 10pt;\"><b><strong>Opcje dodatkowe<\/strong>:<\/b><\/span><\/td>\n<\/tr>\n<tr>\n<td><span style=\"font-size: 10pt;\"><strong>\u00bb<\/strong>\u00a0pojemno\u015b\u0107 zbiornika 80 \u2013 150 litr\u00f3w;<\/span><br \/>\n<span style=\"font-size: 10pt;\"> <strong>\u00bb<\/strong>\u00a0\u015brednica 45 cm;<\/span><br \/>\n<span style=\"font-size: 10pt;\"> <strong>\u00bb<\/strong>\u00a01 z\u0142\u0105czka \u00bd\u201d na dnie, wykorzystywana do odp\u0142ywu wody;<\/span><br \/>\n<span style=\"font-size: 10pt;\"> <strong>\u00bb<\/strong>\u00a0z n\u00f3\u017ckami: wysoko\u015b\u0107 25 cm;<\/span><br \/>\n<span style=\"font-size: 10pt;\"> <strong>\u00bb<\/strong>\u00a0z \u017celaza (3 mm grubo\u015bci) lub metalu odpornego na korozj\u0119 (2 mm grubo\u015bci).<\/span><\/td>\n<td><span style=\"font-size: 10pt;\"><strong>\u00bb<\/strong>\u00a0\u00bd\u201d z\u0142\u0105czka na dnie, stosowana do odp\u0142ywu wody;<\/span><br \/>\n<span style=\"font-size: 10pt;\"> <strong>\u00bb<\/strong>\u00a0z n\u00f3\u017ckami: wysoko\u015b\u0107 25 cm;<\/span><br \/>\n<span style=\"font-size: 10pt;\"> <strong>\u00bb<\/strong>\u00a0wi\u0119ksza lub mniejsza pojemno\u015b\u0107;;<\/span><br \/>\n<span style=\"font-size: 10pt;\"> <strong>\u00bb<\/strong>\u00a0mo\u017cliwo\u015b\u0107 wykonania z grubszego metalu.<\/span><\/td>\n<\/tr>\n<\/tbody>\n<\/table>\n<h3>\u00a0<strong>[dywp_alert style=&#8221;grey&#8221; icon=&#8221;no-icon&#8221; ] Zbiornik zainstalowany wok\u00f3\u0142 przewodu spalinowego\u00a0[\/dywp_alert]<\/strong><\/h3>\n<p><span style=\"font-size: 10pt;\"><b>Zbiornik na ciep\u0142\u0105 wod\u0119 jest produkowany w jednym rozmiarze<\/b><b>:<\/b><\/span><\/p>\n<table border=\"0\">\n<tbody>\n<tr>\n<td><span style=\"font-size: 10pt;\">\u00a0<\/span><\/td>\n<td><span style=\"font-size: 10pt;\">Zbiornik otwarty do ogrzewania wody jest zamocowany wok\u00f3\u0142 przewodu spalinowego. Woda jest podgrzewana za pomoc\u0105 gor\u0105cych spalin, wytwarzanych podczas spalania drewna, dzi\u0119ki czemu otrzymuje si\u0119 wod\u0119 do sauny. Opr\u00f3cz standardowych produkt\u00f3w oferujemy zbiorniki na zam\u00f3wienie o innych parametrach.<br \/>\n<strong>Wszystkie wymiary znajduj\u0105 si\u0119 w <a href=\"http:\/\/skamet.ee\/wp-content\/uploads\/2014\/03\/BOT-25-kasutusjuhend.pdf\" target=\"_blank\">podr\u0119cznikach u\u017cytkownika<\/a><\/strong><\/span><\/td>\n<\/tr>\n<\/tbody>\n<\/table>\n<p>\r\n\t\t\t\t\t\n\r\n\t\t\t\t\t<!-- START UNITE GALLERY 1.7.62 -->\r\n\t\t\t\t\t\r\n\t\t\t\t\n\t\t\t<div id='unitegallery_24_3' class='unite-gallery' style='margin:0px auto;'>\n\t\t\t\t\n\n\t\t\t\t\t\t<img alt=\"BOT-22 RV\"\n\t\t\t\t\t\t     src=\"\" data-image=\"https:\/\/www.skamet.ee\/wp-content\/plugins\/unite-gallery-lite\/images\/noimage.png\"\n\t\t\t\t\t\t     data-thumb=\"https:\/\/www.skamet.ee\/wp-content\/plugins\/unite-gallery-lite\/images\/noimage.png\"\n\t\t\t\t\t\t     title=\"\"\n\t\t\t\t\t\t     style=\"display:none\">\n\n\t\t\t\t\t\t<img alt=\"IMG_20140220_101637_clipped_rev_1\"\n\t\t\t\t\t\t     src=\"\" data-image=\"https:\/\/www.skamet.ee\/wp-content\/plugins\/unite-gallery-lite\/images\/noimage.png\"\n\t\t\t\t\t\t     data-thumb=\"https:\/\/www.skamet.ee\/wp-content\/plugins\/unite-gallery-lite\/images\/noimage.png\"\n\t\t\t\t\t\t     title=\"\"\n\t\t\t\t\t\t     style=\"display:none\">\n\n\t\t\t\t\t\t<img alt=\"IMG_20140220_101619_clipped_rev_1\"\n\t\t\t\t\t\t     src=\"\" data-image=\"https:\/\/www.skamet.ee\/wp-content\/plugins\/unite-gallery-lite\/images\/noimage.png\"\n\t\t\t\t\t\t     data-thumb=\"https:\/\/www.skamet.ee\/wp-content\/plugins\/unite-gallery-lite\/images\/noimage.png\"\n\t\t\t\t\t\t     title=\"\"\n\t\t\t\t\t\t     style=\"display:none\">\n\t\t\t<\/div>\n\n\n\t\t\t<!-- END UNITEGALLERY --><\/p>\n<table border=\"1\">\n<tbody>\n<tr>\n<td><span style=\"font-size: 10pt;\"><b><strong>Standardowe parametry produktu<\/strong>:<\/b><\/span><\/td>\n<td><span style=\"font-size: 10pt;\"><b><strong>Opcje dodatkowe<\/strong>:<\/b><\/span><\/td>\n<\/tr>\n<tr>\n<td><span style=\"font-size: 10pt;\"><strong>\u00bb<\/strong>\u00a0\u015brednica 30 cm, pojemno\u015b\u0107 25 litr\u00f3w;<\/span><br \/>\n<span style=\"font-size: 10pt;\"> <strong>\u00bb<\/strong>\u00a0ca\u0142kowita wysoko\u015b\u0107 razem z przewodem to 65 cm, zbiornik &#8211; 41.5 cm;<\/span><br \/>\n<span style=\"font-size: 10pt;\"> <strong>\u00bb<\/strong>\u00a0z pokryw\u0105;<\/span><br \/>\n<span style=\"font-size: 10pt;\"> <strong>\u00bb<\/strong>\u00a0wewn\u0119trzny przew\u00f3d spalinowy &#8211; \u015brednica 115 mm;<\/span><br \/>\n<span style=\"font-size: 10pt;\"> <strong>\u00bb<\/strong>\u00a01 z\u0142\u0105czka wkr\u0119tna z gwintem zewn\u0119trznym 1\/2.<\/span><\/td>\n<td><span style=\"font-size: 10pt;\"><strong>\u00bb<\/strong>\u00a0wi\u0119ksza lub mniejsza pojemno\u015b\u0107;<\/span><br \/>\n<span style=\"font-size: 10pt;\"> <strong>\u00bb<\/strong>\u00a0wy\u017cszy zbiornik;<\/span><br \/>\n<span style=\"font-size: 10pt;\"> <strong>\u00bb<\/strong>\u00a0prostok\u0105tny zbiornik;<\/span><br \/>\n<span style=\"font-size: 10pt;\"> <strong>\u00bb<\/strong>\u00a0mo\u017cliwo\u015b\u0107 wykonania z grubszego metalu.<\/span><\/td>\n<\/tr>\n<\/tbody>\n<\/table>\n","protected":false},"excerpt":{"rendered":"<p>Standardowe bojlery podgrzewaj\u0105ce wod\u0119 produkujemy od po\u0142owy lat 90. Standardowe modele s\u0105 puste. Bojler mo\u017ce zosta\u0107 pod\u0142\u0105czony do pieca opalanego<\/p>\n","protected":false},"author":2,"featured_media":18852,"parent":3664,"menu_order":0,"comment_status":"closed","ping_status":"closed","template":"","meta":{"_lmt_disableupdate":"","_lmt_disable":"","footnotes":""},"class_list":["post-3670","page","type-page","status-publish","has-post-thumbnail","hentry"],"yoast_head":"<!-- This site is optimized with the Yoast SEO plugin v27.0 - https:\/\/yoast.com\/product\/yoast-seo-wordpress\/ -->\n<title>Bojlery - Skamet<\/title>\n<meta name=\"robots\" content=\"index, follow, max-snippet:-1, max-image-preview:large, max-video-preview:-1\" \/>\n<link rel=\"canonical\" href=\"https:\/\/www.skamet.ee\/veemahutid\/veeboilerid-2\/\" \/>\n<meta property=\"og:locale\" content=\"pl_PL\" \/>\n<meta property=\"og:type\" content=\"article\" \/>\n<meta property=\"og:title\" content=\"Bojlery - Skamet\" \/>\n<meta property=\"og:description\" content=\"Standardowe bojlery podgrzewaj\u0105ce wod\u0119 produkujemy od po\u0142owy lat 90. Standardowe modele s\u0105 puste. Bojler mo\u017ce zosta\u0107 pod\u0142\u0105czony do pieca opalanego\" \/>\n<meta property=\"og:url\" content=\"https:\/\/www.skamet.ee\/veemahutid\/veeboilerid-2\/\" \/>\n<meta property=\"og:site_name\" content=\"Skamet\" \/>\n<meta property=\"article:modified_time\" content=\"2016-02-25T07:39:30+00:00\" \/>\n<meta property=\"og:image\" content=\"https:\/\/www.skamet.ee\/wp-content\/uploads\/2015\/06\/logo-uus.png\" \/>\n\t<meta property=\"og:image:width\" content=\"300\" \/>\n\t<meta property=\"og:image:height\" content=\"127\" \/>\n\t<meta property=\"og:image:type\" content=\"image\/png\" \/>\n<meta name=\"twitter:card\" content=\"summary_large_image\" \/>\n<meta name=\"twitter:label1\" content=\"Szacowany czas czytania\" \/>\n\t<meta name=\"twitter:data1\" content=\"2 minuty\" \/>\n<script type=\"application\/ld+json\" class=\"yoast-schema-graph\">{\"@context\":\"https:\/\/schema.org\",\"@graph\":[{\"@type\":\"WebPage\",\"@id\":\"https:\/\/www.skamet.ee\/veemahutid\/veeboilerid-2\/\",\"url\":\"https:\/\/www.skamet.ee\/veemahutid\/veeboilerid-2\/\",\"name\":\"Bojlery - Skamet\",\"isPartOf\":{\"@id\":\"https:\/\/www.skamet.ee\/#website\"},\"primaryImageOfPage\":{\"@id\":\"https:\/\/www.skamet.ee\/veemahutid\/veeboilerid-2\/#primaryimage\"},\"image\":{\"@id\":\"https:\/\/www.skamet.ee\/veemahutid\/veeboilerid-2\/#primaryimage\"},\"thumbnailUrl\":\"https:\/\/www.skamet.ee\/wp-content\/uploads\/2015\/06\/logo-uus.png\",\"datePublished\":\"2013-11-29T10:06:48+00:00\",\"dateModified\":\"2016-02-25T07:39:30+00:00\",\"breadcrumb\":{\"@id\":\"https:\/\/www.skamet.ee\/veemahutid\/veeboilerid-2\/#breadcrumb\"},\"inLanguage\":\"pl-PL\",\"potentialAction\":[{\"@type\":\"ReadAction\",\"target\":[\"https:\/\/www.skamet.ee\/veemahutid\/veeboilerid-2\/\"]}]},{\"@type\":\"ImageObject\",\"inLanguage\":\"pl-PL\",\"@id\":\"https:\/\/www.skamet.ee\/veemahutid\/veeboilerid-2\/#primaryimage\",\"url\":\"https:\/\/www.skamet.ee\/wp-content\/uploads\/2015\/06\/logo-uus.png\",\"contentUrl\":\"https:\/\/www.skamet.ee\/wp-content\/uploads\/2015\/06\/logo-uus.png\",\"width\":300,\"height\":127,\"caption\":\"logo uus\"},{\"@type\":\"BreadcrumbList\",\"@id\":\"https:\/\/www.skamet.ee\/veemahutid\/veeboilerid-2\/#breadcrumb\",\"itemListElement\":[{\"@type\":\"ListItem\",\"position\":1,\"name\":\"Home\",\"item\":\"https:\/\/www.skamet.ee\/\"},{\"@type\":\"ListItem\",\"position\":2,\"name\":\"Zbiorniki wodne innego przeznaczenia\",\"item\":\"https:\/\/www.skamet.ee\/veemahutid\/\"},{\"@type\":\"ListItem\",\"position\":3,\"name\":\"Bojlery\"}]},{\"@type\":\"WebSite\",\"@id\":\"https:\/\/www.skamet.ee\/#website\",\"url\":\"https:\/\/www.skamet.ee\/\",\"name\":\"Skamet O\u00dc\",\"description\":\"Efektiivsed puuk\u00fcttega saunaahjud Eesti tootjalt\",\"publisher\":{\"@id\":\"https:\/\/www.skamet.ee\/#organization\"},\"potentialAction\":[{\"@type\":\"SearchAction\",\"target\":{\"@type\":\"EntryPoint\",\"urlTemplate\":\"https:\/\/www.skamet.ee\/?s={search_term_string}\"},\"query-input\":{\"@type\":\"PropertyValueSpecification\",\"valueRequired\":true,\"valueName\":\"search_term_string\"}}],\"inLanguage\":\"pl-PL\"},{\"@type\":\"Organization\",\"@id\":\"https:\/\/www.skamet.ee\/#organization\",\"name\":\"Skamet\",\"url\":\"https:\/\/www.skamet.ee\/\",\"logo\":{\"@type\":\"ImageObject\",\"inLanguage\":\"pl-PL\",\"@id\":\"https:\/\/www.skamet.ee\/#\/schema\/logo\/image\/\",\"url\":\"https:\/\/www.skamet.ee\/wp-content\/uploads\/2024\/02\/logo-pl.jpg\",\"contentUrl\":\"https:\/\/www.skamet.ee\/wp-content\/uploads\/2024\/02\/logo-pl.jpg\",\"width\":300,\"height\":127,\"caption\":\"Skamet\"},\"image\":{\"@id\":\"https:\/\/www.skamet.ee\/#\/schema\/logo\/image\/\"}}]}<\/script>\n<!-- \/ Yoast SEO plugin. -->","yoast_head_json":{"title":"Bojlery - Skamet","robots":{"index":"index","follow":"follow","max-snippet":"max-snippet:-1","max-image-preview":"max-image-preview:large","max-video-preview":"max-video-preview:-1"},"canonical":"https:\/\/www.skamet.ee\/veemahutid\/veeboilerid-2\/","og_locale":"pl_PL","og_type":"article","og_title":"Bojlery - Skamet","og_description":"Standardowe bojlery podgrzewaj\u0105ce wod\u0119 produkujemy od po\u0142owy lat 90. Standardowe modele s\u0105 puste. Bojler mo\u017ce zosta\u0107 pod\u0142\u0105czony do pieca opalanego","og_url":"https:\/\/www.skamet.ee\/veemahutid\/veeboilerid-2\/","og_site_name":"Skamet","article_modified_time":"2016-02-25T07:39:30+00:00","og_image":[{"width":300,"height":127,"url":"https:\/\/www.skamet.ee\/wp-content\/uploads\/2015\/06\/logo-uus.png","type":"image\/png"}],"twitter_card":"summary_large_image","twitter_misc":{"Szacowany czas czytania":"2 minuty"},"schema":{"@context":"https:\/\/schema.org","@graph":[{"@type":"WebPage","@id":"https:\/\/www.skamet.ee\/veemahutid\/veeboilerid-2\/","url":"https:\/\/www.skamet.ee\/veemahutid\/veeboilerid-2\/","name":"Bojlery - Skamet","isPartOf":{"@id":"https:\/\/www.skamet.ee\/#website"},"primaryImageOfPage":{"@id":"https:\/\/www.skamet.ee\/veemahutid\/veeboilerid-2\/#primaryimage"},"image":{"@id":"https:\/\/www.skamet.ee\/veemahutid\/veeboilerid-2\/#primaryimage"},"thumbnailUrl":"https:\/\/www.skamet.ee\/wp-content\/uploads\/2015\/06\/logo-uus.png","datePublished":"2013-11-29T10:06:48+00:00","dateModified":"2016-02-25T07:39:30+00:00","breadcrumb":{"@id":"https:\/\/www.skamet.ee\/veemahutid\/veeboilerid-2\/#breadcrumb"},"inLanguage":"pl-PL","potentialAction":[{"@type":"ReadAction","target":["https:\/\/www.skamet.ee\/veemahutid\/veeboilerid-2\/"]}]},{"@type":"ImageObject","inLanguage":"pl-PL","@id":"https:\/\/www.skamet.ee\/veemahutid\/veeboilerid-2\/#primaryimage","url":"https:\/\/www.skamet.ee\/wp-content\/uploads\/2015\/06\/logo-uus.png","contentUrl":"https:\/\/www.skamet.ee\/wp-content\/uploads\/2015\/06\/logo-uus.png","width":300,"height":127,"caption":"logo uus"},{"@type":"BreadcrumbList","@id":"https:\/\/www.skamet.ee\/veemahutid\/veeboilerid-2\/#breadcrumb","itemListElement":[{"@type":"ListItem","position":1,"name":"Home","item":"https:\/\/www.skamet.ee\/"},{"@type":"ListItem","position":2,"name":"Zbiorniki wodne innego przeznaczenia","item":"https:\/\/www.skamet.ee\/veemahutid\/"},{"@type":"ListItem","position":3,"name":"Bojlery"}]},{"@type":"WebSite","@id":"https:\/\/www.skamet.ee\/#website","url":"https:\/\/www.skamet.ee\/","name":"Skamet O\u00dc","description":"Efektiivsed puuk\u00fcttega saunaahjud Eesti tootjalt","publisher":{"@id":"https:\/\/www.skamet.ee\/#organization"},"potentialAction":[{"@type":"SearchAction","target":{"@type":"EntryPoint","urlTemplate":"https:\/\/www.skamet.ee\/?s={search_term_string}"},"query-input":{"@type":"PropertyValueSpecification","valueRequired":true,"valueName":"search_term_string"}}],"inLanguage":"pl-PL"},{"@type":"Organization","@id":"https:\/\/www.skamet.ee\/#organization","name":"Skamet","url":"https:\/\/www.skamet.ee\/","logo":{"@type":"ImageObject","inLanguage":"pl-PL","@id":"https:\/\/www.skamet.ee\/#\/schema\/logo\/image\/","url":"https:\/\/www.skamet.ee\/wp-content\/uploads\/2024\/02\/logo-pl.jpg","contentUrl":"https:\/\/www.skamet.ee\/wp-content\/uploads\/2024\/02\/logo-pl.jpg","width":300,"height":127,"caption":"Skamet"},"image":{"@id":"https:\/\/www.skamet.ee\/#\/schema\/logo\/image\/"}}]}},"_links":{"self":[{"href":"https:\/\/www.skamet.ee\/pl\/wp-json\/wp\/v2\/pages\/3670","targetHints":{"allow":["GET"]}}],"collection":[{"href":"https:\/\/www.skamet.ee\/pl\/wp-json\/wp\/v2\/pages"}],"about":[{"href":"https:\/\/www.skamet.ee\/pl\/wp-json\/wp\/v2\/types\/page"}],"author":[{"embeddable":true,"href":"https:\/\/www.skamet.ee\/pl\/wp-json\/wp\/v2\/users\/2"}],"replies":[{"embeddable":true,"href":"https:\/\/www.skamet.ee\/pl\/wp-json\/wp\/v2\/comments?post=3670"}],"version-history":[{"count":6,"href":"https:\/\/www.skamet.ee\/pl\/wp-json\/wp\/v2\/pages\/3670\/revisions"}],"predecessor-version":[{"id":33022,"href":"https:\/\/www.skamet.ee\/pl\/wp-json\/wp\/v2\/pages\/3670\/revisions\/33022"}],"up":[{"embeddable":true,"href":"https:\/\/www.skamet.ee\/pl\/wp-json\/wp\/v2\/pages\/3664"}],"wp:featuredmedia":[{"embeddable":true,"href":"https:\/\/www.skamet.ee\/pl\/wp-json\/wp\/v2\/media\/18852"}],"wp:attachment":[{"href":"https:\/\/www.skamet.ee\/pl\/wp-json\/wp\/v2\/media?parent=3670"}],"curies":[{"name":"wp","href":"https:\/\/api.w.org\/{rel}","templated":true}]}}