{"id":41195,"date":"2021-05-10T10:43:30","date_gmt":"2021-05-10T07:43:30","guid":{"rendered":"https:\/\/uus.skamet.ee\/?post_type=product&#038;p=41195"},"modified":"2021-05-19T08:53:55","modified_gmt":"2021-05-19T05:53:55","slug":"niestandardowe-piece-wykonywane-na-zamowienie","status":"publish","type":"product","link":"https:\/\/www.skamet.ee\/pl\/tooted\/niestandardowe-piece-wykonywane-na-zamowienie\/","title":{"rendered":"Niestandardowe piece wykonywane na zam\u00f3wienie"},"content":{"rendered":"<p>Przer\u00f3bki mog\u0105 zosta\u0107 wprowadzane w dowolnym modelu. Wi\u0119kszo\u015b\u0107 z nich wprowadzana jest w\u00a0zak\u0142adzie (T), jednak niekt\u00f3re mog\u0105 zosta\u0107 wykonane przez klienta (K):<br \/>\n\u00bb\u00a0 wymiana zawias\u00f3w drzwiczek na prawostronne (T);<br \/>\n\u00bb\u00a0 odwrotny model pieca na zam\u00f3wienie (T);<br \/>\n\u00bb\u00a0 zmiana koloru pieca: czarny lub czerwony (T);<br \/>\n\u00bb\u00a0 zam\u00f3wienie g\u00f3rnej kraw\u0119dzi metalowej obudowy ze stali nierdzewnej (T lub K);<br \/>\n\u00bb\u00a0 zam\u00f3wienie zbiornika ze stali nierdzewnej dla pieca posiadaj\u0105cego zbiornik (T);<br \/>\n\u00bb\u00a0 wyd\u0142u\u017cenie lub skr\u00f3cenie cz\u0119\u015bci przewodu pieca przechodz\u0105cej przez \u015bcian\u0119 (T);<br \/>\n\u00bb\u00a0 zam\u00f3wienie dwustronnego po\u0142\u0105czenia ze zbiornikiem (T);<br \/>\n\u00bb\u00a0 zamiana metalowych drzwiczek pieca na drzwiczki ze szk\u0142a termicznego (K) ;<br \/>\n\u00bb\u00a0 zam\u00f3wienie pieca z grubszego materia\u0142u (T).<\/p>\n","protected":false},"excerpt":{"rendered":"<p>Przer\u00f3bki mog\u0105 zosta\u0107 wprowadzane w dowolnym modelu. Wi\u0119kszo\u015b\u0107 z nich wprowadzana jest w\u00a0zak\u0142adzie (T), jednak niekt\u00f3re mog\u0105 zosta\u0107 wykonane przez<\/p>\n","protected":false},"featured_media":39620,"template":"","meta":{"_lmt_disableupdate":"","_lmt_disable":""},"product_brand":[],"product_cat":[305,381,382],"product_tag":[],"class_list":{"0":"post-41195","1":"product","2":"type-product","3":"status-publish","4":"has-post-thumbnail","6":"product_cat-puukiuas","7":"product_cat-niestandardowe-piece-wykonywane-na-zamowienie","8":"product_cat-piece-do-sauny","10":"first","11":"instock","12":"shipping-taxable","13":"product-type-simple"},"yoast_head":"<!-- This site is optimized with the Yoast SEO plugin v27.0 - https:\/\/yoast.com\/product\/yoast-seo-wordpress\/ -->\n<title>Niestandardowe piece wykonywane na zam\u00f3wienie - Skamet<\/title>\n<meta name=\"robots\" content=\"index, follow, max-snippet:-1, max-image-preview:large, max-video-preview:-1\" \/>\n<link rel=\"canonical\" href=\"https:\/\/www.skamet.ee\/pl\/tooted\/niestandardowe-piece-wykonywane-na-zamowienie\/\" \/>\n<meta property=\"og:locale\" content=\"pl_PL\" \/>\n<meta property=\"og:type\" content=\"article\" \/>\n<meta property=\"og:title\" content=\"Niestandardowe piece wykonywane na zam\u00f3wienie - Skamet\" \/>\n<meta property=\"og:description\" content=\"Przer\u00f3bki mog\u0105 zosta\u0107 wprowadzane w dowolnym modelu. Wi\u0119kszo\u015b\u0107 z nich wprowadzana jest w\u00a0zak\u0142adzie (T), jednak niekt\u00f3re mog\u0105 zosta\u0107 wykonane przez\" \/>\n<meta property=\"og:url\" content=\"https:\/\/www.skamet.ee\/pl\/tooted\/niestandardowe-piece-wykonywane-na-zamowienie\/\" \/>\n<meta property=\"og:site_name\" content=\"Skamet\" \/>\n<meta property=\"article:modified_time\" content=\"2021-05-19T05:53:55+00:00\" \/>\n<meta property=\"og:image\" content=\"https:\/\/www.skamet.ee\/wp-content\/uploads\/2021\/03\/IMG_20140919_104347-removebg-preview.png\" \/>\n\t<meta property=\"og:image:width\" content=\"433\" \/>\n\t<meta property=\"og:image:height\" content=\"577\" \/>\n\t<meta property=\"og:image:type\" content=\"image\/png\" \/>\n<meta name=\"twitter:card\" content=\"summary_large_image\" \/>\n<meta name=\"twitter:label1\" content=\"Szacowany czas czytania\" \/>\n\t<meta name=\"twitter:data1\" content=\"1 minuta\" \/>\n<script type=\"application\/ld+json\" class=\"yoast-schema-graph\">{\"@context\":\"https:\/\/schema.org\",\"@graph\":[{\"@type\":\"WebPage\",\"@id\":\"https:\/\/www.skamet.ee\/pl\/tooted\/niestandardowe-piece-wykonywane-na-zamowienie\/\",\"url\":\"https:\/\/www.skamet.ee\/pl\/tooted\/niestandardowe-piece-wykonywane-na-zamowienie\/\",\"name\":\"Niestandardowe piece wykonywane na zam\u00f3wienie - Skamet\",\"isPartOf\":{\"@id\":\"https:\/\/www.skamet.ee\/#website\"},\"primaryImageOfPage\":{\"@id\":\"https:\/\/www.skamet.ee\/pl\/tooted\/niestandardowe-piece-wykonywane-na-zamowienie\/#primaryimage\"},\"image\":{\"@id\":\"https:\/\/www.skamet.ee\/pl\/tooted\/niestandardowe-piece-wykonywane-na-zamowienie\/#primaryimage\"},\"thumbnailUrl\":\"https:\/\/www.skamet.ee\/wp-content\/uploads\/2021\/03\/IMG_20140919_104347-removebg-preview.png\",\"datePublished\":\"2021-05-10T07:43:30+00:00\",\"dateModified\":\"2021-05-19T05:53:55+00:00\",\"breadcrumb\":{\"@id\":\"https:\/\/www.skamet.ee\/pl\/tooted\/niestandardowe-piece-wykonywane-na-zamowienie\/#breadcrumb\"},\"inLanguage\":\"pl-PL\",\"potentialAction\":[{\"@type\":\"ReadAction\",\"target\":[\"https:\/\/www.skamet.ee\/pl\/tooted\/niestandardowe-piece-wykonywane-na-zamowienie\/\"]}]},{\"@type\":\"ImageObject\",\"inLanguage\":\"pl-PL\",\"@id\":\"https:\/\/www.skamet.ee\/pl\/tooted\/niestandardowe-piece-wykonywane-na-zamowienie\/#primaryimage\",\"url\":\"https:\/\/www.skamet.ee\/wp-content\/uploads\/2021\/03\/IMG_20140919_104347-removebg-preview.png\",\"contentUrl\":\"https:\/\/www.skamet.ee\/wp-content\/uploads\/2021\/03\/IMG_20140919_104347-removebg-preview.png\",\"width\":433,\"height\":577,\"caption\":\"IMG 20140919 104347 removebg preview\"},{\"@type\":\"BreadcrumbList\",\"@id\":\"https:\/\/www.skamet.ee\/pl\/tooted\/niestandardowe-piece-wykonywane-na-zamowienie\/#breadcrumb\",\"itemListElement\":[{\"@type\":\"ListItem\",\"position\":1,\"name\":\"Home\",\"item\":\"https:\/\/www.skamet.ee\/\"},{\"@type\":\"ListItem\",\"position\":2,\"name\":\"Produkty\",\"item\":\"https:\/\/www.skamet.ee\/pl\/sklep\/\"},{\"@type\":\"ListItem\",\"position\":3,\"name\":\"Niestandardowe piece wykonywane na zam\u00f3wienie\"}]},{\"@type\":\"WebSite\",\"@id\":\"https:\/\/www.skamet.ee\/#website\",\"url\":\"https:\/\/www.skamet.ee\/\",\"name\":\"Skamet O\u00dc\",\"description\":\"Efektiivsed puuk\u00fcttega saunaahjud Eesti tootjalt\",\"publisher\":{\"@id\":\"https:\/\/www.skamet.ee\/#organization\"},\"potentialAction\":[{\"@type\":\"SearchAction\",\"target\":{\"@type\":\"EntryPoint\",\"urlTemplate\":\"https:\/\/www.skamet.ee\/?s={search_term_string}\"},\"query-input\":{\"@type\":\"PropertyValueSpecification\",\"valueRequired\":true,\"valueName\":\"search_term_string\"}}],\"inLanguage\":\"pl-PL\"},{\"@type\":\"Organization\",\"@id\":\"https:\/\/www.skamet.ee\/#organization\",\"name\":\"Skamet\",\"url\":\"https:\/\/www.skamet.ee\/\",\"logo\":{\"@type\":\"ImageObject\",\"inLanguage\":\"pl-PL\",\"@id\":\"https:\/\/www.skamet.ee\/#\/schema\/logo\/image\/\",\"url\":\"https:\/\/www.skamet.ee\/wp-content\/uploads\/2024\/02\/logo-pl.jpg\",\"contentUrl\":\"https:\/\/www.skamet.ee\/wp-content\/uploads\/2024\/02\/logo-pl.jpg\",\"width\":300,\"height\":127,\"caption\":\"Skamet\"},\"image\":{\"@id\":\"https:\/\/www.skamet.ee\/#\/schema\/logo\/image\/\"}}]}<\/script>\n<!-- \/ Yoast SEO plugin. -->","yoast_head_json":{"title":"Niestandardowe piece wykonywane na zam\u00f3wienie - Skamet","robots":{"index":"index","follow":"follow","max-snippet":"max-snippet:-1","max-image-preview":"max-image-preview:large","max-video-preview":"max-video-preview:-1"},"canonical":"https:\/\/www.skamet.ee\/pl\/tooted\/niestandardowe-piece-wykonywane-na-zamowienie\/","og_locale":"pl_PL","og_type":"article","og_title":"Niestandardowe piece wykonywane na zam\u00f3wienie - Skamet","og_description":"Przer\u00f3bki mog\u0105 zosta\u0107 wprowadzane w dowolnym modelu. Wi\u0119kszo\u015b\u0107 z nich wprowadzana jest w\u00a0zak\u0142adzie (T), jednak niekt\u00f3re mog\u0105 zosta\u0107 wykonane przez","og_url":"https:\/\/www.skamet.ee\/pl\/tooted\/niestandardowe-piece-wykonywane-na-zamowienie\/","og_site_name":"Skamet","article_modified_time":"2021-05-19T05:53:55+00:00","og_image":[{"width":433,"height":577,"url":"https:\/\/www.skamet.ee\/wp-content\/uploads\/2021\/03\/IMG_20140919_104347-removebg-preview.png","type":"image\/png"}],"twitter_card":"summary_large_image","twitter_misc":{"Szacowany czas czytania":"1 minuta"},"schema":{"@context":"https:\/\/schema.org","@graph":[{"@type":"WebPage","@id":"https:\/\/www.skamet.ee\/pl\/tooted\/niestandardowe-piece-wykonywane-na-zamowienie\/","url":"https:\/\/www.skamet.ee\/pl\/tooted\/niestandardowe-piece-wykonywane-na-zamowienie\/","name":"Niestandardowe piece wykonywane na zam\u00f3wienie - Skamet","isPartOf":{"@id":"https:\/\/www.skamet.ee\/#website"},"primaryImageOfPage":{"@id":"https:\/\/www.skamet.ee\/pl\/tooted\/niestandardowe-piece-wykonywane-na-zamowienie\/#primaryimage"},"image":{"@id":"https:\/\/www.skamet.ee\/pl\/tooted\/niestandardowe-piece-wykonywane-na-zamowienie\/#primaryimage"},"thumbnailUrl":"https:\/\/www.skamet.ee\/wp-content\/uploads\/2021\/03\/IMG_20140919_104347-removebg-preview.png","datePublished":"2021-05-10T07:43:30+00:00","dateModified":"2021-05-19T05:53:55+00:00","breadcrumb":{"@id":"https:\/\/www.skamet.ee\/pl\/tooted\/niestandardowe-piece-wykonywane-na-zamowienie\/#breadcrumb"},"inLanguage":"pl-PL","potentialAction":[{"@type":"ReadAction","target":["https:\/\/www.skamet.ee\/pl\/tooted\/niestandardowe-piece-wykonywane-na-zamowienie\/"]}]},{"@type":"ImageObject","inLanguage":"pl-PL","@id":"https:\/\/www.skamet.ee\/pl\/tooted\/niestandardowe-piece-wykonywane-na-zamowienie\/#primaryimage","url":"https:\/\/www.skamet.ee\/wp-content\/uploads\/2021\/03\/IMG_20140919_104347-removebg-preview.png","contentUrl":"https:\/\/www.skamet.ee\/wp-content\/uploads\/2021\/03\/IMG_20140919_104347-removebg-preview.png","width":433,"height":577,"caption":"IMG 20140919 104347 removebg preview"},{"@type":"BreadcrumbList","@id":"https:\/\/www.skamet.ee\/pl\/tooted\/niestandardowe-piece-wykonywane-na-zamowienie\/#breadcrumb","itemListElement":[{"@type":"ListItem","position":1,"name":"Home","item":"https:\/\/www.skamet.ee\/"},{"@type":"ListItem","position":2,"name":"Produkty","item":"https:\/\/www.skamet.ee\/pl\/sklep\/"},{"@type":"ListItem","position":3,"name":"Niestandardowe piece wykonywane na zam\u00f3wienie"}]},{"@type":"WebSite","@id":"https:\/\/www.skamet.ee\/#website","url":"https:\/\/www.skamet.ee\/","name":"Skamet O\u00dc","description":"Efektiivsed puuk\u00fcttega saunaahjud Eesti tootjalt","publisher":{"@id":"https:\/\/www.skamet.ee\/#organization"},"potentialAction":[{"@type":"SearchAction","target":{"@type":"EntryPoint","urlTemplate":"https:\/\/www.skamet.ee\/?s={search_term_string}"},"query-input":{"@type":"PropertyValueSpecification","valueRequired":true,"valueName":"search_term_string"}}],"inLanguage":"pl-PL"},{"@type":"Organization","@id":"https:\/\/www.skamet.ee\/#organization","name":"Skamet","url":"https:\/\/www.skamet.ee\/","logo":{"@type":"ImageObject","inLanguage":"pl-PL","@id":"https:\/\/www.skamet.ee\/#\/schema\/logo\/image\/","url":"https:\/\/www.skamet.ee\/wp-content\/uploads\/2024\/02\/logo-pl.jpg","contentUrl":"https:\/\/www.skamet.ee\/wp-content\/uploads\/2024\/02\/logo-pl.jpg","width":300,"height":127,"caption":"Skamet"},"image":{"@id":"https:\/\/www.skamet.ee\/#\/schema\/logo\/image\/"}}]}},"_links":{"self":[{"href":"https:\/\/www.skamet.ee\/pl\/wp-json\/wp\/v2\/product\/41195","targetHints":{"allow":["GET"]}}],"collection":[{"href":"https:\/\/www.skamet.ee\/pl\/wp-json\/wp\/v2\/product"}],"about":[{"href":"https:\/\/www.skamet.ee\/pl\/wp-json\/wp\/v2\/types\/product"}],"version-history":[{"count":1,"href":"https:\/\/www.skamet.ee\/pl\/wp-json\/wp\/v2\/product\/41195\/revisions"}],"predecessor-version":[{"id":41196,"href":"https:\/\/www.skamet.ee\/pl\/wp-json\/wp\/v2\/product\/41195\/revisions\/41196"}],"wp:featuredmedia":[{"embeddable":true,"href":"https:\/\/www.skamet.ee\/pl\/wp-json\/wp\/v2\/media\/39620"}],"wp:attachment":[{"href":"https:\/\/www.skamet.ee\/pl\/wp-json\/wp\/v2\/media?parent=41195"}],"wp:term":[{"taxonomy":"product_brand","embeddable":true,"href":"https:\/\/www.skamet.ee\/pl\/wp-json\/wp\/v2\/product_brand?post=41195"},{"taxonomy":"product_cat","embeddable":true,"href":"https:\/\/www.skamet.ee\/pl\/wp-json\/wp\/v2\/product_cat?post=41195"},{"taxonomy":"product_tag","embeddable":true,"href":"https:\/\/www.skamet.ee\/pl\/wp-json\/wp\/v2\/product_tag?post=41195"}],"curies":[{"name":"wp","href":"https:\/\/api.w.org\/{rel}","templated":true}]}}