{"id":41201,"date":"2021-05-10T10:48:45","date_gmt":"2021-05-10T07:48:45","guid":{"rendered":"https:\/\/uus.skamet.ee\/?post_type=product&#038;p=41201"},"modified":"2021-05-19T08:51:11","modified_gmt":"2021-05-19T05:51:11","slug":"piece-opalane-z-sasiedniego-pomieszczenia","status":"publish","type":"product","link":"https:\/\/www.skamet.ee\/pl\/tooted\/piece-opalane-z-sasiedniego-pomieszczenia\/","title":{"rendered":"Piece opalane z s\u0105siedniego pomieszczenia"},"content":{"rendered":"<p>Piec zamontowany jest w \u015bcianie i opalany z s\u0105siedniego pomieszczenia. Jego cz\u0119\u015b\u0107 penetruj\u0105ca ma d\u0142ugo\u015b\u0107 170 mm. Na specjalne \u017cyczenie, cz\u0119\u015b\u0107 ta mo\u017ce by\u0107 d\u0142u\u017csza albo kr\u00f3tsza. Standardowe modele posiadaj\u0105 tylko g\u00f3rne pod\u0142\u0105czenie do przewodu kominowego, od strony drzwiczek. Odwrotny model jest produkowany na zam\u00f3wienie i posiada dodatkowe pod\u0142\u0105czenie do przewodu kominowego wyprowadzone z\u00a0tylnej \u015bcianki<\/p>\n<p>&nbsp;<\/p>\n<div class=\"dywp-alert grey\"><strong>Mini<\/strong><\/div>\n<p>Modele z serii PS s\u0105 przeznaczone do ogrzewania saun o mniejszych rozmiarach i saun typu barrel, a takrze do wytwarzania suchej lub wilgotnej pary. Piec wyposa\u017cony jest w trzy\u00a0<strong>podw\u00f3jne \u015bcianki<\/strong>\u00a0(na bokach i z ty\u0142u), kt\u00f3re umo\u017cliwiaj\u0105 redukcj\u0119 bezpiecznych odleg\u0142o\u015bci o po\u0142ow\u0119 w por\u00f3wnaniu do naszych piec\u00f3w serii P (bezpieczne odleg\u0142o\u015bci w instrukcji).<br \/>\nOgrzewacz (<strong>model PS-210<\/strong>), ogrzewana powierzchnia 5 -12 m\u00b3; wysoko\u015b\u0107 pieca 60 \u0441m.\u00a0Ilosc kamieni 20 kg.<\/p>\n<p><a href=\"https:\/\/skamet.ee\/wp-content\/uploads\/2013\/11\/ENG.pdf\" target=\"_blank\" rel=\"noopener\"><strong>Wszystkie wymiary znajduj\u0105 si\u0119 w podr\u0119cznikach u\u017cytkownika<\/strong><\/a><a href=\"https:\/\/skamet.ee\/wp-content\/uploads\/2014\/04\/SKA-PS-GB-pass.pdf\" target=\"_blank\" rel=\"noopener\">\u00a0<\/a><\/p>\n<div id=\"unitegallery_13_1\" class=\"unite-gallery ug-gallery-wrapper ug-under-480 ug-theme-carousel\">\n<div class=\"ug-carousel-wrapper\">\n<div class=\"ug-carousel-inner\">\n<div class=\"ug-thumb-wrapper ug-tile ug-tile-clickable ug-thumb-ratio-set\">\n<div class=\"ug-thumb-overlay\">\n<div class=\"ug-tile-icon ug-button-play ug-icon-zoom\"><\/div>\n<\/div>\n<p><img decoding=\"async\" class=\"ug-thumb-image ug-trans-enabled\" src=\"https:\/\/skamet.ee\/wp-content\/uploads\/2016\/01\/JPG-683x1024.-200x300.jpeg\" alt=\"JPG-683x1024.\" \/><\/div>\n<div class=\"ug-thumb-wrapper ug-tile ug-tile-clickable ug-thumb-ratio-set\">\n<div class=\"ug-thumb-overlay\">\n<div class=\"ug-tile-icon ug-button-play ug-icon-zoom\"><\/div>\n<\/div>\n<p><img decoding=\"async\" class=\"ug-thumb-image ug-trans-enabled\" src=\"https:\/\/skamet.ee\/wp-content\/uploads\/2016\/01\/PS-210-2-200x300.jpg\" alt=\"PS-210 (2)\" \/><\/div>\n<div class=\"ug-thumb-wrapper ug-tile ug-tile-clickable\">\n<div class=\"ug-thumb-overlay\"><\/div>\n<\/div>\n<div class=\"ug-thumb-wrapper ug-tile ug-tile-clickable\"><\/div>\n<div class=\"ug-thumb-wrapper ug-tile ug-tile-clickable ug-thumb-ratio-set\">\n<div class=\"ug-thumb-overlay\">\n<div class=\"ug-tile-icon ug-button-play ug-icon-zoom\"><\/div>\n<\/div>\n<\/div>\n<div class=\"ug-thumb-wrapper ug-tile ug-tile-clickable ug-thumb-ratio-set\">\n<div class=\"ug-thumb-overlay\">\n<div class=\"ug-tile-icon ug-button-play ug-icon-zoom\"><\/div>\n<\/div>\n<\/div>\n<div class=\"ug-thumb-wrapper ug-tile ug-tile-clickable cloned\">\n<div class=\"ug-thumb-overlay\">\n<div class=\"ug-tile-icon ug-button-play ug-icon-zoom\"><\/div>\n<\/div>\n<p><img decoding=\"async\" class=\"ug-thumb-image ug-trans-enabled\" src=\"https:\/\/skamet.ee\/wp-content\/uploads\/2016\/01\/JPG-683x1024.-200x300.jpeg\" alt=\"JPG-683x1024.\" \/><\/div>\n<div class=\"ug-thumb-wrapper ug-tile ug-tile-clickable cloned\">\n<div class=\"ug-thumb-overlay\">\n<div class=\"ug-tile-icon ug-button-play ug-icon-zoom\"><\/div>\n<\/div>\n<\/div>\n<div class=\"ug-thumb-wrapper ug-tile ug-tile-clickable cloned\">\n<div class=\"ug-thumb-overlay\"><\/div>\n<\/div>\n<\/div>\n<\/div>\n<\/div>\n<p>&nbsp;<\/p>\n<table border=\"0\">\n<tbody>\n<tr>\n<td><strong>Standardowe parametry produkt\u00f3w:<\/strong><br \/>\n\u00bb \u00a0ze szklanymi drzwiczkami (220 x 200 mm);<br \/>\n\u00bb \u00a0g\u00f3rne po\u0142\u0105czenie do przewodu kominowego;<br \/>\n\u00bb \u00a0zawiasy drzwiczek po lewej stronie;<br \/>\n\u00bb \u00a0kolor obudowy: czarny;<br \/>\n\u00bb \u00a0piec do sauny pokryty jest farb\u0105 termiczn\u0105;<br \/>\n\u00bb \u00a0metalowy uchwyt.<\/td>\n<td><strong>Dodatkowe opcje<\/strong>:<br \/>\n\u00bb<strong>\u00a0\u00a0<\/strong>drewniany uchwyt;<br \/>\n\u00bb \u00a0zawiasy drzwiowe po prawej stronie;<br \/>\n\u00bb \u00a0obudowa, w tym jej g\u00f3rna cz\u0119\u015b\u0107 w kolorze czarnym, lub wykonana ze stali nierdzewnej;<br \/>\n\u00bb \u00a0g\u00f3rna cz\u0119\u015b\u0107 obudowy ze stali nierdzewnej;<br \/>\n\u00bb \u00a0wi\u0119cej opcji znajdziesz\u00a0<strong>tutaj.<\/strong><\/td>\n<\/tr>\n<\/tbody>\n<\/table>\n<div class=\"dywp-alert grey\">\u00a0<strong>Piec podstawowy\u00a0<\/strong><\/div>\n<p><strong>Piece do sauny s\u0105 wykonywane w dw\u00f3ch rozmiarach:<br \/>\n<\/strong><br \/>\nMa\u0142e urz\u0105dzenie grzewcze (<strong>model P-216<\/strong>), ogrzewaj\u0105ce powierzchni\u0119 8 -18 m\u00b3; wysoko\u015b\u0107 pieca 73 \u0441m.\u00a0Ilosc kamieni 40 kg.<br \/>\nDu\u017ce urz\u0105dzenie grzewcze (<strong>model P-220)<\/strong>, ogrzewaj\u0105ce powierzchni\u0119 16-25 m\u00b3; wysoko\u015b\u0107 pieca 81 \u0441m.\u00a0Ilosc kamieni 50 kg.<br \/>\n<a href=\"https:\/\/skamet.ee\/wp-content\/uploads\/2013\/11\/ENG.pdf\" target=\"_blank\" rel=\"noopener\"><strong>Wszystkie wymiary znajduj\u0105 si\u0119 w podr\u0119cznikach u\u017cytkownika<\/strong><\/a><\/p>\n<p>&nbsp;<\/p>\n<div id=\"unitegallery_12_2\" class=\"unite-gallery ug-gallery-wrapper ug-under-480 ug-theme-carousel\">\n<div class=\"ug-carousel-wrapper\">\n<div class=\"ug-carousel-inner\">\n<div class=\"ug-thumb-wrapper ug-tile ug-tile-clickable cloned\">\n<div class=\"ug-thumb-overlay\">\n<div class=\"ug-tile-icon ug-button-play ug-icon-zoom\"><\/div>\n<\/div>\n<p><img decoding=\"async\" class=\"ug-thumb-image ug-trans-enabled\" src=\"https:\/\/skamet.ee\/wp-content\/uploads\/2013\/07\/P-216_P-220-5-291x300.jpg\" alt=\"P-216_P-220 (5)\" \/><\/div>\n<div class=\"ug-thumb-wrapper ug-tile ug-tile-clickable cloned\">\n<div class=\"ug-thumb-overlay\">\n<div class=\"ug-tile-icon ug-button-play ug-icon-zoom\"><\/div>\n<\/div>\n<p><img decoding=\"async\" class=\"ug-thumb-image ug-trans-enabled\" src=\"https:\/\/skamet.ee\/wp-content\/uploads\/2013\/07\/P-216_P-220-4-276x300.jpg\" alt=\"P-216_P-220 (4)\" \/><\/div>\n<div class=\"ug-thumb-wrapper ug-tile ug-tile-clickable ug-thumb-ratio-set\">\n<div class=\"ug-thumb-overlay\">\n<div class=\"ug-tile-icon ug-button-play ug-icon-zoom\"><\/div>\n<\/div>\n<p><img decoding=\"async\" class=\"ug-thumb-image ug-trans-enabled\" src=\"https:\/\/skamet.ee\/wp-content\/uploads\/2016\/01\/P-216-P-220-200x300.jpg\" alt=\"P-216; P-220\" \/><\/div>\n<\/div>\n<\/div>\n<\/div>\n<p>&nbsp;<\/p>\n<table border=\"0\">\n<tbody>\n<tr>\n<td><b><strong>Standardowe parametry produkt\u00f3w<\/strong>:<\/b><br \/>\n\u00bb \u00a0ze szklanymi drzwiczkami lub bez (230 x 230 mm);<br \/>\n\u00bb \u00a0g\u00f3rne po\u0142\u0105czenie do przewodu kominowego;<br \/>\n\u00bb \u00a0zawiasy drzwiczek po lewej stronie;<br \/>\n\u00bb \u00a0kolor obudowy: czerwony\/czarny;<br \/>\n\u00bb \u00a0piec do sauny pokryty jest farb\u0105 termiczn\u0105;<br \/>\n\u00bb \u00a0z mo\u017cliwo\u015bci\u0105 pod\u0142\u0105czenia do zbiornika wodnego<br \/>\n(pod\u0142\u0105czenie z ty\u0142u,\u00a0z lewej strony lub z prawej strony) lub bez.<\/td>\n<td><b><strong>Dodatkowe opcje<\/strong>:<\/b><br \/>\n\u00bb \u00a0klamka ze stali nierdzewnej (taka jak uchwyt do drzwiczek kominka);<br \/>\n\u00bb \u00a0odwrotny model pieca;<br \/>\n\u00bb \u00a0zawiasy drzwiowe po prawej stronie;<br \/>\n\u00bb \u00a0obudowa, w tym jej g\u00f3rna cz\u0119\u015b\u0107 w kolorze czarnym, lub wykonana ze stali nierdzewnej;<br \/>\n\u00bb \u00a0g\u00f3rna cz\u0119\u015b\u0107 obudowy ze stali nierdzewnej;<br \/>\n\u00bb \u00a0wi\u0119cej opcji znajdziesz\u00a0<strong>tutaj.<\/strong><\/td>\n<\/tr>\n<\/tbody>\n<\/table>\n<div class=\"dywp-alert grey\">Wyposa\u017cony w 40-litrowy zbiornik<b>\u00a0<\/b><\/div>\n<p><strong>Piece do sauny s\u0105 wykonywane w dw\u00f3ch rozmiarach:<br \/>\n<\/strong><br \/>\nMa\u0142e urz\u0105dzenie grzewcze (<strong>model P-21640<\/strong>), ogrzewaj\u0105ce powierzchni\u0119 8 -18 m\u00b3; wysoko\u015b\u0107 pieca 73 \u0441m.\u00a0Ilosc kamieni 40 kg.<br \/>\nDu\u017ce urz\u0105dzenie grzewcze (<strong>model P-22040)<\/strong>, ogrzewaj\u0105ce powierzchni\u0119 16-25 m\u00b3; wysoko\u015b\u0107 pieca 81 \u0441m.\u00a0Ilosc kamieni 50 kg.<br \/>\n<strong><a href=\"https:\/\/skamet.ee\/wp-content\/uploads\/2013\/11\/ENG.pdf\" target=\"_blank\" rel=\"noopener\">Wszystkie wymiary znajduj\u0105 si\u0119 w podr\u0119cznikach u\u017cytkownika<\/a><\/strong><\/p>\n<p>&nbsp;<\/p>\n<table border=\"0\">\n<tbody>\n<tr>\n<td><b><strong>Standardowe parametry produkt\u00f3w<\/strong>:<\/b><br \/>\n\u00bb \u00a0ze szklanymi drzwiczkami lub bez (230 x 230 mm);<br \/>\n\u00bb \u00a0g\u00f3rne po\u0142\u0105czenie do przewodu kominowego;<br \/>\n\u00bb \u00a0zawiasy drzwiczek po lewej stronie;<br \/>\n\u00bb obudowa w kolorze czarnym z g\u00f3rnym panelem ze stali nierdzewnej;<br \/>\n\u00bb\u00a040-litrowy stalowy zbiornik ze stalowym wiekiem;<br \/>\n\u00bb\u00a040-litrowy zbiornik ze stali nierdzewnej z wiekiem ze stali nierdzewnej.<\/td>\n<td><strong><b>Dodatkowe opcje:<\/b><\/strong><br \/>\n\u00bb \u00a0klamka ze stali nierdzewnej (taka jak uchwyt do drzwiczek kominka);<br \/>\n\u00bb \u00a0odwrotny model pieca;<br \/>\n\u00bb \u00a0zawiasy drzwiowe po prawej stronie;<br \/>\n\u00bb obudowa w kolorze czerwonym\/czarnym lub wykonana ze stali nierdzewnej;<br \/>\n\u00bb \u00a0wi\u0119cej opcji znajdziesz\u00a0<strong>tutaj.<\/strong><\/td>\n<\/tr>\n<\/tbody>\n<\/table>\n<div class=\"dywp-alert grey\"><strong>Modele z drzwiczkami kominkowymi\u00a0<\/strong><\/div>\n<p><strong>Piece do sauny s\u0105 wykonywane w dw\u00f3ch rozmiarach:<br \/>\n<\/strong><br \/>\nMa\u0142e urz\u0105dzenie grzewcze (<strong>model PT-216<\/strong>), ogrzewaj\u0105ce powierzchni\u0119 8 -18 m\u00b3; wysoko\u015b\u0107 pieca 73 \u0441m.\u00a0Ilosc kamieni 40 kg.<br \/>\nDu\u017ce urz\u0105dzenie grzewcze (<strong>model PT-220)<\/strong>, ogrzewaj\u0105ce powierzchni\u0119 16-25 m\u00b3; wysoko\u015b\u0107 pieca 81 \u0441m.\u00a0Ilosc kamieni 50 kg.<br \/>\n<a href=\"https:\/\/skamet.ee\/wp-content\/uploads\/2013\/11\/ENG.pdf\" target=\"_blank\" rel=\"noopener\"><strong>Wszystkie wymiary znajduj\u0105 si\u0119 w podr\u0119cznikach u\u017cytkownika<\/strong><\/a><\/p>\n<p>&nbsp;<\/p>\n<table border=\"0\">\n<tbody>\n<tr>\n<td><b><strong>Standardowe parametry produkt\u00f3w<\/strong>:<\/b><br \/>\n\u00bb \u00a0szklane drzwi poszerzonej cz\u0119\u015bci 330 x 330 mm<br \/>\n\u00bb \u00a0g\u00f3rne po\u0142\u0105czenie do przewodu kominowego;<br \/>\n\u00bb \u00a0\u00a0klamka ze stali nierdzewnej;<br \/>\n\u00bb \u00a0zawiasy drzwiczek po lewej stronie;<br \/>\n\u00bb \u00a0obudowa w kolorze czarnym z g\u00f3rnym panelem ze stali nierdzewnej;<br \/>\n\u00bb \u00a0z mo\u017cliwo\u015bci\u0105 pod\u0142\u0105czenia do zbiornika wodnego<br \/>\n(pod\u0142\u0105czenie z ty\u0142u,\u00a0z lewej strony lub z prawej strony) lub bez.<\/td>\n<td><b><strong>Dodatkowe opcje<\/strong>:<\/b><br \/>\n\u00bb \u00a0bez szklanych drzwi;<br \/>\n\u00bb \u00a0odwrotny model pieca;<br \/>\n\u00bb \u00a0drewniany uchwyt (jak wsp\u00f3lne piece);<br \/>\n\u00bb \u00a0zawiasy drzwiowe po prawej stronie;<br \/>\n\u00bb \u00a0obudowa w kolorze czerwonym\/czarnym lub wykonana ze stali nierdzewnej;<br \/>\n\u00bb \u00a0<strong>\u00a0<\/strong>wi\u0119cej opcji znajdziesz\u00a0<strong>tutaj.<\/strong><\/td>\n<\/tr>\n<\/tbody>\n<\/table>\n","protected":false},"excerpt":{"rendered":"<p>Piec zamontowany jest w \u015bcianie i opalany z s\u0105siedniego pomieszczenia. Jego cz\u0119\u015b\u0107 penetruj\u0105ca ma d\u0142ugo\u015b\u0107 170 mm. Na specjalne \u017cyczenie,<\/p>\n","protected":false},"featured_media":40158,"template":"","meta":{"_lmt_disableupdate":"","_lmt_disable":""},"product_brand":[],"product_cat":[307,382,383,384],"product_tag":[],"class_list":{"0":"post-41201","1":"product","2":"type-product","3":"status-publish","4":"has-post-thumbnail","6":"product_cat-samasta-tilasta-lammitettavat","7":"product_cat-piece-do-sauny","8":"product_cat-piec-do-sauny-z-metalowa-obudowa","9":"product_cat-piece-do-sauny-ogrzewane-z-tego-samego-pomieszczenia","11":"first","12":"instock","13":"shipping-taxable","14":"product-type-simple"},"yoast_head":"<!-- This site is optimized with the Yoast SEO plugin v27.0 - https:\/\/yoast.com\/product\/yoast-seo-wordpress\/ -->\n<title>Piece opalane z s\u0105siedniego pomieszczenia - Skamet<\/title>\n<meta name=\"robots\" content=\"index, follow, max-snippet:-1, max-image-preview:large, max-video-preview:-1\" \/>\n<link rel=\"canonical\" href=\"https:\/\/www.skamet.ee\/pl\/tooted\/piece-opalane-z-sasiedniego-pomieszczenia\/\" \/>\n<meta property=\"og:locale\" content=\"pl_PL\" \/>\n<meta property=\"og:type\" content=\"article\" \/>\n<meta property=\"og:title\" content=\"Piece opalane z s\u0105siedniego pomieszczenia - Skamet\" \/>\n<meta property=\"og:description\" content=\"Piec zamontowany jest w \u015bcianie i opalany z s\u0105siedniego pomieszczenia. Jego cz\u0119\u015b\u0107 penetruj\u0105ca ma d\u0142ugo\u015b\u0107 170 mm. Na specjalne \u017cyczenie,\" \/>\n<meta property=\"og:url\" content=\"https:\/\/www.skamet.ee\/pl\/tooted\/piece-opalane-z-sasiedniego-pomieszczenia\/\" \/>\n<meta property=\"og:site_name\" content=\"Skamet\" \/>\n<meta property=\"article:modified_time\" content=\"2021-05-19T05:51:11+00:00\" \/>\n<meta property=\"og:image\" content=\"https:\/\/www.skamet.ee\/wp-content\/uploads\/2021\/03\/JPG-683x1024.-200x300-2.jpeg\" \/>\n\t<meta property=\"og:image:width\" content=\"200\" \/>\n\t<meta property=\"og:image:height\" content=\"300\" \/>\n\t<meta property=\"og:image:type\" content=\"image\/jpeg\" \/>\n<meta name=\"twitter:card\" content=\"summary_large_image\" \/>\n<meta name=\"twitter:label1\" content=\"Szacowany czas czytania\" \/>\n\t<meta name=\"twitter:data1\" content=\"4 minuty\" \/>\n<script type=\"application\/ld+json\" class=\"yoast-schema-graph\">{\"@context\":\"https:\/\/schema.org\",\"@graph\":[{\"@type\":\"WebPage\",\"@id\":\"https:\/\/www.skamet.ee\/pl\/tooted\/piece-opalane-z-sasiedniego-pomieszczenia\/\",\"url\":\"https:\/\/www.skamet.ee\/pl\/tooted\/piece-opalane-z-sasiedniego-pomieszczenia\/\",\"name\":\"Piece opalane z s\u0105siedniego pomieszczenia - Skamet\",\"isPartOf\":{\"@id\":\"https:\/\/www.skamet.ee\/#website\"},\"primaryImageOfPage\":{\"@id\":\"https:\/\/www.skamet.ee\/pl\/tooted\/piece-opalane-z-sasiedniego-pomieszczenia\/#primaryimage\"},\"image\":{\"@id\":\"https:\/\/www.skamet.ee\/pl\/tooted\/piece-opalane-z-sasiedniego-pomieszczenia\/#primaryimage\"},\"thumbnailUrl\":\"https:\/\/www.skamet.ee\/wp-content\/uploads\/2021\/03\/JPG-683x1024.-200x300-2.jpeg\",\"datePublished\":\"2021-05-10T07:48:45+00:00\",\"dateModified\":\"2021-05-19T05:51:11+00:00\",\"breadcrumb\":{\"@id\":\"https:\/\/www.skamet.ee\/pl\/tooted\/piece-opalane-z-sasiedniego-pomieszczenia\/#breadcrumb\"},\"inLanguage\":\"pl-PL\",\"potentialAction\":[{\"@type\":\"ReadAction\",\"target\":[\"https:\/\/www.skamet.ee\/pl\/tooted\/piece-opalane-z-sasiedniego-pomieszczenia\/\"]}]},{\"@type\":\"ImageObject\",\"inLanguage\":\"pl-PL\",\"@id\":\"https:\/\/www.skamet.ee\/pl\/tooted\/piece-opalane-z-sasiedniego-pomieszczenia\/#primaryimage\",\"url\":\"https:\/\/www.skamet.ee\/wp-content\/uploads\/2021\/03\/JPG-683x1024.-200x300-2.jpeg\",\"contentUrl\":\"https:\/\/www.skamet.ee\/wp-content\/uploads\/2021\/03\/JPG-683x1024.-200x300-2.jpeg\",\"width\":200,\"height\":300,\"caption\":\"JPG 683x1024. 200x300 2\"},{\"@type\":\"BreadcrumbList\",\"@id\":\"https:\/\/www.skamet.ee\/pl\/tooted\/piece-opalane-z-sasiedniego-pomieszczenia\/#breadcrumb\",\"itemListElement\":[{\"@type\":\"ListItem\",\"position\":1,\"name\":\"Home\",\"item\":\"https:\/\/www.skamet.ee\/\"},{\"@type\":\"ListItem\",\"position\":2,\"name\":\"Produkty\",\"item\":\"https:\/\/www.skamet.ee\/pl\/sklep\/\"},{\"@type\":\"ListItem\",\"position\":3,\"name\":\"Piece opalane z s\u0105siedniego pomieszczenia\"}]},{\"@type\":\"WebSite\",\"@id\":\"https:\/\/www.skamet.ee\/#website\",\"url\":\"https:\/\/www.skamet.ee\/\",\"name\":\"Skamet O\u00dc\",\"description\":\"Efektiivsed puuk\u00fcttega saunaahjud Eesti tootjalt\",\"publisher\":{\"@id\":\"https:\/\/www.skamet.ee\/#organization\"},\"potentialAction\":[{\"@type\":\"SearchAction\",\"target\":{\"@type\":\"EntryPoint\",\"urlTemplate\":\"https:\/\/www.skamet.ee\/?s={search_term_string}\"},\"query-input\":{\"@type\":\"PropertyValueSpecification\",\"valueRequired\":true,\"valueName\":\"search_term_string\"}}],\"inLanguage\":\"pl-PL\"},{\"@type\":\"Organization\",\"@id\":\"https:\/\/www.skamet.ee\/#organization\",\"name\":\"Skamet\",\"url\":\"https:\/\/www.skamet.ee\/\",\"logo\":{\"@type\":\"ImageObject\",\"inLanguage\":\"pl-PL\",\"@id\":\"https:\/\/www.skamet.ee\/#\/schema\/logo\/image\/\",\"url\":\"https:\/\/www.skamet.ee\/wp-content\/uploads\/2024\/02\/logo-pl.jpg\",\"contentUrl\":\"https:\/\/www.skamet.ee\/wp-content\/uploads\/2024\/02\/logo-pl.jpg\",\"width\":300,\"height\":127,\"caption\":\"Skamet\"},\"image\":{\"@id\":\"https:\/\/www.skamet.ee\/#\/schema\/logo\/image\/\"}}]}<\/script>\n<!-- \/ Yoast SEO plugin. -->","yoast_head_json":{"title":"Piece opalane z s\u0105siedniego pomieszczenia - Skamet","robots":{"index":"index","follow":"follow","max-snippet":"max-snippet:-1","max-image-preview":"max-image-preview:large","max-video-preview":"max-video-preview:-1"},"canonical":"https:\/\/www.skamet.ee\/pl\/tooted\/piece-opalane-z-sasiedniego-pomieszczenia\/","og_locale":"pl_PL","og_type":"article","og_title":"Piece opalane z s\u0105siedniego pomieszczenia - Skamet","og_description":"Piec zamontowany jest w \u015bcianie i opalany z s\u0105siedniego pomieszczenia. Jego cz\u0119\u015b\u0107 penetruj\u0105ca ma d\u0142ugo\u015b\u0107 170 mm. Na specjalne \u017cyczenie,","og_url":"https:\/\/www.skamet.ee\/pl\/tooted\/piece-opalane-z-sasiedniego-pomieszczenia\/","og_site_name":"Skamet","article_modified_time":"2021-05-19T05:51:11+00:00","og_image":[{"width":200,"height":300,"url":"https:\/\/www.skamet.ee\/wp-content\/uploads\/2021\/03\/JPG-683x1024.-200x300-2.jpeg","type":"image\/jpeg"}],"twitter_card":"summary_large_image","twitter_misc":{"Szacowany czas czytania":"4 minuty"},"schema":{"@context":"https:\/\/schema.org","@graph":[{"@type":"WebPage","@id":"https:\/\/www.skamet.ee\/pl\/tooted\/piece-opalane-z-sasiedniego-pomieszczenia\/","url":"https:\/\/www.skamet.ee\/pl\/tooted\/piece-opalane-z-sasiedniego-pomieszczenia\/","name":"Piece opalane z s\u0105siedniego pomieszczenia - Skamet","isPartOf":{"@id":"https:\/\/www.skamet.ee\/#website"},"primaryImageOfPage":{"@id":"https:\/\/www.skamet.ee\/pl\/tooted\/piece-opalane-z-sasiedniego-pomieszczenia\/#primaryimage"},"image":{"@id":"https:\/\/www.skamet.ee\/pl\/tooted\/piece-opalane-z-sasiedniego-pomieszczenia\/#primaryimage"},"thumbnailUrl":"https:\/\/www.skamet.ee\/wp-content\/uploads\/2021\/03\/JPG-683x1024.-200x300-2.jpeg","datePublished":"2021-05-10T07:48:45+00:00","dateModified":"2021-05-19T05:51:11+00:00","breadcrumb":{"@id":"https:\/\/www.skamet.ee\/pl\/tooted\/piece-opalane-z-sasiedniego-pomieszczenia\/#breadcrumb"},"inLanguage":"pl-PL","potentialAction":[{"@type":"ReadAction","target":["https:\/\/www.skamet.ee\/pl\/tooted\/piece-opalane-z-sasiedniego-pomieszczenia\/"]}]},{"@type":"ImageObject","inLanguage":"pl-PL","@id":"https:\/\/www.skamet.ee\/pl\/tooted\/piece-opalane-z-sasiedniego-pomieszczenia\/#primaryimage","url":"https:\/\/www.skamet.ee\/wp-content\/uploads\/2021\/03\/JPG-683x1024.-200x300-2.jpeg","contentUrl":"https:\/\/www.skamet.ee\/wp-content\/uploads\/2021\/03\/JPG-683x1024.-200x300-2.jpeg","width":200,"height":300,"caption":"JPG 683x1024. 200x300 2"},{"@type":"BreadcrumbList","@id":"https:\/\/www.skamet.ee\/pl\/tooted\/piece-opalane-z-sasiedniego-pomieszczenia\/#breadcrumb","itemListElement":[{"@type":"ListItem","position":1,"name":"Home","item":"https:\/\/www.skamet.ee\/"},{"@type":"ListItem","position":2,"name":"Produkty","item":"https:\/\/www.skamet.ee\/pl\/sklep\/"},{"@type":"ListItem","position":3,"name":"Piece opalane z s\u0105siedniego pomieszczenia"}]},{"@type":"WebSite","@id":"https:\/\/www.skamet.ee\/#website","url":"https:\/\/www.skamet.ee\/","name":"Skamet O\u00dc","description":"Efektiivsed puuk\u00fcttega saunaahjud Eesti tootjalt","publisher":{"@id":"https:\/\/www.skamet.ee\/#organization"},"potentialAction":[{"@type":"SearchAction","target":{"@type":"EntryPoint","urlTemplate":"https:\/\/www.skamet.ee\/?s={search_term_string}"},"query-input":{"@type":"PropertyValueSpecification","valueRequired":true,"valueName":"search_term_string"}}],"inLanguage":"pl-PL"},{"@type":"Organization","@id":"https:\/\/www.skamet.ee\/#organization","name":"Skamet","url":"https:\/\/www.skamet.ee\/","logo":{"@type":"ImageObject","inLanguage":"pl-PL","@id":"https:\/\/www.skamet.ee\/#\/schema\/logo\/image\/","url":"https:\/\/www.skamet.ee\/wp-content\/uploads\/2024\/02\/logo-pl.jpg","contentUrl":"https:\/\/www.skamet.ee\/wp-content\/uploads\/2024\/02\/logo-pl.jpg","width":300,"height":127,"caption":"Skamet"},"image":{"@id":"https:\/\/www.skamet.ee\/#\/schema\/logo\/image\/"}}]}},"_links":{"self":[{"href":"https:\/\/www.skamet.ee\/pl\/wp-json\/wp\/v2\/product\/41201","targetHints":{"allow":["GET"]}}],"collection":[{"href":"https:\/\/www.skamet.ee\/pl\/wp-json\/wp\/v2\/product"}],"about":[{"href":"https:\/\/www.skamet.ee\/pl\/wp-json\/wp\/v2\/types\/product"}],"version-history":[{"count":1,"href":"https:\/\/www.skamet.ee\/pl\/wp-json\/wp\/v2\/product\/41201\/revisions"}],"predecessor-version":[{"id":41202,"href":"https:\/\/www.skamet.ee\/pl\/wp-json\/wp\/v2\/product\/41201\/revisions\/41202"}],"wp:featuredmedia":[{"embeddable":true,"href":"https:\/\/www.skamet.ee\/pl\/wp-json\/wp\/v2\/media\/40158"}],"wp:attachment":[{"href":"https:\/\/www.skamet.ee\/pl\/wp-json\/wp\/v2\/media?parent=41201"}],"wp:term":[{"taxonomy":"product_brand","embeddable":true,"href":"https:\/\/www.skamet.ee\/pl\/wp-json\/wp\/v2\/product_brand?post=41201"},{"taxonomy":"product_cat","embeddable":true,"href":"https:\/\/www.skamet.ee\/pl\/wp-json\/wp\/v2\/product_cat?post=41201"},{"taxonomy":"product_tag","embeddable":true,"href":"https:\/\/www.skamet.ee\/pl\/wp-json\/wp\/v2\/product_tag?post=41201"}],"curies":[{"name":"wp","href":"https:\/\/api.w.org\/{rel}","templated":true}]}}