{"id":41205,"date":"2021-05-10T10:51:44","date_gmt":"2021-05-10T07:51:44","guid":{"rendered":"https:\/\/uus.skamet.ee\/?post_type=product&#038;p=41205"},"modified":"2021-05-19T08:49:29","modified_gmt":"2021-05-19T05:49:29","slug":"piece-do-sauny-ogrzewane-z-tego-samego-pomieszczenia-2","status":"publish","type":"product","link":"https:\/\/www.skamet.ee\/pl\/tooted\/piece-do-sauny-ogrzewane-z-tego-samego-pomieszczenia-2\/","title":{"rendered":"Piece do sauny ogrzewane z tego samego pomieszczenia"},"content":{"rendered":"<p>Palenisko znajduje si\u0119 w saunie. Standardowe modele pozwalaj\u0105 jedynie na g\u00f3rne pod\u0142\u0105czenie do przewodu kominowego, od strony drzwiczek. Modele odwrotne, produkowane na zam\u00f3wienie, wyposa\u017cone s\u0105 w dodatkowe g\u00f3rne pod\u0142\u0105czenie do przewodu kominowego od strony tylnej \u015bciany.<\/p>\n<div class=\"dywp-alert grey\">Piece w prostok\u0105tnej os\u0142onie siatkowej<b>\u00a0<\/b><\/div>\n<p><strong>Piece do sauny s\u0105 wykonywane w dw\u00f3ch rozmiarach:<\/strong><br \/>\nMa\u0142e urz\u0105dzenie grzewcze\u00a0<strong>(model S-116)<\/strong>, ogrzewaj\u0105ce powierzchni\u0119 8 -18 m\u00b3; wysoko\u015b\u0107 pieca 81 \u0441m.\u00a0Ilosc kamieni 190 kg.<br \/>\nDu\u017ce urz\u0105dzenie grzewcze\u00a0<strong>(model S-120)<\/strong>, ogrzewaj\u0105ce powierzchni\u0119 16-25 m\u00b3; wysoko\u015b\u0107 pieca 86 \u0441m.\u00a0Ilosc kamieni 160 kg.<br \/>\nWszystkie wymiary znajduj\u0105 si\u0119 w podr\u0119cznikach u\u017cytkownika<\/p>\n<p>&nbsp;<\/p>\n<div id=\"unitegallery_16_1\" class=\"unite-gallery ug-gallery-wrapper ug-under-480 ug-theme-carousel\">\n<div class=\"ug-carousel-wrapper\">\n<div class=\"ug-carousel-inner\">\n<div class=\"ug-thumb-wrapper ug-tile ug-tile-clickable cloned\">\n<div class=\"ug-thumb-overlay\">\n<div class=\"ug-tile-icon ug-button-play ug-icon-zoom\"><\/div>\n<\/div>\n<p><img decoding=\"async\" class=\"ug-thumb-image ug-trans-enabled\" src=\"https:\/\/skamet.ee\/wp-content\/uploads\/2016\/01\/S-116-S-120-S-200x300.jpg\" alt=\"S-116; S-120 (S)\" \/><\/div>\n<div class=\"ug-thumb-wrapper ug-tile ug-tile-clickable cloned\">\n<div class=\"ug-thumb-overlay\">\n<div class=\"ug-tile-icon ug-button-play ug-icon-zoom\"><\/div>\n<\/div>\n<p><img decoding=\"async\" class=\"ug-thumb-image ug-trans-enabled\" src=\"https:\/\/skamet.ee\/wp-content\/uploads\/2016\/01\/S-116-S-120-200x300.jpg\" alt=\"S-116; S-120\" \/><\/div>\n<div class=\"ug-thumb-wrapper ug-tile ug-tile-clickable cloned\">\n<div class=\"ug-thumb-overlay\">\n<div class=\"ug-tile-icon ug-button-play ug-icon-zoom\"><\/div>\n<\/div>\n<\/div>\n<div class=\"ug-thumb-wrapper ug-tile ug-tile-clickable cloned\">\n<div class=\"ug-thumb-overlay\">\n<div class=\"ug-tile-icon ug-button-play ug-icon-zoom\"><\/div>\n<\/div>\n<\/div>\n<div class=\"ug-thumb-wrapper ug-tile ug-tile-clickable cloned\">\n<div class=\"ug-thumb-overlay\">\n<div class=\"ug-tile-icon ug-button-play ug-icon-zoom\"><\/div>\n<\/div>\n<p><img decoding=\"async\" class=\"ug-thumb-image ug-trans-enabled\" src=\"https:\/\/skamet.ee\/wp-content\/uploads\/2016\/02\/S-116..-300x200.jpg\" alt=\"S-116..\" \/><\/div>\n<div class=\"ug-thumb-wrapper ug-tile ug-tile-clickable ug-thumb-ratio-set\">\n<div class=\"ug-thumb-overlay\">\n<div class=\"ug-tile-icon ug-button-play ug-icon-zoom\"><\/div>\n<\/div>\n<\/div>\n<div class=\"ug-thumb-wrapper ug-tile ug-tile-clickable ug-thumb-ratio-set\">\n<div class=\"ug-thumb-overlay\">\n<div class=\"ug-tile-icon ug-button-play ug-icon-zoom\"><\/div>\n<\/div>\n<\/div>\n<\/div>\n<\/div>\n<\/div>\n<table border=\"0\">\n<tbody>\n<tr>\n<td><strong><b>Standardowe parametry produkt\u00f3w:<\/b><br \/>\n<\/strong>\u00bb \u00a0ze szklanymi drzwiczkami lub bez (230 x 230 mm);<br \/>\n\u00bb \u00a0g\u00f3rne po\u0142\u0105czenie do przewodu kominowego;<br \/>\n\u00bb \u00a0zawiasy drzwiczek po lewej stronie;<br \/>\n\u00bb \u00a0z mo\u017cliwo\u015bci\u0105 pod\u0142\u0105czenia do zbiornika wodnego (pod\u0142\u0105czenie z ty\u0142u, z lewej strony lub z prawej strony) lub bez.<\/td>\n<td><strong><b>Dodatkowe opcje:<\/b><\/strong><br \/>\n\u00bb \u00a0klamka ze stali nierdzewnej (taka jak uchwyt do drzwiczek kominka);<br \/>\n\u00bb \u00a0odwrotny model pieca;<br \/>\n\u00bb \u00a0zawiasy drzwiowe po prawej stronie;<br \/>\n\u00bb \u00a0wi\u0119cej opcji znajdziesz tutaj<\/td>\n<\/tr>\n<\/tbody>\n<\/table>\n<h2><\/h2>\n<div class=\"dywp-alert grey\"><strong>Piece w okr\u0105g\u0142ej os\u0142onie siatkowej\u00a0<\/strong><\/div>\n<p>Ma\u0142e urz\u0105dzenie grzewcze\u00a0<strong>(model SY-116)<\/strong>, ogrzewaj\u0105ce powierzchni\u0119 8 -18 m\u00b3; wysoko\u015b\u0107 pieca 81 \u0441m.\u00a0Ilosc kamieni 140 kg.<br \/>\nDu\u017ce urz\u0105dzenie grzewcze\u00a0<strong>(model SY-120)<\/strong>, ogrzewaj\u0105ce powierzchni\u0119 16-25 m\u00b3; wysoko\u015b\u0107 pieca 86 \u0441m.\u00a0Ilosc kamieni 110 kg.<br \/>\nWszystkie wymiary znajduj\u0105 si\u0119 w podr\u0119cznikach u\u017cytkownika<\/p>\n<p>&nbsp;<\/p>\n<div id=\"unitegallery_17_2\" class=\"unite-gallery ug-gallery-wrapper ug-under-480 ug-theme-carousel\">\n<div class=\"ug-carousel-wrapper\">\n<div class=\"ug-carousel-inner\">\n<div class=\"ug-thumb-wrapper ug-tile ug-tile-clickable cloned\">\n<div class=\"ug-thumb-overlay\">\n<div class=\"ug-tile-icon ug-button-play ug-icon-zoom\">\n<table border=\"0\">\n<tbody>\n<tr>\n<td><strong><b>Standard product parameters:<\/b><br \/>\n<\/strong>\u00bb \u00a0ze szklanymi drzwiczkami lub bez (230 x 230 mm);<br \/>\n\u00bb \u00a0g\u00f3rne po\u0142\u0105czenie do przewodu kominowego;<br \/>\n\u00bb \u00a0\u015brednica os\u0142ony siatkowej \u2013 56 \u0441m;<br \/>\n\u00bb \u00a0zawiasy drzwiczek po lewej stronie;<br \/>\n\u00bb \u00a0z mo\u017cliwo\u015bci\u0105 pod\u0142\u0105czenia do zbiornika wodnego (pod\u0142\u0105czenie z ty\u0142u, z lewej strony lub z prawej strony) lub bez.<\/td>\n<td><strong><b>Dodatkowe opcje:<\/b><\/strong><br \/>\n\u00bb \u00a0klamka ze stali nierdzewnej (taka jak uchwyt do drzwiczek kominka);<br \/>\n\u00bb \u00a0odwrotny model pieca;<br \/>\n\u00bb \u00a0zawiasy drzwiowe po prawej stronie;<br \/>\n\u00bb \u00a0wi\u0119cej opcji znajdzie<\/td>\n<\/tr>\n<\/tbody>\n<\/table>\n<\/div>\n<\/div>\n<\/div>\n<\/div>\n<\/div>\n<\/div>\n","protected":false},"excerpt":{"rendered":"<p>Palenisko znajduje si\u0119 w saunie. Standardowe modele pozwalaj\u0105 jedynie na g\u00f3rne pod\u0142\u0105czenie do przewodu kominowego, od strony drzwiczek. Modele odwrotne,<\/p>\n","protected":false},"featured_media":40493,"template":"","meta":{"_lmt_disableupdate":"","_lmt_disable":""},"product_brand":[],"product_cat":[312,382,386,387],"product_tag":[],"class_list":{"0":"post-41205","1":"product","2":"type-product","3":"status-publish","4":"has-post-thumbnail","6":"product_cat-samasta-tilasta-lammitettavat-fi","7":"product_cat-piece-do-sauny","8":"product_cat-piec-w-oslonie-siatkowej","9":"product_cat-piece-do-sauny-ogrzewane-z-tego-samego-pomieszczenia-pl","11":"first","12":"instock","13":"shipping-taxable","14":"product-type-simple"},"yoast_head":"<!-- This site is optimized with the Yoast SEO plugin v27.0 - https:\/\/yoast.com\/product\/yoast-seo-wordpress\/ -->\n<title>Piece do sauny ogrzewane z tego samego pomieszczenia - Skamet<\/title>\n<meta name=\"robots\" content=\"index, follow, max-snippet:-1, max-image-preview:large, max-video-preview:-1\" \/>\n<link rel=\"canonical\" href=\"https:\/\/www.skamet.ee\/pl\/tooted\/piece-do-sauny-ogrzewane-z-tego-samego-pomieszczenia-2\/\" \/>\n<meta property=\"og:locale\" content=\"pl_PL\" \/>\n<meta property=\"og:type\" content=\"article\" \/>\n<meta property=\"og:title\" content=\"Piece do sauny ogrzewane z tego samego pomieszczenia - Skamet\" \/>\n<meta property=\"og:description\" content=\"Palenisko znajduje si\u0119 w saunie. Standardowe modele pozwalaj\u0105 jedynie na g\u00f3rne pod\u0142\u0105czenie do przewodu kominowego, od strony drzwiczek. Modele odwrotne,\" \/>\n<meta property=\"og:url\" content=\"https:\/\/www.skamet.ee\/pl\/tooted\/piece-do-sauny-ogrzewane-z-tego-samego-pomieszczenia-2\/\" \/>\n<meta property=\"og:site_name\" content=\"Skamet\" \/>\n<meta property=\"article:modified_time\" content=\"2021-05-19T05:49:29+00:00\" \/>\n<meta property=\"og:image\" content=\"https:\/\/www.skamet.ee\/wp-content\/uploads\/2021\/03\/S-116-S-120-S-200x300-1.jpg\" \/>\n\t<meta property=\"og:image:width\" content=\"200\" \/>\n\t<meta property=\"og:image:height\" content=\"300\" \/>\n\t<meta property=\"og:image:type\" content=\"image\/jpeg\" \/>\n<meta name=\"twitter:card\" content=\"summary_large_image\" \/>\n<meta name=\"twitter:label1\" content=\"Szacowany czas czytania\" \/>\n\t<meta name=\"twitter:data1\" content=\"2 minuty\" \/>\n<script type=\"application\/ld+json\" class=\"yoast-schema-graph\">{\"@context\":\"https:\/\/schema.org\",\"@graph\":[{\"@type\":\"WebPage\",\"@id\":\"https:\/\/www.skamet.ee\/pl\/tooted\/piece-do-sauny-ogrzewane-z-tego-samego-pomieszczenia-2\/\",\"url\":\"https:\/\/www.skamet.ee\/pl\/tooted\/piece-do-sauny-ogrzewane-z-tego-samego-pomieszczenia-2\/\",\"name\":\"Piece do sauny ogrzewane z tego samego pomieszczenia - Skamet\",\"isPartOf\":{\"@id\":\"https:\/\/www.skamet.ee\/#website\"},\"primaryImageOfPage\":{\"@id\":\"https:\/\/www.skamet.ee\/pl\/tooted\/piece-do-sauny-ogrzewane-z-tego-samego-pomieszczenia-2\/#primaryimage\"},\"image\":{\"@id\":\"https:\/\/www.skamet.ee\/pl\/tooted\/piece-do-sauny-ogrzewane-z-tego-samego-pomieszczenia-2\/#primaryimage\"},\"thumbnailUrl\":\"https:\/\/www.skamet.ee\/wp-content\/uploads\/2021\/03\/S-116-S-120-S-200x300-1.jpg\",\"datePublished\":\"2021-05-10T07:51:44+00:00\",\"dateModified\":\"2021-05-19T05:49:29+00:00\",\"breadcrumb\":{\"@id\":\"https:\/\/www.skamet.ee\/pl\/tooted\/piece-do-sauny-ogrzewane-z-tego-samego-pomieszczenia-2\/#breadcrumb\"},\"inLanguage\":\"pl-PL\",\"potentialAction\":[{\"@type\":\"ReadAction\",\"target\":[\"https:\/\/www.skamet.ee\/pl\/tooted\/piece-do-sauny-ogrzewane-z-tego-samego-pomieszczenia-2\/\"]}]},{\"@type\":\"ImageObject\",\"inLanguage\":\"pl-PL\",\"@id\":\"https:\/\/www.skamet.ee\/pl\/tooted\/piece-do-sauny-ogrzewane-z-tego-samego-pomieszczenia-2\/#primaryimage\",\"url\":\"https:\/\/www.skamet.ee\/wp-content\/uploads\/2021\/03\/S-116-S-120-S-200x300-1.jpg\",\"contentUrl\":\"https:\/\/www.skamet.ee\/wp-content\/uploads\/2021\/03\/S-116-S-120-S-200x300-1.jpg\",\"width\":200,\"height\":300,\"caption\":\"S 116 S 120 S 200x300 1\"},{\"@type\":\"BreadcrumbList\",\"@id\":\"https:\/\/www.skamet.ee\/pl\/tooted\/piece-do-sauny-ogrzewane-z-tego-samego-pomieszczenia-2\/#breadcrumb\",\"itemListElement\":[{\"@type\":\"ListItem\",\"position\":1,\"name\":\"Home\",\"item\":\"https:\/\/www.skamet.ee\/\"},{\"@type\":\"ListItem\",\"position\":2,\"name\":\"Produkty\",\"item\":\"https:\/\/www.skamet.ee\/pl\/sklep\/\"},{\"@type\":\"ListItem\",\"position\":3,\"name\":\"Piece do sauny ogrzewane z tego samego pomieszczenia\"}]},{\"@type\":\"WebSite\",\"@id\":\"https:\/\/www.skamet.ee\/#website\",\"url\":\"https:\/\/www.skamet.ee\/\",\"name\":\"Skamet O\u00dc\",\"description\":\"Efektiivsed puuk\u00fcttega saunaahjud Eesti tootjalt\",\"publisher\":{\"@id\":\"https:\/\/www.skamet.ee\/#organization\"},\"potentialAction\":[{\"@type\":\"SearchAction\",\"target\":{\"@type\":\"EntryPoint\",\"urlTemplate\":\"https:\/\/www.skamet.ee\/?s={search_term_string}\"},\"query-input\":{\"@type\":\"PropertyValueSpecification\",\"valueRequired\":true,\"valueName\":\"search_term_string\"}}],\"inLanguage\":\"pl-PL\"},{\"@type\":\"Organization\",\"@id\":\"https:\/\/www.skamet.ee\/#organization\",\"name\":\"Skamet\",\"url\":\"https:\/\/www.skamet.ee\/\",\"logo\":{\"@type\":\"ImageObject\",\"inLanguage\":\"pl-PL\",\"@id\":\"https:\/\/www.skamet.ee\/#\/schema\/logo\/image\/\",\"url\":\"https:\/\/www.skamet.ee\/wp-content\/uploads\/2024\/02\/logo-pl.jpg\",\"contentUrl\":\"https:\/\/www.skamet.ee\/wp-content\/uploads\/2024\/02\/logo-pl.jpg\",\"width\":300,\"height\":127,\"caption\":\"Skamet\"},\"image\":{\"@id\":\"https:\/\/www.skamet.ee\/#\/schema\/logo\/image\/\"}}]}<\/script>\n<!-- \/ Yoast SEO plugin. -->","yoast_head_json":{"title":"Piece do sauny ogrzewane z tego samego pomieszczenia - Skamet","robots":{"index":"index","follow":"follow","max-snippet":"max-snippet:-1","max-image-preview":"max-image-preview:large","max-video-preview":"max-video-preview:-1"},"canonical":"https:\/\/www.skamet.ee\/pl\/tooted\/piece-do-sauny-ogrzewane-z-tego-samego-pomieszczenia-2\/","og_locale":"pl_PL","og_type":"article","og_title":"Piece do sauny ogrzewane z tego samego pomieszczenia - Skamet","og_description":"Palenisko znajduje si\u0119 w saunie. Standardowe modele pozwalaj\u0105 jedynie na g\u00f3rne pod\u0142\u0105czenie do przewodu kominowego, od strony drzwiczek. Modele odwrotne,","og_url":"https:\/\/www.skamet.ee\/pl\/tooted\/piece-do-sauny-ogrzewane-z-tego-samego-pomieszczenia-2\/","og_site_name":"Skamet","article_modified_time":"2021-05-19T05:49:29+00:00","og_image":[{"width":200,"height":300,"url":"https:\/\/www.skamet.ee\/wp-content\/uploads\/2021\/03\/S-116-S-120-S-200x300-1.jpg","type":"image\/jpeg"}],"twitter_card":"summary_large_image","twitter_misc":{"Szacowany czas czytania":"2 minuty"},"schema":{"@context":"https:\/\/schema.org","@graph":[{"@type":"WebPage","@id":"https:\/\/www.skamet.ee\/pl\/tooted\/piece-do-sauny-ogrzewane-z-tego-samego-pomieszczenia-2\/","url":"https:\/\/www.skamet.ee\/pl\/tooted\/piece-do-sauny-ogrzewane-z-tego-samego-pomieszczenia-2\/","name":"Piece do sauny ogrzewane z tego samego pomieszczenia - Skamet","isPartOf":{"@id":"https:\/\/www.skamet.ee\/#website"},"primaryImageOfPage":{"@id":"https:\/\/www.skamet.ee\/pl\/tooted\/piece-do-sauny-ogrzewane-z-tego-samego-pomieszczenia-2\/#primaryimage"},"image":{"@id":"https:\/\/www.skamet.ee\/pl\/tooted\/piece-do-sauny-ogrzewane-z-tego-samego-pomieszczenia-2\/#primaryimage"},"thumbnailUrl":"https:\/\/www.skamet.ee\/wp-content\/uploads\/2021\/03\/S-116-S-120-S-200x300-1.jpg","datePublished":"2021-05-10T07:51:44+00:00","dateModified":"2021-05-19T05:49:29+00:00","breadcrumb":{"@id":"https:\/\/www.skamet.ee\/pl\/tooted\/piece-do-sauny-ogrzewane-z-tego-samego-pomieszczenia-2\/#breadcrumb"},"inLanguage":"pl-PL","potentialAction":[{"@type":"ReadAction","target":["https:\/\/www.skamet.ee\/pl\/tooted\/piece-do-sauny-ogrzewane-z-tego-samego-pomieszczenia-2\/"]}]},{"@type":"ImageObject","inLanguage":"pl-PL","@id":"https:\/\/www.skamet.ee\/pl\/tooted\/piece-do-sauny-ogrzewane-z-tego-samego-pomieszczenia-2\/#primaryimage","url":"https:\/\/www.skamet.ee\/wp-content\/uploads\/2021\/03\/S-116-S-120-S-200x300-1.jpg","contentUrl":"https:\/\/www.skamet.ee\/wp-content\/uploads\/2021\/03\/S-116-S-120-S-200x300-1.jpg","width":200,"height":300,"caption":"S 116 S 120 S 200x300 1"},{"@type":"BreadcrumbList","@id":"https:\/\/www.skamet.ee\/pl\/tooted\/piece-do-sauny-ogrzewane-z-tego-samego-pomieszczenia-2\/#breadcrumb","itemListElement":[{"@type":"ListItem","position":1,"name":"Home","item":"https:\/\/www.skamet.ee\/"},{"@type":"ListItem","position":2,"name":"Produkty","item":"https:\/\/www.skamet.ee\/pl\/sklep\/"},{"@type":"ListItem","position":3,"name":"Piece do sauny ogrzewane z tego samego pomieszczenia"}]},{"@type":"WebSite","@id":"https:\/\/www.skamet.ee\/#website","url":"https:\/\/www.skamet.ee\/","name":"Skamet O\u00dc","description":"Efektiivsed puuk\u00fcttega saunaahjud Eesti tootjalt","publisher":{"@id":"https:\/\/www.skamet.ee\/#organization"},"potentialAction":[{"@type":"SearchAction","target":{"@type":"EntryPoint","urlTemplate":"https:\/\/www.skamet.ee\/?s={search_term_string}"},"query-input":{"@type":"PropertyValueSpecification","valueRequired":true,"valueName":"search_term_string"}}],"inLanguage":"pl-PL"},{"@type":"Organization","@id":"https:\/\/www.skamet.ee\/#organization","name":"Skamet","url":"https:\/\/www.skamet.ee\/","logo":{"@type":"ImageObject","inLanguage":"pl-PL","@id":"https:\/\/www.skamet.ee\/#\/schema\/logo\/image\/","url":"https:\/\/www.skamet.ee\/wp-content\/uploads\/2024\/02\/logo-pl.jpg","contentUrl":"https:\/\/www.skamet.ee\/wp-content\/uploads\/2024\/02\/logo-pl.jpg","width":300,"height":127,"caption":"Skamet"},"image":{"@id":"https:\/\/www.skamet.ee\/#\/schema\/logo\/image\/"}}]}},"_links":{"self":[{"href":"https:\/\/www.skamet.ee\/pl\/wp-json\/wp\/v2\/product\/41205","targetHints":{"allow":["GET"]}}],"collection":[{"href":"https:\/\/www.skamet.ee\/pl\/wp-json\/wp\/v2\/product"}],"about":[{"href":"https:\/\/www.skamet.ee\/pl\/wp-json\/wp\/v2\/types\/product"}],"version-history":[{"count":1,"href":"https:\/\/www.skamet.ee\/pl\/wp-json\/wp\/v2\/product\/41205\/revisions"}],"predecessor-version":[{"id":41206,"href":"https:\/\/www.skamet.ee\/pl\/wp-json\/wp\/v2\/product\/41205\/revisions\/41206"}],"wp:featuredmedia":[{"embeddable":true,"href":"https:\/\/www.skamet.ee\/pl\/wp-json\/wp\/v2\/media\/40493"}],"wp:attachment":[{"href":"https:\/\/www.skamet.ee\/pl\/wp-json\/wp\/v2\/media?parent=41205"}],"wp:term":[{"taxonomy":"product_brand","embeddable":true,"href":"https:\/\/www.skamet.ee\/pl\/wp-json\/wp\/v2\/product_brand?post=41205"},{"taxonomy":"product_cat","embeddable":true,"href":"https:\/\/www.skamet.ee\/pl\/wp-json\/wp\/v2\/product_cat?post=41205"},{"taxonomy":"product_tag","embeddable":true,"href":"https:\/\/www.skamet.ee\/pl\/wp-json\/wp\/v2\/product_tag?post=41205"}],"curies":[{"name":"wp","href":"https:\/\/api.w.org\/{rel}","templated":true}]}}