{"id":41207,"date":"2021-05-10T10:53:33","date_gmt":"2021-05-10T07:53:33","guid":{"rendered":"https:\/\/uus.skamet.ee\/?post_type=product&#038;p=41207"},"modified":"2021-05-19T08:48:56","modified_gmt":"2021-05-19T05:48:56","slug":"piece-opalane-z-zewnatrz-sauny","status":"publish","type":"product","link":"https:\/\/www.skamet.ee\/pl\/tooted\/piece-opalane-z-zewnatrz-sauny\/","title":{"rendered":"Piece opalane z zewn\u0105trz sauny"},"content":{"rendered":"<p>Piec jest zamontowany i ogrzewany z innego pomieszczenia. Cz\u0119\u015b\u0107 przechodz\u0105ca przez \u015bcian\u0119 ma d\u0142ugo\u015b\u0107 200 mm. Na specjalne \u017cyczenie mo\u017ce by\u0107 ona d\u0142u\u017csza albo kr\u00f3tsza. Standardowe modele posiadaj\u0105 tylko g\u00f3rne pod\u0142\u0105czenie do przewodu kominowego, od strony drzwiczek. Odwrotne modele s\u0105 produkowany na zam\u00f3wienie i posiadaj\u0105 dodatkowe pod\u0142\u0105czenie do przewodu kominowego wychodz\u0105ce z tylnej \u015bciany.<\/p>\n<div class=\"dywp-alert grey\">\u00a0Piece w prostok\u0105tnej os\u0142onie siatkowej<\/div>\n<p><strong>Piece do sauny s\u0105 wykonywane w dw\u00f3ch rozmiarach:<br \/>\n<\/strong><br \/>\nMa\u0142e urz\u0105dzenie grzewcze (<strong>model S-216<\/strong>), ogrzewaj\u0105ce powierzchni\u0119 8 -18 m\u00b3; wysoko\u015b\u0107 pieca 81 \u0441m.\u00a0Ilosc kamieni 190 kg.<br \/>\nDu\u017ce urz\u0105dzenie grzewcze (<strong>model S-220<\/strong>), ogrzewaj\u0105ce powierzchni\u0119 16-25 m\u00b3; wysoko\u015b\u0107 pieca 86 \u0441m.\u00a0Ilosc kamieni 160 kg.<br \/>\nWszystkie wymiary znajduj\u0105 si\u0119 w podr\u0119cznikach u\u017cytkownika<\/p>\n<div id=\"unitegallery_18_1\" class=\"unite-gallery ug-gallery-wrapper ug-under-480 ug-theme-carousel\">\n<div class=\"ug-carousel-wrapper\">\n<div class=\"ug-carousel-inner\">\n<div class=\"ug-thumb-wrapper ug-tile ug-tile-clickable cloned\">\n<div class=\"ug-thumb-overlay\">\n<div class=\"ug-tile-icon ug-button-play ug-icon-zoom\"><\/div>\n<\/div>\n<p><img decoding=\"async\" class=\"ug-thumb-image ug-trans-enabled\" src=\"https:\/\/skamet.ee\/wp-content\/uploads\/2016\/02\/S-216ILU-230.-200x300.jpg\" alt=\"S-216+ILU-230.\" \/><\/div>\n<div class=\"ug-thumb-wrapper ug-tile ug-tile-clickable cloned\">\n<div class=\"ug-thumb-overlay\"><\/div>\n<\/div>\n<div class=\"ug-thumb-wrapper ug-tile ug-tile-clickable cloned\"><\/div>\n<div class=\"ug-thumb-wrapper ug-tile ug-tile-clickable cloned\">\n<div class=\"ug-thumb-overlay\">\n<div class=\"ug-tile-icon ug-button-play ug-icon-zoom\"><\/div>\n<\/div>\n<\/div>\n<div class=\"ug-thumb-wrapper ug-tile ug-tile-clickable cloned\">\n<div class=\"ug-thumb-overlay\">\n<div class=\"ug-tile-icon ug-button-play ug-icon-zoom\"><\/div>\n<\/div>\n<\/div>\n<div class=\"ug-thumb-wrapper ug-tile ug-tile-clickable ug-thumb-ratio-set\">\n<div class=\"ug-thumb-overlay\">\n<div class=\"ug-tile-icon ug-button-play ug-icon-zoom\"><\/div>\n<\/div>\n<p><img decoding=\"async\" class=\"ug-thumb-image ug-trans-enabled\" src=\"https:\/\/skamet.ee\/wp-content\/uploads\/2016\/01\/Foto_24-1-300x300.jpg\" alt=\"Foto_24\" \/><\/div>\n<div class=\"ug-thumb-wrapper ug-tile ug-tile-clickable ug-thumb-ratio-set\">\n<div class=\"ug-thumb-overlay\">\n<div class=\"ug-tile-icon ug-button-play ug-icon-zoom\"><\/div>\n<\/div>\n<p><img decoding=\"async\" class=\"ug-thumb-image ug-trans-enabled\" src=\"https:\/\/skamet.ee\/wp-content\/uploads\/2016\/01\/S-216-S-220-200x300.jpg\" alt=\"S-216; S-220\" \/><\/div>\n<\/div>\n<\/div>\n<\/div>\n<p>&nbsp;<\/p>\n<table border=\"0\">\n<tbody>\n<tr>\n<td><strong><b>Standardowe parametry produkt\u00f3w:<\/b><br \/>\n<\/strong>\u00bb \u00a0ze szklanymi drzwiczkami lub bez (230 x 230 mm);<br \/>\n\u00bb \u00a0g\u00f3rne po\u0142\u0105czenie do przewodu kominowego;<br \/>\n\u00bb \u00a0zawiasy drzwiczek po lewej stronie;<br \/>\n\u00bb \u00a0z mo\u017cliwo\u015bci\u0105 pod\u0142\u0105czenia do zbiornika wodnego (pod\u0142\u0105czenie z ty\u0142u, z lewej strony lub z prawej strony) lub bez.<\/td>\n<td><strong><b>Dodatkowe opcje:<\/b><\/strong><br \/>\n\u00bb \u00a0klamka ze stali nierdzewnej (taka jak uchwyt do drzwiczek kominka);<br \/>\n\u00bb \u00a0odwrotny model pieca;<br \/>\n\u00bb \u00a0zawiasy drzwiowe po prawej stronie;<br \/>\n\u00bb \u00a0wi\u0119cej opcji znajdziesz tutaj<\/td>\n<\/tr>\n<\/tbody>\n<\/table>\n<div class=\"dywp-alert grey\">\u00a0<strong>Piece w okr\u0105g\u0142ej os\u0142onie siatkowej<\/strong><\/div>\n<p><strong>Piece do sauny s\u0105 wykonywane w dw\u00f3ch rozmiarach:<br \/>\n<\/strong><br \/>\nMa\u0142e urz\u0105dzenie grzewcze (<strong>model SY-216)<\/strong>, ogrzewaj\u0105ce powierzchni\u0119 8 -18 m\u00b3; wysoko\u015b\u0107 pieca 81 \u0441m.\u00a0Ilosc kamieni 140 kg.<br \/>\nDu\u017ce urz\u0105dzenie grzewcze (<strong>model SY-220)<\/strong>, ogrzewaj\u0105ce powierzchni\u0119 16-25 m\u00b3; wysoko\u015b\u0107 pieca 86 \u0441m.\u00a0Ilosc kamieni 110 kg.<br \/>\nWszystkie wymiary znajduj\u0105 si\u0119 w podr\u0119cznikach u\u017cytkownika<\/p>\n<p>&nbsp;<\/p>\n<div id=\"unitegallery_19_2\" class=\"unite-gallery ug-gallery-wrapper ug-under-480 ug-theme-carousel\">\n<div class=\"ug-carousel-wrapper\">\n<div class=\"ug-carousel-inner\">\n<div class=\"ug-thumb-wrapper ug-tile ug-tile-clickable cloned\">\n<div class=\"ug-thumb-overlay\">\n<div class=\"ug-tile-icon ug-button-play ug-icon-zoom\"><\/div>\n<\/div>\n<\/div>\n<div class=\"ug-thumb-wrapper ug-tile ug-tile-clickable cloned\"><\/div>\n<div class=\"ug-thumb-wrapper ug-tile ug-tile-clickable cloned\">\n<div class=\"ug-thumb-overlay\">\n<div class=\"ug-tile-icon ug-button-play ug-icon-zoom\"><\/div>\n<\/div>\n<p><img decoding=\"async\" class=\"ug-thumb-image ug-trans-enabled\" src=\"https:\/\/skamet.ee\/wp-content\/uploads\/2016\/02\/SY-216...-300x200.jpg\" alt=\"SY-216...\" \/><\/div>\n<div class=\"ug-thumb-wrapper ug-tile ug-tile-clickable cloned\">\n<div class=\"ug-thumb-overlay\">\n<div class=\"ug-tile-icon ug-button-play ug-icon-zoom\"><\/div>\n<\/div>\n<p><img decoding=\"async\" class=\"ug-thumb-image ug-trans-enabled\" src=\"https:\/\/skamet.ee\/wp-content\/uploads\/2016\/02\/SY-216.-1-300x200.jpg\" alt=\"SY-216,.\" \/><\/div>\n<div class=\"ug-thumb-wrapper ug-tile ug-tile-clickable ug-thumb-ratio-set\">\n<div class=\"ug-thumb-overlay\">\n<div class=\"ug-tile-icon ug-button-play ug-icon-zoom\"><\/div>\n<\/div>\n<\/div>\n<div class=\"ug-thumb-wrapper ug-tile ug-tile-clickable ug-thumb-ratio-set\">\n<div class=\"ug-thumb-overlay\"><\/div>\n<\/div>\n<\/div>\n<\/div>\n<\/div>\n<p>&nbsp;<\/p>\n<table border=\"0\">\n<tbody>\n<tr>\n<td><strong><b>Standardowe parametry produkt\u00f3w:<\/b><br \/>\n<\/strong>\u00bb \u00a0ze szklanymi drzwiczkami lub bez (230 x 230 mm);<br \/>\n\u00bb \u00a0g\u00f3rne po\u0142\u0105czenie do przewodu kominowego;<br \/>\n\u00bb \u00a0zawiasy drzwiczek po lewej stronie;<br \/>\n\u00bb \u00a0z mo\u017cliwo\u015bci\u0105 pod\u0142\u0105czenia do zbiornika wodnego (pod\u0142\u0105czenie z ty\u0142u, z lewej strony lub z prawej strony) lub bez.<\/td>\n<td><strong><b>Dodatkowe opcje:<\/b><\/strong><br \/>\n\u00bb \u00a0klamka ze stali nierdzewnej (taka jak uchwyt do drzwiczek kominka);<br \/>\n\u00bb \u00a0odwrotny model pieca;<br \/>\n\u00bb \u00a0zawiasy drzwiowe po prawej stronie;<br \/>\n\u00bb \u00a0wi\u0119cej opcji znajdziesz tutaj<\/td>\n<\/tr>\n<\/tbody>\n<\/table>\n<div class=\"dywp-alert grey\"><strong>Modele z drzwiczkami kominkowymi\u00a0<\/strong><\/div>\n<p><strong>Piece do sauny s\u0105 wykonywane w dw\u00f3ch rozmiarach:<br \/>\n<\/strong><br \/>\nMa\u0142e urz\u0105dzenie grzewcze (<strong>model ST-216)<\/strong>, ogrzewaj\u0105ce powierzchni\u0119 8 -18 m\u00b3; wysoko\u015b\u0107 pieca 81 \u0441m.\u00a0Ilosc kamieni 160 kg.<br \/>\nDu\u017ce urz\u0105dzenie grzewcze (<strong>model ST-220)<\/strong>, ogrzewaj\u0105ce powierzchni\u0119 16-25 m\u00b3; wysoko\u015b\u0107 pieca 86 \u0441m.\u00a0Ilosc kamieni 110 kg.<br \/>\nWszystkie wymiary znajduj\u0105 si\u0119 w podr\u0119cznikach u\u017cytkownika<\/p>\n<div id=\"unitegallery_20_3\" class=\"unite-gallery ug-gallery-wrapper ug-under-480 ug-theme-carousel\">\n<div class=\"ug-carousel-wrapper\">\n<div class=\"ug-carousel-inner\">\n<div class=\"ug-thumb-wrapper ug-tile ug-tile-clickable cloned\"><\/div>\n<div class=\"ug-thumb-wrapper ug-tile ug-tile-clickable ug-thumb-ratio-set\">\n<div class=\"ug-thumb-overlay\">\n<div class=\"ug-tile-icon ug-button-play ug-icon-zoom\"><\/div>\n<\/div>\n<p><img decoding=\"async\" class=\"ug-thumb-image ug-trans-enabled\" src=\"https:\/\/skamet.ee\/wp-content\/uploads\/2016\/01\/portfolio-1-260x300.jpg\" alt=\"portfolio\" \/><\/div>\n<div class=\"ug-thumb-wrapper ug-tile ug-tile-clickable ug-thumb-ratio-set\">\n<div class=\"ug-thumb-overlay\">\n<div class=\"ug-tile-icon ug-button-play ug-icon-zoom\"><\/div>\n<\/div>\n<\/div>\n<\/div>\n<\/div>\n<\/div>\n<p>&nbsp;<\/p>\n<table border=\"0\">\n<tbody>\n<tr>\n<td><strong><b>Standardowe parametry produkt\u00f3w:<\/b><br \/>\n<\/strong>\u00bb \u00a0ze szklanymi drzwiczkami lub bez (230 x 230 mm);<br \/>\n\u00bb \u00a0g\u00f3rne po\u0142\u0105czenie do przewodu kominowego;<br \/>\n\u00bb \u00a0zawiasy drzwiczek po lewej stronie;<br \/>\n\u00bb \u00a0z mo\u017cliwo\u015bci\u0105 pod\u0142\u0105czenia do zbiornika wodnego (pod\u0142\u0105czenie z ty\u0142u, z lewej strony lub z prawej strony) lub bez.<\/td>\n<td><strong><b>Dodatkowe opcje:<\/b><\/strong><br \/>\n\u00bb \u00a0bez szklanych drzwi;<br \/>\n\u00bb \u00a0odwrotny model pieca;<br \/>\n\u00bb \u00a0drewniany uchwyt (jak wsp\u00f3lnym piecem);<br \/>\n\u00bb \u00a0zawiasy drzwiowe po prawej stronie;<br \/>\n\u00bb \u00a0wi\u0119cej opcji znajdziesz tutaj<\/td>\n<\/tr>\n<\/tbody>\n<\/table>\n","protected":false},"excerpt":{"rendered":"<p>Piec jest zamontowany i ogrzewany z innego pomieszczenia. Cz\u0119\u015b\u0107 przechodz\u0105ca przez \u015bcian\u0119 ma d\u0142ugo\u015b\u0107 200 mm. Na specjalne \u017cyczenie mo\u017ce<\/p>\n","protected":false},"featured_media":40674,"template":"","meta":{"_lmt_disableupdate":"","_lmt_disable":""},"product_brand":[],"product_cat":[313,382,386,388],"product_tag":[],"class_list":{"0":"post-41207","1":"product","2":"type-product","3":"status-publish","4":"has-post-thumbnail","6":"product_cat-toisesta-tilasta-lammitettavat-fi","7":"product_cat-piece-do-sauny","8":"product_cat-piec-w-oslonie-siatkowej","9":"product_cat-piece-opalane-z-zewnatrz-sauny","11":"first","12":"instock","13":"shipping-taxable","14":"product-type-simple"},"yoast_head":"<!-- This site is optimized with the Yoast SEO plugin v27.0 - https:\/\/yoast.com\/product\/yoast-seo-wordpress\/ -->\n<title>Piece opalane z zewn\u0105trz sauny - Skamet<\/title>\n<meta name=\"robots\" content=\"index, follow, max-snippet:-1, max-image-preview:large, max-video-preview:-1\" \/>\n<link rel=\"canonical\" href=\"https:\/\/www.skamet.ee\/pl\/tooted\/piece-opalane-z-zewnatrz-sauny\/\" \/>\n<meta property=\"og:locale\" content=\"pl_PL\" \/>\n<meta property=\"og:type\" content=\"article\" \/>\n<meta property=\"og:title\" content=\"Piece opalane z zewn\u0105trz sauny - Skamet\" \/>\n<meta property=\"og:description\" content=\"Piec jest zamontowany i ogrzewany z innego pomieszczenia. Cz\u0119\u015b\u0107 przechodz\u0105ca przez \u015bcian\u0119 ma d\u0142ugo\u015b\u0107 200 mm. Na specjalne \u017cyczenie mo\u017ce\" \/>\n<meta property=\"og:url\" content=\"https:\/\/www.skamet.ee\/pl\/tooted\/piece-opalane-z-zewnatrz-sauny\/\" \/>\n<meta property=\"og:site_name\" content=\"Skamet\" \/>\n<meta property=\"article:modified_time\" content=\"2021-05-19T05:48:56+00:00\" \/>\n<meta property=\"og:image\" content=\"https:\/\/www.skamet.ee\/wp-content\/uploads\/2021\/04\/umar-vorkkorpus-teisest-ruumist.jpg\" \/>\n\t<meta property=\"og:image:width\" content=\"1000\" \/>\n\t<meta property=\"og:image:height\" content=\"1000\" \/>\n\t<meta property=\"og:image:type\" content=\"image\/jpeg\" \/>\n<meta name=\"twitter:card\" content=\"summary_large_image\" \/>\n<meta name=\"twitter:label1\" content=\"Szacowany czas czytania\" \/>\n\t<meta name=\"twitter:data1\" content=\"3 minuty\" \/>\n<script type=\"application\/ld+json\" class=\"yoast-schema-graph\">{\"@context\":\"https:\/\/schema.org\",\"@graph\":[{\"@type\":\"WebPage\",\"@id\":\"https:\/\/www.skamet.ee\/pl\/tooted\/piece-opalane-z-zewnatrz-sauny\/\",\"url\":\"https:\/\/www.skamet.ee\/pl\/tooted\/piece-opalane-z-zewnatrz-sauny\/\",\"name\":\"Piece opalane z zewn\u0105trz sauny - Skamet\",\"isPartOf\":{\"@id\":\"https:\/\/www.skamet.ee\/#website\"},\"primaryImageOfPage\":{\"@id\":\"https:\/\/www.skamet.ee\/pl\/tooted\/piece-opalane-z-zewnatrz-sauny\/#primaryimage\"},\"image\":{\"@id\":\"https:\/\/www.skamet.ee\/pl\/tooted\/piece-opalane-z-zewnatrz-sauny\/#primaryimage\"},\"thumbnailUrl\":\"https:\/\/www.skamet.ee\/wp-content\/uploads\/2021\/04\/umar-vorkkorpus-teisest-ruumist.jpg\",\"datePublished\":\"2021-05-10T07:53:33+00:00\",\"dateModified\":\"2021-05-19T05:48:56+00:00\",\"breadcrumb\":{\"@id\":\"https:\/\/www.skamet.ee\/pl\/tooted\/piece-opalane-z-zewnatrz-sauny\/#breadcrumb\"},\"inLanguage\":\"pl-PL\",\"potentialAction\":[{\"@type\":\"ReadAction\",\"target\":[\"https:\/\/www.skamet.ee\/pl\/tooted\/piece-opalane-z-zewnatrz-sauny\/\"]}]},{\"@type\":\"ImageObject\",\"inLanguage\":\"pl-PL\",\"@id\":\"https:\/\/www.skamet.ee\/pl\/tooted\/piece-opalane-z-zewnatrz-sauny\/#primaryimage\",\"url\":\"https:\/\/www.skamet.ee\/wp-content\/uploads\/2021\/04\/umar-vorkkorpus-teisest-ruumist.jpg\",\"contentUrl\":\"https:\/\/www.skamet.ee\/wp-content\/uploads\/2021\/04\/umar-vorkkorpus-teisest-ruumist.jpg\",\"width\":1000,\"height\":1000,\"caption\":\"umar vorkkorpus teisest ruumist\"},{\"@type\":\"BreadcrumbList\",\"@id\":\"https:\/\/www.skamet.ee\/pl\/tooted\/piece-opalane-z-zewnatrz-sauny\/#breadcrumb\",\"itemListElement\":[{\"@type\":\"ListItem\",\"position\":1,\"name\":\"Home\",\"item\":\"https:\/\/www.skamet.ee\/\"},{\"@type\":\"ListItem\",\"position\":2,\"name\":\"Produkty\",\"item\":\"https:\/\/www.skamet.ee\/pl\/sklep\/\"},{\"@type\":\"ListItem\",\"position\":3,\"name\":\"Piece opalane z zewn\u0105trz sauny\"}]},{\"@type\":\"WebSite\",\"@id\":\"https:\/\/www.skamet.ee\/#website\",\"url\":\"https:\/\/www.skamet.ee\/\",\"name\":\"Skamet O\u00dc\",\"description\":\"Efektiivsed puuk\u00fcttega saunaahjud Eesti tootjalt\",\"publisher\":{\"@id\":\"https:\/\/www.skamet.ee\/#organization\"},\"potentialAction\":[{\"@type\":\"SearchAction\",\"target\":{\"@type\":\"EntryPoint\",\"urlTemplate\":\"https:\/\/www.skamet.ee\/?s={search_term_string}\"},\"query-input\":{\"@type\":\"PropertyValueSpecification\",\"valueRequired\":true,\"valueName\":\"search_term_string\"}}],\"inLanguage\":\"pl-PL\"},{\"@type\":\"Organization\",\"@id\":\"https:\/\/www.skamet.ee\/#organization\",\"name\":\"Skamet\",\"url\":\"https:\/\/www.skamet.ee\/\",\"logo\":{\"@type\":\"ImageObject\",\"inLanguage\":\"pl-PL\",\"@id\":\"https:\/\/www.skamet.ee\/#\/schema\/logo\/image\/\",\"url\":\"https:\/\/www.skamet.ee\/wp-content\/uploads\/2024\/02\/logo-pl.jpg\",\"contentUrl\":\"https:\/\/www.skamet.ee\/wp-content\/uploads\/2024\/02\/logo-pl.jpg\",\"width\":300,\"height\":127,\"caption\":\"Skamet\"},\"image\":{\"@id\":\"https:\/\/www.skamet.ee\/#\/schema\/logo\/image\/\"}}]}<\/script>\n<!-- \/ Yoast SEO plugin. -->","yoast_head_json":{"title":"Piece opalane z zewn\u0105trz sauny - Skamet","robots":{"index":"index","follow":"follow","max-snippet":"max-snippet:-1","max-image-preview":"max-image-preview:large","max-video-preview":"max-video-preview:-1"},"canonical":"https:\/\/www.skamet.ee\/pl\/tooted\/piece-opalane-z-zewnatrz-sauny\/","og_locale":"pl_PL","og_type":"article","og_title":"Piece opalane z zewn\u0105trz sauny - Skamet","og_description":"Piec jest zamontowany i ogrzewany z innego pomieszczenia. Cz\u0119\u015b\u0107 przechodz\u0105ca przez \u015bcian\u0119 ma d\u0142ugo\u015b\u0107 200 mm. Na specjalne \u017cyczenie mo\u017ce","og_url":"https:\/\/www.skamet.ee\/pl\/tooted\/piece-opalane-z-zewnatrz-sauny\/","og_site_name":"Skamet","article_modified_time":"2021-05-19T05:48:56+00:00","og_image":[{"width":1000,"height":1000,"url":"https:\/\/www.skamet.ee\/wp-content\/uploads\/2021\/04\/umar-vorkkorpus-teisest-ruumist.jpg","type":"image\/jpeg"}],"twitter_card":"summary_large_image","twitter_misc":{"Szacowany czas czytania":"3 minuty"},"schema":{"@context":"https:\/\/schema.org","@graph":[{"@type":"WebPage","@id":"https:\/\/www.skamet.ee\/pl\/tooted\/piece-opalane-z-zewnatrz-sauny\/","url":"https:\/\/www.skamet.ee\/pl\/tooted\/piece-opalane-z-zewnatrz-sauny\/","name":"Piece opalane z zewn\u0105trz sauny - Skamet","isPartOf":{"@id":"https:\/\/www.skamet.ee\/#website"},"primaryImageOfPage":{"@id":"https:\/\/www.skamet.ee\/pl\/tooted\/piece-opalane-z-zewnatrz-sauny\/#primaryimage"},"image":{"@id":"https:\/\/www.skamet.ee\/pl\/tooted\/piece-opalane-z-zewnatrz-sauny\/#primaryimage"},"thumbnailUrl":"https:\/\/www.skamet.ee\/wp-content\/uploads\/2021\/04\/umar-vorkkorpus-teisest-ruumist.jpg","datePublished":"2021-05-10T07:53:33+00:00","dateModified":"2021-05-19T05:48:56+00:00","breadcrumb":{"@id":"https:\/\/www.skamet.ee\/pl\/tooted\/piece-opalane-z-zewnatrz-sauny\/#breadcrumb"},"inLanguage":"pl-PL","potentialAction":[{"@type":"ReadAction","target":["https:\/\/www.skamet.ee\/pl\/tooted\/piece-opalane-z-zewnatrz-sauny\/"]}]},{"@type":"ImageObject","inLanguage":"pl-PL","@id":"https:\/\/www.skamet.ee\/pl\/tooted\/piece-opalane-z-zewnatrz-sauny\/#primaryimage","url":"https:\/\/www.skamet.ee\/wp-content\/uploads\/2021\/04\/umar-vorkkorpus-teisest-ruumist.jpg","contentUrl":"https:\/\/www.skamet.ee\/wp-content\/uploads\/2021\/04\/umar-vorkkorpus-teisest-ruumist.jpg","width":1000,"height":1000,"caption":"umar vorkkorpus teisest ruumist"},{"@type":"BreadcrumbList","@id":"https:\/\/www.skamet.ee\/pl\/tooted\/piece-opalane-z-zewnatrz-sauny\/#breadcrumb","itemListElement":[{"@type":"ListItem","position":1,"name":"Home","item":"https:\/\/www.skamet.ee\/"},{"@type":"ListItem","position":2,"name":"Produkty","item":"https:\/\/www.skamet.ee\/pl\/sklep\/"},{"@type":"ListItem","position":3,"name":"Piece opalane z zewn\u0105trz sauny"}]},{"@type":"WebSite","@id":"https:\/\/www.skamet.ee\/#website","url":"https:\/\/www.skamet.ee\/","name":"Skamet O\u00dc","description":"Efektiivsed puuk\u00fcttega saunaahjud Eesti tootjalt","publisher":{"@id":"https:\/\/www.skamet.ee\/#organization"},"potentialAction":[{"@type":"SearchAction","target":{"@type":"EntryPoint","urlTemplate":"https:\/\/www.skamet.ee\/?s={search_term_string}"},"query-input":{"@type":"PropertyValueSpecification","valueRequired":true,"valueName":"search_term_string"}}],"inLanguage":"pl-PL"},{"@type":"Organization","@id":"https:\/\/www.skamet.ee\/#organization","name":"Skamet","url":"https:\/\/www.skamet.ee\/","logo":{"@type":"ImageObject","inLanguage":"pl-PL","@id":"https:\/\/www.skamet.ee\/#\/schema\/logo\/image\/","url":"https:\/\/www.skamet.ee\/wp-content\/uploads\/2024\/02\/logo-pl.jpg","contentUrl":"https:\/\/www.skamet.ee\/wp-content\/uploads\/2024\/02\/logo-pl.jpg","width":300,"height":127,"caption":"Skamet"},"image":{"@id":"https:\/\/www.skamet.ee\/#\/schema\/logo\/image\/"}}]}},"_links":{"self":[{"href":"https:\/\/www.skamet.ee\/pl\/wp-json\/wp\/v2\/product\/41207","targetHints":{"allow":["GET"]}}],"collection":[{"href":"https:\/\/www.skamet.ee\/pl\/wp-json\/wp\/v2\/product"}],"about":[{"href":"https:\/\/www.skamet.ee\/pl\/wp-json\/wp\/v2\/types\/product"}],"version-history":[{"count":1,"href":"https:\/\/www.skamet.ee\/pl\/wp-json\/wp\/v2\/product\/41207\/revisions"}],"predecessor-version":[{"id":41208,"href":"https:\/\/www.skamet.ee\/pl\/wp-json\/wp\/v2\/product\/41207\/revisions\/41208"}],"wp:featuredmedia":[{"embeddable":true,"href":"https:\/\/www.skamet.ee\/pl\/wp-json\/wp\/v2\/media\/40674"}],"wp:attachment":[{"href":"https:\/\/www.skamet.ee\/pl\/wp-json\/wp\/v2\/media?parent=41207"}],"wp:term":[{"taxonomy":"product_brand","embeddable":true,"href":"https:\/\/www.skamet.ee\/pl\/wp-json\/wp\/v2\/product_brand?post=41207"},{"taxonomy":"product_cat","embeddable":true,"href":"https:\/\/www.skamet.ee\/pl\/wp-json\/wp\/v2\/product_cat?post=41207"},{"taxonomy":"product_tag","embeddable":true,"href":"https:\/\/www.skamet.ee\/pl\/wp-json\/wp\/v2\/product_tag?post=41207"}],"curies":[{"name":"wp","href":"https:\/\/api.w.org\/{rel}","templated":true}]}}