{"id":41209,"date":"2021-05-10T10:54:22","date_gmt":"2021-05-10T07:54:22","guid":{"rendered":"https:\/\/uus.skamet.ee\/?post_type=product&#038;p=41209"},"modified":"2021-05-19T08:48:09","modified_gmt":"2021-05-19T05:48:09","slug":"zbiorniki-wodne-innego-przeznaczenia","status":"publish","type":"product","link":"https:\/\/www.skamet.ee\/pl\/tooted\/zbiorniki-wodne-innego-przeznaczenia\/","title":{"rendered":"Zbiorniki wodne innego przeznaczenia"},"content":{"rendered":"<p>Skamet O\u00dc produkuje zbiorniki wodne innego przeznaczenia:\u00a0<strong>bojlery wodne, zbiorniki akumulacyjne<\/strong>. S\u0105 one odlewane z metali \u017celaznych lub stali nierdzewnej.<br \/>\nStandardowa \u015brednica bojlera to 40 oraz 45 cm, a pojemno\u015b\u0107 80 \u2013 150 litr\u00f3w. Produkujemy zar\u00f3wno zamkni\u0119te bojlery, kt\u00f3re mog\u0105 zosta\u0107 pod\u0142\u0105czone do systemu zaopatrywania w wod\u0119 oraz otwarte, kt\u00f3re mog\u0105 by\u0107 u\u017cywane ze zbiornikami bezci\u015bnieniowymi. oferujemy bojlery poziome oraz pionowe. Opr\u00f3cz standardowej oferty, wytwarzamy bojlery na zam\u00f3wienie (np. wg rysunku lub bojlera klienta).<br \/>\nZbiorniki akumulacyjne \u2013 cylindryczne lub prostok\u0105tne \u2013 s\u0105 produkowane jedynie zgodnie z szkicami klienta. Produkujemy cylindryczne zbiorniki akumulacyjne o r\u00f3\u017cnej \u015brednicy \u2013 od 500 do 1200 mm.<\/p>\n","protected":false},"excerpt":{"rendered":"<p>Skamet O\u00dc produkuje zbiorniki wodne innego przeznaczenia:\u00a0bojlery wodne, zbiorniki akumulacyjne. S\u0105 one odlewane z metali \u017celaznych lub stali nierdzewnej. Standardowa<\/p>\n","protected":false},"featured_media":40577,"template":"","meta":{"_lmt_disableupdate":"","_lmt_disable":""},"product_brand":[],"product_cat":[305],"product_tag":[],"class_list":{"0":"post-41209","1":"product","2":"type-product","3":"status-publish","4":"has-post-thumbnail","6":"product_cat-puukiuas","8":"first","9":"instock","10":"shipping-taxable","11":"product-type-simple"},"yoast_head":"<!-- This site is optimized with the Yoast SEO plugin v27.0 - https:\/\/yoast.com\/product\/yoast-seo-wordpress\/ -->\n<title>Zbiorniki wodne innego przeznaczenia - Skamet<\/title>\n<meta name=\"robots\" content=\"index, follow, max-snippet:-1, max-image-preview:large, max-video-preview:-1\" \/>\n<link rel=\"canonical\" href=\"https:\/\/www.skamet.ee\/pl\/tooted\/zbiorniki-wodne-innego-przeznaczenia\/\" \/>\n<meta property=\"og:locale\" content=\"pl_PL\" \/>\n<meta property=\"og:type\" content=\"article\" \/>\n<meta property=\"og:title\" content=\"Zbiorniki wodne innego przeznaczenia - Skamet\" \/>\n<meta property=\"og:description\" content=\"Skamet O\u00dc produkuje zbiorniki wodne innego przeznaczenia:\u00a0bojlery wodne, zbiorniki akumulacyjne. S\u0105 one odlewane z metali \u017celaznych lub stali nierdzewnej. Standardowa\" \/>\n<meta property=\"og:url\" content=\"https:\/\/www.skamet.ee\/pl\/tooted\/zbiorniki-wodne-innego-przeznaczenia\/\" \/>\n<meta property=\"og:site_name\" content=\"Skamet\" \/>\n<meta property=\"article:modified_time\" content=\"2021-05-19T05:48:09+00:00\" \/>\n<meta property=\"og:image\" content=\"https:\/\/www.skamet.ee\/wp-content\/uploads\/2021\/03\/IMG_20140220_101619_clipped_rev_1-261x300-1.png\" \/>\n\t<meta property=\"og:image:width\" content=\"261\" \/>\n\t<meta property=\"og:image:height\" content=\"300\" \/>\n\t<meta property=\"og:image:type\" content=\"image\/png\" \/>\n<meta name=\"twitter:card\" content=\"summary_large_image\" \/>\n<meta name=\"twitter:label1\" content=\"Szacowany czas czytania\" \/>\n\t<meta name=\"twitter:data1\" content=\"1 minuta\" \/>\n<script type=\"application\/ld+json\" class=\"yoast-schema-graph\">{\"@context\":\"https:\/\/schema.org\",\"@graph\":[{\"@type\":\"WebPage\",\"@id\":\"https:\/\/www.skamet.ee\/pl\/tooted\/zbiorniki-wodne-innego-przeznaczenia\/\",\"url\":\"https:\/\/www.skamet.ee\/pl\/tooted\/zbiorniki-wodne-innego-przeznaczenia\/\",\"name\":\"Zbiorniki wodne innego przeznaczenia - Skamet\",\"isPartOf\":{\"@id\":\"https:\/\/www.skamet.ee\/#website\"},\"primaryImageOfPage\":{\"@id\":\"https:\/\/www.skamet.ee\/pl\/tooted\/zbiorniki-wodne-innego-przeznaczenia\/#primaryimage\"},\"image\":{\"@id\":\"https:\/\/www.skamet.ee\/pl\/tooted\/zbiorniki-wodne-innego-przeznaczenia\/#primaryimage\"},\"thumbnailUrl\":\"https:\/\/www.skamet.ee\/wp-content\/uploads\/2021\/03\/IMG_20140220_101619_clipped_rev_1-261x300-1.png\",\"datePublished\":\"2021-05-10T07:54:22+00:00\",\"dateModified\":\"2021-05-19T05:48:09+00:00\",\"breadcrumb\":{\"@id\":\"https:\/\/www.skamet.ee\/pl\/tooted\/zbiorniki-wodne-innego-przeznaczenia\/#breadcrumb\"},\"inLanguage\":\"pl-PL\",\"potentialAction\":[{\"@type\":\"ReadAction\",\"target\":[\"https:\/\/www.skamet.ee\/pl\/tooted\/zbiorniki-wodne-innego-przeznaczenia\/\"]}]},{\"@type\":\"ImageObject\",\"inLanguage\":\"pl-PL\",\"@id\":\"https:\/\/www.skamet.ee\/pl\/tooted\/zbiorniki-wodne-innego-przeznaczenia\/#primaryimage\",\"url\":\"https:\/\/www.skamet.ee\/wp-content\/uploads\/2021\/03\/IMG_20140220_101619_clipped_rev_1-261x300-1.png\",\"contentUrl\":\"https:\/\/www.skamet.ee\/wp-content\/uploads\/2021\/03\/IMG_20140220_101619_clipped_rev_1-261x300-1.png\",\"width\":261,\"height\":300,\"caption\":\"IMG 20140220 101619 clipped rev 1 261x300 1\"},{\"@type\":\"BreadcrumbList\",\"@id\":\"https:\/\/www.skamet.ee\/pl\/tooted\/zbiorniki-wodne-innego-przeznaczenia\/#breadcrumb\",\"itemListElement\":[{\"@type\":\"ListItem\",\"position\":1,\"name\":\"Home\",\"item\":\"https:\/\/www.skamet.ee\/\"},{\"@type\":\"ListItem\",\"position\":2,\"name\":\"Produkty\",\"item\":\"https:\/\/www.skamet.ee\/pl\/sklep\/\"},{\"@type\":\"ListItem\",\"position\":3,\"name\":\"Zbiorniki wodne innego przeznaczenia\"}]},{\"@type\":\"WebSite\",\"@id\":\"https:\/\/www.skamet.ee\/#website\",\"url\":\"https:\/\/www.skamet.ee\/\",\"name\":\"Skamet O\u00dc\",\"description\":\"Efektiivsed puuk\u00fcttega saunaahjud Eesti tootjalt\",\"publisher\":{\"@id\":\"https:\/\/www.skamet.ee\/#organization\"},\"potentialAction\":[{\"@type\":\"SearchAction\",\"target\":{\"@type\":\"EntryPoint\",\"urlTemplate\":\"https:\/\/www.skamet.ee\/?s={search_term_string}\"},\"query-input\":{\"@type\":\"PropertyValueSpecification\",\"valueRequired\":true,\"valueName\":\"search_term_string\"}}],\"inLanguage\":\"pl-PL\"},{\"@type\":\"Organization\",\"@id\":\"https:\/\/www.skamet.ee\/#organization\",\"name\":\"Skamet\",\"url\":\"https:\/\/www.skamet.ee\/\",\"logo\":{\"@type\":\"ImageObject\",\"inLanguage\":\"pl-PL\",\"@id\":\"https:\/\/www.skamet.ee\/#\/schema\/logo\/image\/\",\"url\":\"https:\/\/www.skamet.ee\/wp-content\/uploads\/2024\/02\/logo-pl.jpg\",\"contentUrl\":\"https:\/\/www.skamet.ee\/wp-content\/uploads\/2024\/02\/logo-pl.jpg\",\"width\":300,\"height\":127,\"caption\":\"Skamet\"},\"image\":{\"@id\":\"https:\/\/www.skamet.ee\/#\/schema\/logo\/image\/\"}}]}<\/script>\n<!-- \/ Yoast SEO plugin. -->","yoast_head_json":{"title":"Zbiorniki wodne innego przeznaczenia - Skamet","robots":{"index":"index","follow":"follow","max-snippet":"max-snippet:-1","max-image-preview":"max-image-preview:large","max-video-preview":"max-video-preview:-1"},"canonical":"https:\/\/www.skamet.ee\/pl\/tooted\/zbiorniki-wodne-innego-przeznaczenia\/","og_locale":"pl_PL","og_type":"article","og_title":"Zbiorniki wodne innego przeznaczenia - Skamet","og_description":"Skamet O\u00dc produkuje zbiorniki wodne innego przeznaczenia:\u00a0bojlery wodne, zbiorniki akumulacyjne. S\u0105 one odlewane z metali \u017celaznych lub stali nierdzewnej. Standardowa","og_url":"https:\/\/www.skamet.ee\/pl\/tooted\/zbiorniki-wodne-innego-przeznaczenia\/","og_site_name":"Skamet","article_modified_time":"2021-05-19T05:48:09+00:00","og_image":[{"width":261,"height":300,"url":"https:\/\/www.skamet.ee\/wp-content\/uploads\/2021\/03\/IMG_20140220_101619_clipped_rev_1-261x300-1.png","type":"image\/png"}],"twitter_card":"summary_large_image","twitter_misc":{"Szacowany czas czytania":"1 minuta"},"schema":{"@context":"https:\/\/schema.org","@graph":[{"@type":"WebPage","@id":"https:\/\/www.skamet.ee\/pl\/tooted\/zbiorniki-wodne-innego-przeznaczenia\/","url":"https:\/\/www.skamet.ee\/pl\/tooted\/zbiorniki-wodne-innego-przeznaczenia\/","name":"Zbiorniki wodne innego przeznaczenia - Skamet","isPartOf":{"@id":"https:\/\/www.skamet.ee\/#website"},"primaryImageOfPage":{"@id":"https:\/\/www.skamet.ee\/pl\/tooted\/zbiorniki-wodne-innego-przeznaczenia\/#primaryimage"},"image":{"@id":"https:\/\/www.skamet.ee\/pl\/tooted\/zbiorniki-wodne-innego-przeznaczenia\/#primaryimage"},"thumbnailUrl":"https:\/\/www.skamet.ee\/wp-content\/uploads\/2021\/03\/IMG_20140220_101619_clipped_rev_1-261x300-1.png","datePublished":"2021-05-10T07:54:22+00:00","dateModified":"2021-05-19T05:48:09+00:00","breadcrumb":{"@id":"https:\/\/www.skamet.ee\/pl\/tooted\/zbiorniki-wodne-innego-przeznaczenia\/#breadcrumb"},"inLanguage":"pl-PL","potentialAction":[{"@type":"ReadAction","target":["https:\/\/www.skamet.ee\/pl\/tooted\/zbiorniki-wodne-innego-przeznaczenia\/"]}]},{"@type":"ImageObject","inLanguage":"pl-PL","@id":"https:\/\/www.skamet.ee\/pl\/tooted\/zbiorniki-wodne-innego-przeznaczenia\/#primaryimage","url":"https:\/\/www.skamet.ee\/wp-content\/uploads\/2021\/03\/IMG_20140220_101619_clipped_rev_1-261x300-1.png","contentUrl":"https:\/\/www.skamet.ee\/wp-content\/uploads\/2021\/03\/IMG_20140220_101619_clipped_rev_1-261x300-1.png","width":261,"height":300,"caption":"IMG 20140220 101619 clipped rev 1 261x300 1"},{"@type":"BreadcrumbList","@id":"https:\/\/www.skamet.ee\/pl\/tooted\/zbiorniki-wodne-innego-przeznaczenia\/#breadcrumb","itemListElement":[{"@type":"ListItem","position":1,"name":"Home","item":"https:\/\/www.skamet.ee\/"},{"@type":"ListItem","position":2,"name":"Produkty","item":"https:\/\/www.skamet.ee\/pl\/sklep\/"},{"@type":"ListItem","position":3,"name":"Zbiorniki wodne innego przeznaczenia"}]},{"@type":"WebSite","@id":"https:\/\/www.skamet.ee\/#website","url":"https:\/\/www.skamet.ee\/","name":"Skamet O\u00dc","description":"Efektiivsed puuk\u00fcttega saunaahjud Eesti tootjalt","publisher":{"@id":"https:\/\/www.skamet.ee\/#organization"},"potentialAction":[{"@type":"SearchAction","target":{"@type":"EntryPoint","urlTemplate":"https:\/\/www.skamet.ee\/?s={search_term_string}"},"query-input":{"@type":"PropertyValueSpecification","valueRequired":true,"valueName":"search_term_string"}}],"inLanguage":"pl-PL"},{"@type":"Organization","@id":"https:\/\/www.skamet.ee\/#organization","name":"Skamet","url":"https:\/\/www.skamet.ee\/","logo":{"@type":"ImageObject","inLanguage":"pl-PL","@id":"https:\/\/www.skamet.ee\/#\/schema\/logo\/image\/","url":"https:\/\/www.skamet.ee\/wp-content\/uploads\/2024\/02\/logo-pl.jpg","contentUrl":"https:\/\/www.skamet.ee\/wp-content\/uploads\/2024\/02\/logo-pl.jpg","width":300,"height":127,"caption":"Skamet"},"image":{"@id":"https:\/\/www.skamet.ee\/#\/schema\/logo\/image\/"}}]}},"_links":{"self":[{"href":"https:\/\/www.skamet.ee\/pl\/wp-json\/wp\/v2\/product\/41209","targetHints":{"allow":["GET"]}}],"collection":[{"href":"https:\/\/www.skamet.ee\/pl\/wp-json\/wp\/v2\/product"}],"about":[{"href":"https:\/\/www.skamet.ee\/pl\/wp-json\/wp\/v2\/types\/product"}],"version-history":[{"count":1,"href":"https:\/\/www.skamet.ee\/pl\/wp-json\/wp\/v2\/product\/41209\/revisions"}],"predecessor-version":[{"id":41210,"href":"https:\/\/www.skamet.ee\/pl\/wp-json\/wp\/v2\/product\/41209\/revisions\/41210"}],"wp:featuredmedia":[{"embeddable":true,"href":"https:\/\/www.skamet.ee\/pl\/wp-json\/wp\/v2\/media\/40577"}],"wp:attachment":[{"href":"https:\/\/www.skamet.ee\/pl\/wp-json\/wp\/v2\/media?parent=41209"}],"wp:term":[{"taxonomy":"product_brand","embeddable":true,"href":"https:\/\/www.skamet.ee\/pl\/wp-json\/wp\/v2\/product_brand?post=41209"},{"taxonomy":"product_cat","embeddable":true,"href":"https:\/\/www.skamet.ee\/pl\/wp-json\/wp\/v2\/product_cat?post=41209"},{"taxonomy":"product_tag","embeddable":true,"href":"https:\/\/www.skamet.ee\/pl\/wp-json\/wp\/v2\/product_tag?post=41209"}],"curies":[{"name":"wp","href":"https:\/\/api.w.org\/{rel}","templated":true}]}}