{"id":41212,"date":"2021-05-10T10:55:50","date_gmt":"2021-05-10T07:55:50","guid":{"rendered":"https:\/\/uus.skamet.ee\/?post_type=product&#038;p=41212"},"modified":"2021-05-19T08:47:39","modified_gmt":"2021-05-19T05:47:39","slug":"bojlery","status":"publish","type":"product","link":"https:\/\/www.skamet.ee\/pl\/tooted\/bojlery\/","title":{"rendered":"Bojlery"},"content":{"rendered":"<p>Standardowe bojlery podgrzewaj\u0105ce wod\u0119 produkujemy od po\u0142owy lat 90. Standardowe modele s\u0105 puste. Bojler mo\u017ce zosta\u0107 pod\u0142\u0105czony do pieca opalanego drewnem. Woda ogrzewana jest dzi\u0119ki naturalnej cyrkulacji. Bojlery ze stali nierdzewnej s\u0105 wyposa\u017cone w anody (podlegaj\u0105ce wymianie raz w roku lub cz\u0119\u015bciej, w miar\u0119 potrzeb). Wszystkie bojlery musz\u0105 by\u0107 wyposa\u017cone w zaw\u00f3r ochronny.<\/p>\n<p>Poza standardowymi modelami produkujemy r\u00f3wnie\u017c bojlery na zam\u00f3wienie klienta:<strong>\u00a0z zaworem motylkowym<\/strong>\u00a0lub o\u00a0<strong>podw\u00f3jnych \u015bcianach<\/strong>.<\/p>\n<div class=\"dywp-alert grey\">Zamkni\u0119te zbiorniki na ciep\u0142\u0105 wod\u0119<\/div>\n<table border=\"0\">\n<tbody>\n<tr>\n<td><\/td>\n<td>\u015arednica standardowego bojlera to 40 oraz 45 cm. Bojlery posiadaj\u0105 4 z\u0142\u0105czki: dwie \u00bd-calowe i dwie \u00be cala.<b><br \/>\n<\/b><br \/>\n<strong>Wszystkie wymiary znajduj\u0105 si\u0119 w\u00a0<a href=\"https:\/\/skamet.ee\/wp-content\/uploads\/2013\/12\/ENG_Boiler_2lk.pdf\" target=\"_blank\" rel=\"noopener\">podr\u0119cznikach u\u017cytkownika<\/a><\/strong><\/td>\n<\/tr>\n<\/tbody>\n<\/table>\n<p>&nbsp;<\/p>\n<div id=\"unitegallery_22_1\" class=\"unite-gallery ug-gallery-wrapper ug-under-480 ug-theme-carousel\">\n<div class=\"ug-carousel-wrapper\">\n<div class=\"ug-carousel-inner\">\n<div class=\"ug-thumb-wrapper ug-tile ug-tile-clickable cloned\">\n<div class=\"ug-thumb-overlay\">\n<div class=\"ug-tile-icon ug-button-play ug-icon-zoom\"><\/div>\n<\/div>\n<p><img decoding=\"async\" class=\"ug-thumb-image ug-trans-enabled\" src=\"https:\/\/skamet.ee\/wp-content\/uploads\/2016\/02\/B-80-H1-300x243.jpg\" alt=\"B-80 H1\" \/><\/div>\n<div class=\"ug-thumb-wrapper ug-tile ug-tile-clickable cloned\">\n<div class=\"ug-thumb-overlay\">\n<div class=\"ug-tile-icon ug-button-play ug-icon-zoom\"><\/div>\n<\/div>\n<p><img decoding=\"async\" class=\"ug-thumb-image ug-trans-enabled\" src=\"https:\/\/skamet.ee\/wp-content\/uploads\/2016\/02\/B-80-V-268x300.jpg\" alt=\"B-80 V\" \/><\/div>\n<div class=\"ug-thumb-wrapper ug-tile ug-tile-clickable cloned\">\n<div class=\"ug-thumb-overlay\">\n<div class=\"ug-tile-icon ug-button-play ug-icon-zoom\"><\/div>\n<\/div>\n<\/div>\n<\/div>\n<\/div>\n<\/div>\n<table border=\"1\">\n<tbody>\n<tr>\n<td><b><strong>Standardowe parametry produktu:<\/strong>\u00a0:<\/b><\/td>\n<td><b><strong>Opcje dodatkowe<\/strong>:<\/b><\/td>\n<\/tr>\n<tr>\n<td><strong>\u00bb<\/strong>\u00a0boiler capacity 80 \u2013 150 litres;<br \/>\n<strong>\u00bb<\/strong>\u00a0\u015brednica 40 oraz 45 cm;<br \/>\n<strong>\u00bb<\/strong>\u00a0poziomy;<br \/>\n<strong>\u00bb<\/strong>\u00a0pionowy;<br \/>\n<strong>\u00bb<\/strong>\u00a0\u017celazo (3 mm grubo\u015bci) lub metal odporny na korozj\u0119 (2 mm grubo\u015bci).<\/td>\n<td><strong>\u00bb<\/strong>\u00a0wi\u0119ksza lub mniejsza pojemno\u015b\u0107;<br \/>\n<strong>\u00bb<\/strong>\u00a0inna \u015brednica \u2013 50 cm;<br \/>\n<strong>\u00bb<\/strong>\u00a0bojler poziomy w zestawie z wannami w kszta\u0142cie beczki, kt\u00f3re mog\u0105 by\u0107 zamontowane w \u015bcianie, na pod\u0142odze lub pod sufitem;<br \/>\n<strong>\u00bb<\/strong>\u00a0pionowy bojler mocowany do \u015bciany: po lewej lub po prawej stronie;<br \/>\n<strong>\u00bb<\/strong>\u00a0mo\u017cliwo\u015b\u0107 wykonania z grubszego metalu.<\/td>\n<\/tr>\n<\/tbody>\n<\/table>\n<h3><\/h3>\n<div class=\"dywp-alert grey\">Otwarte zbiorniki na ciep\u0142\u0105 wod\u0119<\/div>\n<table border=\"0\">\n<tbody>\n<tr>\n<td><\/td>\n<td>Standardowe zbiorniki na wod\u0119 maj\u0105 \u015brednic\u0119 45 cm. \u0422rzy z\u0142\u0105czki: jedna \u00bd-calowa i dwie \u00be cala.<br \/>\n<strong>Wszystkie wymiary znajduj\u0105 si\u0119 w\u00a0<a href=\"https:\/\/skamet.ee\/wp-content\/uploads\/2013\/12\/ENG_Boiler_2lk.pdf\" target=\"_blank\" rel=\"noopener\">podr\u0119cznikach u\u017cytkownika<\/a><\/strong><\/td>\n<\/tr>\n<\/tbody>\n<\/table>\n<p>&nbsp;<\/p>\n<div id=\"unitegallery_23_2\" class=\"unite-gallery ug-gallery-wrapper ug-under-480 ug-theme-carousel\">\n<div class=\"ug-carousel-wrapper\">\n<div class=\"ug-carousel-inner\">\n<div class=\"ug-thumb-wrapper ug-tile ug-tile-clickable cloned\">\n<div class=\"ug-thumb-overlay\">\n<div class=\"ug-tile-icon ug-button-play ug-icon-zoom\"><\/div>\n<\/div>\n<p><img decoding=\"async\" class=\"ug-thumb-image ug-trans-enabled\" src=\"https:\/\/skamet.ee\/wp-content\/uploads\/2013\/04\/IMG_20140701_164838_clipped_rev_1-290x300.png\" alt=\"IMG_20140701_164838_clipped_rev_1\" \/><\/div>\n<div class=\"ug-thumb-wrapper ug-tile ug-tile-clickable cloned\">\n<div class=\"ug-thumb-overlay\">\n<div class=\"ug-tile-icon ug-button-play ug-icon-zoom\"><\/div>\n<\/div>\n<p><img decoding=\"async\" class=\"ug-thumb-image ug-trans-enabled\" src=\"https:\/\/skamet.ee\/wp-content\/uploads\/2013\/04\/BO-110-300x264.jpg\" alt=\"BO-110\" \/><\/div>\n<div class=\"ug-thumb-wrapper ug-tile ug-tile-clickable cloned\">\n<div class=\"ug-thumb-overlay\">\n<div class=\"ug-tile-icon ug-button-play ug-icon-zoom\"><\/div>\n<\/div>\n<p><img decoding=\"async\" class=\"ug-thumb-image ug-trans-enabled\" src=\"https:\/\/skamet.ee\/wp-content\/uploads\/2013\/04\/P1090678-279x300.jpg\" alt=\"P1090678\" \/><\/div>\n<div class=\"ug-thumb-wrapper ug-tile ug-tile-clickable cloned\">\n<div class=\"ug-thumb-overlay\">\n<div class=\"ug-tile-icon ug-button-play ug-icon-zoom\"><\/div>\n<\/div>\n<p><img decoding=\"async\" class=\"ug-thumb-image ug-trans-enabled\" src=\"https:\/\/skamet.ee\/wp-content\/uploads\/2013\/04\/P1090677-278x300.jpg\" alt=\"P1090677\" \/><\/div>\n<div class=\"ug-thumb-wrapper ug-tile ug-tile-clickable cloned\">\n<div class=\"ug-thumb-overlay\">\n<div class=\"ug-tile-icon ug-button-play ug-icon-zoom\"><\/div>\n<\/div>\n<\/div>\n<\/div>\n<\/div>\n<\/div>\n<p>&nbsp;<\/p>\n<table border=\"1\">\n<tbody>\n<tr>\n<td><b><strong>Standardowe parametry produktu<\/strong>:<\/b><\/td>\n<td><b><strong>Opcje dodatkowe<\/strong>:<\/b><\/td>\n<\/tr>\n<tr>\n<td><strong>\u00bb<\/strong>\u00a0pojemno\u015b\u0107 zbiornika 80 \u2013 150 litr\u00f3w;<br \/>\n<strong>\u00bb<\/strong>\u00a0\u015brednica 45 cm;<br \/>\n<strong>\u00bb<\/strong>\u00a01 z\u0142\u0105czka \u00bd\u201d na dnie, wykorzystywana do odp\u0142ywu wody;<br \/>\n<strong>\u00bb<\/strong>\u00a0z n\u00f3\u017ckami: wysoko\u015b\u0107 25 cm;<br \/>\n<strong>\u00bb<\/strong>\u00a0z \u017celaza (3 mm grubo\u015bci) lub metalu odpornego na korozj\u0119 (2 mm grubo\u015bci).<\/td>\n<td><strong>\u00bb<\/strong>\u00a0\u00bd\u201d z\u0142\u0105czka na dnie, stosowana do odp\u0142ywu wody;<br \/>\n<strong>\u00bb<\/strong>\u00a0z n\u00f3\u017ckami: wysoko\u015b\u0107 25 cm;<br \/>\n<strong>\u00bb<\/strong>\u00a0wi\u0119ksza lub mniejsza pojemno\u015b\u0107;;<br \/>\n<strong>\u00bb<\/strong>\u00a0mo\u017cliwo\u015b\u0107 wykonania z grubszego metalu.<\/td>\n<\/tr>\n<\/tbody>\n<\/table>\n<h3><\/h3>\n<div class=\"dywp-alert grey\">Zbiornik zainstalowany wok\u00f3\u0142 przewodu spalinowego<\/div>\n<p><b>Zbiornik na ciep\u0142\u0105 wod\u0119 jest produkowany w jednym rozmiarze<\/b><b>:<\/b><\/p>\n<table border=\"0\">\n<tbody>\n<tr>\n<td><\/td>\n<td>Zbiornik otwarty do ogrzewania wody jest zamocowany wok\u00f3\u0142 przewodu spalinowego. Woda jest podgrzewana za pomoc\u0105 gor\u0105cych spalin, wytwarzanych podczas spalania drewna, dzi\u0119ki czemu otrzymuje si\u0119 wod\u0119 do sauny. Opr\u00f3cz standardowych produkt\u00f3w oferujemy zbiorniki na zam\u00f3wienie o innych parametrach.<br \/>\n<strong>Wszystkie wymiary znajduj\u0105 si\u0119 w\u00a0<a href=\"https:\/\/skamet.ee\/wp-content\/uploads\/2014\/03\/BOT-25-kasutusjuhend.pdf\" target=\"_blank\" rel=\"noopener\">podr\u0119cznikach u\u017cytkownika<\/a><\/strong><\/td>\n<\/tr>\n<\/tbody>\n<\/table>\n<p>&nbsp;<\/p>\n<div id=\"unitegallery_24_3\" class=\"unite-gallery ug-gallery-wrapper ug-under-480 ug-theme-carousel\">\n<div class=\"ug-carousel-wrapper\">\n<div class=\"ug-carousel-inner\">\n<div class=\"ug-thumb-wrapper ug-tile ug-tile-clickable cloned\">\n<div class=\"ug-thumb-overlay\">\n<div class=\"ug-tile-icon ug-button-play ug-icon-zoom\"><\/div>\n<\/div>\n<p><img decoding=\"async\" class=\"ug-thumb-image ug-trans-enabled\" src=\"https:\/\/skamet.ee\/wp-content\/uploads\/2013\/04\/IMG_20140220_101637_clipped_rev_1-259x300.png\" alt=\"IMG_20140220_101637_clipped_rev_1\" \/><\/div>\n<div class=\"ug-thumb-wrapper ug-tile ug-tile-clickable cloned\">\n<div class=\"ug-thumb-overlay\">\n<div class=\"ug-tile-icon ug-button-play ug-icon-zoom\"><\/div>\n<\/div>\n<p><img decoding=\"async\" class=\"ug-thumb-image ug-trans-enabled\" src=\"https:\/\/skamet.ee\/wp-content\/uploads\/2013\/04\/IMG_20140220_101619_clipped_rev_1-261x300.png\" alt=\"IMG_20140220_101619_clipped_rev_1\" \/><\/div>\n<div class=\"ug-thumb-wrapper ug-tile ug-tile-clickable cloned\">\n<div class=\"ug-thumb-overlay\">\n<div class=\"ug-tile-icon ug-button-play ug-icon-zoom\"><\/div>\n<\/div>\n<p><img decoding=\"async\" class=\"ug-thumb-image ug-trans-enabled\" src=\"https:\/\/skamet.ee\/wp-content\/uploads\/2015\/06\/BOT-22-RV-231x300.png\" alt=\"BOT-22 RV\" \/><\/div>\n<\/div>\n<\/div>\n<\/div>\n<table border=\"1\">\n<tbody>\n<tr>\n<td><b><strong>Standardowe parametry produktu<\/strong>:<\/b><\/td>\n<td><b><strong>Opcje dodatkowe<\/strong>:<\/b><\/td>\n<\/tr>\n<tr>\n<td><strong>\u00bb<\/strong>\u00a0\u015brednica 30 cm, pojemno\u015b\u0107 25 litr\u00f3w;<br \/>\n<strong>\u00bb<\/strong>\u00a0ca\u0142kowita wysoko\u015b\u0107 razem z przewodem to 65 cm, zbiornik \u2013 41.5 cm;<br \/>\n<strong>\u00bb<\/strong>\u00a0z pokryw\u0105;<br \/>\n<strong>\u00bb<\/strong>\u00a0wewn\u0119trzny przew\u00f3d spalinowy \u2013 \u015brednica 115 mm;<br \/>\n<strong>\u00bb<\/strong>\u00a01 z\u0142\u0105czka wkr\u0119tna z gwintem zewn\u0119trznym 1\/2.<\/td>\n<td><strong>\u00bb<\/strong>\u00a0wi\u0119ksza lub mniejsza pojemno\u015b\u0107;<br \/>\n<strong>\u00bb<\/strong>\u00a0wy\u017cszy zbiornik;<br \/>\n<strong>\u00bb<\/strong>\u00a0prostok\u0105tny zbiornik;<br \/>\n<strong>\u00bb<\/strong>\u00a0mo\u017cliwo\u015b\u0107 wykonania z grubszego metalu.<\/td>\n<\/tr>\n<\/tbody>\n<\/table>\n","protected":false},"excerpt":{"rendered":"<p>Standardowe bojlery podgrzewaj\u0105ce wod\u0119 produkujemy od po\u0142owy lat 90. Standardowe modele s\u0105 puste. Bojler mo\u017ce zosta\u0107 pod\u0142\u0105czony do pieca opalanego<\/p>\n","protected":false},"featured_media":40601,"template":"","meta":{"_lmt_disableupdate":"","_lmt_disable":""},"product_brand":[],"product_cat":[305],"product_tag":[],"class_list":{"0":"post-41212","1":"product","2":"type-product","3":"status-publish","4":"has-post-thumbnail","6":"product_cat-puukiuas","8":"first","9":"instock","10":"shipping-taxable","11":"product-type-simple"},"yoast_head":"<!-- This site is optimized with the Yoast SEO plugin v27.0 - https:\/\/yoast.com\/product\/yoast-seo-wordpress\/ -->\n<title>Bojlery - Skamet<\/title>\n<meta name=\"robots\" content=\"index, follow, max-snippet:-1, max-image-preview:large, max-video-preview:-1\" \/>\n<link rel=\"canonical\" href=\"https:\/\/www.skamet.ee\/pl\/tooted\/bojlery\/\" \/>\n<meta property=\"og:locale\" content=\"pl_PL\" \/>\n<meta property=\"og:type\" content=\"article\" \/>\n<meta property=\"og:title\" content=\"Bojlery - Skamet\" \/>\n<meta property=\"og:description\" content=\"Standardowe bojlery podgrzewaj\u0105ce wod\u0119 produkujemy od po\u0142owy lat 90. Standardowe modele s\u0105 puste. Bojler mo\u017ce zosta\u0107 pod\u0142\u0105czony do pieca opalanego\" \/>\n<meta property=\"og:url\" content=\"https:\/\/www.skamet.ee\/pl\/tooted\/bojlery\/\" \/>\n<meta property=\"og:site_name\" content=\"Skamet\" \/>\n<meta property=\"article:modified_time\" content=\"2021-05-19T05:47:39+00:00\" \/>\n<meta property=\"og:image\" content=\"https:\/\/www.skamet.ee\/wp-content\/uploads\/2021\/03\/P1090677-278x300-1.jpg\" \/>\n\t<meta property=\"og:image:width\" content=\"278\" \/>\n\t<meta property=\"og:image:height\" content=\"300\" \/>\n\t<meta property=\"og:image:type\" content=\"image\/jpeg\" \/>\n<meta name=\"twitter:card\" content=\"summary_large_image\" \/>\n<meta name=\"twitter:label1\" content=\"Szacowany czas czytania\" \/>\n\t<meta name=\"twitter:data1\" content=\"4 minuty\" \/>\n<script type=\"application\/ld+json\" class=\"yoast-schema-graph\">{\"@context\":\"https:\/\/schema.org\",\"@graph\":[{\"@type\":\"WebPage\",\"@id\":\"https:\/\/www.skamet.ee\/pl\/tooted\/bojlery\/\",\"url\":\"https:\/\/www.skamet.ee\/pl\/tooted\/bojlery\/\",\"name\":\"Bojlery - Skamet\",\"isPartOf\":{\"@id\":\"https:\/\/www.skamet.ee\/#website\"},\"primaryImageOfPage\":{\"@id\":\"https:\/\/www.skamet.ee\/pl\/tooted\/bojlery\/#primaryimage\"},\"image\":{\"@id\":\"https:\/\/www.skamet.ee\/pl\/tooted\/bojlery\/#primaryimage\"},\"thumbnailUrl\":\"https:\/\/www.skamet.ee\/wp-content\/uploads\/2021\/03\/P1090677-278x300-1.jpg\",\"datePublished\":\"2021-05-10T07:55:50+00:00\",\"dateModified\":\"2021-05-19T05:47:39+00:00\",\"breadcrumb\":{\"@id\":\"https:\/\/www.skamet.ee\/pl\/tooted\/bojlery\/#breadcrumb\"},\"inLanguage\":\"pl-PL\",\"potentialAction\":[{\"@type\":\"ReadAction\",\"target\":[\"https:\/\/www.skamet.ee\/pl\/tooted\/bojlery\/\"]}]},{\"@type\":\"ImageObject\",\"inLanguage\":\"pl-PL\",\"@id\":\"https:\/\/www.skamet.ee\/pl\/tooted\/bojlery\/#primaryimage\",\"url\":\"https:\/\/www.skamet.ee\/wp-content\/uploads\/2021\/03\/P1090677-278x300-1.jpg\",\"contentUrl\":\"https:\/\/www.skamet.ee\/wp-content\/uploads\/2021\/03\/P1090677-278x300-1.jpg\",\"width\":278,\"height\":300,\"caption\":\"P1090677 278x300 1\"},{\"@type\":\"BreadcrumbList\",\"@id\":\"https:\/\/www.skamet.ee\/pl\/tooted\/bojlery\/#breadcrumb\",\"itemListElement\":[{\"@type\":\"ListItem\",\"position\":1,\"name\":\"Home\",\"item\":\"https:\/\/www.skamet.ee\/\"},{\"@type\":\"ListItem\",\"position\":2,\"name\":\"Produkty\",\"item\":\"https:\/\/www.skamet.ee\/pl\/sklep\/\"},{\"@type\":\"ListItem\",\"position\":3,\"name\":\"Bojlery\"}]},{\"@type\":\"WebSite\",\"@id\":\"https:\/\/www.skamet.ee\/#website\",\"url\":\"https:\/\/www.skamet.ee\/\",\"name\":\"Skamet O\u00dc\",\"description\":\"Efektiivsed puuk\u00fcttega saunaahjud Eesti tootjalt\",\"publisher\":{\"@id\":\"https:\/\/www.skamet.ee\/#organization\"},\"potentialAction\":[{\"@type\":\"SearchAction\",\"target\":{\"@type\":\"EntryPoint\",\"urlTemplate\":\"https:\/\/www.skamet.ee\/?s={search_term_string}\"},\"query-input\":{\"@type\":\"PropertyValueSpecification\",\"valueRequired\":true,\"valueName\":\"search_term_string\"}}],\"inLanguage\":\"pl-PL\"},{\"@type\":\"Organization\",\"@id\":\"https:\/\/www.skamet.ee\/#organization\",\"name\":\"Skamet\",\"url\":\"https:\/\/www.skamet.ee\/\",\"logo\":{\"@type\":\"ImageObject\",\"inLanguage\":\"pl-PL\",\"@id\":\"https:\/\/www.skamet.ee\/#\/schema\/logo\/image\/\",\"url\":\"https:\/\/www.skamet.ee\/wp-content\/uploads\/2024\/02\/logo-pl.jpg\",\"contentUrl\":\"https:\/\/www.skamet.ee\/wp-content\/uploads\/2024\/02\/logo-pl.jpg\",\"width\":300,\"height\":127,\"caption\":\"Skamet\"},\"image\":{\"@id\":\"https:\/\/www.skamet.ee\/#\/schema\/logo\/image\/\"}}]}<\/script>\n<!-- \/ Yoast SEO plugin. -->","yoast_head_json":{"title":"Bojlery - Skamet","robots":{"index":"index","follow":"follow","max-snippet":"max-snippet:-1","max-image-preview":"max-image-preview:large","max-video-preview":"max-video-preview:-1"},"canonical":"https:\/\/www.skamet.ee\/pl\/tooted\/bojlery\/","og_locale":"pl_PL","og_type":"article","og_title":"Bojlery - Skamet","og_description":"Standardowe bojlery podgrzewaj\u0105ce wod\u0119 produkujemy od po\u0142owy lat 90. Standardowe modele s\u0105 puste. Bojler mo\u017ce zosta\u0107 pod\u0142\u0105czony do pieca opalanego","og_url":"https:\/\/www.skamet.ee\/pl\/tooted\/bojlery\/","og_site_name":"Skamet","article_modified_time":"2021-05-19T05:47:39+00:00","og_image":[{"width":278,"height":300,"url":"https:\/\/www.skamet.ee\/wp-content\/uploads\/2021\/03\/P1090677-278x300-1.jpg","type":"image\/jpeg"}],"twitter_card":"summary_large_image","twitter_misc":{"Szacowany czas czytania":"4 minuty"},"schema":{"@context":"https:\/\/schema.org","@graph":[{"@type":"WebPage","@id":"https:\/\/www.skamet.ee\/pl\/tooted\/bojlery\/","url":"https:\/\/www.skamet.ee\/pl\/tooted\/bojlery\/","name":"Bojlery - Skamet","isPartOf":{"@id":"https:\/\/www.skamet.ee\/#website"},"primaryImageOfPage":{"@id":"https:\/\/www.skamet.ee\/pl\/tooted\/bojlery\/#primaryimage"},"image":{"@id":"https:\/\/www.skamet.ee\/pl\/tooted\/bojlery\/#primaryimage"},"thumbnailUrl":"https:\/\/www.skamet.ee\/wp-content\/uploads\/2021\/03\/P1090677-278x300-1.jpg","datePublished":"2021-05-10T07:55:50+00:00","dateModified":"2021-05-19T05:47:39+00:00","breadcrumb":{"@id":"https:\/\/www.skamet.ee\/pl\/tooted\/bojlery\/#breadcrumb"},"inLanguage":"pl-PL","potentialAction":[{"@type":"ReadAction","target":["https:\/\/www.skamet.ee\/pl\/tooted\/bojlery\/"]}]},{"@type":"ImageObject","inLanguage":"pl-PL","@id":"https:\/\/www.skamet.ee\/pl\/tooted\/bojlery\/#primaryimage","url":"https:\/\/www.skamet.ee\/wp-content\/uploads\/2021\/03\/P1090677-278x300-1.jpg","contentUrl":"https:\/\/www.skamet.ee\/wp-content\/uploads\/2021\/03\/P1090677-278x300-1.jpg","width":278,"height":300,"caption":"P1090677 278x300 1"},{"@type":"BreadcrumbList","@id":"https:\/\/www.skamet.ee\/pl\/tooted\/bojlery\/#breadcrumb","itemListElement":[{"@type":"ListItem","position":1,"name":"Home","item":"https:\/\/www.skamet.ee\/"},{"@type":"ListItem","position":2,"name":"Produkty","item":"https:\/\/www.skamet.ee\/pl\/sklep\/"},{"@type":"ListItem","position":3,"name":"Bojlery"}]},{"@type":"WebSite","@id":"https:\/\/www.skamet.ee\/#website","url":"https:\/\/www.skamet.ee\/","name":"Skamet O\u00dc","description":"Efektiivsed puuk\u00fcttega saunaahjud Eesti tootjalt","publisher":{"@id":"https:\/\/www.skamet.ee\/#organization"},"potentialAction":[{"@type":"SearchAction","target":{"@type":"EntryPoint","urlTemplate":"https:\/\/www.skamet.ee\/?s={search_term_string}"},"query-input":{"@type":"PropertyValueSpecification","valueRequired":true,"valueName":"search_term_string"}}],"inLanguage":"pl-PL"},{"@type":"Organization","@id":"https:\/\/www.skamet.ee\/#organization","name":"Skamet","url":"https:\/\/www.skamet.ee\/","logo":{"@type":"ImageObject","inLanguage":"pl-PL","@id":"https:\/\/www.skamet.ee\/#\/schema\/logo\/image\/","url":"https:\/\/www.skamet.ee\/wp-content\/uploads\/2024\/02\/logo-pl.jpg","contentUrl":"https:\/\/www.skamet.ee\/wp-content\/uploads\/2024\/02\/logo-pl.jpg","width":300,"height":127,"caption":"Skamet"},"image":{"@id":"https:\/\/www.skamet.ee\/#\/schema\/logo\/image\/"}}]}},"_links":{"self":[{"href":"https:\/\/www.skamet.ee\/pl\/wp-json\/wp\/v2\/product\/41212","targetHints":{"allow":["GET"]}}],"collection":[{"href":"https:\/\/www.skamet.ee\/pl\/wp-json\/wp\/v2\/product"}],"about":[{"href":"https:\/\/www.skamet.ee\/pl\/wp-json\/wp\/v2\/types\/product"}],"version-history":[{"count":1,"href":"https:\/\/www.skamet.ee\/pl\/wp-json\/wp\/v2\/product\/41212\/revisions"}],"predecessor-version":[{"id":41213,"href":"https:\/\/www.skamet.ee\/pl\/wp-json\/wp\/v2\/product\/41212\/revisions\/41213"}],"wp:featuredmedia":[{"embeddable":true,"href":"https:\/\/www.skamet.ee\/pl\/wp-json\/wp\/v2\/media\/40601"}],"wp:attachment":[{"href":"https:\/\/www.skamet.ee\/pl\/wp-json\/wp\/v2\/media?parent=41212"}],"wp:term":[{"taxonomy":"product_brand","embeddable":true,"href":"https:\/\/www.skamet.ee\/pl\/wp-json\/wp\/v2\/product_brand?post=41212"},{"taxonomy":"product_cat","embeddable":true,"href":"https:\/\/www.skamet.ee\/pl\/wp-json\/wp\/v2\/product_cat?post=41212"},{"taxonomy":"product_tag","embeddable":true,"href":"https:\/\/www.skamet.ee\/pl\/wp-json\/wp\/v2\/product_tag?post=41212"}],"curies":[{"name":"wp","href":"https:\/\/api.w.org\/{rel}","templated":true}]}}