{"id":41214,"date":"2021-05-10T10:56:51","date_gmt":"2021-05-10T07:56:51","guid":{"rendered":"https:\/\/uus.skamet.ee\/?post_type=product&#038;p=41214"},"modified":"2021-05-19T08:47:10","modified_gmt":"2021-05-19T05:47:10","slug":"zbiornik-akumulacyjny","status":"publish","type":"product","link":"https:\/\/www.skamet.ee\/pl\/tooted\/zbiornik-akumulacyjny\/","title":{"rendered":"Zbiornik akumulacyjny"},"content":{"rendered":"<p>Opr\u00f3cz zbiornik\u00f3w z ciep\u0142\u0105 wod\u0105 produkujemy zbiorniki wed\u0142ug szkic\u00f3w oraz rysunk\u00f3w klient\u00f3w.<\/p>\n<p>&nbsp;<\/p>\n<div id=\"unitegallery_44_1\" class=\"unite-gallery ug-gallery-wrapper ug-under-480 ug-theme-carousel\">\n<div class=\"ug-carousel-wrapper\">\n<div class=\"ug-carousel-inner\">\n<div class=\"ug-thumb-wrapper ug-tile ug-tile-clickable cloned\">\n<div class=\"ug-thumb-overlay\">\n<div class=\"ug-tile-icon ug-button-play ug-icon-zoom\"><\/div>\n<\/div>\n<p><img decoding=\"async\" class=\"ug-thumb-image ug-trans-enabled\" src=\"https:\/\/skamet.ee\/wp-content\/uploads\/2013\/04\/Akupaak-p%C3%B5hi-1250mm-6-280x300.jpg\" alt=\"OLYMPUS DIGITAL CAMERA\" \/><\/p>\n<\/div>\n<div class=\"ug-thumb-wrapper ug-tile ug-tile-clickable cloned\">\n<div class=\"ug-thumb-overlay\">\n<div class=\"ug-tile-icon ug-button-play ug-icon-zoom\"><\/div>\n<\/div>\n<p><img decoding=\"async\" class=\"ug-thumb-image ug-trans-enabled\" src=\"https:\/\/skamet.ee\/wp-content\/uploads\/2013\/04\/Akupaak-p%C3%B5hi-1250mm-5-300x256.jpg\" alt=\"OLYMPUS DIGITAL CAMERA\" \/><\/p>\n<\/div>\n<div class=\"ug-thumb-wrapper ug-tile ug-tile-clickable cloned\">\n<div class=\"ug-thumb-overlay\">\n<div class=\"ug-tile-icon ug-button-play ug-icon-zoom\"><\/div>\n<\/div>\n<p><img decoding=\"async\" class=\"ug-thumb-image ug-trans-enabled\" src=\"https:\/\/skamet.ee\/wp-content\/uploads\/2013\/04\/akupaak_800mm-4_clipped_rev_1-293x300.png\" alt=\"akupaak_800mm (4)_clipped_rev_1\" \/><\/p>\n<\/div>\n<\/div>\n<\/div>\n<\/div>\n<h3>Dodatkowe opcje:<\/h3>\n<table border=\"0\">\n<tbody>\n<tr>\n<td><strong>\u00bb<\/strong>\u00a0\u015brednica 50 \u2013 120 cm;<strong><br \/>\n<\/strong><strong>\u00bb<\/strong>\u00a0kszta\u0142t cylindryczny i prostok\u0105tny;<br \/>\n<strong>\u00bb<\/strong>\u00a0z \u017celaza lub metalu odpornego na korozj\u0119;<br \/>\n<strong>\u00bb<\/strong>\u00a0z n\u00f3\u017ckami lub bez;<br \/>\n<strong>\u00bb<\/strong>\u00a0z r\u00f3\u017cnorodnymi ko\u0142nierzami lub bez ko\u0142nierza.<\/td>\n<\/tr>\n<\/tbody>\n<\/table>\n","protected":false},"excerpt":{"rendered":"<p>Opr\u00f3cz zbiornik\u00f3w z ciep\u0142\u0105 wod\u0105 produkujemy zbiorniki wed\u0142ug szkic\u00f3w oraz rysunk\u00f3w klient\u00f3w. &nbsp; Dodatkowe opcje: \u00bb\u00a0\u015brednica 50 \u2013 120 cm;<\/p>\n","protected":false},"featured_media":40545,"template":"","meta":{"_lmt_disableupdate":"","_lmt_disable":""},"product_brand":[],"product_cat":[305],"product_tag":[],"class_list":{"0":"post-41214","1":"product","2":"type-product","3":"status-publish","4":"has-post-thumbnail","6":"product_cat-puukiuas","8":"first","9":"instock","10":"shipping-taxable","11":"product-type-simple"},"yoast_head":"<!-- This site is optimized with the Yoast SEO plugin v27.0 - https:\/\/yoast.com\/product\/yoast-seo-wordpress\/ -->\n<title>Zbiornik akumulacyjny - Skamet<\/title>\n<meta name=\"robots\" content=\"index, follow, max-snippet:-1, max-image-preview:large, max-video-preview:-1\" \/>\n<link rel=\"canonical\" href=\"https:\/\/www.skamet.ee\/pl\/tooted\/zbiornik-akumulacyjny\/\" \/>\n<meta property=\"og:locale\" content=\"pl_PL\" \/>\n<meta property=\"og:type\" content=\"article\" \/>\n<meta property=\"og:title\" content=\"Zbiornik akumulacyjny - Skamet\" \/>\n<meta property=\"og:description\" content=\"Opr\u00f3cz zbiornik\u00f3w z ciep\u0142\u0105 wod\u0105 produkujemy zbiorniki wed\u0142ug szkic\u00f3w oraz rysunk\u00f3w klient\u00f3w. &nbsp; Dodatkowe opcje: \u00bb\u00a0\u015brednica 50 \u2013 120 cm;\" \/>\n<meta property=\"og:url\" content=\"https:\/\/www.skamet.ee\/pl\/tooted\/zbiornik-akumulacyjny\/\" \/>\n<meta property=\"og:site_name\" content=\"Skamet\" \/>\n<meta property=\"article:modified_time\" content=\"2021-05-19T05:47:10+00:00\" \/>\n<meta property=\"og:image\" content=\"https:\/\/www.skamet.ee\/wp-content\/uploads\/2021\/03\/B-80-H1-300x243-1.jpg\" \/>\n\t<meta property=\"og:image:width\" content=\"300\" \/>\n\t<meta property=\"og:image:height\" content=\"243\" \/>\n\t<meta property=\"og:image:type\" content=\"image\/jpeg\" \/>\n<meta name=\"twitter:card\" content=\"summary_large_image\" \/>\n<meta name=\"twitter:label1\" content=\"Szacowany czas czytania\" \/>\n\t<meta name=\"twitter:data1\" content=\"1 minuta\" \/>\n<script type=\"application\/ld+json\" class=\"yoast-schema-graph\">{\"@context\":\"https:\/\/schema.org\",\"@graph\":[{\"@type\":\"WebPage\",\"@id\":\"https:\/\/www.skamet.ee\/pl\/tooted\/zbiornik-akumulacyjny\/\",\"url\":\"https:\/\/www.skamet.ee\/pl\/tooted\/zbiornik-akumulacyjny\/\",\"name\":\"Zbiornik akumulacyjny - Skamet\",\"isPartOf\":{\"@id\":\"https:\/\/www.skamet.ee\/#website\"},\"primaryImageOfPage\":{\"@id\":\"https:\/\/www.skamet.ee\/pl\/tooted\/zbiornik-akumulacyjny\/#primaryimage\"},\"image\":{\"@id\":\"https:\/\/www.skamet.ee\/pl\/tooted\/zbiornik-akumulacyjny\/#primaryimage\"},\"thumbnailUrl\":\"https:\/\/www.skamet.ee\/wp-content\/uploads\/2021\/03\/B-80-H1-300x243-1.jpg\",\"datePublished\":\"2021-05-10T07:56:51+00:00\",\"dateModified\":\"2021-05-19T05:47:10+00:00\",\"breadcrumb\":{\"@id\":\"https:\/\/www.skamet.ee\/pl\/tooted\/zbiornik-akumulacyjny\/#breadcrumb\"},\"inLanguage\":\"pl-PL\",\"potentialAction\":[{\"@type\":\"ReadAction\",\"target\":[\"https:\/\/www.skamet.ee\/pl\/tooted\/zbiornik-akumulacyjny\/\"]}]},{\"@type\":\"ImageObject\",\"inLanguage\":\"pl-PL\",\"@id\":\"https:\/\/www.skamet.ee\/pl\/tooted\/zbiornik-akumulacyjny\/#primaryimage\",\"url\":\"https:\/\/www.skamet.ee\/wp-content\/uploads\/2021\/03\/B-80-H1-300x243-1.jpg\",\"contentUrl\":\"https:\/\/www.skamet.ee\/wp-content\/uploads\/2021\/03\/B-80-H1-300x243-1.jpg\",\"width\":300,\"height\":243,\"caption\":\"B 80 H1 300x243 1\"},{\"@type\":\"BreadcrumbList\",\"@id\":\"https:\/\/www.skamet.ee\/pl\/tooted\/zbiornik-akumulacyjny\/#breadcrumb\",\"itemListElement\":[{\"@type\":\"ListItem\",\"position\":1,\"name\":\"Home\",\"item\":\"https:\/\/www.skamet.ee\/\"},{\"@type\":\"ListItem\",\"position\":2,\"name\":\"Produkty\",\"item\":\"https:\/\/www.skamet.ee\/pl\/sklep\/\"},{\"@type\":\"ListItem\",\"position\":3,\"name\":\"Zbiornik akumulacyjny\"}]},{\"@type\":\"WebSite\",\"@id\":\"https:\/\/www.skamet.ee\/#website\",\"url\":\"https:\/\/www.skamet.ee\/\",\"name\":\"Skamet O\u00dc\",\"description\":\"Efektiivsed puuk\u00fcttega saunaahjud Eesti tootjalt\",\"publisher\":{\"@id\":\"https:\/\/www.skamet.ee\/#organization\"},\"potentialAction\":[{\"@type\":\"SearchAction\",\"target\":{\"@type\":\"EntryPoint\",\"urlTemplate\":\"https:\/\/www.skamet.ee\/?s={search_term_string}\"},\"query-input\":{\"@type\":\"PropertyValueSpecification\",\"valueRequired\":true,\"valueName\":\"search_term_string\"}}],\"inLanguage\":\"pl-PL\"},{\"@type\":\"Organization\",\"@id\":\"https:\/\/www.skamet.ee\/#organization\",\"name\":\"Skamet\",\"url\":\"https:\/\/www.skamet.ee\/\",\"logo\":{\"@type\":\"ImageObject\",\"inLanguage\":\"pl-PL\",\"@id\":\"https:\/\/www.skamet.ee\/#\/schema\/logo\/image\/\",\"url\":\"https:\/\/www.skamet.ee\/wp-content\/uploads\/2024\/02\/logo-pl.jpg\",\"contentUrl\":\"https:\/\/www.skamet.ee\/wp-content\/uploads\/2024\/02\/logo-pl.jpg\",\"width\":300,\"height\":127,\"caption\":\"Skamet\"},\"image\":{\"@id\":\"https:\/\/www.skamet.ee\/#\/schema\/logo\/image\/\"}}]}<\/script>\n<!-- \/ Yoast SEO plugin. -->","yoast_head_json":{"title":"Zbiornik akumulacyjny - Skamet","robots":{"index":"index","follow":"follow","max-snippet":"max-snippet:-1","max-image-preview":"max-image-preview:large","max-video-preview":"max-video-preview:-1"},"canonical":"https:\/\/www.skamet.ee\/pl\/tooted\/zbiornik-akumulacyjny\/","og_locale":"pl_PL","og_type":"article","og_title":"Zbiornik akumulacyjny - Skamet","og_description":"Opr\u00f3cz zbiornik\u00f3w z ciep\u0142\u0105 wod\u0105 produkujemy zbiorniki wed\u0142ug szkic\u00f3w oraz rysunk\u00f3w klient\u00f3w. &nbsp; Dodatkowe opcje: \u00bb\u00a0\u015brednica 50 \u2013 120 cm;","og_url":"https:\/\/www.skamet.ee\/pl\/tooted\/zbiornik-akumulacyjny\/","og_site_name":"Skamet","article_modified_time":"2021-05-19T05:47:10+00:00","og_image":[{"width":300,"height":243,"url":"https:\/\/www.skamet.ee\/wp-content\/uploads\/2021\/03\/B-80-H1-300x243-1.jpg","type":"image\/jpeg"}],"twitter_card":"summary_large_image","twitter_misc":{"Szacowany czas czytania":"1 minuta"},"schema":{"@context":"https:\/\/schema.org","@graph":[{"@type":"WebPage","@id":"https:\/\/www.skamet.ee\/pl\/tooted\/zbiornik-akumulacyjny\/","url":"https:\/\/www.skamet.ee\/pl\/tooted\/zbiornik-akumulacyjny\/","name":"Zbiornik akumulacyjny - Skamet","isPartOf":{"@id":"https:\/\/www.skamet.ee\/#website"},"primaryImageOfPage":{"@id":"https:\/\/www.skamet.ee\/pl\/tooted\/zbiornik-akumulacyjny\/#primaryimage"},"image":{"@id":"https:\/\/www.skamet.ee\/pl\/tooted\/zbiornik-akumulacyjny\/#primaryimage"},"thumbnailUrl":"https:\/\/www.skamet.ee\/wp-content\/uploads\/2021\/03\/B-80-H1-300x243-1.jpg","datePublished":"2021-05-10T07:56:51+00:00","dateModified":"2021-05-19T05:47:10+00:00","breadcrumb":{"@id":"https:\/\/www.skamet.ee\/pl\/tooted\/zbiornik-akumulacyjny\/#breadcrumb"},"inLanguage":"pl-PL","potentialAction":[{"@type":"ReadAction","target":["https:\/\/www.skamet.ee\/pl\/tooted\/zbiornik-akumulacyjny\/"]}]},{"@type":"ImageObject","inLanguage":"pl-PL","@id":"https:\/\/www.skamet.ee\/pl\/tooted\/zbiornik-akumulacyjny\/#primaryimage","url":"https:\/\/www.skamet.ee\/wp-content\/uploads\/2021\/03\/B-80-H1-300x243-1.jpg","contentUrl":"https:\/\/www.skamet.ee\/wp-content\/uploads\/2021\/03\/B-80-H1-300x243-1.jpg","width":300,"height":243,"caption":"B 80 H1 300x243 1"},{"@type":"BreadcrumbList","@id":"https:\/\/www.skamet.ee\/pl\/tooted\/zbiornik-akumulacyjny\/#breadcrumb","itemListElement":[{"@type":"ListItem","position":1,"name":"Home","item":"https:\/\/www.skamet.ee\/"},{"@type":"ListItem","position":2,"name":"Produkty","item":"https:\/\/www.skamet.ee\/pl\/sklep\/"},{"@type":"ListItem","position":3,"name":"Zbiornik akumulacyjny"}]},{"@type":"WebSite","@id":"https:\/\/www.skamet.ee\/#website","url":"https:\/\/www.skamet.ee\/","name":"Skamet O\u00dc","description":"Efektiivsed puuk\u00fcttega saunaahjud Eesti tootjalt","publisher":{"@id":"https:\/\/www.skamet.ee\/#organization"},"potentialAction":[{"@type":"SearchAction","target":{"@type":"EntryPoint","urlTemplate":"https:\/\/www.skamet.ee\/?s={search_term_string}"},"query-input":{"@type":"PropertyValueSpecification","valueRequired":true,"valueName":"search_term_string"}}],"inLanguage":"pl-PL"},{"@type":"Organization","@id":"https:\/\/www.skamet.ee\/#organization","name":"Skamet","url":"https:\/\/www.skamet.ee\/","logo":{"@type":"ImageObject","inLanguage":"pl-PL","@id":"https:\/\/www.skamet.ee\/#\/schema\/logo\/image\/","url":"https:\/\/www.skamet.ee\/wp-content\/uploads\/2024\/02\/logo-pl.jpg","contentUrl":"https:\/\/www.skamet.ee\/wp-content\/uploads\/2024\/02\/logo-pl.jpg","width":300,"height":127,"caption":"Skamet"},"image":{"@id":"https:\/\/www.skamet.ee\/#\/schema\/logo\/image\/"}}]}},"_links":{"self":[{"href":"https:\/\/www.skamet.ee\/pl\/wp-json\/wp\/v2\/product\/41214","targetHints":{"allow":["GET"]}}],"collection":[{"href":"https:\/\/www.skamet.ee\/pl\/wp-json\/wp\/v2\/product"}],"about":[{"href":"https:\/\/www.skamet.ee\/pl\/wp-json\/wp\/v2\/types\/product"}],"version-history":[{"count":2,"href":"https:\/\/www.skamet.ee\/pl\/wp-json\/wp\/v2\/product\/41214\/revisions"}],"predecessor-version":[{"id":41216,"href":"https:\/\/www.skamet.ee\/pl\/wp-json\/wp\/v2\/product\/41214\/revisions\/41216"}],"wp:featuredmedia":[{"embeddable":true,"href":"https:\/\/www.skamet.ee\/pl\/wp-json\/wp\/v2\/media\/40545"}],"wp:attachment":[{"href":"https:\/\/www.skamet.ee\/pl\/wp-json\/wp\/v2\/media?parent=41214"}],"wp:term":[{"taxonomy":"product_brand","embeddable":true,"href":"https:\/\/www.skamet.ee\/pl\/wp-json\/wp\/v2\/product_brand?post=41214"},{"taxonomy":"product_cat","embeddable":true,"href":"https:\/\/www.skamet.ee\/pl\/wp-json\/wp\/v2\/product_cat?post=41214"},{"taxonomy":"product_tag","embeddable":true,"href":"https:\/\/www.skamet.ee\/pl\/wp-json\/wp\/v2\/product_tag?post=41214"}],"curies":[{"name":"wp","href":"https:\/\/api.w.org\/{rel}","templated":true}]}}