{"id":41219,"date":"2021-05-10T11:05:11","date_gmt":"2021-05-10T08:05:11","guid":{"rendered":"https:\/\/uus.skamet.ee\/?post_type=product&#038;p=41219"},"modified":"2021-05-19T08:46:19","modified_gmt":"2021-05-19T05:46:19","slug":"inne-produkty","status":"publish","type":"product","link":"https:\/\/www.skamet.ee\/pl\/tooted\/inne-produkty\/","title":{"rendered":"Inne produkty"},"content":{"rendered":"<p>Opr\u00f3cz piec\u00f3w do sauny i akcesori\u00f3w oferujemy inne produkty, kt\u00f3re opalane s\u0105 drewnem: w\u0119dzarnie, ruszty do grilla, piece grzewcze, piece \u0142azienkowe do ogrzewania wody, itd. Oferujemy mo\u017cliwo\u015b\u0107 wyprodukowania prototyp\u00f3w na \u017cyczenie klienta.<\/p>\n<div class=\"dywp-alert grey\"><strong>Ma\u0142y grill do w\u0119dzenie w dymie ciep\u0142ym\u00a0<\/strong><\/div>\n<table border=\"0\">\n<tbody>\n<tr>\n<td><\/td>\n<td>Ma\u0142y grill \u00a0do w\u0119dzenia w dymie ciep\u0142ym ma kszta\u0142t prostok\u0105tny i z trzech stron os\u0142oni\u0119ty jest podw\u00f3jnymi \u015bciankami (kt\u00f3re zapewniaj\u0105 wydajne funkcjonowanie grilla nawet podczas ch\u0142odnej pogody). Wymiary zewn\u0119trzne \u2013 125x40x40 cm Rura jest stacjonarna. Grill posiada uchwyty u\u0142atwiaj\u0105ce transport.<br \/>\n<strong>Wszystkie wymiary znajduj\u0105 si\u0119 w podr\u0119cznikach u\u017cytkownika<\/strong><\/td>\n<\/tr>\n<\/tbody>\n<\/table>\n<div id=\"unitegallery_34_1\" class=\"unite-gallery ug-gallery-wrapper ug-under-480 ug-theme-carousel\">\n<div class=\"ug-carousel-wrapper\">\n<div class=\"ug-carousel-inner\">\n<div class=\"ug-thumb-wrapper ug-tile ug-tile-clickable cloned\"><\/div>\n<div class=\"ug-thumb-wrapper ug-tile ug-tile-clickable cloned\">\n<div class=\"ug-thumb-overlay\">\n<div class=\"ug-tile-icon ug-button-play ug-icon-zoom\"><\/div>\n<\/div>\n<p><img decoding=\"async\" class=\"ug-thumb-image ug-trans-enabled\" src=\"https:\/\/skamet.ee\/wp-content\/uploads\/2017\/03\/20161029-skamet-xxl-6-300x200.jpg\" alt=\"20161029-skamet-xxl-6\" \/><\/div>\n<div class=\"ug-thumb-wrapper ug-tile ug-tile-clickable cloned\">\n<div class=\"ug-thumb-overlay\">\n<div class=\"ug-tile-icon ug-button-play ug-icon-zoom\"><\/div>\n<\/div>\n<\/div>\n<\/div>\n<\/div>\n<\/div>\n<p>&nbsp;<\/p>\n<div class=\"dywp-alert grey\"><strong>Du\u017cy grill do w\u0119dzenia w dymie ciep\u0142ym\u00a0<\/strong><\/div>\n<table border=\"0\" width=\"894\">\n<tbody>\n<tr>\n<td><\/td>\n<td>Du\u017cy grill do w\u0119dzenia w dymie ciep\u0142ym ma kszta\u0142t prostok\u0105tny i z trzech stron os\u0142oni\u0119ty jest podw\u00f3jnymi \u015bciankami (kt\u00f3re zapewniaj\u0105 wydajne funkcjonowanie grilla nawet podczas ch\u0142odnej pogody). Wymiary zewn\u0119trzne \u2013 170x50x50 cm; wraz z demontowaln\u0105 rur\u0105.<br \/>\n<strong>Wszystkie wymiary znajduj\u0105 si\u0119 w podr\u0119cznikach u\u017cytkownika<\/strong><\/td>\n<\/tr>\n<\/tbody>\n<\/table>\n<p>&nbsp;<\/p>\n<div class=\"dywp-alert grey\"><strong>Du\u017cy XL grill do w\u0119dzenia w dymie ciep\u0142ym\u00a0<\/strong><\/div>\n<table border=\"0\" width=\"894\">\n<tbody>\n<tr>\n<td><\/td>\n<td>Du\u017cy grill do w\u0119dzenia w dymie ciep\u0142ym ma kszta\u0142t prostok\u0105tny i z trzech stron os\u0142oni\u0119ty jest podw\u00f3jnymi \u015bciankami (kt\u00f3re zapewniaj\u0105 wydajne funkcjonowanie grilla nawet podczas ch\u0142odnej pogody). Wymiary zewn\u0119trzne \u2013 205x50x50 cm; wraz z demontowaln\u0105 rur\u0105.<br \/>\n<strong>Wszystkie wymiary znajduj\u0105 si\u0119 w podr\u0119cznikach u\u017cytkownika<\/strong><\/td>\n<\/tr>\n<\/tbody>\n<\/table>\n<p>&nbsp;<\/p>\n<div class=\"dywp-alert grey\"><strong>Kuchenka opalana drewnem\u00a0<\/strong><\/div>\n<table border=\"0\">\n<tbody>\n<tr>\n<td><\/td>\n<td>Kuchenka opalana drewnem jest nagrzewana podobnie jak piece do sauny w metalowej obudowie, tj. odleg\u0142o\u015b\u0107 pomi\u0119dzy wewn\u0119trzn\u0105 cz\u0119\u015bci\u0105 pieca i jego obudow\u0105 wynosi 5 cm, a zimne powietrze przechodzi do g\u00f3ry przez szczelin\u0119. W ten spos\u00f3b cyrkulacja powietrza zwi\u0119ksza si\u0119, a pomieszczenie nagrzewa si\u0119 szybciej. Wymiary zewn\u0119trzne 86x48x53 cm. Po\u0142\u0105czenie z rur\u0105 znajduje si\u0119 w tylnej \u015bciance. Bojler ciep\u0142ej wody mo\u017ce by\u0107 pod\u0142\u0105czony do kuchenki opalanej drewnem (po prawej lub po lewej stronie). G\u00f3rna powierzchnia pieca jest pokryta \u017celiwn\u0105 p\u0142yt\u0105, na kt\u00f3rej mo\u017cna gotowa\u0107 jedzenie. Przegr\u00f3dka do przechowywania drewna znajduje si\u0119 w dolnej cz\u0119\u015bci pieca (35x39x47.5 cm).<br \/>\n<strong>Wszystkie wymiary znajduj\u0105 si\u0119 w podr\u0119cznikach u\u017cytkownika<\/strong><strong>\u00a0<\/strong><\/td>\n<\/tr>\n<\/tbody>\n<\/table>\n<p>&nbsp;<\/p>\n<div class=\"dywp-alert grey\"><strong>Piec z bojlerem zamkni\u0119tym\u00a0\u00a0\u00a0<\/strong><\/div>\n<table border=\"0\">\n<tbody>\n<tr>\n<td><\/td>\n<td>Piec w os\u0142onie siatkowej z bojlerem w uk\u0142adzie zamkni\u0119tym jest odpowiedni do mniejszej sauny (6-10 m\u00b3). Rura jest pod\u0142\u0105czona nad piecem. Bojler wody ciep\u0142ej jest r\u00f3wnie\u017c zamontowany powy\u017cej, a przewody spalinowe zainstalowano wewn\u0105trz bojlera. Piec zam\u00f3wiony mo\u017ce zosta\u0107 ze szklanymi drzwiczkami lub bez nich. Pojemno\u015b\u0107 bojlera dla standardowego pieca wynosi 110 litr\u00f3w (wi\u0119ksze lub mniejsze modele mog\u0105 zosta\u0107 wyprodukowane na zam\u00f3wienie). Przyk\u0142adowe wymiary: komora spalaj\u0105ca (cz\u0119\u015b\u0107 z paleniskiem rusztowym) \u2013 62\u00d754 cm. Wysoko\u015b\u0107 \u2013 45 cm. \u015arednica bojlera \u2013 45 cm. Wysoko\u015b\u0107 110-litrowego bojlera wynosi 80 cm. Ca\u0142kowita wysoko\u015b\u0107 \u2013 125 cm. Bojler wyposa\u017cono w\u00a0trzy z\u0142\u0105czki \u00bd\u201d (jedna przeznaczona do doprowadzania wody, druga dla odprowadzania wody i\u00a0trzecia \u2013 zaw\u00f3r ochronny) oraz jedn\u0105 z\u0142\u0105czk\u0119 z gwintem wewn\u0119trznym dla termometru.<\/td>\n<\/tr>\n<\/tbody>\n<\/table>\n<p>&nbsp;<\/p>\n<div class=\"dywp-alert grey\"><strong>\u0141azienkowy podgrzewacz wody z otwartym bojlerem\u00a0<\/strong><\/div>\n<table border=\"0\">\n<tbody>\n<tr>\n<td><\/td>\n<td>\u0141azienkowy podgrzewacz wody w metalowej obudowie z otwartym bojlerem jest przeznaczony do ogrzewania wody. Niniejszy podgrzewacz posiada podw\u00f3jn\u0105 obudow\u0119, w kt\u00f3rej zamontowany jest bojler zrobiony z metalu \u017celaznego. Komin dymowy jest pod\u0142\u0105czony do tylnej cz\u0119\u015bci podgrzewacza. Podgrzewacz mo\u017ce zosta\u0107 wyposa\u017cony w drzwiczki szklane. Na zam\u00f3wienie dost\u0119pne modele z bojlerem odpornym na korozj\u0119. Przyk\u0142adowe wymiary: szeroko\u015b\u0107 drzwiczek \u2013 33 cm, ich wysoko\u015b\u0107 \u2013 45 cm. \u015arednica 40 cm. Wysoko\u015b\u0107 110-litrowego-bojlera wynosi oko\u0142o 110 cm. Bojler posiada z\u0142\u0105czk\u0119 \u00bd\u201d (przeznaczon\u0105 do doprowadzenia wody) oraz pokryw\u0119.<\/td>\n<\/tr>\n<\/tbody>\n<\/table>\n<p>&nbsp;<\/p>\n<div class=\"dywp-alert grey\"><strong>Ruszty do grilla<\/strong><\/div>\n<table border=\"0\">\n<tbody>\n<tr>\n<td><\/td>\n<td>Nasz gama produkt\u00f3w zawiera r\u00f3wnie\u017c rozmaite ruszty do grilla. Standardowe grille s\u0105 zrobione z metalu o grubo\u015bci 2 mm. Grusze grille lub grille zrobione wykonane zgodnie z \u017cyczeniem klienta, mog\u0105 by\u0107 robione na zam\u00f3wienie. Modele s\u0105 r\u00f3\u017cne: posiadaj\u0105ce lub nieposiadaj\u0105ce pokrywy, zrobione z metalu \u017celaznego lub stali nierdzewnej. Ruszty do grilla posiadaj\u0105 n\u00f3\u017cki daj\u0105ce si\u0119 wymontowa\u0107. Przyk\u0142adowe wymiary (d\u0142ugo\u015b\u0107 x szeroko\u015b\u0107 x g\u0142\u0119boko\u015b\u0107 x): Ruszty do grilla s\u0105 dost\u0119pne w nast\u0119puj\u0105cych rozmiarach: 100x40x17cm \/ 70x30x17cm \/ 50x30x17cm. Wysoko\u015b\u0107 \u2013 90cm. Ka\u017cdy model jest wyposa\u017cony w krat\u0119, kt\u00f3ra pokrywa cz\u0119\u015b\u0107 rusztu i mo\u017ce zosta\u0107 zdemontowana.<\/td>\n<\/tr>\n<\/tbody>\n<\/table>\n<p>&nbsp;<\/p>\n<div class=\"dywp-alert grey\"><strong>Tace\u00a0\u00a0<\/strong><\/div>\n<table border=\"0\">\n<tbody>\n<tr>\n<td><\/td>\n<td>Nasz gama produkt\u00f3w zawiera r\u00f3wnie\u017c rozmaite ruszty do grilla. Standardowe grille zrobione s\u0105 z metalu o grubo\u015bci 2 mm. Na zam\u00f3wienie wykonujemy grile grubsze lub wykonanie zgodnie z\u00a0\u017cyczeniem klienta. Oferujemy zr\u00f3\u017cnicowan\u0105 gam\u0119 modeli: z pokryw\u0105 lub bez, wykonane z \u017celaza lub stali nierdzewnej. Ruszty do grilla posiadaj\u0105 demontowalne n\u00f3\u017cki. Przyk\u0142adowe wymiary (d\u0142ugo\u015b\u0107 x szeroko\u015b\u0107 x g\u0142\u0119boko\u015b\u0107): Ruszty do grilla s\u0105 dost\u0119pne w trzech rozmiarach: 100x40x17cm \/ 70x30x17cm \/ 50x30x17cm. Wysoko\u015b\u0107 \u2013 90cm. Ka\u017cdy model jest wyposa\u017cony w krat\u0119, kt\u00f3ra pokrywa cz\u0119\u015b\u0107 rusztu i mo\u017ce zosta\u0107 zdemontowana.<\/td>\n<\/tr>\n<\/tbody>\n<\/table>\n","protected":false},"excerpt":{"rendered":"<p>Opr\u00f3cz piec\u00f3w do sauny i akcesori\u00f3w oferujemy inne produkty, kt\u00f3re opalane s\u0105 drewnem: w\u0119dzarnie, ruszty do grilla, piece grzewcze, piece<\/p>\n","protected":false},"featured_media":39802,"template":"","meta":{"_lmt_disableupdate":"","_lmt_disable":""},"product_brand":[],"product_cat":[262,305],"product_tag":[],"class_list":{"0":"post-41219","1":"product","2":"type-product","3":"status-publish","4":"has-post-thumbnail","6":"product_cat-inne-produkty","7":"product_cat-puukiuas","9":"first","10":"instock","11":"shipping-taxable","12":"product-type-simple"},"yoast_head":"<!-- This site is optimized with the Yoast SEO plugin v27.0 - https:\/\/yoast.com\/product\/yoast-seo-wordpress\/ -->\n<title>Inne produkty - Skamet<\/title>\n<meta name=\"robots\" content=\"index, follow, max-snippet:-1, max-image-preview:large, max-video-preview:-1\" \/>\n<link rel=\"canonical\" href=\"https:\/\/www.skamet.ee\/pl\/tooted\/inne-produkty\/\" \/>\n<meta property=\"og:locale\" content=\"pl_PL\" \/>\n<meta property=\"og:type\" content=\"article\" \/>\n<meta property=\"og:title\" content=\"Inne produkty - Skamet\" \/>\n<meta property=\"og:description\" content=\"Opr\u00f3cz piec\u00f3w do sauny i akcesori\u00f3w oferujemy inne produkty, kt\u00f3re opalane s\u0105 drewnem: w\u0119dzarnie, ruszty do grilla, piece grzewcze, piece\" \/>\n<meta property=\"og:url\" content=\"https:\/\/www.skamet.ee\/pl\/tooted\/inne-produkty\/\" \/>\n<meta property=\"og:site_name\" content=\"Skamet\" \/>\n<meta property=\"article:modified_time\" content=\"2021-05-19T05:46:19+00:00\" \/>\n<meta property=\"og:image\" content=\"https:\/\/www.skamet.ee\/wp-content\/uploads\/2021\/03\/Suitsuahi-GSS-200-XL.jpg\" \/>\n\t<meta property=\"og:image:width\" content=\"615\" \/>\n\t<meta property=\"og:image:height\" content=\"922\" \/>\n\t<meta property=\"og:image:type\" content=\"image\/jpeg\" \/>\n<meta name=\"twitter:card\" content=\"summary_large_image\" \/>\n<meta name=\"twitter:label1\" content=\"Szacowany czas czytania\" \/>\n\t<meta name=\"twitter:data1\" content=\"4 minuty\" \/>\n<script type=\"application\/ld+json\" class=\"yoast-schema-graph\">{\"@context\":\"https:\/\/schema.org\",\"@graph\":[{\"@type\":\"WebPage\",\"@id\":\"https:\/\/www.skamet.ee\/pl\/tooted\/inne-produkty\/\",\"url\":\"https:\/\/www.skamet.ee\/pl\/tooted\/inne-produkty\/\",\"name\":\"Inne produkty - Skamet\",\"isPartOf\":{\"@id\":\"https:\/\/www.skamet.ee\/#website\"},\"primaryImageOfPage\":{\"@id\":\"https:\/\/www.skamet.ee\/pl\/tooted\/inne-produkty\/#primaryimage\"},\"image\":{\"@id\":\"https:\/\/www.skamet.ee\/pl\/tooted\/inne-produkty\/#primaryimage\"},\"thumbnailUrl\":\"https:\/\/www.skamet.ee\/wp-content\/uploads\/2021\/03\/Suitsuahi-GSS-200-XL.jpg\",\"datePublished\":\"2021-05-10T08:05:11+00:00\",\"dateModified\":\"2021-05-19T05:46:19+00:00\",\"breadcrumb\":{\"@id\":\"https:\/\/www.skamet.ee\/pl\/tooted\/inne-produkty\/#breadcrumb\"},\"inLanguage\":\"pl-PL\",\"potentialAction\":[{\"@type\":\"ReadAction\",\"target\":[\"https:\/\/www.skamet.ee\/pl\/tooted\/inne-produkty\/\"]}]},{\"@type\":\"ImageObject\",\"inLanguage\":\"pl-PL\",\"@id\":\"https:\/\/www.skamet.ee\/pl\/tooted\/inne-produkty\/#primaryimage\",\"url\":\"https:\/\/www.skamet.ee\/wp-content\/uploads\/2021\/03\/Suitsuahi-GSS-200-XL.jpg\",\"contentUrl\":\"https:\/\/www.skamet.ee\/wp-content\/uploads\/2021\/03\/Suitsuahi-GSS-200-XL.jpg\",\"width\":615,\"height\":922,\"caption\":\"Suitsuahi GSS 200 XL\"},{\"@type\":\"BreadcrumbList\",\"@id\":\"https:\/\/www.skamet.ee\/pl\/tooted\/inne-produkty\/#breadcrumb\",\"itemListElement\":[{\"@type\":\"ListItem\",\"position\":1,\"name\":\"Home\",\"item\":\"https:\/\/www.skamet.ee\/\"},{\"@type\":\"ListItem\",\"position\":2,\"name\":\"Produkty\",\"item\":\"https:\/\/www.skamet.ee\/pl\/sklep\/\"},{\"@type\":\"ListItem\",\"position\":3,\"name\":\"Inne produkty\"}]},{\"@type\":\"WebSite\",\"@id\":\"https:\/\/www.skamet.ee\/#website\",\"url\":\"https:\/\/www.skamet.ee\/\",\"name\":\"Skamet O\u00dc\",\"description\":\"Efektiivsed puuk\u00fcttega saunaahjud Eesti tootjalt\",\"publisher\":{\"@id\":\"https:\/\/www.skamet.ee\/#organization\"},\"potentialAction\":[{\"@type\":\"SearchAction\",\"target\":{\"@type\":\"EntryPoint\",\"urlTemplate\":\"https:\/\/www.skamet.ee\/?s={search_term_string}\"},\"query-input\":{\"@type\":\"PropertyValueSpecification\",\"valueRequired\":true,\"valueName\":\"search_term_string\"}}],\"inLanguage\":\"pl-PL\"},{\"@type\":\"Organization\",\"@id\":\"https:\/\/www.skamet.ee\/#organization\",\"name\":\"Skamet\",\"url\":\"https:\/\/www.skamet.ee\/\",\"logo\":{\"@type\":\"ImageObject\",\"inLanguage\":\"pl-PL\",\"@id\":\"https:\/\/www.skamet.ee\/#\/schema\/logo\/image\/\",\"url\":\"https:\/\/www.skamet.ee\/wp-content\/uploads\/2024\/02\/logo-pl.jpg\",\"contentUrl\":\"https:\/\/www.skamet.ee\/wp-content\/uploads\/2024\/02\/logo-pl.jpg\",\"width\":300,\"height\":127,\"caption\":\"Skamet\"},\"image\":{\"@id\":\"https:\/\/www.skamet.ee\/#\/schema\/logo\/image\/\"}}]}<\/script>\n<!-- \/ Yoast SEO plugin. -->","yoast_head_json":{"title":"Inne produkty - Skamet","robots":{"index":"index","follow":"follow","max-snippet":"max-snippet:-1","max-image-preview":"max-image-preview:large","max-video-preview":"max-video-preview:-1"},"canonical":"https:\/\/www.skamet.ee\/pl\/tooted\/inne-produkty\/","og_locale":"pl_PL","og_type":"article","og_title":"Inne produkty - Skamet","og_description":"Opr\u00f3cz piec\u00f3w do sauny i akcesori\u00f3w oferujemy inne produkty, kt\u00f3re opalane s\u0105 drewnem: w\u0119dzarnie, ruszty do grilla, piece grzewcze, piece","og_url":"https:\/\/www.skamet.ee\/pl\/tooted\/inne-produkty\/","og_site_name":"Skamet","article_modified_time":"2021-05-19T05:46:19+00:00","og_image":[{"width":615,"height":922,"url":"https:\/\/www.skamet.ee\/wp-content\/uploads\/2021\/03\/Suitsuahi-GSS-200-XL.jpg","type":"image\/jpeg"}],"twitter_card":"summary_large_image","twitter_misc":{"Szacowany czas czytania":"4 minuty"},"schema":{"@context":"https:\/\/schema.org","@graph":[{"@type":"WebPage","@id":"https:\/\/www.skamet.ee\/pl\/tooted\/inne-produkty\/","url":"https:\/\/www.skamet.ee\/pl\/tooted\/inne-produkty\/","name":"Inne produkty - Skamet","isPartOf":{"@id":"https:\/\/www.skamet.ee\/#website"},"primaryImageOfPage":{"@id":"https:\/\/www.skamet.ee\/pl\/tooted\/inne-produkty\/#primaryimage"},"image":{"@id":"https:\/\/www.skamet.ee\/pl\/tooted\/inne-produkty\/#primaryimage"},"thumbnailUrl":"https:\/\/www.skamet.ee\/wp-content\/uploads\/2021\/03\/Suitsuahi-GSS-200-XL.jpg","datePublished":"2021-05-10T08:05:11+00:00","dateModified":"2021-05-19T05:46:19+00:00","breadcrumb":{"@id":"https:\/\/www.skamet.ee\/pl\/tooted\/inne-produkty\/#breadcrumb"},"inLanguage":"pl-PL","potentialAction":[{"@type":"ReadAction","target":["https:\/\/www.skamet.ee\/pl\/tooted\/inne-produkty\/"]}]},{"@type":"ImageObject","inLanguage":"pl-PL","@id":"https:\/\/www.skamet.ee\/pl\/tooted\/inne-produkty\/#primaryimage","url":"https:\/\/www.skamet.ee\/wp-content\/uploads\/2021\/03\/Suitsuahi-GSS-200-XL.jpg","contentUrl":"https:\/\/www.skamet.ee\/wp-content\/uploads\/2021\/03\/Suitsuahi-GSS-200-XL.jpg","width":615,"height":922,"caption":"Suitsuahi GSS 200 XL"},{"@type":"BreadcrumbList","@id":"https:\/\/www.skamet.ee\/pl\/tooted\/inne-produkty\/#breadcrumb","itemListElement":[{"@type":"ListItem","position":1,"name":"Home","item":"https:\/\/www.skamet.ee\/"},{"@type":"ListItem","position":2,"name":"Produkty","item":"https:\/\/www.skamet.ee\/pl\/sklep\/"},{"@type":"ListItem","position":3,"name":"Inne produkty"}]},{"@type":"WebSite","@id":"https:\/\/www.skamet.ee\/#website","url":"https:\/\/www.skamet.ee\/","name":"Skamet O\u00dc","description":"Efektiivsed puuk\u00fcttega saunaahjud Eesti tootjalt","publisher":{"@id":"https:\/\/www.skamet.ee\/#organization"},"potentialAction":[{"@type":"SearchAction","target":{"@type":"EntryPoint","urlTemplate":"https:\/\/www.skamet.ee\/?s={search_term_string}"},"query-input":{"@type":"PropertyValueSpecification","valueRequired":true,"valueName":"search_term_string"}}],"inLanguage":"pl-PL"},{"@type":"Organization","@id":"https:\/\/www.skamet.ee\/#organization","name":"Skamet","url":"https:\/\/www.skamet.ee\/","logo":{"@type":"ImageObject","inLanguage":"pl-PL","@id":"https:\/\/www.skamet.ee\/#\/schema\/logo\/image\/","url":"https:\/\/www.skamet.ee\/wp-content\/uploads\/2024\/02\/logo-pl.jpg","contentUrl":"https:\/\/www.skamet.ee\/wp-content\/uploads\/2024\/02\/logo-pl.jpg","width":300,"height":127,"caption":"Skamet"},"image":{"@id":"https:\/\/www.skamet.ee\/#\/schema\/logo\/image\/"}}]}},"_links":{"self":[{"href":"https:\/\/www.skamet.ee\/pl\/wp-json\/wp\/v2\/product\/41219","targetHints":{"allow":["GET"]}}],"collection":[{"href":"https:\/\/www.skamet.ee\/pl\/wp-json\/wp\/v2\/product"}],"about":[{"href":"https:\/\/www.skamet.ee\/pl\/wp-json\/wp\/v2\/types\/product"}],"version-history":[{"count":1,"href":"https:\/\/www.skamet.ee\/pl\/wp-json\/wp\/v2\/product\/41219\/revisions"}],"predecessor-version":[{"id":41220,"href":"https:\/\/www.skamet.ee\/pl\/wp-json\/wp\/v2\/product\/41219\/revisions\/41220"}],"wp:featuredmedia":[{"embeddable":true,"href":"https:\/\/www.skamet.ee\/pl\/wp-json\/wp\/v2\/media\/39802"}],"wp:attachment":[{"href":"https:\/\/www.skamet.ee\/pl\/wp-json\/wp\/v2\/media?parent=41219"}],"wp:term":[{"taxonomy":"product_brand","embeddable":true,"href":"https:\/\/www.skamet.ee\/pl\/wp-json\/wp\/v2\/product_brand?post=41219"},{"taxonomy":"product_cat","embeddable":true,"href":"https:\/\/www.skamet.ee\/pl\/wp-json\/wp\/v2\/product_cat?post=41219"},{"taxonomy":"product_tag","embeddable":true,"href":"https:\/\/www.skamet.ee\/pl\/wp-json\/wp\/v2\/product_tag?post=41219"}],"curies":[{"name":"wp","href":"https:\/\/api.w.org\/{rel}","templated":true}]}}