{"id":41964,"date":"2021-03-26T15:00:52","date_gmt":"2021-03-26T13:00:52","guid":{"rendered":"https:\/\/uus.skamet.ee\/tooted\/bez-kategorii\/lazienkowy-podgrzewacz-wody-z-otwartym-bojlerem\/"},"modified":"2021-05-20T08:45:54","modified_gmt":"2021-05-20T05:45:54","slug":"lazienkowy-podgrzewacz-wody-z-otwartym-bojlerem","status":"publish","type":"product","link":"https:\/\/www.skamet.ee\/pl\/tooted\/lazienkowy-podgrzewacz-wody-z-otwartym-bojlerem\/","title":{"rendered":"\u0141azienkowy podgrzewacz wody z otwartym bojlerem"},"content":{"rendered":"<p>\u0141azienkowy podgrzewacz wody w metalowej obudowie z otwartym bojlerem jest przeznaczony do ogrzewania wody. Niniejszy podgrzewacz posiada podw\u00f3jn\u0105 obudow\u0119, w kt\u00f3rej zamontowany jest bojler zrobiony z metalu \u017celaznego. Komin dymowy jest pod\u0142\u0105czony do tylnej cz\u0119\u015bci podgrzewacza. Podgrzewacz mo\u017ce zosta\u0107 wyposa\u017cony w drzwiczki szklane. Na zam\u00f3wienie dost\u0119pne modele z bojlerem odpornym na korozj\u0119. Przyk\u0142adowe wymiary: szeroko\u015b\u0107 drzwiczek \u2013 33 cm, ich wysoko\u015b\u0107 \u2013 45 cm. \u015arednica 40 cm. Wysoko\u015b\u0107 110-litrowego-bojlera wynosi oko\u0142o 110 cm. Bojler posiada z\u0142\u0105czk\u0119 \u00bd\u201d (przeznaczon\u0105 do doprowadzenia wody) oraz pokryw\u0119.<\/p>\n","protected":false},"excerpt":{"rendered":"<p>\u0141azienkowy podgrzewacz wody w metalowej obudowie z otwartym bojlerem jest przeznaczony do ogrzewania wody. Niniejszy podgrzewacz posiada podw\u00f3jn\u0105 obudow\u0119, w<\/p>\n","protected":false},"featured_media":40912,"template":"","meta":{"_lmt_disableupdate":"","_lmt_disable":""},"product_brand":[],"product_cat":[381],"product_tag":[],"class_list":{"0":"post-41964","1":"product","2":"type-product","3":"status-publish","4":"has-post-thumbnail","6":"product_cat-niestandardowe-piece-wykonywane-na-zamowienie","8":"first","9":"instock","10":"shipping-taxable","11":"product-type-simple"},"yoast_head":"<!-- This site is optimized with the Yoast SEO plugin v27.0 - https:\/\/yoast.com\/product\/yoast-seo-wordpress\/ -->\n<title>\u0141azienkowy podgrzewacz wody z otwartym bojlerem - Skamet<\/title>\n<meta name=\"robots\" content=\"index, follow, max-snippet:-1, max-image-preview:large, max-video-preview:-1\" \/>\n<link rel=\"canonical\" href=\"https:\/\/www.skamet.ee\/pl\/tooted\/lazienkowy-podgrzewacz-wody-z-otwartym-bojlerem\/\" \/>\n<meta property=\"og:locale\" content=\"pl_PL\" \/>\n<meta property=\"og:type\" content=\"article\" \/>\n<meta property=\"og:title\" content=\"\u0141azienkowy podgrzewacz wody z otwartym bojlerem - Skamet\" \/>\n<meta property=\"og:description\" content=\"\u0141azienkowy podgrzewacz wody w metalowej obudowie z otwartym bojlerem jest przeznaczony do ogrzewania wody. Niniejszy podgrzewacz posiada podw\u00f3jn\u0105 obudow\u0119, w\" \/>\n<meta property=\"og:url\" content=\"https:\/\/www.skamet.ee\/pl\/tooted\/lazienkowy-podgrzewacz-wody-z-otwartym-bojlerem\/\" \/>\n<meta property=\"og:site_name\" content=\"Skamet\" \/>\n<meta property=\"article:modified_time\" content=\"2021-05-20T05:45:54+00:00\" \/>\n<meta property=\"og:image\" content=\"https:\/\/www.skamet.ee\/wp-content\/uploads\/2021\/03\/DSC_0006.png\" \/>\n\t<meta property=\"og:image:width\" content=\"407\" \/>\n\t<meta property=\"og:image:height\" content=\"613\" \/>\n\t<meta property=\"og:image:type\" content=\"image\/png\" \/>\n<meta name=\"twitter:card\" content=\"summary_large_image\" \/>\n<script type=\"application\/ld+json\" class=\"yoast-schema-graph\">{\"@context\":\"https:\/\/schema.org\",\"@graph\":[{\"@type\":\"WebPage\",\"@id\":\"https:\/\/www.skamet.ee\/pl\/tooted\/lazienkowy-podgrzewacz-wody-z-otwartym-bojlerem\/\",\"url\":\"https:\/\/www.skamet.ee\/pl\/tooted\/lazienkowy-podgrzewacz-wody-z-otwartym-bojlerem\/\",\"name\":\"\u0141azienkowy podgrzewacz wody z otwartym bojlerem - Skamet\",\"isPartOf\":{\"@id\":\"https:\/\/www.skamet.ee\/#website\"},\"primaryImageOfPage\":{\"@id\":\"https:\/\/www.skamet.ee\/pl\/tooted\/lazienkowy-podgrzewacz-wody-z-otwartym-bojlerem\/#primaryimage\"},\"image\":{\"@id\":\"https:\/\/www.skamet.ee\/pl\/tooted\/lazienkowy-podgrzewacz-wody-z-otwartym-bojlerem\/#primaryimage\"},\"thumbnailUrl\":\"https:\/\/www.skamet.ee\/wp-content\/uploads\/2021\/03\/DSC_0006.png\",\"datePublished\":\"2021-03-26T13:00:52+00:00\",\"dateModified\":\"2021-05-20T05:45:54+00:00\",\"breadcrumb\":{\"@id\":\"https:\/\/www.skamet.ee\/pl\/tooted\/lazienkowy-podgrzewacz-wody-z-otwartym-bojlerem\/#breadcrumb\"},\"inLanguage\":\"pl-PL\",\"potentialAction\":[{\"@type\":\"ReadAction\",\"target\":[\"https:\/\/www.skamet.ee\/pl\/tooted\/lazienkowy-podgrzewacz-wody-z-otwartym-bojlerem\/\"]}]},{\"@type\":\"ImageObject\",\"inLanguage\":\"pl-PL\",\"@id\":\"https:\/\/www.skamet.ee\/pl\/tooted\/lazienkowy-podgrzewacz-wody-z-otwartym-bojlerem\/#primaryimage\",\"url\":\"https:\/\/www.skamet.ee\/wp-content\/uploads\/2021\/03\/DSC_0006.png\",\"contentUrl\":\"https:\/\/www.skamet.ee\/wp-content\/uploads\/2021\/03\/DSC_0006.png\",\"width\":407,\"height\":613,\"caption\":\"DSC 0006\"},{\"@type\":\"BreadcrumbList\",\"@id\":\"https:\/\/www.skamet.ee\/pl\/tooted\/lazienkowy-podgrzewacz-wody-z-otwartym-bojlerem\/#breadcrumb\",\"itemListElement\":[{\"@type\":\"ListItem\",\"position\":1,\"name\":\"Home\",\"item\":\"https:\/\/www.skamet.ee\/\"},{\"@type\":\"ListItem\",\"position\":2,\"name\":\"Produkty\",\"item\":\"https:\/\/www.skamet.ee\/pl\/sklep\/\"},{\"@type\":\"ListItem\",\"position\":3,\"name\":\"\u0141azienkowy podgrzewacz wody z otwartym bojlerem\"}]},{\"@type\":\"WebSite\",\"@id\":\"https:\/\/www.skamet.ee\/#website\",\"url\":\"https:\/\/www.skamet.ee\/\",\"name\":\"Skamet O\u00dc\",\"description\":\"Efektiivsed puuk\u00fcttega saunaahjud Eesti tootjalt\",\"publisher\":{\"@id\":\"https:\/\/www.skamet.ee\/#organization\"},\"potentialAction\":[{\"@type\":\"SearchAction\",\"target\":{\"@type\":\"EntryPoint\",\"urlTemplate\":\"https:\/\/www.skamet.ee\/?s={search_term_string}\"},\"query-input\":{\"@type\":\"PropertyValueSpecification\",\"valueRequired\":true,\"valueName\":\"search_term_string\"}}],\"inLanguage\":\"pl-PL\"},{\"@type\":\"Organization\",\"@id\":\"https:\/\/www.skamet.ee\/#organization\",\"name\":\"Skamet\",\"url\":\"https:\/\/www.skamet.ee\/\",\"logo\":{\"@type\":\"ImageObject\",\"inLanguage\":\"pl-PL\",\"@id\":\"https:\/\/www.skamet.ee\/#\/schema\/logo\/image\/\",\"url\":\"https:\/\/www.skamet.ee\/wp-content\/uploads\/2024\/02\/logo-pl.jpg\",\"contentUrl\":\"https:\/\/www.skamet.ee\/wp-content\/uploads\/2024\/02\/logo-pl.jpg\",\"width\":300,\"height\":127,\"caption\":\"Skamet\"},\"image\":{\"@id\":\"https:\/\/www.skamet.ee\/#\/schema\/logo\/image\/\"}}]}<\/script>\n<!-- \/ Yoast SEO plugin. -->","yoast_head_json":{"title":"\u0141azienkowy podgrzewacz wody z otwartym bojlerem - Skamet","robots":{"index":"index","follow":"follow","max-snippet":"max-snippet:-1","max-image-preview":"max-image-preview:large","max-video-preview":"max-video-preview:-1"},"canonical":"https:\/\/www.skamet.ee\/pl\/tooted\/lazienkowy-podgrzewacz-wody-z-otwartym-bojlerem\/","og_locale":"pl_PL","og_type":"article","og_title":"\u0141azienkowy podgrzewacz wody z otwartym bojlerem - Skamet","og_description":"\u0141azienkowy podgrzewacz wody w metalowej obudowie z otwartym bojlerem jest przeznaczony do ogrzewania wody. Niniejszy podgrzewacz posiada podw\u00f3jn\u0105 obudow\u0119, w","og_url":"https:\/\/www.skamet.ee\/pl\/tooted\/lazienkowy-podgrzewacz-wody-z-otwartym-bojlerem\/","og_site_name":"Skamet","article_modified_time":"2021-05-20T05:45:54+00:00","og_image":[{"width":407,"height":613,"url":"https:\/\/www.skamet.ee\/wp-content\/uploads\/2021\/03\/DSC_0006.png","type":"image\/png"}],"twitter_card":"summary_large_image","schema":{"@context":"https:\/\/schema.org","@graph":[{"@type":"WebPage","@id":"https:\/\/www.skamet.ee\/pl\/tooted\/lazienkowy-podgrzewacz-wody-z-otwartym-bojlerem\/","url":"https:\/\/www.skamet.ee\/pl\/tooted\/lazienkowy-podgrzewacz-wody-z-otwartym-bojlerem\/","name":"\u0141azienkowy podgrzewacz wody z otwartym bojlerem - Skamet","isPartOf":{"@id":"https:\/\/www.skamet.ee\/#website"},"primaryImageOfPage":{"@id":"https:\/\/www.skamet.ee\/pl\/tooted\/lazienkowy-podgrzewacz-wody-z-otwartym-bojlerem\/#primaryimage"},"image":{"@id":"https:\/\/www.skamet.ee\/pl\/tooted\/lazienkowy-podgrzewacz-wody-z-otwartym-bojlerem\/#primaryimage"},"thumbnailUrl":"https:\/\/www.skamet.ee\/wp-content\/uploads\/2021\/03\/DSC_0006.png","datePublished":"2021-03-26T13:00:52+00:00","dateModified":"2021-05-20T05:45:54+00:00","breadcrumb":{"@id":"https:\/\/www.skamet.ee\/pl\/tooted\/lazienkowy-podgrzewacz-wody-z-otwartym-bojlerem\/#breadcrumb"},"inLanguage":"pl-PL","potentialAction":[{"@type":"ReadAction","target":["https:\/\/www.skamet.ee\/pl\/tooted\/lazienkowy-podgrzewacz-wody-z-otwartym-bojlerem\/"]}]},{"@type":"ImageObject","inLanguage":"pl-PL","@id":"https:\/\/www.skamet.ee\/pl\/tooted\/lazienkowy-podgrzewacz-wody-z-otwartym-bojlerem\/#primaryimage","url":"https:\/\/www.skamet.ee\/wp-content\/uploads\/2021\/03\/DSC_0006.png","contentUrl":"https:\/\/www.skamet.ee\/wp-content\/uploads\/2021\/03\/DSC_0006.png","width":407,"height":613,"caption":"DSC 0006"},{"@type":"BreadcrumbList","@id":"https:\/\/www.skamet.ee\/pl\/tooted\/lazienkowy-podgrzewacz-wody-z-otwartym-bojlerem\/#breadcrumb","itemListElement":[{"@type":"ListItem","position":1,"name":"Home","item":"https:\/\/www.skamet.ee\/"},{"@type":"ListItem","position":2,"name":"Produkty","item":"https:\/\/www.skamet.ee\/pl\/sklep\/"},{"@type":"ListItem","position":3,"name":"\u0141azienkowy podgrzewacz wody z otwartym bojlerem"}]},{"@type":"WebSite","@id":"https:\/\/www.skamet.ee\/#website","url":"https:\/\/www.skamet.ee\/","name":"Skamet O\u00dc","description":"Efektiivsed puuk\u00fcttega saunaahjud Eesti tootjalt","publisher":{"@id":"https:\/\/www.skamet.ee\/#organization"},"potentialAction":[{"@type":"SearchAction","target":{"@type":"EntryPoint","urlTemplate":"https:\/\/www.skamet.ee\/?s={search_term_string}"},"query-input":{"@type":"PropertyValueSpecification","valueRequired":true,"valueName":"search_term_string"}}],"inLanguage":"pl-PL"},{"@type":"Organization","@id":"https:\/\/www.skamet.ee\/#organization","name":"Skamet","url":"https:\/\/www.skamet.ee\/","logo":{"@type":"ImageObject","inLanguage":"pl-PL","@id":"https:\/\/www.skamet.ee\/#\/schema\/logo\/image\/","url":"https:\/\/www.skamet.ee\/wp-content\/uploads\/2024\/02\/logo-pl.jpg","contentUrl":"https:\/\/www.skamet.ee\/wp-content\/uploads\/2024\/02\/logo-pl.jpg","width":300,"height":127,"caption":"Skamet"},"image":{"@id":"https:\/\/www.skamet.ee\/#\/schema\/logo\/image\/"}}]}},"_links":{"self":[{"href":"https:\/\/www.skamet.ee\/pl\/wp-json\/wp\/v2\/product\/41964","targetHints":{"allow":["GET"]}}],"collection":[{"href":"https:\/\/www.skamet.ee\/pl\/wp-json\/wp\/v2\/product"}],"about":[{"href":"https:\/\/www.skamet.ee\/pl\/wp-json\/wp\/v2\/types\/product"}],"version-history":[{"count":1,"href":"https:\/\/www.skamet.ee\/pl\/wp-json\/wp\/v2\/product\/41964\/revisions"}],"predecessor-version":[{"id":42054,"href":"https:\/\/www.skamet.ee\/pl\/wp-json\/wp\/v2\/product\/41964\/revisions\/42054"}],"wp:featuredmedia":[{"embeddable":true,"href":"https:\/\/www.skamet.ee\/pl\/wp-json\/wp\/v2\/media\/40912"}],"wp:attachment":[{"href":"https:\/\/www.skamet.ee\/pl\/wp-json\/wp\/v2\/media?parent=41964"}],"wp:term":[{"taxonomy":"product_brand","embeddable":true,"href":"https:\/\/www.skamet.ee\/pl\/wp-json\/wp\/v2\/product_brand?post=41964"},{"taxonomy":"product_cat","embeddable":true,"href":"https:\/\/www.skamet.ee\/pl\/wp-json\/wp\/v2\/product_cat?post=41964"},{"taxonomy":"product_tag","embeddable":true,"href":"https:\/\/www.skamet.ee\/pl\/wp-json\/wp\/v2\/product_tag?post=41964"}],"curies":[{"name":"wp","href":"https:\/\/api.w.org\/{rel}","templated":true}]}}