{"id":41969,"date":"2021-03-26T14:58:29","date_gmt":"2021-03-26T12:58:29","guid":{"rendered":"https:\/\/uus.skamet.ee\/tooted\/bez-kategorii\/piec-z-bojlerem-zamknietym\/"},"modified":"2021-05-20T08:46:37","modified_gmt":"2021-05-20T05:46:37","slug":"piec-z-bojlerem-zamknietym","status":"publish","type":"product","link":"https:\/\/www.skamet.ee\/pl\/tooted\/piec-z-bojlerem-zamknietym\/","title":{"rendered":"Piec z bojlerem zamkni\u0119tym"},"content":{"rendered":"<p>Piec w os\u0142onie siatkowej z bojlerem w uk\u0142adzie zamkni\u0119tym jest odpowiedni do mniejszej sauny (6-10 m\u00b3). Rura jest pod\u0142\u0105czona nad piecem. Bojler wody ciep\u0142ej jest r\u00f3wnie\u017c zamontowany powy\u017cej, a przewody spalinowe zainstalowano wewn\u0105trz bojlera. Piec zam\u00f3wiony mo\u017ce zosta\u0107 ze szklanymi drzwiczkami lub bez nich. Pojemno\u015b\u0107 bojlera dla standardowego pieca wynosi 110 litr\u00f3w (wi\u0119ksze lub mniejsze modele mog\u0105 zosta\u0107 wyprodukowane na zam\u00f3wienie). Przyk\u0142adowe wymiary: komora spalaj\u0105ca (cz\u0119\u015b\u0107 z paleniskiem rusztowym) \u2013 62\u00d754 cm. Wysoko\u015b\u0107 \u2013 45 cm. \u015arednica bojlera \u2013 45 cm. Wysoko\u015b\u0107 110-litrowego bojlera wynosi 80 cm. Ca\u0142kowita wysoko\u015b\u0107 \u2013 125 cm. Bojler wyposa\u017cono w trzy z\u0142\u0105czki \u00bd\u201d (jedna przeznaczona do doprowadzania wody, druga dla odprowadzania wody i trzecia \u2013 zaw\u00f3r ochronny) oraz jedn\u0105 z\u0142\u0105czk\u0119 z gwintem wewn\u0119trznym dla termometru. <\/p>\n","protected":false},"excerpt":{"rendered":"<p>Piec w os\u0142onie siatkowej z bojlerem w uk\u0142adzie zamkni\u0119tym jest odpowiedni do mniejszej sauny (6-10 m\u00b3). Rura jest pod\u0142\u0105czona nad<\/p>\n","protected":false},"featured_media":40888,"template":"","meta":{"_lmt_disableupdate":"","_lmt_disable":""},"product_brand":[],"product_cat":[381],"product_tag":[],"class_list":{"0":"post-41969","1":"product","2":"type-product","3":"status-publish","4":"has-post-thumbnail","6":"product_cat-niestandardowe-piece-wykonywane-na-zamowienie","8":"first","9":"instock","10":"shipping-taxable","11":"product-type-simple"},"yoast_head":"<!-- This site is optimized with the Yoast SEO plugin v27.0 - https:\/\/yoast.com\/product\/yoast-seo-wordpress\/ -->\n<title>Piec z bojlerem zamkni\u0119tym - Skamet<\/title>\n<meta name=\"robots\" content=\"index, follow, max-snippet:-1, max-image-preview:large, max-video-preview:-1\" \/>\n<link rel=\"canonical\" href=\"https:\/\/www.skamet.ee\/pl\/tooted\/piec-z-bojlerem-zamknietym\/\" \/>\n<meta property=\"og:locale\" content=\"pl_PL\" \/>\n<meta property=\"og:type\" content=\"article\" \/>\n<meta property=\"og:title\" content=\"Piec z bojlerem zamkni\u0119tym - Skamet\" \/>\n<meta property=\"og:description\" content=\"Piec w os\u0142onie siatkowej z bojlerem w uk\u0142adzie zamkni\u0119tym jest odpowiedni do mniejszej sauny (6-10 m\u00b3). Rura jest pod\u0142\u0105czona nad\" \/>\n<meta property=\"og:url\" content=\"https:\/\/www.skamet.ee\/pl\/tooted\/piec-z-bojlerem-zamknietym\/\" \/>\n<meta property=\"og:site_name\" content=\"Skamet\" \/>\n<meta property=\"article:modified_time\" content=\"2021-05-20T05:46:37+00:00\" \/>\n<meta property=\"og:image\" content=\"https:\/\/www.skamet.ee\/wp-content\/uploads\/2021\/03\/IMGP3540.png\" \/>\n\t<meta property=\"og:image:width\" content=\"433\" \/>\n\t<meta property=\"og:image:height\" content=\"577\" \/>\n\t<meta property=\"og:image:type\" content=\"image\/png\" \/>\n<meta name=\"twitter:card\" content=\"summary_large_image\" \/>\n<meta name=\"twitter:label1\" content=\"Szacowany czas czytania\" \/>\n\t<meta name=\"twitter:data1\" content=\"1 minuta\" \/>\n<script type=\"application\/ld+json\" class=\"yoast-schema-graph\">{\"@context\":\"https:\/\/schema.org\",\"@graph\":[{\"@type\":\"WebPage\",\"@id\":\"https:\/\/www.skamet.ee\/pl\/tooted\/piec-z-bojlerem-zamknietym\/\",\"url\":\"https:\/\/www.skamet.ee\/pl\/tooted\/piec-z-bojlerem-zamknietym\/\",\"name\":\"Piec z bojlerem zamkni\u0119tym - Skamet\",\"isPartOf\":{\"@id\":\"https:\/\/www.skamet.ee\/#website\"},\"primaryImageOfPage\":{\"@id\":\"https:\/\/www.skamet.ee\/pl\/tooted\/piec-z-bojlerem-zamknietym\/#primaryimage\"},\"image\":{\"@id\":\"https:\/\/www.skamet.ee\/pl\/tooted\/piec-z-bojlerem-zamknietym\/#primaryimage\"},\"thumbnailUrl\":\"https:\/\/www.skamet.ee\/wp-content\/uploads\/2021\/03\/IMGP3540.png\",\"datePublished\":\"2021-03-26T12:58:29+00:00\",\"dateModified\":\"2021-05-20T05:46:37+00:00\",\"breadcrumb\":{\"@id\":\"https:\/\/www.skamet.ee\/pl\/tooted\/piec-z-bojlerem-zamknietym\/#breadcrumb\"},\"inLanguage\":\"pl-PL\",\"potentialAction\":[{\"@type\":\"ReadAction\",\"target\":[\"https:\/\/www.skamet.ee\/pl\/tooted\/piec-z-bojlerem-zamknietym\/\"]}]},{\"@type\":\"ImageObject\",\"inLanguage\":\"pl-PL\",\"@id\":\"https:\/\/www.skamet.ee\/pl\/tooted\/piec-z-bojlerem-zamknietym\/#primaryimage\",\"url\":\"https:\/\/www.skamet.ee\/wp-content\/uploads\/2021\/03\/IMGP3540.png\",\"contentUrl\":\"https:\/\/www.skamet.ee\/wp-content\/uploads\/2021\/03\/IMGP3540.png\",\"width\":433,\"height\":577,\"caption\":\"IMGP3540\"},{\"@type\":\"BreadcrumbList\",\"@id\":\"https:\/\/www.skamet.ee\/pl\/tooted\/piec-z-bojlerem-zamknietym\/#breadcrumb\",\"itemListElement\":[{\"@type\":\"ListItem\",\"position\":1,\"name\":\"Home\",\"item\":\"https:\/\/www.skamet.ee\/\"},{\"@type\":\"ListItem\",\"position\":2,\"name\":\"Produkty\",\"item\":\"https:\/\/www.skamet.ee\/pl\/sklep\/\"},{\"@type\":\"ListItem\",\"position\":3,\"name\":\"Piec z bojlerem zamkni\u0119tym\"}]},{\"@type\":\"WebSite\",\"@id\":\"https:\/\/www.skamet.ee\/#website\",\"url\":\"https:\/\/www.skamet.ee\/\",\"name\":\"Skamet O\u00dc\",\"description\":\"Efektiivsed puuk\u00fcttega saunaahjud Eesti tootjalt\",\"publisher\":{\"@id\":\"https:\/\/www.skamet.ee\/#organization\"},\"potentialAction\":[{\"@type\":\"SearchAction\",\"target\":{\"@type\":\"EntryPoint\",\"urlTemplate\":\"https:\/\/www.skamet.ee\/?s={search_term_string}\"},\"query-input\":{\"@type\":\"PropertyValueSpecification\",\"valueRequired\":true,\"valueName\":\"search_term_string\"}}],\"inLanguage\":\"pl-PL\"},{\"@type\":\"Organization\",\"@id\":\"https:\/\/www.skamet.ee\/#organization\",\"name\":\"Skamet\",\"url\":\"https:\/\/www.skamet.ee\/\",\"logo\":{\"@type\":\"ImageObject\",\"inLanguage\":\"pl-PL\",\"@id\":\"https:\/\/www.skamet.ee\/#\/schema\/logo\/image\/\",\"url\":\"https:\/\/www.skamet.ee\/wp-content\/uploads\/2024\/02\/logo-pl.jpg\",\"contentUrl\":\"https:\/\/www.skamet.ee\/wp-content\/uploads\/2024\/02\/logo-pl.jpg\",\"width\":300,\"height\":127,\"caption\":\"Skamet\"},\"image\":{\"@id\":\"https:\/\/www.skamet.ee\/#\/schema\/logo\/image\/\"}}]}<\/script>\n<!-- \/ Yoast SEO plugin. -->","yoast_head_json":{"title":"Piec z bojlerem zamkni\u0119tym - Skamet","robots":{"index":"index","follow":"follow","max-snippet":"max-snippet:-1","max-image-preview":"max-image-preview:large","max-video-preview":"max-video-preview:-1"},"canonical":"https:\/\/www.skamet.ee\/pl\/tooted\/piec-z-bojlerem-zamknietym\/","og_locale":"pl_PL","og_type":"article","og_title":"Piec z bojlerem zamkni\u0119tym - Skamet","og_description":"Piec w os\u0142onie siatkowej z bojlerem w uk\u0142adzie zamkni\u0119tym jest odpowiedni do mniejszej sauny (6-10 m\u00b3). Rura jest pod\u0142\u0105czona nad","og_url":"https:\/\/www.skamet.ee\/pl\/tooted\/piec-z-bojlerem-zamknietym\/","og_site_name":"Skamet","article_modified_time":"2021-05-20T05:46:37+00:00","og_image":[{"width":433,"height":577,"url":"https:\/\/www.skamet.ee\/wp-content\/uploads\/2021\/03\/IMGP3540.png","type":"image\/png"}],"twitter_card":"summary_large_image","twitter_misc":{"Szacowany czas czytania":"1 minuta"},"schema":{"@context":"https:\/\/schema.org","@graph":[{"@type":"WebPage","@id":"https:\/\/www.skamet.ee\/pl\/tooted\/piec-z-bojlerem-zamknietym\/","url":"https:\/\/www.skamet.ee\/pl\/tooted\/piec-z-bojlerem-zamknietym\/","name":"Piec z bojlerem zamkni\u0119tym - Skamet","isPartOf":{"@id":"https:\/\/www.skamet.ee\/#website"},"primaryImageOfPage":{"@id":"https:\/\/www.skamet.ee\/pl\/tooted\/piec-z-bojlerem-zamknietym\/#primaryimage"},"image":{"@id":"https:\/\/www.skamet.ee\/pl\/tooted\/piec-z-bojlerem-zamknietym\/#primaryimage"},"thumbnailUrl":"https:\/\/www.skamet.ee\/wp-content\/uploads\/2021\/03\/IMGP3540.png","datePublished":"2021-03-26T12:58:29+00:00","dateModified":"2021-05-20T05:46:37+00:00","breadcrumb":{"@id":"https:\/\/www.skamet.ee\/pl\/tooted\/piec-z-bojlerem-zamknietym\/#breadcrumb"},"inLanguage":"pl-PL","potentialAction":[{"@type":"ReadAction","target":["https:\/\/www.skamet.ee\/pl\/tooted\/piec-z-bojlerem-zamknietym\/"]}]},{"@type":"ImageObject","inLanguage":"pl-PL","@id":"https:\/\/www.skamet.ee\/pl\/tooted\/piec-z-bojlerem-zamknietym\/#primaryimage","url":"https:\/\/www.skamet.ee\/wp-content\/uploads\/2021\/03\/IMGP3540.png","contentUrl":"https:\/\/www.skamet.ee\/wp-content\/uploads\/2021\/03\/IMGP3540.png","width":433,"height":577,"caption":"IMGP3540"},{"@type":"BreadcrumbList","@id":"https:\/\/www.skamet.ee\/pl\/tooted\/piec-z-bojlerem-zamknietym\/#breadcrumb","itemListElement":[{"@type":"ListItem","position":1,"name":"Home","item":"https:\/\/www.skamet.ee\/"},{"@type":"ListItem","position":2,"name":"Produkty","item":"https:\/\/www.skamet.ee\/pl\/sklep\/"},{"@type":"ListItem","position":3,"name":"Piec z bojlerem zamkni\u0119tym"}]},{"@type":"WebSite","@id":"https:\/\/www.skamet.ee\/#website","url":"https:\/\/www.skamet.ee\/","name":"Skamet O\u00dc","description":"Efektiivsed puuk\u00fcttega saunaahjud Eesti tootjalt","publisher":{"@id":"https:\/\/www.skamet.ee\/#organization"},"potentialAction":[{"@type":"SearchAction","target":{"@type":"EntryPoint","urlTemplate":"https:\/\/www.skamet.ee\/?s={search_term_string}"},"query-input":{"@type":"PropertyValueSpecification","valueRequired":true,"valueName":"search_term_string"}}],"inLanguage":"pl-PL"},{"@type":"Organization","@id":"https:\/\/www.skamet.ee\/#organization","name":"Skamet","url":"https:\/\/www.skamet.ee\/","logo":{"@type":"ImageObject","inLanguage":"pl-PL","@id":"https:\/\/www.skamet.ee\/#\/schema\/logo\/image\/","url":"https:\/\/www.skamet.ee\/wp-content\/uploads\/2024\/02\/logo-pl.jpg","contentUrl":"https:\/\/www.skamet.ee\/wp-content\/uploads\/2024\/02\/logo-pl.jpg","width":300,"height":127,"caption":"Skamet"},"image":{"@id":"https:\/\/www.skamet.ee\/#\/schema\/logo\/image\/"}}]}},"_links":{"self":[{"href":"https:\/\/www.skamet.ee\/pl\/wp-json\/wp\/v2\/product\/41969","targetHints":{"allow":["GET"]}}],"collection":[{"href":"https:\/\/www.skamet.ee\/pl\/wp-json\/wp\/v2\/product"}],"about":[{"href":"https:\/\/www.skamet.ee\/pl\/wp-json\/wp\/v2\/types\/product"}],"version-history":[{"count":1,"href":"https:\/\/www.skamet.ee\/pl\/wp-json\/wp\/v2\/product\/41969\/revisions"}],"predecessor-version":[{"id":42055,"href":"https:\/\/www.skamet.ee\/pl\/wp-json\/wp\/v2\/product\/41969\/revisions\/42055"}],"wp:featuredmedia":[{"embeddable":true,"href":"https:\/\/www.skamet.ee\/pl\/wp-json\/wp\/v2\/media\/40888"}],"wp:attachment":[{"href":"https:\/\/www.skamet.ee\/pl\/wp-json\/wp\/v2\/media?parent=41969"}],"wp:term":[{"taxonomy":"product_brand","embeddable":true,"href":"https:\/\/www.skamet.ee\/pl\/wp-json\/wp\/v2\/product_brand?post=41969"},{"taxonomy":"product_cat","embeddable":true,"href":"https:\/\/www.skamet.ee\/pl\/wp-json\/wp\/v2\/product_cat?post=41969"},{"taxonomy":"product_tag","embeddable":true,"href":"https:\/\/www.skamet.ee\/pl\/wp-json\/wp\/v2\/product_tag?post=41969"}],"curies":[{"name":"wp","href":"https:\/\/api.w.org\/{rel}","templated":true}]}}