{"id":41974,"date":"2021-03-26T14:57:29","date_gmt":"2021-03-26T12:57:29","guid":{"rendered":"https:\/\/uus.skamet.ee\/tooted\/bez-kategorii\/kuchenka-opalana-drewnem\/"},"modified":"2021-05-20T08:54:36","modified_gmt":"2021-05-20T05:54:36","slug":"kuchenka-opalana-drewnem","status":"publish","type":"product","link":"https:\/\/www.skamet.ee\/pl\/tooted\/kuchenka-opalana-drewnem\/","title":{"rendered":"Kuchenka opalana drewnem"},"content":{"rendered":"<p>Kuchenka opalana drewnem jest nagrzewana podobnie jak piece do sauny w metalowej obudowie, tj. odleg\u0142o\u015b\u0107 pomi\u0119dzy wewn\u0119trzn\u0105 cz\u0119\u015bci\u0105 pieca i jego obudow\u0105 wynosi 5 cm, a zimne powietrze przechodzi do g\u00f3ry przez szczelin\u0119. W ten spos\u00f3b cyrkulacja powietrza zwi\u0119ksza si\u0119, a pomieszczenie nagrzewa si\u0119 szybciej. Wymiary zewn\u0119trzne 86x48x53 cm. Po\u0142\u0105czenie z rur\u0105 znajduje si\u0119 w tylnej \u015bciance. Bojler ciep\u0142ej wody mo\u017ce by\u0107 pod\u0142\u0105czony do kuchenki opalanej drewnem (po prawej lub po lewej stronie). G\u00f3rna powierzchnia pieca jest pokryta \u017celiwn\u0105 p\u0142yt\u0105, na kt\u00f3rej mo\u017cna gotowa\u0107 jedzenie. Przegr\u00f3dka do przechowywania drewna znajduje si\u0119 w dolnej cz\u0119\u015bci pieca (35x39x47.5 cm).<br \/>\nWszystkie wymiary znajduj\u0105 si\u0119 w podr\u0119cznikach u\u017cytkownika.<\/p>\n","protected":false},"excerpt":{"rendered":"<p>Kuchenka opalana drewnem jest nagrzewana podobnie jak piece do sauny w metalowej obudowie, tj. odleg\u0142o\u015b\u0107 pomi\u0119dzy wewn\u0119trzn\u0105 cz\u0119\u015bci\u0105 pieca i<\/p>\n","protected":false},"featured_media":39898,"template":"","meta":{"_lmt_disableupdate":"","_lmt_disable":""},"product_brand":[],"product_cat":[381],"product_tag":[],"class_list":{"0":"post-41974","1":"product","2":"type-product","3":"status-publish","4":"has-post-thumbnail","6":"product_cat-niestandardowe-piece-wykonywane-na-zamowienie","8":"first","9":"instock","10":"shipping-taxable","11":"product-type-simple"},"yoast_head":"<!-- This site is optimized with the Yoast SEO plugin v27.0 - https:\/\/yoast.com\/product\/yoast-seo-wordpress\/ -->\n<title>Kuchenka opalana drewnem - Skamet<\/title>\n<meta name=\"robots\" content=\"index, follow, max-snippet:-1, max-image-preview:large, max-video-preview:-1\" \/>\n<link rel=\"canonical\" href=\"https:\/\/www.skamet.ee\/pl\/tooted\/kuchenka-opalana-drewnem\/\" \/>\n<meta property=\"og:locale\" content=\"pl_PL\" \/>\n<meta property=\"og:type\" content=\"article\" \/>\n<meta property=\"og:title\" content=\"Kuchenka opalana drewnem - Skamet\" \/>\n<meta property=\"og:description\" content=\"Kuchenka opalana drewnem jest nagrzewana podobnie jak piece do sauny w metalowej obudowie, tj. odleg\u0142o\u015b\u0107 pomi\u0119dzy wewn\u0119trzn\u0105 cz\u0119\u015bci\u0105 pieca i\" \/>\n<meta property=\"og:url\" content=\"https:\/\/www.skamet.ee\/pl\/tooted\/kuchenka-opalana-drewnem\/\" \/>\n<meta property=\"og:site_name\" content=\"Skamet\" \/>\n<meta property=\"article:modified_time\" content=\"2021-05-20T05:54:36+00:00\" \/>\n<meta property=\"og:image\" content=\"https:\/\/www.skamet.ee\/wp-content\/uploads\/2021\/03\/pliitahi-removebg-preview.png\" \/>\n\t<meta property=\"og:image:width\" content=\"433\" \/>\n\t<meta property=\"og:image:height\" content=\"577\" \/>\n\t<meta property=\"og:image:type\" content=\"image\/png\" \/>\n<meta name=\"twitter:card\" content=\"summary_large_image\" \/>\n<meta name=\"twitter:label1\" content=\"Szacowany czas czytania\" \/>\n\t<meta name=\"twitter:data1\" content=\"1 minuta\" \/>\n<script type=\"application\/ld+json\" class=\"yoast-schema-graph\">{\"@context\":\"https:\/\/schema.org\",\"@graph\":[{\"@type\":\"WebPage\",\"@id\":\"https:\/\/www.skamet.ee\/pl\/tooted\/kuchenka-opalana-drewnem\/\",\"url\":\"https:\/\/www.skamet.ee\/pl\/tooted\/kuchenka-opalana-drewnem\/\",\"name\":\"Kuchenka opalana drewnem - Skamet\",\"isPartOf\":{\"@id\":\"https:\/\/www.skamet.ee\/#website\"},\"primaryImageOfPage\":{\"@id\":\"https:\/\/www.skamet.ee\/pl\/tooted\/kuchenka-opalana-drewnem\/#primaryimage\"},\"image\":{\"@id\":\"https:\/\/www.skamet.ee\/pl\/tooted\/kuchenka-opalana-drewnem\/#primaryimage\"},\"thumbnailUrl\":\"https:\/\/www.skamet.ee\/wp-content\/uploads\/2021\/03\/pliitahi-removebg-preview.png\",\"datePublished\":\"2021-03-26T12:57:29+00:00\",\"dateModified\":\"2021-05-20T05:54:36+00:00\",\"breadcrumb\":{\"@id\":\"https:\/\/www.skamet.ee\/pl\/tooted\/kuchenka-opalana-drewnem\/#breadcrumb\"},\"inLanguage\":\"pl-PL\",\"potentialAction\":[{\"@type\":\"ReadAction\",\"target\":[\"https:\/\/www.skamet.ee\/pl\/tooted\/kuchenka-opalana-drewnem\/\"]}]},{\"@type\":\"ImageObject\",\"inLanguage\":\"pl-PL\",\"@id\":\"https:\/\/www.skamet.ee\/pl\/tooted\/kuchenka-opalana-drewnem\/#primaryimage\",\"url\":\"https:\/\/www.skamet.ee\/wp-content\/uploads\/2021\/03\/pliitahi-removebg-preview.png\",\"contentUrl\":\"https:\/\/www.skamet.ee\/wp-content\/uploads\/2021\/03\/pliitahi-removebg-preview.png\",\"width\":433,\"height\":577,\"caption\":\"pliitahi removebg preview\"},{\"@type\":\"BreadcrumbList\",\"@id\":\"https:\/\/www.skamet.ee\/pl\/tooted\/kuchenka-opalana-drewnem\/#breadcrumb\",\"itemListElement\":[{\"@type\":\"ListItem\",\"position\":1,\"name\":\"Home\",\"item\":\"https:\/\/www.skamet.ee\/\"},{\"@type\":\"ListItem\",\"position\":2,\"name\":\"Produkty\",\"item\":\"https:\/\/www.skamet.ee\/pl\/sklep\/\"},{\"@type\":\"ListItem\",\"position\":3,\"name\":\"Kuchenka opalana drewnem\"}]},{\"@type\":\"WebSite\",\"@id\":\"https:\/\/www.skamet.ee\/#website\",\"url\":\"https:\/\/www.skamet.ee\/\",\"name\":\"Skamet O\u00dc\",\"description\":\"Efektiivsed puuk\u00fcttega saunaahjud Eesti tootjalt\",\"publisher\":{\"@id\":\"https:\/\/www.skamet.ee\/#organization\"},\"potentialAction\":[{\"@type\":\"SearchAction\",\"target\":{\"@type\":\"EntryPoint\",\"urlTemplate\":\"https:\/\/www.skamet.ee\/?s={search_term_string}\"},\"query-input\":{\"@type\":\"PropertyValueSpecification\",\"valueRequired\":true,\"valueName\":\"search_term_string\"}}],\"inLanguage\":\"pl-PL\"},{\"@type\":\"Organization\",\"@id\":\"https:\/\/www.skamet.ee\/#organization\",\"name\":\"Skamet\",\"url\":\"https:\/\/www.skamet.ee\/\",\"logo\":{\"@type\":\"ImageObject\",\"inLanguage\":\"pl-PL\",\"@id\":\"https:\/\/www.skamet.ee\/#\/schema\/logo\/image\/\",\"url\":\"https:\/\/www.skamet.ee\/wp-content\/uploads\/2024\/02\/logo-pl.jpg\",\"contentUrl\":\"https:\/\/www.skamet.ee\/wp-content\/uploads\/2024\/02\/logo-pl.jpg\",\"width\":300,\"height\":127,\"caption\":\"Skamet\"},\"image\":{\"@id\":\"https:\/\/www.skamet.ee\/#\/schema\/logo\/image\/\"}}]}<\/script>\n<!-- \/ Yoast SEO plugin. -->","yoast_head_json":{"title":"Kuchenka opalana drewnem - Skamet","robots":{"index":"index","follow":"follow","max-snippet":"max-snippet:-1","max-image-preview":"max-image-preview:large","max-video-preview":"max-video-preview:-1"},"canonical":"https:\/\/www.skamet.ee\/pl\/tooted\/kuchenka-opalana-drewnem\/","og_locale":"pl_PL","og_type":"article","og_title":"Kuchenka opalana drewnem - Skamet","og_description":"Kuchenka opalana drewnem jest nagrzewana podobnie jak piece do sauny w metalowej obudowie, tj. odleg\u0142o\u015b\u0107 pomi\u0119dzy wewn\u0119trzn\u0105 cz\u0119\u015bci\u0105 pieca i","og_url":"https:\/\/www.skamet.ee\/pl\/tooted\/kuchenka-opalana-drewnem\/","og_site_name":"Skamet","article_modified_time":"2021-05-20T05:54:36+00:00","og_image":[{"width":433,"height":577,"url":"https:\/\/www.skamet.ee\/wp-content\/uploads\/2021\/03\/pliitahi-removebg-preview.png","type":"image\/png"}],"twitter_card":"summary_large_image","twitter_misc":{"Szacowany czas czytania":"1 minuta"},"schema":{"@context":"https:\/\/schema.org","@graph":[{"@type":"WebPage","@id":"https:\/\/www.skamet.ee\/pl\/tooted\/kuchenka-opalana-drewnem\/","url":"https:\/\/www.skamet.ee\/pl\/tooted\/kuchenka-opalana-drewnem\/","name":"Kuchenka opalana drewnem - Skamet","isPartOf":{"@id":"https:\/\/www.skamet.ee\/#website"},"primaryImageOfPage":{"@id":"https:\/\/www.skamet.ee\/pl\/tooted\/kuchenka-opalana-drewnem\/#primaryimage"},"image":{"@id":"https:\/\/www.skamet.ee\/pl\/tooted\/kuchenka-opalana-drewnem\/#primaryimage"},"thumbnailUrl":"https:\/\/www.skamet.ee\/wp-content\/uploads\/2021\/03\/pliitahi-removebg-preview.png","datePublished":"2021-03-26T12:57:29+00:00","dateModified":"2021-05-20T05:54:36+00:00","breadcrumb":{"@id":"https:\/\/www.skamet.ee\/pl\/tooted\/kuchenka-opalana-drewnem\/#breadcrumb"},"inLanguage":"pl-PL","potentialAction":[{"@type":"ReadAction","target":["https:\/\/www.skamet.ee\/pl\/tooted\/kuchenka-opalana-drewnem\/"]}]},{"@type":"ImageObject","inLanguage":"pl-PL","@id":"https:\/\/www.skamet.ee\/pl\/tooted\/kuchenka-opalana-drewnem\/#primaryimage","url":"https:\/\/www.skamet.ee\/wp-content\/uploads\/2021\/03\/pliitahi-removebg-preview.png","contentUrl":"https:\/\/www.skamet.ee\/wp-content\/uploads\/2021\/03\/pliitahi-removebg-preview.png","width":433,"height":577,"caption":"pliitahi removebg preview"},{"@type":"BreadcrumbList","@id":"https:\/\/www.skamet.ee\/pl\/tooted\/kuchenka-opalana-drewnem\/#breadcrumb","itemListElement":[{"@type":"ListItem","position":1,"name":"Home","item":"https:\/\/www.skamet.ee\/"},{"@type":"ListItem","position":2,"name":"Produkty","item":"https:\/\/www.skamet.ee\/pl\/sklep\/"},{"@type":"ListItem","position":3,"name":"Kuchenka opalana drewnem"}]},{"@type":"WebSite","@id":"https:\/\/www.skamet.ee\/#website","url":"https:\/\/www.skamet.ee\/","name":"Skamet O\u00dc","description":"Efektiivsed puuk\u00fcttega saunaahjud Eesti tootjalt","publisher":{"@id":"https:\/\/www.skamet.ee\/#organization"},"potentialAction":[{"@type":"SearchAction","target":{"@type":"EntryPoint","urlTemplate":"https:\/\/www.skamet.ee\/?s={search_term_string}"},"query-input":{"@type":"PropertyValueSpecification","valueRequired":true,"valueName":"search_term_string"}}],"inLanguage":"pl-PL"},{"@type":"Organization","@id":"https:\/\/www.skamet.ee\/#organization","name":"Skamet","url":"https:\/\/www.skamet.ee\/","logo":{"@type":"ImageObject","inLanguage":"pl-PL","@id":"https:\/\/www.skamet.ee\/#\/schema\/logo\/image\/","url":"https:\/\/www.skamet.ee\/wp-content\/uploads\/2024\/02\/logo-pl.jpg","contentUrl":"https:\/\/www.skamet.ee\/wp-content\/uploads\/2024\/02\/logo-pl.jpg","width":300,"height":127,"caption":"Skamet"},"image":{"@id":"https:\/\/www.skamet.ee\/#\/schema\/logo\/image\/"}}]}},"_links":{"self":[{"href":"https:\/\/www.skamet.ee\/pl\/wp-json\/wp\/v2\/product\/41974","targetHints":{"allow":["GET"]}}],"collection":[{"href":"https:\/\/www.skamet.ee\/pl\/wp-json\/wp\/v2\/product"}],"about":[{"href":"https:\/\/www.skamet.ee\/pl\/wp-json\/wp\/v2\/types\/product"}],"version-history":[{"count":1,"href":"https:\/\/www.skamet.ee\/pl\/wp-json\/wp\/v2\/product\/41974\/revisions"}],"predecessor-version":[{"id":42058,"href":"https:\/\/www.skamet.ee\/pl\/wp-json\/wp\/v2\/product\/41974\/revisions\/42058"}],"wp:featuredmedia":[{"embeddable":true,"href":"https:\/\/www.skamet.ee\/pl\/wp-json\/wp\/v2\/media\/39898"}],"wp:attachment":[{"href":"https:\/\/www.skamet.ee\/pl\/wp-json\/wp\/v2\/media?parent=41974"}],"wp:term":[{"taxonomy":"product_brand","embeddable":true,"href":"https:\/\/www.skamet.ee\/pl\/wp-json\/wp\/v2\/product_brand?post=41974"},{"taxonomy":"product_cat","embeddable":true,"href":"https:\/\/www.skamet.ee\/pl\/wp-json\/wp\/v2\/product_cat?post=41974"},{"taxonomy":"product_tag","embeddable":true,"href":"https:\/\/www.skamet.ee\/pl\/wp-json\/wp\/v2\/product_tag?post=41974"}],"curies":[{"name":"wp","href":"https:\/\/api.w.org\/{rel}","templated":true}]}}