{"id":41982,"date":"2021-03-26T14:28:51","date_gmt":"2021-03-26T12:28:51","guid":{"rendered":"https:\/\/uus.skamet.ee\/tooted\/bez-kategorii\/nasady-kominowe\/"},"modified":"2021-05-20T08:47:29","modified_gmt":"2021-05-20T05:47:29","slug":"nasady-kominowe","status":"publish","type":"product","link":"https:\/\/www.skamet.ee\/pl\/tooted\/nasady-kominowe\/","title":{"rendered":"Nasady kominowe"},"content":{"rendered":"<p>\u015arednica nasady kominowej przedstawia jej wymiary zewn\u0119trzne. Nasady zapobiegaj\u0105 przed dostaniem si\u0119 opad\u00f3w atmosferycznych do komina oraz pieca. Nasza gama produkt\u00f3w obejmuje nasady o r\u00f3\u017cnych rozmiarach: od 103 mm do 200 mm.<\/p>\n<p>Standardowe parametry produktu:\tDodatkowe opcje:<br \/>\n\u00bb \u015brednica 103 \u2013 200 mm;<br \/>\n\u00bb materia\u0142 \u2013 metal \u017celazny;<br \/>\n\u00bb grubo\u015b\u0107 1,2 mm\t\u00bb rury o innej, niestandardowej \u015brednicy;<br \/>\n\u00bb odporny na korozj\u0119 metal;<br \/>\n\u00bb rury mog\u0105 r\u00f3wnie\u017c zosta\u0107 wyprodukowane z grubszego metalu.<\/p>\n","protected":false},"excerpt":{"rendered":"<p>\u015arednica nasady kominowej przedstawia jej wymiary zewn\u0119trzne. Nasady zapobiegaj\u0105 przed dostaniem si\u0119 opad\u00f3w atmosferycznych do komina oraz pieca. Nasza gama<\/p>\n","protected":false},"featured_media":39972,"template":"","meta":{"_lmt_disableupdate":"","_lmt_disable":""},"product_brand":[],"product_cat":[382],"product_tag":[],"class_list":{"0":"post-41982","1":"product","2":"type-product","3":"status-publish","4":"has-post-thumbnail","6":"product_cat-piece-do-sauny","8":"first","9":"instock","10":"shipping-taxable","11":"product-type-simple"},"yoast_head":"<!-- This site is optimized with the Yoast SEO plugin v27.0 - https:\/\/yoast.com\/product\/yoast-seo-wordpress\/ -->\n<title>Nasady kominowe - Skamet<\/title>\n<meta name=\"robots\" content=\"index, follow, max-snippet:-1, max-image-preview:large, max-video-preview:-1\" \/>\n<link rel=\"canonical\" href=\"https:\/\/www.skamet.ee\/pl\/tooted\/nasady-kominowe\/\" \/>\n<meta property=\"og:locale\" content=\"pl_PL\" \/>\n<meta property=\"og:type\" content=\"article\" \/>\n<meta property=\"og:title\" content=\"Nasady kominowe - Skamet\" \/>\n<meta property=\"og:description\" content=\"\u015arednica nasady kominowej przedstawia jej wymiary zewn\u0119trzne. Nasady zapobiegaj\u0105 przed dostaniem si\u0119 opad\u00f3w atmosferycznych do komina oraz pieca. Nasza gama\" \/>\n<meta property=\"og:url\" content=\"https:\/\/www.skamet.ee\/pl\/tooted\/nasady-kominowe\/\" \/>\n<meta property=\"og:site_name\" content=\"Skamet\" \/>\n<meta property=\"article:modified_time\" content=\"2021-05-20T05:47:29+00:00\" \/>\n<meta property=\"og:image\" content=\"https:\/\/www.skamet.ee\/wp-content\/uploads\/2021\/03\/muts_clipped_rev_1-287x300-1.png\" \/>\n\t<meta property=\"og:image:width\" content=\"287\" \/>\n\t<meta property=\"og:image:height\" content=\"300\" \/>\n\t<meta property=\"og:image:type\" content=\"image\/png\" \/>\n<meta name=\"twitter:card\" content=\"summary_large_image\" \/>\n<script type=\"application\/ld+json\" class=\"yoast-schema-graph\">{\"@context\":\"https:\/\/schema.org\",\"@graph\":[{\"@type\":\"WebPage\",\"@id\":\"https:\/\/www.skamet.ee\/pl\/tooted\/nasady-kominowe\/\",\"url\":\"https:\/\/www.skamet.ee\/pl\/tooted\/nasady-kominowe\/\",\"name\":\"Nasady kominowe - Skamet\",\"isPartOf\":{\"@id\":\"https:\/\/www.skamet.ee\/#website\"},\"primaryImageOfPage\":{\"@id\":\"https:\/\/www.skamet.ee\/pl\/tooted\/nasady-kominowe\/#primaryimage\"},\"image\":{\"@id\":\"https:\/\/www.skamet.ee\/pl\/tooted\/nasady-kominowe\/#primaryimage\"},\"thumbnailUrl\":\"https:\/\/www.skamet.ee\/wp-content\/uploads\/2021\/03\/muts_clipped_rev_1-287x300-1.png\",\"datePublished\":\"2021-03-26T12:28:51+00:00\",\"dateModified\":\"2021-05-20T05:47:29+00:00\",\"breadcrumb\":{\"@id\":\"https:\/\/www.skamet.ee\/pl\/tooted\/nasady-kominowe\/#breadcrumb\"},\"inLanguage\":\"pl-PL\",\"potentialAction\":[{\"@type\":\"ReadAction\",\"target\":[\"https:\/\/www.skamet.ee\/pl\/tooted\/nasady-kominowe\/\"]}]},{\"@type\":\"ImageObject\",\"inLanguage\":\"pl-PL\",\"@id\":\"https:\/\/www.skamet.ee\/pl\/tooted\/nasady-kominowe\/#primaryimage\",\"url\":\"https:\/\/www.skamet.ee\/wp-content\/uploads\/2021\/03\/muts_clipped_rev_1-287x300-1.png\",\"contentUrl\":\"https:\/\/www.skamet.ee\/wp-content\/uploads\/2021\/03\/muts_clipped_rev_1-287x300-1.png\",\"width\":287,\"height\":300,\"caption\":\"muts clipped rev 1 287x300 1\"},{\"@type\":\"BreadcrumbList\",\"@id\":\"https:\/\/www.skamet.ee\/pl\/tooted\/nasady-kominowe\/#breadcrumb\",\"itemListElement\":[{\"@type\":\"ListItem\",\"position\":1,\"name\":\"Home\",\"item\":\"https:\/\/www.skamet.ee\/\"},{\"@type\":\"ListItem\",\"position\":2,\"name\":\"Produkty\",\"item\":\"https:\/\/www.skamet.ee\/pl\/sklep\/\"},{\"@type\":\"ListItem\",\"position\":3,\"name\":\"Nasady kominowe\"}]},{\"@type\":\"WebSite\",\"@id\":\"https:\/\/www.skamet.ee\/#website\",\"url\":\"https:\/\/www.skamet.ee\/\",\"name\":\"Skamet O\u00dc\",\"description\":\"Efektiivsed puuk\u00fcttega saunaahjud Eesti tootjalt\",\"publisher\":{\"@id\":\"https:\/\/www.skamet.ee\/#organization\"},\"potentialAction\":[{\"@type\":\"SearchAction\",\"target\":{\"@type\":\"EntryPoint\",\"urlTemplate\":\"https:\/\/www.skamet.ee\/?s={search_term_string}\"},\"query-input\":{\"@type\":\"PropertyValueSpecification\",\"valueRequired\":true,\"valueName\":\"search_term_string\"}}],\"inLanguage\":\"pl-PL\"},{\"@type\":\"Organization\",\"@id\":\"https:\/\/www.skamet.ee\/#organization\",\"name\":\"Skamet\",\"url\":\"https:\/\/www.skamet.ee\/\",\"logo\":{\"@type\":\"ImageObject\",\"inLanguage\":\"pl-PL\",\"@id\":\"https:\/\/www.skamet.ee\/#\/schema\/logo\/image\/\",\"url\":\"https:\/\/www.skamet.ee\/wp-content\/uploads\/2024\/02\/logo-pl.jpg\",\"contentUrl\":\"https:\/\/www.skamet.ee\/wp-content\/uploads\/2024\/02\/logo-pl.jpg\",\"width\":300,\"height\":127,\"caption\":\"Skamet\"},\"image\":{\"@id\":\"https:\/\/www.skamet.ee\/#\/schema\/logo\/image\/\"}}]}<\/script>\n<!-- \/ Yoast SEO plugin. -->","yoast_head_json":{"title":"Nasady kominowe - Skamet","robots":{"index":"index","follow":"follow","max-snippet":"max-snippet:-1","max-image-preview":"max-image-preview:large","max-video-preview":"max-video-preview:-1"},"canonical":"https:\/\/www.skamet.ee\/pl\/tooted\/nasady-kominowe\/","og_locale":"pl_PL","og_type":"article","og_title":"Nasady kominowe - Skamet","og_description":"\u015arednica nasady kominowej przedstawia jej wymiary zewn\u0119trzne. Nasady zapobiegaj\u0105 przed dostaniem si\u0119 opad\u00f3w atmosferycznych do komina oraz pieca. Nasza gama","og_url":"https:\/\/www.skamet.ee\/pl\/tooted\/nasady-kominowe\/","og_site_name":"Skamet","article_modified_time":"2021-05-20T05:47:29+00:00","og_image":[{"width":287,"height":300,"url":"https:\/\/www.skamet.ee\/wp-content\/uploads\/2021\/03\/muts_clipped_rev_1-287x300-1.png","type":"image\/png"}],"twitter_card":"summary_large_image","schema":{"@context":"https:\/\/schema.org","@graph":[{"@type":"WebPage","@id":"https:\/\/www.skamet.ee\/pl\/tooted\/nasady-kominowe\/","url":"https:\/\/www.skamet.ee\/pl\/tooted\/nasady-kominowe\/","name":"Nasady kominowe - Skamet","isPartOf":{"@id":"https:\/\/www.skamet.ee\/#website"},"primaryImageOfPage":{"@id":"https:\/\/www.skamet.ee\/pl\/tooted\/nasady-kominowe\/#primaryimage"},"image":{"@id":"https:\/\/www.skamet.ee\/pl\/tooted\/nasady-kominowe\/#primaryimage"},"thumbnailUrl":"https:\/\/www.skamet.ee\/wp-content\/uploads\/2021\/03\/muts_clipped_rev_1-287x300-1.png","datePublished":"2021-03-26T12:28:51+00:00","dateModified":"2021-05-20T05:47:29+00:00","breadcrumb":{"@id":"https:\/\/www.skamet.ee\/pl\/tooted\/nasady-kominowe\/#breadcrumb"},"inLanguage":"pl-PL","potentialAction":[{"@type":"ReadAction","target":["https:\/\/www.skamet.ee\/pl\/tooted\/nasady-kominowe\/"]}]},{"@type":"ImageObject","inLanguage":"pl-PL","@id":"https:\/\/www.skamet.ee\/pl\/tooted\/nasady-kominowe\/#primaryimage","url":"https:\/\/www.skamet.ee\/wp-content\/uploads\/2021\/03\/muts_clipped_rev_1-287x300-1.png","contentUrl":"https:\/\/www.skamet.ee\/wp-content\/uploads\/2021\/03\/muts_clipped_rev_1-287x300-1.png","width":287,"height":300,"caption":"muts clipped rev 1 287x300 1"},{"@type":"BreadcrumbList","@id":"https:\/\/www.skamet.ee\/pl\/tooted\/nasady-kominowe\/#breadcrumb","itemListElement":[{"@type":"ListItem","position":1,"name":"Home","item":"https:\/\/www.skamet.ee\/"},{"@type":"ListItem","position":2,"name":"Produkty","item":"https:\/\/www.skamet.ee\/pl\/sklep\/"},{"@type":"ListItem","position":3,"name":"Nasady kominowe"}]},{"@type":"WebSite","@id":"https:\/\/www.skamet.ee\/#website","url":"https:\/\/www.skamet.ee\/","name":"Skamet O\u00dc","description":"Efektiivsed puuk\u00fcttega saunaahjud Eesti tootjalt","publisher":{"@id":"https:\/\/www.skamet.ee\/#organization"},"potentialAction":[{"@type":"SearchAction","target":{"@type":"EntryPoint","urlTemplate":"https:\/\/www.skamet.ee\/?s={search_term_string}"},"query-input":{"@type":"PropertyValueSpecification","valueRequired":true,"valueName":"search_term_string"}}],"inLanguage":"pl-PL"},{"@type":"Organization","@id":"https:\/\/www.skamet.ee\/#organization","name":"Skamet","url":"https:\/\/www.skamet.ee\/","logo":{"@type":"ImageObject","inLanguage":"pl-PL","@id":"https:\/\/www.skamet.ee\/#\/schema\/logo\/image\/","url":"https:\/\/www.skamet.ee\/wp-content\/uploads\/2024\/02\/logo-pl.jpg","contentUrl":"https:\/\/www.skamet.ee\/wp-content\/uploads\/2024\/02\/logo-pl.jpg","width":300,"height":127,"caption":"Skamet"},"image":{"@id":"https:\/\/www.skamet.ee\/#\/schema\/logo\/image\/"}}]}},"_links":{"self":[{"href":"https:\/\/www.skamet.ee\/pl\/wp-json\/wp\/v2\/product\/41982","targetHints":{"allow":["GET"]}}],"collection":[{"href":"https:\/\/www.skamet.ee\/pl\/wp-json\/wp\/v2\/product"}],"about":[{"href":"https:\/\/www.skamet.ee\/pl\/wp-json\/wp\/v2\/types\/product"}],"version-history":[{"count":1,"href":"https:\/\/www.skamet.ee\/pl\/wp-json\/wp\/v2\/product\/41982\/revisions"}],"predecessor-version":[{"id":42056,"href":"https:\/\/www.skamet.ee\/pl\/wp-json\/wp\/v2\/product\/41982\/revisions\/42056"}],"wp:featuredmedia":[{"embeddable":true,"href":"https:\/\/www.skamet.ee\/pl\/wp-json\/wp\/v2\/media\/39972"}],"wp:attachment":[{"href":"https:\/\/www.skamet.ee\/pl\/wp-json\/wp\/v2\/media?parent=41982"}],"wp:term":[{"taxonomy":"product_brand","embeddable":true,"href":"https:\/\/www.skamet.ee\/pl\/wp-json\/wp\/v2\/product_brand?post=41982"},{"taxonomy":"product_cat","embeddable":true,"href":"https:\/\/www.skamet.ee\/pl\/wp-json\/wp\/v2\/product_cat?post=41982"},{"taxonomy":"product_tag","embeddable":true,"href":"https:\/\/www.skamet.ee\/pl\/wp-json\/wp\/v2\/product_tag?post=41982"}],"curies":[{"name":"wp","href":"https:\/\/api.w.org\/{rel}","templated":true}]}}