{"id":41995,"date":"2021-03-26T14:23:37","date_gmt":"2021-03-26T12:23:37","guid":{"rendered":"https:\/\/uus.skamet.ee\/tooted\/bez-kategorii\/kolanka-rurowe\/"},"modified":"2021-03-26T14:23:37","modified_gmt":"2021-03-26T12:23:37","slug":"kolanka-rurowe","status":"publish","type":"product","link":"https:\/\/www.skamet.ee\/pl\/tooted\/kolanka-rurowe\/","title":{"rendered":"Kolanka rurowe"},"content":{"rendered":"<p>\u015arednica przedstawiona na kolanku rury dymowej to rozmiar wewn\u0119trzny. Kolanka rurowe nie posiadaj\u0105 ko\u0142nierzy, tj. wewn\u0119trzny rozmiar jest taki sam na obydwu ko\u0144cach. Wewn\u0105trz kolanka zamontowa\u0107 mo\u017cna zaw\u00f3r klapowy lub zasuwowy. Opr\u00f3cz tego, wyczystki mog\u0105 by\u0107 instalowane na kolankach spalinowych, montowane przy pomocy \u015brub. Kolanka rurowe mog\u0105 by\u0107 r\u00f3wnie\u017c \u0142\u0105czone ze sob\u0105 przy u\u017cyciu ko\u0142nierzy \u2013 patrz poni\u017cej.<\/p>\n<p>Standardowe parametry produktu:\tDodatkowe opcje:<br \/>\n\u00bb \u015brednica 103 \u2013 200 mm;<br \/>\n\u00bb materia\u0142 \u2013 metal \u017celazny;<br \/>\n\u00bb d\u0142ugo\u015b\u0107 mierzona od ko\u0144ca kolanka rurowego (od 300 mm do 1000 mm);<br \/>\n\u00bb k\u0105t zgi\u0119cia kolanka rurowego to 90\u02da i 135\u02da stopni;<br \/>\n\u00bb grubo\u015b\u0107 1,2 mm\t\u00bb rury o innej, niestandardowej \u015brednicy;<br \/>\n\u00bb odporny na korozj\u0119 metal;<br \/>\n\u00bb mo\u017cliwo\u015b\u0107 wyprodukowania d\u0142u\u017cszego lub kr\u00f3tszego kolanka;<br \/>\n\u00bb inne k\u0105ty zgi\u0119cia;<br \/>\n\u00bb rury mog\u0105 r\u00f3wnie\u017c zosta\u0107 wyprodukowane z grubszego metalu.<\/p>\n","protected":false},"excerpt":{"rendered":"<p>\u015arednica przedstawiona na kolanku rury dymowej to rozmiar wewn\u0119trzny. Kolanka rurowe nie posiadaj\u0105 ko\u0142nierzy, tj. wewn\u0119trzny rozmiar jest taki sam<\/p>\n","protected":false},"featured_media":47053,"template":"","meta":{"_lmt_disableupdate":"","_lmt_disable":""},"product_brand":[],"product_cat":[389,1073],"product_tag":[],"class_list":{"0":"post-41995","1":"product","2":"type-product","3":"status-publish","4":"has-post-thumbnail","6":"product_cat-rury-dymowe","7":"product_cat-dodatkowe-akcesoria-do-piecow-do-sauny","9":"first","10":"instock","11":"shipping-taxable","12":"product-type-simple"},"yoast_head":"<!-- This site is optimized with the Yoast SEO plugin v27.0 - https:\/\/yoast.com\/product\/yoast-seo-wordpress\/ -->\n<title>Kolanka rurowe - Skamet<\/title>\n<meta name=\"robots\" content=\"index, follow, max-snippet:-1, max-image-preview:large, max-video-preview:-1\" \/>\n<link rel=\"canonical\" href=\"https:\/\/www.skamet.ee\/pl\/tooted\/kolanka-rurowe\/\" \/>\n<meta property=\"og:locale\" content=\"pl_PL\" \/>\n<meta property=\"og:type\" content=\"article\" \/>\n<meta property=\"og:title\" content=\"Kolanka rurowe - Skamet\" \/>\n<meta property=\"og:description\" content=\"\u015arednica przedstawiona na kolanku rury dymowej to rozmiar wewn\u0119trzny. Kolanka rurowe nie posiadaj\u0105 ko\u0142nierzy, tj. wewn\u0119trzny rozmiar jest taki sam\" \/>\n<meta property=\"og:url\" content=\"https:\/\/www.skamet.ee\/pl\/tooted\/kolanka-rurowe\/\" \/>\n<meta property=\"og:site_name\" content=\"Skamet\" \/>\n<meta property=\"og:image\" content=\"https:\/\/www.skamet.ee\/wp-content\/uploads\/2021\/03\/polv-PL-scaled.jpg\" \/>\n\t<meta property=\"og:image:width\" content=\"1708\" \/>\n\t<meta property=\"og:image:height\" content=\"2560\" \/>\n\t<meta property=\"og:image:type\" content=\"image\/jpeg\" \/>\n<meta name=\"twitter:card\" content=\"summary_large_image\" \/>\n<meta name=\"twitter:label1\" content=\"Szacowany czas czytania\" \/>\n\t<meta name=\"twitter:data1\" content=\"1 minuta\" \/>\n<script type=\"application\/ld+json\" class=\"yoast-schema-graph\">{\"@context\":\"https:\/\/schema.org\",\"@graph\":[{\"@type\":\"WebPage\",\"@id\":\"https:\/\/www.skamet.ee\/pl\/tooted\/kolanka-rurowe\/\",\"url\":\"https:\/\/www.skamet.ee\/pl\/tooted\/kolanka-rurowe\/\",\"name\":\"Kolanka rurowe - Skamet\",\"isPartOf\":{\"@id\":\"https:\/\/www.skamet.ee\/#website\"},\"primaryImageOfPage\":{\"@id\":\"https:\/\/www.skamet.ee\/pl\/tooted\/kolanka-rurowe\/#primaryimage\"},\"image\":{\"@id\":\"https:\/\/www.skamet.ee\/pl\/tooted\/kolanka-rurowe\/#primaryimage\"},\"thumbnailUrl\":\"https:\/\/www.skamet.ee\/wp-content\/uploads\/2021\/03\/polv-PL-scaled.jpg\",\"datePublished\":\"2021-03-26T12:23:37+00:00\",\"breadcrumb\":{\"@id\":\"https:\/\/www.skamet.ee\/pl\/tooted\/kolanka-rurowe\/#breadcrumb\"},\"inLanguage\":\"pl-PL\",\"potentialAction\":[{\"@type\":\"ReadAction\",\"target\":[\"https:\/\/www.skamet.ee\/pl\/tooted\/kolanka-rurowe\/\"]}]},{\"@type\":\"ImageObject\",\"inLanguage\":\"pl-PL\",\"@id\":\"https:\/\/www.skamet.ee\/pl\/tooted\/kolanka-rurowe\/#primaryimage\",\"url\":\"https:\/\/www.skamet.ee\/wp-content\/uploads\/2021\/03\/polv-PL-scaled.jpg\",\"contentUrl\":\"https:\/\/www.skamet.ee\/wp-content\/uploads\/2021\/03\/polv-PL-scaled.jpg\",\"width\":1708,\"height\":2560,\"caption\":\"polv PL scaled\"},{\"@type\":\"BreadcrumbList\",\"@id\":\"https:\/\/www.skamet.ee\/pl\/tooted\/kolanka-rurowe\/#breadcrumb\",\"itemListElement\":[{\"@type\":\"ListItem\",\"position\":1,\"name\":\"Home\",\"item\":\"https:\/\/www.skamet.ee\/\"},{\"@type\":\"ListItem\",\"position\":2,\"name\":\"Produkty\",\"item\":\"https:\/\/www.skamet.ee\/pl\/sklep\/\"},{\"@type\":\"ListItem\",\"position\":3,\"name\":\"Kolanka rurowe\"}]},{\"@type\":\"WebSite\",\"@id\":\"https:\/\/www.skamet.ee\/#website\",\"url\":\"https:\/\/www.skamet.ee\/\",\"name\":\"Skamet O\u00dc\",\"description\":\"Efektiivsed puuk\u00fcttega saunaahjud Eesti tootjalt\",\"publisher\":{\"@id\":\"https:\/\/www.skamet.ee\/#organization\"},\"potentialAction\":[{\"@type\":\"SearchAction\",\"target\":{\"@type\":\"EntryPoint\",\"urlTemplate\":\"https:\/\/www.skamet.ee\/?s={search_term_string}\"},\"query-input\":{\"@type\":\"PropertyValueSpecification\",\"valueRequired\":true,\"valueName\":\"search_term_string\"}}],\"inLanguage\":\"pl-PL\"},{\"@type\":\"Organization\",\"@id\":\"https:\/\/www.skamet.ee\/#organization\",\"name\":\"Skamet\",\"url\":\"https:\/\/www.skamet.ee\/\",\"logo\":{\"@type\":\"ImageObject\",\"inLanguage\":\"pl-PL\",\"@id\":\"https:\/\/www.skamet.ee\/#\/schema\/logo\/image\/\",\"url\":\"https:\/\/www.skamet.ee\/wp-content\/uploads\/2024\/02\/logo-pl.jpg\",\"contentUrl\":\"https:\/\/www.skamet.ee\/wp-content\/uploads\/2024\/02\/logo-pl.jpg\",\"width\":300,\"height\":127,\"caption\":\"Skamet\"},\"image\":{\"@id\":\"https:\/\/www.skamet.ee\/#\/schema\/logo\/image\/\"}}]}<\/script>\n<!-- \/ Yoast SEO plugin. -->","yoast_head_json":{"title":"Kolanka rurowe - Skamet","robots":{"index":"index","follow":"follow","max-snippet":"max-snippet:-1","max-image-preview":"max-image-preview:large","max-video-preview":"max-video-preview:-1"},"canonical":"https:\/\/www.skamet.ee\/pl\/tooted\/kolanka-rurowe\/","og_locale":"pl_PL","og_type":"article","og_title":"Kolanka rurowe - Skamet","og_description":"\u015arednica przedstawiona na kolanku rury dymowej to rozmiar wewn\u0119trzny. Kolanka rurowe nie posiadaj\u0105 ko\u0142nierzy, tj. wewn\u0119trzny rozmiar jest taki sam","og_url":"https:\/\/www.skamet.ee\/pl\/tooted\/kolanka-rurowe\/","og_site_name":"Skamet","og_image":[{"width":1708,"height":2560,"url":"https:\/\/www.skamet.ee\/wp-content\/uploads\/2021\/03\/polv-PL-scaled.jpg","type":"image\/jpeg"}],"twitter_card":"summary_large_image","twitter_misc":{"Szacowany czas czytania":"1 minuta"},"schema":{"@context":"https:\/\/schema.org","@graph":[{"@type":"WebPage","@id":"https:\/\/www.skamet.ee\/pl\/tooted\/kolanka-rurowe\/","url":"https:\/\/www.skamet.ee\/pl\/tooted\/kolanka-rurowe\/","name":"Kolanka rurowe - Skamet","isPartOf":{"@id":"https:\/\/www.skamet.ee\/#website"},"primaryImageOfPage":{"@id":"https:\/\/www.skamet.ee\/pl\/tooted\/kolanka-rurowe\/#primaryimage"},"image":{"@id":"https:\/\/www.skamet.ee\/pl\/tooted\/kolanka-rurowe\/#primaryimage"},"thumbnailUrl":"https:\/\/www.skamet.ee\/wp-content\/uploads\/2021\/03\/polv-PL-scaled.jpg","datePublished":"2021-03-26T12:23:37+00:00","breadcrumb":{"@id":"https:\/\/www.skamet.ee\/pl\/tooted\/kolanka-rurowe\/#breadcrumb"},"inLanguage":"pl-PL","potentialAction":[{"@type":"ReadAction","target":["https:\/\/www.skamet.ee\/pl\/tooted\/kolanka-rurowe\/"]}]},{"@type":"ImageObject","inLanguage":"pl-PL","@id":"https:\/\/www.skamet.ee\/pl\/tooted\/kolanka-rurowe\/#primaryimage","url":"https:\/\/www.skamet.ee\/wp-content\/uploads\/2021\/03\/polv-PL-scaled.jpg","contentUrl":"https:\/\/www.skamet.ee\/wp-content\/uploads\/2021\/03\/polv-PL-scaled.jpg","width":1708,"height":2560,"caption":"polv PL scaled"},{"@type":"BreadcrumbList","@id":"https:\/\/www.skamet.ee\/pl\/tooted\/kolanka-rurowe\/#breadcrumb","itemListElement":[{"@type":"ListItem","position":1,"name":"Home","item":"https:\/\/www.skamet.ee\/"},{"@type":"ListItem","position":2,"name":"Produkty","item":"https:\/\/www.skamet.ee\/pl\/sklep\/"},{"@type":"ListItem","position":3,"name":"Kolanka rurowe"}]},{"@type":"WebSite","@id":"https:\/\/www.skamet.ee\/#website","url":"https:\/\/www.skamet.ee\/","name":"Skamet O\u00dc","description":"Efektiivsed puuk\u00fcttega saunaahjud Eesti tootjalt","publisher":{"@id":"https:\/\/www.skamet.ee\/#organization"},"potentialAction":[{"@type":"SearchAction","target":{"@type":"EntryPoint","urlTemplate":"https:\/\/www.skamet.ee\/?s={search_term_string}"},"query-input":{"@type":"PropertyValueSpecification","valueRequired":true,"valueName":"search_term_string"}}],"inLanguage":"pl-PL"},{"@type":"Organization","@id":"https:\/\/www.skamet.ee\/#organization","name":"Skamet","url":"https:\/\/www.skamet.ee\/","logo":{"@type":"ImageObject","inLanguage":"pl-PL","@id":"https:\/\/www.skamet.ee\/#\/schema\/logo\/image\/","url":"https:\/\/www.skamet.ee\/wp-content\/uploads\/2024\/02\/logo-pl.jpg","contentUrl":"https:\/\/www.skamet.ee\/wp-content\/uploads\/2024\/02\/logo-pl.jpg","width":300,"height":127,"caption":"Skamet"},"image":{"@id":"https:\/\/www.skamet.ee\/#\/schema\/logo\/image\/"}}]}},"_links":{"self":[{"href":"https:\/\/www.skamet.ee\/pl\/wp-json\/wp\/v2\/product\/41995","targetHints":{"allow":["GET"]}}],"collection":[{"href":"https:\/\/www.skamet.ee\/pl\/wp-json\/wp\/v2\/product"}],"about":[{"href":"https:\/\/www.skamet.ee\/pl\/wp-json\/wp\/v2\/types\/product"}],"version-history":[{"count":0,"href":"https:\/\/www.skamet.ee\/pl\/wp-json\/wp\/v2\/product\/41995\/revisions"}],"wp:featuredmedia":[{"embeddable":true,"href":"https:\/\/www.skamet.ee\/pl\/wp-json\/wp\/v2\/media\/47053"}],"wp:attachment":[{"href":"https:\/\/www.skamet.ee\/pl\/wp-json\/wp\/v2\/media?parent=41995"}],"wp:term":[{"taxonomy":"product_brand","embeddable":true,"href":"https:\/\/www.skamet.ee\/pl\/wp-json\/wp\/v2\/product_brand?post=41995"},{"taxonomy":"product_cat","embeddable":true,"href":"https:\/\/www.skamet.ee\/pl\/wp-json\/wp\/v2\/product_cat?post=41995"},{"taxonomy":"product_tag","embeddable":true,"href":"https:\/\/www.skamet.ee\/pl\/wp-json\/wp\/v2\/product_tag?post=41995"}],"curies":[{"name":"wp","href":"https:\/\/api.w.org\/{rel}","templated":true}]}}