{"id":41999,"date":"2021-03-26T14:21:28","date_gmt":"2021-03-26T12:21:28","guid":{"rendered":"https:\/\/uus.skamet.ee\/tooted\/bez-kategorii\/rury-proste\/"},"modified":"2021-05-20T08:44:57","modified_gmt":"2021-05-20T05:44:57","slug":"rury-proste","status":"publish","type":"product","link":"https:\/\/www.skamet.ee\/pl\/tooted\/rury-proste\/","title":{"rendered":"Rury proste"},"content":{"rendered":"<p>\u015arednica rur prostych jest pokazana jako wewn\u0119trzny rozmiar. Jeden koniec ka\u017cdej rury prostej posiada ko\u0142nierz (\u015brednica zewn\u0119trzna ko\u0142nierza jest taka sama jak \u015brednica wewn\u0119trzna na przeciwleg\u0142ym ko\u0144cu) do \u0142\u0105czenia rur ze sob\u0105.<\/p>\n<p>Standardowe parametry produktu:\tDodatkowe opcje:<br \/>\n\u00bb \u015brednica 103 \u2013 200 mm;<br \/>\n\u00bb materia\u0142 \u2013 metal \u017celazny;<br \/>\n\u00bb d\u0142ugo\u015b\u0107 200 \u2013 1000 mm;<br \/>\n\u00bb grubo\u015b\u0107 1,2 mm\t\u00bb rury o innej, niestandardowej \u015brednicy;<br \/>\n\u00bb odporny na korozj\u0119 metal;<br \/>\n\u00bb produkujemy r\u00f3wnie\u017c d\u0142u\u017csze rury spawane;<br \/>\n\u00bb rury mog\u0105 r\u00f3wnie\u017c zosta\u0107 wyprodukowane z grubszego metalu.<\/p>\n","protected":false},"excerpt":{"rendered":"<p>\u015arednica rur prostych jest pokazana jako wewn\u0119trzny rozmiar. Jeden koniec ka\u017cdej rury prostej posiada ko\u0142nierz (\u015brednica zewn\u0119trzna ko\u0142nierza jest taka<\/p>\n","protected":false},"featured_media":40026,"template":"","meta":{"_lmt_disableupdate":"","_lmt_disable":""},"product_brand":[],"product_cat":[389,1073],"product_tag":[],"class_list":{"0":"post-41999","1":"product","2":"type-product","3":"status-publish","4":"has-post-thumbnail","6":"product_cat-rury-dymowe","7":"product_cat-dodatkowe-akcesoria-do-piecow-do-sauny","9":"first","10":"instock","11":"shipping-taxable","12":"product-type-simple"},"yoast_head":"<!-- This site is optimized with the Yoast SEO plugin v27.0 - https:\/\/yoast.com\/product\/yoast-seo-wordpress\/ -->\n<title>Rury proste - Skamet<\/title>\n<meta name=\"robots\" content=\"index, follow, max-snippet:-1, max-image-preview:large, max-video-preview:-1\" \/>\n<link rel=\"canonical\" href=\"https:\/\/www.skamet.ee\/pl\/tooted\/rury-proste\/\" \/>\n<meta property=\"og:locale\" content=\"pl_PL\" \/>\n<meta property=\"og:type\" content=\"article\" \/>\n<meta property=\"og:title\" content=\"Rury proste - Skamet\" \/>\n<meta property=\"og:description\" content=\"\u015arednica rur prostych jest pokazana jako wewn\u0119trzny rozmiar. Jeden koniec ka\u017cdej rury prostej posiada ko\u0142nierz (\u015brednica zewn\u0119trzna ko\u0142nierza jest taka\" \/>\n<meta property=\"og:url\" content=\"https:\/\/www.skamet.ee\/pl\/tooted\/rury-proste\/\" \/>\n<meta property=\"og:site_name\" content=\"Skamet\" \/>\n<meta property=\"article:modified_time\" content=\"2021-05-20T05:44:57+00:00\" \/>\n<meta property=\"og:image\" content=\"https:\/\/www.skamet.ee\/wp-content\/uploads\/2021\/03\/T-115-300x272-1.png\" \/>\n\t<meta property=\"og:image:width\" content=\"300\" \/>\n\t<meta property=\"og:image:height\" content=\"272\" \/>\n\t<meta property=\"og:image:type\" content=\"image\/png\" \/>\n<meta name=\"twitter:card\" content=\"summary_large_image\" \/>\n<script type=\"application\/ld+json\" class=\"yoast-schema-graph\">{\"@context\":\"https:\/\/schema.org\",\"@graph\":[{\"@type\":\"WebPage\",\"@id\":\"https:\/\/www.skamet.ee\/pl\/tooted\/rury-proste\/\",\"url\":\"https:\/\/www.skamet.ee\/pl\/tooted\/rury-proste\/\",\"name\":\"Rury proste - Skamet\",\"isPartOf\":{\"@id\":\"https:\/\/www.skamet.ee\/#website\"},\"primaryImageOfPage\":{\"@id\":\"https:\/\/www.skamet.ee\/pl\/tooted\/rury-proste\/#primaryimage\"},\"image\":{\"@id\":\"https:\/\/www.skamet.ee\/pl\/tooted\/rury-proste\/#primaryimage\"},\"thumbnailUrl\":\"https:\/\/www.skamet.ee\/wp-content\/uploads\/2021\/03\/T-115-300x272-1.png\",\"datePublished\":\"2021-03-26T12:21:28+00:00\",\"dateModified\":\"2021-05-20T05:44:57+00:00\",\"breadcrumb\":{\"@id\":\"https:\/\/www.skamet.ee\/pl\/tooted\/rury-proste\/#breadcrumb\"},\"inLanguage\":\"pl-PL\",\"potentialAction\":[{\"@type\":\"ReadAction\",\"target\":[\"https:\/\/www.skamet.ee\/pl\/tooted\/rury-proste\/\"]}]},{\"@type\":\"ImageObject\",\"inLanguage\":\"pl-PL\",\"@id\":\"https:\/\/www.skamet.ee\/pl\/tooted\/rury-proste\/#primaryimage\",\"url\":\"https:\/\/www.skamet.ee\/wp-content\/uploads\/2021\/03\/T-115-300x272-1.png\",\"contentUrl\":\"https:\/\/www.skamet.ee\/wp-content\/uploads\/2021\/03\/T-115-300x272-1.png\",\"width\":300,\"height\":272,\"caption\":\"T 115 300x272 1\"},{\"@type\":\"BreadcrumbList\",\"@id\":\"https:\/\/www.skamet.ee\/pl\/tooted\/rury-proste\/#breadcrumb\",\"itemListElement\":[{\"@type\":\"ListItem\",\"position\":1,\"name\":\"Home\",\"item\":\"https:\/\/www.skamet.ee\/\"},{\"@type\":\"ListItem\",\"position\":2,\"name\":\"Produkty\",\"item\":\"https:\/\/www.skamet.ee\/pl\/sklep\/\"},{\"@type\":\"ListItem\",\"position\":3,\"name\":\"Rury proste\"}]},{\"@type\":\"WebSite\",\"@id\":\"https:\/\/www.skamet.ee\/#website\",\"url\":\"https:\/\/www.skamet.ee\/\",\"name\":\"Skamet O\u00dc\",\"description\":\"Efektiivsed puuk\u00fcttega saunaahjud Eesti tootjalt\",\"publisher\":{\"@id\":\"https:\/\/www.skamet.ee\/#organization\"},\"potentialAction\":[{\"@type\":\"SearchAction\",\"target\":{\"@type\":\"EntryPoint\",\"urlTemplate\":\"https:\/\/www.skamet.ee\/?s={search_term_string}\"},\"query-input\":{\"@type\":\"PropertyValueSpecification\",\"valueRequired\":true,\"valueName\":\"search_term_string\"}}],\"inLanguage\":\"pl-PL\"},{\"@type\":\"Organization\",\"@id\":\"https:\/\/www.skamet.ee\/#organization\",\"name\":\"Skamet\",\"url\":\"https:\/\/www.skamet.ee\/\",\"logo\":{\"@type\":\"ImageObject\",\"inLanguage\":\"pl-PL\",\"@id\":\"https:\/\/www.skamet.ee\/#\/schema\/logo\/image\/\",\"url\":\"https:\/\/www.skamet.ee\/wp-content\/uploads\/2024\/02\/logo-pl.jpg\",\"contentUrl\":\"https:\/\/www.skamet.ee\/wp-content\/uploads\/2024\/02\/logo-pl.jpg\",\"width\":300,\"height\":127,\"caption\":\"Skamet\"},\"image\":{\"@id\":\"https:\/\/www.skamet.ee\/#\/schema\/logo\/image\/\"}}]}<\/script>\n<!-- \/ Yoast SEO plugin. -->","yoast_head_json":{"title":"Rury proste - Skamet","robots":{"index":"index","follow":"follow","max-snippet":"max-snippet:-1","max-image-preview":"max-image-preview:large","max-video-preview":"max-video-preview:-1"},"canonical":"https:\/\/www.skamet.ee\/pl\/tooted\/rury-proste\/","og_locale":"pl_PL","og_type":"article","og_title":"Rury proste - Skamet","og_description":"\u015arednica rur prostych jest pokazana jako wewn\u0119trzny rozmiar. Jeden koniec ka\u017cdej rury prostej posiada ko\u0142nierz (\u015brednica zewn\u0119trzna ko\u0142nierza jest taka","og_url":"https:\/\/www.skamet.ee\/pl\/tooted\/rury-proste\/","og_site_name":"Skamet","article_modified_time":"2021-05-20T05:44:57+00:00","og_image":[{"width":300,"height":272,"url":"https:\/\/www.skamet.ee\/wp-content\/uploads\/2021\/03\/T-115-300x272-1.png","type":"image\/png"}],"twitter_card":"summary_large_image","schema":{"@context":"https:\/\/schema.org","@graph":[{"@type":"WebPage","@id":"https:\/\/www.skamet.ee\/pl\/tooted\/rury-proste\/","url":"https:\/\/www.skamet.ee\/pl\/tooted\/rury-proste\/","name":"Rury proste - Skamet","isPartOf":{"@id":"https:\/\/www.skamet.ee\/#website"},"primaryImageOfPage":{"@id":"https:\/\/www.skamet.ee\/pl\/tooted\/rury-proste\/#primaryimage"},"image":{"@id":"https:\/\/www.skamet.ee\/pl\/tooted\/rury-proste\/#primaryimage"},"thumbnailUrl":"https:\/\/www.skamet.ee\/wp-content\/uploads\/2021\/03\/T-115-300x272-1.png","datePublished":"2021-03-26T12:21:28+00:00","dateModified":"2021-05-20T05:44:57+00:00","breadcrumb":{"@id":"https:\/\/www.skamet.ee\/pl\/tooted\/rury-proste\/#breadcrumb"},"inLanguage":"pl-PL","potentialAction":[{"@type":"ReadAction","target":["https:\/\/www.skamet.ee\/pl\/tooted\/rury-proste\/"]}]},{"@type":"ImageObject","inLanguage":"pl-PL","@id":"https:\/\/www.skamet.ee\/pl\/tooted\/rury-proste\/#primaryimage","url":"https:\/\/www.skamet.ee\/wp-content\/uploads\/2021\/03\/T-115-300x272-1.png","contentUrl":"https:\/\/www.skamet.ee\/wp-content\/uploads\/2021\/03\/T-115-300x272-1.png","width":300,"height":272,"caption":"T 115 300x272 1"},{"@type":"BreadcrumbList","@id":"https:\/\/www.skamet.ee\/pl\/tooted\/rury-proste\/#breadcrumb","itemListElement":[{"@type":"ListItem","position":1,"name":"Home","item":"https:\/\/www.skamet.ee\/"},{"@type":"ListItem","position":2,"name":"Produkty","item":"https:\/\/www.skamet.ee\/pl\/sklep\/"},{"@type":"ListItem","position":3,"name":"Rury proste"}]},{"@type":"WebSite","@id":"https:\/\/www.skamet.ee\/#website","url":"https:\/\/www.skamet.ee\/","name":"Skamet O\u00dc","description":"Efektiivsed puuk\u00fcttega saunaahjud Eesti tootjalt","publisher":{"@id":"https:\/\/www.skamet.ee\/#organization"},"potentialAction":[{"@type":"SearchAction","target":{"@type":"EntryPoint","urlTemplate":"https:\/\/www.skamet.ee\/?s={search_term_string}"},"query-input":{"@type":"PropertyValueSpecification","valueRequired":true,"valueName":"search_term_string"}}],"inLanguage":"pl-PL"},{"@type":"Organization","@id":"https:\/\/www.skamet.ee\/#organization","name":"Skamet","url":"https:\/\/www.skamet.ee\/","logo":{"@type":"ImageObject","inLanguage":"pl-PL","@id":"https:\/\/www.skamet.ee\/#\/schema\/logo\/image\/","url":"https:\/\/www.skamet.ee\/wp-content\/uploads\/2024\/02\/logo-pl.jpg","contentUrl":"https:\/\/www.skamet.ee\/wp-content\/uploads\/2024\/02\/logo-pl.jpg","width":300,"height":127,"caption":"Skamet"},"image":{"@id":"https:\/\/www.skamet.ee\/#\/schema\/logo\/image\/"}}]}},"_links":{"self":[{"href":"https:\/\/www.skamet.ee\/pl\/wp-json\/wp\/v2\/product\/41999","targetHints":{"allow":["GET"]}}],"collection":[{"href":"https:\/\/www.skamet.ee\/pl\/wp-json\/wp\/v2\/product"}],"about":[{"href":"https:\/\/www.skamet.ee\/pl\/wp-json\/wp\/v2\/types\/product"}],"version-history":[{"count":1,"href":"https:\/\/www.skamet.ee\/pl\/wp-json\/wp\/v2\/product\/41999\/revisions"}],"predecessor-version":[{"id":42053,"href":"https:\/\/www.skamet.ee\/pl\/wp-json\/wp\/v2\/product\/41999\/revisions\/42053"}],"wp:featuredmedia":[{"embeddable":true,"href":"https:\/\/www.skamet.ee\/pl\/wp-json\/wp\/v2\/media\/40026"}],"wp:attachment":[{"href":"https:\/\/www.skamet.ee\/pl\/wp-json\/wp\/v2\/media?parent=41999"}],"wp:term":[{"taxonomy":"product_brand","embeddable":true,"href":"https:\/\/www.skamet.ee\/pl\/wp-json\/wp\/v2\/product_brand?post=41999"},{"taxonomy":"product_cat","embeddable":true,"href":"https:\/\/www.skamet.ee\/pl\/wp-json\/wp\/v2\/product_cat?post=41999"},{"taxonomy":"product_tag","embeddable":true,"href":"https:\/\/www.skamet.ee\/pl\/wp-json\/wp\/v2\/product_tag?post=41999"}],"curies":[{"name":"wp","href":"https:\/\/api.w.org\/{rel}","templated":true}]}}