{"id":42004,"date":"2021-03-26T14:17:31","date_gmt":"2021-03-26T12:17:31","guid":{"rendered":"https:\/\/uus.skamet.ee\/tooted\/bez-kategorii\/ruszty-do-grilla\/"},"modified":"2022-08-09T13:57:19","modified_gmt":"2022-08-09T10:57:19","slug":"ruszty-do-grilla","status":"publish","type":"product","link":"https:\/\/www.skamet.ee\/pl\/tooted\/ruszty-do-grilla\/","title":{"rendered":"Ruszty do grilla"},"content":{"rendered":"<p>Nasz gama produkt\u00f3w zawiera r\u00f3wnie\u017c rozmaite ruszty do grilla. Standardowe grille s\u0105 zrobione z metalu o grubo\u015bci 3 mm. Grusze grille lub grille zrobione wykonane zgodnie z \u017cyczeniem klienta, mog\u0105 by\u0107 robione na zam\u00f3wienie. Modele s\u0105 r\u00f3\u017cne: posiadaj\u0105ce lub nieposiadaj\u0105ce pokrywy, zrobione z metalu \u017celaznego lub stali nierdzewnej. Ruszty do grilla posiadaj\u0105 n\u00f3\u017cki daj\u0105ce si\u0119 wymontowa\u0107. Przyk\u0142adowe wymiary (d\u0142ugo\u015b\u0107 x szeroko\u015b\u0107 x g\u0142\u0119boko\u015b\u0107 x): Ruszty do grilla s\u0105 dost\u0119pne w nast\u0119puj\u0105cych rozmiarach: 100x40x17cm \/ 70x30x17cm \/ 50x30x17cm. Wysoko\u015b\u0107 \u2013 90cm. Ka\u017cdy model jest wyposa\u017cony w krat\u0119, kt\u00f3ra pokrywa cz\u0119\u015b\u0107 rusztu i mo\u017ce zosta\u0107 zdemontowana.<\/p>\n","protected":false},"excerpt":{"rendered":"<p>Nasz gama produkt\u00f3w zawiera r\u00f3wnie\u017c rozmaite ruszty do grilla. Standardowe grille s\u0105 zrobione z metalu o grubo\u015bci 3 mm. Grusze<\/p>\n","protected":false},"featured_media":40735,"template":"","meta":{"_lmt_disableupdate":"","_lmt_disable":""},"product_brand":[],"product_cat":[262],"product_tag":[],"class_list":{"0":"post-42004","1":"product","2":"type-product","3":"status-publish","4":"has-post-thumbnail","6":"product_cat-inne-produkty","8":"first","9":"instock","10":"shipping-taxable","11":"product-type-simple"},"yoast_head":"<!-- This site is optimized with the Yoast SEO plugin v27.0 - https:\/\/yoast.com\/product\/yoast-seo-wordpress\/ -->\n<title>Ruszty do grilla - Skamet<\/title>\n<meta name=\"robots\" content=\"index, follow, max-snippet:-1, max-image-preview:large, max-video-preview:-1\" \/>\n<link rel=\"canonical\" href=\"https:\/\/www.skamet.ee\/pl\/tooted\/ruszty-do-grilla\/\" \/>\n<meta property=\"og:locale\" content=\"pl_PL\" \/>\n<meta property=\"og:type\" content=\"article\" \/>\n<meta property=\"og:title\" content=\"Ruszty do grilla - Skamet\" \/>\n<meta property=\"og:description\" content=\"Nasz gama produkt\u00f3w zawiera r\u00f3wnie\u017c rozmaite ruszty do grilla. Standardowe grille s\u0105 zrobione z metalu o grubo\u015bci 3 mm. Grusze\" \/>\n<meta property=\"og:url\" content=\"https:\/\/www.skamet.ee\/pl\/tooted\/ruszty-do-grilla\/\" \/>\n<meta property=\"og:site_name\" content=\"Skamet\" \/>\n<meta property=\"article:modified_time\" content=\"2022-08-09T10:57:19+00:00\" \/>\n<meta property=\"og:image\" content=\"https:\/\/www.skamet.ee\/wp-content\/uploads\/2021\/03\/LV-70.jpg\" \/>\n\t<meta property=\"og:image:width\" content=\"577\" \/>\n\t<meta property=\"og:image:height\" content=\"472\" \/>\n\t<meta property=\"og:image:type\" content=\"image\/jpeg\" \/>\n<meta name=\"twitter:card\" content=\"summary_large_image\" \/>\n<meta name=\"twitter:label1\" content=\"Szacowany czas czytania\" \/>\n\t<meta name=\"twitter:data1\" content=\"1 minuta\" \/>\n<script type=\"application\/ld+json\" class=\"yoast-schema-graph\">{\"@context\":\"https:\/\/schema.org\",\"@graph\":[{\"@type\":\"WebPage\",\"@id\":\"https:\/\/www.skamet.ee\/pl\/tooted\/ruszty-do-grilla\/\",\"url\":\"https:\/\/www.skamet.ee\/pl\/tooted\/ruszty-do-grilla\/\",\"name\":\"Ruszty do grilla - Skamet\",\"isPartOf\":{\"@id\":\"https:\/\/www.skamet.ee\/#website\"},\"primaryImageOfPage\":{\"@id\":\"https:\/\/www.skamet.ee\/pl\/tooted\/ruszty-do-grilla\/#primaryimage\"},\"image\":{\"@id\":\"https:\/\/www.skamet.ee\/pl\/tooted\/ruszty-do-grilla\/#primaryimage\"},\"thumbnailUrl\":\"https:\/\/www.skamet.ee\/wp-content\/uploads\/2021\/03\/LV-70.jpg\",\"datePublished\":\"2021-03-26T12:17:31+00:00\",\"dateModified\":\"2022-08-09T10:57:19+00:00\",\"breadcrumb\":{\"@id\":\"https:\/\/www.skamet.ee\/pl\/tooted\/ruszty-do-grilla\/#breadcrumb\"},\"inLanguage\":\"pl-PL\",\"potentialAction\":[{\"@type\":\"ReadAction\",\"target\":[\"https:\/\/www.skamet.ee\/pl\/tooted\/ruszty-do-grilla\/\"]}]},{\"@type\":\"ImageObject\",\"inLanguage\":\"pl-PL\",\"@id\":\"https:\/\/www.skamet.ee\/pl\/tooted\/ruszty-do-grilla\/#primaryimage\",\"url\":\"https:\/\/www.skamet.ee\/wp-content\/uploads\/2021\/03\/LV-70.jpg\",\"contentUrl\":\"https:\/\/www.skamet.ee\/wp-content\/uploads\/2021\/03\/LV-70.jpg\",\"width\":577,\"height\":472,\"caption\":\"LV 70\"},{\"@type\":\"BreadcrumbList\",\"@id\":\"https:\/\/www.skamet.ee\/pl\/tooted\/ruszty-do-grilla\/#breadcrumb\",\"itemListElement\":[{\"@type\":\"ListItem\",\"position\":1,\"name\":\"Home\",\"item\":\"https:\/\/www.skamet.ee\/\"},{\"@type\":\"ListItem\",\"position\":2,\"name\":\"Produkty\",\"item\":\"https:\/\/www.skamet.ee\/pl\/sklep\/\"},{\"@type\":\"ListItem\",\"position\":3,\"name\":\"Ruszty do grilla\"}]},{\"@type\":\"WebSite\",\"@id\":\"https:\/\/www.skamet.ee\/#website\",\"url\":\"https:\/\/www.skamet.ee\/\",\"name\":\"Skamet O\u00dc\",\"description\":\"Efektiivsed puuk\u00fcttega saunaahjud Eesti tootjalt\",\"publisher\":{\"@id\":\"https:\/\/www.skamet.ee\/#organization\"},\"potentialAction\":[{\"@type\":\"SearchAction\",\"target\":{\"@type\":\"EntryPoint\",\"urlTemplate\":\"https:\/\/www.skamet.ee\/?s={search_term_string}\"},\"query-input\":{\"@type\":\"PropertyValueSpecification\",\"valueRequired\":true,\"valueName\":\"search_term_string\"}}],\"inLanguage\":\"pl-PL\"},{\"@type\":\"Organization\",\"@id\":\"https:\/\/www.skamet.ee\/#organization\",\"name\":\"Skamet\",\"url\":\"https:\/\/www.skamet.ee\/\",\"logo\":{\"@type\":\"ImageObject\",\"inLanguage\":\"pl-PL\",\"@id\":\"https:\/\/www.skamet.ee\/#\/schema\/logo\/image\/\",\"url\":\"https:\/\/www.skamet.ee\/wp-content\/uploads\/2024\/02\/logo-pl.jpg\",\"contentUrl\":\"https:\/\/www.skamet.ee\/wp-content\/uploads\/2024\/02\/logo-pl.jpg\",\"width\":300,\"height\":127,\"caption\":\"Skamet\"},\"image\":{\"@id\":\"https:\/\/www.skamet.ee\/#\/schema\/logo\/image\/\"}}]}<\/script>\n<!-- \/ Yoast SEO plugin. -->","yoast_head_json":{"title":"Ruszty do grilla - Skamet","robots":{"index":"index","follow":"follow","max-snippet":"max-snippet:-1","max-image-preview":"max-image-preview:large","max-video-preview":"max-video-preview:-1"},"canonical":"https:\/\/www.skamet.ee\/pl\/tooted\/ruszty-do-grilla\/","og_locale":"pl_PL","og_type":"article","og_title":"Ruszty do grilla - Skamet","og_description":"Nasz gama produkt\u00f3w zawiera r\u00f3wnie\u017c rozmaite ruszty do grilla. Standardowe grille s\u0105 zrobione z metalu o grubo\u015bci 3 mm. Grusze","og_url":"https:\/\/www.skamet.ee\/pl\/tooted\/ruszty-do-grilla\/","og_site_name":"Skamet","article_modified_time":"2022-08-09T10:57:19+00:00","og_image":[{"width":577,"height":472,"url":"https:\/\/www.skamet.ee\/wp-content\/uploads\/2021\/03\/LV-70.jpg","type":"image\/jpeg"}],"twitter_card":"summary_large_image","twitter_misc":{"Szacowany czas czytania":"1 minuta"},"schema":{"@context":"https:\/\/schema.org","@graph":[{"@type":"WebPage","@id":"https:\/\/www.skamet.ee\/pl\/tooted\/ruszty-do-grilla\/","url":"https:\/\/www.skamet.ee\/pl\/tooted\/ruszty-do-grilla\/","name":"Ruszty do grilla - Skamet","isPartOf":{"@id":"https:\/\/www.skamet.ee\/#website"},"primaryImageOfPage":{"@id":"https:\/\/www.skamet.ee\/pl\/tooted\/ruszty-do-grilla\/#primaryimage"},"image":{"@id":"https:\/\/www.skamet.ee\/pl\/tooted\/ruszty-do-grilla\/#primaryimage"},"thumbnailUrl":"https:\/\/www.skamet.ee\/wp-content\/uploads\/2021\/03\/LV-70.jpg","datePublished":"2021-03-26T12:17:31+00:00","dateModified":"2022-08-09T10:57:19+00:00","breadcrumb":{"@id":"https:\/\/www.skamet.ee\/pl\/tooted\/ruszty-do-grilla\/#breadcrumb"},"inLanguage":"pl-PL","potentialAction":[{"@type":"ReadAction","target":["https:\/\/www.skamet.ee\/pl\/tooted\/ruszty-do-grilla\/"]}]},{"@type":"ImageObject","inLanguage":"pl-PL","@id":"https:\/\/www.skamet.ee\/pl\/tooted\/ruszty-do-grilla\/#primaryimage","url":"https:\/\/www.skamet.ee\/wp-content\/uploads\/2021\/03\/LV-70.jpg","contentUrl":"https:\/\/www.skamet.ee\/wp-content\/uploads\/2021\/03\/LV-70.jpg","width":577,"height":472,"caption":"LV 70"},{"@type":"BreadcrumbList","@id":"https:\/\/www.skamet.ee\/pl\/tooted\/ruszty-do-grilla\/#breadcrumb","itemListElement":[{"@type":"ListItem","position":1,"name":"Home","item":"https:\/\/www.skamet.ee\/"},{"@type":"ListItem","position":2,"name":"Produkty","item":"https:\/\/www.skamet.ee\/pl\/sklep\/"},{"@type":"ListItem","position":3,"name":"Ruszty do grilla"}]},{"@type":"WebSite","@id":"https:\/\/www.skamet.ee\/#website","url":"https:\/\/www.skamet.ee\/","name":"Skamet O\u00dc","description":"Efektiivsed puuk\u00fcttega saunaahjud Eesti tootjalt","publisher":{"@id":"https:\/\/www.skamet.ee\/#organization"},"potentialAction":[{"@type":"SearchAction","target":{"@type":"EntryPoint","urlTemplate":"https:\/\/www.skamet.ee\/?s={search_term_string}"},"query-input":{"@type":"PropertyValueSpecification","valueRequired":true,"valueName":"search_term_string"}}],"inLanguage":"pl-PL"},{"@type":"Organization","@id":"https:\/\/www.skamet.ee\/#organization","name":"Skamet","url":"https:\/\/www.skamet.ee\/","logo":{"@type":"ImageObject","inLanguage":"pl-PL","@id":"https:\/\/www.skamet.ee\/#\/schema\/logo\/image\/","url":"https:\/\/www.skamet.ee\/wp-content\/uploads\/2024\/02\/logo-pl.jpg","contentUrl":"https:\/\/www.skamet.ee\/wp-content\/uploads\/2024\/02\/logo-pl.jpg","width":300,"height":127,"caption":"Skamet"},"image":{"@id":"https:\/\/www.skamet.ee\/#\/schema\/logo\/image\/"}}]}},"_links":{"self":[{"href":"https:\/\/www.skamet.ee\/pl\/wp-json\/wp\/v2\/product\/42004","targetHints":{"allow":["GET"]}}],"collection":[{"href":"https:\/\/www.skamet.ee\/pl\/wp-json\/wp\/v2\/product"}],"about":[{"href":"https:\/\/www.skamet.ee\/pl\/wp-json\/wp\/v2\/types\/product"}],"version-history":[{"count":2,"href":"https:\/\/www.skamet.ee\/pl\/wp-json\/wp\/v2\/product\/42004\/revisions"}],"predecessor-version":[{"id":43096,"href":"https:\/\/www.skamet.ee\/pl\/wp-json\/wp\/v2\/product\/42004\/revisions\/43096"}],"wp:featuredmedia":[{"embeddable":true,"href":"https:\/\/www.skamet.ee\/pl\/wp-json\/wp\/v2\/media\/40735"}],"wp:attachment":[{"href":"https:\/\/www.skamet.ee\/pl\/wp-json\/wp\/v2\/media?parent=42004"}],"wp:term":[{"taxonomy":"product_brand","embeddable":true,"href":"https:\/\/www.skamet.ee\/pl\/wp-json\/wp\/v2\/product_brand?post=42004"},{"taxonomy":"product_cat","embeddable":true,"href":"https:\/\/www.skamet.ee\/pl\/wp-json\/wp\/v2\/product_cat?post=42004"},{"taxonomy":"product_tag","embeddable":true,"href":"https:\/\/www.skamet.ee\/pl\/wp-json\/wp\/v2\/product_tag?post=42004"}],"curies":[{"name":"wp","href":"https:\/\/api.w.org\/{rel}","templated":true}]}}