{"id":42025,"date":"2021-03-24T11:39:23","date_gmt":"2021-03-24T09:39:23","guid":{"rendered":"https:\/\/uus.skamet.ee\/tooted\/bez-kategorii\/zbiornik-akumulacyjny-2\/"},"modified":"2021-05-25T14:50:33","modified_gmt":"2021-05-25T11:50:33","slug":"zbiornik-akumulacyjny-2","status":"publish","type":"product","link":"https:\/\/www.skamet.ee\/pl\/tooted\/zbiornik-akumulacyjny-2\/","title":{"rendered":"Zbiornik akumulacyjny"},"content":{"rendered":"<p>Opr\u00f3cz zbiornik\u00f3w z ciep\u0142\u0105 wod\u0105 produkujemy zbiorniki wed\u0142ug szkic\u00f3w oraz rysunk\u00f3w klient\u00f3w.<\/p>\n<p>Dodatkowe opcje:<br \/>\n\u00bb \u015brednica 50 \u2013 120 cm;<br \/>\n\u00bb kszta\u0142t cylindryczny i prostok\u0105tny;<br \/>\n\u00bb z \u017celaza lub metalu odpornego na korozj\u0119;<br \/>\n\u00bb z n\u00f3\u017ckami lub bez;<br \/>\n\u00bb z r\u00f3\u017cnorodnymi ko\u0142nierzami lub bez ko\u0142nierza.<\/p>\n","protected":false},"excerpt":{"rendered":"<p>Opr\u00f3cz zbiornik\u00f3w z ciep\u0142\u0105 wod\u0105 produkujemy zbiorniki wed\u0142ug szkic\u00f3w oraz rysunk\u00f3w klient\u00f3w. Dodatkowe opcje: \u00bb \u015brednica 50 \u2013 120 cm;<\/p>\n","protected":false},"featured_media":39644,"template":"","meta":{"_lmt_disableupdate":"","_lmt_disable":""},"product_brand":[],"product_cat":[974],"product_tag":[],"class_list":{"0":"post-42025","1":"product","2":"type-product","3":"status-publish","4":"has-post-thumbnail","6":"product_cat-zbiorniki-wodne-innego-przeznaczenia","8":"first","9":"instock","10":"shipping-taxable","11":"product-type-simple"},"yoast_head":"<!-- This site is optimized with the Yoast SEO plugin v27.0 - https:\/\/yoast.com\/product\/yoast-seo-wordpress\/ -->\n<title>Zbiornik akumulacyjny - Skamet<\/title>\n<meta name=\"robots\" content=\"index, follow, max-snippet:-1, max-image-preview:large, max-video-preview:-1\" \/>\n<link rel=\"canonical\" href=\"https:\/\/www.skamet.ee\/tooted\/akumulatsiooni-paak\/\" \/>\n<meta property=\"og:locale\" content=\"pl_PL\" \/>\n<meta property=\"og:type\" content=\"article\" \/>\n<meta property=\"og:title\" content=\"Zbiornik akumulacyjny - Skamet\" \/>\n<meta property=\"og:description\" content=\"Opr\u00f3cz zbiornik\u00f3w z ciep\u0142\u0105 wod\u0105 produkujemy zbiorniki wed\u0142ug szkic\u00f3w oraz rysunk\u00f3w klient\u00f3w. Dodatkowe opcje: \u00bb \u015brednica 50 \u2013 120 cm;\" \/>\n<meta property=\"og:url\" content=\"https:\/\/www.skamet.ee\/tooted\/akumulatsiooni-paak\/\" \/>\n<meta property=\"og:site_name\" content=\"Skamet\" \/>\n<meta property=\"article:modified_time\" content=\"2021-05-25T11:50:33+00:00\" \/>\n<meta property=\"og:image\" content=\"https:\/\/www.skamet.ee\/wp-content\/uploads\/2021\/03\/akupaak_800mm.png\" \/>\n\t<meta property=\"og:image:width\" content=\"1024\" \/>\n\t<meta property=\"og:image:height\" content=\"1049\" \/>\n\t<meta property=\"og:image:type\" content=\"image\/png\" \/>\n<meta name=\"twitter:card\" content=\"summary_large_image\" \/>\n<script type=\"application\/ld+json\" class=\"yoast-schema-graph\">{\"@context\":\"https:\/\/schema.org\",\"@graph\":[{\"@type\":\"WebPage\",\"@id\":\"https:\/\/www.skamet.ee\/tooted\/akumulatsiooni-paak\/\",\"url\":\"https:\/\/www.skamet.ee\/tooted\/akumulatsiooni-paak\/\",\"name\":\"Zbiornik akumulacyjny - Skamet\",\"isPartOf\":{\"@id\":\"https:\/\/www.skamet.ee\/#website\"},\"primaryImageOfPage\":{\"@id\":\"https:\/\/www.skamet.ee\/tooted\/akumulatsiooni-paak\/#primaryimage\"},\"image\":{\"@id\":\"https:\/\/www.skamet.ee\/tooted\/akumulatsiooni-paak\/#primaryimage\"},\"thumbnailUrl\":\"https:\/\/www.skamet.ee\/wp-content\/uploads\/2021\/03\/akupaak_800mm.png\",\"datePublished\":\"2021-03-24T09:39:23+00:00\",\"dateModified\":\"2021-05-25T11:50:33+00:00\",\"breadcrumb\":{\"@id\":\"https:\/\/www.skamet.ee\/tooted\/akumulatsiooni-paak\/#breadcrumb\"},\"inLanguage\":\"pl-PL\",\"potentialAction\":[{\"@type\":\"ReadAction\",\"target\":[\"https:\/\/www.skamet.ee\/tooted\/akumulatsiooni-paak\/\"]}]},{\"@type\":\"ImageObject\",\"inLanguage\":\"pl-PL\",\"@id\":\"https:\/\/www.skamet.ee\/tooted\/akumulatsiooni-paak\/#primaryimage\",\"url\":\"https:\/\/www.skamet.ee\/wp-content\/uploads\/2021\/03\/akupaak_800mm.png\",\"contentUrl\":\"https:\/\/www.skamet.ee\/wp-content\/uploads\/2021\/03\/akupaak_800mm.png\",\"width\":1024,\"height\":1049,\"caption\":\"akupaak 800mm\"},{\"@type\":\"BreadcrumbList\",\"@id\":\"https:\/\/www.skamet.ee\/tooted\/akumulatsiooni-paak\/#breadcrumb\",\"itemListElement\":[{\"@type\":\"ListItem\",\"position\":1,\"name\":\"Home\",\"item\":\"https:\/\/www.skamet.ee\/\"},{\"@type\":\"ListItem\",\"position\":2,\"name\":\"Produkty\",\"item\":\"https:\/\/www.skamet.ee\/pl\/sklep\/\"},{\"@type\":\"ListItem\",\"position\":3,\"name\":\"Zbiornik akumulacyjny\"}]},{\"@type\":\"WebSite\",\"@id\":\"https:\/\/www.skamet.ee\/#website\",\"url\":\"https:\/\/www.skamet.ee\/\",\"name\":\"Skamet O\u00dc\",\"description\":\"Efektiivsed puuk\u00fcttega saunaahjud Eesti tootjalt\",\"publisher\":{\"@id\":\"https:\/\/www.skamet.ee\/#organization\"},\"potentialAction\":[{\"@type\":\"SearchAction\",\"target\":{\"@type\":\"EntryPoint\",\"urlTemplate\":\"https:\/\/www.skamet.ee\/?s={search_term_string}\"},\"query-input\":{\"@type\":\"PropertyValueSpecification\",\"valueRequired\":true,\"valueName\":\"search_term_string\"}}],\"inLanguage\":\"pl-PL\"},{\"@type\":\"Organization\",\"@id\":\"https:\/\/www.skamet.ee\/#organization\",\"name\":\"Skamet\",\"url\":\"https:\/\/www.skamet.ee\/\",\"logo\":{\"@type\":\"ImageObject\",\"inLanguage\":\"pl-PL\",\"@id\":\"https:\/\/www.skamet.ee\/#\/schema\/logo\/image\/\",\"url\":\"https:\/\/www.skamet.ee\/wp-content\/uploads\/2024\/02\/logo-pl.jpg\",\"contentUrl\":\"https:\/\/www.skamet.ee\/wp-content\/uploads\/2024\/02\/logo-pl.jpg\",\"width\":300,\"height\":127,\"caption\":\"Skamet\"},\"image\":{\"@id\":\"https:\/\/www.skamet.ee\/#\/schema\/logo\/image\/\"}}]}<\/script>\n<!-- \/ Yoast SEO plugin. -->","yoast_head_json":{"title":"Zbiornik akumulacyjny - Skamet","robots":{"index":"index","follow":"follow","max-snippet":"max-snippet:-1","max-image-preview":"max-image-preview:large","max-video-preview":"max-video-preview:-1"},"canonical":"https:\/\/www.skamet.ee\/tooted\/akumulatsiooni-paak\/","og_locale":"pl_PL","og_type":"article","og_title":"Zbiornik akumulacyjny - Skamet","og_description":"Opr\u00f3cz zbiornik\u00f3w z ciep\u0142\u0105 wod\u0105 produkujemy zbiorniki wed\u0142ug szkic\u00f3w oraz rysunk\u00f3w klient\u00f3w. Dodatkowe opcje: \u00bb \u015brednica 50 \u2013 120 cm;","og_url":"https:\/\/www.skamet.ee\/tooted\/akumulatsiooni-paak\/","og_site_name":"Skamet","article_modified_time":"2021-05-25T11:50:33+00:00","og_image":[{"width":1024,"height":1049,"url":"https:\/\/www.skamet.ee\/wp-content\/uploads\/2021\/03\/akupaak_800mm.png","type":"image\/png"}],"twitter_card":"summary_large_image","schema":{"@context":"https:\/\/schema.org","@graph":[{"@type":"WebPage","@id":"https:\/\/www.skamet.ee\/tooted\/akumulatsiooni-paak\/","url":"https:\/\/www.skamet.ee\/tooted\/akumulatsiooni-paak\/","name":"Zbiornik akumulacyjny - Skamet","isPartOf":{"@id":"https:\/\/www.skamet.ee\/#website"},"primaryImageOfPage":{"@id":"https:\/\/www.skamet.ee\/tooted\/akumulatsiooni-paak\/#primaryimage"},"image":{"@id":"https:\/\/www.skamet.ee\/tooted\/akumulatsiooni-paak\/#primaryimage"},"thumbnailUrl":"https:\/\/www.skamet.ee\/wp-content\/uploads\/2021\/03\/akupaak_800mm.png","datePublished":"2021-03-24T09:39:23+00:00","dateModified":"2021-05-25T11:50:33+00:00","breadcrumb":{"@id":"https:\/\/www.skamet.ee\/tooted\/akumulatsiooni-paak\/#breadcrumb"},"inLanguage":"pl-PL","potentialAction":[{"@type":"ReadAction","target":["https:\/\/www.skamet.ee\/tooted\/akumulatsiooni-paak\/"]}]},{"@type":"ImageObject","inLanguage":"pl-PL","@id":"https:\/\/www.skamet.ee\/tooted\/akumulatsiooni-paak\/#primaryimage","url":"https:\/\/www.skamet.ee\/wp-content\/uploads\/2021\/03\/akupaak_800mm.png","contentUrl":"https:\/\/www.skamet.ee\/wp-content\/uploads\/2021\/03\/akupaak_800mm.png","width":1024,"height":1049,"caption":"akupaak 800mm"},{"@type":"BreadcrumbList","@id":"https:\/\/www.skamet.ee\/tooted\/akumulatsiooni-paak\/#breadcrumb","itemListElement":[{"@type":"ListItem","position":1,"name":"Home","item":"https:\/\/www.skamet.ee\/"},{"@type":"ListItem","position":2,"name":"Produkty","item":"https:\/\/www.skamet.ee\/pl\/sklep\/"},{"@type":"ListItem","position":3,"name":"Zbiornik akumulacyjny"}]},{"@type":"WebSite","@id":"https:\/\/www.skamet.ee\/#website","url":"https:\/\/www.skamet.ee\/","name":"Skamet O\u00dc","description":"Efektiivsed puuk\u00fcttega saunaahjud Eesti tootjalt","publisher":{"@id":"https:\/\/www.skamet.ee\/#organization"},"potentialAction":[{"@type":"SearchAction","target":{"@type":"EntryPoint","urlTemplate":"https:\/\/www.skamet.ee\/?s={search_term_string}"},"query-input":{"@type":"PropertyValueSpecification","valueRequired":true,"valueName":"search_term_string"}}],"inLanguage":"pl-PL"},{"@type":"Organization","@id":"https:\/\/www.skamet.ee\/#organization","name":"Skamet","url":"https:\/\/www.skamet.ee\/","logo":{"@type":"ImageObject","inLanguage":"pl-PL","@id":"https:\/\/www.skamet.ee\/#\/schema\/logo\/image\/","url":"https:\/\/www.skamet.ee\/wp-content\/uploads\/2024\/02\/logo-pl.jpg","contentUrl":"https:\/\/www.skamet.ee\/wp-content\/uploads\/2024\/02\/logo-pl.jpg","width":300,"height":127,"caption":"Skamet"},"image":{"@id":"https:\/\/www.skamet.ee\/#\/schema\/logo\/image\/"}}]}},"_links":{"self":[{"href":"https:\/\/www.skamet.ee\/pl\/wp-json\/wp\/v2\/product\/42025","targetHints":{"allow":["GET"]}}],"collection":[{"href":"https:\/\/www.skamet.ee\/pl\/wp-json\/wp\/v2\/product"}],"about":[{"href":"https:\/\/www.skamet.ee\/pl\/wp-json\/wp\/v2\/types\/product"}],"version-history":[{"count":1,"href":"https:\/\/www.skamet.ee\/pl\/wp-json\/wp\/v2\/product\/42025\/revisions"}],"predecessor-version":[{"id":42353,"href":"https:\/\/www.skamet.ee\/pl\/wp-json\/wp\/v2\/product\/42025\/revisions\/42353"}],"wp:featuredmedia":[{"embeddable":true,"href":"https:\/\/www.skamet.ee\/pl\/wp-json\/wp\/v2\/media\/39644"}],"wp:attachment":[{"href":"https:\/\/www.skamet.ee\/pl\/wp-json\/wp\/v2\/media?parent=42025"}],"wp:term":[{"taxonomy":"product_brand","embeddable":true,"href":"https:\/\/www.skamet.ee\/pl\/wp-json\/wp\/v2\/product_brand?post=42025"},{"taxonomy":"product_cat","embeddable":true,"href":"https:\/\/www.skamet.ee\/pl\/wp-json\/wp\/v2\/product_cat?post=42025"},{"taxonomy":"product_tag","embeddable":true,"href":"https:\/\/www.skamet.ee\/pl\/wp-json\/wp\/v2\/product_tag?post=42025"}],"curies":[{"name":"wp","href":"https:\/\/api.w.org\/{rel}","templated":true}]}}