{"id":42032,"date":"2021-03-24T11:41:33","date_gmt":"2021-03-24T09:41:33","guid":{"rendered":"https:\/\/uus.skamet.ee\/tooted\/bez-kategorii\/bojlery-2\/"},"modified":"2021-05-20T09:06:25","modified_gmt":"2021-05-20T06:06:25","slug":"bojlery-2","status":"publish","type":"product","link":"https:\/\/www.skamet.ee\/pl\/tooted\/bojlery-2\/","title":{"rendered":"Bojlery"},"content":{"rendered":"<p>Standardowe bojlery podgrzewaj\u0105ce wod\u0119 produkujemy od po\u0142owy lat 90. Standardowe modele s\u0105 puste. Bojler mo\u017ce zosta\u0107 pod\u0142\u0105czony do pieca opalanego drewnem. Woda ogrzewana jest dzi\u0119ki naturalnej cyrkulacji. Bojlery ze stali nierdzewnej s\u0105 wyposa\u017cone w anody (podlegaj\u0105ce wymianie raz w roku lub cz\u0119\u015bciej, w miar\u0119 potrzeb). Wszystkie bojlery musz\u0105 by\u0107 wyposa\u017cone w zaw\u00f3r ochronny.<\/p>\n<p>Poza standardowymi modelami produkujemy r\u00f3wnie\u017c bojlery na zam\u00f3wienie klienta: z zaworem motylkowym lub o podw\u00f3jnych \u015bcianach.<\/p>\n<p><strong>Zamkni\u0119te zbiorniki na ciep\u0142\u0105 wod\u0119<\/strong><\/p>\n<p>\u015arednica standardowego bojlera to 40 oraz 45 cm. Bojlery posiadaj\u0105 4 z\u0142\u0105czki: dwie \u00bd-calowe i dwie \u00be cala.<\/p>\n<p>Wszystkie wymiary znajduj\u0105 si\u0119 w podr\u0119cznikach u\u017cytkownika.<\/p>\n<p>Standardowe parametry produktu: :\tOpcje dodatkowe:<br \/>\n\u00bb boiler capacity 80 \u2013 150 litres;<br \/>\n\u00bb \u015brednica 40 oraz 45 cm;<br \/>\n\u00bb poziomy;<br \/>\n\u00bb pionowy;<br \/>\n\u00bb \u017celazo (3 mm grubo\u015bci) lub metal odporny na korozj\u0119 (2 mm grubo\u015bci).\t\u00bb wi\u0119ksza lub mniejsza pojemno\u015b\u0107;<br \/>\n\u00bb inna \u015brednica \u2013 50 cm;<br \/>\n\u00bb bojler poziomy w zestawie z wannami w kszta\u0142cie beczki, kt\u00f3re mog\u0105 by\u0107 zamontowane w \u015bcianie, na pod\u0142odze lub pod sufitem;<br \/>\n\u00bb pionowy bojler mocowany do \u015bciany: po lewej lub po prawej stronie;<br \/>\n\u00bb mo\u017cliwo\u015b\u0107 wykonania z grubszego metalu.<\/p>\n<p><strong>Otwarte zbiorniki na ciep\u0142\u0105 wod\u0119<\/strong><br \/>\nStandardowe zbiorniki na wod\u0119 maj\u0105 \u015brednic\u0119 45 cm. \u0422rzy z\u0142\u0105czki: jedna \u00bd-calowa i dwie \u00be cala.<br \/>\nWszystkie wymiary znajduj\u0105 si\u0119 w podr\u0119cznikach u\u017cytkownika.<\/p>\n<p>Standardowe parametry produktu:\tOpcje dodatkowe:<br \/>\n\u00bb pojemno\u015b\u0107 zbiornika 80 \u2013 150 litr\u00f3w;<br \/>\n\u00bb \u015brednica 45 cm;<br \/>\n\u00bb 1 z\u0142\u0105czka \u00bd\u201d na dnie, wykorzystywana do odp\u0142ywu wody;<br \/>\n\u00bb z n\u00f3\u017ckami: wysoko\u015b\u0107 25 cm;<br \/>\n\u00bb z \u017celaza (3 mm grubo\u015bci) lub metalu odpornego na korozj\u0119 (2 mm grubo\u015bci).\t\u00bb \u00bd\u201d z\u0142\u0105czka na dnie, stosowana do odp\u0142ywu wody;<br \/>\n\u00bb z n\u00f3\u017ckami: wysoko\u015b\u0107 25 cm;<br \/>\n\u00bb wi\u0119ksza lub mniejsza pojemno\u015b\u0107;;<br \/>\n\u00bb mo\u017cliwo\u015b\u0107 wykonania z grubszego metalu.<\/p>\n<p><strong>Zbiornik zainstalowany wok\u00f3\u0142 przewodu spalinowego<\/strong><br \/>\nZbiornik na ciep\u0142\u0105 wod\u0119 jest produkowany w jednym rozmiarze:<\/p>\n<p>Zbiornik otwarty do ogrzewania wody jest zamocowany wok\u00f3\u0142 przewodu spalinowego. Woda jest podgrzewana za pomoc\u0105 gor\u0105cych spalin, wytwarzanych podczas spalania drewna, dzi\u0119ki czemu otrzymuje si\u0119 wod\u0119 do sauny. Opr\u00f3cz standardowych produkt\u00f3w oferujemy zbiorniki na zam\u00f3wienie o innych parametrach.<br \/>\nWszystkie wymiary znajduj\u0105 si\u0119 w podr\u0119cznikach u\u017cytkownika. <\/p>\n<p>Standardowe parametry produktu:\tOpcje dodatkowe:<br \/>\n\u00bb \u015brednica 30 cm, pojemno\u015b\u0107 25 litr\u00f3w;<br \/>\n\u00bb ca\u0142kowita wysoko\u015b\u0107 razem z przewodem to 65 cm, zbiornik \u2013 41.5 cm;<br \/>\n\u00bb z pokryw\u0105;<br \/>\n\u00bb wewn\u0119trzny przew\u00f3d spalinowy \u2013 \u015brednica 115 mm;<br \/>\n\u00bb 1 z\u0142\u0105czka wkr\u0119tna z gwintem zewn\u0119trznym 1\/2.\t\u00bb wi\u0119ksza lub mniejsza pojemno\u015b\u0107;<br \/>\n\u00bb wy\u017cszy zbiornik;<br \/>\n\u00bb prostok\u0105tny zbiornik;<br \/>\n\u00bb mo\u017cliwo\u015b\u0107 wykonania z grubszego metalu.<\/p>\n","protected":false},"excerpt":{"rendered":"<p>Standardowe bojlery podgrzewaj\u0105ce wod\u0119 produkujemy od po\u0142owy lat 90. Standardowe modele s\u0105 puste. Bojler mo\u017ce zosta\u0107 pod\u0142\u0105czony do pieca opalanego<\/p>\n","protected":false},"featured_media":40545,"template":"","meta":{"_lmt_disableupdate":"","_lmt_disable":""},"product_brand":[],"product_cat":[974],"product_tag":[],"class_list":{"0":"post-42032","1":"product","2":"type-product","3":"status-publish","4":"has-post-thumbnail","6":"product_cat-zbiorniki-wodne-innego-przeznaczenia","7":"pa_diameeter-115-mm-pl","8":"pa_diameeter-40-cm-pl","9":"pa_diameeter-45-cm-pl","10":"pa_maht-110l-pl","11":"pa_maht-150l-pl","12":"pa_maht-25l-pl","13":"pa_maht-80l-pl","15":"first","16":"instock","17":"shipping-taxable","18":"product-type-simple"},"yoast_head":"<!-- This site is optimized with the Yoast SEO plugin v27.0 - https:\/\/yoast.com\/product\/yoast-seo-wordpress\/ -->\n<title>Bojlery - Skamet<\/title>\n<meta name=\"robots\" content=\"index, follow, max-snippet:-1, max-image-preview:large, max-video-preview:-1\" \/>\n<link rel=\"canonical\" href=\"https:\/\/www.skamet.ee\/pl\/tooted\/bojlery-2\/\" \/>\n<meta property=\"og:locale\" content=\"pl_PL\" \/>\n<meta property=\"og:type\" content=\"article\" \/>\n<meta property=\"og:title\" content=\"Bojlery - Skamet\" \/>\n<meta property=\"og:description\" content=\"Standardowe bojlery podgrzewaj\u0105ce wod\u0119 produkujemy od po\u0142owy lat 90. Standardowe modele s\u0105 puste. Bojler mo\u017ce zosta\u0107 pod\u0142\u0105czony do pieca opalanego\" \/>\n<meta property=\"og:url\" content=\"https:\/\/www.skamet.ee\/pl\/tooted\/bojlery-2\/\" \/>\n<meta property=\"og:site_name\" content=\"Skamet\" \/>\n<meta property=\"article:modified_time\" content=\"2021-05-20T06:06:25+00:00\" \/>\n<meta property=\"og:image\" content=\"https:\/\/www.skamet.ee\/wp-content\/uploads\/2021\/03\/B-80-H1-300x243-1.jpg\" \/>\n\t<meta property=\"og:image:width\" content=\"300\" \/>\n\t<meta property=\"og:image:height\" content=\"243\" \/>\n\t<meta property=\"og:image:type\" content=\"image\/jpeg\" \/>\n<meta name=\"twitter:card\" content=\"summary_large_image\" \/>\n<meta name=\"twitter:label1\" content=\"Szacowany czas czytania\" \/>\n\t<meta name=\"twitter:data1\" content=\"2 minuty\" \/>\n<script type=\"application\/ld+json\" class=\"yoast-schema-graph\">{\"@context\":\"https:\/\/schema.org\",\"@graph\":[{\"@type\":\"WebPage\",\"@id\":\"https:\/\/www.skamet.ee\/pl\/tooted\/bojlery-2\/\",\"url\":\"https:\/\/www.skamet.ee\/pl\/tooted\/bojlery-2\/\",\"name\":\"Bojlery - Skamet\",\"isPartOf\":{\"@id\":\"https:\/\/www.skamet.ee\/#website\"},\"primaryImageOfPage\":{\"@id\":\"https:\/\/www.skamet.ee\/pl\/tooted\/bojlery-2\/#primaryimage\"},\"image\":{\"@id\":\"https:\/\/www.skamet.ee\/pl\/tooted\/bojlery-2\/#primaryimage\"},\"thumbnailUrl\":\"https:\/\/www.skamet.ee\/wp-content\/uploads\/2021\/03\/B-80-H1-300x243-1.jpg\",\"datePublished\":\"2021-03-24T09:41:33+00:00\",\"dateModified\":\"2021-05-20T06:06:25+00:00\",\"breadcrumb\":{\"@id\":\"https:\/\/www.skamet.ee\/pl\/tooted\/bojlery-2\/#breadcrumb\"},\"inLanguage\":\"pl-PL\",\"potentialAction\":[{\"@type\":\"ReadAction\",\"target\":[\"https:\/\/www.skamet.ee\/pl\/tooted\/bojlery-2\/\"]}]},{\"@type\":\"ImageObject\",\"inLanguage\":\"pl-PL\",\"@id\":\"https:\/\/www.skamet.ee\/pl\/tooted\/bojlery-2\/#primaryimage\",\"url\":\"https:\/\/www.skamet.ee\/wp-content\/uploads\/2021\/03\/B-80-H1-300x243-1.jpg\",\"contentUrl\":\"https:\/\/www.skamet.ee\/wp-content\/uploads\/2021\/03\/B-80-H1-300x243-1.jpg\",\"width\":300,\"height\":243,\"caption\":\"B 80 H1 300x243 1\"},{\"@type\":\"BreadcrumbList\",\"@id\":\"https:\/\/www.skamet.ee\/pl\/tooted\/bojlery-2\/#breadcrumb\",\"itemListElement\":[{\"@type\":\"ListItem\",\"position\":1,\"name\":\"Home\",\"item\":\"https:\/\/www.skamet.ee\/\"},{\"@type\":\"ListItem\",\"position\":2,\"name\":\"Produkty\",\"item\":\"https:\/\/www.skamet.ee\/pl\/sklep\/\"},{\"@type\":\"ListItem\",\"position\":3,\"name\":\"Bojlery\"}]},{\"@type\":\"WebSite\",\"@id\":\"https:\/\/www.skamet.ee\/#website\",\"url\":\"https:\/\/www.skamet.ee\/\",\"name\":\"Skamet O\u00dc\",\"description\":\"Efektiivsed puuk\u00fcttega saunaahjud Eesti tootjalt\",\"publisher\":{\"@id\":\"https:\/\/www.skamet.ee\/#organization\"},\"potentialAction\":[{\"@type\":\"SearchAction\",\"target\":{\"@type\":\"EntryPoint\",\"urlTemplate\":\"https:\/\/www.skamet.ee\/?s={search_term_string}\"},\"query-input\":{\"@type\":\"PropertyValueSpecification\",\"valueRequired\":true,\"valueName\":\"search_term_string\"}}],\"inLanguage\":\"pl-PL\"},{\"@type\":\"Organization\",\"@id\":\"https:\/\/www.skamet.ee\/#organization\",\"name\":\"Skamet\",\"url\":\"https:\/\/www.skamet.ee\/\",\"logo\":{\"@type\":\"ImageObject\",\"inLanguage\":\"pl-PL\",\"@id\":\"https:\/\/www.skamet.ee\/#\/schema\/logo\/image\/\",\"url\":\"https:\/\/www.skamet.ee\/wp-content\/uploads\/2024\/02\/logo-pl.jpg\",\"contentUrl\":\"https:\/\/www.skamet.ee\/wp-content\/uploads\/2024\/02\/logo-pl.jpg\",\"width\":300,\"height\":127,\"caption\":\"Skamet\"},\"image\":{\"@id\":\"https:\/\/www.skamet.ee\/#\/schema\/logo\/image\/\"}}]}<\/script>\n<!-- \/ Yoast SEO plugin. -->","yoast_head_json":{"title":"Bojlery - Skamet","robots":{"index":"index","follow":"follow","max-snippet":"max-snippet:-1","max-image-preview":"max-image-preview:large","max-video-preview":"max-video-preview:-1"},"canonical":"https:\/\/www.skamet.ee\/pl\/tooted\/bojlery-2\/","og_locale":"pl_PL","og_type":"article","og_title":"Bojlery - Skamet","og_description":"Standardowe bojlery podgrzewaj\u0105ce wod\u0119 produkujemy od po\u0142owy lat 90. Standardowe modele s\u0105 puste. Bojler mo\u017ce zosta\u0107 pod\u0142\u0105czony do pieca opalanego","og_url":"https:\/\/www.skamet.ee\/pl\/tooted\/bojlery-2\/","og_site_name":"Skamet","article_modified_time":"2021-05-20T06:06:25+00:00","og_image":[{"width":300,"height":243,"url":"https:\/\/www.skamet.ee\/wp-content\/uploads\/2021\/03\/B-80-H1-300x243-1.jpg","type":"image\/jpeg"}],"twitter_card":"summary_large_image","twitter_misc":{"Szacowany czas czytania":"2 minuty"},"schema":{"@context":"https:\/\/schema.org","@graph":[{"@type":"WebPage","@id":"https:\/\/www.skamet.ee\/pl\/tooted\/bojlery-2\/","url":"https:\/\/www.skamet.ee\/pl\/tooted\/bojlery-2\/","name":"Bojlery - Skamet","isPartOf":{"@id":"https:\/\/www.skamet.ee\/#website"},"primaryImageOfPage":{"@id":"https:\/\/www.skamet.ee\/pl\/tooted\/bojlery-2\/#primaryimage"},"image":{"@id":"https:\/\/www.skamet.ee\/pl\/tooted\/bojlery-2\/#primaryimage"},"thumbnailUrl":"https:\/\/www.skamet.ee\/wp-content\/uploads\/2021\/03\/B-80-H1-300x243-1.jpg","datePublished":"2021-03-24T09:41:33+00:00","dateModified":"2021-05-20T06:06:25+00:00","breadcrumb":{"@id":"https:\/\/www.skamet.ee\/pl\/tooted\/bojlery-2\/#breadcrumb"},"inLanguage":"pl-PL","potentialAction":[{"@type":"ReadAction","target":["https:\/\/www.skamet.ee\/pl\/tooted\/bojlery-2\/"]}]},{"@type":"ImageObject","inLanguage":"pl-PL","@id":"https:\/\/www.skamet.ee\/pl\/tooted\/bojlery-2\/#primaryimage","url":"https:\/\/www.skamet.ee\/wp-content\/uploads\/2021\/03\/B-80-H1-300x243-1.jpg","contentUrl":"https:\/\/www.skamet.ee\/wp-content\/uploads\/2021\/03\/B-80-H1-300x243-1.jpg","width":300,"height":243,"caption":"B 80 H1 300x243 1"},{"@type":"BreadcrumbList","@id":"https:\/\/www.skamet.ee\/pl\/tooted\/bojlery-2\/#breadcrumb","itemListElement":[{"@type":"ListItem","position":1,"name":"Home","item":"https:\/\/www.skamet.ee\/"},{"@type":"ListItem","position":2,"name":"Produkty","item":"https:\/\/www.skamet.ee\/pl\/sklep\/"},{"@type":"ListItem","position":3,"name":"Bojlery"}]},{"@type":"WebSite","@id":"https:\/\/www.skamet.ee\/#website","url":"https:\/\/www.skamet.ee\/","name":"Skamet O\u00dc","description":"Efektiivsed puuk\u00fcttega saunaahjud Eesti tootjalt","publisher":{"@id":"https:\/\/www.skamet.ee\/#organization"},"potentialAction":[{"@type":"SearchAction","target":{"@type":"EntryPoint","urlTemplate":"https:\/\/www.skamet.ee\/?s={search_term_string}"},"query-input":{"@type":"PropertyValueSpecification","valueRequired":true,"valueName":"search_term_string"}}],"inLanguage":"pl-PL"},{"@type":"Organization","@id":"https:\/\/www.skamet.ee\/#organization","name":"Skamet","url":"https:\/\/www.skamet.ee\/","logo":{"@type":"ImageObject","inLanguage":"pl-PL","@id":"https:\/\/www.skamet.ee\/#\/schema\/logo\/image\/","url":"https:\/\/www.skamet.ee\/wp-content\/uploads\/2024\/02\/logo-pl.jpg","contentUrl":"https:\/\/www.skamet.ee\/wp-content\/uploads\/2024\/02\/logo-pl.jpg","width":300,"height":127,"caption":"Skamet"},"image":{"@id":"https:\/\/www.skamet.ee\/#\/schema\/logo\/image\/"}}]}},"_links":{"self":[{"href":"https:\/\/www.skamet.ee\/pl\/wp-json\/wp\/v2\/product\/42032","targetHints":{"allow":["GET"]}}],"collection":[{"href":"https:\/\/www.skamet.ee\/pl\/wp-json\/wp\/v2\/product"}],"about":[{"href":"https:\/\/www.skamet.ee\/pl\/wp-json\/wp\/v2\/types\/product"}],"version-history":[{"count":1,"href":"https:\/\/www.skamet.ee\/pl\/wp-json\/wp\/v2\/product\/42032\/revisions"}],"predecessor-version":[{"id":42063,"href":"https:\/\/www.skamet.ee\/pl\/wp-json\/wp\/v2\/product\/42032\/revisions\/42063"}],"wp:featuredmedia":[{"embeddable":true,"href":"https:\/\/www.skamet.ee\/pl\/wp-json\/wp\/v2\/media\/40545"}],"wp:attachment":[{"href":"https:\/\/www.skamet.ee\/pl\/wp-json\/wp\/v2\/media?parent=42032"}],"wp:term":[{"taxonomy":"product_brand","embeddable":true,"href":"https:\/\/www.skamet.ee\/pl\/wp-json\/wp\/v2\/product_brand?post=42032"},{"taxonomy":"product_cat","embeddable":true,"href":"https:\/\/www.skamet.ee\/pl\/wp-json\/wp\/v2\/product_cat?post=42032"},{"taxonomy":"product_tag","embeddable":true,"href":"https:\/\/www.skamet.ee\/pl\/wp-json\/wp\/v2\/product_tag?post=42032"}],"curies":[{"name":"wp","href":"https:\/\/api.w.org\/{rel}","templated":true}]}}