{"id":42096,"date":"2021-04-05T14:40:58","date_gmt":"2021-04-05T11:40:58","guid":{"rendered":"https:\/\/uus.skamet.ee\/tooted\/bez-kategorii\/otwarty-zbiornik-wodny-wokol-przewodu-dymowego\/"},"modified":"2021-04-05T14:40:58","modified_gmt":"2021-04-05T11:40:58","slug":"otwarty-zbiornik-wodny-wokol-przewodu-dymowego","status":"publish","type":"product","link":"https:\/\/www.skamet.ee\/pl\/tooted\/otwarty-zbiornik-wodny-wokol-przewodu-dymowego\/","title":{"rendered":"Otwarty zbiornik wodny wok\u00f3\u0142 przewodu dymowego"},"content":{"rendered":"<p>Zbiornik na ciep\u0142\u0105 wod\u0119 jest produkowany w jednym rozmiarze:<br \/>\nOtwarty zbiornik do ogrzewania wody zamontowany jest wok\u00f3\u0142 przewodu dymowego, s\u0142u\u017cy do podgrzewania wody do sauny za pomoc\u0105 przewodu dymowego. Opr\u00f3cz standardowych modeli zbiornik\u00f3w oferujemy r\u00f3wnie\u017c modele na zam\u00f3wienie. Szczeg\u00f3\u0142owe informacje znajduj\u0105 si\u0119 w podr\u0119cznikach u\u017cytkownika. Wszystkie wymiary znajduj\u0105 si\u0119 w podr\u0119cznikach u\u017cytkownika.<\/p>\n<p>Standardowe parametry produktu:<br \/>\n\u00bb \u015brednica 30 \u0441m, pojemno\u015b\u0107 zbiornika 25 litr\u00f3w;<br \/>\n\u00bb ca\u0142kowita wysoko\u015b\u0107 wraz z przewodem to 65 cm, zbiornik 41.5 cm;<br \/>\n\u00bb pokrywa;<br \/>\n\u00bb wewn\u0119trzna \u015brednica przewodu kominowego to 115 mm;<br \/>\n\u00bb jedna z\u0142\u0105czka wkr\u0119tna z gwintem m\u0119skim \u00bd cala.<\/p>\n<p>Dodatkowe opcje:<br \/>\n\u00bb wi\u0119ksza lub mniejsza pojemno\u015b\u0107 zbiornika;<br \/>\n\u00bb wi\u0119ksze rozmiary;<br \/>\n\u00bb prostok\u0105tna p\u0142yta;<br \/>\n\u00bb wykonanie ze stali nierdzewnej.<\/p>\n","protected":false},"excerpt":{"rendered":"<p>Zbiornik na ciep\u0142\u0105 wod\u0119 jest produkowany w jednym rozmiarze: Otwarty zbiornik do ogrzewania wody zamontowany jest wok\u00f3\u0142 przewodu dymowego, s\u0142u\u017cy<\/p>\n","protected":false},"featured_media":47702,"template":"","meta":{"_lmt_disableupdate":"","_lmt_disable":""},"product_brand":[],"product_cat":[382],"product_tag":[],"class_list":{"0":"post-42096","1":"product","2":"type-product","3":"status-publish","4":"has-post-thumbnail","6":"product_cat-piece-do-sauny","8":"first","9":"instock","10":"shipping-taxable","11":"product-type-simple"},"yoast_head":"<!-- This site is optimized with the Yoast SEO plugin v27.0 - https:\/\/yoast.com\/product\/yoast-seo-wordpress\/ -->\n<title>Otwarty zbiornik wodny wok\u00f3\u0142 przewodu dymowego - Skamet<\/title>\n<meta name=\"robots\" content=\"index, follow, max-snippet:-1, max-image-preview:large, max-video-preview:-1\" \/>\n<link rel=\"canonical\" href=\"https:\/\/www.skamet.ee\/pl\/tooted\/otwarty-zbiornik-wodny-wokol-przewodu-dymowego\/\" \/>\n<meta property=\"og:locale\" content=\"pl_PL\" \/>\n<meta property=\"og:type\" content=\"article\" \/>\n<meta property=\"og:title\" content=\"Otwarty zbiornik wodny wok\u00f3\u0142 przewodu dymowego - Skamet\" \/>\n<meta property=\"og:description\" content=\"Zbiornik na ciep\u0142\u0105 wod\u0119 jest produkowany w jednym rozmiarze: Otwarty zbiornik do ogrzewania wody zamontowany jest wok\u00f3\u0142 przewodu dymowego, s\u0142u\u017cy\" \/>\n<meta property=\"og:url\" content=\"https:\/\/www.skamet.ee\/pl\/tooted\/otwarty-zbiornik-wodny-wokol-przewodu-dymowego\/\" \/>\n<meta property=\"og:site_name\" content=\"Skamet\" \/>\n<meta property=\"og:image\" content=\"https:\/\/www.skamet.ee\/wp-content\/uploads\/2021\/04\/BOT-25_Valge-scaled.jpg\" \/>\n\t<meta property=\"og:image:width\" content=\"1708\" \/>\n\t<meta property=\"og:image:height\" content=\"2560\" \/>\n\t<meta property=\"og:image:type\" content=\"image\/jpeg\" \/>\n<meta name=\"twitter:card\" content=\"summary_large_image\" \/>\n<meta name=\"twitter:label1\" content=\"Szacowany czas czytania\" \/>\n\t<meta name=\"twitter:data1\" content=\"1 minuta\" \/>\n<script type=\"application\/ld+json\" class=\"yoast-schema-graph\">{\"@context\":\"https:\/\/schema.org\",\"@graph\":[{\"@type\":\"WebPage\",\"@id\":\"https:\/\/www.skamet.ee\/pl\/tooted\/otwarty-zbiornik-wodny-wokol-przewodu-dymowego\/\",\"url\":\"https:\/\/www.skamet.ee\/pl\/tooted\/otwarty-zbiornik-wodny-wokol-przewodu-dymowego\/\",\"name\":\"Otwarty zbiornik wodny wok\u00f3\u0142 przewodu dymowego - Skamet\",\"isPartOf\":{\"@id\":\"https:\/\/www.skamet.ee\/#website\"},\"primaryImageOfPage\":{\"@id\":\"https:\/\/www.skamet.ee\/pl\/tooted\/otwarty-zbiornik-wodny-wokol-przewodu-dymowego\/#primaryimage\"},\"image\":{\"@id\":\"https:\/\/www.skamet.ee\/pl\/tooted\/otwarty-zbiornik-wodny-wokol-przewodu-dymowego\/#primaryimage\"},\"thumbnailUrl\":\"https:\/\/www.skamet.ee\/wp-content\/uploads\/2021\/04\/BOT-25_Valge-scaled.jpg\",\"datePublished\":\"2021-04-05T11:40:58+00:00\",\"breadcrumb\":{\"@id\":\"https:\/\/www.skamet.ee\/pl\/tooted\/otwarty-zbiornik-wodny-wokol-przewodu-dymowego\/#breadcrumb\"},\"inLanguage\":\"pl-PL\",\"potentialAction\":[{\"@type\":\"ReadAction\",\"target\":[\"https:\/\/www.skamet.ee\/pl\/tooted\/otwarty-zbiornik-wodny-wokol-przewodu-dymowego\/\"]}]},{\"@type\":\"ImageObject\",\"inLanguage\":\"pl-PL\",\"@id\":\"https:\/\/www.skamet.ee\/pl\/tooted\/otwarty-zbiornik-wodny-wokol-przewodu-dymowego\/#primaryimage\",\"url\":\"https:\/\/www.skamet.ee\/wp-content\/uploads\/2021\/04\/BOT-25_Valge-scaled.jpg\",\"contentUrl\":\"https:\/\/www.skamet.ee\/wp-content\/uploads\/2021\/04\/BOT-25_Valge-scaled.jpg\",\"width\":1708,\"height\":2560,\"caption\":\"BOT 25 Valge scaled\"},{\"@type\":\"BreadcrumbList\",\"@id\":\"https:\/\/www.skamet.ee\/pl\/tooted\/otwarty-zbiornik-wodny-wokol-przewodu-dymowego\/#breadcrumb\",\"itemListElement\":[{\"@type\":\"ListItem\",\"position\":1,\"name\":\"Home\",\"item\":\"https:\/\/www.skamet.ee\/\"},{\"@type\":\"ListItem\",\"position\":2,\"name\":\"Produkty\",\"item\":\"https:\/\/www.skamet.ee\/pl\/sklep\/\"},{\"@type\":\"ListItem\",\"position\":3,\"name\":\"Otwarty zbiornik wodny wok\u00f3\u0142 przewodu dymowego\"}]},{\"@type\":\"WebSite\",\"@id\":\"https:\/\/www.skamet.ee\/#website\",\"url\":\"https:\/\/www.skamet.ee\/\",\"name\":\"Skamet O\u00dc\",\"description\":\"Efektiivsed puuk\u00fcttega saunaahjud Eesti tootjalt\",\"publisher\":{\"@id\":\"https:\/\/www.skamet.ee\/#organization\"},\"potentialAction\":[{\"@type\":\"SearchAction\",\"target\":{\"@type\":\"EntryPoint\",\"urlTemplate\":\"https:\/\/www.skamet.ee\/?s={search_term_string}\"},\"query-input\":{\"@type\":\"PropertyValueSpecification\",\"valueRequired\":true,\"valueName\":\"search_term_string\"}}],\"inLanguage\":\"pl-PL\"},{\"@type\":\"Organization\",\"@id\":\"https:\/\/www.skamet.ee\/#organization\",\"name\":\"Skamet\",\"url\":\"https:\/\/www.skamet.ee\/\",\"logo\":{\"@type\":\"ImageObject\",\"inLanguage\":\"pl-PL\",\"@id\":\"https:\/\/www.skamet.ee\/#\/schema\/logo\/image\/\",\"url\":\"https:\/\/www.skamet.ee\/wp-content\/uploads\/2024\/02\/logo-pl.jpg\",\"contentUrl\":\"https:\/\/www.skamet.ee\/wp-content\/uploads\/2024\/02\/logo-pl.jpg\",\"width\":300,\"height\":127,\"caption\":\"Skamet\"},\"image\":{\"@id\":\"https:\/\/www.skamet.ee\/#\/schema\/logo\/image\/\"}}]}<\/script>\n<!-- \/ Yoast SEO plugin. -->","yoast_head_json":{"title":"Otwarty zbiornik wodny wok\u00f3\u0142 przewodu dymowego - Skamet","robots":{"index":"index","follow":"follow","max-snippet":"max-snippet:-1","max-image-preview":"max-image-preview:large","max-video-preview":"max-video-preview:-1"},"canonical":"https:\/\/www.skamet.ee\/pl\/tooted\/otwarty-zbiornik-wodny-wokol-przewodu-dymowego\/","og_locale":"pl_PL","og_type":"article","og_title":"Otwarty zbiornik wodny wok\u00f3\u0142 przewodu dymowego - Skamet","og_description":"Zbiornik na ciep\u0142\u0105 wod\u0119 jest produkowany w jednym rozmiarze: Otwarty zbiornik do ogrzewania wody zamontowany jest wok\u00f3\u0142 przewodu dymowego, s\u0142u\u017cy","og_url":"https:\/\/www.skamet.ee\/pl\/tooted\/otwarty-zbiornik-wodny-wokol-przewodu-dymowego\/","og_site_name":"Skamet","og_image":[{"width":1708,"height":2560,"url":"https:\/\/www.skamet.ee\/wp-content\/uploads\/2021\/04\/BOT-25_Valge-scaled.jpg","type":"image\/jpeg"}],"twitter_card":"summary_large_image","twitter_misc":{"Szacowany czas czytania":"1 minuta"},"schema":{"@context":"https:\/\/schema.org","@graph":[{"@type":"WebPage","@id":"https:\/\/www.skamet.ee\/pl\/tooted\/otwarty-zbiornik-wodny-wokol-przewodu-dymowego\/","url":"https:\/\/www.skamet.ee\/pl\/tooted\/otwarty-zbiornik-wodny-wokol-przewodu-dymowego\/","name":"Otwarty zbiornik wodny wok\u00f3\u0142 przewodu dymowego - Skamet","isPartOf":{"@id":"https:\/\/www.skamet.ee\/#website"},"primaryImageOfPage":{"@id":"https:\/\/www.skamet.ee\/pl\/tooted\/otwarty-zbiornik-wodny-wokol-przewodu-dymowego\/#primaryimage"},"image":{"@id":"https:\/\/www.skamet.ee\/pl\/tooted\/otwarty-zbiornik-wodny-wokol-przewodu-dymowego\/#primaryimage"},"thumbnailUrl":"https:\/\/www.skamet.ee\/wp-content\/uploads\/2021\/04\/BOT-25_Valge-scaled.jpg","datePublished":"2021-04-05T11:40:58+00:00","breadcrumb":{"@id":"https:\/\/www.skamet.ee\/pl\/tooted\/otwarty-zbiornik-wodny-wokol-przewodu-dymowego\/#breadcrumb"},"inLanguage":"pl-PL","potentialAction":[{"@type":"ReadAction","target":["https:\/\/www.skamet.ee\/pl\/tooted\/otwarty-zbiornik-wodny-wokol-przewodu-dymowego\/"]}]},{"@type":"ImageObject","inLanguage":"pl-PL","@id":"https:\/\/www.skamet.ee\/pl\/tooted\/otwarty-zbiornik-wodny-wokol-przewodu-dymowego\/#primaryimage","url":"https:\/\/www.skamet.ee\/wp-content\/uploads\/2021\/04\/BOT-25_Valge-scaled.jpg","contentUrl":"https:\/\/www.skamet.ee\/wp-content\/uploads\/2021\/04\/BOT-25_Valge-scaled.jpg","width":1708,"height":2560,"caption":"BOT 25 Valge scaled"},{"@type":"BreadcrumbList","@id":"https:\/\/www.skamet.ee\/pl\/tooted\/otwarty-zbiornik-wodny-wokol-przewodu-dymowego\/#breadcrumb","itemListElement":[{"@type":"ListItem","position":1,"name":"Home","item":"https:\/\/www.skamet.ee\/"},{"@type":"ListItem","position":2,"name":"Produkty","item":"https:\/\/www.skamet.ee\/pl\/sklep\/"},{"@type":"ListItem","position":3,"name":"Otwarty zbiornik wodny wok\u00f3\u0142 przewodu dymowego"}]},{"@type":"WebSite","@id":"https:\/\/www.skamet.ee\/#website","url":"https:\/\/www.skamet.ee\/","name":"Skamet O\u00dc","description":"Efektiivsed puuk\u00fcttega saunaahjud Eesti tootjalt","publisher":{"@id":"https:\/\/www.skamet.ee\/#organization"},"potentialAction":[{"@type":"SearchAction","target":{"@type":"EntryPoint","urlTemplate":"https:\/\/www.skamet.ee\/?s={search_term_string}"},"query-input":{"@type":"PropertyValueSpecification","valueRequired":true,"valueName":"search_term_string"}}],"inLanguage":"pl-PL"},{"@type":"Organization","@id":"https:\/\/www.skamet.ee\/#organization","name":"Skamet","url":"https:\/\/www.skamet.ee\/","logo":{"@type":"ImageObject","inLanguage":"pl-PL","@id":"https:\/\/www.skamet.ee\/#\/schema\/logo\/image\/","url":"https:\/\/www.skamet.ee\/wp-content\/uploads\/2024\/02\/logo-pl.jpg","contentUrl":"https:\/\/www.skamet.ee\/wp-content\/uploads\/2024\/02\/logo-pl.jpg","width":300,"height":127,"caption":"Skamet"},"image":{"@id":"https:\/\/www.skamet.ee\/#\/schema\/logo\/image\/"}}]}},"_links":{"self":[{"href":"https:\/\/www.skamet.ee\/pl\/wp-json\/wp\/v2\/product\/42096","targetHints":{"allow":["GET"]}}],"collection":[{"href":"https:\/\/www.skamet.ee\/pl\/wp-json\/wp\/v2\/product"}],"about":[{"href":"https:\/\/www.skamet.ee\/pl\/wp-json\/wp\/v2\/types\/product"}],"version-history":[{"count":0,"href":"https:\/\/www.skamet.ee\/pl\/wp-json\/wp\/v2\/product\/42096\/revisions"}],"wp:featuredmedia":[{"embeddable":true,"href":"https:\/\/www.skamet.ee\/pl\/wp-json\/wp\/v2\/media\/47702"}],"wp:attachment":[{"href":"https:\/\/www.skamet.ee\/pl\/wp-json\/wp\/v2\/media?parent=42096"}],"wp:term":[{"taxonomy":"product_brand","embeddable":true,"href":"https:\/\/www.skamet.ee\/pl\/wp-json\/wp\/v2\/product_brand?post=42096"},{"taxonomy":"product_cat","embeddable":true,"href":"https:\/\/www.skamet.ee\/pl\/wp-json\/wp\/v2\/product_cat?post=42096"},{"taxonomy":"product_tag","embeddable":true,"href":"https:\/\/www.skamet.ee\/pl\/wp-json\/wp\/v2\/product_tag?post=42096"}],"curies":[{"name":"wp","href":"https:\/\/api.w.org\/{rel}","templated":true}]}}