{"id":42375,"date":"2021-03-11T11:28:01","date_gmt":"2021-03-11T09:28:01","guid":{"rendered":"https:\/\/uus.skamet.ee\/tooted\/bez-kategorii\/piec-do-sauny-z-metalowa-obudowa-2\/"},"modified":"2021-03-11T11:28:01","modified_gmt":"2021-03-11T09:28:01","slug":"piec-do-sauny-z-metalowa-obudowa-2","status":"publish","type":"product","link":"https:\/\/www.skamet.ee\/pl\/tooted\/piec-do-sauny-z-metalowa-obudowa-2\/","title":{"rendered":"Piec do sauny z metalow\u0105 obudow\u0105"},"content":{"rendered":"<p>Piece z metalow\u0105 obudow\u0105 by\u0142y produkowane w P\u00e4rnu od 1990 roku. Wcze\u015bniej one by\u0142y produkowane w HARMA Metall. Od 2006 roku piece te produkuje firma SKAMET. Je\u015bli piec b\u0119dzie wybrany prawid\u0142owo \u2013 zgodnie z rozmiarem sauny i innych parametr\u00f3w (bez pojemnika z wod\u0105), czas ogrzewania wyniesie ok. 30-45 min. (model z pojemnikiem wodnym wymaga wi\u0119cej czasu na ogrzanie, w zale\u017cno\u015bci od rozmiaru pojemnika). Czas ten b\u0119dzie wystarczaj\u0105cy dla nagrzania sauny do 100 stopni. Dost\u0119p \u015bwie\u017cego powietrza i wyj\u015bcie zu\u017cytego s\u0105 r\u00f3wnie\u017c bardzo istotne.<\/p>\n","protected":false},"excerpt":{"rendered":"<p>Piece z metalow\u0105 obudow\u0105 by\u0142y produkowane w P\u00e4rnu od 1990 roku. Wcze\u015bniej one by\u0142y produkowane w HARMA Metall. Od 2006<\/p>\n","protected":false},"featured_media":39511,"template":"","meta":{"_lmt_disableupdate":"","_lmt_disable":""},"product_brand":[],"product_cat":[308,382],"product_tag":[],"class_list":{"0":"post-42375","1":"product","2":"type-product","3":"status-publish","4":"has-post-thumbnail","6":"product_cat-toisesta-tilasta-lammitettavat","7":"product_cat-piece-do-sauny","8":"pa_ahju-korgus-73-cm-pl","9":"pa_ahju-korgus-81-cm-pl","10":"pa_ahju-laius-43-cm-pl","11":"pa_ahju-sugavus-51-cm-pl","12":"pa_kivide-hulk-40-kg-pl","13":"pa_kivide-hulk-50-kg-pl","14":"pa_koetav-ruumala-16-m-25-m-pl","15":"pa_koetav-ruumala-8-m-18-m-pl","16":"pa_mudel-p-116-pl","17":"pa_mudel-p-120-pl","19":"first","20":"instock","21":"shipping-taxable","22":"product-type-simple"},"yoast_head":"<!-- This site is optimized with the Yoast SEO plugin v27.0 - https:\/\/yoast.com\/product\/yoast-seo-wordpress\/ -->\n<title>Piec do sauny z metalow\u0105 obudow\u0105 - Skamet<\/title>\n<meta name=\"robots\" content=\"index, follow, max-snippet:-1, max-image-preview:large, max-video-preview:-1\" \/>\n<link rel=\"canonical\" href=\"https:\/\/www.skamet.ee\/pl\/tooted\/piec-do-sauny-z-metalowa-obudowa-2\/\" \/>\n<meta property=\"og:locale\" content=\"pl_PL\" \/>\n<meta property=\"og:type\" content=\"article\" \/>\n<meta property=\"og:title\" content=\"Piec do sauny z metalow\u0105 obudow\u0105 - Skamet\" \/>\n<meta property=\"og:description\" content=\"Piece z metalow\u0105 obudow\u0105 by\u0142y produkowane w P\u00e4rnu od 1990 roku. Wcze\u015bniej one by\u0142y produkowane w HARMA Metall. Od 2006\" \/>\n<meta property=\"og:url\" content=\"https:\/\/www.skamet.ee\/pl\/tooted\/piec-do-sauny-z-metalowa-obudowa-2\/\" \/>\n<meta property=\"og:site_name\" content=\"Skamet\" \/>\n<meta property=\"og:image\" content=\"https:\/\/www.skamet.ee\/wp-content\/uploads\/2021\/03\/P-116P-120-e1615455292633.jpg\" \/>\n\t<meta property=\"og:image:width\" content=\"1024\" \/>\n\t<meta property=\"og:image:height\" content=\"993\" \/>\n\t<meta property=\"og:image:type\" content=\"image\/jpeg\" \/>\n<meta name=\"twitter:card\" content=\"summary_large_image\" \/>\n<script type=\"application\/ld+json\" class=\"yoast-schema-graph\">{\"@context\":\"https:\/\/schema.org\",\"@graph\":[{\"@type\":\"WebPage\",\"@id\":\"https:\/\/www.skamet.ee\/pl\/tooted\/piec-do-sauny-z-metalowa-obudowa-2\/\",\"url\":\"https:\/\/www.skamet.ee\/pl\/tooted\/piec-do-sauny-z-metalowa-obudowa-2\/\",\"name\":\"Piec do sauny z metalow\u0105 obudow\u0105 - Skamet\",\"isPartOf\":{\"@id\":\"https:\/\/www.skamet.ee\/#website\"},\"primaryImageOfPage\":{\"@id\":\"https:\/\/www.skamet.ee\/pl\/tooted\/piec-do-sauny-z-metalowa-obudowa-2\/#primaryimage\"},\"image\":{\"@id\":\"https:\/\/www.skamet.ee\/pl\/tooted\/piec-do-sauny-z-metalowa-obudowa-2\/#primaryimage\"},\"thumbnailUrl\":\"https:\/\/www.skamet.ee\/wp-content\/uploads\/2021\/03\/P-116P-120-e1615455292633.jpg\",\"datePublished\":\"2021-03-11T09:28:01+00:00\",\"breadcrumb\":{\"@id\":\"https:\/\/www.skamet.ee\/pl\/tooted\/piec-do-sauny-z-metalowa-obudowa-2\/#breadcrumb\"},\"inLanguage\":\"pl-PL\",\"potentialAction\":[{\"@type\":\"ReadAction\",\"target\":[\"https:\/\/www.skamet.ee\/pl\/tooted\/piec-do-sauny-z-metalowa-obudowa-2\/\"]}]},{\"@type\":\"ImageObject\",\"inLanguage\":\"pl-PL\",\"@id\":\"https:\/\/www.skamet.ee\/pl\/tooted\/piec-do-sauny-z-metalowa-obudowa-2\/#primaryimage\",\"url\":\"https:\/\/www.skamet.ee\/wp-content\/uploads\/2021\/03\/P-116P-120-e1615455292633.jpg\",\"contentUrl\":\"https:\/\/www.skamet.ee\/wp-content\/uploads\/2021\/03\/P-116P-120-e1615455292633.jpg\",\"width\":1024,\"height\":993,\"caption\":\"P 116P 120 e1615455292633\"},{\"@type\":\"BreadcrumbList\",\"@id\":\"https:\/\/www.skamet.ee\/pl\/tooted\/piec-do-sauny-z-metalowa-obudowa-2\/#breadcrumb\",\"itemListElement\":[{\"@type\":\"ListItem\",\"position\":1,\"name\":\"Home\",\"item\":\"https:\/\/www.skamet.ee\/\"},{\"@type\":\"ListItem\",\"position\":2,\"name\":\"Produkty\",\"item\":\"https:\/\/www.skamet.ee\/pl\/sklep\/\"},{\"@type\":\"ListItem\",\"position\":3,\"name\":\"Piec do sauny z metalow\u0105 obudow\u0105\"}]},{\"@type\":\"WebSite\",\"@id\":\"https:\/\/www.skamet.ee\/#website\",\"url\":\"https:\/\/www.skamet.ee\/\",\"name\":\"Skamet O\u00dc\",\"description\":\"Efektiivsed puuk\u00fcttega saunaahjud Eesti tootjalt\",\"publisher\":{\"@id\":\"https:\/\/www.skamet.ee\/#organization\"},\"potentialAction\":[{\"@type\":\"SearchAction\",\"target\":{\"@type\":\"EntryPoint\",\"urlTemplate\":\"https:\/\/www.skamet.ee\/?s={search_term_string}\"},\"query-input\":{\"@type\":\"PropertyValueSpecification\",\"valueRequired\":true,\"valueName\":\"search_term_string\"}}],\"inLanguage\":\"pl-PL\"},{\"@type\":\"Organization\",\"@id\":\"https:\/\/www.skamet.ee\/#organization\",\"name\":\"Skamet\",\"url\":\"https:\/\/www.skamet.ee\/\",\"logo\":{\"@type\":\"ImageObject\",\"inLanguage\":\"pl-PL\",\"@id\":\"https:\/\/www.skamet.ee\/#\/schema\/logo\/image\/\",\"url\":\"https:\/\/www.skamet.ee\/wp-content\/uploads\/2024\/02\/logo-pl.jpg\",\"contentUrl\":\"https:\/\/www.skamet.ee\/wp-content\/uploads\/2024\/02\/logo-pl.jpg\",\"width\":300,\"height\":127,\"caption\":\"Skamet\"},\"image\":{\"@id\":\"https:\/\/www.skamet.ee\/#\/schema\/logo\/image\/\"}}]}<\/script>\n<!-- \/ Yoast SEO plugin. -->","yoast_head_json":{"title":"Piec do sauny z metalow\u0105 obudow\u0105 - Skamet","robots":{"index":"index","follow":"follow","max-snippet":"max-snippet:-1","max-image-preview":"max-image-preview:large","max-video-preview":"max-video-preview:-1"},"canonical":"https:\/\/www.skamet.ee\/pl\/tooted\/piec-do-sauny-z-metalowa-obudowa-2\/","og_locale":"pl_PL","og_type":"article","og_title":"Piec do sauny z metalow\u0105 obudow\u0105 - Skamet","og_description":"Piece z metalow\u0105 obudow\u0105 by\u0142y produkowane w P\u00e4rnu od 1990 roku. Wcze\u015bniej one by\u0142y produkowane w HARMA Metall. Od 2006","og_url":"https:\/\/www.skamet.ee\/pl\/tooted\/piec-do-sauny-z-metalowa-obudowa-2\/","og_site_name":"Skamet","og_image":[{"width":1024,"height":993,"url":"https:\/\/www.skamet.ee\/wp-content\/uploads\/2021\/03\/P-116P-120-e1615455292633.jpg","type":"image\/jpeg"}],"twitter_card":"summary_large_image","schema":{"@context":"https:\/\/schema.org","@graph":[{"@type":"WebPage","@id":"https:\/\/www.skamet.ee\/pl\/tooted\/piec-do-sauny-z-metalowa-obudowa-2\/","url":"https:\/\/www.skamet.ee\/pl\/tooted\/piec-do-sauny-z-metalowa-obudowa-2\/","name":"Piec do sauny z metalow\u0105 obudow\u0105 - Skamet","isPartOf":{"@id":"https:\/\/www.skamet.ee\/#website"},"primaryImageOfPage":{"@id":"https:\/\/www.skamet.ee\/pl\/tooted\/piec-do-sauny-z-metalowa-obudowa-2\/#primaryimage"},"image":{"@id":"https:\/\/www.skamet.ee\/pl\/tooted\/piec-do-sauny-z-metalowa-obudowa-2\/#primaryimage"},"thumbnailUrl":"https:\/\/www.skamet.ee\/wp-content\/uploads\/2021\/03\/P-116P-120-e1615455292633.jpg","datePublished":"2021-03-11T09:28:01+00:00","breadcrumb":{"@id":"https:\/\/www.skamet.ee\/pl\/tooted\/piec-do-sauny-z-metalowa-obudowa-2\/#breadcrumb"},"inLanguage":"pl-PL","potentialAction":[{"@type":"ReadAction","target":["https:\/\/www.skamet.ee\/pl\/tooted\/piec-do-sauny-z-metalowa-obudowa-2\/"]}]},{"@type":"ImageObject","inLanguage":"pl-PL","@id":"https:\/\/www.skamet.ee\/pl\/tooted\/piec-do-sauny-z-metalowa-obudowa-2\/#primaryimage","url":"https:\/\/www.skamet.ee\/wp-content\/uploads\/2021\/03\/P-116P-120-e1615455292633.jpg","contentUrl":"https:\/\/www.skamet.ee\/wp-content\/uploads\/2021\/03\/P-116P-120-e1615455292633.jpg","width":1024,"height":993,"caption":"P 116P 120 e1615455292633"},{"@type":"BreadcrumbList","@id":"https:\/\/www.skamet.ee\/pl\/tooted\/piec-do-sauny-z-metalowa-obudowa-2\/#breadcrumb","itemListElement":[{"@type":"ListItem","position":1,"name":"Home","item":"https:\/\/www.skamet.ee\/"},{"@type":"ListItem","position":2,"name":"Produkty","item":"https:\/\/www.skamet.ee\/pl\/sklep\/"},{"@type":"ListItem","position":3,"name":"Piec do sauny z metalow\u0105 obudow\u0105"}]},{"@type":"WebSite","@id":"https:\/\/www.skamet.ee\/#website","url":"https:\/\/www.skamet.ee\/","name":"Skamet O\u00dc","description":"Efektiivsed puuk\u00fcttega saunaahjud Eesti tootjalt","publisher":{"@id":"https:\/\/www.skamet.ee\/#organization"},"potentialAction":[{"@type":"SearchAction","target":{"@type":"EntryPoint","urlTemplate":"https:\/\/www.skamet.ee\/?s={search_term_string}"},"query-input":{"@type":"PropertyValueSpecification","valueRequired":true,"valueName":"search_term_string"}}],"inLanguage":"pl-PL"},{"@type":"Organization","@id":"https:\/\/www.skamet.ee\/#organization","name":"Skamet","url":"https:\/\/www.skamet.ee\/","logo":{"@type":"ImageObject","inLanguage":"pl-PL","@id":"https:\/\/www.skamet.ee\/#\/schema\/logo\/image\/","url":"https:\/\/www.skamet.ee\/wp-content\/uploads\/2024\/02\/logo-pl.jpg","contentUrl":"https:\/\/www.skamet.ee\/wp-content\/uploads\/2024\/02\/logo-pl.jpg","width":300,"height":127,"caption":"Skamet"},"image":{"@id":"https:\/\/www.skamet.ee\/#\/schema\/logo\/image\/"}}]}},"_links":{"self":[{"href":"https:\/\/www.skamet.ee\/pl\/wp-json\/wp\/v2\/product\/42375","targetHints":{"allow":["GET"]}}],"collection":[{"href":"https:\/\/www.skamet.ee\/pl\/wp-json\/wp\/v2\/product"}],"about":[{"href":"https:\/\/www.skamet.ee\/pl\/wp-json\/wp\/v2\/types\/product"}],"version-history":[{"count":0,"href":"https:\/\/www.skamet.ee\/pl\/wp-json\/wp\/v2\/product\/42375\/revisions"}],"wp:featuredmedia":[{"embeddable":true,"href":"https:\/\/www.skamet.ee\/pl\/wp-json\/wp\/v2\/media\/39511"}],"wp:attachment":[{"href":"https:\/\/www.skamet.ee\/pl\/wp-json\/wp\/v2\/media?parent=42375"}],"wp:term":[{"taxonomy":"product_brand","embeddable":true,"href":"https:\/\/www.skamet.ee\/pl\/wp-json\/wp\/v2\/product_brand?post=42375"},{"taxonomy":"product_cat","embeddable":true,"href":"https:\/\/www.skamet.ee\/pl\/wp-json\/wp\/v2\/product_cat?post=42375"},{"taxonomy":"product_tag","embeddable":true,"href":"https:\/\/www.skamet.ee\/pl\/wp-json\/wp\/v2\/product_tag?post=42375"}],"curies":[{"name":"wp","href":"https:\/\/api.w.org\/{rel}","templated":true}]}}